{"id":3119,"date":"2025-01-05T02:26:27","date_gmt":"2025-01-05T02:26:27","guid":{"rendered":"https:\/\/fmp-components.com\/?page_id=8"},"modified":"2025-01-05T02:26:27","modified_gmt":"2025-01-05T02:26:27","slug":"grain-transportation-gearbox-fmp-1002-for-agricultural-grain-transportation","status":"publish","type":"product","link":"https:\/\/fmp-components.com\/sk\/product\/grain-transportation-gearbox-fmp-1002-for-agricultural-grain-transportation\/","title":{"rendered":"Prevodovka na prepravu obilia FMP-1002 pre prepravu po\u013enohospod\u00e1rskeho obilia"},"content":{"rendered":"<h2>\u0160pecifik\u00e1cie prevodovky na prepravu obilia FMP-1002<\/h2>\n<table border=\"1\" width=\"100%\" cellspacing=\"0\" cellpadding=\"0\">\n<tbody>\n<tr>\n<td>N\u00e1zov produktu<\/td>\n<td>Prevodovka na prepravu obilia<\/td>\n<\/tr>\n<tr>\n<td>Model<\/td>\n<td>EP-1002<\/td>\n<\/tr>\n<tr>\n<td>Farba<\/td>\n<td>Prisp\u00f4sobenie<\/td>\n<\/tr>\n<tr>\n<td>Materi\u00e1l<\/td>\n<td>HT250 pre teleso, 20CrMnTi pre hriade\u013e prevodovky.<\/td>\n<\/tr>\n<tr>\n<td>Pou\u017eit\u00e9<\/td>\n<td>Preprava obilia<\/td>\n<\/tr>\n<\/tbody>\n<\/table>\n<h2>K\u013e\u00fa\u010dov\u00e9 komponenty prevodovky na prepravu obilia FMP-1002<\/h2>\n<p>Prevodovka na prepravu obilia FMP-1002 je navrhnut\u00e1 tak, aby poskytovala optim\u00e1lny v\u00fdkon pre syst\u00e9my prepravy obilia, ako s\u00fa dopravn\u00edky a \u0161neky. Medzi k\u013e\u00fa\u010dov\u00e9 komponenty tejto prevodovky patria:<\/p>\n<p><strong>1. B\u00fdvanie:<\/strong><\/p>\n<ul>\n<li>Materi\u00e1l: Kryt, zvy\u010dajne vyroben\u00fd z vysoko kvalitnej liatiny alebo odoln\u00fdch zliatin, sl\u00fa\u017ei ako hlavn\u00fd ochrann\u00fd kryt pre vn\u00fatorn\u00e9 komponenty.<\/li>\n<li>Funkcia: Poskytuje \u0161truktur\u00e1lnu oporu a ochranu pred vonkaj\u0161\u00edm opotreben\u00edm a z\u00e1rove\u0148 zabezpe\u010duje spr\u00e1vne zarovnanie vn\u00fatorn\u00fdch ozuben\u00fdch kolies.<\/li>\n<\/ul>\n<p><strong>2. Prevodov\u00e9 stupne:<\/strong><\/p>\n<ul>\n<li>\u0160pir\u00e1lov\u00e9 ozuben\u00e9 koles\u00e1: \u0160pir\u00e1lov\u00e9 ozuben\u00e9 koles\u00e1, be\u017ene pou\u017e\u00edvan\u00e9 pre svoju \u00fa\u010dinnos\u0165 a tich\u0161\u00ed chod, pon\u00fakaj\u00fa plynulej\u0161ie prechody medzi zubami, \u010d\u00edm zni\u017euj\u00fa hluk a zlep\u0161uj\u00fa celkov\u00fd v\u00fdkon prevodovky.<\/li>\n<li>Ku\u017ee\u013eov\u00e9 ozuben\u00e9 koles\u00e1: Ku\u017ee\u013eov\u00e9 ozuben\u00e9 koles\u00e1, ktor\u00e9 sa v niektor\u00fdch kon\u0161trukci\u00e1ch pou\u017e\u00edvaj\u00fa na zmenu smeru toku energie, umo\u017e\u0148uj\u00fa prevodovke fungova\u0165 pod uhlom, \u010do umo\u017e\u0148uje v\u0161estrann\u00e9 aplik\u00e1cie.<\/li>\n<li>Materi\u00e1l: Ozuben\u00e9 koles\u00e1 s\u00fa \u010dasto vyroben\u00e9 z kalenej ocele alebo in\u00fdch odoln\u00fdch materi\u00e1lov, aby odolali vysok\u00e9mu kr\u00fatiacemu momentu a mechanick\u00e9mu nam\u00e1haniu, ktor\u00e9mu doch\u00e1dza po\u010das prev\u00e1dzky.<\/li>\n<\/ul>\n<p><strong>3. Hriadele:<\/strong><\/p>\n<ul>\n<li>Vstupn\u00e9 a v\u00fdstupn\u00e9 hriadele: Tieto hriadele s\u00fa prim\u00e1rnym mechanick\u00fdm spojen\u00edm medzi motorom, prevodovkou a syst\u00e9mom prepravy obilia.<\/li>\n<li>Materi\u00e1l: Kalen\u00e9 oce\u013eov\u00e9 hriadele zais\u0165uj\u00fa pevnos\u0165 a dlh\u00fa \u017eivotnos\u0165 aj pri vysokom za\u0165a\u017een\u00ed.<\/li>\n<\/ul>\n<p><strong>4. Lo\u017eisk\u00e1:<\/strong><\/p>\n<ul>\n<li>Valiv\u00e9 lo\u017eisk\u00e1 alebo gu\u013ekov\u00e9 lo\u017eisk\u00e1: Lo\u017eisk\u00e1 zni\u017euj\u00fa trenie medzi rotuj\u00facimi \u010das\u0165ami, \u010d\u00edm zabezpe\u010duj\u00fa plynul\u00fd chod a minimalizuj\u00fa opotrebenie.<\/li>\n<li>Funkcia: Lo\u017eisk\u00e1 podopieraj\u00fa rotuj\u00face komponenty, \u010do umo\u017e\u0148uje ozuben\u00fdm koles\u00e1m a hriade\u013eom vo\u013en\u00e9 a efekt\u00edvne ot\u00e1\u010danie a z\u00e1rove\u0148 zachov\u00e1vaj\u00fa spr\u00e1vne zarovnanie.<\/li>\n<\/ul>\n<p><strong>5. Tesnenia a tesnenia:<\/strong><\/p>\n<ul>\n<li>Funkcia: Zabra\u0148uj\u00fa \u00faniku maziva a chr\u00e1nia vn\u00fatorn\u00e9 komponenty pred kontaminantmi, ako s\u00fa prach, ne\u010distoty a vlhkos\u0165. Tesnenia pom\u00e1haj\u00fa udr\u017eiava\u0165 \u00fa\u010dinnos\u0165 prevodovky a zabra\u0148uj\u00fa pred\u010dasn\u00e9mu opotrebovaniu.<\/li>\n<\/ul>\n<p>Kombin\u00e1ciou t\u00fdchto komponentov poskytuje prevodovka na prepravu obilia FMP-1002 spo\u013eahliv\u00fd a efekt\u00edvny prenos v\u00fdkonu pre syst\u00e9my prepravy obilia, \u010d\u00edm zais\u0165uje plynul\u00fd a konzistentn\u00fd chod aj pri ve\u013ekom za\u0165a\u017een\u00ed.<\/p>\n<h2><img loading=\"lazy\" decoding=\"async\" class=\"alignnone size-full wp-image-3120\" src=\"https:\/\/fmp-components.com\/wp-content\/uploads\/2025\/01\/Grain-Transportation-Gearbox-3.webp\" alt=\"Prevodovka na prepravu obilia 3\" width=\"1534\" height=\"1286\" title=\"\" srcset=\"https:\/\/fmp-components.com\/wp-content\/uploads\/2025\/01\/Grain-Transportation-Gearbox-3.webp 1534w, https:\/\/fmp-components.com\/wp-content\/uploads\/2025\/01\/Grain-Transportation-Gearbox-3-1280x1073.webp 1280w, https:\/\/fmp-components.com\/wp-content\/uploads\/2025\/01\/Grain-Transportation-Gearbox-3-980x822.webp 980w, https:\/\/fmp-components.com\/wp-content\/uploads\/2025\/01\/Grain-Transportation-Gearbox-3-480x402.webp 480w\" sizes=\"(min-width: 0px) and (max-width: 480px) 480px, (min-width: 481px) and (max-width: 980px) 980px, (min-width: 981px) and (max-width: 1280px) 1280px, (min-width: 1281px) 1534px, 100vw\" \/>\u00a0Aplik\u00e1cie prevodovky na prepravu obilia FMP-1002<\/h2>\n<p>Prevodovka na prepravu obilia FMP-1002 je navrhnut\u00e1 pre optim\u00e1lny v\u00fdkon v r\u00f4znych po\u013enohospod\u00e1rskych a priemyseln\u00fdch aplik\u00e1ci\u00e1ch, kde sa prepravuje obilie a in\u00e9 sypk\u00e9 materi\u00e1ly. V\u010faka spo\u013eahliv\u00e9mu prenosu v\u00fdkonu a odolnosti je ide\u00e1lna pre nasleduj\u00face k\u013e\u00fa\u010dov\u00e9 aplik\u00e1cie:<\/p>\n<p><strong>1. Obiln\u00e9 sil\u00e1<\/strong><\/p>\n<ul>\n<li>Pou\u017eitie: Pou\u017e\u00edva sa v obiln\u00fdch sil\u00e1ch na zdv\u00edhanie a premiest\u0148ovanie obilia z jednej \u00farovne na druh\u00fa.<\/li>\n<li>\u00daloha: Prevodovka pren\u00e1\u0161a v\u00fdkon z motora do dopravn\u00edkov\u00e9ho syst\u00e9mu elev\u00e1tora, \u010do umo\u017e\u0148uje vertik\u00e1lnu prepravu obilia v r\u00e1mci skladovac\u00edch alebo spracovate\u013esk\u00fdch zariaden\u00ed.<\/li>\n<\/ul>\n<p><strong>2. Dopravn\u00edkov\u00e9 syst\u00e9my<\/strong><\/p>\n<ul>\n<li>Pou\u017eitie: Prevodovky na prepravu obilia s\u00fa nevyhnutn\u00e9 v dopravn\u00edkov\u00fdch syst\u00e9moch, ktor\u00e9 sa be\u017ene pou\u017e\u00edvaj\u00fa na prepravu obilia na ve\u013ek\u00e9 vzdialenosti v r\u00e1mci spracovate\u013esk\u00fdch z\u00e1vodov, s\u00edl alebo skladovac\u00edch priestorov.<\/li>\n<li>\u00daloha: Prevodovka poh\u00e1\u0148a dopravn\u00fd p\u00e1s a zabezpe\u010duje plynul\u00fd a konzistentn\u00fd pohyb obilia na r\u00f4zne vzdialenosti a cez r\u00f4zne f\u00e1zy spracovania.<\/li>\n<\/ul>\n<p><strong>3. \u0160nekov\u00e9 a z\u00e1vitovkov\u00e9 dopravn\u00edky<\/strong><\/p>\n<ul>\n<li>Pou\u017eitie: Pou\u017e\u00edva sa v z\u00e1vitovkov\u00fdch a z\u00e1vitovkov\u00fdch dopravn\u00edkoch na efekt\u00edvne premiest\u0148ovanie obilia a in\u00fdch sypk\u00fdch materi\u00e1lov v po\u013enohospod\u00e1rstve a priemysle.<\/li>\n<li>\u00daloha: Prevodovka poh\u00e1\u0148a z\u00e1vitovkov\u00fd mechanizmus, \u010do umo\u017e\u0148uje prepravu obilia z jedn\u00e9ho kontajnera do druh\u00e9ho alebo medzi r\u00f4znymi f\u00e1zami spracovate\u013eskej linky.<\/li>\n<\/ul>\n<p><strong>4. Zariadenia na zber obilia<\/strong><\/p>\n<ul>\n<li>Pou\u017eitie: Prevodovka, integrovan\u00e1 do kombajnov a in\u00fdch strojov na zber obilia, u\u013eah\u010duje presun zozbieran\u00e9ho obilia zo zbern\u00e9ho priestoru do skladovacieho priestoru alebo z\u00e1sobn\u00edka.<\/li>\n<li>\u00daloha: Prevodovka pom\u00e1ha poh\u00e1\u0148a\u0165 dopravn\u00edky, z\u00e1vitovky alebo in\u00e9 komponenty na prepravu obilia v kombajne, \u010d\u00edm zabezpe\u010duje r\u00fdchle a efekt\u00edvne vykladanie obilia.<\/li>\n<\/ul>\n<p><strong>5. Syst\u00e9my skladovania obilia<\/strong><\/p>\n<ul>\n<li>Pou\u017eitie: Pou\u017e\u00edva sa v syst\u00e9moch skladovania obilia, najm\u00e4 na prepravu obilia do s\u00edl alebo skladovac\u00edch z\u00e1sobn\u00edkov.<\/li>\n<li>\u00daloha: Prevodovka poh\u00e1\u0148a dopravn\u00edky alebo z\u00e1vitovkov\u00e9 syst\u00e9my, \u010d\u00edm zabezpe\u010duje plynul\u00fd presun a skladovanie obilia v zariaden\u00ed.<\/li>\n<\/ul>\n<p>Prevodovka na prepravu obilia FMP-1002 je v\u0161estrann\u00fd a efekt\u00edvny komponent \u0161iroko pou\u017e\u00edvan\u00fd v po\u013enohospod\u00e1rskom sektore, ktor\u00fd zabezpe\u010duje plynul\u00fa, konzistentn\u00fa a spo\u013eahliv\u00fa prepravu obilia a sypk\u00fdch materi\u00e1lov v r\u00f4znych syst\u00e9moch.<\/p>\n<p><img loading=\"lazy\" decoding=\"async\" class=\"alignnone size-full wp-image-3096\" src=\"https:\/\/fmp-components.com\/wp-content\/uploads\/2025\/01\/Grain-Storage-Gearbox-28.webp\" alt=\"Prevodovka na skladovanie obilia\" width=\"1200\" height=\"950\" title=\"\" srcset=\"https:\/\/fmp-components.com\/wp-content\/uploads\/2025\/01\/Grain-Storage-Gearbox-28.webp 1200w, https:\/\/fmp-components.com\/wp-content\/uploads\/2025\/01\/Grain-Storage-Gearbox-28-980x776.webp 980w, https:\/\/fmp-components.com\/wp-content\/uploads\/2025\/01\/Grain-Storage-Gearbox-28-480x380.webp 480w\" sizes=\"(min-width: 0px) and (max-width: 480px) 480px, (min-width: 481px) and (max-width: 980px) 980px, (min-width: 981px) 1200px, 100vw\" \/><\/p>\n<h3>O FMP<\/h3>\n<p>Spolo\u010dnos\u0165 FMP so s\u00eddlom v Taliansku je popredn\u00fd v\u00fdrobca uzn\u00e1van\u00fd pre svoje odborn\u00e9 znalosti v oblasti navrhovania, v\u00fdvoja a v\u00fdroby vysokov\u00fdkonn\u00fdch prevodoviek s prim\u00e1rnym zameran\u00edm na sektor po\u013enohospod\u00e1rskych strojov. Spolo\u010dnos\u0165 FMP, zn\u00e1ma svojou presnou technikou, inovat\u00edvnymi rie\u0161eniami a konzistentnou spo\u013eahlivos\u0165ou, si vybudovala siln\u00fa reput\u00e1ciu d\u00f4veryhodn\u00e9ho partnera v po\u013enohospod\u00e1rskom aj priemyselnom sektore. Na\u0161e rozmanit\u00e9 portf\u00f3lio zah\u0155\u0148a prevodovky na mieru pre kosa\u010dky na tr\u00e1vu, v\u00fdvodov\u00e9 hriadele a \u0161irok\u00fa \u0161k\u00e1lu \u010fal\u0161\u00edch kritick\u00fdch komponentov, pri\u010dom ka\u017ed\u00fd z nich je starostlivo navrhnut\u00fd tak, aby sp\u013a\u0148al \u0161pecifick\u00e9 po\u017eiadavky r\u00f4znych aplik\u00e1ci\u00ed.<\/p>\n<p>V spolo\u010dnosti FMP si uvedomujeme, \u017ee ka\u017ed\u00fd klient \u010del\u00ed jedine\u010dn\u00fdm v\u00fdzvam. Toto pochopenie je na\u0161ou prioritou poskytova\u0165 rie\u0161enia na mieru, \u010di u\u017e ide o jednotliv\u00e9 komponenty alebo plne integrovan\u00e9 syst\u00e9my. \u00dazkou spolupr\u00e1cou s na\u0161imi klientmi zabezpe\u010dujeme, aby ka\u017ed\u00e9 rie\u0161enie nielen sp\u013a\u0148alo ich \u0161pecifick\u00e9 potreby, ale aj optimalizovalo v\u00fdkon a maximalizovalo hodnotu. Na\u0161e odhodlanie poskytova\u0165 v\u010dasn\u00e9 a profesion\u00e1lne odpovede a odborn\u00e9 poradenstvo zabezpe\u010duje, \u017ee ka\u017ed\u00e1 po\u017eiadavka je spracovan\u00e1 s presnos\u0165ou a konzistentne prin\u00e1\u0161a optim\u00e1lne v\u00fdsledky.<\/p>\n<p>Kladieme ve\u013ek\u00fd d\u00f4raz na transparentn\u00fa a priebe\u017en\u00fa komunik\u00e1ciu po\u010das cel\u00e9ho cyklu v\u00fdvoja produktu. N\u00e1\u0161 \u0161pecializovan\u00fd t\u00edm \u00fazko spolupracuje s klientmi, aby plne pochopil ich po\u017eiadavky a poskytol im cenn\u00e9 poznatky a odpor\u00fa\u010dania na dosiahnutie najlep\u0161\u00edch v\u00fdsledkov. \u010ci u\u017e navrhujeme \u0161pi\u010dkov\u00e9 produkty alebo pln\u00edme be\u017en\u00e9 objedn\u00e1vky, spolo\u010dnos\u0165 FMP sa zav\u00e4zuje dod\u00e1va\u0165 vysokokvalitn\u00e9, prec\u00edzne navrhnut\u00e9 rie\u0161enia v\u010das a v\u017edy. Na\u0161\u00edm cie\u013eom je prekona\u0165 o\u010dak\u00e1vania klientov a poskytova\u0165 v\u00fdnimo\u010dn\u00e9 slu\u017eby a v\u00fdsledky pri ka\u017edom projekte.<\/p>\n<p>Jadrom \u010dinnosti spolo\u010dnosti FMP je neochvejn\u00fd z\u00e1v\u00e4zok ku kvalite. Dodr\u017eiavame najvy\u0161\u0161ie v\u00fdrobn\u00e9 \u0161tandardy a implementujeme pr\u00edsne procesy kontroly kvality, aby sme zabezpe\u010dili, \u017ee ka\u017ed\u00fd produkt nielen sp\u013a\u0148a, ale aj prekon\u00e1va priemyseln\u00e9 \u0161tandardy. Toto neochvejn\u00e9 zameranie na excelentnos\u0165 v kombin\u00e1cii s na\u0161imi z\u00e1kladn\u00fdmi hodnotami integrity, t\u00edmovej pr\u00e1ce a vytrvalosti n\u00e1m umo\u017enilo vybudova\u0165 si dlhodob\u00e9 vz\u0165ahy zalo\u017een\u00e9 na d\u00f4vere s klientmi v takmer 30 krajin\u00e1ch sveta.<\/p>\n<p>V spolo\u010dnosti FMP sa v\u017edy sna\u017e\u00edme rozv\u00edja\u0165 glob\u00e1lne partnerstv\u00e1 t\u00fdm, \u017ee pon\u00fakame odborn\u00e9 poradenstvo a rie\u0161enia na mieru, ktor\u00e9 rie\u0161ia neust\u00e1le sa vyv\u00edjaj\u00face potreby na\u0161ich klientov. Sna\u017e\u00edme sa budova\u0165 dlhodob\u00e9 a vz\u00e1jomne prospe\u0161n\u00e9 vz\u0165ahy, ktor\u00e9 prispievaj\u00fa k \u00faspechu ka\u017ed\u00e9ho projektu. \u010ci u\u017e h\u013ead\u00e1te inovat\u00edvne rie\u0161enia pre nov\u00fa iniciat\u00edvu alebo pokra\u010duj\u00facu podporu pre existuj\u00faci syst\u00e9m, FMP je pripraven\u00e1 v\u00e1m pom\u00f4c\u0165 prekona\u0165 technick\u00e9 v\u00fdzvy a zabezpe\u010di\u0165 v\u00e1\u0161 trval\u00fd \u00faspech.<\/p>\n<p><img loading=\"lazy\" decoding=\"async\" class=\"alignnone wp-image-2695\" src=\"https:\/\/fmp-components.com\/wp-content\/uploads\/2025\/01\/agricultural-gearbox3.webp\" alt=\"po\u013enohospod\u00e1rska prevodovka\" width=\"1140\" height=\"1138\" title=\"\" srcset=\"https:\/\/fmp-components.com\/wp-content\/uploads\/2025\/01\/agricultural-gearbox3.webp 1140w, https:\/\/fmp-components.com\/wp-content\/uploads\/2025\/01\/agricultural-gearbox3-480x479.webp 480w\" sizes=\"(min-width: 0px) and (max-width: 480px) 480px, (min-width: 481px) 1140px, 100vw\" \/><\/p>\n<p>Autor: CX<\/p>\n<p>&nbsp;<\/p>\n<p>&nbsp;<\/p>","protected":false},"excerpt":{"rendered":"<p>Grain Transportation Gearbox FMP-1002 Specifications Product Name Grain transportation gearbox Model EP-1002 Color Customization Material HT250 for housing, 20CrMnTi for gear shaft. Used Grain transportation Key Components of Grain Transportation Gearbox FMP-1002 The Grain Transportation Gearbox FMP-1002 is designed to provide optimal performance for grain transportation systems, such as conveyors and augers. Key components of [&hellip;]<\/p>","protected":false},"featured_media":3121,"comment_status":"open","ping_status":"closed","template":"","meta":{"_et_pb_use_builder":"","_et_pb_old_content":"","_et_gb_content_width":""},"product_brand":[],"product_cat":[74],"product_tag":[],"class_list":{"0":"post-3119","1":"product","2":"type-product","3":"status-publish","4":"has-post-thumbnail","6":"product_cat-grain-transportation-gearbox","8":"first","9":"instock","10":"shipping-taxable","11":"product-type-simple"},"_links":{"self":[{"href":"https:\/\/fmp-components.com\/sk\/wp-json\/wp\/v2\/product\/3119","targetHints":{"allow":["GET"]}}],"collection":[{"href":"https:\/\/fmp-components.com\/sk\/wp-json\/wp\/v2\/product"}],"about":[{"href":"https:\/\/fmp-components.com\/sk\/wp-json\/wp\/v2\/types\/product"}],"replies":[{"embeddable":true,"href":"https:\/\/fmp-components.com\/sk\/wp-json\/wp\/v2\/comments?post=3119"}],"wp:featuredmedia":[{"embeddable":true,"href":"https:\/\/fmp-components.com\/sk\/wp-json\/wp\/v2\/media\/3121"}],"wp:attachment":[{"href":"https:\/\/fmp-components.com\/sk\/wp-json\/wp\/v2\/media?parent=3119"}],"wp:term":[{"taxonomy":"product_brand","embeddable":true,"href":"https:\/\/fmp-components.com\/sk\/wp-json\/wp\/v2\/product_brand?post=3119"},{"taxonomy":"product_cat","embeddable":true,"href":"https:\/\/fmp-components.com\/sk\/wp-json\/wp\/v2\/product_cat?post=3119"},{"taxonomy":"product_tag","embeddable":true,"href":"https:\/\/fmp-components.com\/sk\/wp-json\/wp\/v2\/product_tag?post=3119"}],"curies":[{"name":"pracovn\u00fd list","href":"https:\/\/api.w.org\/{rel}","templated":true}]}}