{"id":3115,"date":"2025-01-05T02:03:05","date_gmt":"2025-01-05T02:03:05","guid":{"rendered":"https:\/\/fmp-components.com\/?page_id=8"},"modified":"2025-01-05T02:03:05","modified_gmt":"2025-01-05T02:03:05","slug":"grain-transportation-gearbox-fmp-2168-for-agricultural-grain-transportation","status":"publish","type":"product","link":"https:\/\/fmp-components.com\/sk\/product\/grain-transportation-gearbox-fmp-2168-for-agricultural-grain-transportation\/","title":{"rendered":"Prevodovka na prepravu obilia FMP-2168 pre prepravu po\u013enohospod\u00e1rskeho obilia"},"content":{"rendered":"<h2>Prevodovka na prepravu obilia FMP-2168 Rozmer<\/h2>\n<p><img loading=\"lazy\" decoding=\"async\" class=\"alignnone size-full wp-image-3117\" src=\"https:\/\/fmp-components.com\/wp-content\/uploads\/2025\/01\/Grain-Transportation-Gearbox-EP-2168-Dimension.webp\" alt=\"Prevodovka na prepravu obilia EP-2168 - Rozmer\" width=\"1031\" height=\"706\" title=\"\" srcset=\"https:\/\/fmp-components.com\/wp-content\/uploads\/2025\/01\/Grain-Transportation-Gearbox-EP-2168-Dimension.webp 1031w, https:\/\/fmp-components.com\/wp-content\/uploads\/2025\/01\/Grain-Transportation-Gearbox-EP-2168-Dimension-980x671.webp 980w, https:\/\/fmp-components.com\/wp-content\/uploads\/2025\/01\/Grain-Transportation-Gearbox-EP-2168-Dimension-480x329.webp 480w\" sizes=\"(min-width: 0px) and (max-width: 480px) 480px, (min-width: 481px) and (max-width: 980px) 980px, (min-width: 981px) 1031px, 100vw\" \/><\/p>\n<h2>\u0160pecifik\u00e1cie prevodovky na prepravu obilia FMP-2168<\/h2>\n<table style=\"width: 96.0108%; height: 218px;\" border=\"1\" cellspacing=\"0\" cellpadding=\"0\">\n<tbody>\n<tr class=\"firstRow\">\n<td>N\u00e1zov produktu<\/td>\n<td>Prevodovka na prepravu obilia<\/td>\n<\/tr>\n<tr>\n<td>Materi\u00e1l<\/td>\n<td>HT250 pre teleso, 40CrMnTi pre hriade\u013e prevodovky.<\/td>\n<\/tr>\n<tr>\n<td>Farba<\/td>\n<td>Prisp\u00f4soben\u00e9<\/td>\n<\/tr>\n<tr>\n<td>Pomer<\/td>\n<td>1:1<\/td>\n<\/tr>\n<tr>\n<td>V\u00fdkon<\/td>\n<td>24 kon\u00ed<\/td>\n<\/tr>\n<tr>\n<td>Hmotnos\u0165<\/td>\n<td>11,5 kg<\/td>\n<\/tr>\n<tr>\n<td>Pou\u017eit\u00e9<\/td>\n<td>Preprava obilia<\/td>\n<\/tr>\n<\/tbody>\n<\/table>\n<h2>V\u00fdhody pou\u017eitia prevodovky na prepravu obilia FMP-2168<\/h2>\n<ol>\n<li><strong>Vysok\u00fd kr\u00fatiaci moment<\/strong><br \/>\nPrevodovka na prepravu obilia FMP-2168 je navrhnut\u00e1 tak, aby zvl\u00e1dala vysok\u00e9 kr\u00fatiace momenty, v\u010faka \u010domu je ide\u00e1lna pre syst\u00e9my prepravy obilia, ktor\u00e9 vy\u017eaduj\u00fa spo\u013eahliv\u00fd a efekt\u00edvny prenos v\u00fdkonu. Dok\u00e1\u017ee \u013eahko zvl\u00e1dnu\u0165 \u0165a\u017ek\u00e9 n\u00e1klady obilia a zabezpe\u010duje plynul\u00fd chod aj v n\u00e1ro\u010dn\u00fdch podmienkach.<\/li>\n<li><strong>Zv\u00fd\u0161en\u00e1 \u00fa\u010dinnos\u0165<\/strong><br \/>\nV\u010faka pokro\u010dilej technol\u00f3gii prevodovky pon\u00faka FMP-2168 vylep\u0161en\u00fa \u00fa\u010dinnos\u0165 prenosu v\u00fdkonu. Zni\u017euje energetick\u00e9 straty, \u010d\u00edm zabezpe\u010duje, \u017ee do syst\u00e9mu prepravy obilia sa efekt\u00edvne pren\u00e1\u0161a viac vstupn\u00e9ho v\u00fdkonu, \u010d\u00edm sa minimalizuj\u00fa prev\u00e1dzkov\u00e9 n\u00e1klady a zlep\u0161uje celkov\u00fd v\u00fdkon syst\u00e9mu.<\/li>\n<li><strong>Odoln\u00e1 kon\u0161trukcia<\/strong><br \/>\nPrevodovka FMP-2168, vyroben\u00e1 z robustn\u00fdch materi\u00e1lov a prec\u00edzne navrhnut\u00fdch komponentov, je vysoko odoln\u00e1 a schopn\u00e1 odola\u0165 n\u00e1ro\u010dn\u00fdm podmienkam, ktor\u00e9 sa typicky vyskytuj\u00fa pri manipul\u00e1cii s obil\u00edm a jeho preprave. Jej robustn\u00e1 kon\u0161trukcia zais\u0165uje dlh\u00fa \u017eivotnos\u0165 a zni\u017euje frekvenciu \u00fadr\u017eby a opr\u00e1v.<\/li>\n<li><strong>Kompaktn\u00fd dizajn<\/strong><br \/>\nNapriek vysok\u00e9mu kr\u00fatiacemu momentu sa FMP-2168 vyzna\u010duje kompaktn\u00fdm a priestorovo \u00fasporn\u00fdm dizajnom. V\u010faka tomu sa d\u00e1 \u013eahko integrova\u0165 do r\u00f4znych syst\u00e9mov prepravy obilia bez toho, aby zaberal nadmern\u00fd priestor alebo zbyto\u010dne za\u0165a\u017eoval stroj, \u010do z neho rob\u00ed efekt\u00edvne rie\u0161enie pre stiesnen\u00e9 priestory.<\/li>\n<li><strong>V\u0161estrannos\u0165<\/strong><br \/>\nPrevodovka FMP-2168 je vysoko v\u0161estrann\u00e1 a mo\u017eno ju pou\u017ei\u0165 v \u0161irokej \u0161k\u00e1le syst\u00e9mov na prepravu obilia vr\u00e1tane dopravn\u00fdch p\u00e1sov, elev\u00e1torov, z\u00e1vitoviek a in\u00fdch zariaden\u00ed na manipul\u00e1ciu s materi\u00e1lom. V\u010faka svojej prisp\u00f4sobivosti je vhodn\u00e1 pre r\u00f4zne po\u013enohospod\u00e1rske aplik\u00e1cie a pon\u00faka flexibilitu pri n\u00e1vrhu syst\u00e9mu.<\/li>\n<\/ol>\n<p>Prevodovka na prepravu obilia FMP-2168 pon\u00faka robustn\u00e9, efekt\u00edvne a cenovo v\u00fdhodn\u00e9 rie\u0161enie pre manipul\u00e1ciu s obil\u00edm. V\u010faka vysok\u00e9mu kr\u00fatiacemu momentu, odolnosti, n\u00edzkym n\u00e1rokom na \u00fadr\u017ebu a v\u0161estrannosti je vynikaj\u00facou vo\u013ebou pre zv\u00fd\u0161enie v\u00fdkonu a spo\u013eahlivosti syst\u00e9mov na prepravu obilia. \u010ci u\u017e chcete zv\u00fd\u0161i\u0165 efektivitu, skr\u00e1ti\u0165 prestoje alebo pred\u013a\u017ei\u0165 \u017eivotnos\u0165 svojho zariadenia, prevodovka FMP-2168 poskytuje v\u00fdznamn\u00e9 v\u00fdhody pre ak\u00fako\u013evek manipula\u010dn\u00fa oper\u00e1ciu s obil\u00edm.<\/p>\n<p><img loading=\"lazy\" decoding=\"async\" class=\"size-full wp-image-3116 aligncenter\" src=\"https:\/\/fmp-components.com\/wp-content\/uploads\/2025\/01\/Grain-Transportation-Gearbox-32-2.webp\" alt=\"Prevodovka na prepravu obilia 32 (2)\" width=\"800\" height=\"800\" title=\"\" srcset=\"https:\/\/fmp-components.com\/wp-content\/uploads\/2025\/01\/Grain-Transportation-Gearbox-32-2.webp 800w, https:\/\/fmp-components.com\/wp-content\/uploads\/2025\/01\/Grain-Transportation-Gearbox-32-2-480x480.webp 480w\" sizes=\"(min-width: 0px) and (max-width: 480px) 480px, (min-width: 481px) 800px, 100vw\" \/><\/p>\n<h2>Aplik\u00e1cie prevodovky na prepravu obilia FMP-2168<\/h2>\n<p>Prevodovka FMP-2168 na prepravu obilia je v\u0161estrann\u00fd a odoln\u00fd komponent pou\u017e\u00edvan\u00fd v r\u00f4znych po\u013enohospod\u00e1rskych a manipula\u010dn\u00fdch aplik\u00e1ci\u00e1ch s obil\u00edm. V\u010faka svojej schopnosti efekt\u00edvne pren\u00e1\u0161a\u0165 v\u00fdkon a odol\u00e1va\u0165 \u0165a\u017ek\u00fdm n\u00e1kladom je vhodn\u00e1 pre \u0161irok\u00fa \u0161k\u00e1lu strojov zapojen\u00fdch do prepravy obilia. Ni\u017e\u0161ie s\u00fa uveden\u00e9 k\u013e\u00fa\u010dov\u00e9 aplik\u00e1cie:<\/p>\n<p><strong>1. Obiln\u00e9 sil\u00e1<\/strong><\/p>\n<p>Prevodovka FMP-2168 sa be\u017ene pou\u017e\u00edva v obiln\u00fdch sil\u00e1ch, kde poh\u00e1\u0148a vertik\u00e1lne dopravn\u00edky, ktor\u00e9 pres\u00favaj\u00fa obilie z ni\u017e\u0161\u00edch do vy\u0161\u0161\u00edch \u00farovn\u00ed. Jej vysok\u00fd kr\u00fatiaci moment zais\u0165uje, \u017ee sil\u00e1\u017e dok\u00e1\u017ee efekt\u00edvne manipulova\u0165 s ve\u013ek\u00fdm mno\u017estvom obilia s minim\u00e1lnym opotreben\u00edm.<\/p>\n<p><strong>2. Dopravn\u00edkov\u00e9 syst\u00e9my<\/strong><\/p>\n<p>Dopravn\u00e9 p\u00e1sy pou\u017e\u00edvan\u00e9 v zariadeniach na skladovanie a prepravu obilia sa spoliehaj\u00fa na prevodovky, ako je FMP-2168, na prenos v\u00fdkonu a pohon pohybu p\u00e1su. Prevodovka zais\u0165uje plynul\u00fd a nepretr\u017eit\u00fd tok obilia, \u010d\u00edm sa predch\u00e1dza upchatiu a prestojom syst\u00e9mu.<\/p>\n<p><strong>3. \u0160nek\u00e1rske vrt\u00e1ky<\/strong><\/p>\n<p>\u0160nekov\u00e9 dopravn\u00edky na obilie pou\u017e\u00edvan\u00e9 na nakladanie alebo vykladanie z\u00e1sobn\u00edkov obilia a s\u00edl vy\u017eaduj\u00fa v\u00fdkonn\u00e9 prevodovky na efekt\u00edvny pohyb obilia cez \u0161pir\u00e1lov\u00e9 \u0161neky. Odolnos\u0165 a vysok\u00fd kr\u00fatiaci moment prevodovky FMP-2168 ju robia ide\u00e1lnou pre t\u00fato aplik\u00e1ciu, zabezpe\u010duj\u00fa efekt\u00edvny pohyb obilia a zni\u017euj\u00fa riziko pre\u0165a\u017eenia syst\u00e9mu.<\/p>\n<p><strong>4. Syst\u00e9my na manipul\u00e1ciu s obil\u00edm a triedenie<\/strong><\/p>\n<p>V zariadeniach na spracovanie obilia, kde sa obilie triedi, \u010dist\u00ed a spracov\u00e1va, sa prevodovka FMP-2168 m\u00f4\u017ee pou\u017ei\u0165 v pohonn\u00fdch syst\u00e9moch triediacich a \u010distiacich strojov. Jej \u00fa\u010dinnos\u0165 zais\u0165uje plynul\u00fa prev\u00e1dzku pri manipul\u00e1cii s r\u00f4znymi druhmi obilia a minimalizuje prestoje syst\u00e9mu.<\/p>\n<p><strong>5. N\u00e1kladn\u00e9 vozidl\u00e1 na prepravu obilia (z\u00e1vitovkov\u00e9 syst\u00e9my)<\/strong><\/p>\n<p>FMP-2168 je ide\u00e1lny na pou\u017eitie v z\u00e1vitovkov\u00fdch syst\u00e9moch namontovan\u00fdch na n\u00e1kladn\u00fdch aut\u00e1ch na prepravu obilia. Tieto syst\u00e9my sa pou\u017e\u00edvaj\u00fa na nakladanie a vykladanie obilia po\u010das prepravy. Prevodovka zais\u0165uje konzistentn\u00fd v\u00fdkon aj pri r\u00f4znych podmienkach za\u0165a\u017eenia, v\u010faka \u010domu je nevyhnutn\u00e1 pre spo\u013eahliv\u00fa prepravu obilia n\u00e1kladn\u00fdmi autami.<\/p>\n<p>Prevodovka na prepravu obilia FMP-2168 je v\u0161estrann\u00e1 a ide\u00e1lna pre \u0161irok\u00fa \u0161k\u00e1lu aplik\u00e1ci\u00ed manipul\u00e1cie s obil\u00edm. Od obiln\u00fdch silokov a dopravn\u00edkov a\u017e po z\u00e1vitovkov\u00e9 syst\u00e9my a mobiln\u00e9 zariadenia na obilie, t\u00e1to prevodovka zais\u0165uje plynul\u00fd, spo\u013eahliv\u00fd a efekt\u00edvny prenos v\u00fdkonu v po\u013enohospod\u00e1rskych a skladovac\u00edch syst\u00e9moch obilia. Jej robustnos\u0165, odolnos\u0165 a prisp\u00f4sobivos\u0165 z nej robia nevyhnutn\u00fa s\u00fa\u010das\u0165 ka\u017ed\u00e9ho syst\u00e9mu prepravy alebo manipul\u00e1cie s obil\u00edm a zabezpe\u010duj\u00fa dlhodob\u00fa prev\u00e1dzkov\u00fa \u00fa\u010dinnos\u0165 a spo\u013eahlivos\u0165.<\/p>\n<p><img loading=\"lazy\" decoding=\"async\" class=\"alignnone size-full wp-image-3118\" src=\"https:\/\/fmp-components.com\/wp-content\/uploads\/2025\/01\/Grain-Transportation-Gearbox-28.webp\" alt=\"Prevodovka na prepravu obilia 28\" width=\"1060\" height=\"519\" title=\"\" srcset=\"https:\/\/fmp-components.com\/wp-content\/uploads\/2025\/01\/Grain-Transportation-Gearbox-28.webp 1060w, https:\/\/fmp-components.com\/wp-content\/uploads\/2025\/01\/Grain-Transportation-Gearbox-28-980x480.webp 980w, https:\/\/fmp-components.com\/wp-content\/uploads\/2025\/01\/Grain-Transportation-Gearbox-28-480x235.webp 480w\" sizes=\"(min-width: 0px) and (max-width: 480px) 480px, (min-width: 481px) and (max-width: 980px) 980px, (min-width: 981px) 1060px, 100vw\" \/><\/p>\n<h2>O FMP<\/h2>\n<p>Spolo\u010dnos\u0165 FMP so s\u00eddlom v Taliansku je popredn\u00fdm v\u00fdrobcom s vynikaj\u00facou reput\u00e1ciou v\u010faka svojim odborn\u00fdm znalostiam v oblasti n\u00e1vrhu, v\u00fdvoja a v\u00fdroby vysokov\u00fdkonn\u00fdch prevodoviek, najm\u00e4 pre sektor po\u013enohospod\u00e1rskych strojov. Spolo\u010dnos\u0165 FMP, zn\u00e1ma svojou presnou technikou, inovat\u00edvnymi rie\u0161eniami a bezkonkuren\u010dnou spo\u013eahlivos\u0165ou, sa etablovala ako d\u00f4veryhodn\u00fd partner na po\u013enohospod\u00e1rskom aj priemyselnom trhu. Na\u0161e rozsiahle produktov\u00e9 portf\u00f3lio zah\u0155\u0148a prevodovky vyroben\u00e9 na mieru pre kosa\u010dky na tr\u00e1vu, v\u00fdvodov\u00e9 hriadele a \u0161irok\u00fa \u0161k\u00e1lu \u010fal\u0161\u00edch d\u00f4le\u017eit\u00fdch komponentov \u2013 ka\u017ed\u00fd z nich je starostlivo vyroben\u00fd tak, aby sp\u013a\u0148al jedine\u010dn\u00e9 po\u017eiadavky r\u00f4znych aplik\u00e1ci\u00ed.<\/p>\n<p>V spolo\u010dnosti FMP si uvedomujeme, \u017ee ka\u017ed\u00fd klient \u010del\u00ed \u0161pecifick\u00fdm v\u00fdzvam. Toto pochopenie je hnacou silou n\u00e1\u0161ho z\u00e1v\u00e4zku poskytova\u0165 rie\u0161enia na mieru, \u010di u\u017e ide o jednotliv\u00e9 komponenty alebo plne integrovan\u00e9 syst\u00e9my. \u00dazkou spolupr\u00e1cou s na\u0161imi klientmi zabezpe\u010dujeme, aby ka\u017ed\u00e9 rie\u0161enie nielen sp\u013a\u0148alo ich presn\u00e9 potreby, ale aj optimalizovalo v\u00fdkon a maximalizovalo hodnotu. N\u00e1\u0161 z\u00e1v\u00e4zok k r\u00fdchlym a profesion\u00e1lnym reakci\u00e1m a odborn\u00e9mu poradenstvu zabezpe\u010duje, \u017ee ka\u017ed\u00e1 po\u017eiadavka je rie\u0161en\u00e1 presne, \u010do vedie k najlep\u0161\u00edm mo\u017en\u00fdm v\u00fdsledkom.<\/p>\n<p>Uprednost\u0148ujeme jasn\u00fa a nepretr\u017eit\u00fa komunik\u00e1ciu po\u010das cel\u00e9ho cyklu v\u00fdvoja produktu. N\u00e1\u0161 \u0161pecializovan\u00fd t\u00edm \u00fazko spolupracuje s klientmi, aby z\u00edskal hlbok\u00e9 pochopenie ich po\u017eiadaviek a pon\u00fakol cenn\u00e9 poznatky a odpor\u00fa\u010dania na zabezpe\u010denie optim\u00e1lnych v\u00fdsledkov. \u010ci u\u017e navrhujeme \u0161pi\u010dkov\u00e9 produkty alebo pln\u00edme be\u017en\u00e9 objedn\u00e1vky, FMP zost\u00e1va neochvejn\u00e1 v dod\u00e1van\u00ed vysokokvalitn\u00fdch, prec\u00edzne navrhnut\u00fdch rie\u0161en\u00ed na\u010das \u2013 v\u017edy. Na\u0161\u00edm poslan\u00edm je prekona\u0165 o\u010dak\u00e1vania klientov poskytovan\u00edm v\u00fdnimo\u010dn\u00fdch slu\u017eieb a v\u00fdsledkov pri ka\u017edom projekte.<\/p>\n<p>Kvalita je z\u00e1kladn\u00fdm kame\u0148om prev\u00e1dzky spolo\u010dnosti FMP. Dodr\u017eiavame najvy\u0161\u0161ie v\u00fdrobn\u00e9 \u0161tandardy a implementujeme pr\u00edsne procesy kontroly kvality, aby sme zabezpe\u010dili, \u017ee ka\u017ed\u00fd produkt nielen sp\u013a\u0148a, ale \u010dasto aj prekon\u00e1va priemyseln\u00e9 \u0161tandardy. Tento neochvejn\u00fd z\u00e1v\u00e4zok k dokonalosti, spolu s na\u0161imi z\u00e1kladn\u00fdmi hodnotami integrity, t\u00edmovej pr\u00e1ce a vytrvalosti, n\u00e1m umo\u017enil nadviaza\u0165 dlhodob\u00e9 vz\u0165ahy zalo\u017een\u00e9 na d\u00f4vere s klientmi v takmer 30 krajin\u00e1ch sveta.<\/p>\n<p>V spolo\u010dnosti FMP sa v\u017edy sna\u017e\u00edme podporova\u0165 glob\u00e1lne partnerstv\u00e1 t\u00fdm, \u017ee pon\u00fakame odborn\u00e9 poradenstvo a rie\u0161enia na mieru, ktor\u00e9 rie\u0161ia meniace sa potreby na\u0161ich klientov. Sna\u017e\u00edme sa budova\u0165 dlhodob\u00e9 a vz\u00e1jomne prospe\u0161n\u00e9 vz\u0165ahy, ktor\u00e9 s\u00fa hnacou silou \u00faspechu ka\u017ed\u00e9ho projektu. \u010ci u\u017e h\u013ead\u00e1te inovat\u00edvne rie\u0161enia pre nov\u00fa iniciat\u00edvu alebo potrebujete neust\u00e1lu podporu pre existuj\u00faci syst\u00e9m, FMP je pripraven\u00e1 v\u00e1m pom\u00f4c\u0165 prekona\u0165 technick\u00e9 v\u00fdzvy a zabezpe\u010di\u0165 v\u00e1\u0161 trval\u00fd \u00faspech.<\/p>\n<p><img loading=\"lazy\" decoding=\"async\" class=\"alignnone wp-image-2695\" src=\"https:\/\/fmp-components.com\/wp-content\/uploads\/2025\/01\/agricultural-gearbox3.webp\" alt=\"po\u013enohospod\u00e1rska prevodovka\" width=\"1140\" height=\"1138\" title=\"\" srcset=\"https:\/\/fmp-components.com\/wp-content\/uploads\/2025\/01\/agricultural-gearbox3.webp 1140w, https:\/\/fmp-components.com\/wp-content\/uploads\/2025\/01\/agricultural-gearbox3-480x479.webp 480w\" sizes=\"(min-width: 0px) and (max-width: 480px) 480px, (min-width: 481px) 1140px, 100vw\" \/><\/p>\n<p>Autor: CX<\/p>","protected":false},"excerpt":{"rendered":"<p>Grain Transportation Gearbox FMP-2168 Dimension Grain Transportation Gearbox FMP-2168 Specifications Product Name Grain Transportation\u00a0gearbox Material HT250\u00a0for housing, 40CrMnTi for gear shaft. Color Customized Ratio 1:1 Rate power 24HP Weight 11.5KG Used Grain transportation Advantages of Using Grain Transportation Gearbox FMP-2168 High Torque Capacity The FMP-2168 grain transportation gearbox is designed to handle high torque loads, [&hellip;]<\/p>","protected":false},"featured_media":3116,"comment_status":"open","ping_status":"closed","template":"","meta":{"_et_pb_use_builder":"","_et_pb_old_content":"","_et_gb_content_width":""},"product_brand":[],"product_cat":[74],"product_tag":[],"class_list":{"0":"post-3115","1":"product","2":"type-product","3":"status-publish","4":"has-post-thumbnail","6":"product_cat-grain-transportation-gearbox","8":"first","9":"instock","10":"shipping-taxable","11":"product-type-simple"},"_links":{"self":[{"href":"https:\/\/fmp-components.com\/sk\/wp-json\/wp\/v2\/product\/3115","targetHints":{"allow":["GET"]}}],"collection":[{"href":"https:\/\/fmp-components.com\/sk\/wp-json\/wp\/v2\/product"}],"about":[{"href":"https:\/\/fmp-components.com\/sk\/wp-json\/wp\/v2\/types\/product"}],"replies":[{"embeddable":true,"href":"https:\/\/fmp-components.com\/sk\/wp-json\/wp\/v2\/comments?post=3115"}],"wp:featuredmedia":[{"embeddable":true,"href":"https:\/\/fmp-components.com\/sk\/wp-json\/wp\/v2\/media\/3116"}],"wp:attachment":[{"href":"https:\/\/fmp-components.com\/sk\/wp-json\/wp\/v2\/media?parent=3115"}],"wp:term":[{"taxonomy":"product_brand","embeddable":true,"href":"https:\/\/fmp-components.com\/sk\/wp-json\/wp\/v2\/product_brand?post=3115"},{"taxonomy":"product_cat","embeddable":true,"href":"https:\/\/fmp-components.com\/sk\/wp-json\/wp\/v2\/product_cat?post=3115"},{"taxonomy":"product_tag","embeddable":true,"href":"https:\/\/fmp-components.com\/sk\/wp-json\/wp\/v2\/product_tag?post=3115"}],"curies":[{"name":"pracovn\u00fd list","href":"https:\/\/api.w.org\/{rel}","templated":true}]}}