{"id":3110,"date":"2025-01-05T01:34:53","date_gmt":"2025-01-05T01:34:53","guid":{"rendered":"https:\/\/fmp-components.com\/?page_id=8"},"modified":"2025-01-05T01:34:53","modified_gmt":"2025-01-05T01:34:53","slug":"grain-storage-gearbox-fmp-1003-for-agricultural-grain-storage","status":"publish","type":"product","link":"https:\/\/fmp-components.com\/sk\/product\/grain-storage-gearbox-fmp-1003-for-agricultural-grain-storage\/","title":{"rendered":"Prevodovka na skladovanie obilia FMP-1003 pre skladovanie po\u013enohospod\u00e1rskeho obilia"},"content":{"rendered":"<p><img loading=\"lazy\" decoding=\"async\" class=\"size-full wp-image-3111 aligncenter\" src=\"https:\/\/fmp-components.com\/wp-content\/uploads\/2025\/01\/Grain-Transportation-Gearbox-4.webp\" alt=\"Prevodovka na prepravu obilia 4\" width=\"800\" height=\"800\" title=\"\" srcset=\"https:\/\/fmp-components.com\/wp-content\/uploads\/2025\/01\/Grain-Transportation-Gearbox-4.webp 800w, https:\/\/fmp-components.com\/wp-content\/uploads\/2025\/01\/Grain-Transportation-Gearbox-4-480x480.webp 480w\" sizes=\"(min-width: 0px) and (max-width: 480px) 480px, (min-width: 481px) 800px, 100vw\" \/><\/p>\n<h2>\u0160pecifik\u00e1cie prevodovky na skladovanie obilia FMP-1003<\/h2>\n<table style=\"width: 100%; height: 115px;\" border=\"1\" width=\"100%\" cellspacing=\"0\" cellpadding=\"0\">\n<tbody>\n<tr class=\"firstRow\" style=\"height: 23px;\">\n<td style=\"height: 23px;\">N\u00e1zov produktu<\/td>\n<td style=\"height: 23px;\">Prevodovka na skladovanie obilia<\/td>\n<\/tr>\n<tr style=\"height: 23px;\">\n<td style=\"height: 23px;\">Model<\/td>\n<td style=\"height: 23px;\">FMP-1003<\/td>\n<\/tr>\n<tr style=\"height: 23px;\">\n<td style=\"height: 23px;\">Farba<\/td>\n<td style=\"height: 23px;\">Prisp\u00f4sobenie<\/td>\n<\/tr>\n<tr style=\"height: 23px;\">\n<td style=\"height: 23px;\">Materi\u00e1l<\/td>\n<td style=\"height: 23px;\">HT250 pre teleso, 20CrMnTi pre hriade\u013e prevodovky.<\/td>\n<\/tr>\n<tr style=\"height: 23px;\">\n<td style=\"height: 23px;\">Pou\u017eit\u00e9<\/td>\n<td style=\"height: 23px;\">Skladovanie obilia<\/td>\n<\/tr>\n<\/tbody>\n<\/table>\n<h2>V\u00fdhody pou\u017eitia prevodovky na skladovanie obilia na skladovanie obilia<\/h2>\n<ol>\n<li><strong>Zv\u00fd\u0161en\u00e1 prev\u00e1dzkov\u00e1 efektivita<\/strong><br \/>\nPrevodovky na skladovanie obilia s\u00fa navrhnut\u00e9 tak, aby optimalizovali pohyb a manipul\u00e1ciu s obil\u00edm. Zabezpe\u010duj\u00fa plynul\u00fd chod syst\u00e9mu skladovania obilia, minimalizuj\u00fa prestoje a maximalizuj\u00fa priepustnos\u0165. V\u010faka spo\u013eahliv\u00e9mu a efekt\u00edvnemu prenosu v\u00fdkonu tieto prevodovky pom\u00e1haj\u00fa udr\u017eiava\u0165 nepretr\u017eit\u00fa prev\u00e1dzku v zariadeniach na skladovanie obilia.<\/li>\n<li><strong>Trvanlivos\u0165 a dlh\u00e1 \u017eivotnos\u0165<\/strong><br \/>\nPrevodovky na skladovanie obilia s\u00fa skon\u0161truovan\u00e9 tak, aby odolali n\u00e1ro\u010dn\u00fdm podmienkam po\u013enohospod\u00e1rskeho prostredia vr\u00e1tane \u0165a\u017ek\u00fdch n\u00e1kladov, prachu a vlhkosti. Ich robustn\u00e1 kon\u0161trukcia zais\u0165uje dlh\u00fa \u017eivotnos\u0165 a zni\u017euje potrebu \u010dast\u00fdch opr\u00e1v alebo v\u00fdmen. T\u00e1to odolnos\u0165 sa premieta do ni\u017e\u0161\u00edch n\u00e1kladov na \u00fadr\u017ebu a zv\u00fd\u0161enej prev\u00e1dzkovej prev\u00e1dzkyschopnosti.<\/li>\n<li><strong>Presn\u00e9 ovl\u00e1danie a prisp\u00f4sobivos\u0165<\/strong><br \/>\nPrevodovky pou\u017e\u00edvan\u00e9 v syst\u00e9moch skladovania obilia pon\u00fakaj\u00fa presn\u00fa kontrolu nad r\u00fdchlos\u0165ou a kr\u00fatiacim momentom, \u010do je k\u013e\u00fa\u010dov\u00e9 pre efekt\u00edvnu manipul\u00e1ciu s obil\u00edm. T\u00e1to prisp\u00f4sobivos\u0165 umo\u017e\u0148uje prisp\u00f4soben\u00fd v\u00fdkon, v\u010faka \u010domu je syst\u00e9m v\u0161estrannej\u0161\u00ed a schopn\u00fd spracova\u0165 r\u00f4zne typy obilia, mno\u017estv\u00e1 a skladovacie podmienky.<\/li>\n<li><strong>Energetick\u00e1 \u00fa\u010dinnos\u0165<\/strong><br \/>\nModern\u00e9 prevodovky na skladovanie obilia s\u00fa navrhnut\u00e9 s oh\u013eadom na energetick\u00fa \u00fa\u010dinnos\u0165. Zn\u00ed\u017een\u00edm energetick\u00fdch str\u00e1t pri prenose energie tieto prevodovky pom\u00e1haj\u00fa zni\u017eova\u0165 prev\u00e1dzkov\u00e9 n\u00e1klady. To je obzvl\u00e1\u0161\u0165 d\u00f4le\u017eit\u00e9 pre rozsiahle skladovanie obilia, kde spotreba energie m\u00f4\u017ee tvori\u0165 v\u00fdznamn\u00fa \u010das\u0165 celkov\u00fdch n\u00e1kladov.<\/li>\n<li><strong>Zlep\u0161en\u00e1 ochrana kvality zrna<\/strong><br \/>\nPlynul\u00e1 a konzistentn\u00e1 prev\u00e1dzka zariaden\u00ed na manipul\u00e1ciu s obil\u00edm, ktor\u00fa umo\u017e\u0148uj\u00fa vysoko kvalitn\u00e9 prevodovky, pom\u00e1ha predch\u00e1dza\u0165 po\u0161kodeniu obilia. Spr\u00e1vna manipul\u00e1cia a zn\u00ed\u017een\u00e9 l\u00e1manie zrna prispievaj\u00fa k lep\u0161iemu zachovaniu kvality zrna, \u010d\u00edm sa zabezpe\u010duje, \u017ee skladovan\u00e9 obilie si zachov\u00e1 svoju trhov\u00fa hodnotu a nutri\u010dn\u00e9 \u200b\u200bkvality.<\/li>\n<\/ol>\n<p>Stru\u010dne povedan\u00e9, pou\u017eitie prevodoviek na skladovanie obilia v\u00fdrazne zlep\u0161uje v\u00fdkon, \u00fa\u010dinnos\u0165 a bezpe\u010dnos\u0165 syst\u00e9mov manipul\u00e1cie s obil\u00edm. Prispievaj\u00fa k lep\u0161iemu uchov\u00e1vaniu obilia, zni\u017euj\u00fa prev\u00e1dzkov\u00e9 n\u00e1klady a predl\u017euj\u00fa \u017eivotnos\u0165 syst\u00e9mu, v\u010faka \u010domu s\u00fa d\u00f4le\u017eitou s\u00fa\u010das\u0165ou modern\u00fdch oper\u00e1ci\u00ed skladovania obilia.<\/p>\n<p><img loading=\"lazy\" decoding=\"async\" class=\"alignnone size-full wp-image-3114\" src=\"https:\/\/fmp-components.com\/wp-content\/uploads\/2025\/01\/lSmPwVjn-Grain-Transportation-Gearbox-8.webp\" alt=\"Prevodovka na prepravu obilia 8\" width=\"1534\" height=\"1286\" title=\"\" srcset=\"https:\/\/fmp-components.com\/wp-content\/uploads\/2025\/01\/lSmPwVjn-Grain-Transportation-Gearbox-8.webp 1534w, https:\/\/fmp-components.com\/wp-content\/uploads\/2025\/01\/lSmPwVjn-Grain-Transportation-Gearbox-8-1280x1073.webp 1280w, https:\/\/fmp-components.com\/wp-content\/uploads\/2025\/01\/lSmPwVjn-Grain-Transportation-Gearbox-8-980x822.webp 980w, https:\/\/fmp-components.com\/wp-content\/uploads\/2025\/01\/lSmPwVjn-Grain-Transportation-Gearbox-8-480x402.webp 480w\" sizes=\"(min-width: 0px) and (max-width: 480px) 480px, (min-width: 481px) and (max-width: 980px) 980px, (min-width: 981px) and (max-width: 1280px) 1280px, (min-width: 1281px) 1534px, 100vw\" \/><\/p>\n<h2 data-pm-slice=\"0 0 []\">K\u013e\u00fa\u010dov\u00e9 komponenty prevodovky na skladovanie obilia<\/h2>\n<ol>\n<li><strong>Vstupn\u00fd hriade\u013e<\/strong><br \/>\nVstupn\u00fd hriade\u013e je komponent, ktor\u00fd prij\u00edma hnaciu silu zo zdroja energie, zvy\u010dajne z elektromotora alebo spa\u013eovacieho motora. Pren\u00e1\u0161a t\u00fato energiu do prevodovky, kde sa potom rozde\u013euje do \u010fal\u0161\u00edch komponentov na prev\u00e1dzku syst\u00e9mu. Vstupn\u00fd hriade\u013e je navrhnut\u00fd tak, aby zvl\u00e1dal vysok\u00fd kr\u00fatiaci moment a r\u00fdchlos\u0165 ot\u00e1\u010dania.<\/li>\n<li><strong>Ozuben\u00e9 koles\u00e1<\/strong><br \/>\nOzuben\u00e9 koles\u00e1 s\u00fa k\u013e\u00fa\u010dov\u00fdmi komponentmi zodpovedn\u00fdmi za prenos pohybu a v\u00fdkonu v prevodovke. Dod\u00e1vaj\u00fa sa v r\u00f4znych typoch (napr. ku\u017ee\u013eov\u00e9 ozuben\u00e9 koles\u00e1, \u0161pir\u00e1lov\u00e9 ozuben\u00e9 koles\u00e1, \u010deln\u00e9 ozuben\u00e9 koles\u00e1) v z\u00e1vislosti od po\u017eadovan\u00e9ho v\u00fdkonu. Ozuben\u00e9 koles\u00e1 riadia r\u00fdchlos\u0165, kr\u00fatiaci moment a smer pohybu v syst\u00e9me skladovania obilia. Presn\u00e9 usporiadanie ozuben\u00fdch kolies ur\u010duje \u00fa\u010dinnos\u0165 a v\u00fdkon prevodovky.<\/li>\n<li><strong>V\u00fdstupn\u00fd hriade\u013e<\/strong><br \/>\nV\u00fdstupn\u00fd hriade\u013e pren\u00e1\u0161a pohyb z prevodovky na zariadenia na manipul\u00e1ciu s obil\u00edm, ako s\u00fa dopravn\u00edky, elev\u00e1tory alebo ventil\u00e1tory. Zohr\u00e1va k\u013e\u00fa\u010dov\u00fa \u00falohu pri riaden\u00ed smeru a r\u00fdchlosti pohybu obilia, \u010d\u00edm zabezpe\u010duje spr\u00e1vnu prev\u00e1dzku skladovacieho syst\u00e9mu.<\/li>\n<li><strong>Lo\u017eisk\u00e1<\/strong><br \/>\nLo\u017eisk\u00e1 podopieraj\u00fa rotuj\u00face \u010dasti prevodovky, ako s\u00fa vstupn\u00e9 a v\u00fdstupn\u00e9 hriadele, ako aj ozuben\u00e9 koles\u00e1. Zni\u017euj\u00fa trenie a zabezpe\u010duj\u00fa plynul\u00fd chod, \u010do pom\u00e1ha predch\u00e1dza\u0165 opotrebovaniu, zni\u017euje spotrebu energie a predl\u017euje \u017eivotnos\u0165 prevodovky. Vysokokvalitn\u00e9 lo\u017eisk\u00e1 s\u00fa nevyhnutn\u00e9 na zn\u00ed\u017eenie \u00fadr\u017eby a zabezpe\u010denie \u00fa\u010dinnosti prevodovky.<\/li>\n<li><strong>Puzdro\/pr\u00edpad<\/strong><br \/>\nKryt alebo puzdro je vonkaj\u0161\u00ed pl\u00e1\u0161\u0165 prevodovky, ktor\u00fd obsahuje a chr\u00e1ni vn\u00fatorn\u00e9 komponenty. Je vyroben\u00fd z odoln\u00fdch materi\u00e1lov, ako je liatina alebo oce\u013e, a chr\u00e1ni ozuben\u00e9 koles\u00e1, lo\u017eisk\u00e1 a \u010fal\u0161ie \u010dasti pred prachom, vlhkos\u0165ou a fyzick\u00fdm po\u0161koden\u00edm. Kryt tie\u017e pom\u00e1ha odv\u00e1dza\u0165 teplo vznikaj\u00face po\u010das prev\u00e1dzky, aby sa zabr\u00e1nilo prehriatiu.<\/li>\n<\/ol>\n<p>K\u013e\u00fa\u010dov\u00e9 komponenty prevodovky na skladovanie obilia spolupracuj\u00fa, aby zabezpe\u010dili hladk\u00fa, efekt\u00edvnu a spo\u013eahliv\u00fa prev\u00e1dzku syst\u00e9mov manipul\u00e1cie a skladovania obilia. Od vstupn\u00e9ho hriade\u013ea, ktor\u00fd pren\u00e1\u0161a v\u00fdkon na ozuben\u00e9 koles\u00e1 a lo\u017eisk\u00e1, ktor\u00e9 u\u013eah\u010duj\u00fa pohyb, a\u017e po ochrann\u00fd kryt a mazac\u00ed syst\u00e9m, ka\u017ed\u00e1 \u010das\u0165 zohr\u00e1va k\u013e\u00fa\u010dov\u00fa \u00falohu pri maximaliz\u00e1cii v\u00fdkonu a pred\u013a\u017een\u00ed \u017eivotnosti prevodovky.<\/p>\n<p><img loading=\"lazy\" decoding=\"async\" class=\"alignnone size-full wp-image-3113\" src=\"https:\/\/fmp-components.com\/wp-content\/uploads\/2025\/01\/Grain-Transportation-Gearbox-29-1.webp\" alt=\"Prevodovka na prepravu obilia 29\" width=\"1060\" height=\"561\" title=\"\" srcset=\"https:\/\/fmp-components.com\/wp-content\/uploads\/2025\/01\/Grain-Transportation-Gearbox-29-1.webp 1060w, https:\/\/fmp-components.com\/wp-content\/uploads\/2025\/01\/Grain-Transportation-Gearbox-29-1-980x519.webp 980w, https:\/\/fmp-components.com\/wp-content\/uploads\/2025\/01\/Grain-Transportation-Gearbox-29-1-480x254.webp 480w\" sizes=\"(min-width: 0px) and (max-width: 480px) 480px, (min-width: 481px) and (max-width: 980px) 980px, (min-width: 981px) 1060px, 100vw\" \/><\/p>\n<h3>O FMP<\/h3>\n<p>Spolo\u010dnos\u0165 FMP so s\u00eddlom v Taliansku je popredn\u00fdm v\u00fdrobcom zn\u00e1mym svojimi odborn\u00fdmi znalos\u0165ami v oblasti n\u00e1vrhu, v\u00fdvoja a v\u00fdroby vysokov\u00fdkonn\u00fdch prevodoviek s prim\u00e1rnym zameran\u00edm na sektor po\u013enohospod\u00e1rskych strojov. Spolo\u010dnos\u0165 FMP, presl\u00e1ven\u00e1 prec\u00edznym in\u017einierstvom, inovat\u00edvnymi rie\u0161eniami a neochvejnou spo\u013eahlivos\u0165ou, si vybudovala sol\u00eddnu reput\u00e1ciu d\u00f4veryhodn\u00e9ho partnera v po\u013enohospod\u00e1rskom aj priemyselnom sektore. Na\u0161e rozsiahle portf\u00f3lio zah\u0155\u0148a prevodovky na mieru pre kosa\u010dky na tr\u00e1vu, v\u00fdvodov\u00e9 hriadele a \u0161irok\u00fa \u0161k\u00e1lu z\u00e1kladn\u00fdch komponentov \u2013 ka\u017ed\u00fd z nich je starostlivo navrhnut\u00fd tak, aby sp\u013a\u0148al \u0161pecifick\u00e9 po\u017eiadavky r\u00f4znych aplik\u00e1ci\u00ed.<\/p>\n<p>V spolo\u010dnosti FMP ch\u00e1peme, \u017ee ka\u017ed\u00fd klient \u010del\u00ed jedine\u010dn\u00fdm v\u00fdzvam. Toto pochopenie n\u00e1s \u0161pecializuje na poskytovanie rie\u0161en\u00ed na mieru, \u010di u\u017e ide o jednotliv\u00e9 komponenty alebo plne integrovan\u00e9 syst\u00e9my. \u00dazkou spolupr\u00e1cou s na\u0161imi klientmi zabezpe\u010dujeme, aby ka\u017ed\u00e9 rie\u0161enie nielen sp\u013a\u0148alo ich jedine\u010dn\u00e9 potreby, ale tie\u017e zvy\u0161ovalo v\u00fdkon a maximalizovalo hodnotu. N\u00e1\u0161 z\u00e1v\u00e4zok k v\u010dasn\u00fdm a profesion\u00e1lnym reakci\u00e1m a odborn\u00e9mu vedeniu zaru\u010duje, \u017ee ka\u017ed\u00e1 po\u017eiadavka bude rie\u0161en\u00e1 s presnos\u0165ou a konzistentne prin\u00e1\u0161a\u0165 optim\u00e1lne v\u00fdsledky.<\/p>\n<p>Kladieme ve\u013ek\u00fd d\u00f4raz na jasn\u00fa a nepretr\u017eit\u00fa komunik\u00e1ciu po\u010das cel\u00e9ho cyklu v\u00fdvoja produktu. N\u00e1\u0161 \u0161pecializovan\u00fd t\u00edm \u00fazko spolupracuje s klientmi, aby d\u00f4kladne pochopil ich po\u017eiadavky a poskytol im cenn\u00e9 poznatky a odpor\u00fa\u010dania, ktor\u00e9 zabezpe\u010dia najlep\u0161ie v\u00fdsledky. \u010ci u\u017e navrhujeme \u0161pi\u010dkov\u00e9 produkty alebo pln\u00edme be\u017en\u00e9 objedn\u00e1vky, spolo\u010dnos\u0165 FMP sa zav\u00e4zuje dod\u00e1va\u0165 vysokokvalitn\u00e9, prec\u00edzne navrhnut\u00e9 rie\u0161enia v\u010das a v\u017edy. Na\u0161\u00edm poslan\u00edm je neust\u00e1le prekon\u00e1va\u0165 o\u010dak\u00e1vania klientov a poskytova\u0165 v\u00fdnimo\u010dn\u00e9 slu\u017eby a v\u00fdsledky pri ka\u017edom projekte.<\/p>\n<p>Kvalita je jadrom \u010dinnosti spolo\u010dnosti FMP. Dodr\u017eiavame najvy\u0161\u0161ie v\u00fdrobn\u00e9 \u0161tandardy a implementujeme pr\u00edsne procesy kontroly kvality, aby sme zabezpe\u010dili, \u017ee ka\u017ed\u00fd produkt nielen sp\u013a\u0148a, ale aj prekon\u00e1va priemyseln\u00e9 \u0161tandardy. Toto neochvejn\u00e9 odhodlanie k dokonalosti v kombin\u00e1cii s na\u0161imi z\u00e1kladn\u00fdmi hodnotami integrity, t\u00edmovej pr\u00e1ce a vytrvalosti n\u00e1m umo\u017enilo vybudova\u0165 si dlhodob\u00e9 vz\u0165ahy zalo\u017een\u00e9 na d\u00f4vere s klientmi v takmer 30 krajin\u00e1ch sveta.<\/p>\n<p>V spolo\u010dnosti FMP sa v\u017edy sna\u017e\u00edme budova\u0165 glob\u00e1lne partnerstv\u00e1 t\u00fdm, \u017ee pon\u00fakame odborn\u00e9 poradenstvo a rie\u0161enia na mieru, ktor\u00e9 rie\u0161ia neust\u00e1le sa vyv\u00edjaj\u00face potreby na\u0161ich klientov. Na\u0161\u00edm cie\u013eom je budova\u0165 dlhodob\u00e9 a vz\u00e1jomne prospe\u0161n\u00e9 vz\u0165ahy, ktor\u00e9 prispievaj\u00fa k \u00faspechu ka\u017ed\u00e9ho projektu. \u010ci u\u017e potrebujete inovat\u00edvne rie\u0161enia pre nov\u00fa iniciat\u00edvu alebo priebe\u017en\u00fa podporu pre existuj\u00faci syst\u00e9m, spolo\u010dnos\u0165 FMP je pripraven\u00e1 v\u00e1m pom\u00f4c\u0165 prekona\u0165 technick\u00e9 v\u00fdzvy a zabezpe\u010di\u0165 v\u00e1\u0161 trval\u00fd \u00faspech.<\/p>\n<p><img loading=\"lazy\" decoding=\"async\" class=\"alignnone wp-image-2695\" src=\"https:\/\/fmp-components.com\/wp-content\/uploads\/2025\/01\/agricultural-gearbox3.webp\" alt=\"po\u013enohospod\u00e1rska prevodovka\" width=\"1140\" height=\"1138\" title=\"\" srcset=\"https:\/\/fmp-components.com\/wp-content\/uploads\/2025\/01\/agricultural-gearbox3.webp 1140w, https:\/\/fmp-components.com\/wp-content\/uploads\/2025\/01\/agricultural-gearbox3-480x479.webp 480w\" sizes=\"(min-width: 0px) and (max-width: 480px) 480px, (min-width: 481px) 1140px, 100vw\" \/><\/p>\n<p>Autor: CX<\/p>","protected":false},"excerpt":{"rendered":"<p>Grain Storage Gearbox FMP-1003 Specifications Product Name Grain\u00a0storage\u00a0gearbox Model FMP-1003 Color Customization Material HT250 for housing, 20CrMnTi for gear shaft. Used Grain\u00a0storage Benefits of Using Grain Storage Gearbox for Grain Storage Enhanced Operational Efficiency Grain storage gearboxes are designed to optimize the movement and handling of grain. They ensure that the grain storage system operates [&hellip;]<\/p>","protected":false},"featured_media":3112,"comment_status":"open","ping_status":"closed","template":"","meta":{"_et_pb_use_builder":"","_et_pb_old_content":"","_et_gb_content_width":""},"product_brand":[],"product_cat":[73],"product_tag":[],"class_list":{"0":"post-3110","1":"product","2":"type-product","3":"status-publish","4":"has-post-thumbnail","6":"product_cat-grain-storage-gearbox","8":"first","9":"instock","10":"shipping-taxable","11":"product-type-simple"},"_links":{"self":[{"href":"https:\/\/fmp-components.com\/sk\/wp-json\/wp\/v2\/product\/3110","targetHints":{"allow":["GET"]}}],"collection":[{"href":"https:\/\/fmp-components.com\/sk\/wp-json\/wp\/v2\/product"}],"about":[{"href":"https:\/\/fmp-components.com\/sk\/wp-json\/wp\/v2\/types\/product"}],"replies":[{"embeddable":true,"href":"https:\/\/fmp-components.com\/sk\/wp-json\/wp\/v2\/comments?post=3110"}],"wp:featuredmedia":[{"embeddable":true,"href":"https:\/\/fmp-components.com\/sk\/wp-json\/wp\/v2\/media\/3112"}],"wp:attachment":[{"href":"https:\/\/fmp-components.com\/sk\/wp-json\/wp\/v2\/media?parent=3110"}],"wp:term":[{"taxonomy":"product_brand","embeddable":true,"href":"https:\/\/fmp-components.com\/sk\/wp-json\/wp\/v2\/product_brand?post=3110"},{"taxonomy":"product_cat","embeddable":true,"href":"https:\/\/fmp-components.com\/sk\/wp-json\/wp\/v2\/product_cat?post=3110"},{"taxonomy":"product_tag","embeddable":true,"href":"https:\/\/fmp-components.com\/sk\/wp-json\/wp\/v2\/product_tag?post=3110"}],"curies":[{"name":"pracovn\u00fd list","href":"https:\/\/api.w.org\/{rel}","templated":true}]}}