{"id":3107,"date":"2025-01-05T01:22:07","date_gmt":"2025-01-05T01:22:07","guid":{"rendered":"https:\/\/fmp-components.com\/?page_id=8"},"modified":"2025-01-05T01:22:08","modified_gmt":"2025-01-05T01:22:08","slug":"l-series-grain-storage-gearbox-fmp-1005-for-agricultural-grain-storage","status":"publish","type":"product","link":"https:\/\/fmp-components.com\/sk\/product\/l-series-grain-storage-gearbox-fmp-1005-for-agricultural-grain-storage\/","title":{"rendered":"Prevodovka na skladovanie obilia s\u00e9rie L FMP-1005 pre skladovanie po\u013enohospod\u00e1rskeho obilia"},"content":{"rendered":"<h2>\u0160pecifik\u00e1cie prevodovky na skladovanie obilia FMP-1005<\/h2>\n<table style=\"width: 98.7251%;\" border=\"1\" cellspacing=\"0\" cellpadding=\"0\">\n<tbody>\n<tr class=\"firstRow\">\n<td style=\"width: 24.7312%;\">N\u00e1zov produktu<\/td>\n<td style=\"width: 257.354%;\">Prevodovka na skladovanie obilia<\/td>\n<\/tr>\n<tr>\n<td style=\"width: 24.7312%;\">Materi\u00e1l<\/td>\n<td style=\"width: 257.354%;\">HT250 pre teleso, 40CrMnTi pre hriade\u013e prevodovky.<\/td>\n<\/tr>\n<tr>\n<td style=\"width: 24.7312%;\">Farba<\/td>\n<td style=\"width: 257.354%;\">Prisp\u00f4sobenie<\/td>\n<\/tr>\n<tr>\n<td style=\"width: 24.7312%;\">\u010c\u00edslo formy<\/td>\n<td style=\"width: 257.354%;\">6.5<\/td>\n<\/tr>\n<tr>\n<td style=\"width: 24.7312%;\">Pou\u017eit\u00e9<\/td>\n<td style=\"width: 257.354%;\">Skladovanie obilia<\/td>\n<\/tr>\n<\/tbody>\n<\/table>\n<h2>V\u00fdhody pou\u017eitia prevodovky na skladovanie obilia FMP-1005<\/h2>\n<p>Prevodovka na skladovanie obilia FMP-1005 pon\u00faka nieko\u013eko v\u00fdhod, ktor\u00e9 zvy\u0161uj\u00fa jej funk\u010dnos\u0165, \u00fa\u010dinnos\u0165 a spo\u013eahlivos\u0165 v po\u013enohospod\u00e1rskych syst\u00e9moch skladovania obilia. Ni\u017e\u0161ie s\u00fa uveden\u00e9 k\u013e\u00fa\u010dov\u00e9 v\u00fdhody pou\u017e\u00edvania tejto prevodovky:<\/p>\n<p><strong>1. Zv\u00fd\u0161en\u00e1 efektivita<\/strong><\/p>\n<ul>\n<li>Optimaliz\u00e1cia prenosu v\u00fdkonu: Prevodovka FMP-1005 je navrhnut\u00e1 tak, aby efekt\u00edvne pren\u00e1\u0161ala v\u00fdkon z motora do strojov na manipul\u00e1ciu s obil\u00edm. Zni\u017euje straty energie a zabezpe\u010duje, \u017ee v\u00fdznamn\u00e1 \u010das\u0165 vstupn\u00e9ho v\u00fdkonu sa efekt\u00edvne premen\u00ed na v\u00fdstupn\u00fd v\u00fdkon. To vedie k efekt\u00edvnej\u0161ej prev\u00e1dzke, zn\u00ed\u017eeniu spotreby energie a zn\u00ed\u017eeniu prev\u00e1dzkov\u00fdch n\u00e1kladov.<\/li>\n<\/ul>\n<p><strong>2. Vysok\u00fd kr\u00fatiaci moment<\/strong><\/p>\n<ul>\n<li>Vylep\u0161en\u00e1 manipul\u00e1cia so za\u0165a\u017een\u00edm: Prevodovka FMP-1005 je skon\u0161truovan\u00e1 tak, aby zvl\u00e1dala vysok\u00fd kr\u00fatiaci moment, v\u010faka \u010domu je vhodn\u00e1 pre n\u00e1ro\u010dn\u00e9 aplik\u00e1cie skladovania obilia, ktor\u00e9 vy\u017eaduj\u00fa zna\u010dn\u00fa silu na pohyb alebo spracovanie obilia. Dok\u00e1\u017ee poh\u00e1\u0148a\u0165 \u0165a\u017ek\u00e9 zariadenia, ako s\u00fa dopravn\u00edky, z\u00e1vitovky a obiln\u00e9 sily, \u010d\u00edm zabezpe\u010duje plynul\u00fd chod pri vysokom za\u0165a\u017een\u00ed.<\/li>\n<\/ul>\n<p><strong>3. Plynul\u00e1 a spo\u013eahliv\u00e1 prev\u00e1dzka<\/strong><\/p>\n<ul>\n<li>Zn\u00ed\u017een\u00e9 vibr\u00e1cie a hluk: V\u010faka presn\u00e9mu kon\u0161truk\u010dn\u00e9mu spracovaniu zais\u0165uje prevodovka FMP-1005 plynul\u00fd chod s minim\u00e1lnymi vibr\u00e1ciami. To nielen zais\u0165uje stabilnej\u0161\u00ed a konzistentnej\u0161\u00ed v\u00fdkon, ale tie\u017e zni\u017euje hladinu hluku v priestore na skladovanie obilia a vytv\u00e1ra tak pohodlnej\u0161ie pracovn\u00e9 prostredie.<\/li>\n<\/ul>\n<p><strong>4. Trvanlivos\u0165 a dlh\u00e1 \u017eivotnos\u0165<\/strong><\/p>\n<ul>\n<li>Robustn\u00e1 kon\u0161trukcia: Prevodovka je vyroben\u00e1 z vysoko kvalitn\u00fdch materi\u00e1lov, ktor\u00e9 odol\u00e1vaj\u00fa n\u00e1ro\u010dn\u00fdm podmienkam po\u013enohospod\u00e1rskeho prostredia, ako je prach, vlhkos\u0165 a teplotn\u00e9 v\u00fdkyvy. Jej robustn\u00e1 kon\u0161trukcia zais\u0165uje dlhotrvaj\u00faci v\u00fdkon a zni\u017euje potrebu \u010dastej \u00fadr\u017eby alebo v\u00fdmeny.<\/li>\n<\/ul>\n<p><strong>5. Minim\u00e1lna \u00fadr\u017eba<\/strong><\/p>\n<ul>\n<li>Dlhotrvaj\u00face komponenty: V\u010faka vysokopevnostn\u00fdm prevodom a dobre navrhnut\u00fdm mazac\u00edm syst\u00e9mom vy\u017eaduje prevodovka FMP-1005 menej \u010dast\u00fa \u00fadr\u017ebu. Vn\u00fatorn\u00e9 komponenty s\u00fa chr\u00e1nen\u00e9 pred opotreben\u00edm, \u010do v priebehu \u010dasu zni\u017euje prestoje a n\u00e1klady na servis.<\/li>\n<\/ul>\n<p>Prevodovka na skladovanie obilia FMP-1005 poskytuje nieko\u013eko v\u00fdznamn\u00fdch v\u00fdhod vr\u00e1tane zv\u00fd\u0161enej prev\u00e1dzkovej \u00fa\u010dinnosti, vysok\u00e9ho kr\u00fatiaceho momentu, spo\u013eahlivosti a odolnosti. Jej plynul\u00e1 prev\u00e1dzka, minim\u00e1lne po\u017eiadavky na \u00fadr\u017ebu a v\u0161estrannos\u0165 v r\u00f4znych aplik\u00e1ci\u00e1ch z nej robia nevyhnutn\u00fa s\u00fa\u010das\u0165 pre optimaliz\u00e1ciu syst\u00e9mov skladovania a manipul\u00e1cie s obil\u00edm. T\u00e1to prevodovka nielen zais\u0165uje lep\u0161\u00ed v\u00fdkon, ale tie\u017e pom\u00e1ha zni\u017eova\u0165 prev\u00e1dzkov\u00e9 n\u00e1klady a predl\u017eova\u0165 \u017eivotnos\u0165 po\u013enohospod\u00e1rskych strojov.<\/p>\n<p><img loading=\"lazy\" decoding=\"async\" class=\"alignnone size-full wp-image-3108\" src=\"https:\/\/fmp-components.com\/wp-content\/uploads\/2025\/01\/Grain-Transportation-Gearbox-29.webp\" alt=\"Prevodovka na prepravu obilia\" width=\"1060\" height=\"561\" title=\"\" srcset=\"https:\/\/fmp-components.com\/wp-content\/uploads\/2025\/01\/Grain-Transportation-Gearbox-29.webp 1060w, https:\/\/fmp-components.com\/wp-content\/uploads\/2025\/01\/Grain-Transportation-Gearbox-29-980x519.webp 980w, https:\/\/fmp-components.com\/wp-content\/uploads\/2025\/01\/Grain-Transportation-Gearbox-29-480x254.webp 480w\" sizes=\"(min-width: 0px) and (max-width: 480px) 480px, (min-width: 481px) and (max-width: 980px) 980px, (min-width: 981px) 1060px, 100vw\" \/><\/p>\n<h2>V\u00fdhody pou\u017eitia prevodovky na skladovanie obilia FMP-1005<\/h2>\n<p>Prevodovka na skladovanie obilia FMP-1005 sa be\u017ene pou\u017e\u00edva v r\u00f4znych po\u013enohospod\u00e1rskych a priemyseln\u00fdch aplik\u00e1ci\u00e1ch s\u00favisiacich s manipul\u00e1ciou a skladovan\u00edm obilia. Ni\u017e\u0161ie s\u00fa uveden\u00e9 niektor\u00e9 z hlavn\u00fdch pou\u017eit\u00ed tejto prevodovky:<\/p>\n<p><strong>1. Dopravn\u00edky obilia<\/strong><\/p>\n<ul>\n<li>Funkcia: Prevodovka FMP-1005 poh\u00e1\u0148a dopravn\u00edky obilia, ktor\u00e9 prepravuj\u00fa obilie z jedn\u00e9ho miesta na druh\u00e9 v r\u00e1mci skladovacieho zariadenia. Zais\u0165uje plynul\u00fd a efekt\u00edvny pohyb obilia na dlh\u00e9 vzdialenosti, \u010d\u00edm sa zni\u017euje oneskorenie a zlep\u0161uje priepustnos\u0165.<\/li>\n<li>V\u00fdhody: Pom\u00e1ha pri manipul\u00e1cii s ve\u013ek\u00fdmi objemami obilia, poskytuje konzistentn\u00fa r\u00fdchlos\u0165 a kr\u00fatiaci moment pre nepretr\u017eit\u00fa prev\u00e1dzku.<\/li>\n<\/ul>\n<p><strong>2. Obiln\u00e9 sil\u00e1<\/strong><\/p>\n<ul>\n<li>Funkcia: Prevodovka sa pou\u017e\u00edva v obiln\u00fdch sil\u00e1ch na vertik\u00e1lne zdv\u00edhanie obilia z ni\u017e\u0161\u00edch \u00farovn\u00ed do vy\u0161\u0161\u00edch skladovac\u00edch s\u00edl alebo z\u00e1sobn\u00edkov. Jej vysok\u00fd kr\u00fatiaci moment umo\u017e\u0148uje syst\u00e9mu sily zvl\u00e1da\u0165 \u0165a\u017ek\u00e9 bremen\u00e1.<\/li>\n<li>V\u00fdhody: Zais\u0165uje spo\u013eahliv\u00fa prev\u00e1dzku aj pri \u0165a\u017ek\u00fdch zdv\u00edhac\u00edch podmienkach, minimalizuje riziko prestojov a po\u0161kodenia strojov.<\/li>\n<\/ul>\n<p><strong>3. \u0160neky na manipul\u00e1ciu s obil\u00edm<\/strong><\/p>\n<ul>\n<li>Funkcia: Prevodovky FMP-1005 sa be\u017ene pou\u017e\u00edvaj\u00fa v z\u00e1vitovk\u00e1ch, ktor\u00e9 sa pou\u017e\u00edvaj\u00fa na prepravu obilia do skladovac\u00edch z\u00e1sobn\u00edkov, s\u00edl alebo pr\u00edvesov. Z\u00e1vitovky s\u00fa nevyhnutn\u00e9 na prepravu obilia z jedn\u00e9ho kontajnera do druh\u00e9ho.<\/li>\n<li>V\u00fdhody: Poskytuje plynul\u00fd a konzistentn\u00fd pohyb a v\u00fdkon z\u00e1vitovkov\u00e9ho syst\u00e9mu, \u010d\u00edm zais\u0165uje efekt\u00edvny prenos zrna s minim\u00e1lnym po\u0161koden\u00edm zrna.<\/li>\n<\/ul>\n<p><strong>4. Stroje na triedenie a \u010distenie obilia<\/strong><\/p>\n<ul>\n<li>Funkcia: Prevodovka sa pou\u017e\u00edva v strojoch, ktor\u00e9 triedia a \u010distia zo\u017eat\u00e9 obilie. Tieto stroje odde\u013euj\u00fa zvy\u0161ky od obilia a triedia ich pod\u013ea ve\u013ekosti alebo kvality.<\/li>\n<li>V\u00fdhody: Podporuje konzistentn\u00fd a spo\u013eahliv\u00fd prenos energie, ktor\u00fd je nevyhnutn\u00fd pre nepretr\u017eit\u00fd a plynul\u00fd chod procesov triedenia a \u010distenia.<\/li>\n<\/ul>\n<p><strong>5. Su\u0161i\u010dky obilia<\/strong><\/p>\n<ul>\n<li>Funkcia: Prevodovka sa nach\u00e1dza v zariadeniach na su\u0161enie obilia, kde poh\u00e1\u0148a komponenty ako ventil\u00e1tory, dopravn\u00edky a \u0161neky, ktor\u00e9 cirkuluj\u00fa hor\u00faci vzduch cez zrno, aby sa zn\u00ed\u017eil obsah vlhkosti.<\/li>\n<li>V\u00fdhody: Zvy\u0161uje \u00fa\u010dinnos\u0165 su\u0161enia zabezpe\u010den\u00edm plynul\u00e9ho chodu su\u0161iaceho syst\u00e9mu, \u010do je rozhoduj\u00face pre zachovanie kvality zrna.<\/li>\n<\/ul>\n<p>Prevodovka na skladovanie obilia FMP-1005 je v\u0161estrann\u00fd komponent pou\u017e\u00edvan\u00fd v r\u00f4znych aplik\u00e1ci\u00e1ch manipul\u00e1cie a skladovania obilia. V\u010faka svojej robustnej kon\u0161trukcii a spo\u013eahliv\u00e9mu v\u00fdkonu je ide\u00e1lna na pohon dopravn\u00edkov, \u0161nekov, elev\u00e1torov, \u010distiacich syst\u00e9mov a \u010fal\u0161\u00edch kritick\u00fdch strojov pou\u017e\u00edvan\u00fdch pri spracovan\u00ed, skladovan\u00ed a preprave obilia. Jej prisp\u00f4sobivos\u0165 zais\u0165uje plynul\u00fa prev\u00e1dzku, skracuje prestoje a maximalizuje \u00fa\u010dinnos\u0165 syst\u00e9mov manipul\u00e1cie s obil\u00edm vo ve\u013ek\u00fdch aj men\u0161\u00edch po\u013enohospod\u00e1rskych prostrediach.<\/p>\n<p><img loading=\"lazy\" decoding=\"async\" class=\"alignnone size-full wp-image-3096\" src=\"https:\/\/fmp-components.com\/wp-content\/uploads\/2025\/01\/Grain-Storage-Gearbox-28.webp\" alt=\"Prevodovka na skladovanie obilia\" width=\"1200\" height=\"950\" title=\"\" srcset=\"https:\/\/fmp-components.com\/wp-content\/uploads\/2025\/01\/Grain-Storage-Gearbox-28.webp 1200w, https:\/\/fmp-components.com\/wp-content\/uploads\/2025\/01\/Grain-Storage-Gearbox-28-980x776.webp 980w, https:\/\/fmp-components.com\/wp-content\/uploads\/2025\/01\/Grain-Storage-Gearbox-28-480x380.webp 480w\" sizes=\"(min-width: 0px) and (max-width: 480px) 480px, (min-width: 481px) and (max-width: 980px) 980px, (min-width: 981px) 1200px, 100vw\" \/><\/p>\n<h2>O FMP<\/h2>\n<p>Spolo\u010dnos\u0165 FMP so s\u00eddlom v Taliansku je popredn\u00fdm v\u00fdrobcom zn\u00e1mym svojimi odborn\u00fdmi znalos\u0165ami v oblasti navrhovania, v\u00fdvoja a v\u00fdroby vysokov\u00fdkonn\u00fdch prevodoviek s prim\u00e1rnym zameran\u00edm na sektor po\u013enohospod\u00e1rskych strojov. Spolo\u010dnos\u0165 FMP, zn\u00e1ma svojou presnou in\u017einierskou pr\u00e1cou, inovat\u00edvnymi rie\u0161eniami a neochvejnou spo\u013eahlivos\u0165ou, si z\u00edskala reput\u00e1ciu d\u00f4veryhodn\u00e9ho partnera v po\u013enohospod\u00e1rskom aj priemyselnom sektore. Na\u0161e komplexn\u00e9 portf\u00f3lio zah\u0155\u0148a prevodovky na mieru pre kosa\u010dky na tr\u00e1vu, v\u00fdvodov\u00e9 hriadele a \u0161irok\u00fa \u0161k\u00e1lu z\u00e1kladn\u00fdch komponentov, pri\u010dom v\u0161etky s\u00fa starostlivo vyroben\u00e9 tak, aby sp\u013a\u0148ali \u0161pecifick\u00e9 po\u017eiadavky r\u00f4znych aplik\u00e1ci\u00ed.<\/p>\n<p>V spolo\u010dnosti FMP ch\u00e1peme, \u017ee ka\u017ed\u00fd klient \u010del\u00ed jedine\u010dn\u00fdm v\u00fdzvam. Preto sa \u0161pecializujeme na poskytovanie rie\u0161en\u00ed na mieru, \u010di u\u017e ide o jednotliv\u00e9 komponenty alebo plne integrovan\u00e9 syst\u00e9my. Prostredn\u00edctvom \u00fazkej spolupr\u00e1ce s na\u0161imi klientmi zabezpe\u010dujeme, aby ka\u017ed\u00e9 rie\u0161enie nielen sp\u013a\u0148alo ich potreby, ale aj optimalizovalo v\u00fdkon a maximalizovalo hodnotu. N\u00e1\u0161 z\u00e1v\u00e4zok k r\u00fdchlym a profesion\u00e1lnym reakci\u00e1m a odborn\u00e9mu poradenstvu zaru\u010duje, \u017ee ka\u017ed\u00e1 po\u017eiadavka bude rie\u0161en\u00e1 s presnos\u0165ou, \u010do zaru\u010duje v\u017edy najlep\u0161ie v\u00fdsledky.<\/p>\n<p>Uprednost\u0148ujeme jasn\u00fa a nepretr\u017eit\u00fa komunik\u00e1ciu po\u010das cel\u00e9ho cyklu v\u00fdvoja produktu. N\u00e1\u0161 \u0161pecializovan\u00fd t\u00edm \u00fazko spolupracuje s klientmi, aby d\u00f4kladne pochopil ich po\u017eiadavky a poskytol im cenn\u00e9 poznatky a odpor\u00fa\u010dania na dosiahnutie optim\u00e1lnych v\u00fdsledkov. \u010ci u\u017e navrhujeme najmodernej\u0161ie produkty alebo pln\u00edme be\u017en\u00e9 objedn\u00e1vky, spolo\u010dnos\u0165 FMP sa zav\u00e4zuje dod\u00e1va\u0165 vysokokvalitn\u00e9, prec\u00edzne navrhnut\u00e9 rie\u0161enia v\u010das a v\u017edy. Na\u0161\u00edm poslan\u00edm je neust\u00e1le prekon\u00e1va\u0165 o\u010dak\u00e1vania klientov a poskytova\u0165 v\u00fdnimo\u010dn\u00e9 slu\u017eby a v\u00fdsledky pri ka\u017edom projekte.<\/p>\n<p>Kvalita je jadrom \u010dinnosti spolo\u010dnosti FMP. Dodr\u017eiavame najvy\u0161\u0161ie v\u00fdrobn\u00e9 \u0161tandardy a implementujeme pr\u00edsne opatrenia na kontrolu kvality, aby sme zabezpe\u010dili, \u017ee ka\u017ed\u00fd produkt sp\u013a\u0148a a \u010dasto aj prekon\u00e1va priemyseln\u00e9 \u0161tandardy. Tento z\u00e1v\u00e4zok k dokonalosti spolu s na\u0161imi z\u00e1kladn\u00fdmi hodnotami integrity, t\u00edmovej pr\u00e1ce a vytrvalosti n\u00e1m umo\u017enil vybudova\u0165 si dlhodob\u00e9 vz\u0165ahy zalo\u017een\u00e9 na d\u00f4vere s klientmi v takmer 30 krajin\u00e1ch sveta.<\/p>\n<p>Spolo\u010dnos\u0165 FMP sa v\u017edy sna\u017e\u00ed budova\u0165 glob\u00e1lne partnerstv\u00e1 a pon\u00faka odborn\u00e9 poradenstvo a rie\u0161enia na mieru, ktor\u00e9 rie\u0161ia meniace sa potreby na\u0161ich klientov. Sna\u017e\u00edme sa budova\u0165 dlhodob\u00e9 a vz\u00e1jomne prospe\u0161n\u00e9 vz\u0165ahy, ktor\u00e9 prispievaj\u00fa k \u00faspechu ka\u017ed\u00e9ho projektu. \u010ci u\u017e potrebujete inovat\u00edvne rie\u0161enia pre nov\u00fa iniciat\u00edvu alebo priebe\u017en\u00fa podporu pre existuj\u00faci syst\u00e9m, spolo\u010dnos\u0165 FMP je pripraven\u00e1 v\u00e1m pom\u00f4c\u0165 prekona\u0165 technick\u00e9 v\u00fdzvy a zabezpe\u010di\u0165 v\u00e1\u0161 trval\u00fd \u00faspech.<\/p>\n<p><img loading=\"lazy\" decoding=\"async\" class=\"alignnone wp-image-2695\" src=\"https:\/\/fmp-components.com\/wp-content\/uploads\/2025\/01\/agricultural-gearbox3.webp\" alt=\"po\u013enohospod\u00e1rska prevodovka\" width=\"1140\" height=\"1138\" title=\"\" srcset=\"https:\/\/fmp-components.com\/wp-content\/uploads\/2025\/01\/agricultural-gearbox3.webp 1140w, https:\/\/fmp-components.com\/wp-content\/uploads\/2025\/01\/agricultural-gearbox3-480x479.webp 480w\" sizes=\"(min-width: 0px) and (max-width: 480px) 480px, (min-width: 481px) 1140px, 100vw\" \/><\/p>\n<p>Autor: CX<\/p>","protected":false},"excerpt":{"rendered":"<p>Grain Storage Gearbox FMP-1005 Specifications Product Name Grain storage gearbox Material HT250 for housing, 40CrMnTi for gear shaft. Color Customization Mould No 6.5 Used Grain storage Benefits of Using Grain Storage Gearbox FMP-1005 The Grain Storage Gearbox FMP-1005 offers several benefits that enhance its functionality, efficiency, and reliability in agricultural grain storage systems. Below are [&hellip;]<\/p>","protected":false},"featured_media":3109,"comment_status":"open","ping_status":"closed","template":"","meta":{"_et_pb_use_builder":"","_et_pb_old_content":"","_et_gb_content_width":""},"product_brand":[],"product_cat":[73],"product_tag":[],"class_list":{"0":"post-3107","1":"product","2":"type-product","3":"status-publish","4":"has-post-thumbnail","6":"product_cat-grain-storage-gearbox","8":"first","9":"instock","10":"shipping-taxable","11":"product-type-simple"},"_links":{"self":[{"href":"https:\/\/fmp-components.com\/sk\/wp-json\/wp\/v2\/product\/3107","targetHints":{"allow":["GET"]}}],"collection":[{"href":"https:\/\/fmp-components.com\/sk\/wp-json\/wp\/v2\/product"}],"about":[{"href":"https:\/\/fmp-components.com\/sk\/wp-json\/wp\/v2\/types\/product"}],"replies":[{"embeddable":true,"href":"https:\/\/fmp-components.com\/sk\/wp-json\/wp\/v2\/comments?post=3107"}],"wp:featuredmedia":[{"embeddable":true,"href":"https:\/\/fmp-components.com\/sk\/wp-json\/wp\/v2\/media\/3109"}],"wp:attachment":[{"href":"https:\/\/fmp-components.com\/sk\/wp-json\/wp\/v2\/media?parent=3107"}],"wp:term":[{"taxonomy":"product_brand","embeddable":true,"href":"https:\/\/fmp-components.com\/sk\/wp-json\/wp\/v2\/product_brand?post=3107"},{"taxonomy":"product_cat","embeddable":true,"href":"https:\/\/fmp-components.com\/sk\/wp-json\/wp\/v2\/product_cat?post=3107"},{"taxonomy":"product_tag","embeddable":true,"href":"https:\/\/fmp-components.com\/sk\/wp-json\/wp\/v2\/product_tag?post=3107"}],"curies":[{"name":"pracovn\u00fd list","href":"https:\/\/api.w.org\/{rel}","templated":true}]}}