{"id":3094,"date":"2025-01-05T00:29:23","date_gmt":"2025-01-05T00:29:23","guid":{"rendered":"https:\/\/fmp-components.com\/?page_id=8"},"modified":"2025-01-05T00:53:33","modified_gmt":"2025-01-05T00:53:33","slug":"t-series-grain-storage-gearbox-fmp-4090-for-agricultural-grain-storage","status":"publish","type":"product","link":"https:\/\/fmp-components.com\/sk\/product\/t-series-grain-storage-gearbox-fmp-4090-for-agricultural-grain-storage\/","title":{"rendered":"Prevodovka na skladovanie obilia s\u00e9rie T FMP-4090 pre skladovanie po\u013enohospod\u00e1rskeho obilia"},"content":{"rendered":"<h2>\u0160pecifik\u00e1cie prevodovky FMP-4090 pre skladovanie obilia s\u00e9rie T<\/h2>\n<table style=\"width: 97.8083%; height: 184px;\" border=\"1\" cellspacing=\"0\" cellpadding=\"0\">\n<tbody>\n<tr class=\"firstRow\">\n<td>N\u00e1zov produktu<\/td>\n<td>Prevodovka na skladovanie obilia<\/td>\n<\/tr>\n<tr>\n<td>Materi\u00e1l<\/td>\n<td>A380 pre teleso, 40CrMnTi pre hriade\u013e prevodovky.<\/td>\n<\/tr>\n<tr>\n<td>Farba<\/td>\n<td>Prisp\u00f4soben\u00e9<\/td>\n<\/tr>\n<tr>\n<td>Pomer<\/td>\n<td>1:35:1<\/td>\n<\/tr>\n<tr>\n<td>V\u00fdkon<\/td>\n<td>45 kon\u00ed<\/td>\n<\/tr>\n<tr>\n<td>Hmotnos\u0165<\/td>\n<td>13,2 kg<\/td>\n<\/tr>\n<tr>\n<td>Pou\u017eit\u00e9<\/td>\n<td>Skladovanie obilia<\/td>\n<\/tr>\n<\/tbody>\n<\/table>\n<h2>V\u00fdhody pou\u017eitia prevodovky na skladovanie obilia s\u00e9rie T v po\u013enohospod\u00e1rstve<\/h2>\n<p>Prevodovka na skladovanie obilia s\u00e9rie T pon\u00faka mno\u017estvo v\u00fdhod pre po\u013enohospod\u00e1rske aplik\u00e1cie, najm\u00e4 v syst\u00e9moch skladovania obilia. Tu s\u00fa k\u013e\u00fa\u010dov\u00e9 v\u00fdhody pou\u017e\u00edvania tejto prevodovky:<\/p>\n<p><strong>1. Zv\u00fd\u0161en\u00e1 odolnos\u0165 a spo\u013eahlivos\u0165<\/strong><\/p>\n<ul>\n<li>Dlhotrvaj\u00faci v\u00fdkon: Prevodovky radu T s\u00fa vyroben\u00e9 z robustn\u00fdch materi\u00e1lov a v\u010faka presn\u00e9mu in\u017einierstvu zabezpe\u010duj\u00fa, \u017ee odol\u00e1vaj\u00fa n\u00e1ro\u010dn\u00fdm podmienkam typick\u00fdm pre po\u013enohospod\u00e1rske prostredie. T\u00e1to odolnos\u0165 vedie k men\u0161iemu po\u010dtu por\u00fach a dlh\u0161ej \u017eivotnosti, \u010d\u00edm sa zni\u017euj\u00fa n\u00e1klady na \u00fadr\u017ebu a prestoje.<\/li>\n<\/ul>\n<p><strong>2. Vysok\u00e1 \u00fa\u010dinnos\u0165<\/strong><\/p>\n<ul>\n<li>Optimalizovan\u00fd prenos v\u00fdkonu: Prevodovky s\u00fa navrhnut\u00e9 tak, aby poskytovali efekt\u00edvny prenos v\u00fdkonu a zabezpe\u010dovali plynul\u00fd chod cel\u00e9ho syst\u00e9mu manipul\u00e1cie a skladovania obilia. T\u00e1to \u00fa\u010dinnos\u0165 pom\u00e1ha zni\u017eova\u0165 spotrebu energie, \u010d\u00edm sa zni\u017euj\u00fa prev\u00e1dzkov\u00e9 n\u00e1klady a z\u00e1rove\u0148 sa udr\u017eiava optim\u00e1lny v\u00fdkon.<\/li>\n<\/ul>\n<p><strong>3. Mo\u017enosti prisp\u00f4sobenia<\/strong><\/p>\n<ul>\n<li>Prisp\u00f4soben\u00e9 \u0161pecifick\u00fdm potreb\u00e1m: S\u00e9riu T je mo\u017en\u00e9 prisp\u00f4sobi\u0165 tak, aby sp\u013a\u0148ala \u0161pecifick\u00e9 po\u017eiadavky r\u00f4znych aplik\u00e1ci\u00ed skladovania obilia. \u010ci u\u017e ide o mal\u00e9 prev\u00e1dzky alebo ve\u013ek\u00e9 skladovacie zariadenia, t\u00fato prevodovku je mo\u017en\u00e9 prisp\u00f4sobi\u0165 r\u00f4znym konfigur\u00e1ci\u00e1m a ve\u013ekostiam syst\u00e9mov.<\/li>\n<\/ul>\n<p><strong>4. Hladk\u00e1 prev\u00e1dzka<\/strong><\/p>\n<ul>\n<li>Zn\u00ed\u017eenie hluku a vibr\u00e1ci\u00ed: Pokro\u010dil\u00fd dizajn a kon\u0161trukcia prevodovky radu T minimalizuje prev\u00e1dzkov\u00fd hluk a vibr\u00e1cie. Vytv\u00e1ra to tich\u0161ie a stabilnej\u0161ie pracovn\u00e9 prostredie, \u010do prispieva k lep\u0161iemu celkov\u00e9mu v\u00fdkonu syst\u00e9mu.<\/li>\n<\/ul>\n<p><strong>5. Vylep\u0161en\u00e1 manipul\u00e1cia s obil\u00edm<\/strong><\/p>\n<ul>\n<li>Konzistentn\u00e1 prev\u00e1dzka: V\u010faka spo\u013eahliv\u00e9mu prenosu v\u00fdkonu a presn\u00e9mu riadeniu zabezpe\u010duje prevodovka radu T konzistentn\u00fa a rovnomern\u00fa prev\u00e1dzku zariaden\u00ed na manipul\u00e1ciu s obil\u00edm, ako s\u00fa dopravn\u00edky a \u0161neky. To pom\u00e1ha predch\u00e1dza\u0165 po\u0161kodeniu obilia a zais\u0165uje jeho efekt\u00edvne skladovanie.<\/li>\n<\/ul>\n<p>Pou\u017e\u00edvanie prevodovky na skladovanie obilia s\u00e9rie T v po\u013enohospod\u00e1rskych aplik\u00e1ci\u00e1ch zvy\u0161uje efektivitu, zni\u017euje prev\u00e1dzkov\u00e9 n\u00e1klady a predl\u017euje \u017eivotnos\u0165 zariaden\u00ed, a to v\u0161etko pri zachovan\u00ed vysokej spo\u013eahlivosti a n\u00edzkych po\u017eiadaviek na \u00fadr\u017ebu. V\u010faka t\u00fdmto v\u00fdhod\u00e1m je vynikaj\u00facou vo\u013ebou pre ka\u017ed\u00e9 modern\u00e9 zariadenie na skladovanie obilia, ktor\u00e9 zabezpe\u010duje plynulej\u0161iu prev\u00e1dzku a vy\u0161\u0161iu n\u00e1vratnos\u0165 invest\u00edci\u00ed.<\/p>\n<table style=\"border-collapse: collapse; width: 102.065%; height: 354px;\" border=\"0\" width=\"128\" cellspacing=\"0\" cellpadding=\"0\">\n<tbody>\n<tr style=\"height: 13.8pt;\">\n<td style=\"height: 13.8pt; width: 48.318%;\" align=\"right\" width=\"64\" height=\"18\"><img loading=\"lazy\" decoding=\"async\" class=\"alignnone size-full wp-image-3099\" src=\"https:\/\/fmp-components.com\/wp-content\/uploads\/2025\/01\/T-Series-Grain-Storage-Gearbox-for-Agricultural-1.webp\" alt=\"Prevodovka na skladovanie obilia\" width=\"1000\" height=\"623\" title=\"\" srcset=\"https:\/\/fmp-components.com\/wp-content\/uploads\/2025\/01\/T-Series-Grain-Storage-Gearbox-for-Agricultural-1.webp 1000w, https:\/\/fmp-components.com\/wp-content\/uploads\/2025\/01\/T-Series-Grain-Storage-Gearbox-for-Agricultural-1-980x611.webp 980w, https:\/\/fmp-components.com\/wp-content\/uploads\/2025\/01\/T-Series-Grain-Storage-Gearbox-for-Agricultural-1-480x299.webp 480w\" sizes=\"(min-width: 0px) and (max-width: 480px) 480px, (min-width: 481px) and (max-width: 980px) 980px, (min-width: 981px) 1000px, 100vw\" \/><\/td>\n<td style=\"width: 51.58%;\" align=\"right\" width=\"64\"><img loading=\"lazy\" decoding=\"async\" class=\"alignnone size-full wp-image-3101\" src=\"https:\/\/fmp-components.com\/wp-content\/uploads\/2025\/01\/Grain-Storage-Gearbox-21.webp\" alt=\"Prevodovka na skladovanie obilia\" width=\"946\" height=\"551\" title=\"\" srcset=\"https:\/\/fmp-components.com\/wp-content\/uploads\/2025\/01\/Grain-Storage-Gearbox-21.webp 946w, https:\/\/fmp-components.com\/wp-content\/uploads\/2025\/01\/Grain-Storage-Gearbox-21-480x280.webp 480w\" sizes=\"(min-width: 0px) and (max-width: 480px) 480px, (min-width: 481px) 946px, 100vw\" \/><\/td>\n<\/tr>\n<\/tbody>\n<\/table>\n<h2>Pou\u017eitie prevodovky na skladovanie obilia s\u00e9rie T pre po\u013enohospod\u00e1rstvo<\/h2>\n<p>Prevodovka na skladovanie obilia s\u00e9rie T sa \u0161iroko pou\u017e\u00edva v r\u00f4znych po\u013enohospod\u00e1rskych aplik\u00e1ci\u00e1ch, najm\u00e4 v t\u00fdch, ktor\u00e9 s\u00favisia s manipul\u00e1ciou a skladovan\u00edm obilia. V\u010faka svojej robustnej kon\u0161trukcii a \u00fa\u010dinnosti je nevyhnutnou s\u00fa\u010das\u0165ou mnoh\u00fdch po\u013enohospod\u00e1rskych oper\u00e1ci\u00ed. Tu s\u00fa niektor\u00e9 z k\u013e\u00fa\u010dov\u00fdch aplik\u00e1ci\u00ed prevodovky na skladovanie obilia s\u00e9rie T:<\/p>\n<p><strong>1. Syst\u00e9my na prepravu obilia<\/strong><\/p>\n<ul>\n<li>\u00daloha: Prevodovka poh\u00e1\u0148a dopravn\u00edky, ktor\u00e9 prepravuj\u00fa obilie z jedn\u00e9ho miesta na druh\u00e9 v r\u00e1mci skladovac\u00edch zariaden\u00ed alebo medzi r\u00f4znymi f\u00e1zami spracovania.<\/li>\n<li>Pou\u017eitie: Prevodovka radu T, ktor\u00e1 sa pou\u017e\u00edva v kore\u010dkov\u00fdch elev\u00e1toroch, horizont\u00e1lnych dopravn\u00edkoch a \u0161ikm\u00fdch dopravn\u00edkoch, zais\u0165uje plynul\u00fd a efekt\u00edvny pohyb obilia, \u010d\u00edm zni\u017euje riziko zaseknutia a oneskorenia.<\/li>\n<\/ul>\n<p><strong>2. \u0160nekov\u00e9 dopravn\u00edky na obilie<\/strong><\/p>\n<ul>\n<li>\u00daloha: Z\u00e1vitovky sa be\u017ene pou\u017e\u00edvaj\u00fa na nakladanie a vykladanie obilia z n\u00e1kladn\u00fdch \u00e1ut alebo s\u00edl. Prevodovka s\u00e9rie T poh\u00e1\u0148a syst\u00e9m z\u00e1vitoviek, \u010d\u00edm zabezpe\u010duje spo\u013eahliv\u00fd a nepretr\u017eit\u00fd tok obilia.<\/li>\n<li>Pou\u017eitie: Prevodovka zais\u0165uje konzistentn\u00fa rot\u00e1ciu a optim\u00e1lne ovl\u00e1danie, \u010d\u00edm zabra\u0148uje upchatiu a minimalizuje opotrebovanie z\u00e1vitovkov\u00e9ho syst\u00e9mu, \u010d\u00edm sa zlep\u0161uje prev\u00e1dzkov\u00e1 \u00fa\u010dinnos\u0165.<\/li>\n<\/ul>\n<p><strong>3. Syst\u00e9my na su\u0161enie obilia<\/strong><\/p>\n<ul>\n<li>\u00daloha: V su\u0161i\u010dk\u00e1ch obilia prevodovka poh\u00e1\u0148a rotuj\u00faci bubon alebo dopravn\u00edkov\u00e9 syst\u00e9my, ktor\u00e9 cirkuluj\u00fa obilie pre rovnomern\u00e9 su\u0161enie.<\/li>\n<li>Pou\u017eitie: Prevodovka s\u00e9rie T zais\u0165uje efekt\u00edvne a \u00fa\u010dinn\u00e9 su\u0161enie, ktor\u00e9 je k\u013e\u00fa\u010dov\u00e9 pre udr\u017eanie kvality zrna a zn\u00ed\u017eenie obsahu vlhkosti, a t\u00fdm poskytuje potrebn\u00fd kr\u00fatiaci moment.<\/li>\n<\/ul>\n<p><strong>4. Prev\u00e1dzka silov\u00e9ho skladu na obilie<\/strong><\/p>\n<ul>\n<li>\u00daloha: Prevodovka radu T poh\u00e1\u0148a r\u00f4zne mechanizmy v obiln\u00fdch sil\u00e1ch vr\u00e1tane prevzdu\u0161\u0148ovac\u00edch syst\u00e9mov, vykladac\u00edch \u0161nekov a dopravn\u00edkov.<\/li>\n<li>Pou\u017eitie: Zais\u0165uje plynul\u00fd a spo\u013eahliv\u00fd pohyb obilia do a zo s\u00edl, \u010d\u00edm podporuje lep\u0161ie skladovacie podmienky a zni\u017euje mo\u017enos\u0165 kazenia v d\u00f4sledku zl\u00e9ho prevzdu\u0161nenia.<\/li>\n<\/ul>\n<p><strong>5. Zariadenia na \u010distenie a triedenie obilia<\/strong><\/p>\n<ul>\n<li>\u00daloha: Prevodovka sa pou\u017e\u00edva na pohon motorov \u010distiacich a triediacich strojov, ako s\u00fa vibra\u010dn\u00e9 sit\u00e1, \u010disti\u010dky a triedi\u010de, ktor\u00e9 sa pou\u017e\u00edvaj\u00fa na pr\u00edpravu obilia na skladovanie alebo predaj.<\/li>\n<li>Pou\u017eitie: V\u010faka efekt\u00edvnemu prenosu v\u00fdkonu zabezpe\u010duje prevodovka s\u00e9rie T konzistentn\u00fd v\u00fdkon \u010distiaceho zariadenia, pom\u00e1ha odstra\u0148ova\u0165 ne\u010distoty a zabezpe\u010duje skladovanie alebo prepravu iba vysokokvalitn\u00e9ho obilia.<\/li>\n<\/ul>\n<p>Prevodovka na skladovanie obilia s\u00e9rie T je nevyhnutnou s\u00fa\u010das\u0165ou mnoh\u00fdch po\u013enohospod\u00e1rskych procesov a poskytuje spo\u013eahliv\u00fd a efekt\u00edvny prenos v\u00fdkonu pre r\u00f4zne syst\u00e9my manipul\u00e1cie, spracovania a skladovania obilia. V\u010faka svojej v\u0161estrannosti, \u00fa\u010dinnosti a odolnosti je ide\u00e1lna na prepravu, su\u0161enie, triedenie, mletie a \u010fal\u0161ie \u010dinnosti, \u010d\u00edm zabezpe\u010duje plynul\u00fd chod v \u0161irokej \u0161k\u00e1le po\u013enohospod\u00e1rskych aplik\u00e1ci\u00ed.<\/p>\n<p><img loading=\"lazy\" decoding=\"async\" class=\"alignnone size-full wp-image-3096\" src=\"https:\/\/fmp-components.com\/wp-content\/uploads\/2025\/01\/Grain-Storage-Gearbox-28.webp\" alt=\"Prevodovka na skladovanie obilia\" width=\"1200\" height=\"950\" title=\"\" srcset=\"https:\/\/fmp-components.com\/wp-content\/uploads\/2025\/01\/Grain-Storage-Gearbox-28.webp 1200w, https:\/\/fmp-components.com\/wp-content\/uploads\/2025\/01\/Grain-Storage-Gearbox-28-980x776.webp 980w, https:\/\/fmp-components.com\/wp-content\/uploads\/2025\/01\/Grain-Storage-Gearbox-28-480x380.webp 480w\" sizes=\"(min-width: 0px) and (max-width: 480px) 480px, (min-width: 481px) and (max-width: 980px) 980px, (min-width: 981px) 1200px, 100vw\" \/><\/p>\n<h2>O FMP<\/h2>\n<p>Spolo\u010dnos\u0165 FMP so s\u00eddlom v Taliansku je popredn\u00fdm v\u00fdrobcom zn\u00e1mym svojimi odborn\u00fdmi znalos\u0165ami v oblasti navrhovania, v\u00fdvoja a v\u00fdroby vysokov\u00fdkonn\u00fdch prevodoviek s prim\u00e1rnym zameran\u00edm na sektor po\u013enohospod\u00e1rskych strojov. Spolo\u010dnos\u0165 FMP, zn\u00e1ma pre svoje presn\u00e9 in\u017einierstvo, inovat\u00edvne rie\u0161enia a neochvejn\u00fa spo\u013eahlivos\u0165, sa etablovala ako d\u00f4veryhodn\u00fd partner na po\u013enohospod\u00e1rskom aj priemyselnom trhu. Na\u0161e rozsiahle portf\u00f3lio zah\u0155\u0148a prevodovky na mieru pre kosa\u010dky na tr\u00e1vu, v\u00fdvodov\u00e9 hriadele a \u0161irok\u00fa \u0161k\u00e1lu kritick\u00fdch komponentov, pri\u010dom v\u0161etky s\u00fa vyroben\u00e9 s d\u00f4razom na detail, aby sp\u013a\u0148ali rozmanit\u00e9 potreby r\u00f4znych aplik\u00e1ci\u00ed.<\/p>\n<p>V spolo\u010dnosti FMP si uvedomujeme, \u017ee ka\u017ed\u00fd klient \u010del\u00ed jedine\u010dn\u00fdm v\u00fdzvam. Preto sa \u0161pecializujeme na poskytovanie rie\u0161en\u00ed na mieru, \u010di u\u017e ide o jednotliv\u00e9 komponenty alebo plne integrovan\u00e9 syst\u00e9my. \u00dazkou spolupr\u00e1cou s na\u0161imi klientmi zabezpe\u010dujeme, aby ka\u017ed\u00e9 rie\u0161enie nielen sp\u013a\u0148alo ich \u0161pecifick\u00e9 po\u017eiadavky, ale aj zvy\u0161ovalo v\u00fdkon a maximalizovalo hodnotu. N\u00e1\u0161 z\u00e1v\u00e4zok poskytova\u0165 r\u00fdchle a profesion\u00e1lne odpovede a odborn\u00e9 poradenstvo zabezpe\u010duje, \u017ee ka\u017ed\u00e1 po\u017eiadavka je spracovan\u00e1 s presnos\u0165ou, \u010do v\u017edy vedie k optim\u00e1lnym v\u00fdsledkom.<\/p>\n<p>Jasn\u00e1 a nepretr\u017eit\u00e1 komunik\u00e1cia je jadrom n\u00e1\u0161ho pr\u00edstupu po\u010das cel\u00e9ho cyklu v\u00fdvoja produktu. N\u00e1\u0161 \u0161pecializovan\u00fd t\u00edm spolupracuje priamo s klientmi, aby z\u00edskal hlbok\u00e9 pochopenie ich potrieb a pon\u00faka cenn\u00e9 poznatky a odpor\u00fa\u010dania na dosiahnutie najlep\u0161\u00edch v\u00fdsledkov. \u010ci u\u017e navrhujeme \u0161pi\u010dkov\u00e9 produkty alebo pln\u00edme be\u017en\u00e9 objedn\u00e1vky, spolo\u010dnos\u0165 FMP je odhodlan\u00e1 dod\u00e1va\u0165 vysokokvalitn\u00e9, prec\u00edzne navrhnut\u00e9 rie\u0161enia v\u010das a v\u017edy. Na\u0161\u00edm poslan\u00edm je neust\u00e1le prekon\u00e1va\u0165 o\u010dak\u00e1vania klientov poskytovan\u00edm v\u00fdnimo\u010dn\u00fdch slu\u017eieb a vynikaj\u00facich v\u00fdsledkov pri ka\u017edom projekte.<\/p>\n<p>Kvalita je v spolo\u010dnosti FMP stredobodom v\u0161etk\u00e9ho, \u010do rob\u00edme. Dodr\u017eiavame najvy\u0161\u0161ie v\u00fdrobn\u00e9 \u0161tandardy a presadzujeme pr\u00edsne opatrenia na kontrolu kvality, aby sme zabezpe\u010dili, \u017ee ka\u017ed\u00fd produkt nielen sp\u013a\u0148a, ale \u010dasto aj prekon\u00e1va priemyseln\u00e9 \u0161tandardy. Tento z\u00e1v\u00e4zok k dokonalosti spolu s na\u0161imi z\u00e1kladn\u00fdmi hodnotami integrity, t\u00edmovej pr\u00e1ce a vytrvalosti n\u00e1m umo\u017enil vybudova\u0165 si dlhodob\u00e9 vz\u0165ahy zalo\u017een\u00e9 na d\u00f4vere s klientmi v takmer 30 krajin\u00e1ch sveta.<\/p>\n<p>Spolo\u010dnos\u0165 FMP sa v\u017edy sna\u017e\u00ed podporova\u0165 glob\u00e1lne partnerstv\u00e1 a pon\u00faka odborn\u00e9 poradenstvo a rie\u0161enia na mieru, ktor\u00e9 sp\u013a\u0148aj\u00fa meniace sa potreby na\u0161ich klientov. Sme odhodlan\u00ed budova\u0165 dlhodob\u00e9 a vz\u00e1jomne prospe\u0161n\u00e9 vz\u0165ahy, ktor\u00e9 s\u00fa hnacou silou \u00faspechu ka\u017ed\u00e9ho projektu. \u010ci u\u017e h\u013ead\u00e1te inovat\u00edvne rie\u0161enia pre nov\u00fd podnik alebo potrebujete neust\u00e1lu podporu pre existuj\u00faci syst\u00e9m, FMP je tu, aby v\u00e1m pomohla prekona\u0165 technick\u00e9 v\u00fdzvy a zabezpe\u010di\u0165 v\u00e1\u0161 trval\u00fd \u00faspech.<\/p>\n<p><img loading=\"lazy\" decoding=\"async\" class=\"alignnone wp-image-2695\" src=\"https:\/\/fmp-components.com\/wp-content\/uploads\/2025\/01\/agricultural-gearbox3.webp\" alt=\"po\u013enohospod\u00e1rska prevodovka\" width=\"1140\" height=\"1138\" title=\"\" srcset=\"https:\/\/fmp-components.com\/wp-content\/uploads\/2025\/01\/agricultural-gearbox3.webp 1140w, https:\/\/fmp-components.com\/wp-content\/uploads\/2025\/01\/agricultural-gearbox3-480x479.webp 480w\" sizes=\"(min-width: 0px) and (max-width: 480px) 480px, (min-width: 481px) 1140px, 100vw\" \/><\/p>\n<p>Autor: CX<\/p>","protected":false},"excerpt":{"rendered":"<p>T Series Grain Storage Gearbox FMP-4090 Specifications Product Name Grain storage gearbox Material A380 for housing, 40CrMnTi for gear shaft. Color Customized Ratio 1:35:1 Rate power 45HP Weight 13.2KG Used Grain storage Benefits of Using the T Series Grain Storage Gearbox for Agricultural The T Series Grain Storage Gearbox offers numerous advantages for agricultural applications, [&hellip;]<\/p>","protected":false},"featured_media":3098,"comment_status":"open","ping_status":"closed","template":"","meta":{"_et_pb_use_builder":"","_et_pb_old_content":"","_et_gb_content_width":""},"product_brand":[],"product_cat":[73],"product_tag":[],"class_list":{"0":"post-3094","1":"product","2":"type-product","3":"status-publish","4":"has-post-thumbnail","6":"product_cat-grain-storage-gearbox","8":"first","9":"instock","10":"shipping-taxable","11":"product-type-simple"},"_links":{"self":[{"href":"https:\/\/fmp-components.com\/sk\/wp-json\/wp\/v2\/product\/3094","targetHints":{"allow":["GET"]}}],"collection":[{"href":"https:\/\/fmp-components.com\/sk\/wp-json\/wp\/v2\/product"}],"about":[{"href":"https:\/\/fmp-components.com\/sk\/wp-json\/wp\/v2\/types\/product"}],"replies":[{"embeddable":true,"href":"https:\/\/fmp-components.com\/sk\/wp-json\/wp\/v2\/comments?post=3094"}],"wp:featuredmedia":[{"embeddable":true,"href":"https:\/\/fmp-components.com\/sk\/wp-json\/wp\/v2\/media\/3098"}],"wp:attachment":[{"href":"https:\/\/fmp-components.com\/sk\/wp-json\/wp\/v2\/media?parent=3094"}],"wp:term":[{"taxonomy":"product_brand","embeddable":true,"href":"https:\/\/fmp-components.com\/sk\/wp-json\/wp\/v2\/product_brand?post=3094"},{"taxonomy":"product_cat","embeddable":true,"href":"https:\/\/fmp-components.com\/sk\/wp-json\/wp\/v2\/product_cat?post=3094"},{"taxonomy":"product_tag","embeddable":true,"href":"https:\/\/fmp-components.com\/sk\/wp-json\/wp\/v2\/product_tag?post=3094"}],"curies":[{"name":"pracovn\u00fd list","href":"https:\/\/api.w.org\/{rel}","templated":true}]}}