{"id":3088,"date":"2025-01-04T08:55:19","date_gmt":"2025-01-04T08:55:19","guid":{"rendered":"https:\/\/fmp-components.com\/?page_id=8"},"modified":"2025-01-04T09:00:03","modified_gmt":"2025-01-04T09:00:03","slug":"agricultural-combine-harvester-reversing-gearbox-for-rice-harvesting","status":"publish","type":"product","link":"https:\/\/fmp-components.com\/sk\/product\/agricultural-combine-harvester-reversing-gearbox-for-rice-harvesting\/","title":{"rendered":"Reverzn\u00e1 prevodovka pre po\u013enohospod\u00e1rsky kombajn na zber ry\u017ee"},"content":{"rendered":"<p><img loading=\"lazy\" decoding=\"async\" class=\"alignnone size-full wp-image-3090\" src=\"https:\/\/fmp-components.com\/wp-content\/uploads\/2025\/01\/10_Combine-Harvester-Gearbox-2.webp\" alt=\"Prevodovka kombajnu\" width=\"1534\" height=\"1138\" title=\"\" srcset=\"https:\/\/fmp-components.com\/wp-content\/uploads\/2025\/01\/10_Combine-Harvester-Gearbox-2.webp 1534w, https:\/\/fmp-components.com\/wp-content\/uploads\/2025\/01\/10_Combine-Harvester-Gearbox-2-1280x950.webp 1280w, https:\/\/fmp-components.com\/wp-content\/uploads\/2025\/01\/10_Combine-Harvester-Gearbox-2-980x727.webp 980w, https:\/\/fmp-components.com\/wp-content\/uploads\/2025\/01\/10_Combine-Harvester-Gearbox-2-480x356.webp 480w\" sizes=\"(min-width: 0px) and (max-width: 480px) 480px, (min-width: 481px) and (max-width: 980px) 980px, (min-width: 981px) and (max-width: 1280px) 1280px, (min-width: 1281px) 1534px, 100vw\" \/><\/p>\n<h2>\u0160pecifik\u00e1cie produktu:<\/h2>\n<table style=\"width: 86.1946%; height: 161px;\" border=\"1\" cellspacing=\"0\" cellpadding=\"0\">\n<tbody>\n<tr>\n<td>N\u00e1zov produktu<\/td>\n<td>Kr\u00e1tky c\u00favac\u00ed chod pre kombajn na ry\u017eu<\/td>\n<\/tr>\n<tr>\n<td>Materi\u00e1l<\/td>\n<td>QT450 pre teleso, 20CrMnTi pre hriade\u013e prevodovky.<\/td>\n<\/tr>\n<tr>\n<td>Farba<\/td>\n<td>Prisp\u00f4sobenie<\/td>\n<\/tr>\n<tr>\n<td>Model<\/td>\n<td>\u00a0FMP-1.6Z.03-05<\/td>\n<\/tr>\n<tr>\n<td>Pou\u017eit\u00e9<\/td>\n<td>Kombajn na ry\u017eu<\/td>\n<\/tr>\n<\/tbody>\n<\/table>\n<h2>V\u00fdhody pou\u017eitia reverznej prevodovky kombajnu<\/h2>\n<p>Reverzn\u00e1 prevodovka pre kombajn pon\u00faka nieko\u013eko v\u00fdznamn\u00fdch v\u00fdhod, ktor\u00e9 zvy\u0161uj\u00fa efektivitu a funk\u010dnos\u0165 kombajnu. Tu s\u00fa niektor\u00e9 k\u013e\u00fa\u010dov\u00e9 v\u00fdhody pou\u017eitia tejto \u0161pecializovanej prevodovky:<\/p>\n<p><strong>1. Zlep\u0161en\u00e1 ovl\u00e1date\u013enos\u0165<\/strong><\/p>\n<ul>\n<li>Reverzn\u00e1 prevodovka umo\u017e\u0148uje kombajnu jednoduch\u00e9 c\u00favanie bez nutnosti zlo\u017eit\u00fdch man\u00e9vrov alebo zastavovania a ot\u00e1\u010dania. To je obzvl\u00e1\u0161\u0165 u\u017eito\u010dn\u00e9 v stiesnen\u00fdch priestoroch alebo pri \u00faprave polohy na poli, \u010d\u00edm sa zlep\u0161uje celkov\u00e1 prev\u00e1dzkov\u00e1 efektivita.<\/li>\n<\/ul>\n<p><strong>2. Zv\u00fd\u0161en\u00e1 prev\u00e1dzkov\u00e1 efekt\u00edvnos\u0165<\/strong><\/p>\n<ul>\n<li>V\u010faka reverza\u010dnej prevodovke m\u00f4\u017ee kombajn r\u00fdchlo meni\u0165 smer bez nutnosti vyra\u010fovania alebo radenia. To umo\u017e\u0148uje plynulej\u0161\u00ed a r\u00fdchlej\u0161\u00ed prechod pri vjazde a v\u00fdjazde z oblast\u00ed s hust\u00fdm porastom, \u010d\u00edm sa skracuj\u00fa prestoje a zlep\u0161uje efektivita zberu.<\/li>\n<\/ul>\n<p><strong>3. Zv\u00fd\u0161en\u00e1 produktivita<\/strong><\/p>\n<ul>\n<li>V\u010faka r\u00fdchlemu sp\u00e4tn\u00e9mu chodu bez zastavenia sa oper\u00e1tori m\u00f4\u017eu vyhn\u00fa\u0165 zdr\u017eaniam a skr\u00e1ti\u0165 \u010das str\u00e1ven\u00fd premiest\u0148ovan\u00edm stroja. To vedie k vy\u0161\u0161ej celkovej priepustnosti po\u010das procesu zberu \u00farody, najm\u00e4 na poliach, ktor\u00e9 si vy\u017eaduj\u00fa \u010dast\u00e9 zmeny smeru kv\u00f4li prek\u00e1\u017ekam, odbo\u010dk\u00e1m alebo nerovn\u00e9mu ter\u00e9nu.<\/li>\n<\/ul>\n<p><strong>4. V\u00e4\u010d\u0161ia v\u0161estrannos\u0165<\/strong><\/p>\n<ul>\n<li>Reverzn\u00e1 prevodovka poskytuje v\u00e4\u010d\u0161iu flexibilitu v pracovn\u00fdch podmienkach. Pom\u00e1ha kombajnu prisp\u00f4sobi\u0165 sa r\u00f4znym \u00faloh\u00e1m, ako je odstra\u0148ovanie zvy\u0161kov plod\u00edn, c\u00favanie za \u00fa\u010delom \u00fapravy polohy \u017eacieho \u017eatvy alebo obch\u00e1dzanie prek\u00e1\u017eok, a to v\u0161etko bez nutnosti preradenia na in\u00fd prevodov\u00fd stupe\u0148 alebo preru\u0161enia pr\u00e1ce.<\/li>\n<\/ul>\n<p><strong>5. Zn\u00ed\u017een\u00e9 opotrebovanie<\/strong><\/p>\n<ul>\n<li>Prevodovka umo\u017e\u0148uje plynulej\u0161\u00ed chod pri c\u00favan\u00ed, \u010d\u00edm sa zni\u017euje opotrebovanie \u010fal\u0161\u00edch kritick\u00fdch komponentov, ako je spojka a prevodovka. Minimalizuje tie\u017e potrebu manu\u00e1lnych z\u00e1sahov, \u010d\u00edm sa predl\u017euje \u017eivotnos\u0165 pohonu vozidla a zni\u017euje sa riziko mechanick\u00fdch por\u00fach.<\/li>\n<\/ul>\n<p>Stru\u010dne povedan\u00e9, reverzn\u00e1 prevodovka pre kombajn pon\u00faka v\u00fdhody, ako je zv\u00fd\u0161en\u00e1 man\u00e9vrovate\u013enos\u0165, prev\u00e1dzkov\u00e1 efektivita a produktivita, a z\u00e1rove\u0148 zlep\u0161uje bezpe\u010dnos\u0165, zni\u017euje opotrebovanie a zvy\u0161uje spotrebu paliva. V\u010faka t\u00fdmto v\u00fdhod\u00e1m je nepostr\u00e1date\u013enou s\u00fa\u010das\u0165ou modern\u00fdch kombajnov a zabezpe\u010duje po\u013enohospod\u00e1rom \u00fasporu \u010dasu aj n\u00e1kladov.<\/p>\n<p><img loading=\"lazy\" decoding=\"async\" class=\"alignnone  wp-image-3091\" src=\"https:\/\/fmp-components.com\/wp-content\/uploads\/2025\/01\/10_Combine-Harvester-Gearbox-12.webp\" alt=\"Prevodovka kombajnu\" width=\"1078\" height=\"609\" title=\"\" srcset=\"https:\/\/fmp-components.com\/wp-content\/uploads\/2025\/01\/10_Combine-Harvester-Gearbox-12.webp 1078w, https:\/\/fmp-components.com\/wp-content\/uploads\/2025\/01\/10_Combine-Harvester-Gearbox-12-980x554.webp 980w, https:\/\/fmp-components.com\/wp-content\/uploads\/2025\/01\/10_Combine-Harvester-Gearbox-12-480x271.webp 480w\" sizes=\"(min-width: 0px) and (max-width: 480px) 480px, (min-width: 481px) and (max-width: 980px) 980px, (min-width: 981px) 1078px, 100vw\" \/><\/p>\n<h2>K\u013e\u00fa\u010dov\u00e9 komponenty reverznej prevodovky kombajnu<\/h2>\n<div class=\"flex-shrink-0 flex flex-col relative items-end\">\n<div>\n<div class=\"pt-0\">\n<div class=\"gizmo-bot-avatar flex h-8 w-8 items-center justify-center overflow-hidden rounded-full\">\n<div class=\"relative p-1 rounded-sm flex items-center justify-center bg-token-main-surface-primary text-token-text-primary h-8 w-8\">Reverza\u010dn\u00e1 prevodovka kombajnu je k\u013e\u00fa\u010dov\u00fdm komponentom modern\u00fdch kombajnov, ktor\u00fd umo\u017e\u0148uje stroju efekt\u00edvne a plynul\u00e9 c\u00favanie bez manu\u00e1lneho radenia. Integruje r\u00f4zne mechanick\u00e9 komponenty, ktor\u00e9 spolupracuj\u00fa na zabezpe\u010den\u00ed spo\u013eahliv\u00e9ho prenosu v\u00fdkonu a ovl\u00e1dania. Tu s\u00fa k\u013e\u00fa\u010dov\u00e9 komponenty reverza\u010dnej prevodovky kombajnu:<\/div>\n<\/div>\n<\/div>\n<\/div>\n<\/div>\n<div class=\"group\/conversation-turn relative flex w-full min-w-0 flex-col agent-turn\">\n<div class=\"flex-col gap-1 md:gap-3\">\n<div class=\"flex max-w-full flex-col flex-grow\">\n<div class=\"min-h-8 text-message flex w-full flex-col items-end gap-2 whitespace-normal break-words text-start [.text-message+&amp;]:mt-5\" dir=\"auto\" data-message-author-role=\"assistant\" data-message-id=\"e6cb3039-0226-4bda-ac7c-bde40b961baf\" data-message-model-slug=\"gpt-4o-mini\">\n<div class=\"flex w-full flex-col gap-1 empty:hidden first:pt-[3px]\">\n<div class=\"markdown prose w-full break-words dark:prose-invert light\">\n<p><strong>1. Vstupn\u00fd hriade\u013e<\/strong><\/p>\n<ul>\n<li>Vstupn\u00fd hriade\u013e pren\u00e1\u0161a v\u00fdkon z motora do prevodovky. Je to prim\u00e1rne spojenie, cez ktor\u00e9 rota\u010dn\u00e1 sila motora vstupuje do prevodovky a sp\u00fa\u0161\u0165a proces radenia prevodov\u00fdch stup\u0148ov.<\/li>\n<\/ul>\n<p><strong>2. S\u00faprava spiato\u010dky<\/strong><\/p>\n<ul>\n<li>T\u00e1to s\u00faprava ozuben\u00fdch kolies je zodpovedn\u00e1 za zmenu smeru ot\u00e1\u010dania. Po aktiv\u00e1cii zmen\u00ed smer v\u00fdstupn\u00e9ho hriade\u013ea, \u010do umo\u017en\u00ed kombajnu pohyb dozadu. S\u00faprava sp\u00e4tn\u00fdch ozuben\u00fdch kolies sa zvy\u010dajne sklad\u00e1 z vlo\u017een\u00fdch ozuben\u00fdch kolies, \u010deln\u00fdch ozuben\u00fdch kolies a pastorkov\u00fdch ozuben\u00fdch kolies, ktor\u00e9 sa zap\u00e1jaj\u00fa a vyp\u00ednaj\u00fa, aby sa obr\u00e1til smer ot\u00e1\u010dania.<\/li>\n<\/ul>\n<p><strong>3. Hlavn\u00e1 skri\u0148a prevodovky<\/strong><\/p>\n<ul>\n<li>Teleso prevodovky je vonkaj\u0161\u00ed pl\u00e1\u0161\u0165, ktor\u00fd obsahuje a chr\u00e1ni v\u0161etky vn\u00fatorn\u00e9 komponenty. Zvy\u010dajne je vyroben\u00e9 z odoln\u00fdch materi\u00e1lov, ako je liatina alebo oce\u013e, aby odolali vysok\u00e9mu nam\u00e1haniu a tlaku, ktor\u00fdm doch\u00e1dza po\u010das prev\u00e1dzky. Teleso tie\u017e zais\u0165uje spr\u00e1vne zarovnanie ozuben\u00fdch kolies a hriade\u013eov.<\/li>\n<\/ul>\n<p><strong>4. V\u00fdstupn\u00fd hriade\u013e<\/strong><\/p>\n<ul>\n<li>V\u00fdstupn\u00fd hriade\u013e pren\u00e1\u0161a v\u00fdkon z prevodovky do pohonn\u00e9ho \u00fastrojenstva kombajnu. Tento hriade\u013e je spojen\u00fd s kolesami alebo p\u00e1smi kombajnu, \u010do mu umo\u017e\u0148uje pohyb dopredu alebo dozadu v z\u00e1vislosti od zaradenia prevodov\u00e9ho stup\u0148a.<\/li>\n<\/ul>\n<p><strong>5. Mechanizmus spojky<\/strong><\/p>\n<ul>\n<li>Spojka sa pou\u017e\u00edva na zapojenie alebo odpojenie prevodovky od v\u00fdkonu motora. Umo\u017e\u0148uje obsluhe ovl\u00e1da\u0165 spojenie medzi motorom a prevodovkou, \u010d\u00edm zabezpe\u010duje plynul\u00fd chod pri raden\u00ed. V reverza\u010dnej prevodovke spojka u\u013eah\u010duje pohyb dopredu aj dozadu.<\/li>\n<\/ul>\n<p>Tieto k\u013e\u00fa\u010dov\u00e9 komponenty spolupracuj\u00fa a zabezpe\u010duj\u00fa vysoko efekt\u00edvny a spo\u013eahliv\u00fd syst\u00e9m reverz\u00e1cie pre kombajny. Reverza\u010dn\u00e1 prevodovka umo\u017e\u0148uje obsluhe jednoduch\u00e9 prep\u00ednanie medzi pohybom dopredu a dozadu, \u010d\u00edm sa zlep\u0161uje man\u00e9vrovate\u013enos\u0165, produktivita a prev\u00e1dzkov\u00e1 efektivita na poli.<\/p>\n<p><img loading=\"lazy\" decoding=\"async\" class=\"alignnone size-full wp-image-3092\" src=\"https:\/\/fmp-components.com\/wp-content\/uploads\/2025\/01\/10_Combine-Harvester-Gearbox-14.webp\" alt=\"Prevodovka kombajnu\" width=\"1280\" height=\"720\" title=\"\" srcset=\"https:\/\/fmp-components.com\/wp-content\/uploads\/2025\/01\/10_Combine-Harvester-Gearbox-14.webp 1280w, https:\/\/fmp-components.com\/wp-content\/uploads\/2025\/01\/10_Combine-Harvester-Gearbox-14-980x551.webp 980w, https:\/\/fmp-components.com\/wp-content\/uploads\/2025\/01\/10_Combine-Harvester-Gearbox-14-480x270.webp 480w\" sizes=\"(min-width: 0px) and (max-width: 480px) 480px, (min-width: 481px) and (max-width: 980px) 980px, (min-width: 981px) 1280px, 100vw\" \/><\/p>\n<h2>O FMP<\/h2>\n<p>Spolo\u010dnos\u0165 FMP so s\u00eddlom v Taliansku je popredn\u00fdm v\u00fdrobcom zn\u00e1mym svojimi odborn\u00fdmi znalos\u0165ami v oblasti navrhovania, v\u00fdvoja a v\u00fdroby vysokov\u00fdkonn\u00fdch prevodoviek s prim\u00e1rnym zameran\u00edm na sektor po\u013enohospod\u00e1rskych strojov. Spolo\u010dnos\u0165 FMP, zn\u00e1ma svojou presnou in\u017einierskou pr\u00e1cou, inovat\u00edvnymi rie\u0161eniami a neochvejnou spo\u013eahlivos\u0165ou, si z\u00edskala reput\u00e1ciu d\u00f4veryhodn\u00e9ho partnera v po\u013enohospod\u00e1rskom aj priemyselnom sektore. Na\u0161e komplexn\u00e9 portf\u00f3lio zah\u0155\u0148a prevodovky na mieru pre kosa\u010dky na tr\u00e1vu, v\u00fdvodov\u00e9 hriadele a \u0161irok\u00fa \u0161k\u00e1lu z\u00e1kladn\u00fdch komponentov, pri\u010dom v\u0161etky s\u00fa starostlivo vyroben\u00e9 tak, aby sp\u013a\u0148ali \u0161pecifick\u00e9 po\u017eiadavky r\u00f4znych aplik\u00e1ci\u00ed.<\/p>\n<p>V spolo\u010dnosti FMP ch\u00e1peme, \u017ee ka\u017ed\u00fd klient \u010del\u00ed jedine\u010dn\u00fdm v\u00fdzvam. Preto sa \u0161pecializujeme na poskytovanie rie\u0161en\u00ed na mieru, \u010di u\u017e ide o jednotliv\u00e9 komponenty alebo plne integrovan\u00e9 syst\u00e9my. Prostredn\u00edctvom \u00fazkej spolupr\u00e1ce s na\u0161imi klientmi zabezpe\u010dujeme, aby ka\u017ed\u00e9 rie\u0161enie nielen sp\u013a\u0148alo ich potreby, ale aj optimalizovalo v\u00fdkon a maximalizovalo hodnotu. N\u00e1\u0161 z\u00e1v\u00e4zok k r\u00fdchlym a profesion\u00e1lnym reakci\u00e1m a odborn\u00e9mu poradenstvu zaru\u010duje, \u017ee ka\u017ed\u00e1 po\u017eiadavka bude rie\u0161en\u00e1 s presnos\u0165ou, \u010do zaru\u010duje v\u017edy najlep\u0161ie v\u00fdsledky.<\/p>\n<p>Uprednost\u0148ujeme jasn\u00fa a nepretr\u017eit\u00fa komunik\u00e1ciu po\u010das cel\u00e9ho cyklu v\u00fdvoja produktu. N\u00e1\u0161 \u0161pecializovan\u00fd t\u00edm \u00fazko spolupracuje s klientmi, aby d\u00f4kladne pochopil ich po\u017eiadavky a poskytol im cenn\u00e9 poznatky a odpor\u00fa\u010dania na dosiahnutie optim\u00e1lnych v\u00fdsledkov. \u010ci u\u017e navrhujeme najmodernej\u0161ie produkty alebo pln\u00edme be\u017en\u00e9 objedn\u00e1vky, spolo\u010dnos\u0165 FMP sa zav\u00e4zuje dod\u00e1va\u0165 vysokokvalitn\u00e9, prec\u00edzne navrhnut\u00e9 rie\u0161enia v\u010das a v\u017edy. Na\u0161\u00edm poslan\u00edm je neust\u00e1le prekon\u00e1va\u0165 o\u010dak\u00e1vania klientov a poskytova\u0165 v\u00fdnimo\u010dn\u00e9 slu\u017eby a v\u00fdsledky pri ka\u017edom projekte.<\/p>\n<p>Kvalita je jadrom \u010dinnosti spolo\u010dnosti FMP. Dodr\u017eiavame najvy\u0161\u0161ie v\u00fdrobn\u00e9 \u0161tandardy a implementujeme pr\u00edsne opatrenia na kontrolu kvality, aby sme zabezpe\u010dili, \u017ee ka\u017ed\u00fd produkt sp\u013a\u0148a a \u010dasto aj prekon\u00e1va priemyseln\u00e9 \u0161tandardy. Tento z\u00e1v\u00e4zok k dokonalosti spolu s na\u0161imi z\u00e1kladn\u00fdmi hodnotami integrity, t\u00edmovej pr\u00e1ce a vytrvalosti n\u00e1m umo\u017enil vybudova\u0165 si dlhodob\u00e9 vz\u0165ahy zalo\u017een\u00e9 na d\u00f4vere s klientmi v takmer 30 krajin\u00e1ch sveta.<\/p>\n<p>Spolo\u010dnos\u0165 FMP sa v\u017edy sna\u017e\u00ed budova\u0165 glob\u00e1lne partnerstv\u00e1 a pon\u00faka odborn\u00e9 poradenstvo a rie\u0161enia na mieru, ktor\u00e9 rie\u0161ia meniace sa potreby na\u0161ich klientov. Sna\u017e\u00edme sa budova\u0165 dlhodob\u00e9 a vz\u00e1jomne prospe\u0161n\u00e9 vz\u0165ahy, ktor\u00e9 prispievaj\u00fa k \u00faspechu ka\u017ed\u00e9ho projektu. \u010ci u\u017e potrebujete inovat\u00edvne rie\u0161enia pre nov\u00fa iniciat\u00edvu alebo priebe\u017en\u00fa podporu pre existuj\u00faci syst\u00e9m, spolo\u010dnos\u0165 FMP je pripraven\u00e1 v\u00e1m pom\u00f4c\u0165 prekona\u0165 technick\u00e9 v\u00fdzvy a zabezpe\u010di\u0165 v\u00e1\u0161 trval\u00fd \u00faspech.<\/p>\n<p><img loading=\"lazy\" decoding=\"async\" class=\"alignnone wp-image-2695\" src=\"https:\/\/fmp-components.com\/wp-content\/uploads\/2025\/01\/agricultural-gearbox3.webp\" alt=\"po\u013enohospod\u00e1rska prevodovka\" width=\"1140\" height=\"1138\" title=\"\" srcset=\"https:\/\/fmp-components.com\/wp-content\/uploads\/2025\/01\/agricultural-gearbox3.webp 1140w, https:\/\/fmp-components.com\/wp-content\/uploads\/2025\/01\/agricultural-gearbox3-480x479.webp 480w\" sizes=\"(min-width: 0px) and (max-width: 480px) 480px, (min-width: 481px) 1140px, 100vw\" \/><\/p>\n<p>Autor: CX<\/p>\n<\/div>\n<\/div>\n<\/div>\n<\/div>\n<\/div>\n<\/div>","protected":false},"excerpt":{"rendered":"<p>Product Specifications: Product Name Short harvester reversing for rice harvester Material QT450 for housing, 20CrMnTi for gear shaft. Color Customization Model \u00a0FMP-1.6Z.03-05 Used Rice harvester Advantages of Using the Combine Harvester Reversing Gearbox The Combine Harvester Reversing Gearbox offers several significant advantages that enhance the efficiency and functionality of the harvester. Here are some key [&hellip;]<\/p>","protected":false},"featured_media":3093,"comment_status":"open","ping_status":"closed","template":"","meta":{"_et_pb_use_builder":"","_et_pb_old_content":"","_et_gb_content_width":""},"product_brand":[],"product_cat":[72],"product_tag":[],"class_list":{"0":"post-3088","1":"product","2":"type-product","3":"status-publish","4":"has-post-thumbnail","6":"product_cat-combine-harvester-gearbox","8":"first","9":"instock","10":"shipping-taxable","11":"product-type-simple"},"_links":{"self":[{"href":"https:\/\/fmp-components.com\/sk\/wp-json\/wp\/v2\/product\/3088","targetHints":{"allow":["GET"]}}],"collection":[{"href":"https:\/\/fmp-components.com\/sk\/wp-json\/wp\/v2\/product"}],"about":[{"href":"https:\/\/fmp-components.com\/sk\/wp-json\/wp\/v2\/types\/product"}],"replies":[{"embeddable":true,"href":"https:\/\/fmp-components.com\/sk\/wp-json\/wp\/v2\/comments?post=3088"}],"wp:featuredmedia":[{"embeddable":true,"href":"https:\/\/fmp-components.com\/sk\/wp-json\/wp\/v2\/media\/3093"}],"wp:attachment":[{"href":"https:\/\/fmp-components.com\/sk\/wp-json\/wp\/v2\/media?parent=3088"}],"wp:term":[{"taxonomy":"product_brand","embeddable":true,"href":"https:\/\/fmp-components.com\/sk\/wp-json\/wp\/v2\/product_brand?post=3088"},{"taxonomy":"product_cat","embeddable":true,"href":"https:\/\/fmp-components.com\/sk\/wp-json\/wp\/v2\/product_cat?post=3088"},{"taxonomy":"product_tag","embeddable":true,"href":"https:\/\/fmp-components.com\/sk\/wp-json\/wp\/v2\/product_tag?post=3088"}],"curies":[{"name":"pracovn\u00fd list","href":"https:\/\/api.w.org\/{rel}","templated":true}]}}