{"id":3073,"date":"2025-01-04T08:33:17","date_gmt":"2025-01-04T08:33:17","guid":{"rendered":"https:\/\/fmp-components.com\/?page_id=8"},"modified":"2025-01-04T08:33:17","modified_gmt":"2025-01-04T08:33:17","slug":"double-disc-fertilizer-spreader-gearbox-fmp-sf10-for-fertilizer-spreader","status":"publish","type":"product","link":"https:\/\/fmp-components.com\/sk\/product\/double-disc-fertilizer-spreader-gearbox-fmp-sf10-for-fertilizer-spreader\/","title":{"rendered":"Dvojkot\u00fa\u010dov\u00e1 prevodovka rozmetadla hnoj\u00edv FMP-SF10 pre rozmetadlo hnoj\u00edv"},"content":{"rendered":"<h2>Rozmery prevodovky FMP-SF10 pre dvojkot\u00fa\u010dov\u00e9 rozmetadlo hnoj\u00edv\u00a0\u00a0\u00a0<img loading=\"lazy\" decoding=\"async\" class=\"alignnone size-full wp-image-3079\" src=\"https:\/\/fmp-components.com\/wp-content\/uploads\/2025\/01\/Double-Disc-Fertilizer-Spreader-Gearbox-FMP-SF10-Dimensions-1.webp\" alt=\"Prevodovka dvojkot\u00fa\u010dov\u00e9ho rozmetadla hnoj\u00edv FMP SF10\" width=\"1421\" height=\"576\" title=\"\" srcset=\"https:\/\/fmp-components.com\/wp-content\/uploads\/2025\/01\/Double-Disc-Fertilizer-Spreader-Gearbox-FMP-SF10-Dimensions-1.webp 1421w, https:\/\/fmp-components.com\/wp-content\/uploads\/2025\/01\/Double-Disc-Fertilizer-Spreader-Gearbox-FMP-SF10-Dimensions-1-1280x519.webp 1280w, https:\/\/fmp-components.com\/wp-content\/uploads\/2025\/01\/Double-Disc-Fertilizer-Spreader-Gearbox-FMP-SF10-Dimensions-1-980x397.webp 980w, https:\/\/fmp-components.com\/wp-content\/uploads\/2025\/01\/Double-Disc-Fertilizer-Spreader-Gearbox-FMP-SF10-Dimensions-1-480x195.webp 480w\" sizes=\"(min-width: 0px) and (max-width: 480px) 480px, (min-width: 481px) and (max-width: 980px) 980px, (min-width: 981px) and (max-width: 1280px) 1280px, (min-width: 1281px) 1421px, 100vw\" \/> <img loading=\"lazy\" decoding=\"async\" class=\"alignnone size-full wp-image-3080\" src=\"https:\/\/fmp-components.com\/wp-content\/uploads\/2025\/01\/Double-Disc-Fertilizer-Spreader-Gearbox-FMP-SF10-Dimensions-2.webp\" alt=\"Prevodovka dvojkot\u00fa\u010dov\u00e9ho rozmetadla hnoj\u00edv FMP SF10\" width=\"1427\" height=\"676\" title=\"\" srcset=\"https:\/\/fmp-components.com\/wp-content\/uploads\/2025\/01\/Double-Disc-Fertilizer-Spreader-Gearbox-FMP-SF10-Dimensions-2.webp 1427w, https:\/\/fmp-components.com\/wp-content\/uploads\/2025\/01\/Double-Disc-Fertilizer-Spreader-Gearbox-FMP-SF10-Dimensions-2-1280x606.webp 1280w, https:\/\/fmp-components.com\/wp-content\/uploads\/2025\/01\/Double-Disc-Fertilizer-Spreader-Gearbox-FMP-SF10-Dimensions-2-980x464.webp 980w, https:\/\/fmp-components.com\/wp-content\/uploads\/2025\/01\/Double-Disc-Fertilizer-Spreader-Gearbox-FMP-SF10-Dimensions-2-480x227.webp 480w\" sizes=\"(min-width: 0px) and (max-width: 480px) 480px, (min-width: 481px) and (max-width: 980px) 980px, (min-width: 981px) and (max-width: 1280px) 1280px, (min-width: 1281px) 1427px, 100vw\" \/> <img loading=\"lazy\" decoding=\"async\" class=\"alignnone size-full wp-image-3081\" src=\"https:\/\/fmp-components.com\/wp-content\/uploads\/2025\/01\/Double-Disc-Fertilizer-Spreader-Gearbox-FMP-SF10-Dimensions-3.webp\" alt=\"Prevodovka dvojkot\u00fa\u010dov\u00e9ho rozmetadla hnoj\u00edv FMP SF10\" width=\"1466\" height=\"526\" title=\"\" srcset=\"https:\/\/fmp-components.com\/wp-content\/uploads\/2025\/01\/Double-Disc-Fertilizer-Spreader-Gearbox-FMP-SF10-Dimensions-3.webp 1466w, https:\/\/fmp-components.com\/wp-content\/uploads\/2025\/01\/Double-Disc-Fertilizer-Spreader-Gearbox-FMP-SF10-Dimensions-3-1280x459.webp 1280w, https:\/\/fmp-components.com\/wp-content\/uploads\/2025\/01\/Double-Disc-Fertilizer-Spreader-Gearbox-FMP-SF10-Dimensions-3-980x352.webp 980w, https:\/\/fmp-components.com\/wp-content\/uploads\/2025\/01\/Double-Disc-Fertilizer-Spreader-Gearbox-FMP-SF10-Dimensions-3-480x172.webp 480w\" sizes=\"(min-width: 0px) and (max-width: 480px) 480px, (min-width: 481px) and (max-width: 980px) 980px, (min-width: 981px) and (max-width: 1280px) 1280px, (min-width: 1281px) 1466px, 100vw\" \/><\/h2>\n<h2>Technick\u00e9 \u00fadaje prevodovky FMP-SF10 pre dvojkot\u00fa\u010dov\u00e9 rozmetadlo hnoj\u00edv<\/h2>\n<table style=\"width: 96.1986%; height: 104px;\" border=\"1\" cellspacing=\"0\" cellpadding=\"0\">\n<tbody>\n<tr>\n<td colspan=\"2\" rowspan=\"2\">ja<\/td>\n<td rowspan=\"2\">Vhodn\u00e9<\/td>\n<td>Vstup ot\u00e1\u010dok<\/td>\n<td>V\u00fdstupn\u00e9 ot\u00e1\u010dky<\/td>\n<td colspan=\"2\">V\u00fdkon<\/td>\n<td rowspan=\"2\">Prerez\u00e1vanie zubov<\/td>\n<\/tr>\n<tr>\n<td>ot.\/min.<\/td>\n<td>ot.\/min.<\/td>\n<td>kW<\/td>\n<td>HP<\/td>\n<\/tr>\n<tr>\n<td>\u013eav\u00fd\/prav\u00fd r\u00e1m\u010dek<\/td>\n<td>1 :1.33<\/td>\n<td>Rozmetadlo hnoj\u00edv at\u010f.<\/td>\n<td>540<\/td>\n<td>406<\/td>\n<td>15<\/td>\n<td>20<\/td>\n<td>Gleasonove \u0161pir\u00e1lov\u00e9 zuby<\/td>\n<\/tr>\n<tr>\n<td colspan=\"8\">Pozn\u00e1mka: Ak m\u00e1te nejak\u00e9 \u0161peci\u00e1lne po\u017eiadavky, nev\u00e1hajte mi da\u0165 vedie\u0165, akceptujeme aj z\u00e1kazku.<\/td>\n<\/tr>\n<\/tbody>\n<\/table>\n<h2>Princ\u00edp fungovania dvojkot\u00fa\u010dovej prevodovky rozmetadla hnoj\u00edv FMP-SF10<\/h2>\n<p>Dvojkot\u00fa\u010dov\u00e1 prevodovka rozmetadla hnoj\u00edv FMP-SF10 je k\u013e\u00fa\u010dov\u00fdm komponentom rozmetadiel hnoj\u00edv, najm\u00e4 t\u00fdch, ktor\u00e9 sa pou\u017e\u00edvaj\u00fa na rozmetanie granulovan\u00fdch hnoj\u00edv v po\u013enohospod\u00e1rskych poliach. Jej princ\u00edp fungovania spo\u010d\u00edva v efekt\u00edvnom prenose v\u00fdkonu z v\u00fdvodov\u00e9ho hriade\u013ea traktora na rotuj\u00face disky, ktor\u00e9 rovnomerne rozde\u013euj\u00fa hnojivo po p\u00f4de. Ni\u017e\u0161ie je uveden\u00fd preh\u013ead princ\u00edpu fungovania prevodovky FMP-SF10:<\/p>\n<p><strong>1. Prenos v\u00fdkonu z v\u00fdvodov\u00e9ho hriade\u013ea<\/strong><\/p>\n<ul>\n<li>Vstupn\u00fd v\u00fdkon: Prevodovka prij\u00edma v\u00fdkon z v\u00fdvodov\u00e9ho hriade\u013ea traktora, ktor\u00fd poh\u00e1\u0148a prevodovku na spustenie mechanizmu rozmetania hnoj\u00edv.<\/li>\n<li>Tok v\u00fdkonu: Prevodovka pren\u00e1\u0161a mechanick\u00fa energiu prijat\u00fa z v\u00fdvodov\u00e9ho hriade\u013ea na r\u00f4zne pohybliv\u00e9 \u010dasti rozmetadla, \u010d\u00edm zabezpe\u010duje efekt\u00edvnu prev\u00e1dzku.<\/li>\n<\/ul>\n<p><strong>2. Funk\u010dnos\u0165 prevodovky<\/strong><\/p>\n<ul>\n<li>Mechanizmus reduk\u010dn\u00e9ho prevodu: Prevodovka obsahuje s\u00e9riu reduk\u010dn\u00fdch prevodov, ktor\u00e9 zni\u017euj\u00fa r\u00fdchlos\u0165 vstupn\u00e9ho v\u00fdkonu z v\u00fdvodov\u00e9ho hriade\u013ea a premie\u0148aj\u00fa ho na optim\u00e1lnu r\u00fdchlos\u0165 pre rozmetadlo hnoj\u00edv. To zabezpe\u010duje kontrolu ot\u00e1\u010dania diskov, \u010do je nevyhnutn\u00e9 pre presn\u00e9 rozde\u013eovanie hnoj\u00edv.<\/li>\n<li>Regul\u00e1cia r\u00fdchlosti: V z\u00e1vislosti od po\u017eiadaviek rozmetadla dok\u00e1\u017ee prevodovka upravi\u0165 r\u00fdchlos\u0165 ot\u00e1\u010dania diskov. Toto nastavenie r\u00fdchlosti umo\u017e\u0148uje jemn\u00e9 doladenie v\u00fdkonu rozmetadla, \u010d\u00edm sa zabezpe\u010d\u00ed rovnomern\u00e9 pokrytie a zabr\u00e1ni sa nadmern\u00e9mu alebo nedostato\u010dn\u00e9mu rozmetaniu.<\/li>\n<\/ul>\n<p><strong>3. Pohon rozmetac\u00edch diskov<\/strong><\/p>\n<ul>\n<li>Rot\u00e1cia diskov: Sila z prevodovky poh\u00e1\u0148a dva rotuj\u00face disky, ktor\u00e9 s\u00fa umiestnen\u00e9 v zadnej \u010dasti rozmetadla. Disky sa ot\u00e1\u010daj\u00fa vysokou r\u00fdchlos\u0165ou a poh\u00e1\u0148aj\u00fa hnojivo smerom von.<\/li>\n<li>Rozde\u013eovanie hnojiva: Hnojivo sa rozde\u013euje po poli rot\u00e1ciou diskov, pri\u010dom prevodovka zabezpe\u010duje konzistentn\u00fa a rovnomern\u00fa rot\u00e1ciu. Odstrediv\u00e1 sila generovan\u00e1 diskami tla\u010d\u00ed hnojivo kontrolovan\u00fdm sp\u00f4sobom smerom von, \u010do umo\u017e\u0148uje rovnomern\u00e9 pokrytie \u0161irokej plochy.<\/li>\n<\/ul>\n<p><strong>4. Presn\u00e9 ovl\u00e1danie<\/strong><\/p>\n<ul>\n<li>Nastavite\u013en\u00fd v\u00fdkon: Prevodovka FMP-SF10 umo\u017e\u0148uje obsluhe nastavi\u0165 prietok rozde\u013eovan\u00e9ho hnojiva \u00fapravou r\u00fdchlosti diskov alebo zmenou nastavenia prevodovky. T\u00e1to kontrola je k\u013e\u00fa\u010dov\u00e1 pre aplik\u00e1ciu spr\u00e1vneho mno\u017estva hnojiva na z\u00e1klade ve\u013ekosti po\u013ea, po\u017eiadaviek plodiny a p\u00f4dnych podmienok.<\/li>\n<\/ul>\n<p><strong>5. Robustn\u00e1 kon\u0161trukcia<\/strong><\/p>\n<ul>\n<li>Trvanlivos\u0165: Prevodovka je navrhnut\u00e1 pre n\u00e1ro\u010dn\u00fa prev\u00e1dzku v n\u00e1ro\u010dn\u00fdch po\u013enohospod\u00e1rskych podmienkach. Je skon\u0161truovan\u00e1 tak, aby odolala nam\u00e1haniu nepretr\u017eitej prev\u00e1dzky a poskytovala spo\u013eahliv\u00fd servis v \u0161irokom rozsahu prev\u00e1dzkov\u00fdch podmienok.<\/li>\n<\/ul>\n<p>Prevodovka FMP-SF10 funguje ako hnacia sila rovnomern\u00e9ho rozmetania hnojiva v dvojkot\u00fa\u010dov\u00fdch rozmetadl\u00e1ch hnoj\u00edv. Efekt\u00edvnym prenosom a zni\u017eovan\u00edm r\u00fdchlosti v\u00fdkonu z v\u00fdvodov\u00e9ho hriade\u013ea poh\u00e1\u0148a rotuj\u00face disky, ktor\u00e9 rovnomerne rozmet\u00e1vaj\u00fa hnojivo na ve\u013ek\u00e9 plochy. To zais\u0165uje presn\u00fa aplik\u00e1ciu hnoj\u00edv, maximaliz\u00e1ciu produktivity plod\u00edn a minimaliz\u00e1ciu plytvania zdrojmi. Schopnos\u0165 regulova\u0165 r\u00fdchlos\u0165 a prietok \u010falej zvy\u0161uje jej v\u0161estrannos\u0165, v\u010faka \u010domu je nevyhnutnou s\u00fa\u010das\u0165ou modern\u00fdch po\u013enohospod\u00e1rskych prev\u00e1dzok.<\/p>\n<p><img loading=\"lazy\" decoding=\"async\" class=\"alignnone size-full wp-image-3075\" src=\"https:\/\/fmp-components.com\/wp-content\/uploads\/2025\/01\/Double-Disc-Fertilizer-Spreader-Gearbox-EP-SF10-Advantages1.webp\" alt=\"Prevodovka dvojkot\u00fa\u010dov\u00e9ho rozmetadla hnoj\u00edv FMP SF10\" width=\"1397\" height=\"623\" title=\"\" srcset=\"https:\/\/fmp-components.com\/wp-content\/uploads\/2025\/01\/Double-Disc-Fertilizer-Spreader-Gearbox-EP-SF10-Advantages1.webp 1397w, https:\/\/fmp-components.com\/wp-content\/uploads\/2025\/01\/Double-Disc-Fertilizer-Spreader-Gearbox-EP-SF10-Advantages1-1280x571.webp 1280w, https:\/\/fmp-components.com\/wp-content\/uploads\/2025\/01\/Double-Disc-Fertilizer-Spreader-Gearbox-EP-SF10-Advantages1-980x437.webp 980w, https:\/\/fmp-components.com\/wp-content\/uploads\/2025\/01\/Double-Disc-Fertilizer-Spreader-Gearbox-EP-SF10-Advantages1-480x214.webp 480w\" sizes=\"(min-width: 0px) and (max-width: 480px) 480px, (min-width: 481px) and (max-width: 980px) 980px, (min-width: 981px) and (max-width: 1280px) 1280px, (min-width: 1281px) 1397px, 100vw\" \/><\/p>\n<article class=\"w-full scroll-mb-[var(--thread-trailing-height,150px)] text-token-text-primary focus-visible:outline-2 focus-visible:outline-offset-[-4px]\" dir=\"auto\" data-testid=\"conversation-turn-48\" data-scroll-anchor=\"false\">\n<div class=\"m-auto text-base py-[18px] px-3 md:px-4 w-full md:px-5 lg:px-4 xl:px-5\">\n<div class=\"mx-auto flex flex-1 gap-4 text-base md:gap-5 lg:gap-6 md:max-w-3xl lg:max-w-[40rem] xl:max-w-[48rem]\">\n<div class=\"group\/conversation-turn relative flex w-full min-w-0 flex-col\">\n<div class=\"flex-col gap-1 md:gap-3\">\n<div class=\"flex max-w-full flex-col flex-grow\">\n<div class=\"min-h-8 text-message flex w-full flex-col items-end gap-2 whitespace-normal break-words text-start [.text-message+&amp;]:mt-5\" dir=\"auto\" data-message-author-role=\"user\" data-message-id=\"aaa296d3-61f8-4224-8ac9-a22149e7746e\">\n<div class=\"flex w-full flex-col gap-1 empty:hidden items-end rtl:items-start\">\n<div class=\"relative max-w-[var(--user-chat-width,70%)] rounded-3xl bg-token-message-surface px-5 py-2.5\">\n<h2 class=\"whitespace-pre-wrap\">Aplik\u00e1cie prevodovky s dvojit\u00fdm diskov\u00fdm rozmetadlom hnoj\u00edv FMP-SF10<\/h2>\n<div class=\"absolute bottom-0 right-full top-0 -mr-3.5 hidden pr-5 pt-1 [.group\\\/conversation-turn:hover_&amp;]:block\">Prevodovka pre dvojkot\u00fa\u010dov\u00e9 rozmetadlo hnoj\u00edv FMP-SF10 je \u0161peci\u00e1lne navrhnut\u00e1 na pou\u017eitie v po\u013enohospod\u00e1rskych strojoch, najm\u00e4 v rozmetadl\u00e1ch hnoj\u00edv, ktor\u00e9 rozmetaj\u00fa granulovan\u00e9 hnojiv\u00e1. Medzi jej k\u013e\u00fa\u010dov\u00e9 aplik\u00e1cie patria:<\/div>\n<\/div>\n<\/div>\n<\/div>\n<\/div>\n<\/div>\n<\/div>\n<\/div>\n<\/div>\n<\/article>\n<article class=\"w-full scroll-mb-[var(--thread-trailing-height,150px)] text-token-text-primary focus-visible:outline-2 focus-visible:outline-offset-[-4px]\" dir=\"auto\" data-testid=\"conversation-turn-49\" data-scroll-anchor=\"true\"><strong>1. Aplik\u00e1cia po\u013enohospod\u00e1rskych hnoj\u00edv<\/strong><\/p>\n<ul>\n<li>Rozmetadl\u00e1 hnoj\u00edv pre \u0161irok\u00e9 spektrum: Prevodovka FMP-SF10 sa pou\u017e\u00edva predov\u0161etk\u00fdm v dvojkot\u00fa\u010dov\u00fdch rozmetadl\u00e1ch hnoj\u00edv, ktor\u00e9 sa be\u017ene pou\u017e\u00edvaj\u00fa vo ve\u013ek\u00fdch po\u013enohospod\u00e1rskych prev\u00e1dzkach. Zais\u0165uje rovnomern\u00e9 rozlo\u017eenie hnoj\u00edv po poli, \u010d\u00edm zvy\u0161uje rast plod\u00edn a produktivitu.<\/li>\n<li>Rozde\u013eovanie granulovan\u00fdch hnoj\u00edv: Prevodovka poh\u00e1\u0148a rozmetacie disky na rozpty\u013eovanie granulovan\u00fdch hnoj\u00edv na \u0161irok\u00e9 plochy, \u010d\u00edm zabezpe\u010duje rovnomern\u00e9 pokrytie pre optim\u00e1lne rozlo\u017eenie \u017eiv\u00edn.<\/li>\n<\/ul>\n<p><strong>2. Presn\u00e9 po\u013enohospod\u00e1rstvo<\/strong><\/p>\n<ul>\n<li>Aplik\u00e1cia variabiln\u00e9ho d\u00e1vkovania: Prevodovka FMP-SF10 s presn\u00fdm ovl\u00e1dan\u00edm r\u00fdchlosti ot\u00e1\u010dania diskov sa pou\u017e\u00edva v modern\u00fdch po\u013enohospod\u00e1rskych syst\u00e9moch, ktor\u00e9 vy\u017eaduj\u00fa aplik\u00e1ciu hnoj\u00edv s variabiln\u00fdm d\u00e1vkovan\u00edm. Umo\u017e\u0148uje presn\u00fa kontrolu nad mno\u017estvom rozmetan\u00e9ho hnojiva a optimalizuje efekt\u00edvnos\u0165 vyu\u017e\u00edvania \u017eiv\u00edn na z\u00e1klade p\u00f4dnych podmienok, typu plodiny a zmien na poli.<\/li>\n<li>Efekt\u00edvne hospod\u00e1renie s hnojivami: V\u010faka nastavite\u013en\u00e9mu v\u00fdkonu pom\u00e1ha prevodovka dosahova\u0165 konzistentn\u00e9 v\u00fdsledky v presnom po\u013enohospod\u00e1rstve, kde je presn\u00e1 kontrola nad pou\u017e\u00edvan\u00edm hnoj\u00edv nevyhnutn\u00e1 pre zn\u00ed\u017eenie n\u00e1kladov a vplyvu na \u017eivotn\u00e9 prostredie.<\/li>\n<\/ul>\n<p><strong>3. Spr\u00e1va tr\u00e1vnikov a tr\u00e1vnikov<\/strong><\/p>\n<ul>\n<li>\u0160portovisk\u00e1 a golfov\u00e9 ihrisk\u00e1: Prevodovka sa pou\u017e\u00edva v rozmetadl\u00e1ch hnoj\u00edv, ktor\u00e9 o\u0161etruj\u00fa tr\u00e1vniky, \u0161portovisk\u00e1 a golfov\u00e9 ihrisk\u00e1. Rovnomern\u00e9 rozlo\u017eenie zabezpe\u010duje, \u017ee tieto oblasti dostan\u00fa vhodn\u00e9 hladiny \u017eiv\u00edn pre zdrav\u00fd a rovnomern\u00fd rast tr\u00e1vy.<\/li>\n<li>Starostlivos\u0165 o tr\u00e1vniky: FMP-SF10 je spo\u013eahlivou vo\u013ebou pre zariadenia na starostlivos\u0165 o tr\u00e1vniky, kde je presn\u00e9 a efekt\u00edvne rozmetanie hnoj\u00edv nevyhnutn\u00e9 pre udr\u017eiavanie vysoko kvalitn\u00fdch zelen\u00fdch pl\u00f4ch.<\/li>\n<\/ul>\n<p><strong>4. Z\u00e1hradn\u00edctvo a mana\u017ement sadov<\/strong><\/p>\n<ul>\n<li>Hnojenie stromov a sadov: V sadoch, viniciach a in\u00fdch z\u00e1hradn\u00edckych prostrediach prevodovka poh\u00e1\u0148a disky \u0161pecializovan\u00fdch rozmetadiel, aby efekt\u00edvne dod\u00e1vala hnojiv\u00e1 medzi radmi stromov alebo rastl\u00edn. Zais\u0165uje konzistentn\u00fa aplik\u00e1ciu \u017eiv\u00edn, ktor\u00e1 je nevyhnutn\u00e1 pre zdrav\u00fd rast rastl\u00edn a produkciu ovocia.<\/li>\n<li>Riadkov\u00e9 plodiny: Prevodovka sa m\u00f4\u017ee pou\u017ei\u0165 aj v rozmetadl\u00e1ch pre riadkov\u00e9 plodiny, \u010do pom\u00e1ha udr\u017eiava\u0165 konzistentn\u00fd a rovnomern\u00fd proces hnojenia na poliach s plodinami.<\/li>\n<\/ul>\n<p><strong>5. \u00daprava ter\u00e9nu a \u00fadr\u017eba tr\u00e1vnikov<\/strong><\/p>\n<ul>\n<li>Rozmetadl\u00e1 hnoj\u00edv do z\u00e1hrady: Prevodovka FMP-SF10 sa pou\u017e\u00edva aj v z\u00e1hradn\u00edckych zariadeniach pre reziden\u010dn\u00e9, komer\u010dn\u00e9 a komun\u00e1lne projekty. Poh\u00e1\u0148a rozmetacie disky, v\u010faka \u010domu je ide\u00e1lna na aplik\u00e1ciu hnoj\u00edv vo verejn\u00fdch priestoroch, parkoch a na ve\u013ek\u00fdch pozemkoch.<\/li>\n<li>Verejn\u00e9 parky a zelen\u00e9 plochy: Mestsk\u00e9 \u00fapravy krajiny a spr\u00e1va verejn\u00fdch zelen\u00fdch pl\u00f4ch \u010dasto pou\u017e\u00edvaj\u00fa rozmetadl\u00e1 poh\u00e1\u0148an\u00e9 prevodovkami, ako je FMP-SF10, na udr\u017eanie optim\u00e1lneho zdravia p\u00f4dy.<\/li>\n<\/ul>\n<p>Prevodovka pre dvojkot\u00fa\u010dov\u00e9 rozmetadlo hnoj\u00edv FMP-SF10 je ide\u00e1lna pre r\u00f4zne po\u013enohospod\u00e1rske aplik\u00e1cie vr\u00e1tane ve\u013ekov\u00fdroby, presn\u00e9ho po\u013enohospod\u00e1rstva, starostlivosti o tr\u00e1vniky a tr\u00e1vniky, z\u00e1hradn\u00edctva, ter\u00e9nnych \u00faprav a mana\u017ementu p\u00f4dy. Poskytuje konzistentn\u00e9, efekt\u00edvne a kontrolovan\u00e9 rozde\u013eovanie hnoj\u00edv, \u010do prispieva k zlep\u0161eniu v\u00fdnosov plod\u00edn, zdravia p\u00f4dy a celkovej po\u013enohospod\u00e1rskej produktivity.<\/p>\n<table style=\"border-collapse: collapse; width: 100.5%; height: 18px;\" border=\"0\" width=\"128\" cellspacing=\"0\" cellpadding=\"0\">\n<tbody>\n<tr style=\"height: 13.8pt;\">\n<td style=\"height: 13.8pt; width: 48pt;\" align=\"right\" width=\"64\" height=\"18\"><img loading=\"lazy\" decoding=\"async\" class=\"alignnone size-full wp-image-3077\" src=\"https:\/\/fmp-components.com\/wp-content\/uploads\/2025\/01\/Double-Disc-Fertilizer-Spreader-Gearbox-FMP-SF10-Applications-1.webp\" alt=\"Prevodovka dvojkot\u00fa\u010dov\u00e9ho rozmetadla hnoj\u00edv FMP SF10\" width=\"1000\" height=\"676\" title=\"\" srcset=\"https:\/\/fmp-components.com\/wp-content\/uploads\/2025\/01\/Double-Disc-Fertilizer-Spreader-Gearbox-FMP-SF10-Applications-1.webp 1000w, https:\/\/fmp-components.com\/wp-content\/uploads\/2025\/01\/Double-Disc-Fertilizer-Spreader-Gearbox-FMP-SF10-Applications-1-980x662.webp 980w, https:\/\/fmp-components.com\/wp-content\/uploads\/2025\/01\/Double-Disc-Fertilizer-Spreader-Gearbox-FMP-SF10-Applications-1-480x324.webp 480w\" sizes=\"(min-width: 0px) and (max-width: 480px) 480px, (min-width: 481px) and (max-width: 980px) 980px, (min-width: 981px) 1000px, 100vw\" \/><\/td>\n<td style=\"width: 48pt;\" align=\"right\" width=\"64\"><img loading=\"lazy\" decoding=\"async\" class=\"alignnone size-full wp-image-3078\" src=\"https:\/\/fmp-components.com\/wp-content\/uploads\/2025\/01\/Double-Disc-Fertilizer-Spreader-Gearbox-FMP-SF10-Applications-2.webp\" alt=\"Prevodovka dvojkot\u00fa\u010dov\u00e9ho rozmetadla hnoj\u00edv FMP SF10\" width=\"1000\" height=\"676\" title=\"\" srcset=\"https:\/\/fmp-components.com\/wp-content\/uploads\/2025\/01\/Double-Disc-Fertilizer-Spreader-Gearbox-FMP-SF10-Applications-2.webp 1000w, https:\/\/fmp-components.com\/wp-content\/uploads\/2025\/01\/Double-Disc-Fertilizer-Spreader-Gearbox-FMP-SF10-Applications-2-980x662.webp 980w, https:\/\/fmp-components.com\/wp-content\/uploads\/2025\/01\/Double-Disc-Fertilizer-Spreader-Gearbox-FMP-SF10-Applications-2-480x324.webp 480w\" sizes=\"(min-width: 0px) and (max-width: 480px) 480px, (min-width: 481px) and (max-width: 980px) 980px, (min-width: 981px) 1000px, 100vw\" \/><\/td>\n<\/tr>\n<\/tbody>\n<\/table>\n<h3>O FMP<\/h3>\n<p>Spolo\u010dnos\u0165 FMP so s\u00eddlom v Taliansku je popredn\u00fdm v\u00fdrobcom uzn\u00e1van\u00fdm pre svoje odborn\u00e9 znalosti v oblasti navrhovania, v\u00fdvoja a v\u00fdroby vysokov\u00fdkonn\u00fdch prevodoviek so zameran\u00edm na sektor po\u013enohospod\u00e1rskych strojov. Spolo\u010dnos\u0165 FMP, zn\u00e1ma prec\u00edznym in\u017einierstvom, inovat\u00edvnymi rie\u0161eniami a neochvejnou spo\u013eahlivos\u0165ou, sa etablovala ako d\u00f4veryhodn\u00fd partner na po\u013enohospod\u00e1rskom aj priemyselnom trhu. Na\u0161e \u0161irok\u00e9 produktov\u00e9 portf\u00f3lio zah\u0155\u0148a prevodovky na mieru pre kosa\u010dky na tr\u00e1vu, v\u00fdvodov\u00e9 hriadele a \u010fal\u0161ie d\u00f4le\u017eit\u00e9 komponenty, pri\u010dom v\u0161etky s\u00fa starostlivo vyroben\u00e9 tak, aby sp\u013a\u0148ali rozmanit\u00e9 potreby r\u00f4znych aplik\u00e1ci\u00ed.<\/p>\n<p>V spolo\u010dnosti FMP ch\u00e1peme, \u017ee ka\u017ed\u00fd klient \u010del\u00ed jedine\u010dn\u00fdm v\u00fdzvam. Preto sa \u0161pecializujeme na poskytovanie rie\u0161en\u00ed na mieru, \u010di u\u017e ide o jednotliv\u00e9 komponenty alebo plne integrovan\u00e9 syst\u00e9my. Prostredn\u00edctvom \u00fazkej spolupr\u00e1ce s na\u0161imi klientmi zabezpe\u010dujeme, aby ka\u017ed\u00e9 rie\u0161enie nielen sp\u013a\u0148alo ich \u0161pecifick\u00e9 potreby, ale tie\u017e optimalizovalo v\u00fdkon a maximalizovalo hodnotu. N\u00e1\u0161 z\u00e1v\u00e4zok k r\u00fdchlym a profesion\u00e1lnym reakci\u00e1m a odborn\u00e9mu poradenstvu zabezpe\u010duje, \u017ee ka\u017ed\u00e1 po\u017eiadavka bude spracovan\u00e1 s presnos\u0165ou a prinesie najlep\u0161ie mo\u017en\u00e9 v\u00fdsledky.<\/p>\n<p>Uprednost\u0148ujeme jasn\u00fa a priebe\u017en\u00fa komunik\u00e1ciu po\u010das cel\u00e9ho cyklu v\u00fdvoja produktu. N\u00e1\u0161 \u0161pecializovan\u00fd t\u00edm spolupracuje priamo s klientmi, aby plne pochopil ich po\u017eiadavky a pon\u00fakol cenn\u00e9 poznatky a odpor\u00fa\u010dania na dosiahnutie optim\u00e1lnych v\u00fdsledkov. \u010ci u\u017e navrhujeme najmodernej\u0161ie produkty alebo pln\u00edme be\u017en\u00e9 objedn\u00e1vky, spolo\u010dnos\u0165 FMP sa zav\u00e4zuje poskytova\u0165 vysokokvalitn\u00e9, prec\u00edzne navrhnut\u00e9 rie\u0161enia v\u010das a v\u017edy. Na\u0161\u00edm poslan\u00edm je neust\u00e1le prekon\u00e1va\u0165 o\u010dak\u00e1vania klientov a poskytova\u0165 v\u00fdnimo\u010dn\u00e9 slu\u017eby a v\u00fdsledky pri ka\u017edom projekte.<\/p>\n<p>Kvalita je z\u00e1kladn\u00fdm kame\u0148om prev\u00e1dzky spolo\u010dnosti FMP. Dodr\u017eiavame najvy\u0161\u0161ie v\u00fdrobn\u00e9 \u0161tandardy a implementujeme pr\u00edsne procesy kontroly kvality, aby sme zabezpe\u010dili, \u017ee ka\u017ed\u00fd produkt nielen sp\u013a\u0148a, ale aj prekon\u00e1va priemyseln\u00e9 \u0161tandardy. Toto odhodlanie k dokonalosti v spojen\u00ed s na\u0161imi z\u00e1kladn\u00fdmi hodnotami integrity, t\u00edmovej pr\u00e1ce a vytrvalosti n\u00e1m umo\u017enilo vybudova\u0165 si trval\u00e9 vz\u0165ahy zalo\u017een\u00e9 na d\u00f4vere s klientmi v takmer 30 krajin\u00e1ch sveta.<\/p>\n<p>Spolo\u010dnos\u0165 FMP sa v\u017edy sna\u017e\u00ed rozv\u00edja\u0165 glob\u00e1lne partnerstv\u00e1 a pon\u00faka odborn\u00e9 poradenstvo a rie\u0161enia na mieru, ktor\u00e9 rie\u0161ia meniace sa potreby na\u0161ich klientov. Na\u0161\u00edm cie\u013eom je budova\u0165 dlhodob\u00e9 a vz\u00e1jomne prospe\u0161n\u00e9 vz\u0165ahy, ktor\u00e9 prispievaj\u00fa k \u00faspechu ka\u017ed\u00e9ho projektu. \u010ci u\u017e h\u013ead\u00e1te inovat\u00edvne rie\u0161enia pre nov\u00fa iniciat\u00edvu alebo potrebujete neust\u00e1lu podporu pre existuj\u00faci syst\u00e9m, spolo\u010dnos\u0165 FMP je pripraven\u00e1 v\u00e1m pom\u00f4c\u0165 rie\u0161i\u0165 va\u0161e technick\u00e9 v\u00fdzvy a zabezpe\u010di\u0165 v\u00e1\u0161 trval\u00fd \u00faspech.<\/p>\n<p><img loading=\"lazy\" decoding=\"async\" class=\"alignnone wp-image-2695\" src=\"https:\/\/fmp-components.com\/wp-content\/uploads\/2025\/01\/agricultural-gearbox3.webp\" alt=\"po\u013enohospod\u00e1rska prevodovka\" width=\"1140\" height=\"1138\" title=\"\" srcset=\"https:\/\/fmp-components.com\/wp-content\/uploads\/2025\/01\/agricultural-gearbox3.webp 1140w, https:\/\/fmp-components.com\/wp-content\/uploads\/2025\/01\/agricultural-gearbox3-480x479.webp 480w\" sizes=\"(min-width: 0px) and (max-width: 480px) 480px, (min-width: 481px) 1140px, 100vw\" \/><\/p>\n<p>Autor: CX<\/p>\n<\/article>","protected":false},"excerpt":{"rendered":"<p>Double Disc Fertilizer Spreader Gearbox FMP-SF10 Dimensions\u00a0\u00a0\u00a0 Double Disc Fertilizer Spreader Gearbox FMP-SF10 Technical Data i Suitable Rpm input Rpm output Power Toothing r\/min r\/min Kw Hp left\/right box 1 :1.33 Fertilizer spreader, etc 540 406 15 20 Gleason Helical Teeth Remark: If you have any special require feel free let me know, we also [&hellip;]<\/p>","protected":false},"featured_media":3082,"comment_status":"open","ping_status":"closed","template":"","meta":{"_et_pb_use_builder":"","_et_pb_old_content":"","_et_gb_content_width":""},"product_brand":[],"product_cat":[71],"product_tag":[],"class_list":{"0":"post-3073","1":"product","2":"type-product","3":"status-publish","4":"has-post-thumbnail","6":"product_cat-fertilizer-seeder-gearbox","8":"first","9":"instock","10":"shipping-taxable","11":"product-type-simple"},"_links":{"self":[{"href":"https:\/\/fmp-components.com\/sk\/wp-json\/wp\/v2\/product\/3073","targetHints":{"allow":["GET"]}}],"collection":[{"href":"https:\/\/fmp-components.com\/sk\/wp-json\/wp\/v2\/product"}],"about":[{"href":"https:\/\/fmp-components.com\/sk\/wp-json\/wp\/v2\/types\/product"}],"replies":[{"embeddable":true,"href":"https:\/\/fmp-components.com\/sk\/wp-json\/wp\/v2\/comments?post=3073"}],"wp:featuredmedia":[{"embeddable":true,"href":"https:\/\/fmp-components.com\/sk\/wp-json\/wp\/v2\/media\/3082"}],"wp:attachment":[{"href":"https:\/\/fmp-components.com\/sk\/wp-json\/wp\/v2\/media?parent=3073"}],"wp:term":[{"taxonomy":"product_brand","embeddable":true,"href":"https:\/\/fmp-components.com\/sk\/wp-json\/wp\/v2\/product_brand?post=3073"},{"taxonomy":"product_cat","embeddable":true,"href":"https:\/\/fmp-components.com\/sk\/wp-json\/wp\/v2\/product_cat?post=3073"},{"taxonomy":"product_tag","embeddable":true,"href":"https:\/\/fmp-components.com\/sk\/wp-json\/wp\/v2\/product_tag?post=3073"}],"curies":[{"name":"pracovn\u00fd list","href":"https:\/\/api.w.org\/{rel}","templated":true}]}}