{"id":3061,"date":"2025-01-04T07:59:04","date_gmt":"2025-01-04T07:59:04","guid":{"rendered":"https:\/\/fmp-components.com\/?page_id=8"},"modified":"2025-01-04T07:59:04","modified_gmt":"2025-01-04T07:59:04","slug":"fertilizer-seeder-gearbox-fmp190-r3-for-fertilizer-broadcaster","status":"publish","type":"product","link":"https:\/\/fmp-components.com\/sk\/product\/fertilizer-seeder-gearbox-fmp190-r3-for-fertilizer-broadcaster\/","title":{"rendered":"Prevodovka seja\u010dky hnoj\u00edv FMP190-R3 pre rozmetadlo hnoj\u00edv"},"content":{"rendered":"<h2>Rozmery prevodovky seja\u010dky hnoj\u00edv FMP190-R3<\/h2>\n<h2><img loading=\"lazy\" decoding=\"async\" class=\"alignnone size-full wp-image-3062\" src=\"https:\/\/fmp-components.com\/wp-content\/uploads\/2025\/01\/Fertilizer-Seeder-Gearbox-EP190-R3-Dimensions.webp\" alt=\"Rozmery prevodovky pre hnojiv\u00e1 a sejacie stroje FMP190-R3\" width=\"1306\" height=\"866\" title=\"\" srcset=\"https:\/\/fmp-components.com\/wp-content\/uploads\/2025\/01\/Fertilizer-Seeder-Gearbox-EP190-R3-Dimensions.webp 1306w, https:\/\/fmp-components.com\/wp-content\/uploads\/2025\/01\/Fertilizer-Seeder-Gearbox-EP190-R3-Dimensions-1280x849.webp 1280w, https:\/\/fmp-components.com\/wp-content\/uploads\/2025\/01\/Fertilizer-Seeder-Gearbox-EP190-R3-Dimensions-980x650.webp 980w, https:\/\/fmp-components.com\/wp-content\/uploads\/2025\/01\/Fertilizer-Seeder-Gearbox-EP190-R3-Dimensions-480x318.webp 480w\" sizes=\"(min-width: 0px) and (max-width: 480px) 480px, (min-width: 481px) and (max-width: 980px) 980px, (min-width: 981px) and (max-width: 1280px) 1280px, (min-width: 1281px) 1306px, 100vw\" \/> <img loading=\"lazy\" decoding=\"async\" class=\"alignnone size-full wp-image-3063\" src=\"https:\/\/fmp-components.com\/wp-content\/uploads\/2025\/01\/Fertilizer-Seeder-Gearbox-EP190-R3-Shaft-Dimensions.webp\" alt=\"Rozmery prevodovky pre hnojiv\u00e1 a sejacie stroje FMP190-R3\" width=\"1139\" height=\"296\" title=\"\" srcset=\"https:\/\/fmp-components.com\/wp-content\/uploads\/2025\/01\/Fertilizer-Seeder-Gearbox-EP190-R3-Shaft-Dimensions.webp 1139w, https:\/\/fmp-components.com\/wp-content\/uploads\/2025\/01\/Fertilizer-Seeder-Gearbox-EP190-R3-Shaft-Dimensions-980x255.webp 980w, https:\/\/fmp-components.com\/wp-content\/uploads\/2025\/01\/Fertilizer-Seeder-Gearbox-EP190-R3-Shaft-Dimensions-480x125.webp 480w\" sizes=\"(min-width: 0px) and (max-width: 480px) 480px, (min-width: 481px) and (max-width: 980px) 980px, (min-width: 981px) 1139px, 100vw\" \/>\u00a0Technick\u00e9 \u00fadaje prevodovky seja\u010dky hnoj\u00edv FMP190-R3<\/h2>\n<table style=\"width: 89.3855%;\" border=\"1\" cellspacing=\"0\" cellpadding=\"0\">\n<tbody>\n<tr>\n<td style=\"width: 20.1097%;\" colspan=\"2\" rowspan=\"2\">ja<\/td>\n<td style=\"width: 28.702%;\" rowspan=\"2\">Vhodn\u00e9<\/td>\n<td style=\"width: 11.883%;\">Vstup ot\u00e1\u010dok<\/td>\n<td style=\"width: 13.3455%;\">V\u00fdstupn\u00e9 ot\u00e1\u010dky<\/td>\n<td style=\"width: 7.67824%;\" colspan=\"2\">V\u00fdkon<\/td>\n<td style=\"width: 98.5375%;\" rowspan=\"2\">Prerez\u00e1vanie zubov<\/td>\n<\/tr>\n<tr>\n<td style=\"width: 11.883%;\">ot.\/min.<\/td>\n<td style=\"width: 13.3455%;\">ot.\/min.<\/td>\n<td style=\"width: 4.02194%;\">kW<\/td>\n<td style=\"width: 3.65631%;\">HP<\/td>\n<\/tr>\n<tr>\n<td style=\"width: 12.6143%;\">Spomali\u0165<\/td>\n<td style=\"width: 7.49543%;\">1.38:1<\/td>\n<td style=\"width: 28.702%;\">Rozmetadlo hnoj\u00edv at\u010f.<\/td>\n<td style=\"width: 11.883%;\">540<\/td>\n<td style=\"width: 13.3455%;\">390<\/td>\n<td style=\"width: 4.02194%;\">62<\/td>\n<td style=\"width: 3.65631%;\">85<\/td>\n<td style=\"width: 98.5375%;\">Gleason Helical<br \/>\nZuby<\/td>\n<\/tr>\n<tr>\n<td style=\"width: 180.256%;\" colspan=\"8\">Pozn\u00e1mka: Ak m\u00e1te nejak\u00e9 \u0161peci\u00e1lne po\u017eiadavky, nev\u00e1hajte mi da\u0165 vedie\u0165, akceptujeme aj z\u00e1kazku.<\/td>\n<\/tr>\n<\/tbody>\n<\/table>\n<h2>V\u00fdhody prevodovky pre sejacie stroje na hnojiv\u00e1 FMP190-R3<\/h2>\n<div class=\"m-auto text-base py-[18px] px-3 md:px-4 w-full md:px-5 lg:px-4 xl:px-5\">\n<div class=\"mx-auto flex flex-1 gap-4 text-base md:gap-5 lg:gap-6 md:max-w-3xl lg:max-w-[40rem] xl:max-w-[48rem]\">\n<div class=\"group\/conversation-turn relative flex w-full min-w-0 flex-col agent-turn\">\n<div class=\"flex-col gap-1 md:gap-3\">\n<div class=\"flex max-w-full flex-col flex-grow\">\n<div class=\"min-h-8 text-message flex w-full flex-col items-end gap-2 whitespace-normal break-words text-start [.text-message+&amp;]:mt-5\" dir=\"auto\" data-message-author-role=\"assistant\" data-message-id=\"b5d5baad-aa49-48fd-a4ec-b7e79369c90f\" data-message-model-slug=\"gpt-4o\">\n<div class=\"flex w-full flex-col gap-1 empty:hidden first:pt-[3px]\">\n<div class=\"markdown prose w-full break-words dark:prose-invert light\">\n<p>Prevodovka FM190-R3 pre sejacie stroje na hnojiv\u00e1 pon\u00faka nieko\u013eko k\u013e\u00fa\u010dov\u00fdch v\u00fdhod, ktor\u00e9 zvy\u0161uj\u00fa v\u00fdkon a \u00fa\u010dinnos\u0165 syst\u00e9mov sejby a distrib\u00facie hnoj\u00edv. Tu s\u00fa hlavn\u00e9 v\u00fdhody:<\/p>\n<p><strong>1. Presn\u00e1 distrib\u00facia hnoj\u00edv<\/strong><\/p>\n<ul>\n<li>Prevodovka FM190-R3 zais\u0165uje rovnomern\u00fa a presn\u00fa aplik\u00e1ciu hnoj\u00edv na celom poli. Ovl\u00e1dan\u00edm r\u00fdchlosti mechanizmov na rozde\u013eovanie semien a hnoj\u00edv pom\u00e1ha dosiahnu\u0165 konzistentn\u00e9 rozmetanie, \u010d\u00edm sa zlep\u0161uje v\u00fdnos plod\u00edn a minimalizuje odpad.<\/li>\n<\/ul>\n<p><strong>2. Vysok\u00e1 odolnos\u0165 a dlh\u00e1 \u017eivotnos\u0165<\/strong><\/p>\n<ul>\n<li>Prevodovka FM190-R3 je vyroben\u00e1 z vysoko kvalitn\u00fdch materi\u00e1lov a m\u00e1 robustn\u00fa kon\u0161trukciu a je navrhnut\u00e1 pre dlhodob\u00fa spo\u013eahlivos\u0165. Odol\u00e1va n\u00e1ro\u010dn\u00fdm po\u013en\u00fdm podmienkam vr\u00e1tane vystavenia vlhkosti, prachu a extr\u00e9mnym teplot\u00e1m, \u010d\u00edm sa zni\u017euje potreba \u010dastej \u00fadr\u017eby a v\u00fdmeny.<\/li>\n<\/ul>\n<p><strong>3. Optimalizovan\u00fd v\u00fdkon<\/strong><\/p>\n<ul>\n<li>Prevodovka je skon\u0161truovan\u00e1 tak, aby poskytovala optim\u00e1lny prenos v\u00fdkonu, zabezpe\u010dovala plynul\u00fd chod a zabra\u0148uje nadmern\u00e9mu za\u0165a\u017eeniu syst\u00e9mu. Jej efekt\u00edvna premena v\u00fdkonu vedie k ni\u017e\u0161ej spotrebe energie, \u010do prispieva k \u00faspore paliva a celkov\u00e9mu zn\u00ed\u017eeniu prev\u00e1dzkov\u00fdch n\u00e1kladov.<\/li>\n<\/ul>\n<p><strong>4. Prisp\u00f4sobenie a flexibilita<\/strong><\/p>\n<ul>\n<li>Prevodovka FM190-R3 pon\u00faka flexibilitu pri pou\u017eit\u00ed, v\u010faka \u010domu je vhodn\u00e1 pre r\u00f4zne seja\u010dky hnoj\u00edv a rozmetadl\u00e1 hnoj\u00edv na \u0161irok\u00e9 plochy. Jej prisp\u00f4sobivos\u0165 zabezpe\u010duje, \u017ee dok\u00e1\u017ee splni\u0165 \u0161pecifick\u00e9 potreby r\u00f4znych typov plod\u00edn a po\u013en\u00fdch podmienok, \u010d\u00edm sa zvy\u0161uje efektivita pri mal\u00fdch aj ve\u013ek\u00fdch prev\u00e1dzkach.<\/li>\n<\/ul>\n<p><strong>5. Jednoduch\u00e1 \u00fadr\u017eba<\/strong><\/p>\n<ul>\n<li>Prevodovka FM190-R3 je navrhnut\u00e1 pre jednoduch\u00fa \u00fadr\u017ebu a servis. Jej u\u017e\u00edvate\u013esky pr\u00edvetiv\u00e1 kon\u0161trukcia umo\u017e\u0148uje jednoduch\u00e9 kontroly, mazanie a v\u00fdmenu dielov, \u010do pom\u00e1ha skr\u00e1ti\u0165 prestoje a zabezpe\u010duje nepretr\u017eit\u00fa a spo\u013eahliv\u00fa prev\u00e1dzku v ter\u00e9ne.<\/li>\n<\/ul>\n<p>Prevodovka pre seja\u010dku FM190-R3 je vynikaj\u00facou vo\u013ebou pre po\u013enohospod\u00e1rov, ktor\u00ed chc\u00fa optimalizova\u0165 proces aplik\u00e1cie hnoj\u00edv, zlep\u0161i\u0165 prev\u00e1dzkov\u00fa efektivitu a zn\u00ed\u017ei\u0165 n\u00e1klady na \u00fadr\u017ebu a z\u00e1rove\u0148 zabezpe\u010di\u0165 vysoko kvalitn\u00e9 a jednotn\u00e9 v\u00fdsledky.<\/p>\n<p><img loading=\"lazy\" decoding=\"async\" class=\"alignnone size-full wp-image-3065\" src=\"https:\/\/fmp-components.com\/wp-content\/uploads\/2025\/01\/Fertilizer-Seeder-Gearbox-EP190-R3-Benefits-11.webp\" alt=\"Prevodovka pre hnojiv\u00e1 a sejacie stroje FMP190-R3-V\u00fdhody-1(1)\" width=\"1446\" height=\"755\" title=\"\" srcset=\"https:\/\/fmp-components.com\/wp-content\/uploads\/2025\/01\/Fertilizer-Seeder-Gearbox-EP190-R3-Benefits-11.webp 1446w, https:\/\/fmp-components.com\/wp-content\/uploads\/2025\/01\/Fertilizer-Seeder-Gearbox-EP190-R3-Benefits-11-1280x668.webp 1280w, https:\/\/fmp-components.com\/wp-content\/uploads\/2025\/01\/Fertilizer-Seeder-Gearbox-EP190-R3-Benefits-11-980x512.webp 980w, https:\/\/fmp-components.com\/wp-content\/uploads\/2025\/01\/Fertilizer-Seeder-Gearbox-EP190-R3-Benefits-11-480x251.webp 480w\" sizes=\"(min-width: 0px) and (max-width: 480px) 480px, (min-width: 481px) and (max-width: 980px) 980px, (min-width: 981px) and (max-width: 1280px) 1280px, (min-width: 1281px) 1446px, 100vw\" \/><\/p>\n<h2>Vyberte si spr\u00e1vnu prevodovku FMP190-R3 pre rozmetadlo hnoj\u00edv<\/h2>\n<p>V\u00fdber spr\u00e1vnej prevodovky FMP190-R3 pre v\u00e1\u0161 rozmeta\u010d hnoj\u00edv je k\u013e\u00fa\u010dov\u00fd pre zabezpe\u010denie optim\u00e1lneho v\u00fdkonu, \u00fa\u010dinnosti a odolnosti. Tu je sprievodca, ktor\u00fd v\u00e1m pom\u00f4\u017ee urobi\u0165 informovan\u00e9 rozhodnutie:<\/p>\n<h3>K\u013e\u00fa\u010dov\u00e9 aspekty pre v\u00fdber spr\u00e1vnej prevodovky<\/h3>\n<p><strong>1. Po\u017eiadavky na \u017eiados\u0165<\/strong><\/p>\n<ul>\n<li>Ve\u013ekos\u0165 po\u013ea a typ plodiny: Pochopte typ plod\u00edn, ktor\u00e9 pestujete, a rozsah va\u0161ej prev\u00e1dzky. V\u00e4\u010d\u0161ie polia alebo prev\u00e1dzky s vysok\u00fdm objemom produkcie by mohli ma\u0165 z FMP190-R3 \u00fa\u017eitok v\u010faka jeho schopnosti konzistentn\u00e9ho rozptylu hnojiva na ve\u013ekom povrchu.<\/li>\n<li>Typ hnojiva: Ur\u010dite typ hnojiva, ktor\u00e9 pou\u017e\u00edvate. Prevodovka by mala by\u0165 kompatibiln\u00e1 s konkr\u00e9tnym typom hnojiva, \u010di u\u017e tuh\u00e9ho, tekut\u00e9ho alebo granulovan\u00e9ho, \u200b\u200ba mala by by\u0165 schopn\u00e1 zvl\u00e1dnu\u0165 r\u00f4zne ve\u013ekosti a aplika\u010dn\u00e9 d\u00e1vky.<\/li>\n<\/ul>\n<p><strong>2. \u00da\u010dinnos\u0165 prenosu energie<\/strong><\/p>\n<ul>\n<li>Kompatibilita s v\u00fdvodov\u00fdm hriade\u013eom: Uistite sa, \u017ee FMP190-R3 je kompatibiln\u00fd so syst\u00e9mom v\u00fdvodov\u00e9ho hriade\u013ea (PTO) v\u00e1\u0161ho traktora alebo in\u00fdmi zdrojmi energie. T\u00e1to prevodovka je navrhnut\u00e1 tak, aby poskytovala efekt\u00edvny prenos v\u00fdkonu z v\u00fdvodov\u00e9ho hriade\u013ea na rozmetadlo hnoj\u00edv, \u010d\u00edm sa zabezpe\u010d\u00ed plynul\u00e1 prev\u00e1dzka a efekt\u00edvny v\u00fdkon.<\/li>\n<li>Prevodov\u00fd pomer: Prevodov\u00e9 pomery prevodovky by mali zodpoveda\u0165 po\u017eiadavk\u00e1m rozmetadla. FMP190-R3 pon\u00faka optimalizovan\u00fd prenos v\u00fdkonu pre rovnomern\u00e9 rozlo\u017eenie hnojiva, \u010d\u00edm sa zvy\u0161uje prev\u00e1dzkov\u00e1 \u00fa\u010dinnos\u0165.<\/li>\n<\/ul>\n<p><strong>3. Trvanlivos\u0165 a spo\u013eahlivos\u0165<\/strong><\/p>\n<ul>\n<li>Kvalita materi\u00e1lu: Vyberte si prevodovku vyroben\u00fa z vysoko kvalitn\u00fdch a odoln\u00fdch materi\u00e1lov, ktor\u00e9 odol\u00e1vaj\u00fa n\u00e1ro\u010dn\u00fdm po\u013enohospod\u00e1rskym podmienkam, ako je vystavenie chemik\u00e1li\u00e1m, hnojiv\u00e1m, vlhkosti a fyzick\u00e9mu opotrebovaniu. Prevodovka FMP190-R3 je skon\u0161truovan\u00e1 tak, aby zvl\u00e1dala n\u00e1ro\u010dn\u00e9 podmienky.<\/li>\n<li>Odolnos\u0165 proti kor\u00f3zii: Vzh\u013eadom na vystavenie hnojiv\u00e1m a in\u00fdm koroz\u00edvnym l\u00e1tkam vyberte prevodovku, ktor\u00e1 pon\u00faka odolnos\u0165 vo\u010di hrdzi a kor\u00f3zii. Prevodovka FMP190-R3 je navrhnut\u00e1 s antikor\u00f3znymi vlastnos\u0165ami, ktor\u00e9 pred\u013a\u017euj\u00fa jej \u017eivotnos\u0165.<\/li>\n<\/ul>\n<p><strong>4. Jednoduch\u00e1 \u00fadr\u017eba<\/strong><\/p>\n<ul>\n<li>Servis a mazanie: H\u013eadajte prevodovku, ktor\u00e1 sa \u013eahko udr\u017eiava a servisuje. FMP190-R3 je navrhnut\u00e1 pre jednoduch\u00fa \u00fadr\u017ebu, \u010do skracuje prestoje a zabezpe\u010duje, \u017ee rozmetadlo zostane v prev\u00e1dzke aj po\u010das sez\u00f3nnej \u0161pi\u010dky.<\/li>\n<li>Dostupnos\u0165 n\u00e1hradn\u00fdch dielov: Zabezpe\u010dte, aby boli n\u00e1hradn\u00e9 diely pre FMP190-R3 \u013eahko dostupn\u00e9 a v pr\u00edpade potreby ich bolo mo\u017en\u00e9 \u013eahko vymeni\u0165. T\u00fdm sa pred\u00edde zbyto\u010dn\u00fdm oneskoreniam a n\u00e1kladom v pr\u00edpade poruchy komponentu.<\/li>\n<\/ul>\n<p><strong>5. V\u00fdstupn\u00fd v\u00fdkon a regul\u00e1cia ot\u00e1\u010dok<\/strong><\/p>\n<ul>\n<li>Nastavite\u013en\u00e1 r\u00fdchlos\u0165: V z\u00e1vislosti od typu plod\u00edn, ktor\u00e9 pestujete, mo\u017eno budete musie\u0165 regulova\u0165 r\u00fdchlos\u0165 aplik\u00e1cie hnoj\u00edv. FMP190-R3 umo\u017e\u0148uje flexibiln\u00e9 nastavenie, aby sa zabezpe\u010dila presn\u00e1 aplik\u00e1cia hnoj\u00edv, \u010d\u00edm sa zlep\u0161\u00ed pokrytie po\u013ea a zn\u00ed\u017ei sa odpad.<\/li>\n<li>V\u00fdkon pri za\u0165a\u017een\u00ed: Prevodovka by mala fungova\u0165 efekt\u00edvne aj pri za\u0165a\u017eovac\u00edch podmienkach, s ktor\u00fdmi sa stretnete. Model FMP190-R3 je skon\u0161truovan\u00fd tak, aby poskytoval optim\u00e1lny v\u00fdkon a ovl\u00e1danie, a to aj pri n\u00e1ro\u010dnej pr\u00e1ci v ter\u00e9ne.<\/li>\n<\/ul>\n<h3>Pre\u010do si vybra\u0165 prevodovku seja\u010dky na hnojiv\u00e1 FMP190-R3?<\/h3>\n<ul>\n<li>Optimalizovan\u00fd v\u00fdkon: Prevodovka FMP190-R3 poskytuje plynul\u00fd, spo\u013eahliv\u00fd a efekt\u00edvny v\u00fdkon, ktor\u00fd zabezpe\u010duje rovnomern\u00e9 rozlo\u017eenie hnojiva na poliach r\u00f4znych ve\u013ekost\u00ed a typov plod\u00edn.<\/li>\n<li>Prisp\u00f4sobenie: V\u010faka nastavite\u013en\u00fdm nastaveniam r\u00fdchlosti a v\u00fdkonu je mo\u017en\u00e9 FMP190-R3 prisp\u00f4sobi\u0165 \u0161pecifick\u00fdm po\u017eiadavk\u00e1m v\u00e1\u0161ho rozmetadla hnoj\u00edv.<\/li>\n<li>Odolnos\u0165: Model FMP190-R3 je vyroben\u00fd z vysoko kvalitn\u00fdch materi\u00e1lov a m\u00e1 prvky odoln\u00e9 vo\u010di kor\u00f3zii a je navrhnut\u00fd tak, aby odolal aj najdrsnej\u0161\u00edm po\u013enohospod\u00e1rskym podmienkam.<\/li>\n<li>Jednoduch\u00e1 \u00fadr\u017eba: Jeho jednoduch\u00fd dizajn a jednoduch\u00e1 \u00fadr\u017eba pom\u00e1haj\u00fa skr\u00e1ti\u0165 prestoje a udr\u017eiava\u0165 va\u0161u prev\u00e1dzku v plynulom chode.<\/li>\n<li>Kompatibilita: FMP190-R3 je kompatibiln\u00fd so \u0161irokou \u0161k\u00e1lou rozmetadiel hnoj\u00edv a sejac\u00edch strojov, v\u010faka \u010domu je v\u0161estrannou vo\u013ebou pre r\u00f4zne po\u013enohospod\u00e1rske aplik\u00e1cie.<\/li>\n<\/ul>\n<p>Pri v\u00fdbere prevodovky pre sejac\u00ed stroj na hnojiv\u00e1 pre v\u00e1\u0161 rozmeta\u010d hnoj\u00edv vynik\u00e1 FMP190-R3 ako vynikaj\u00faca vo\u013eba v\u010faka spo\u013eahliv\u00e9mu prenosu v\u00fdkonu, odolnosti a jednoduchej \u00fadr\u017ebe. Jeho kompatibilita s r\u00f4znymi syst\u00e9mami sejby a hnojenia v kombin\u00e1cii s jeho schopnos\u0165ou efekt\u00edvneho rozde\u013eovania hnoj\u00edv z neho rob\u00ed v\u0161estrann\u00e9 a cenovo v\u00fdhodn\u00e9 rie\u0161enie pre modern\u00e9 po\u013enohospod\u00e1rske potreby.<\/p>\n<p>Uistite sa, \u017ee ste pos\u00fadili \u0161pecifick\u00e9 potreby va\u0161ej prev\u00e1dzky a uistili sa, \u017ee FMP190-R3 dobre vyhovuje v\u00e1\u0161mu vybaveniu a po\u017eiadavk\u00e1m na v\u00fdkon, aby ste dosiahli \u010do najlep\u0161ie v\u00fdsledky pri aplik\u00e1cii hnoj\u00edv.<\/p>\n<p><img loading=\"lazy\" decoding=\"async\" class=\"alignnone  wp-image-3060\" src=\"https:\/\/fmp-components.com\/wp-content\/uploads\/2025\/01\/Fertilizer-Seeder-Gearbox-EP50-Common-Applications-1.webp\" alt=\"Prevodovka pre hnojiv\u00e1 a sejacie stroje EP50 \u2013 be\u017en\u00e9 aplik\u00e1cie \u2013 1\" width=\"1075\" height=\"627\" title=\"\" srcset=\"https:\/\/fmp-components.com\/wp-content\/uploads\/2025\/01\/Fertilizer-Seeder-Gearbox-EP50-Common-Applications-1.webp 1075w, https:\/\/fmp-components.com\/wp-content\/uploads\/2025\/01\/Fertilizer-Seeder-Gearbox-EP50-Common-Applications-1-980x571.webp 980w, https:\/\/fmp-components.com\/wp-content\/uploads\/2025\/01\/Fertilizer-Seeder-Gearbox-EP50-Common-Applications-1-480x280.webp 480w\" sizes=\"(min-width: 0px) and (max-width: 480px) 480px, (min-width: 481px) and (max-width: 980px) 980px, (min-width: 981px) 1075px, 100vw\" \/><\/p>\n<h3>O FMP<\/h3>\n<p>Spolo\u010dnos\u0165 FMP so s\u00eddlom v Taliansku je popredn\u00fdm v\u00fdrobcom uzn\u00e1van\u00fdm pre svoje odborn\u00e9 znalosti v oblasti navrhovania, v\u00fdvoja a v\u00fdroby vysokov\u00fdkonn\u00fdch prevodoviek so zameran\u00edm na sektor po\u013enohospod\u00e1rskych strojov. Spolo\u010dnos\u0165 FMP, zn\u00e1ma prec\u00edznym in\u017einierstvom, inovat\u00edvnymi rie\u0161eniami a neochvejnou spo\u013eahlivos\u0165ou, sa etablovala ako d\u00f4veryhodn\u00fd partner na po\u013enohospod\u00e1rskom aj priemyselnom trhu. Na\u0161e \u0161irok\u00e9 produktov\u00e9 portf\u00f3lio zah\u0155\u0148a prevodovky na mieru pre kosa\u010dky na tr\u00e1vu, v\u00fdvodov\u00e9 hriadele a \u010fal\u0161ie d\u00f4le\u017eit\u00e9 komponenty, pri\u010dom v\u0161etky s\u00fa starostlivo vyroben\u00e9 tak, aby sp\u013a\u0148ali rozmanit\u00e9 potreby r\u00f4znych aplik\u00e1ci\u00ed.<\/p>\n<p>V spolo\u010dnosti FMP ch\u00e1peme, \u017ee ka\u017ed\u00fd klient \u010del\u00ed jedine\u010dn\u00fdm v\u00fdzvam. Preto sa \u0161pecializujeme na poskytovanie rie\u0161en\u00ed na mieru, \u010di u\u017e ide o jednotliv\u00e9 komponenty alebo plne integrovan\u00e9 syst\u00e9my. Prostredn\u00edctvom \u00fazkej spolupr\u00e1ce s na\u0161imi klientmi zabezpe\u010dujeme, aby ka\u017ed\u00e9 rie\u0161enie nielen sp\u013a\u0148alo ich \u0161pecifick\u00e9 potreby, ale tie\u017e optimalizovalo v\u00fdkon a maximalizovalo hodnotu. N\u00e1\u0161 z\u00e1v\u00e4zok k r\u00fdchlym a profesion\u00e1lnym reakci\u00e1m a odborn\u00e9mu poradenstvu zabezpe\u010duje, \u017ee ka\u017ed\u00e1 po\u017eiadavka bude spracovan\u00e1 s presnos\u0165ou a prinesie najlep\u0161ie mo\u017en\u00e9 v\u00fdsledky.<\/p>\n<p>Uprednost\u0148ujeme jasn\u00fa a priebe\u017en\u00fa komunik\u00e1ciu po\u010das cel\u00e9ho cyklu v\u00fdvoja produktu. N\u00e1\u0161 \u0161pecializovan\u00fd t\u00edm spolupracuje priamo s klientmi, aby plne pochopil ich po\u017eiadavky a pon\u00fakol cenn\u00e9 poznatky a odpor\u00fa\u010dania na dosiahnutie optim\u00e1lnych v\u00fdsledkov. \u010ci u\u017e navrhujeme najmodernej\u0161ie produkty alebo pln\u00edme be\u017en\u00e9 objedn\u00e1vky, spolo\u010dnos\u0165 FMP sa zav\u00e4zuje poskytova\u0165 vysokokvalitn\u00e9, prec\u00edzne navrhnut\u00e9 rie\u0161enia v\u010das a v\u017edy. Na\u0161\u00edm poslan\u00edm je neust\u00e1le prekon\u00e1va\u0165 o\u010dak\u00e1vania klientov a poskytova\u0165 v\u00fdnimo\u010dn\u00e9 slu\u017eby a v\u00fdsledky pri ka\u017edom projekte.<\/p>\n<p>Kvalita je z\u00e1kladn\u00fdm kame\u0148om prev\u00e1dzky spolo\u010dnosti FMP. Dodr\u017eiavame najvy\u0161\u0161ie v\u00fdrobn\u00e9 \u0161tandardy a implementujeme pr\u00edsne procesy kontroly kvality, aby sme zabezpe\u010dili, \u017ee ka\u017ed\u00fd produkt nielen sp\u013a\u0148a, ale aj prekon\u00e1va priemyseln\u00e9 \u0161tandardy. Toto odhodlanie k dokonalosti v spojen\u00ed s na\u0161imi z\u00e1kladn\u00fdmi hodnotami integrity, t\u00edmovej pr\u00e1ce a vytrvalosti n\u00e1m umo\u017enilo vybudova\u0165 si trval\u00e9 vz\u0165ahy zalo\u017een\u00e9 na d\u00f4vere s klientmi v takmer 30 krajin\u00e1ch sveta.<\/p>\n<p>Spolo\u010dnos\u0165 FMP sa v\u017edy sna\u017e\u00ed rozv\u00edja\u0165 glob\u00e1lne partnerstv\u00e1 a pon\u00faka odborn\u00e9 poradenstvo a rie\u0161enia na mieru, ktor\u00e9 rie\u0161ia meniace sa potreby na\u0161ich klientov. Na\u0161\u00edm cie\u013eom je budova\u0165 dlhodob\u00e9 a vz\u00e1jomne prospe\u0161n\u00e9 vz\u0165ahy, ktor\u00e9 prispievaj\u00fa k \u00faspechu ka\u017ed\u00e9ho projektu. \u010ci u\u017e h\u013ead\u00e1te inovat\u00edvne rie\u0161enia pre nov\u00fa iniciat\u00edvu alebo potrebujete neust\u00e1lu podporu pre existuj\u00faci syst\u00e9m, spolo\u010dnos\u0165 FMP je pripraven\u00e1 v\u00e1m pom\u00f4c\u0165 rie\u0161i\u0165 va\u0161e technick\u00e9 v\u00fdzvy a zabezpe\u010di\u0165 v\u00e1\u0161 trval\u00fd \u00faspech.<\/p>\n<p><img loading=\"lazy\" decoding=\"async\" class=\"alignnone wp-image-2695\" src=\"https:\/\/fmp-components.com\/wp-content\/uploads\/2025\/01\/agricultural-gearbox3.webp\" alt=\"po\u013enohospod\u00e1rska prevodovka\" width=\"1140\" height=\"1138\" title=\"\" srcset=\"https:\/\/fmp-components.com\/wp-content\/uploads\/2025\/01\/agricultural-gearbox3.webp 1140w, https:\/\/fmp-components.com\/wp-content\/uploads\/2025\/01\/agricultural-gearbox3-480x479.webp 480w\" sizes=\"(min-width: 0px) and (max-width: 480px) 480px, (min-width: 481px) 1140px, 100vw\" \/><\/p>\n<p>Autor: CX<\/p>\n<\/div>\n<\/div>\n<\/div>\n<\/div>\n<\/div>\n<\/div>\n<\/div>\n<\/div>","protected":false},"excerpt":{"rendered":"<p>Fertilizer Seeder Gearbox FMP190-R3 Dimensions \u00a0Fertilizer Seeder Gearbox FMP190-R3 Technical Data i Suitable Rpm input Rpm output Power Toothing r\/min r\/min Kw Hp Decelerate 1.38:1 Fertilizer broadcaster, etc 540 390 62 85 Gleason Helical Teeth Remark: If you have any special require feel free let me know, we also accept custom. Benefits of the Fertilizer [&hellip;]<\/p>","protected":false},"featured_media":3064,"comment_status":"open","ping_status":"closed","template":"","meta":{"_et_pb_use_builder":"","_et_pb_old_content":"","_et_gb_content_width":""},"product_brand":[],"product_cat":[71],"product_tag":[],"class_list":{"0":"post-3061","1":"product","2":"type-product","3":"status-publish","4":"has-post-thumbnail","6":"product_cat-fertilizer-seeder-gearbox","8":"first","9":"instock","10":"shipping-taxable","11":"product-type-simple"},"_links":{"self":[{"href":"https:\/\/fmp-components.com\/sk\/wp-json\/wp\/v2\/product\/3061","targetHints":{"allow":["GET"]}}],"collection":[{"href":"https:\/\/fmp-components.com\/sk\/wp-json\/wp\/v2\/product"}],"about":[{"href":"https:\/\/fmp-components.com\/sk\/wp-json\/wp\/v2\/types\/product"}],"replies":[{"embeddable":true,"href":"https:\/\/fmp-components.com\/sk\/wp-json\/wp\/v2\/comments?post=3061"}],"wp:featuredmedia":[{"embeddable":true,"href":"https:\/\/fmp-components.com\/sk\/wp-json\/wp\/v2\/media\/3064"}],"wp:attachment":[{"href":"https:\/\/fmp-components.com\/sk\/wp-json\/wp\/v2\/media?parent=3061"}],"wp:term":[{"taxonomy":"product_brand","embeddable":true,"href":"https:\/\/fmp-components.com\/sk\/wp-json\/wp\/v2\/product_brand?post=3061"},{"taxonomy":"product_cat","embeddable":true,"href":"https:\/\/fmp-components.com\/sk\/wp-json\/wp\/v2\/product_cat?post=3061"},{"taxonomy":"product_tag","embeddable":true,"href":"https:\/\/fmp-components.com\/sk\/wp-json\/wp\/v2\/product_tag?post=3061"}],"curies":[{"name":"pracovn\u00fd list","href":"https:\/\/api.w.org\/{rel}","templated":true}]}}