{"id":3052,"date":"2025-01-04T07:31:52","date_gmt":"2025-01-04T07:31:52","guid":{"rendered":"https:\/\/fmp-components.com\/?page_id=8"},"modified":"2025-01-04T07:40:05","modified_gmt":"2025-01-04T07:40:05","slug":"fertilizer-seeder-gearbox-fmp35-for-fertilizer-broadcaster","status":"publish","type":"product","link":"https:\/\/fmp-components.com\/sk\/product\/fertilizer-seeder-gearbox-fmp35-for-fertilizer-broadcaster\/","title":{"rendered":"Prevodovka seja\u010dky hnoj\u00edv FMP35 pre rozmetadlo hnoj\u00edv"},"content":{"rendered":"<h2>Rozmery prevodovky seja\u010dky hnoj\u00edv FMP35<\/h2>\n<p><img loading=\"lazy\" decoding=\"async\" class=\"alignnone size-full wp-image-3053\" src=\"https:\/\/fmp-components.com\/wp-content\/uploads\/2025\/01\/Fertilizer-Seeder-Gearbox-EP35-Dimensions.webp\" alt=\"Rozmery prevodovky pre hnojiv\u00e1 a sejacie stroje EP35\" width=\"1310\" height=\"868\" title=\"\" srcset=\"https:\/\/fmp-components.com\/wp-content\/uploads\/2025\/01\/Fertilizer-Seeder-Gearbox-EP35-Dimensions.webp 1310w, https:\/\/fmp-components.com\/wp-content\/uploads\/2025\/01\/Fertilizer-Seeder-Gearbox-EP35-Dimensions-1280x848.webp 1280w, https:\/\/fmp-components.com\/wp-content\/uploads\/2025\/01\/Fertilizer-Seeder-Gearbox-EP35-Dimensions-980x649.webp 980w, https:\/\/fmp-components.com\/wp-content\/uploads\/2025\/01\/Fertilizer-Seeder-Gearbox-EP35-Dimensions-480x318.webp 480w\" sizes=\"(min-width: 0px) and (max-width: 480px) 480px, (min-width: 481px) and (max-width: 980px) 980px, (min-width: 981px) and (max-width: 1280px) 1280px, (min-width: 1281px) 1310px, 100vw\" \/><\/p>\n<h2>Technick\u00e9 \u00fadaje prevodovky FMP35 pre seja\u010dku hnoj\u00edv<\/h2>\n<table style=\"width: 97.7216%; height: 144px;\" border=\"1\" cellspacing=\"0\" cellpadding=\"0\">\n<tbody>\n<tr>\n<td colspan=\"2\" rowspan=\"2\">ja<\/td>\n<td rowspan=\"2\">Vhodn\u00e9<\/td>\n<td>Vstup ot\u00e1\u010dok<\/td>\n<td>V\u00fdstupn\u00e9 ot\u00e1\u010dky<\/td>\n<td>V\u00fdstupn\u00fd kr\u00fatiaci moment<\/td>\n<td>Hmotnos\u0165<\/td>\n<td rowspan=\"2\">Prerez\u00e1vanie zubov<\/td>\n<\/tr>\n<tr>\n<td>ot.\/min.<\/td>\n<td>ot.\/min.<\/td>\n<td>Nm<\/td>\n<td>kg<\/td>\n<\/tr>\n<tr>\n<td>Spomali\u0165<\/td>\n<td>24.3:1<\/td>\n<td>Rozmetadlo hnoj\u00edv at\u010f.<\/td>\n<td>1000<\/td>\n<td>41<\/td>\n<td>3500<\/td>\n<td>47<\/td>\n<td>Gleason Helical<br \/>\nZuby<\/td>\n<\/tr>\n<tr>\n<td colspan=\"8\">Pozn\u00e1mka: Ak m\u00e1te nejak\u00e9 \u0161peci\u00e1lne po\u017eiadavky, nev\u00e1hajte mi da\u0165 vedie\u0165, akceptujeme aj z\u00e1kazku.<\/td>\n<\/tr>\n<\/tbody>\n<\/table>\n<table style=\"height: 191px;\" border=\"1\" width=\"1066\" cellspacing=\"0\" cellpadding=\"0\">\n<tbody>\n<tr>\n<td style=\"width: 403.458px;\">A<\/td>\n<td style=\"width: 244.833px;\">B.<\/td>\n<td style=\"width: 410.597px;\">C<\/td>\n<\/tr>\n<tr>\n<td style=\"width: 403.458px;\">\u03a645<\/td>\n<td style=\"width: 244.833px;\">14<\/td>\n<td style=\"width: 410.597px;\">48.8<\/td>\n<\/tr>\n<tr>\n<td style=\"width: 403.458px;\">\u03a650<\/td>\n<td style=\"width: 244.833px;\">14<\/td>\n<td style=\"width: 410.597px;\">53.8<\/td>\n<\/tr>\n<tr>\n<td style=\"width: 403.458px;\">\u03a660<\/td>\n<td style=\"width: 244.833px;\">18<\/td>\n<td style=\"width: 410.597px;\">64.4<\/td>\n<\/tr>\n<\/tbody>\n<\/table>\n<h2>V\u00fdhody prevodovky FMP35 pre rozmetadlo hnoj\u00edv<\/h2>\n<p>Prevodovka seja\u010dky hnoj\u00edv FMP35 je k\u013e\u00fa\u010dov\u00fdm komponentom rozmetadiel hnoj\u00edv a pon\u00faka nieko\u013eko v\u00fdhod, ktor\u00e9 zlep\u0161uj\u00fa \u00fa\u010dinnos\u0165, presnos\u0165 a trvanlivos\u0165 aplik\u00e1cie hnoj\u00edv. Tu s\u00fa hlavn\u00e9 v\u00fdhody prevodovky FMP35 v syst\u00e9me rozmetadla hnoj\u00edv:<\/p>\n<p><strong>1. Presn\u00e1 distrib\u00facia hnoj\u00edv<\/strong><\/p>\n<ul>\n<li>Prevodovka FMP35 je skon\u0161truovan\u00e1 tak, aby zabezpe\u010dovala presn\u00e9 a rovnomern\u00e9 rozde\u013eovanie hnoj\u00edv, \u010do je k\u013e\u00fa\u010dov\u00e9 pre maximaliz\u00e1ciu v\u00fdnosu plod\u00edn a zabr\u00e1nenie nadmern\u00e9mu hnojeniu alebo plytvaniu.<\/li>\n<li>Poskytuje konzistentn\u00fd v\u00fdkon syst\u00e9mu distrib\u00facie hnoj\u00edv, pom\u00e1ha regulova\u0165 r\u00fdchlos\u0165 a rot\u00e1ciu rozmetadiel hnoj\u00edv a zabezpe\u010duje rovnomern\u00fa aplik\u00e1ciu spr\u00e1vneho mno\u017estva hnojiva po celom poli.<\/li>\n<\/ul>\n<p><strong>2. Vysok\u00e1 energetick\u00e1 \u00fa\u010dinnos\u0165<\/strong><\/p>\n<ul>\n<li>Prevodovka FMP35 je navrhnut\u00e1 pre optim\u00e1lny prenos v\u00fdkonu, \u010d\u00edm sa zabezpe\u010d\u00ed, \u017ee energia z v\u00fdvodov\u00e9ho hriade\u013ea traktora sa efekt\u00edvne pren\u00e1\u0161a na komponenty rozmetadla hnoj\u00edv.<\/li>\n<li>Jeho vysok\u00fd kr\u00fatiaci moment a efekt\u00edvne rozlo\u017eenie v\u00fdkonu pom\u00e1haj\u00fa rozmetadlu pracova\u0165 s maxim\u00e1lnou \u00fa\u010dinnos\u0165ou, \u010d\u00edm sa zni\u017euje spotreba paliva a zabezpe\u010duje sa plynul\u00fd chod stroja aj v n\u00e1ro\u010dn\u00fdch prev\u00e1dzkov\u00fdch podmienkach.<\/li>\n<\/ul>\n<p><strong>3. Trvanlivos\u0165 a spo\u013eahlivos\u0165<\/strong><\/p>\n<ul>\n<li>Prevodovka FMP35, vyroben\u00e1 z vysoko kvalitn\u00fdch materi\u00e1lov a v\u010faka pokro\u010dil\u00e9mu in\u017einierstvu, je odoln\u00e1 a schopn\u00e1 odola\u0165 drsn\u00fdm podmienkam, s ktor\u00fdmi sa be\u017ene stret\u00e1vame v po\u013enohospod\u00e1rskych prev\u00e1dzkach, ako je vystavenie vlhkosti, ne\u010distot\u00e1m a abraz\u00edvnym materi\u00e1lom, ako s\u00fa hnojiv\u00e1.<\/li>\n<li>Jeho robustn\u00e1 kon\u0161trukcia zais\u0165uje dlhotrvaj\u00faci v\u00fdkon s minim\u00e1lnou \u00fadr\u017ebou, \u010do zni\u017euje celkov\u00e9 n\u00e1klady na vlastn\u00edctvo pre po\u013enohospod\u00e1rov.<\/li>\n<\/ul>\n<p><strong>4. Zv\u00fd\u0161en\u00e1 odolnos\u0165 v\u00fdstroja<\/strong><\/p>\n<ul>\n<li>Prevodovka je navrhnut\u00e1 tak, aby zvl\u00e1dala vysok\u00e9 za\u0165a\u017eenie a nam\u00e1hanie, \u010d\u00edm sa zabezpe\u010d\u00ed plynul\u00fd chod ozuben\u00fdch kolies bez opotrebenia. Kalen\u00e9 ozuben\u00e9 koles\u00e1 a utesnen\u00e9 lo\u017eisk\u00e1 poskytuj\u00fa v\u00e4\u010d\u0161iu odolnos\u0165 a spo\u013eahlivos\u0165 pri dlhodobom pou\u017e\u00edvan\u00ed, najm\u00e4 v n\u00e1ro\u010dnom po\u013enohospod\u00e1rskom prostred\u00ed.<\/li>\n<li>T\u00e1to funkcia zais\u0165uje menej por\u00fach, dlh\u0161ie servisn\u00e9 intervaly a menej \u010dast\u00e9 opravy, v\u010faka \u010domu je rozmetadlo hnoj\u00edv spo\u013eahlivej\u0161ie.<\/li>\n<\/ul>\n<p><strong>5. Nastavite\u013en\u00e1 regul\u00e1cia r\u00fdchlosti<\/strong><\/p>\n<ul>\n<li>Prevodovka FMP35 zvy\u010dajne pon\u00faka nastavite\u013en\u00e9 ot\u00e1\u010dky, \u010do umo\u017e\u0148uje obsluhe ovl\u00e1da\u0165 r\u00fdchlos\u0165 ot\u00e1\u010dania rozmetadla hnoj\u00edv a prisp\u00f4sobi\u0165 ju r\u00f4znym typom hnoj\u00edv a po\u013en\u00fdm podmienkam.<\/li>\n<li>T\u00e1to variabiln\u00e1 regul\u00e1cia r\u00fdchlosti zvy\u0161uje flexibilitu rozmetadla a zabezpe\u010duje, \u017ee dok\u00e1\u017ee spracova\u0165 r\u00f4zne hnojiv\u00e1 a aplika\u010dn\u00e9 d\u00e1vky, \u010d\u00edm sa zlep\u0161uje efektivita a zabezpe\u010duje presn\u00e1 aplik\u00e1cia.<\/li>\n<\/ul>\n<p>Prevodovka pre sejacie stroje na hnojiv\u00e1 FMP35 pon\u00faka kombin\u00e1ciu odolnosti, \u00fa\u010dinnosti a flexibility, v\u010faka \u010domu je nevyhnutnou s\u00fa\u010das\u0165ou rozmetadiel hnoj\u00edv pou\u017e\u00edvan\u00fdch v modernom po\u013enohospod\u00e1rstve. Zlep\u0161en\u00edm presnosti a konzistentnosti aplik\u00e1cie hnoj\u00edv, zn\u00ed\u017een\u00edm n\u00e1kladov na \u00fadr\u017ebu a zv\u00fd\u0161en\u00edm celkovej prev\u00e1dzkovej efekt\u00edvnosti stroja prevodovka FMP35 v\u00fdznamne prispieva k \u00faspechu po\u013enohospod\u00e1rskych oper\u00e1ci\u00ed.<\/p>\n<p><img loading=\"lazy\" decoding=\"async\" class=\"alignnone size-full wp-image-3054\" src=\"https:\/\/fmp-components.com\/wp-content\/uploads\/2025\/01\/Fertilizer-Seeder-Gearbox-EP35-Benefits.webp\" alt=\"V\u00fdhody prevodovky pre hnojiv\u00e1 a sejacie stroje\" width=\"1440\" height=\"556\" title=\"\" srcset=\"https:\/\/fmp-components.com\/wp-content\/uploads\/2025\/01\/Fertilizer-Seeder-Gearbox-EP35-Benefits.webp 1440w, https:\/\/fmp-components.com\/wp-content\/uploads\/2025\/01\/Fertilizer-Seeder-Gearbox-EP35-Benefits-1280x494.webp 1280w, https:\/\/fmp-components.com\/wp-content\/uploads\/2025\/01\/Fertilizer-Seeder-Gearbox-EP35-Benefits-980x378.webp 980w, https:\/\/fmp-components.com\/wp-content\/uploads\/2025\/01\/Fertilizer-Seeder-Gearbox-EP35-Benefits-480x185.webp 480w\" sizes=\"(min-width: 0px) and (max-width: 480px) 480px, (min-width: 481px) and (max-width: 980px) 980px, (min-width: 981px) and (max-width: 1280px) 1280px, (min-width: 1281px) 1440px, 100vw\" \/><\/p>\n<article class=\"w-full scroll-mb-[var(--thread-trailing-height,150px)] text-token-text-primary focus-visible:outline-2 focus-visible:outline-offset-[-4px]\" dir=\"auto\" data-testid=\"conversation-turn-24\" data-scroll-anchor=\"false\">\n<div class=\"m-auto text-base py-[18px] px-3 md:px-4 w-full md:px-5 lg:px-4 xl:px-5\">\n<div class=\"mx-auto flex flex-1 gap-4 text-base md:gap-5 lg:gap-6 md:max-w-3xl lg:max-w-[40rem] xl:max-w-[48rem]\">\n<div class=\"group\/conversation-turn relative flex w-full min-w-0 flex-col\">\n<div class=\"flex-col gap-1 md:gap-3\">\n<div class=\"flex max-w-full flex-col flex-grow\">\n<div class=\"min-h-8 text-message flex w-full flex-col items-end gap-2 whitespace-normal break-words text-start [.text-message+&amp;]:mt-5\" dir=\"auto\" data-message-author-role=\"user\" data-message-id=\"aaa20b42-842f-4e85-8907-5b760533185e\">\n<div class=\"flex w-full flex-col gap-1 empty:hidden items-end rtl:items-start\">\n<div class=\"relative max-w-[var(--user-chat-width,70%)] rounded-3xl bg-token-message-surface px-5 py-2.5\">\n<h2 class=\"whitespace-pre-wrap\">Aplik\u00e1cie prevodovky FMP35 pre sejacie stroje na hnojiv\u00e1<\/h2>\n<\/div>\n<\/div>\n<\/div>\n<\/div>\n<\/div>\n<\/div>\n<\/div>\n<\/div>\n<\/article>\n<article class=\"w-full scroll-mb-[var(--thread-trailing-height,150px)] text-token-text-primary focus-visible:outline-2 focus-visible:outline-offset-[-4px]\" dir=\"auto\" data-testid=\"conversation-turn-25\" data-scroll-anchor=\"true\">\n<div class=\"m-auto text-base py-[18px] px-3 md:px-4 w-full md:px-5 lg:px-4 xl:px-5\">\n<div class=\"mx-auto flex flex-1 gap-4 text-base md:gap-5 lg:gap-6 md:max-w-3xl lg:max-w-[40rem] xl:max-w-[48rem]\">\n<div class=\"group\/conversation-turn relative flex w-full min-w-0 flex-col agent-turn\">\n<div class=\"flex-col gap-1 md:gap-3\">\n<div class=\"flex max-w-full flex-col flex-grow\">\n<div class=\"min-h-8 text-message flex w-full flex-col items-end gap-2 whitespace-normal break-words text-start [.text-message+&amp;]:mt-5\" dir=\"auto\" data-message-author-role=\"assistant\" data-message-id=\"e0c83200-805b-47fc-b9ad-e0aba657fdc7\" data-message-model-slug=\"gpt-4o\">\n<div class=\"flex w-full flex-col gap-1 empty:hidden first:pt-[3px]\">\n<div class=\"markdown prose w-full break-words dark:prose-invert light\">\n<p>Prevodovka FMP35 pre sejacie stroje s hnojivami je \u0161peci\u00e1lne navrhnut\u00e1 na optimaliz\u00e1ciu v\u00fdkonu r\u00f4znych syst\u00e9mov aplik\u00e1cie hnoj\u00edv a sejac\u00edch zariaden\u00ed. Zohr\u00e1va k\u013e\u00fa\u010dov\u00fa \u00falohu pri zabezpe\u010dovan\u00ed presn\u00e9ho prenosu v\u00fdkonu, odolnosti a \u00fa\u010dinnosti. Ni\u017e\u0161ie s\u00fa uveden\u00e9 k\u013e\u00fa\u010dov\u00e9 aplik\u00e1cie prevodovky FMP35 v po\u013enohospod\u00e1rskych strojoch:<\/p>\n<p><strong>1. Rozmetadl\u00e1 hnoj\u00edv<\/strong><\/p>\n<ul>\n<li>Prevodovka FMP35 sa \u0161iroko pou\u017e\u00edva v rozmetadl\u00e1ch hnoj\u00edv, kde zabezpe\u010duje presn\u00e9 rozlo\u017eenie v\u00fdkonu na rozmetacie disky hnoj\u00edv. Prevodovka riadi r\u00fdchlos\u0165 a ot\u00e1\u010danie rozmetacieho mechanizmu, \u010do umo\u017e\u0148uje rovnomern\u00e9 a jednotn\u00e9 rozmetanie granulovan\u00fdch alebo pr\u00e1\u0161kov\u00fdch hnoj\u00edv po celom poli.<\/li>\n<li>To zais\u0165uje optim\u00e1lne pokrytie hnojivom, zlep\u0161uje v\u00fd\u017eivu plod\u00edn a z\u00e1rove\u0148 minimalizuje plytvanie a nadmern\u00e9 hnojenie.<\/li>\n<\/ul>\n<p><strong>2. Kombin\u00e1cie seja\u010dky a hnojiva<\/strong><\/p>\n<ul>\n<li>Prevodovka FMP35 sa be\u017ene pou\u017e\u00edva v kombinovan\u00fdch sejbov\u00fdch a hnojiacich strojoch (zn\u00e1mych aj ako seja\u010dky na hnojiv\u00e1). Tieto stroje s\u00fa\u010dasne sej\u00fa semen\u00e1 a aplikuj\u00fa hnojivo, \u010do pom\u00e1ha optimalizova\u0165 proces sejby zn\u00ed\u017een\u00edm potreby viacer\u00fdch prechodov po poli.<\/li>\n<li>Prevodovka zabezpe\u010duje, \u017ee syst\u00e9my d\u00e1vkovania osiva a hnojiva funguj\u00fa synchronizovane, \u010do vedie k presnej h\u013abke sejby a rovnomern\u00e9mu rozlo\u017eeniu hnojiva.<\/li>\n<\/ul>\n<p><strong>3. Zariadenia pre presn\u00e9 po\u013enohospod\u00e1rstvo<\/strong><\/p>\n<ul>\n<li>Prevodovka FMP35 sa pou\u017e\u00edva v n\u00e1strojoch prec\u00edzneho po\u013enohospod\u00e1rstva, ktor\u00e9 vy\u017eaduj\u00fa vysok\u00fa presnos\u0165 pri aplik\u00e1cii hnoj\u00edv. Poh\u00e1\u0148a rozmetacie jednotky, aby sa zabezpe\u010dilo, \u017ee hnojiv\u00e1 s\u00fa rozde\u013eovan\u00e9 presn\u00fdmi d\u00e1vkami a na presn\u00fdch miestach, \u010do je k\u013e\u00fa\u010dov\u00e9 pre maximaliz\u00e1ciu v\u00fdnosov plod\u00edn a zn\u00ed\u017eenie vstupn\u00fdch n\u00e1kladov.<\/li>\n<li>V\u010faka svojej schopnosti zvl\u00e1da\u0165 variabiln\u00e9 d\u00e1vkovanie je vhodn\u00fd pre high-tech syst\u00e9my, ktor\u00e9 prisp\u00f4sobuj\u00fa pou\u017e\u00edvanie hnoj\u00edv na z\u00e1klade p\u00f4dnych podmienok, po\u017eiadaviek plod\u00edn a po\u013en\u00fdch m\u00e1p.<\/li>\n<\/ul>\n<p><strong>4. Syst\u00e9my vzduchov\u00fdch seja\u010diek<\/strong><\/p>\n<ul>\n<li>V syst\u00e9moch pneumatick\u00fdch sejac\u00edch strojov, ktor\u00e9 sa pou\u017e\u00edvaj\u00fa na siatie semien aj na aplik\u00e1ciu hnoj\u00edv, zohr\u00e1va prevodovka FMP35 k\u013e\u00fa\u010dov\u00fa \u00falohu pri pohone distribu\u010dn\u00fdch ventil\u00e1torov a d\u00e1vkovac\u00edch syst\u00e9mov. Zabezpe\u010duje presn\u00e9 a rovnomern\u00e9 dod\u00e1vanie hnoj\u00edv a semien na zem.<\/li>\n<li>Prevodovka pom\u00e1ha regulova\u0165 prietok a r\u00fdchlos\u0165, v\u010faka \u010domu je nevyhnutnou s\u00fa\u010das\u0165ou zabezpe\u010denia aplik\u00e1cie hnoj\u00edv v spr\u00e1vnom mno\u017estve a v spr\u00e1vnom \u010dase.<\/li>\n<\/ul>\n<p><strong>5. Rozmetacie stroje na obilie a strukoviny<\/strong><\/p>\n<ul>\n<li>Prevodovka FMP35 sa pou\u017e\u00edva v rozmetac\u00edch strojoch ur\u010den\u00fdch na rozmetanie hnoj\u00edv a in\u00fdch materi\u00e1lov, ako je v\u00e1pno alebo semen\u00e1, na ve\u013ek\u00e9 plochy. Zais\u0165uje rovnomern\u00e9 rozlo\u017eenie hnojiva alebo semien, \u010do je obzvl\u00e1\u0161\u0165 d\u00f4le\u017eit\u00e9 pre plodiny, ako s\u00fa obilniny a strukoviny, ktor\u00e9 profituj\u00fa z rovnomern\u00e9ho pokrytia hnojivom.<\/li>\n<li>To pom\u00e1ha maximalizova\u0165 v\u00fdnosy plod\u00edn a z\u00e1rove\u0148 minimalizova\u0165 plytvanie hnojivami a zabezpe\u010di\u0165, aby sa do p\u00f4dy dostalo spr\u00e1vne mno\u017estvo \u017eiv\u00edn.<\/li>\n<\/ul>\n<p>Prevodovka pre seja\u010dku na hnojiv\u00e1 FMP35 je z\u00e1kladnou s\u00fa\u010das\u0165ou \u0161irokej \u0161k\u00e1ly po\u013enohospod\u00e1rskych strojov, ktor\u00e1 zvy\u0161uje efektivitu, presnos\u0165 a produktivitu. V\u010faka svojej v\u0161estrannosti a odolnosti je ide\u00e1lnou vo\u013ebou pre po\u013enohospod\u00e1rov a prev\u00e1dzkovate\u013eov, ktor\u00ed chc\u00fa optimalizova\u0165 svoje syst\u00e9my aplik\u00e1cie hnoj\u00edv pre r\u00f4zne typy plod\u00edn a po\u013en\u00e9 podmienky.<\/p>\n<p><img loading=\"lazy\" decoding=\"async\" class=\"alignnone size-full wp-image-3055\" src=\"https:\/\/fmp-components.com\/wp-content\/uploads\/2025\/01\/Fertilizer-Seeder-Gearbox-Agriculture-Applications-scaled.webp\" alt=\"Hnojivo-Sejac\u00ed stroj-Prevodovka-Po\u013enohospod\u00e1rske aplik\u00e1cie\" width=\"2560\" height=\"892\" title=\"\" srcset=\"https:\/\/fmp-components.com\/wp-content\/uploads\/2025\/01\/Fertilizer-Seeder-Gearbox-Agriculture-Applications-scaled.webp 2560w, https:\/\/fmp-components.com\/wp-content\/uploads\/2025\/01\/Fertilizer-Seeder-Gearbox-Agriculture-Applications-1280x446.webp 1280w, https:\/\/fmp-components.com\/wp-content\/uploads\/2025\/01\/Fertilizer-Seeder-Gearbox-Agriculture-Applications-980x341.webp 980w, https:\/\/fmp-components.com\/wp-content\/uploads\/2025\/01\/Fertilizer-Seeder-Gearbox-Agriculture-Applications-480x167.webp 480w\" sizes=\"(min-width: 0px) and (max-width: 480px) 480px, (min-width: 481px) and (max-width: 980px) 980px, (min-width: 981px) and (max-width: 1280px) 1280px, (min-width: 1281px) 2560px, 100vw\" \/><\/p>\n<h2>O FMP<\/h2>\n<p>Spolo\u010dnos\u0165 FMP so s\u00eddlom v Taliansku je popredn\u00fdm v\u00fdrobcom zn\u00e1mym svojimi odborn\u00fdmi znalos\u0165ami v oblasti n\u00e1vrhu, v\u00fdvoja a v\u00fdroby vysokov\u00fdkonn\u00fdch prevodoviek so siln\u00fdm zameran\u00edm na priemysel po\u013enohospod\u00e1rskych strojov. Spolo\u010dnos\u0165 FMP, uzn\u00e1van\u00e1 pre presn\u00e9 in\u017einierstvo, inovat\u00edvne rie\u0161enia a neochvejn\u00fa spo\u013eahlivos\u0165, si vybudovala reput\u00e1ciu d\u00f4veryhodn\u00e9ho partnera v po\u013enohospod\u00e1rskom aj priemyselnom sektore. Na\u0161e rozsiahle produktov\u00e9 portf\u00f3lio zah\u0155\u0148a prevodovky na mieru pre kosa\u010dky na tr\u00e1vu, v\u00fdvodov\u00e9 hriadele a \u0161irok\u00fa \u0161k\u00e1lu z\u00e1kladn\u00fdch komponentov, ktor\u00e9 s\u00fa v\u0161etky vyroben\u00e9 tak, aby sp\u013a\u0148ali \u0161pecifick\u00e9 po\u017eiadavky r\u00f4znych aplik\u00e1ci\u00ed.<\/p>\n<p>V spolo\u010dnosti FMP si uvedomujeme, \u017ee ka\u017ed\u00fd klient m\u00e1 jedine\u010dn\u00e9 v\u00fdzvy a po\u017eiadavky. Preto sa \u0161pecializujeme na pon\u00fakanie rie\u0161en\u00ed na mieru \u2013 \u010di u\u017e ide o jednotliv\u00e9 komponenty alebo plne integrovan\u00e9 syst\u00e9my. \u00dazkou spolupr\u00e1cou s na\u0161imi klientmi zabezpe\u010dujeme, aby ka\u017ed\u00e9 rie\u0161enie nielen sp\u013a\u0148alo ich jedine\u010dn\u00e9 potreby, ale aj zvy\u0161ovalo v\u00fdkon a maximalizovalo hodnotu. N\u00e1\u0161 z\u00e1v\u00e4zok k r\u00fdchlym a profesion\u00e1lnym reakci\u00e1m a odborn\u00e9mu vedeniu zaru\u010duje, \u017ee ka\u017ed\u00e1 po\u017eiadavka je rie\u0161en\u00e1 presne a v\u017edy prin\u00e1\u0161a optim\u00e1lne v\u00fdsledky.<\/p>\n<p>Uprednost\u0148ujeme transparentn\u00fa a priebe\u017en\u00fa komunik\u00e1ciu po\u010das cel\u00e9ho cyklu v\u00fdvoja produktu. N\u00e1\u0161 \u0161pecializovan\u00fd t\u00edm spolupracuje priamo s klientmi, aby d\u00f4kladne pochopil ich potreby a poskytol im cenn\u00e9 poznatky a odpor\u00fa\u010dania na dosiahnutie najlep\u0161\u00edch v\u00fdsledkov. \u010ci u\u017e navrhujeme \u0161pi\u010dkov\u00e9 produkty alebo pln\u00edme be\u017en\u00e9 objedn\u00e1vky, spolo\u010dnos\u0165 FMP sa zav\u00e4zuje dod\u00e1va\u0165 vysokokvalitn\u00e9, prec\u00edzne navrhnut\u00e9 rie\u0161enia v\u010das a v\u017edy. Na\u0161\u00edm cie\u013eom je neust\u00e1le prekon\u00e1va\u0165 o\u010dak\u00e1vania klientov a pon\u00faka\u0165 v\u00fdnimo\u010dn\u00e9 slu\u017eby a v\u00fdsledky pri ka\u017edom projekte.<\/p>\n<p>Kvalita je jadrom \u010dinnosti spolo\u010dnosti FMP. Dodr\u017eiavame najvy\u0161\u0161ie v\u00fdrobn\u00e9 \u0161tandardy a implementujeme pr\u00edsne procesy kontroly kvality, aby sme zabezpe\u010dili, \u017ee ka\u017ed\u00fd produkt sp\u013a\u0148a a \u010dasto aj prekon\u00e1va priemyseln\u00e9 \u0161tandardy. Toto odhodlanie k dokonalosti, spolu s na\u0161imi z\u00e1kladn\u00fdmi hodnotami integrity, t\u00edmovej pr\u00e1ce a vytrvalosti, n\u00e1m umo\u017enilo vybudova\u0165 si trval\u00e9 vz\u0165ahy zalo\u017een\u00e9 na d\u00f4vere s klientmi v takmer 30 krajin\u00e1ch sveta.<\/p>\n<p>Spolo\u010dnos\u0165 FMP sa v\u017edy sna\u017e\u00ed rozv\u00edja\u0165 glob\u00e1lne partnerstv\u00e1 a zost\u00e1va odhodlan\u00e1 poskytova\u0165 odborn\u00e9 poradenstvo a rie\u0161enia na mieru, ktor\u00e9 sp\u013a\u0148aj\u00fa meniace sa potreby na\u0161ich klientov. Ideme nad r\u00e1mec jednoduchej dod\u00e1vky produktov \u2013 sna\u017e\u00edme sa nadviaza\u0165 dlhodob\u00e9, vz\u00e1jomne prospe\u0161n\u00e9 partnerstv\u00e1, ktor\u00e9 prispievaj\u00fa k \u00faspechu ka\u017ed\u00e9ho projektu. \u010ci u\u017e potrebujete inovat\u00edvne rie\u0161enia pre nov\u00fa iniciat\u00edvu alebo priebe\u017en\u00fa podporu pre existuj\u00faci syst\u00e9m, spolo\u010dnos\u0165 FMP je pripraven\u00e1 v\u00e1m pom\u00f4c\u0165 prekona\u0165 technick\u00e9 v\u00fdzvy a zabezpe\u010di\u0165 v\u00e1\u0161 trval\u00fd \u00faspech.<\/p>\n<p><img loading=\"lazy\" decoding=\"async\" class=\"alignnone wp-image-2695\" src=\"https:\/\/fmp-components.com\/wp-content\/uploads\/2025\/01\/agricultural-gearbox3.webp\" alt=\"po\u013enohospod\u00e1rska prevodovka\" width=\"1140\" height=\"1138\" title=\"\" srcset=\"https:\/\/fmp-components.com\/wp-content\/uploads\/2025\/01\/agricultural-gearbox3.webp 1140w, https:\/\/fmp-components.com\/wp-content\/uploads\/2025\/01\/agricultural-gearbox3-480x479.webp 480w\" sizes=\"(min-width: 0px) and (max-width: 480px) 480px, (min-width: 481px) 1140px, 100vw\" \/><\/p>\n<p>Autor: CX<\/p>\n<p>&nbsp;<\/p>\n<\/div>\n<\/div>\n<\/div>\n<\/div>\n<\/div>\n<\/div>\n<\/div>\n<\/div>\n<\/article>","protected":false},"excerpt":{"rendered":"<p>Fertilizer Seeder Gearbox FMP35 Dimensions Fertilizer Seeder Gearbox FMP35 Technical Data i Suitable Rpm input Rpm output Output torque Weight Toothing r\/min r\/min N.m kg Decelerate 24.3:1 Fertilizer broadcaster, etc 1000 41 3500 47 Gleason Helical Teeth Remark: If you have any special require feel free let me know, we also accept custom. A B [&hellip;]<\/p>","protected":false},"featured_media":3056,"comment_status":"open","ping_status":"closed","template":"","meta":{"_et_pb_use_builder":"","_et_pb_old_content":"","_et_gb_content_width":""},"product_brand":[],"product_cat":[71],"product_tag":[],"class_list":{"0":"post-3052","1":"product","2":"type-product","3":"status-publish","4":"has-post-thumbnail","6":"product_cat-fertilizer-seeder-gearbox","8":"first","9":"instock","10":"shipping-taxable","11":"product-type-simple"},"_links":{"self":[{"href":"https:\/\/fmp-components.com\/sk\/wp-json\/wp\/v2\/product\/3052","targetHints":{"allow":["GET"]}}],"collection":[{"href":"https:\/\/fmp-components.com\/sk\/wp-json\/wp\/v2\/product"}],"about":[{"href":"https:\/\/fmp-components.com\/sk\/wp-json\/wp\/v2\/types\/product"}],"replies":[{"embeddable":true,"href":"https:\/\/fmp-components.com\/sk\/wp-json\/wp\/v2\/comments?post=3052"}],"wp:featuredmedia":[{"embeddable":true,"href":"https:\/\/fmp-components.com\/sk\/wp-json\/wp\/v2\/media\/3056"}],"wp:attachment":[{"href":"https:\/\/fmp-components.com\/sk\/wp-json\/wp\/v2\/media?parent=3052"}],"wp:term":[{"taxonomy":"product_brand","embeddable":true,"href":"https:\/\/fmp-components.com\/sk\/wp-json\/wp\/v2\/product_brand?post=3052"},{"taxonomy":"product_cat","embeddable":true,"href":"https:\/\/fmp-components.com\/sk\/wp-json\/wp\/v2\/product_cat?post=3052"},{"taxonomy":"product_tag","embeddable":true,"href":"https:\/\/fmp-components.com\/sk\/wp-json\/wp\/v2\/product_tag?post=3052"}],"curies":[{"name":"pracovn\u00fd list","href":"https:\/\/api.w.org\/{rel}","templated":true}]}}