{"id":3047,"date":"2025-01-04T07:16:41","date_gmt":"2025-01-04T07:16:41","guid":{"rendered":"https:\/\/fmp-components.com\/?page_id=8"},"modified":"2025-01-04T07:16:41","modified_gmt":"2025-01-04T07:16:41","slug":"double-disc-silage-machine-gearbox-fmp-qz115-for-silage-machines","status":"publish","type":"product","link":"https:\/\/fmp-components.com\/sk\/product\/double-disc-silage-machine-gearbox-fmp-qz115-for-silage-machines\/","title":{"rendered":"Dvojkot\u00fa\u010dov\u00e1 prevodovka pre sil\u00e1\u017eny stroj FMP-QZ115 pre sil\u00e1\u017ene stroje"},"content":{"rendered":"<h2>Technick\u00e9 \u00fadaje dvojkot\u00fa\u010dovej prevodovky na sil\u00e1\u017e FMP-QZ115<\/h2>\n<p><img loading=\"lazy\" decoding=\"async\" class=\"alignnone size-full wp-image-3049\" src=\"https:\/\/fmp-components.com\/wp-content\/uploads\/2025\/01\/Double-Disc-Silage-Machine-Gearbox-EP-QZ115-Dimensions.webp\" alt=\"Rozmery prevodovky dvojkot\u00fa\u010dov\u00e9ho sil\u00e1\u017eneho stroja EP-QZ115\" width=\"1237\" height=\"890\" title=\"\" srcset=\"https:\/\/fmp-components.com\/wp-content\/uploads\/2025\/01\/Double-Disc-Silage-Machine-Gearbox-EP-QZ115-Dimensions.webp 1237w, https:\/\/fmp-components.com\/wp-content\/uploads\/2025\/01\/Double-Disc-Silage-Machine-Gearbox-EP-QZ115-Dimensions-980x705.webp 980w, https:\/\/fmp-components.com\/wp-content\/uploads\/2025\/01\/Double-Disc-Silage-Machine-Gearbox-EP-QZ115-Dimensions-480x345.webp 480w\" sizes=\"(min-width: 0px) and (max-width: 480px) 480px, (min-width: 481px) and (max-width: 980px) 980px, (min-width: 981px) 1237px, 100vw\" \/><\/p>\n<h2>Technick\u00e9 \u00fadaje dvojkot\u00fa\u010dovej prevodovky na sil\u00e1\u017e FMP-QZ115<\/h2>\n<table style=\"width: 92.4037%; height: 146px;\" border=\"1\" cellspacing=\"0\" cellpadding=\"0\">\n<tbody>\n<tr>\n<td colspan=\"2\" rowspan=\"2\">ja<\/td>\n<td rowspan=\"2\">Vhodn\u00e9<\/td>\n<td>Vstup ot\u00e1\u010dok<\/td>\n<td>V\u00fdstupn\u00e9 ot\u00e1\u010dky<\/td>\n<td>V\u00fdstupn\u00fd kr\u00fatiaci moment<\/td>\n<td>Hmotnos\u0165<\/td>\n<td rowspan=\"2\">Prerez\u00e1vanie zubov<\/td>\n<\/tr>\n<tr>\n<td>ot.\/min.<\/td>\n<td>ot.\/min.<\/td>\n<td>Nm<\/td>\n<td>kg<\/td>\n<\/tr>\n<tr>\n<td>Spomali\u0165<\/td>\n<td>1: 1<\/td>\n<td>sil\u00e1\u017ene stroje at\u010f.<\/td>\n<td>1000<\/td>\n<td>1000<\/td>\n<td>580<\/td>\n<td>35<\/td>\n<td>Gleason Helical<br \/>\nZuby<\/td>\n<\/tr>\n<tr>\n<td colspan=\"8\">Pozn\u00e1mka: Ak m\u00e1te nejak\u00e9 \u0161peci\u00e1lne po\u017eiadavky, nev\u00e1hajte mi da\u0165 vedie\u0165, akceptujeme aj z\u00e1kazku.<\/td>\n<\/tr>\n<\/tbody>\n<\/table>\n<table style=\"height: 128px; width: 92.5728%;\" border=\"1\" width=\"1005\" cellspacing=\"0\" cellpadding=\"0\">\n<tbody>\n<tr>\n<td style=\"width: 27.4354%;\">A<\/td>\n<td style=\"width: 16.6998%;\">B.<\/td>\n<td style=\"width: 27.9324%;\">C<\/td>\n<td style=\"width: 28.329%;\">D<\/td>\n<\/tr>\n<tr>\n<td style=\"width: 27.4354%;\">\u03a645<\/td>\n<td style=\"width: 16.6998%;\">14<\/td>\n<td style=\"width: 27.9324%;\">39.5<\/td>\n<td style=\"width: 28.329%;\">M14<\/td>\n<\/tr>\n<tr>\n<td style=\"width: 27.4354%;\">\u03a640<\/td>\n<td style=\"width: 16.6998%;\">12<\/td>\n<td style=\"width: 27.9324%;\">35<\/td>\n<td style=\"width: 28.329%;\">M12<\/td>\n<\/tr>\n<tr>\n<td style=\"width: 27.4354%;\">\u03a635<\/td>\n<td style=\"width: 16.6998%;\">10<\/td>\n<td style=\"width: 27.9324%;\">30<\/td>\n<td style=\"width: 28.329%;\">M12<\/td>\n<\/tr>\n<\/tbody>\n<\/table>\n<h2>V\u00fdhody dvojkot\u00fa\u010dovej prevodovky na sil\u00e1\u017e FMP-QZ115<\/h2>\n<p>Dvojkot\u00fa\u010dov\u00e1 prevodovka pre sil\u00e1\u017eny stroj FMP-QZ115 pon\u00faka cel\u00fd rad v\u00fdhod ur\u010den\u00fdch na zlep\u0161enie efektivity, spo\u013eahlivosti a v\u00fdkonu pri zbere sil\u00e1\u017ee. T\u00e1to prevodovka, \u0161peci\u00e1lne navrhnut\u00e1 pre stroje s dvojit\u00fdmi rezac\u00edmi kot\u00fa\u010dmi, zohr\u00e1va k\u013e\u00fa\u010dov\u00fa \u00falohu v procese zberu sil\u00e1\u017ee t\u00fdm, \u017ee zabezpe\u010duje plynul\u00fd a presn\u00fd chod. Tu s\u00fa k\u013e\u00fa\u010dov\u00e9 v\u00fdhody FMP-QZ115:<\/p>\n<p><strong>1. Vysok\u00e1 energetick\u00e1 \u00fa\u010dinnos\u0165 a prenos kr\u00fatiaceho momentu<\/strong><\/p>\n<ul>\n<li>Prevodovka FMP-QZ115 je navrhnut\u00e1 tak, aby zvl\u00e1dala aplik\u00e1cie s vysok\u00fdm kr\u00fatiacim momentom a zabezpe\u010dovala efekt\u00edvny prenos v\u00fdkonu z v\u00fdvodov\u00e9ho hriade\u013ea traktora na rezn\u00e9 disky sil\u00e1\u017eneho stroja.<\/li>\n<li>Jeho robustn\u00e1 kon\u0161trukcia zais\u0165uje rovnomern\u00e9 rozlo\u017eenie v\u00fdkonu na oba rezn\u00e9 kot\u00fa\u010de, \u010d\u00edm sa dosahuje konzistentn\u00e1 rezn\u00e1 sila v celom \u017ead\u00e1ku.<\/li>\n<li>Prevodovka minimalizuje straty v\u00fdkonu a maximalizuje celkov\u00fd v\u00fdkon sil\u00e1\u017eneho stroja.<\/li>\n<\/ul>\n<p><strong>2. Presn\u00e9 rezanie pre vysoko kvalitn\u00fa sil\u00e1\u017e<\/strong><\/p>\n<ul>\n<li>Dvojkot\u00fa\u010dov\u00fd syst\u00e9m poh\u00e1\u0148an\u00fd prevodovkou FMP-QZ115 umo\u017e\u0148uje rezanie krmov\u00edn na kusy rovnomernej ve\u013ekosti, \u010do je nevyhnutn\u00e9 pre zabezpe\u010denie vysokokvalitnej sil\u00e1\u017ee.<\/li>\n<li>Synchronizovan\u00e1 prev\u00e1dzka rezac\u00edch diskov zabezpe\u010duje presn\u00fa a konzistentn\u00fa d\u013a\u017eku rezu, \u010do je rozhoduj\u00face pre spr\u00e1vnu ferment\u00e1ciu a optim\u00e1lne skladovanie sil\u00e1\u017ee.<\/li>\n<li>V\u010faka presn\u00e9mu rezaniu je sil\u00e1\u017e lep\u0161ie prisp\u00f4soben\u00e1 na tr\u00e1venie hospod\u00e1rskymi zvieratami, \u010d\u00edm sa zlep\u0161uje nutri\u010dn\u00e1 hodnota krmiva.<\/li>\n<\/ul>\n<p><strong>3. Trvanlivos\u0165 a dlh\u00e1 \u017eivotnos\u0165<\/strong><\/p>\n<ul>\n<li>Prevodovka FMP-QZ115 je vyroben\u00e1 z odoln\u00fdch materi\u00e1lov a pokro\u010dil\u00fdch technol\u00f3gi\u00ed, \u010do zais\u0165uje dlhotrvaj\u00faci v\u00fdkon aj v n\u00e1ro\u010dn\u00fdch po\u013enohospod\u00e1rskych prostrediach.<\/li>\n<li>Je navrhnut\u00fd tak, aby efekt\u00edvne fungoval v n\u00e1ro\u010dn\u00fdch podmienkach vr\u00e1tane vysok\u00e9ho za\u0165a\u017eenia, vlhkosti a vystavenia ne\u010distot\u00e1m bez toho, aby bola ohrozen\u00e1 spo\u013eahlivos\u0165.<\/li>\n<li>Vysokokvalitn\u00e1 kon\u0161trukcia prevodovky predl\u017euje \u017eivotnos\u0165 stroja a zni\u017euje potrebu \u010dast\u00fdch opr\u00e1v a \u00fadr\u017eby.<\/li>\n<\/ul>\n<p><strong>4. Kompaktn\u00fd a \u013eahk\u00fd dizajn<\/strong><\/p>\n<ul>\n<li>Prevodovka FMP-QZ115 je kompaktn\u00e1 a \u013eahk\u00e1, \u010do u\u013eah\u010duje jej integr\u00e1ciu do sil\u00e1\u017eneho stroja bez zbyto\u010dn\u00e9ho prid\u00e1vania hmotnosti alebo objemu.<\/li>\n<li>To prispieva k celkovej obratnosti a ovl\u00e1date\u013enosti stroja, \u010do umo\u017e\u0148uje lep\u0161iu ovl\u00e1date\u013enos\u0165 a zni\u017euje prev\u00e1dzkov\u00fa z\u00e1\u0165a\u017e traktora.<\/li>\n<\/ul>\n<p><strong>5. Zn\u00ed\u017een\u00e9 po\u017eiadavky na \u00fadr\u017ebu<\/strong><\/p>\n<ul>\n<li>Prevodovka je skon\u0161truovan\u00e1 s n\u00edzkou \u00fadr\u017ebou, obsahuje utesnen\u00e9 lo\u017eisk\u00e1 a pokro\u010dil\u00e9 mazacie syst\u00e9my, ktor\u00e9 zni\u017euj\u00fa opotrebovanie vn\u00fatorn\u00fdch komponentov.<\/li>\n<li>To minimalizuje prestoje a zni\u017euje celkov\u00e9 n\u00e1klady na vlastn\u00edctvo zn\u00ed\u017een\u00edm potrieb \u00fadr\u017eby a servisu.<\/li>\n<li>Samomazacie funkcie zabezpe\u010duj\u00fa, \u017ee vn\u00fatorn\u00e9 \u010dasti zost\u00e1vaj\u00fa spr\u00e1vne naolejovan\u00e9, \u010do vedie k plynulej\u0161iemu chodu a zv\u00fd\u0161enej spo\u013eahlivosti.<\/li>\n<\/ul>\n<p>Dvojkot\u00fa\u010dov\u00e1 prevodovka pre sil\u00e1\u017eny stroj FMP-QZ115 poskytuje v\u00fdnimo\u010dn\u00fa kombin\u00e1ciu odolnosti, presnosti a \u00fa\u010dinnosti, v\u010faka \u010domu je ide\u00e1lnou vo\u013ebou pre modern\u00e9 zbery sil\u00e1\u017ee. Jej pokro\u010dil\u00e9 funkcie zlep\u0161uj\u00fa celkov\u00fa kvalitu sil\u00e1\u017ee, zni\u017euj\u00fa n\u00e1klady na \u00fadr\u017ebu a zvy\u0161uj\u00fa \u017eivotnos\u0165 prevodovky aj stroja, \u010do vedie k produkt\u00edvnej\u0161iemu a n\u00e1kladovo efekt\u00edvnej\u0161iemu procesu zberu.<\/p>\n<p><img loading=\"lazy\" decoding=\"async\" class=\"alignnone  wp-image-3042\" src=\"https:\/\/fmp-components.com\/wp-content\/uploads\/2025\/01\/Silage-Machine-Gearbox-EP-QZ-QGXRL-for-German-Champion-Four-Disc-Type-3500-Applications-2-1024x641-1.webp\" alt=\"Prevodovka sil\u00e1\u017eneho stroja EP-QZ-QGXRL pre \u0161tvordiskov\u00fd typ German Champion 3500, aplik\u00e1cie 2-1024x641\" width=\"1093\" height=\"684\" title=\"\" srcset=\"https:\/\/fmp-components.com\/wp-content\/uploads\/2025\/01\/Silage-Machine-Gearbox-EP-QZ-QGXRL-for-German-Champion-Four-Disc-Type-3500-Applications-2-1024x641-1.webp 1093w, https:\/\/fmp-components.com\/wp-content\/uploads\/2025\/01\/Silage-Machine-Gearbox-EP-QZ-QGXRL-for-German-Champion-Four-Disc-Type-3500-Applications-2-1024x641-1-980x613.webp 980w, https:\/\/fmp-components.com\/wp-content\/uploads\/2025\/01\/Silage-Machine-Gearbox-EP-QZ-QGXRL-for-German-Champion-Four-Disc-Type-3500-Applications-2-1024x641-1-480x300.webp 480w\" sizes=\"(min-width: 0px) and (max-width: 480px) 480px, (min-width: 481px) and (max-width: 980px) 980px, (min-width: 981px) 1093px, 100vw\" \/><\/p>\n<h2>Aplik\u00e1cie dvojkot\u00fa\u010dovej prevodovky na sil\u00e1\u017e FMP-QZ115<\/h2>\n<p>Dvojkot\u00fa\u010dov\u00e1 prevodovka FMP-QZ115 pre sil\u00e1\u017eny stroj je \u0161peci\u00e1lne navrhnut\u00e1 na zv\u00fd\u0161enie v\u00fdkonu a efekt\u00edvnosti zberu sil\u00e1\u017ee. V\u010faka svojej robustnej kon\u0161trukcii a presn\u00fdm vlastnostiam je vhodn\u00e1 pre \u0161irok\u00fa \u0161k\u00e1lu po\u013enohospod\u00e1rskych aplik\u00e1ci\u00ed. Ni\u017e\u0161ie s\u00fa uveden\u00e9 k\u013e\u00fa\u010dov\u00e9 aplik\u00e1cie prevodovky FMP-QZ115:<\/p>\n<p><strong>1. Zber sil\u00e1\u017ee<\/strong><\/p>\n<ul>\n<li>Prevodovka FMP-QZ115 sa pou\u017e\u00edva predov\u0161etk\u00fdm v strojoch na zber sil\u00e1\u017ee, kde poh\u00e1\u0148a dvojit\u00e9 rezn\u00e9 kot\u00fa\u010de zodpovedn\u00e9 za drvenie krmov\u00edn na mal\u00e9, rovnomern\u00e9 k\u00fasky. Tieto jemne nasekan\u00e9 k\u00fasky sa potom spracuj\u00fa a uskladnia ako sil\u00e1\u017e.<\/li>\n<li>Prevodovka zabezpe\u010duje, \u017ee v\u00fdkon z v\u00fdvodov\u00e9ho hriade\u013ea traktora sa efekt\u00edvne pren\u00e1\u0161a na oba rezn\u00e9 disky, \u010d\u00edm sa dosahuje konzistentn\u00fd a spo\u013eahliv\u00fd v\u00fdkon po\u010das procesu zberu sil\u00e1\u017ee.<\/li>\n<\/ul>\n<p><strong>2. Kosenie a sekanie krmov\u00edn<\/strong><\/p>\n<ul>\n<li>Prevodovka je neoddelite\u013enou s\u00fa\u010das\u0165ou strojov, ktor\u00e9 re\u017e\u00fa r\u00f4zne krmoviny vr\u00e1tane kukurice, tr\u00e1vy, lucerny a in\u00fdch rastl\u00edn vhodn\u00fdch na sil\u00e1\u017e.<\/li>\n<li>Umo\u017e\u0148uje presn\u00e9 a rovnomern\u00e9 rezanie, ktor\u00e9 je nevyhnutn\u00e9 pre zabezpe\u010denie kvality a konzistencie sil\u00e1\u017ee. Jednotnos\u0165 d\u013a\u017eky rezu zlep\u0161uje proces ferment\u00e1cie a celkov\u00fa nutri\u010dn\u00fa hodnotu sil\u00e1\u017ee, v\u010faka \u010domu je k\u013e\u00fa\u010dov\u00fdm n\u00e1strojom pre maloobjemov\u00fa aj ve\u013ekoobjemov\u00fa produkciu krmov\u00edn.<\/li>\n<\/ul>\n<p><strong>3. Viacdiskov\u00e9 zberacie reza\u010dky<\/strong><\/p>\n<ul>\n<li>FMP-QZ115 je obzvl\u00e1\u0161\u0165 vhodn\u00fd pre viacdiskov\u00e9 syst\u00e9my zberu krmov\u00edn, kde poh\u00e1\u0148a dva rezn\u00e9 disky s\u00fa\u010dasne. To zais\u0165uje synchronizovan\u00fa prev\u00e1dzku a umo\u017e\u0148uje efekt\u00edvne a rovnomern\u00e9 spracovanie plod\u00edn.<\/li>\n<li>S\u00fa\u010dasn\u00fdm pohonom viacer\u00fdch diskov prevodovka zlep\u0161uje presnos\u0165 rezania a zvy\u0161uje produktivitu cel\u00e9ho sil\u00e1\u017eneho stroja.<\/li>\n<\/ul>\n<p><strong>4. Produkcia sen\u00e1\u017ee<\/strong><\/p>\n<ul>\n<li>Prevodovku je mo\u017en\u00e9 pou\u017ei\u0165 aj pri v\u00fdrobe sen\u00e1\u017ee, ktor\u00e1 sa vyr\u00e1ba rezan\u00edm a skladovan\u00edm tr\u00e1vy alebo strukov\u00edn s vy\u0161\u0161\u00edm obsahom vlhkosti ako tradi\u010dn\u00e9 seno.<\/li>\n<li>FMP-QZ115 zais\u0165uje, \u017ee rezac\u00ed mechanizmus dok\u00e1\u017ee spracova\u0165 vlhkej\u0161\u00ed materi\u00e1l, ktor\u00fd sa typicky vyskytuje pri v\u00fdrobe sen\u00e1\u017ee, bez toho, aby sa zn\u00ed\u017eila \u00fa\u010dinnos\u0165 alebo kvalita rezu.<\/li>\n<\/ul>\n<p><strong>5. Po\u013enohospod\u00e1rske aplik\u00e1cie s vysok\u00fdm kr\u00fatiacim momentom<\/strong><\/p>\n<ul>\n<li>Prevodovka FMP-QZ115, navrhnut\u00e1 na zvl\u00e1dnutie vysok\u00fdch kr\u00fatiacich momentov, je ide\u00e1lna pre n\u00e1ro\u010dn\u00e9 po\u013enohospod\u00e1rske \u00falohy, ako je rezanie hust\u00fdch, vl\u00e1knit\u00fdch plod\u00edn alebo hrub\u00fdch stebiel. Jej robustn\u00e1 kon\u0161trukcia zabezpe\u010duje, \u017ee dok\u00e1\u017ee spracova\u0165 n\u00e1ro\u010dn\u00e9 materi\u00e1ly, ako s\u00fa zrel\u00e9 kukuri\u010dn\u00e9 \u200b\u200bstebl\u00e1 alebo drevnat\u00e9 krmivo, a poskytuje vysok\u00fd kr\u00fatiaci moment bez kompromisov vo v\u00fdkone.<\/li>\n<li>V\u010faka vysok\u00e9mu kr\u00fatiacemu momentu je vhodn\u00fd na pou\u017eitie vo vysoko n\u00e1ro\u010dn\u00fdch prostrediach s \u0165a\u017ebou, kde je nevyhnutn\u00fd konzistentn\u00fd a spo\u013eahliv\u00fd v\u00fdkon.<\/li>\n<\/ul>\n<p>Dvojkot\u00fa\u010dov\u00e1 prevodovka FMP-QZ115 pre sil\u00e1\u017eny kombajn je nevyhnutn\u00e1 pre zlep\u0161enie efektivity, spo\u013eahlivosti a presnosti sil\u00e1\u017enych kombajnov. Jej prisp\u00f4sobivos\u0165 r\u00f4znym plodin\u00e1m, schopnos\u0165 zvl\u00e1da\u0165 aplik\u00e1cie s vysok\u00fdm kr\u00fatiacim momentom a v\u0161estrann\u00e1 kon\u0161trukcia z nej robia cenn\u00fd komponent pre po\u013enohospod\u00e1rske prev\u00e1dzky, ktor\u00e9 sa sna\u017eia optimalizova\u0165 produkciu sil\u00e1\u017ee, \u010di u\u017e v malom alebo ve\u013ekom meradle.<\/p>\n<p><img loading=\"lazy\" decoding=\"async\" class=\"alignnone size-full wp-image-3051\" src=\"https:\/\/fmp-components.com\/wp-content\/uploads\/2025\/01\/Double-Disc-Silage-Machine-Gearbox-EP-QZ115-Applications.webp\" alt=\"Dvojkot\u00fa\u010dov\u00e1 prevodovka sil\u00e1\u017eneho stroja EP-QZ115 - Aplik\u00e1cie\" width=\"1024\" height=\"576\" title=\"\" srcset=\"https:\/\/fmp-components.com\/wp-content\/uploads\/2025\/01\/Double-Disc-Silage-Machine-Gearbox-EP-QZ115-Applications.webp 1024w, https:\/\/fmp-components.com\/wp-content\/uploads\/2025\/01\/Double-Disc-Silage-Machine-Gearbox-EP-QZ115-Applications-980x551.webp 980w, https:\/\/fmp-components.com\/wp-content\/uploads\/2025\/01\/Double-Disc-Silage-Machine-Gearbox-EP-QZ115-Applications-480x270.webp 480w\" sizes=\"(min-width: 0px) and (max-width: 480px) 480px, (min-width: 481px) and (max-width: 980px) 980px, (min-width: 981px) 1024px, 100vw\" \/><\/p>\n<h3>O FMP<\/h3>\n<p>Spolo\u010dnos\u0165 FMP so s\u00eddlom v Taliansku je popredn\u00fdm v\u00fdrobcom zn\u00e1mym svojimi odborn\u00fdmi znalos\u0165ami v oblasti navrhovania, v\u00fdvoja a v\u00fdroby vysokov\u00fdkonn\u00fdch prevodoviek s osobitn\u00fdm d\u00f4razom na sektor po\u013enohospod\u00e1rskych strojov. FMP je uzn\u00e1van\u00e1 pre svoje presn\u00e9 in\u017einierstvo, inovat\u00edvne rie\u0161enia a neochvejn\u00fa spo\u013eahlivos\u0165, \u010d\u00edm sa etablovala ako d\u00f4veryhodn\u00fd partner pre po\u013enohospod\u00e1rske aj priemyseln\u00e9 odvetvia. Na\u0161e komplexn\u00e9 produktov\u00e9 portf\u00f3lio zah\u0155\u0148a prevodovky na mieru pre kosa\u010dky na tr\u00e1vu, v\u00fdvodov\u00e9 hriadele a \u0161irok\u00fa \u0161k\u00e1lu z\u00e1kladn\u00fdch komponentov, ktor\u00e9 s\u00fa prisp\u00f4soben\u00e9 tak, aby sp\u013a\u0148ali rozmanit\u00e9 po\u017eiadavky r\u00f4znych aplik\u00e1ci\u00ed.<\/p>\n<p>V spolo\u010dnosti FMP ch\u00e1peme, \u017ee ka\u017ed\u00fd klient \u010del\u00ed jedine\u010dn\u00fdm v\u00fdzvam a potreb\u00e1m. Preto sa \u0161pecializujeme na poskytovanie rie\u0161en\u00ed na mieru, \u010di u\u017e ide o jednotliv\u00e9 komponenty alebo plne integrovan\u00e9 syst\u00e9my. \u00dazkou spolupr\u00e1cou s na\u0161imi z\u00e1kazn\u00edkmi zabezpe\u010dujeme, aby ka\u017ed\u00e9 rie\u0161enie nielen rie\u0161ilo ich \u0161pecifick\u00e9 po\u017eiadavky, ale aj optimalizovalo v\u00fdkon a prid\u00e1valo v\u00fdznamn\u00fa hodnotu. Na\u0161e odhodlanie poskytova\u0165 r\u00fdchle a profesion\u00e1lne reakcie a odborn\u00e9 poradenstvo zaru\u010duje, \u017ee ka\u017ed\u00e1 po\u017eiadavka bude spracovan\u00e1 s presnos\u0165ou, \u010do zaru\u010duje v\u017edy najlep\u0161ie v\u00fdsledky.<\/p>\n<p>Kladieme ve\u013ek\u00fd d\u00f4raz na transparentn\u00fa a priebe\u017en\u00fa komunik\u00e1ciu po\u010das cel\u00e9ho procesu v\u00fdvoja produktu. N\u00e1\u0161 sk\u00fasen\u00fd t\u00edm spolupracuje priamo s klientmi, aby z\u00edskal hlbok\u00e9 pochopenie ich potrieb a pon\u00faka im preh\u013eadn\u00e9 odpor\u00fa\u010dania na zabezpe\u010denie optim\u00e1lnych v\u00fdsledkov. \u010ci u\u017e vyr\u00e1bame \u0161pi\u010dkov\u00e9 produkty alebo pln\u00edme be\u017en\u00e9 objedn\u00e1vky, spolo\u010dnos\u0165 FMP sa zav\u00e4zuje poskytova\u0165 vysokokvalitn\u00e9, prec\u00edzne navrhnut\u00e9 rie\u0161enia, ktor\u00e9 d\u00f4sledne dodr\u017eiavaj\u00fa term\u00edny. Na\u0161\u00edm poslan\u00edm je prekona\u0165 o\u010dak\u00e1vania klientov poskytovan\u00edm v\u00fdnimo\u010dn\u00fdch slu\u017eieb a v\u00fdsledkov pri ka\u017edom projekte.<\/p>\n<p>V spolo\u010dnosti FMP je kvalita z\u00e1kladn\u00fdm kame\u0148om v\u0161etk\u00e9ho, \u010do rob\u00edme. Dodr\u017eiavame najvy\u0161\u0161ie v\u00fdrobn\u00e9 \u0161tandardy a pou\u017e\u00edvame pr\u00edsne opatrenia na kontrolu kvality, aby sme zabezpe\u010dili, \u017ee ka\u017ed\u00fd produkt nielen sp\u013a\u0148a, ale aj prekon\u00e1va priemyseln\u00e9 \u0161tandardy. Tento z\u00e1v\u00e4zok k dokonalosti v spojen\u00ed s na\u0161imi z\u00e1kladn\u00fdmi hodnotami integrity, t\u00edmovej pr\u00e1ce a vytrvalosti n\u00e1m umo\u017enil vybudova\u0165 si siln\u00e9 vz\u0165ahy zalo\u017een\u00e9 na d\u00f4vere s klientmi v takmer 30 krajin\u00e1ch sveta.<\/p>\n<p>Spolo\u010dnos\u0165 FMP sa v\u017edy sna\u017e\u00ed podporova\u0165 glob\u00e1lne partnerstv\u00e1 a zost\u00e1va odhodlan\u00e1 pon\u00faka\u0165 odborn\u00e9 poradenstvo a rie\u0161enia na mieru, ktor\u00e9 rie\u0161ia meniace sa potreby na\u0161ich klientov. Ideme nad r\u00e1mec jednoduchej dod\u00e1vky produktov; na\u0161\u00edm cie\u013eom je nadviaza\u0165 dlhodob\u00e9 partnerstv\u00e1, ktor\u00e9 prispievaj\u00fa k \u00faspechu ka\u017ed\u00e9ho projektu. \u010ci u\u017e potrebujete inovat\u00edvne rie\u0161enia pre nov\u00fa iniciat\u00edvu alebo priebe\u017en\u00fa podporu pre existuj\u00faci syst\u00e9m, spolo\u010dnos\u0165 FMP je pripraven\u00e1 v\u00e1m pom\u00f4c\u0165 zorientova\u0165 sa v va\u0161ich technick\u00fdch v\u00fdzvach a zabezpe\u010di\u0165 v\u00e1\u0161 trval\u00fd \u00faspech.<\/p>\n<p><img loading=\"lazy\" decoding=\"async\" class=\"alignnone wp-image-2695\" src=\"https:\/\/fmp-components.com\/wp-content\/uploads\/2025\/01\/agricultural-gearbox3.webp\" alt=\"po\u013enohospod\u00e1rska prevodovka\" width=\"953\" height=\"951\" title=\"\" srcset=\"https:\/\/fmp-components.com\/wp-content\/uploads\/2025\/01\/agricultural-gearbox3.webp 953w, https:\/\/fmp-components.com\/wp-content\/uploads\/2025\/01\/agricultural-gearbox3-480x479.webp 480w\" sizes=\"(min-width: 0px) and (max-width: 480px) 480px, (min-width: 481px) 953px, 100vw\" \/><\/p>\n<p>Autor: CX<\/p>\n<p>&nbsp;<\/p>","protected":false},"excerpt":{"rendered":"<p>Double Disc Silage Machine Gearbox FMP-QZ115 Technical Data Double Disc Silage Machine Gearbox FMP-QZ115 Technical Data i Suitable Rpm input Rpm output Output torque Weight Toothing r\/min r\/min N.m kg Decelerate 1: 1 silage machines, etc 1000 1000 580 35 Gleason Helical Teeth Remark: If you have any special require feel free let me know, [&hellip;]<\/p>","protected":false},"featured_media":3050,"comment_status":"open","ping_status":"closed","template":"","meta":{"_et_pb_use_builder":"","_et_pb_old_content":"","_et_gb_content_width":""},"product_brand":[],"product_cat":[69],"product_tag":[],"class_list":{"0":"post-3047","1":"product","2":"type-product","3":"status-publish","4":"has-post-thumbnail","6":"product_cat-silage-machine-gearbox","8":"first","9":"instock","10":"shipping-taxable","11":"product-type-simple"},"_links":{"self":[{"href":"https:\/\/fmp-components.com\/sk\/wp-json\/wp\/v2\/product\/3047","targetHints":{"allow":["GET"]}}],"collection":[{"href":"https:\/\/fmp-components.com\/sk\/wp-json\/wp\/v2\/product"}],"about":[{"href":"https:\/\/fmp-components.com\/sk\/wp-json\/wp\/v2\/types\/product"}],"replies":[{"embeddable":true,"href":"https:\/\/fmp-components.com\/sk\/wp-json\/wp\/v2\/comments?post=3047"}],"wp:featuredmedia":[{"embeddable":true,"href":"https:\/\/fmp-components.com\/sk\/wp-json\/wp\/v2\/media\/3050"}],"wp:attachment":[{"href":"https:\/\/fmp-components.com\/sk\/wp-json\/wp\/v2\/media?parent=3047"}],"wp:term":[{"taxonomy":"product_brand","embeddable":true,"href":"https:\/\/fmp-components.com\/sk\/wp-json\/wp\/v2\/product_brand?post=3047"},{"taxonomy":"product_cat","embeddable":true,"href":"https:\/\/fmp-components.com\/sk\/wp-json\/wp\/v2\/product_cat?post=3047"},{"taxonomy":"product_tag","embeddable":true,"href":"https:\/\/fmp-components.com\/sk\/wp-json\/wp\/v2\/product_tag?post=3047"}],"curies":[{"name":"pracovn\u00fd list","href":"https:\/\/api.w.org\/{rel}","templated":true}]}}