{"id":304,"date":"2024-12-09T06:10:04","date_gmt":"2024-12-09T06:10:04","guid":{"rendered":"https:\/\/fmp-components.com\/?page_id=8"},"modified":"2024-12-09T06:44:10","modified_gmt":"2024-12-09T06:44:10","slug":"forklift-lifting-hydraulic-cylinder","status":"publish","type":"product","link":"https:\/\/fmp-components.com\/sk\/product\/forklift-lifting-hydraulic-cylinder\/","title":{"rendered":"Hydraulick\u00fd valec pre zdv\u00edhanie vysokozdvi\u017en\u00e9ho voz\u00edka"},"content":{"rendered":"<p style=\"text-align: center;\"><span style=\"font-size: 24pt;\">Hydraulick\u00fd valec pre zdv\u00edhanie vysokozdvi\u017en\u00e9ho voz\u00edka<\/span><\/p>\n<h2><img loading=\"lazy\" decoding=\"async\" class=\"alignnone wp-image-311\" src=\"https:\/\/fmp-components.com\/wp-content\/uploads\/2024\/12\/Forklift-Lifting-Hydraulic-Cylinder-2.webp\" alt=\"Hydraulick\u00fd valec pre zdv\u00edhanie vysokozdvi\u017en\u00fdch voz\u00edkov\" width=\"931\" height=\"931\" title=\"\" srcset=\"https:\/\/fmp-components.com\/wp-content\/uploads\/2024\/12\/Forklift-Lifting-Hydraulic-Cylinder-2.webp 931w, https:\/\/fmp-components.com\/wp-content\/uploads\/2024\/12\/Forklift-Lifting-Hydraulic-Cylinder-2-480x480.webp 480w\" sizes=\"(min-width: 0px) and (max-width: 480px) 480px, (min-width: 481px) 931px, 100vw\" \/><\/h2>\n<h2><strong>Rozmery hydraulick\u00e9ho valca pre zdv\u00edhanie vysokozdvi\u017en\u00e9ho voz\u00edka:<\/strong><\/h2>\n<p><img loading=\"lazy\" decoding=\"async\" class=\"alignnone size-full wp-image-306\" src=\"https:\/\/fmp-components.com\/wp-content\/uploads\/2024\/12\/Forklift-Lifting-Hydraulic-Cylinder-Dimensions.webp\" alt=\"Rozmery hydraulick\u00e9ho valca pre zdv\u00edhanie vysokozdvi\u017en\u00fdch voz\u00edkov\" width=\"1024\" height=\"403\" title=\"\" srcset=\"https:\/\/fmp-components.com\/wp-content\/uploads\/2024\/12\/Forklift-Lifting-Hydraulic-Cylinder-Dimensions.webp 1024w, https:\/\/fmp-components.com\/wp-content\/uploads\/2024\/12\/Forklift-Lifting-Hydraulic-Cylinder-Dimensions-980x386.webp 980w, https:\/\/fmp-components.com\/wp-content\/uploads\/2024\/12\/Forklift-Lifting-Hydraulic-Cylinder-Dimensions-480x189.webp 480w\" sizes=\"(min-width: 0px) and (max-width: 480px) 480px, (min-width: 481px) and (max-width: 980px) 980px, (min-width: 981px) 1024px, 100vw\" \/><\/p>\n<table border=\"1\" cellspacing=\"0\" cellpadding=\"0\">\n<tbody>\n<tr>\n<td width=\"246\">N\u00e1zov valca<\/td>\n<td width=\"336\">\u010d\u00edslo v\u00fdkresu<\/td>\n<td width=\"126\">priemer otvoru (D)<\/td>\n<td width=\"123\">priemer ty\u010de (d)<\/td>\n<td width=\"114\">zdvih (S)<\/td>\n<td width=\"170\">In\u0161tala\u010dn\u00e1 vzdialenos\u0165 (L)<\/td>\n<td width=\"172\">pracovn\u00fd tlak<\/td>\n<td width=\"366\">Rozmery rozhrania (M)<\/td>\n<td width=\"96\">hmotnos\u0165<\/td>\n<\/tr>\n<tr>\n<td class=\"et3\" width=\"246\" height=\"153\">Zdv\u00edhac\u00ed valec<\/td>\n<td class=\"et4\" width=\"336\">N30M300-5\/400000-000<\/td>\n<td class=\"et4\" width=\"126\">\u03a656<\/td>\n<td class=\"et4\" width=\"123\">\u03a645<\/td>\n<td class=\"et4\" width=\"114\">1500<\/td>\n<td class=\"et4\" width=\"170\">1658<\/td>\n<td class=\"et4\" width=\"172\">18,1 MPa<\/td>\n<td class=\"et4\" width=\"366\">G1\/2<\/td>\n<td class=\"et4\" width=\"96\">32,6 kg<\/td>\n<\/tr>\n<tr>\n<td class=\"et3\" width=\"246\" height=\"153\">Zdv\u00edhac\u00ed valec<\/td>\n<td class=\"et4\">A2A30M300-400000-000<\/td>\n<td class=\"et4\">\u03a656<\/td>\n<td class=\"et4\">\u03a645<\/td>\n<td class=\"et4\">1500<\/td>\n<td class=\"et4\">1658<\/td>\n<td class=\"et4\">18,1 MPa<\/td>\n<td class=\"et4\">M22*1,5<\/td>\n<td class=\"et4\">36 kg<\/td>\n<\/tr>\n<tr>\n<td class=\"et3\" width=\"246\" height=\"153\">Zdv\u00edhac\u00ed valec<\/td>\n<td class=\"et4\">3,5N4,5H-400000-003<\/td>\n<td class=\"et4\">\u03a660<\/td>\n<td class=\"et4\">\u03a645<\/td>\n<td class=\"et4\">1505<\/td>\n<td class=\"et4\">1780<\/td>\n<td class=\"et4\">17,5 MPa<\/td>\n<td class=\"et4\">M22*1,5<\/td>\n<td class=\"et4\">41 kg<\/td>\n<\/tr>\n<tr>\n<td class=\"et3\" width=\"246\" height=\"153\">Zdv\u00edhac\u00ed valec<\/td>\n<td class=\"et4\">N35M300-5\/400000-001A<\/td>\n<td class=\"et4\">\u03a660<\/td>\n<td class=\"et4\">\u03a645<\/td>\n<td class=\"et4\">1500<\/td>\n<td class=\"et4\">1808<\/td>\n<td class=\"et4\">18,1 MPa<\/td>\n<td class=\"et4\">G1\/2<\/td>\n<td class=\"et4\">46 kg<\/td>\n<\/tr>\n<tr>\n<td class=\"et3\" width=\"246\" height=\"153\">Zdv\u00edhac\u00ed valec<\/td>\n<td class=\"et4\">A2A35M300-400000-000<\/td>\n<td class=\"et4\">\u03a660<\/td>\n<td class=\"et4\">\u03a645<\/td>\n<td class=\"et4\">1500<\/td>\n<td class=\"et4\">1808<\/td>\n<td class=\"et4\">18,1 MPa<\/td>\n<td class=\"et4\">M22*1,5<\/td>\n<td class=\"et4\">50 kg<\/td>\n<\/tr>\n<\/tbody>\n<\/table>\n<h3>Vlastnosti hydraulick\u00e9ho valca pre zdv\u00edhanie vysokozdvi\u017en\u00fdch voz\u00edkov<\/h3>\n<p><strong>Vysok\u00e1 nosnos\u0165<\/strong><br \/>\nHydraulick\u00fd valec na zdv\u00edhanie vysokozdvi\u017en\u00fdch voz\u00edkov je navrhnut\u00fd na manipul\u00e1ciu s \u0165a\u017ek\u00fdmi bremenami a poskytuje potrebn\u00fa silu na zdv\u00edhanie zna\u010dn\u00fdch hmotnost\u00ed. V\u010faka svojej robustnej kon\u0161trukcii a vysokotlakov\u00e9mu hydraulick\u00e9mu syst\u00e9mu zais\u0165uje plynul\u00e9 a efekt\u00edvne zdv\u00edhanie tovaru, paliet a zariaden\u00ed. Pevnos\u0165 valca je nevyhnutn\u00e1 pre vysokozdvi\u017en\u00e9 voz\u00edky prev\u00e1dzkovan\u00e9 v skladoch, distribu\u010dn\u00fdch centr\u00e1ch a v\u00fdrobn\u00fdch z\u00e1vodoch, kde je nosnos\u0165 nevyhnutn\u00e1 pre bezpe\u010dn\u00fa a efekt\u00edvnu manipul\u00e1ciu s ve\u013ek\u00fdmi a objemn\u00fdmi predmetmi.<\/p>\n<p><strong>Trvanlivos\u0165 a spo\u013eahlivos\u0165<\/strong><br \/>\nHydraulick\u00e9 valce pre vysokozdvi\u017en\u00e9 voz\u00edky s\u00fa skon\u0161truovan\u00e9 tak, aby odolali n\u00e1ro\u010dn\u00fdm pracovn\u00fdm podmienkam vr\u00e1tane cyklov s vysokou z\u00e1\u0165a\u017eou a extr\u00e9mnych environment\u00e1lnych faktorov. Vyroben\u00e9 z vysoko kvalitn\u00fdch materi\u00e1lov, s\u00fa odoln\u00e9 vo\u010di opotrebovaniu, kor\u00f3zii a po\u0161kodeniu sp\u00f4soben\u00e9mu \u010dast\u00fdm pou\u017e\u00edvan\u00edm. Spo\u013eahliv\u00fd v\u00fdkon valca zais\u0165uje, \u017ee vysokozdvi\u017en\u00fd voz\u00edk pracuje s minim\u00e1lnymi prestojmi, \u010do je k\u013e\u00fa\u010dov\u00e9 pre udr\u017eanie produktivity v r\u00fdchlo sa meniacom prostred\u00ed. Pravideln\u00e1 \u00fadr\u017eba a kontrola zabezpe\u010duj\u00fa, \u017ee tieto valce na\u010falej funguj\u00fa na optim\u00e1lnej \u00farovni, \u010d\u00edm sa predl\u017euje \u017eivotnos\u0165 zariadenia.<\/p>\n<p><strong>Plynul\u00e1 a presn\u00e1 prev\u00e1dzka<\/strong><br \/>\nHydraulick\u00fd valec na zdv\u00edhanie vysokozdvi\u017en\u00e9ho voz\u00edka zabezpe\u010duje plynul\u00e9 a presn\u00e9 zdv\u00edhanie a sp\u00fa\u0161\u0165anie. Hydraulick\u00fd syst\u00e9m umo\u017e\u0148uje kontrolovan\u00fd, postupn\u00fd pohyb, \u010d\u00edm sa zni\u017euje riziko trhav\u00fdch pohybov alebo n\u00e1hlych posunov, ktor\u00e9 by mohli po\u0161kodi\u0165 bremeno alebo ohrozi\u0165 bezpe\u010dnos\u0165. Toto presn\u00e9 ovl\u00e1danie zvy\u0161uje istotu a efektivitu obsluhy, preto\u017ee dok\u00e1\u017ee zdv\u00edha\u0165 a polohova\u0165 bremen\u00e1 s presnos\u0165ou, a to aj v stiesnen\u00fdch alebo nebezpe\u010dn\u00fdch situ\u00e1ci\u00e1ch. V\u00fdsledkom je bezpe\u010dnej\u0161ia a efekt\u00edvnej\u0161ia zdv\u00edhacia oper\u00e1cia, ktor\u00e1 zlep\u0161uje celkov\u00fd v\u00fdkon vysokozdvi\u017en\u00e9ho voz\u00edka.<\/p>\n<h3><img loading=\"lazy\" decoding=\"async\" class=\"alignnone size-full wp-image-310\" src=\"https:\/\/fmp-components.com\/wp-content\/uploads\/2024\/12\/Forklift-Lifting-Hydraulic-Cylinder-1.webp\" alt=\"Hydraulick\u00fd valec pre zdv\u00edhanie vysokozdvi\u017en\u00fdch voz\u00edkov\" width=\"1280\" height=\"720\" title=\"\" srcset=\"https:\/\/fmp-components.com\/wp-content\/uploads\/2024\/12\/Forklift-Lifting-Hydraulic-Cylinder-1.webp 1280w, https:\/\/fmp-components.com\/wp-content\/uploads\/2024\/12\/Forklift-Lifting-Hydraulic-Cylinder-1-980x551.webp 980w, https:\/\/fmp-components.com\/wp-content\/uploads\/2024\/12\/Forklift-Lifting-Hydraulic-Cylinder-1-480x270.webp 480w\" sizes=\"(min-width: 0px) and (max-width: 480px) 480px, (min-width: 481px) and (max-width: 980px) 980px, (min-width: 981px) 1280px, 100vw\" \/><\/h3>\n<h3>O FMP<\/h3>\n<p>FMP je \u0161pecializovan\u00fd v\u00fdrobca hydraulick\u00fdch valcov so siln\u00fdm zameran\u00edm na v\u00fdskum a v\u00fdrobu. Od svojho zalo\u017eenia sa spolo\u010dnos\u0165 neust\u00e1le zameriava na v\u00fdvoj hydraulick\u00fdch valcov, pri\u010dom sa vyvinula z v\u00fdroby r\u00f4znych produktov, ako s\u00fa zbern\u00e9 a stavebn\u00e9 stroje, a\u017e po \u0161pecializ\u00e1ciu na komponenty po\u013enohospod\u00e1rskych traktorov. V\u010faka viac ako desa\u0165ro\u010dn\u00fdm sk\u00fasenostiam vo v\u00fdrobe, mana\u017e\u00e9rskym sk\u00fasenostiam a pokro\u010dil\u00fdm v\u00fdrobn\u00fdm technol\u00f3gi\u00e1m spolo\u010dnos\u0165 FMP zaru\u010duje najvy\u0161\u0161iu kvalitu svojich produktov.<\/p>\n<p>S rastom spolo\u010dnosti v oblasti profesion\u00e1lneho rozvoja si vybudovala komplexn\u00fa obr\u00e1baciu v\u00fdrobn\u00fa linku, mont\u00e1\u017enu linku a linku na povrchov\u00e9 \u00fapravy. FMP je podporovan\u00e1 \u0161pecializovan\u00fdm t\u00edmom sk\u00fasen\u00fdch mana\u017e\u00e9rov, kvalifikovan\u00fdch strojn\u00fdch kon\u0161trukt\u00e9rov a vysoko kvalifikovan\u00fdch technick\u00fdch pracovn\u00edkov. To zabezpe\u010duje stabiln\u00fa kvalitu v\u00fdrobkov a z\u00e1rove\u0148 efekt\u00edvne riadi kontinuitu procesov a celkov\u00fa efektivitu v\u00fdroby.<\/p>\n<p>Spolo\u010dnos\u0165 FMP sa dr\u017e\u00ed z\u00e1kladn\u00fdch hodn\u00f4t \u201eTechnologick\u00e9 inov\u00e1cie poh\u00e1\u0148aj\u00face pokrok, kvalita vytv\u00e1raj\u00faca zna\u010dky, remeseln\u00e9 spracovanie zabezpe\u010duj\u00face kvalitu a budovanie dlhodob\u00fdch obojstranne v\u00fdhodn\u00fdch vz\u0165ahov\u201c. Spolo\u010dnos\u0165 je na\u010falej odhodlan\u00e1 poskytova\u0165 vysokokvalitn\u00e9 produkty a z\u00e1rove\u0148 poskytova\u0165 vynikaj\u00face slu\u017eby z\u00e1kazn\u00edkom a v\u017edy sa sna\u017e\u00ed uspokojova\u0165 vyv\u00edjaj\u00face sa potreby trhu.<\/p>\n<p><img loading=\"lazy\" decoding=\"async\" class=\"alignnone wp-image-303\" src=\"https:\/\/fmp-components.com\/wp-content\/uploads\/2024\/12\/hydraulic-cylinder-factory-11_1.webp\" alt=\"tov\u00e1re\u0148 na hydraulick\u00e9 valce\" width=\"917\" height=\"1003\" title=\"\" srcset=\"https:\/\/fmp-components.com\/wp-content\/uploads\/2024\/12\/hydraulic-cylinder-factory-11_1.webp 917w, https:\/\/fmp-components.com\/wp-content\/uploads\/2024\/12\/hydraulic-cylinder-factory-11_1-480x525.webp 480w\" sizes=\"(min-width: 0px) and (max-width: 480px) 480px, (min-width: 481px) 917px, 100vw\" \/><\/p>\n<table style=\"width: 100%;\" border=\"1\" width=\"100%\" cellspacing=\"0\" cellpadding=\"0\">\n<tbody>\n<tr>\n<td style=\"width: 41.9294%;\" width=\"226\"><img loading=\"lazy\" decoding=\"async\" class=\"alignnone size-full wp-image-309\" src=\"https:\/\/fmp-components.com\/wp-content\/uploads\/2024\/12\/Forklift-Tilt-Hydraulic-Cylinder.webp\" alt=\"Hydraulick\u00fd valec nakl\u00e1pania vysokozdvi\u017en\u00e9ho voz\u00edka\" width=\"1000\" height=\"750\" title=\"\" srcset=\"https:\/\/fmp-components.com\/wp-content\/uploads\/2024\/12\/Forklift-Tilt-Hydraulic-Cylinder.webp 1000w, https:\/\/fmp-components.com\/wp-content\/uploads\/2024\/12\/Forklift-Tilt-Hydraulic-Cylinder-980x735.webp 980w, https:\/\/fmp-components.com\/wp-content\/uploads\/2024\/12\/Forklift-Tilt-Hydraulic-Cylinder-480x360.webp 480w\" sizes=\"(min-width: 0px) and (max-width: 480px) 480px, (min-width: 481px) and (max-width: 980px) 980px, (min-width: 981px) 1000px, 100vw\" \/><\/td>\n<td style=\"width: 55.6484%;\" width=\"64\"><img loading=\"lazy\" decoding=\"async\" class=\"alignnone wp-image-283\" src=\"https:\/\/fmp-components.com\/wp-content\/uploads\/2024\/12\/hydraulic-cylinder-factory-5.webp\" alt=\"tov\u00e1re\u0148 na hydraulick\u00e9 valce\" width=\"542\" height=\"312\" title=\"\"><\/td>\n<\/tr>\n<\/tbody>\n<\/table>\n<p>Autor\uff1a CX<\/p>","protected":false},"excerpt":{"rendered":"<p>Zdv\u00edhac\u00ed hydraulick\u00fd valec vysokozdvi\u017en\u00e9ho voz\u00edka je zodpovedn\u00fd za zabezpe\u010denie vertik\u00e1lnej zdv\u00edhacej sily potrebnej na zdv\u00edhanie a sp\u00fa\u0161\u0165anie \u0165a\u017ek\u00fdch bremien. Tento valec vyu\u017e\u00edva hydraulick\u00fd tlak na zdv\u00edhanie sto\u017eiara a pr\u00edslu\u0161enstva vysokozdvi\u017en\u00e9ho voz\u00edka, \u010do umo\u017e\u0148uje obsluhe efekt\u00edvne manipulova\u0165 a premiest\u0148ova\u0165 palety, kontajnery a in\u00e9 materi\u00e1ly. Zdv\u00edhac\u00ed hydraulick\u00fd valec je navrhnut\u00fd tak, aby odolal vysok\u00e9mu tlaku a n\u00e1ro\u010dnej prev\u00e1dzke, a zais\u0165uje plynul\u00e9 a kontrolovan\u00e9 zdv\u00edhacie pohyby pri zachovan\u00ed stability a bezpe\u010dnosti, a to aj pri manipul\u00e1cii s ve\u013ek\u00fdmi alebo objemn\u00fdmi predmetmi. Jeho robustn\u00e1 kon\u0161trukcia z neho rob\u00ed nevyhnutn\u00fa s\u00fa\u010das\u0165 vysokozdvi\u017en\u00fdch voz\u00edkov prev\u00e1dzkovan\u00fdch v skladoch, distribu\u010dn\u00fdch centr\u00e1ch a in\u00fdch priemyseln\u00fdch prostrediach, kde je spo\u013eahliv\u00e9 a v\u00fdkonn\u00e9 zdv\u00edhanie rozhoduj\u00face pre produktivitu.<\/p>","protected":false},"featured_media":311,"comment_status":"open","ping_status":"closed","template":"","meta":{"_et_pb_use_builder":"","_et_pb_old_content":"","_et_gb_content_width":""},"product_brand":[],"product_cat":[20],"product_tag":[],"class_list":{"0":"post-304","1":"product","2":"type-product","3":"status-publish","4":"has-post-thumbnail","6":"product_cat-forklift-hydraulic-cylinders","8":"first","9":"instock","10":"shipping-taxable","11":"product-type-simple"},"_links":{"self":[{"href":"https:\/\/fmp-components.com\/sk\/wp-json\/wp\/v2\/product\/304","targetHints":{"allow":["GET"]}}],"collection":[{"href":"https:\/\/fmp-components.com\/sk\/wp-json\/wp\/v2\/product"}],"about":[{"href":"https:\/\/fmp-components.com\/sk\/wp-json\/wp\/v2\/types\/product"}],"replies":[{"embeddable":true,"href":"https:\/\/fmp-components.com\/sk\/wp-json\/wp\/v2\/comments?post=304"}],"wp:featuredmedia":[{"embeddable":true,"href":"https:\/\/fmp-components.com\/sk\/wp-json\/wp\/v2\/media\/311"}],"wp:attachment":[{"href":"https:\/\/fmp-components.com\/sk\/wp-json\/wp\/v2\/media?parent=304"}],"wp:term":[{"taxonomy":"product_brand","embeddable":true,"href":"https:\/\/fmp-components.com\/sk\/wp-json\/wp\/v2\/product_brand?post=304"},{"taxonomy":"product_cat","embeddable":true,"href":"https:\/\/fmp-components.com\/sk\/wp-json\/wp\/v2\/product_cat?post=304"},{"taxonomy":"product_tag","embeddable":true,"href":"https:\/\/fmp-components.com\/sk\/wp-json\/wp\/v2\/product_tag?post=304"}],"curies":[{"name":"pracovn\u00fd list","href":"https:\/\/api.w.org\/{rel}","templated":true}]}}