{"id":3036,"date":"2025-01-04T06:44:35","date_gmt":"2025-01-04T06:44:35","guid":{"rendered":"https:\/\/fmp-components.com\/?page_id=8"},"modified":"2025-01-04T06:58:59","modified_gmt":"2025-01-04T06:58:59","slug":"silage-machine-gearbox-fmp-qz-wrxr-for-german-champion-four-disc-type-3500","status":"publish","type":"product","link":"https:\/\/fmp-components.com\/sk\/product\/silage-machine-gearbox-fmp-qz-wrxr-for-german-champion-four-disc-type-3500\/","title":{"rendered":"Prevodovka sil\u00e1\u017eneho stroja FMP-QZ-WRXR pre \u0161tvorkot\u00fa\u010dov\u00fd obr\u00e1bac\u00ed stroj German Champion (typ 3500)"},"content":{"rendered":"<h2>Rozmery prevodovky sil\u00e1\u017eneho stroja FMP-QZ-WRXR<\/h2>\n<p><img loading=\"lazy\" decoding=\"async\" class=\"alignnone size-full wp-image-3039\" src=\"https:\/\/fmp-components.com\/wp-content\/uploads\/2025\/01\/Silage-Machine-Gearbox-EP-QZ-WRXR-Dimensions-1.webp\" alt=\"Prevodovka sil\u00e1\u017eneho stroja EP-QZ-WRXR-Rozmery-1\" width=\"1332\" height=\"626\" title=\"\" srcset=\"https:\/\/fmp-components.com\/wp-content\/uploads\/2025\/01\/Silage-Machine-Gearbox-EP-QZ-WRXR-Dimensions-1.webp 1332w, https:\/\/fmp-components.com\/wp-content\/uploads\/2025\/01\/Silage-Machine-Gearbox-EP-QZ-WRXR-Dimensions-1-1280x602.webp 1280w, https:\/\/fmp-components.com\/wp-content\/uploads\/2025\/01\/Silage-Machine-Gearbox-EP-QZ-WRXR-Dimensions-1-980x461.webp 980w, https:\/\/fmp-components.com\/wp-content\/uploads\/2025\/01\/Silage-Machine-Gearbox-EP-QZ-WRXR-Dimensions-1-480x226.webp 480w\" sizes=\"(min-width: 0px) and (max-width: 480px) 480px, (min-width: 481px) and (max-width: 980px) 980px, (min-width: 981px) and (max-width: 1280px) 1280px, (min-width: 1281px) 1332px, 100vw\" \/><\/p>\n<p><img loading=\"lazy\" decoding=\"async\" class=\"alignnone size-full wp-image-3038\" src=\"https:\/\/fmp-components.com\/wp-content\/uploads\/2025\/01\/Silage-Machine-Gearbox-EP-QZ-WRXR-Dimensions-2.webp\" alt=\"Prevodovka sil\u00e1\u017eneho stroja EP-QZ-WRXR-Rozmery-2\" width=\"1332\" height=\"569\" title=\"\" srcset=\"https:\/\/fmp-components.com\/wp-content\/uploads\/2025\/01\/Silage-Machine-Gearbox-EP-QZ-WRXR-Dimensions-2.webp 1332w, https:\/\/fmp-components.com\/wp-content\/uploads\/2025\/01\/Silage-Machine-Gearbox-EP-QZ-WRXR-Dimensions-2-1280x547.webp 1280w, https:\/\/fmp-components.com\/wp-content\/uploads\/2025\/01\/Silage-Machine-Gearbox-EP-QZ-WRXR-Dimensions-2-980x419.webp 980w, https:\/\/fmp-components.com\/wp-content\/uploads\/2025\/01\/Silage-Machine-Gearbox-EP-QZ-WRXR-Dimensions-2-480x205.webp 480w\" sizes=\"(min-width: 0px) and (max-width: 480px) 480px, (min-width: 481px) and (max-width: 980px) 980px, (min-width: 981px) and (max-width: 1280px) 1280px, (min-width: 1281px) 1332px, 100vw\" \/><\/p>\n<h2>Technick\u00e9 \u00fadaje prevodovky sil\u00e1\u017eneho stroja FMP-QZ-WRXR<\/h2>\n<table style=\"width: 94.2519%; height: 94px;\" border=\"1\" cellspacing=\"0\" cellpadding=\"0\">\n<tbody>\n<tr>\n<td>Meno<\/td>\n<td>Vhodn\u00e9<\/td>\n<td>Oto\u010dte<\/td>\n<td>s\u00e9ria hlavi\u010diek<\/td>\n<td>Prerez\u00e1vanie zubov<\/td>\n<\/tr>\n<tr>\n<td>K\u0155mna krabica<\/td>\n<td>sil\u00e1\u017ene stroje<\/td>\n<td>pravoto\u010divos\u0165<\/td>\n<td>3 s\u00e9rie<\/td>\n<td>Gleasonove \u0161pir\u00e1lov\u00e9 zuby<\/td>\n<\/tr>\n<tr>\n<td colspan=\"5\">Pozn\u00e1mka: Ak m\u00e1te nejak\u00e9 \u0161peci\u00e1lne po\u017eiadavky, nev\u00e1hajte mi da\u0165 vedie\u0165, akceptujeme aj z\u00e1kazku.<\/td>\n<\/tr>\n<\/tbody>\n<\/table>\n<h2>Vlastnosti prevodovky sil\u00e1\u017eneho stroja EP-QZ-WRXR pre \u0161tvorkot\u00fa\u010dov\u00fd obr\u00e1bac\u00ed stroj German Champion (typ 3500)<\/h2>\n<p>Prevodovka FMP-QZ-WRXR pre sil\u00e1\u017eny stroj German Champion Four Disc (typ 3500) je skon\u0161truovan\u00e1 tak, aby poskytovala vynikaj\u00faci v\u00fdkon a spo\u013eahlivos\u0165 pri zbere sil\u00e1\u017ee a spracovan\u00ed krmov\u00edn. Ni\u017e\u0161ie s\u00fa uveden\u00e9 k\u013e\u00fa\u010dov\u00e9 vlastnosti tejto prevodovky:<\/p>\n<h3>1. Vysok\u00fd kr\u00fatiaci moment<\/h3>\n<ul>\n<li>Prevodovka FMP-QZ-WRXR je navrhnut\u00e1 tak, aby zvl\u00e1dala vysok\u00e9 po\u017eiadavky na kr\u00fatiaci moment a zabezpe\u010dovala plynul\u00fd chod aj pri vysokom za\u0165a\u017een\u00ed. T\u00e1to vlastnos\u0165 je k\u013e\u00fa\u010dov\u00e1 pre sil\u00e1\u017ene stroje, ktor\u00e9 potrebuj\u00fa drvi\u0165 hust\u00e9, vl\u00e1knit\u00e9 krmoviny bez kompromisov v oblasti v\u00fdkonu.<\/li>\n<\/ul>\n<h3>2. Presn\u00e9 in\u017einierstvo pre spo\u013eahlivos\u0165<\/h3>\n<ul>\n<li>Prevodovka, vyroben\u00e1 s prec\u00edznym in\u017einierstvom, zais\u0165uje bezprobl\u00e9mov\u00fa spolupr\u00e1cu v\u0161etk\u00fdch komponentov, \u010do vedie k konzistentn\u00e9mu v\u00fdkonu a spo\u013eahlivosti. T\u00e1to \u00farove\u0148 in\u017einierstva minimalizuje opotrebovanie, predl\u017euje \u017eivotnos\u0165 prevodovky a zni\u017euje n\u00e1klady na \u00fadr\u017ebu.<\/li>\n<\/ul>\n<h3>3. Efekt\u00edvny prenos v\u00fdkonu<\/h3>\n<ul>\n<li>Prevodovka je optimalizovan\u00e1 pre efekt\u00edvny prenos v\u00fdkonu z v\u00fdvodov\u00e9ho hriade\u013ea traktora na rezn\u00e9 disky. Zabezpe\u010duje, aby sa energia generovan\u00e1 v\u00fdvodov\u00fdm hriade\u013eom efekt\u00edvne premie\u0148ala na rota\u010dn\u00fd pohyb potrebn\u00fd na ovl\u00e1danie rezacieho mechanizmu sil\u00e1\u017eneho stroja, \u010d\u00edm sa zlep\u0161uje celkov\u00e1 prev\u00e1dzkov\u00e1 \u00fa\u010dinnos\u0165.<\/li>\n<\/ul>\n<h3>4. Zn\u00ed\u017eenie r\u00fdchlosti a zv\u00fd\u0161enie kr\u00fatiaceho momentu<\/h3>\n<ul>\n<li>Prevodovka, navrhnut\u00e1 na zn\u00ed\u017eenie vstupnej r\u00fdchlosti a zv\u00fd\u0161enie kr\u00fatiaceho momentu, zabezpe\u010duje, \u017ee rezn\u00e9 disky pracuj\u00fa s optim\u00e1lnou r\u00fdchlos\u0165ou na sekanie krmov\u00edn. Zn\u00ed\u017een\u00edm vysokej r\u00fdchlosti ot\u00e1\u010dania v\u00fdvodov\u00e9ho hriade\u013ea traktora umo\u017e\u0148uje prevodovka stroju be\u017ea\u0165 s ni\u017e\u0161\u00edmi r\u00fdchlos\u0165ami potrebn\u00fdmi na efekt\u00edvne sekanie a z\u00e1rove\u0148 zachova\u0165 po\u017eadovan\u00fd v\u00fdkon na zvl\u00e1dnutie \u0165a\u017ek\u00fdch bremien.<\/li>\n<\/ul>\n<h3>5. Kompaktn\u00fd a robustn\u00fd dizajn<\/h3>\n<ul>\n<li>Kompaktn\u00e1 a robustn\u00e1 kon\u0161trukcia prevodovky FMP-QZ-WRXR ju predur\u010duje na pou\u017eitie v n\u00e1ro\u010dn\u00fdch po\u013enohospod\u00e1rskych podmienkach. Jej robustn\u00e1 kon\u0161trukcia zais\u0165uje, \u017ee odol\u00e1 fyzick\u00e9mu nam\u00e1haniu pri nepretr\u017eitom pou\u017e\u00edvan\u00ed v n\u00e1ro\u010dn\u00fdch po\u013en\u00fdch podmienkach a pon\u00faka odolnos\u0165 a dlhodob\u00fa spo\u013eahlivos\u0165.<\/li>\n<\/ul>\n<p>Prevodovka FMP-QZ-WRXR pre nemeck\u00fd \u0161tvorkot\u00fa\u010dov\u00fd \u017eac\u00ed stroj Champion (typ 3500) kombinuje vysokov\u00fdkonn\u00e9 in\u017einierstvo, odolnos\u0165 a prisp\u00f4sobivos\u0165, v\u010faka \u010domu je z\u00e1kladnou s\u00fa\u010das\u0165ou modern\u00fdch zariaden\u00ed na sil\u00e1\u017e a zber krmov\u00edn. Zais\u0165uje optim\u00e1lny v\u00fdkon v n\u00e1ro\u010dn\u00fdch po\u013enohospod\u00e1rskych prev\u00e1dzkach a z\u00e1rove\u0148 pon\u00faka flexibilitu, spo\u013eahlivos\u0165 a efektivitu.<\/p>\n<p><img loading=\"lazy\" decoding=\"async\" class=\"alignnone size-full wp-image-2971\" src=\"https:\/\/fmp-components.com\/wp-content\/uploads\/2025\/01\/Silage-Machine-Gearbox-EP-QZ-WRXL-for-German-Champion-Four-Disc-Type-3500.webp\" alt=\"Prevodovka sil\u00e1\u017eneho stroja EP-QZ-WRXL pre \u0161tvordiskov\u00fd typ German Champion 3500\" width=\"1024\" height=\"607\" title=\"\" srcset=\"https:\/\/fmp-components.com\/wp-content\/uploads\/2025\/01\/Silage-Machine-Gearbox-EP-QZ-WRXL-for-German-Champion-Four-Disc-Type-3500.webp 1024w, https:\/\/fmp-components.com\/wp-content\/uploads\/2025\/01\/Silage-Machine-Gearbox-EP-QZ-WRXL-for-German-Champion-Four-Disc-Type-3500-980x581.webp 980w, https:\/\/fmp-components.com\/wp-content\/uploads\/2025\/01\/Silage-Machine-Gearbox-EP-QZ-WRXL-for-German-Champion-Four-Disc-Type-3500-480x285.webp 480w\" sizes=\"(min-width: 0px) and (max-width: 480px) 480px, (min-width: 481px) and (max-width: 980px) 980px, (min-width: 981px) 1024px, 100vw\" \/><\/p>\n<h2>Pou\u017eitie prevodovky sil\u00e1\u017eneho stroja FMP-QZ-WRXR pre nemeck\u00fd Champion so \u0161tyrmi kot\u00fa\u010dmi (typ 3500)<\/h2>\n<p>Prevodovka FMP-QZ-WRXR pre nemeck\u00fd \u0161tvorkot\u00fa\u010dov\u00fd \u017eac\u00ed stroj Champion (typ 3500) je vysoko v\u00fdkonn\u00fd, prec\u00edzne vyroben\u00fd komponent navrhnut\u00fd \u0161peci\u00e1lne pre po\u013enohospod\u00e1rske stroje pou\u017e\u00edvan\u00e9 pri zbere sil\u00e1\u017ee a spracovan\u00ed krmov\u00edn. Ni\u017e\u0161ie s\u00fa uveden\u00e9 k\u013e\u00fa\u010dov\u00e9 aplik\u00e1cie tejto prevodovky:<\/p>\n<h3>1. Zber a spracovanie sil\u00e1\u017ee<\/h3>\n<ul>\n<li>Prim\u00e1rne pou\u017eitie: Prevodovka FMP-QZ-WRXR sa pou\u017e\u00edva predov\u0161etk\u00fdm v sil\u00e1\u017enych strojoch, kde poh\u00e1\u0148a rezn\u00e9 disky na sekanie a spracovanie krmov\u00edn. V\u010faka efekt\u00edvnemu prenosu v\u00fdkonu z v\u00fdvodov\u00e9ho hriade\u013ea na rezn\u00e9 disky umo\u017e\u0148uje prevodovka stroju zbera\u0165 r\u00f4zne krmoviny, ako je kukurica, tr\u00e1va, lucerna a cirok, na jemne nasekan\u00fd materi\u00e1l vhodn\u00fd na skladovanie v sil\u00e1\u017ei.<\/li>\n<li>Typy plod\u00edn: Prevodovka podporuje zber plod\u00edn s vysokou vlhkos\u0165ou (ako je kukurica) aj such\u0161\u00edch plod\u00edn (ako s\u00fa tr\u00e1vy a strukoviny), \u010d\u00edm zabezpe\u010duje optim\u00e1lny v\u00fdkon pri r\u00f4znych typoch plod\u00edn.<\/li>\n<\/ul>\n<h3>2. Kosenie a sekanie krmov\u00edn<\/h3>\n<ul>\n<li>Prevodovka poh\u00e1\u0148a rezn\u00e9 disky, ktor\u00e9 re\u017e\u00fa a drvia zozbieran\u00fa krmovinu. Presn\u00e1 kon\u0161trukcia FMP-QZ-WRXR zais\u0165uje, \u017ee disky pracuj\u00fa s optim\u00e1lnou r\u00fdchlos\u0165ou a kr\u00fatiacim momentom, \u010d\u00edm sa zabezpe\u010duje rovnomern\u00e1 d\u013a\u017eka rezu, ktor\u00e1 je k\u013e\u00fa\u010dov\u00e1 pre spr\u00e1vnu ferment\u00e1ciu po\u010das skladovania sil\u00e1\u017ee.<\/li>\n<li>Rovnomern\u00e9 rezanie: Zais\u0165uje konzistentn\u00e9 rezanie plodiny, \u010d\u00edm sa zlep\u0161uje proces ferment\u00e1cie a kvalita krmiva, \u010do je nevyhnutn\u00e9 pre v\u00fd\u017eivu hospod\u00e1rskych zvierat.<\/li>\n<\/ul>\n<h3>3. Produkcia sen\u00e1\u017eu a krmov\u00edn s vysokou vlhkos\u0165ou<\/h3>\n<ul>\n<li>Podobne ako pri zbere sil\u00e1\u017ee, aj prevodovka FMP-QZ-WRXR sa d\u00e1 pou\u017ei\u0165 pri produkcii sen\u00e1\u017ee, kde poh\u00e1\u0148a stroje, ktor\u00e9 re\u017e\u00fa a spracov\u00e1vaj\u00fa mokr\u00e9 krmivo na skladovanie. Schopnos\u0165 prevodovky zvl\u00e1da\u0165 aplik\u00e1cie s vysok\u00fdm kr\u00fatiacim momentom je v t\u00fdchto podmienkach k\u013e\u00fa\u010dov\u00e1 pre udr\u017eanie konzistentn\u00e9ho v\u00fdkonu pri spracovan\u00ed vlhkej\u0161\u00edch a hustej\u0161\u00edch materi\u00e1lov.<\/li>\n<li>Udr\u017eiavanie vlhkosti: Prevodovka umo\u017e\u0148uje strojom efekt\u00edvnu prev\u00e1dzku bez straty vlhkosti, \u010do je nevyhnutn\u00e9 pre produkciu vysokokvalitnej sen\u00e1\u017ee.<\/li>\n<\/ul>\n<h3>4. Sil\u00e1\u017e z tr\u00e1vy a strukov\u00edn<\/h3>\n<ul>\n<li>Prevodovka je vysoko \u00fa\u010dinn\u00e1 pri spracovan\u00ed tr\u00e1vnej sil\u00e1\u017ee (ako je ra\u017e, timotejka a \u010fatelina) a strukovinovej sil\u00e1\u017ee, ktor\u00e9 s\u00fa z\u00e1kladn\u00fdm krmivom pre dojnice a hov\u00e4dz\u00ed dobytok. Jej schopnos\u0165 spracova\u0165 \u0161irok\u00fa \u0161k\u00e1lu plod\u00edn a zabezpe\u010di\u0165 konzistentn\u00e9 rezanie je nevyhnutn\u00e1 pre produkciu vysokokvalitnej sil\u00e1\u017ee so zv\u00fd\u0161enou nutri\u010dnou hodnotou pre hospod\u00e1rske zvierat\u00e1.<\/li>\n<li>Optimaliz\u00e1cia kvality krmiva: Umo\u017enen\u00edm presn\u00e9ho sekania sa zabezpe\u010duje spr\u00e1vna pr\u00edprava sil\u00e1\u017ee na ferment\u00e1ciu, \u010d\u00edm sa zvy\u0161uje jej str\u00e1vite\u013enos\u0165 a nutri\u010dn\u00e1 hodnota.<\/li>\n<\/ul>\n<h3>5. Komer\u010dn\u00e9 po\u013enohospod\u00e1rstvo vo ve\u013ekom objeme<\/h3>\n<ul>\n<li>Prevodovka FMP-QZ-WRXR je ide\u00e1lna pre rozsiahly zber sil\u00e1\u017ee na komer\u010dn\u00fdch farm\u00e1ch. Dok\u00e1\u017ee zvl\u00e1dnu\u0165 ve\u013ek\u00e9 objemy krmov\u00edn, v\u010faka \u010domu je nevyhnutnou s\u00fa\u010das\u0165ou prev\u00e1dzky ve\u013ek\u00fdch samohybn\u00fdch zbera\u010dov alebo \u0165ahan\u00fdch reza\u010diek sil\u00e1\u017ee. Robustn\u00e1 kon\u0161trukcia prevodovky zais\u0165uje spo\u013eahlivos\u0165 pri nepretr\u017eitej a n\u00e1ro\u010dnej prev\u00e1dzke, ktor\u00e1 je typick\u00e1 pre ve\u013ek\u00e9 po\u013enohospod\u00e1rske podniky.<\/li>\n<li>Odolnos\u0165 v n\u00e1ro\u010dn\u00fdch prev\u00e1dzkach: Schopnos\u0165 prevodovky pren\u00e1\u0161a\u0165 vysok\u00fd kr\u00fatiaci moment bez zn\u00ed\u017eenia v\u00fdkonu ju rob\u00ed ide\u00e1lnou pre n\u00e1ro\u010dn\u00e9 po\u013enohospod\u00e1rske prev\u00e1dzky, \u010d\u00edm zvy\u0161uje efektivitu a skracuje prestoje.<\/li>\n<\/ul>\n<p>Prevodovka FMP-QZ-WRXR je v podstate robustn\u00fd, v\u0161estrann\u00fd a vysoko \u00fa\u010dinn\u00fd komponent pre po\u013enohospod\u00e1rske stroje, \u0161peci\u00e1lne navrhnut\u00fd na optimaliz\u00e1ciu zberu a spracovania sil\u00e1\u017ee. Zais\u0165uje plynul\u00fa prev\u00e1dzku v n\u00e1ro\u010dn\u00fdch podmienkach, zlep\u0161uje kvalitu krmiva a podporuje rozsiahle po\u013enohospod\u00e1rske prev\u00e1dzky.<\/p>\n<p><img loading=\"lazy\" decoding=\"async\" class=\"alignnone size-full wp-image-2972\" src=\"https:\/\/fmp-components.com\/wp-content\/uploads\/2025\/01\/Silage-Machine-Gearbox-for-German-Champion-Four-Disc-Type-3500-Working-Principle-scaled.webp\" alt=\"Prevodovka sil\u00e1\u017eneho stroja pre nemeck\u00fd \u0161ampi\u00f3n so \u0161tyrmi diskami typu 3500 - princ\u00edp pr\u00e1ce\" width=\"2560\" height=\"1212\" title=\"\" srcset=\"https:\/\/fmp-components.com\/wp-content\/uploads\/2025\/01\/Silage-Machine-Gearbox-for-German-Champion-Four-Disc-Type-3500-Working-Principle-scaled.webp 2560w, https:\/\/fmp-components.com\/wp-content\/uploads\/2025\/01\/Silage-Machine-Gearbox-for-German-Champion-Four-Disc-Type-3500-Working-Principle-1280x606.webp 1280w, https:\/\/fmp-components.com\/wp-content\/uploads\/2025\/01\/Silage-Machine-Gearbox-for-German-Champion-Four-Disc-Type-3500-Working-Principle-980x464.webp 980w, https:\/\/fmp-components.com\/wp-content\/uploads\/2025\/01\/Silage-Machine-Gearbox-for-German-Champion-Four-Disc-Type-3500-Working-Principle-480x227.webp 480w\" sizes=\"(min-width: 0px) and (max-width: 480px) 480px, (min-width: 481px) and (max-width: 980px) 980px, (min-width: 981px) and (max-width: 1280px) 1280px, (min-width: 1281px) 2560px, 100vw\" \/><\/p>\n<h2>O FMP<\/h2>\n<p>Spolo\u010dnos\u0165 FMP so s\u00eddlom v Taliansku je popredn\u00fdm v\u00fdrobcom uzn\u00e1van\u00fdm pre svoje odborn\u00e9 znalosti v oblasti n\u00e1vrhu, v\u00fdvoja a v\u00fdroby vysokov\u00fdkonn\u00fdch prevodoviek so zameran\u00edm na po\u013enohospod\u00e1rsky priemysel. Spolo\u010dnos\u0165 FMP, zn\u00e1ma svojou presnou technikou, inovat\u00edvnymi rie\u0161eniami a neochvejnou spo\u013eahlivos\u0165ou, si z\u00edskala reput\u00e1ciu d\u00f4veryhodn\u00e9ho partnera pre po\u013enohospod\u00e1rsky aj priemyseln\u00fd sektor. N\u00e1\u0161 rozsiahly sortiment zah\u0155\u0148a prevodovky na mieru pre kosa\u010dky na tr\u00e1vu, v\u00fdvodov\u00e9 hriadele a \u010fal\u0161ie d\u00f4le\u017eit\u00e9 komponenty, ktor\u00e9 s\u00fa navrhnut\u00e9 tak, aby sp\u013a\u0148ali rozmanit\u00e9 potreby \u0161irok\u00e9ho spektra aplik\u00e1ci\u00ed.<\/p>\n<p>V spolo\u010dnosti FMP ch\u00e1peme, \u017ee ka\u017ed\u00fd klient m\u00e1 jedine\u010dn\u00e9 v\u00fdzvy a po\u017eiadavky. Preto sa \u0161pecializujeme na poskytovanie rie\u0161en\u00ed na mieru, \u010di u\u017e ide o jednotliv\u00e9 komponenty alebo plne integrovan\u00e9 syst\u00e9my. \u00dazkou spolupr\u00e1cou s na\u0161imi z\u00e1kazn\u00edkmi zabezpe\u010dujeme, aby ka\u017ed\u00e9 rie\u0161enie nielen sp\u013a\u0148alo ich \u0161pecifick\u00e9 potreby, ale tie\u017e zvy\u0161ovalo v\u00fdkon a hodnotu. N\u00e1\u0161 z\u00e1v\u00e4zok k r\u00fdchlym a profesion\u00e1lnym reakci\u00e1m spolu s odborn\u00fdm poradenstvom zaru\u010duje, \u017ee ka\u017ed\u00e1 ot\u00e1zka bude rie\u0161en\u00e1 s maxim\u00e1lnou starostlivos\u0165ou a presnos\u0165ou, pri\u010dom v\u017edy dosiahneme optim\u00e1lne v\u00fdsledky.<\/p>\n<p>Uprednost\u0148ujeme transparentn\u00fa a nepretr\u017eit\u00fa komunik\u00e1ciu po\u010das cel\u00e9ho cyklu v\u00fdvoja produktu. N\u00e1\u0161 \u0161pecializovan\u00fd t\u00edm spolupracuje priamo s klientmi, aby plne pochopil ich \u0161pecifick\u00e9 potreby a pon\u00fakal im preh\u013eadn\u00e9 odpor\u00fa\u010dania na zabezpe\u010denie \u010do najlep\u0161\u00edch v\u00fdsledkov. \u010ci u\u017e navrhujeme inovat\u00edvne produkty alebo pln\u00edme prebiehaj\u00face objedn\u00e1vky, spolo\u010dnos\u0165 FMP sa zav\u00e4zuje dod\u00e1va\u0165 vysokokvalitn\u00e9, prec\u00edzne navrhnut\u00e9 rie\u0161enia v\u010das a v\u017edy. Na\u0161\u00edm cie\u013eom je neust\u00e1le prekon\u00e1va\u0165 o\u010dak\u00e1vania klientov a poskytova\u0165 v\u00fdnimo\u010dn\u00e9 slu\u017eby a v\u00fdsledky v ka\u017edom projekte.<\/p>\n<p>Kvalita je z\u00e1kladom fungovania spolo\u010dnosti FMP. Dodr\u017eiavame najvy\u0161\u0161ie v\u00fdrobn\u00e9 \u0161tandardy a implementujeme pr\u00edsne opatrenia na kontrolu kvality, aby sme zabezpe\u010dili, \u017ee ka\u017ed\u00fd produkt nielen sp\u013a\u0148a, ale aj prekon\u00e1va priemyseln\u00e9 \u0161tandardy. Toto odhodlanie k dokonalosti v kombin\u00e1cii s na\u0161imi z\u00e1kladn\u00fdmi hodnotami, ako s\u00fa integrita, t\u00edmov\u00e1 pr\u00e1ca a vytrvalos\u0165, n\u00e1m umo\u017enilo vybudova\u0165 si trval\u00e9 vz\u0165ahy zalo\u017een\u00e9 na d\u00f4vere s klientmi v takmer 30 krajin\u00e1ch sveta.<\/p>\n<p>Spolo\u010dnos\u0165 FMP sa v\u017edy sna\u017e\u00ed budova\u0165 glob\u00e1lne partnerstv\u00e1 a je odhodlan\u00e1 pon\u00faka\u0165 odborn\u00e9 poradenstvo a rie\u0161enia na mieru, ktor\u00e9 sp\u013a\u0148aj\u00fa meniace sa potreby na\u0161ich klientov. Ideme nad r\u00e1mec samotn\u00e9ho dod\u00e1vania produktov \u2013 sna\u017e\u00edme sa budova\u0165 trval\u00e9 vz\u0165ahy, ktor\u00e9 prispievaj\u00fa k \u00faspechu ka\u017ed\u00e9ho projektu. \u010ci u\u017e potrebujete inovat\u00edvne rie\u0161enia pre nov\u00fd podnik alebo priebe\u017en\u00fa podporu pre existuj\u00faci syst\u00e9m, spolo\u010dnos\u0165 FMP je pripraven\u00e1 splni\u0165 va\u0161e technick\u00e9 v\u00fdzvy a zabezpe\u010di\u0165 v\u00e1\u0161 trval\u00fd \u00faspech.<\/p>\n<p><img loading=\"lazy\" decoding=\"async\" class=\"alignnone wp-image-2695\" src=\"https:\/\/fmp-components.com\/wp-content\/uploads\/2025\/01\/agricultural-gearbox3.webp\" alt=\"po\u013enohospod\u00e1rska prevodovka\" width=\"953\" height=\"951\" title=\"\" srcset=\"https:\/\/fmp-components.com\/wp-content\/uploads\/2025\/01\/agricultural-gearbox3.webp 953w, https:\/\/fmp-components.com\/wp-content\/uploads\/2025\/01\/agricultural-gearbox3-480x479.webp 480w\" sizes=\"(min-width: 0px) and (max-width: 480px) 480px, (min-width: 481px) 953px, 100vw\" \/><\/p>\n<p>Autor: CX<\/p>","protected":false},"excerpt":{"rendered":"<p>Silage Machine Gearbox FMP-QZ-WRXR Dimensions Silage Machine Gearbox FMP-QZ-WRXR Technical Data Name Suitable Turn header series Toothing Feeding box silage machines dextrorotation 3 series Gleason Helical Teeth Remark: If you have any special require feel free let me know, we also accept custom. Features of Silage Machine Gearbox EP-QZ-WRXR for German Champion Four Disc (Type [&hellip;]<\/p>","protected":false},"featured_media":3037,"comment_status":"open","ping_status":"closed","template":"","meta":{"_et_pb_use_builder":"","_et_pb_old_content":"","_et_gb_content_width":""},"product_brand":[],"product_cat":[69],"product_tag":[],"class_list":{"0":"post-3036","1":"product","2":"type-product","3":"status-publish","4":"has-post-thumbnail","6":"product_cat-silage-machine-gearbox","8":"first","9":"instock","10":"shipping-taxable","11":"product-type-simple"},"_links":{"self":[{"href":"https:\/\/fmp-components.com\/sk\/wp-json\/wp\/v2\/product\/3036","targetHints":{"allow":["GET"]}}],"collection":[{"href":"https:\/\/fmp-components.com\/sk\/wp-json\/wp\/v2\/product"}],"about":[{"href":"https:\/\/fmp-components.com\/sk\/wp-json\/wp\/v2\/types\/product"}],"replies":[{"embeddable":true,"href":"https:\/\/fmp-components.com\/sk\/wp-json\/wp\/v2\/comments?post=3036"}],"wp:featuredmedia":[{"embeddable":true,"href":"https:\/\/fmp-components.com\/sk\/wp-json\/wp\/v2\/media\/3037"}],"wp:attachment":[{"href":"https:\/\/fmp-components.com\/sk\/wp-json\/wp\/v2\/media?parent=3036"}],"wp:term":[{"taxonomy":"product_brand","embeddable":true,"href":"https:\/\/fmp-components.com\/sk\/wp-json\/wp\/v2\/product_brand?post=3036"},{"taxonomy":"product_cat","embeddable":true,"href":"https:\/\/fmp-components.com\/sk\/wp-json\/wp\/v2\/product_cat?post=3036"},{"taxonomy":"product_tag","embeddable":true,"href":"https:\/\/fmp-components.com\/sk\/wp-json\/wp\/v2\/product_tag?post=3036"}],"curies":[{"name":"pracovn\u00fd list","href":"https:\/\/api.w.org\/{rel}","templated":true}]}}