{"id":2967,"date":"2025-01-04T05:29:29","date_gmt":"2025-01-04T05:29:29","guid":{"rendered":"https:\/\/fmp-components.com\/product\/ningbo-bridge-integrated-type-steering-cylinder\/"},"modified":"2025-01-04T05:38:17","modified_gmt":"2025-01-04T05:38:17","slug":"ningbo-bridge-integrated-type-steering-cylinder","status":"publish","type":"product","link":"https:\/\/fmp-components.com\/sk\/product\/ningbo-bridge-integrated-type-steering-cylinder\/","title":{"rendered":"Integrovan\u00fd riadiaci valec typu Ningbo Bridge"},"content":{"rendered":"<p style=\"text-align: center;\"><span style=\"font-size: 18pt;\">Integrovan\u00fd riadiaci valec typu Ningbo Bridge<\/span><\/p>\n<p><img loading=\"lazy\" decoding=\"async\" class=\"aligncenter wp-image-1012839\" src=\"https:\/\/images.hzpt.com\/2024\/11\/steering-cylinder-integral-1.webp\" alt=\"\" width=\"400\" height=\"400\" title=\"\"><\/p>\n<p>Integrovan\u00fd riadiaci valec typu Ningbo Bridge je z\u00e1kladnou s\u00fa\u010das\u0165ou syst\u00e9mov riadenia v \u0165a\u017ek\u00fdch strojoch a vozidl\u00e1ch, najm\u00e4 pri stavbe mostov. Tento hydraulick\u00fd pohon v\u00fdrazne zvy\u0161uje man\u00e9vrovate\u013enos\u0165 a presnos\u0165, v\u010faka \u010domu je nevyhnutnos\u0165ou pre oper\u00e1torov, ktor\u00ed h\u013eadaj\u00fa spo\u013eahlivos\u0165 a efekt\u00edvnos\u0165.<\/p>\n<p>Valec sa vyzna\u010duje robustnou kon\u0161trukciou a v\u00fdnimo\u010dn\u00fdm v\u00fdkonom v n\u00e1ro\u010dn\u00fdch aplik\u00e1ci\u00e1ch, \u010d\u00edm sa odli\u0161uje od ostatn\u00fdch hydraulick\u00fdch pohonov. Jeho integrovan\u00e1 kon\u0161trukcia poskytuje bezkonkuren\u010dn\u00fa odolnos\u0165 a presnos\u0165, v\u010faka \u010domu sa st\u00e1va k\u013e\u00fa\u010dov\u00fdm prvkom v stavebn\u00edctve a stroj\u00e1rstve.<\/p>\n<p>Dodr\u017eiavan\u00edm osved\u010den\u00fdch postupov pri pou\u017e\u00edvan\u00ed a \u00fadr\u017ebe m\u00f4\u017eu oper\u00e1tori naplno vyu\u017ei\u0165 potenci\u00e1l tohto hydraulick\u00e9ho pohonu, \u010d\u00edm zabezpe\u010dia optim\u00e1lny v\u00fdkon a dlh\u00fa \u017eivotnos\u0165. Invest\u00edcia do integrovan\u00e9ho valca riadenia Ningbo Bridge znamen\u00e1 zv\u00fd\u0161enie efekt\u00edvnosti a dosiahnutie vynikaj\u00faceho ovl\u00e1dania riadenia vo va\u0161ich prev\u00e1dzkach. Modernizujte svoje stroje e\u0161te dnes a za\u017eite rozdiel!<\/p>\n<h3>Parameter integrovan\u00e9ho valca riadenia typu mosta Ningbo:<\/h3>\n<p><strong>Priemer valca:<\/strong> 50 mm<\/p>\n<p><strong>Priemer ty\u010de:<\/strong> 25 mm<\/p>\n<p><strong>Cestovanie:<\/strong> 130 mm<\/p>\n<p><strong>In\u0161tala\u010dn\u00e1 vzdialenos\u0165:<\/strong> 487 mm<\/p>\n<h2>K\u013e\u00fa\u010dov\u00e9 vlastnosti integrovan\u00e9ho valca riadenia typu Ningbo Bridge:<\/h2>\n<h3>Integrovan\u00fd dizajn<\/h3>\n<p>Integrovan\u00fd dizajn riadiaceho valca Ningbo Bridge kombinuje viacero komponentov do jednej efekt\u00edvnej jednotky. T\u00e1to inov\u00e1cia zjednodu\u0161uje in\u0161tal\u00e1ciu a minimalizuje potenci\u00e1l mechanick\u00fdch por\u00fach. Menej dielov znamen\u00e1 men\u0161iu zlo\u017eitos\u0165, \u010do vedie k:<\/p>\n<p>\u2013 Zjednodu\u0161en\u00e1 \u00fadr\u017eba: V\u010faka men\u0161iemu po\u010dtu komponentov, ktor\u00e9 je potrebn\u00e9 kontrolova\u0165 a vymie\u0148a\u0165, sa \u00fadr\u017eba st\u00e1va r\u00fdchlej\u0161ou a n\u00e1kladovo efekt\u00edvnej\u0161ou.<br \/>\n\u2013 Zv\u00fd\u0161en\u00e1 spo\u013eahlivos\u0165: Zjednoten\u00fd syst\u00e9m zni\u017euje pravdepodobnos\u0165 probl\u00e9mov vypl\u00fdvaj\u00facich z uvo\u013enen\u00fdch spojov alebo nespr\u00e1vne zarovnan\u00fdch \u010dast\u00ed.<\/p>\n<h3>V\u00fdnimo\u010dn\u00e1 odolnos\u0165<\/h3>\n<p>Riadiaci valec mosta Ningbo, vyroben\u00fd tak, aby zvl\u00e1dal tie najn\u00e1ro\u010dnej\u0161ie podmienky, vykazuje pozoruhodn\u00fa odolnos\u0165. Medzi k\u013e\u00fa\u010dov\u00e9 aspekty patria:<\/p>\n<p>\u2013 Odoln\u00fd vo\u010di extr\u00e9mnym tlakom: Tento valec je navrhnut\u00fd tak, aby fungoval pod vysok\u00fdm hydraulick\u00fdm tlakom, \u010do zais\u0165uje, \u017ee zvl\u00e1dne n\u00e1ro\u010dn\u00e9 aplik\u00e1cie bez kompromisov v oblasti v\u00fdkonu.<br \/>\n\u2013 Odolnos\u0165 vo\u010di prostrediu: \u010ci u\u017e je valec vystaven\u00fd nepriazniv\u00e9mu po\u010dasiu, prachu alebo vlhkosti, zachov\u00e1va si svoju integritu, v\u010faka \u010domu je vhodn\u00fd do vonkaj\u0161ieho a n\u00e1ro\u010dn\u00e9ho prostredia.<\/p>\n<h3>Presn\u00e9 ovl\u00e1danie<\/h3>\n<p>Presnos\u0165 je v aplik\u00e1ci\u00e1ch riadenia k\u013e\u00fa\u010dov\u00e1 a tento valec vynik\u00e1 v poskytovan\u00ed:<\/p>\n<p>\u2013 R\u00fdchla odozva: Obsluha m\u00f4\u017ee o\u010dak\u00e1va\u0165 r\u00fdchle a presn\u00e9 reakcie riadenia, ktor\u00e9 s\u00fa nevyhnutn\u00e9 pre navig\u00e1ciu na zlo\u017eit\u00fdch pracovisk\u00e1ch.<br \/>\n\u2013 Zlep\u0161en\u00e1 ovl\u00e1date\u013enos\u0165: Kon\u0161trukcia valca umo\u017e\u0148uje jemn\u00e9 ovl\u00e1danie, \u010do u\u013eah\u010duje vykon\u00e1vanie ostr\u00fdch z\u00e1krut a prekon\u00e1vanie prek\u00e1\u017eok.<\/p>\n<h3>Kompaktn\u00e1 ve\u013ekos\u0165<\/h3>\n<p>Kompaktn\u00e1 kon\u0161trukcia riadiaceho valca mosta Ningbo je v\u00fdznamnou v\u00fdhodou v modern\u00fdch strojoch:<\/p>\n<p>\u2013 Priestorovo \u00fasporn\u00e9 rie\u0161enie: Tento valec je ide\u00e1lny pre aplik\u00e1cie s obmedzen\u00fdm priestorom a bez probl\u00e9mov sa zmest\u00ed do \u00fazkych konfigur\u00e1ci\u00ed bez toho, aby sa obetoval v\u00fdkon.<br \/>\n\u2013 V\u0161estrann\u00e9 pou\u017eitie: V\u010faka prisp\u00f4sobivej ve\u013ekosti je vhodn\u00fd pre r\u00f4zne stroje, od stavebn\u00fdch zariaden\u00ed a\u017e po \u0161pecializovan\u00e9 vozidl\u00e1, \u010d\u00edm sa zvy\u0161uje celkov\u00e1 prev\u00e1dzkov\u00e1 flexibilita.<\/p>\n<h2>Pou\u017eitie integrovan\u00e9ho valca riadenia typu Ningbo Bridge:<\/h2>\n<p><img loading=\"lazy\" decoding=\"async\" class=\"alignnone wp-image-1012840 size-full\" src=\"https:\/\/images.hzpt.com\/2024\/11\/steering-cylinder-integral-application.webp\" alt=\"\" width=\"1072\" height=\"603\" title=\"\"><\/p>\n<h2>Met\u00f3da pou\u017eitia integrovan\u00e9ho valca riadenia typu Ningbo Bridge:<\/h2>\n<p>Pou\u017e\u00edvanie integrovan\u00e9ho riadiaceho valca Ningbo Bridge je jednoduch\u00e9, \u010do u\u013eah\u010duje obsluhe jeho integr\u00e1ciu do svojich strojov:<\/p>\n<ol>\n<li>In\u0161tal\u00e1cia:\n<ul>\n<li>Upevnite valec v ur\u010denom mont\u00e1\u017enom priestore vozidla alebo stroja.<\/li>\n<li>Pripojte hydraulick\u00e9 potrubia, aby ste zabezpe\u010dili spr\u00e1vny tok hydraulickej kvapaliny.<\/li>\n<\/ul>\n<\/li>\n<li>Prev\u00e1dzka:\n<ul>\n<li>Aktivujte hydraulick\u00fd syst\u00e9m na vysunutie alebo zasunutie valca pod\u013ea potreby.<\/li>\n<li>Sledujte odozvu riadenia a upravte hydraulick\u00fd tlak pre optim\u00e1lny v\u00fdkon.<\/li>\n<\/ul>\n<\/li>\n<li>\u00daprava:\n<ul>\n<li>Jemne dola\u010fte nastavenia tak, aby zodpovedali \u0161pecifick\u00fdm prev\u00e1dzkov\u00fdm po\u017eiadavk\u00e1m, a zabezpe\u010dte tak hladk\u00fd chod mechanizmu riadenia.<\/li>\n<\/ul>\n<\/li>\n<\/ol>\n<h2>Ak\u00fa \u00falohu hr\u00e1 presn\u00e9 riadenie pri prev\u00e1dzke valca riadenia?<\/h2>\n<p>Presn\u00e9 riadenie zohr\u00e1va k\u013e\u00fa\u010dov\u00fa \u00falohu v prev\u00e1dzke valca riadenia, \u010do ovplyv\u0148uje v\u00fdkon a bezpe\u010dnos\u0165 strojov, v ktor\u00fdch sa pou\u017e\u00edva. Tu s\u00fa niektor\u00e9 k\u013e\u00fa\u010dov\u00e9 aspekty jeho d\u00f4le\u017eitosti:<\/p>\n<h3>1. Presn\u00e1 navig\u00e1cia<\/h3>\n<ul>\n<li>Citliv\u00e9 riadenie: Presn\u00e9 ovl\u00e1danie umo\u017e\u0148uje okam\u017eit\u00e9 a presn\u00e9 nastavenie riadenia, \u010do obsluhe umo\u017e\u0148uje efekt\u00edvne sa orientova\u0165 na zlo\u017eit\u00fdch pracovisk\u00e1ch a v \u00fazkych priestoroch.<\/li>\n<li>Zlep\u0161en\u00e1 man\u00e9vrovate\u013enos\u0165: Obsluha m\u00f4\u017ee vykon\u00e1va\u0165 ostr\u00e9 z\u00e1kruty a s istotou r\u00fdchlo meni\u0165 smer, \u010do je nevyhnutn\u00e9 v stavebn\u00edctve a pri pr\u00e1ci s \u0165a\u017ek\u00fdmi strojmi.<\/li>\n<\/ul>\n<h3>2. Zlep\u0161en\u00e1 bezpe\u010dnos\u0165<\/h3>\n<ul>\n<li>Zn\u00ed\u017een\u00e9 riziko neh\u00f4d: V\u010faka presn\u00e9mu ovl\u00e1daniu sa minimalizuje pravdepodobnos\u0165 nespr\u00e1vneho riadenia, \u010do pom\u00e1ha predch\u00e1dza\u0165 nehod\u00e1m a zvy\u0161uje celkov\u00fa bezpe\u010dnos\u0165 obsluhy a okolit\u00e9ho person\u00e1lu.<\/li>\n<li>Kontrolovan\u00fd pohyb: Schopnos\u0165 kontrolova\u0165 reakciu riadenia zni\u017euje pravdepodobnos\u0165 n\u00e1hlych alebo nepravideln\u00fdch pohybov, \u010do je kritick\u00e9 v prostred\u00ed s vysok\u00fdmi st\u00e1vkami.<\/li>\n<\/ul>\n<h3>3. Zv\u00fd\u0161en\u00e1 efektivita<\/h3>\n<ul>\n<li>Optim\u00e1lny v\u00fdkon: Presnos\u0165 pri pohyboch riadenia sa premieta do efekt\u00edvnej\u0161ej prev\u00e1dzky, \u010d\u00edm sa skracuje \u010das a \u00fasilie potrebn\u00e9 na dokon\u010denie \u00faloh.<\/li>\n<li>Ni\u017e\u0161ia \u00fanava obsluhy: Ke\u010f syst\u00e9my riadenia reaguj\u00fa presne, obsluha poci\u0165uje men\u0161iu n\u00e1mahu, \u010do vedie k lep\u0161iemu s\u00fastredeniu a produktivite po\u010das dlh\u0161ieho obdobia.<\/li>\n<\/ul>\n<h3>4. D\u00f4sledn\u00e1 kontrola<\/h3>\n<ul>\n<li>Predv\u00eddate\u013en\u00e9 ovl\u00e1danie: Presn\u00e9 ovl\u00e1danie zabezpe\u010duje predv\u00eddate\u013en\u00e9 spr\u00e1vanie valca riadenia, \u010do umo\u017e\u0148uje obsluhe lep\u0161ie pochopi\u0165 ovl\u00e1danie stroja.<\/li>\n<li>Prisp\u00f4sobivos\u0165: Umo\u017e\u0148uje stroju prisp\u00f4sobi\u0165 sa r\u00f4znym za\u0165a\u017eeniam a ter\u00e9nom bez toho, aby to ohrozilo ovl\u00e1date\u013enos\u0165, \u010do je nevyhnutn\u00e9 pre dynamick\u00e9 pracovn\u00e9 prostredie.<\/li>\n<\/ul>\n<h3>5. Vylep\u0161en\u00e9 monitorovanie v\u00fdkonu<\/h3>\n<ul>\n<li>Presnos\u0165 \u00fadajov: V modern\u00fdch strojoch vybaven\u00fdch senzormi prispieva presn\u00e1 kontrola k presn\u00fdm \u00fadajom na monitorovanie v\u00fdkonu a diagnostiku, \u010do u\u013eah\u010duje proakt\u00edvnu \u00fadr\u017ebu.<\/li>\n<\/ul>\n<h2>Pochopenie ceny valca riadenia:<\/h2>\n<p>Pri v\u00fdbere integrovan\u00e9ho valca riadenia Ningbo Bridge je nevyhnutn\u00e9 zhodnoti\u0165 jeho cenu z h\u013eadiska vlastnost\u00ed a v\u00fdhod. Tu s\u00fa d\u00f4vody, pre\u010do na\u0161e ceny vynikaj\u00fa:<\/p>\n<p>Kvalita sa stret\u00e1va s dostupnos\u0165ou: Pon\u00fakame integrovan\u00fd riadiaci valec Ningbo Bridge za cenu, ktor\u00e1 odr\u00e1\u017ea jeho vysok\u00fa kvalitu a v\u00fdkon. Z\u00edskate v\u00fdnimo\u010dn\u00fa hodnotu bez kompromisov v oblasti spo\u013eahlivosti.<br \/>\nN\u00e1kladovo efekt\u00edvna invest\u00edcia: Zatia\u013e \u010do niektor\u00ed sa m\u00f4\u017eu rozhodn\u00fa\u0165 pre lacnej\u0161ie alternat\u00edvy, invest\u00edcia do kvalitn\u00e9ho valca riadenia, ako je tento, v\u00e1m m\u00f4\u017ee z dlhodob\u00e9ho h\u013eadiska u\u0161etri\u0165 peniaze. Zn\u00ed\u017een\u00e9 n\u00e1klady na \u00fadr\u017ebu a zv\u00fd\u0161en\u00e1 \u017eivotnos\u0165 znamenaj\u00fa menej v\u00fdmen a opr\u00e1v.<br \/>\nKonkurencieschopnos\u0165 na trhu: Na\u0161e ceny zost\u00e1vaj\u00fa konkurencieschopn\u00e9, \u010do v\u00e1m umo\u017e\u0148uje n\u00e1js\u0165 si vysoko v\u00fdkonn\u00fd valec riadenia, ktor\u00fd vyhovuje v\u00e1\u0161mu rozpo\u010dtu. Odpor\u00fa\u010dame v\u00e1m porovna\u0165 na\u0161e ceny s cenami in\u00fdch, aby ste videli rozdiel.<br \/>\nZ\u00e1ruka a podpora: Na\u0161e ceny zah\u0155\u0148aj\u00fa robustn\u00fa z\u00e1ruku a z\u00e1kazn\u00edcku podporu, \u010d\u00edm zabezpe\u010dujeme ochranu va\u0161ej invest\u00edcie a pomoc, kedyko\u013evek ju budete potrebova\u0165.<\/p>\n<h2>Pou\u017eitie hydraulick\u00e9ho valca riadenia<\/h2>\n<p>Hydraulick\u00e9 valce riadenia s\u00fa z\u00e1kladn\u00fdmi s\u00fa\u010das\u0165ami syst\u00e9mov riadenia v r\u00f4znych typoch vozidiel. Tieto valce, zn\u00e1me aj ako ovl\u00e1da\u010de riadenia, pom\u00e1haj\u00fa premie\u0148a\u0165 energiu generovan\u00fa \u010derpadlom riadenia na line\u00e1rny pohyb, ktor\u00fd mo\u017eno pou\u017ei\u0165 na manipul\u00e1ciu so smerom kolies vozidla. Tu s\u00fa niektor\u00e9 z aplik\u00e1ci\u00ed hydraulick\u00fdch valcov riadenia:<\/p>\n<ol>\n<li>\u0164a\u017ek\u00e9 \u00fa\u017eitkov\u00e9 vozidl\u00e1:\n<p>Hydraulick\u00e9 valce riadenia sa be\u017ene pou\u017e\u00edvaj\u00fa v \u0165a\u017ek\u00fdch \u00fa\u017eitkov\u00fdch vozidl\u00e1ch, ako s\u00fa n\u00e1kladn\u00e9 aut\u00e1, autobusy a stavebn\u00e9 stroje. Tieto vozidl\u00e1 vy\u017eaduj\u00fa na riadenie ve\u013ek\u00fa silu a hydraulick\u00fd valec dok\u00e1\u017ee vygenerova\u0165 potrebn\u00fa silu na ot\u00e1\u010danie kolies, aj ke\u010f je vozidlo za\u0165a\u017een\u00e9. Hydraulick\u00fd syst\u00e9m tie\u017e umo\u017e\u0148uje jemnej\u0161ie ovl\u00e1danie mechanizmu riadenia, \u010do vodi\u010dom u\u013eah\u010duje ovl\u00e1danie ve\u013ek\u00fdch a nepraktick\u00fdch vozidiel.<\/li>\n<li>Ter\u00e9nne vozidl\u00e1:\n<p>Ter\u00e9nne vozidl\u00e1, ako s\u00fa \u0161tvorkolky, pieskov\u00e9 buginy a ter\u00e9nne motorky, tie\u017e vyu\u017e\u00edvaj\u00fa v\u00fdhody hydraulick\u00fdch valcov riadenia. Tieto vozidl\u00e1 \u010dasto jazdia v n\u00e1ro\u010dnom ter\u00e9ne, kde konven\u010dn\u00e9 mechanizmy riadenia nemusia by\u0165 \u00fa\u010dinn\u00e9. Hydraulick\u00e9 valce m\u00f4\u017eu poskytn\u00fa\u0165 potrebn\u00fd v\u00fdkon a presnos\u0165 na prech\u00e1dzanie prek\u00e1\u017ekami a udr\u017eanie kontroly nad vozidlom.<\/li>\n<li>N\u00e1morn\u00e9 a leteck\u00e9 aplik\u00e1cie:\n<p>Hydraulick\u00e9 valce riadenia sa neobmedzuj\u00fa len na pozemn\u00e9 vozidl\u00e1. Pou\u017e\u00edvaj\u00fa sa aj v n\u00e1morn\u00fdch aplik\u00e1ci\u00e1ch, ako s\u00fa \u010dlny a lode, ako aj v leteckej a kozmickej technol\u00f3gii, ako s\u00fa kozmick\u00e9 lode a lietadl\u00e1. V t\u00fdchto zariadeniach sa hydraulick\u00e9 valce pou\u017e\u00edvaj\u00fa na manipul\u00e1ciu so smerom kormidiel, plutiev a in\u00fdch riadiacich pl\u00f4ch, ktor\u00e9 pom\u00e1haj\u00fa riadi\u0165 plavidlo alebo lietadlo.<\/li>\n<li>Priemyseln\u00e9 zariadenia:\n<p>Hydraulick\u00e9 valce sa tie\u017e pou\u017e\u00edvaj\u00fa v r\u00f4znych priemyseln\u00fdch prostrediach na riadenie a in\u00e9 aplik\u00e1cie. M\u00f4\u017eu sa napr\u00edklad pou\u017ei\u0165 na riadenie \u017eeriavov, vysokozdvi\u017en\u00fdch voz\u00edkov alebo in\u00fdch \u0165a\u017ek\u00fdch strojov. V t\u00fdchto prostrediach m\u00f4\u017eu hydraulick\u00e9 valce poskytn\u00fa\u0165 potrebn\u00fd v\u00fdkon a presnos\u0165 na manipul\u00e1ciu s ve\u013ek\u00fdmi bremenami alebo na pr\u00e1cu v stiesnen\u00fdch priestoroch.<\/li>\n<li>Vlastn\u00e9 aplik\u00e1cie:\n<p>Okrem t\u00fdchto be\u017en\u00fdch aplik\u00e1ci\u00ed sa hydraulick\u00e9 valce riadenia m\u00f4\u017eu pou\u017e\u00edva\u0165 aj v r\u00f4znych z\u00e1kazkov\u00fdch nastaveniach. M\u00f4\u017eu sa napr\u00edklad pou\u017ei\u0165 v experiment\u00e1lnych vozidl\u00e1ch alebo prototypoch, ktor\u00e9 vy\u017eaduj\u00fa jedine\u010dn\u00fd mechanizmus riadenia. M\u00f4\u017eu sa tie\u017e pou\u017ei\u0165 v umeleck\u00fdch in\u0161tal\u00e1ci\u00e1ch alebo kinetick\u00fdch soch\u00e1ch, ktor\u00e9 vy\u017eaduj\u00fa presn\u00fd a kontrolovan\u00fd pohyb.<\/li>\n<\/ol>\n<p>Ako vid\u00edte, hydraulick\u00e9 valce riadenia maj\u00fa \u0161irok\u00e9 uplatnenie v r\u00f4znych odvetviach a prostrediach. \u010ci u\u017e sa pou\u017e\u00edvaj\u00fa v \u0165a\u017ek\u00fdch \u00fa\u017eitkov\u00fdch vozidl\u00e1ch, ter\u00e9nnych vozidl\u00e1ch, n\u00e1morn\u00fdch a leteck\u00fdch aplik\u00e1ci\u00e1ch, priemyseln\u00fdch zariadeniach alebo v z\u00e1kazkov\u00fdch aplik\u00e1ci\u00e1ch, tieto valce poskytuj\u00fa potrebn\u00fd v\u00fdkon, presnos\u0165 a kontrolu pre efekt\u00edvne riadenie.<\/p>\n<h2>O FMP<\/h2>\n<p>Spolo\u010dnos\u0165 FMP je popredn\u00fdm v\u00fdrobcom a distrib\u00fatorom vysokokvalitn\u00fdch hydraulick\u00fdch valcov, s\u00faprav valcov a komponentov pre stavebn\u00e9 stroje. V\u010faka dlhoro\u010dn\u00fdm sk\u00fasenostiam v tomto odvetv\u00ed a profesion\u00e1lnemu t\u00edmu sme odhodlan\u00ed poskytova\u0165 na\u0161im z\u00e1kazn\u00edkom spo\u013eahliv\u00e9 a efekt\u00edvne rie\u0161enia pre ich potreby v oblasti stavebn\u00fdch strojov.<\/p>\n<p>Tu je p\u00e4\u0165 d\u00f4vodov, pre\u010do by ste si mali vybra\u0165 FMP:<\/p>\n<ol>\n<li><strong>Vysokokvalitn\u00e9 hydraulick\u00e9 valce:<\/strong> Na v\u00fdrobu na\u0161ich hydraulick\u00fdch valcov pou\u017e\u00edvame presn\u00e9 in\u017einierstvo. N\u00e1\u0161 pevn\u00fd z\u00e1v\u00e4zok ku kvalite zaru\u010duje, \u017ee pou\u017e\u00edvame iba najkvalitnej\u0161ie suroviny a vykon\u00e1vame pr\u00edsne kontroly kvality hotov\u00fdch v\u00fdrobkov, aby sme zabezpe\u010dili, \u017ee sp\u013a\u0148aj\u00fa a prekra\u010duj\u00fa priemyseln\u00e9 \u0161tandardy.<\/li>\n<li><strong>Rozsiahly sortiment produktov:<\/strong> N\u00e1\u0161 sortiment zah\u0155\u0148a v\u0161etky typy stavebn\u00fdch strojov a pr\u00edslu\u0161enstva. Pon\u00fakame r\u00f4zne hydraulick\u00e9 valce, prevodovky, re\u0165aze, ozuben\u00e9 koles\u00e1, pr\u00edslu\u0161enstvo k motorom, komponenty hydraulick\u00fdch syst\u00e9mov, pr\u00edslu\u0161enstvo k podvozkom a pr\u00edslu\u0161enstvo k elektrick\u00fdm syst\u00e9mom.<\/li>\n<li><strong>Nadviazan\u00e9 partnerstv\u00e1:<\/strong> Vybudovali sme si dlhodob\u00e9 a stabiln\u00e9 partnerstv\u00e1 s mnoh\u00fdmi kvalitn\u00fdmi dom\u00e1cimi aj zahrani\u010dn\u00fdmi dod\u00e1vate\u013emi. To zaru\u010duje, \u017ee v\u0161etko dod\u00e1van\u00e9 pr\u00edslu\u0161enstvo sp\u013a\u0148a na\u0161e pr\u00edsne \u0161tandardy kvality.<\/li>\n<li><strong>Sk\u00fasen\u00fd obchodn\u00fd t\u00edm:<\/strong> N\u00e1\u0161 obchodn\u00fd t\u00edm m\u00e1 dlhoro\u010dn\u00e9 sk\u00fasenosti a znalosti v oblasti stavebn\u00fdch strojov. M\u00f4\u017ee v\u00e1m poskytn\u00fa\u0165 profesion\u00e1lne konzult\u00e1cie o produktoch a inteligentn\u00e9 rady oh\u013eadom n\u00e1kupu, ktor\u00e9 v\u00e1m pom\u00f4\u017eu robi\u0165 informovan\u00e9 rozhodnutia.<\/li>\n<li><strong>Efekt\u00edvny logistick\u00fd distribu\u010dn\u00fd syst\u00e9m:<\/strong> M\u00e1me efekt\u00edvny logistick\u00fd distribu\u010dn\u00fd syst\u00e9m, aby sme zabezpe\u010dili, \u017ee na\u0161i z\u00e1kazn\u00edci dostan\u00fa po\u017eadovan\u00e9 diely v\u010das a presne.<\/li>\n<\/ol>\n<p><img decoding=\"async\" src=\"https:\/\/fmp-components.com\/wp-content\/uploads\/2025\/01\/Dump-Truck-Trailer-Hydraulic-Cylinder-product-3-3.webp\" alt=\"Hydraulick\u00fd valec\" width=\"800\" title=\"\"><\/p>\n<p>V spolo\u010dnosti FMP sa zav\u00e4zujeme poskytova\u0165 na\u0161im z\u00e1kazn\u00edkom vysoko kvalitn\u00e9 a spo\u013eahliv\u00e9 pr\u00edslu\u0161enstvo pre stavebn\u00e9 stroje a kompletn\u00e9 stroj\u00e1rske rie\u0161enia. V\u010faka modern\u00e9mu v\u00fdrobn\u00e9mu z\u00e1zemiu, CNC obr\u00e1bac\u00edm strojom, po\u010d\u00edta\u010dom podporovan\u00e9mu navrhovaniu, kvalifikovan\u00fdm zamestnancom, odborn\u00edkom na hydraulick\u00e9 syst\u00e9my, mont\u00e1\u017enikom valcov a predajcom sme preferovan\u00fdm partnerom, ktor\u00fd uspokoj\u00ed va\u0161e potreby v oblasti hydraulick\u00fdch valcov, s\u00faprav valcov a komponentov.<\/p>\n<p>Autor: CX<\/p>","protected":false},"excerpt":{"rendered":"<p>Ningbo Bridge Integrated-Type Steering Cylinder The Ningbo Bridge Integrated-Type Steering Cylinder is an essential component for steering systems in heavy machinery and vehicles, especially in bridge construction. This hydraulic actuator significantly enhances maneuverability and precision, making it a must-have for operators seeking reliability and efficiency. The cylinder features a robust design and exceptional performance in [&hellip;]<\/p>","protected":false},"featured_media":2968,"comment_status":"closed","ping_status":"closed","template":"","meta":{"_et_pb_use_builder":"","_et_pb_old_content":"","_et_gb_content_width":""},"product_brand":[],"product_cat":[67],"product_tag":[34,70],"class_list":{"0":"post-2967","1":"product","2":"type-product","3":"status-publish","4":"has-post-thumbnail","6":"product_cat-steering-hydraulic-cylinder","7":"product_tag-hydraulic-cylinder","8":"product_tag-steering-hydraulic-cylinder","10":"first","11":"instock","12":"product-type-simple"},"_links":{"self":[{"href":"https:\/\/fmp-components.com\/sk\/wp-json\/wp\/v2\/product\/2967","targetHints":{"allow":["GET"]}}],"collection":[{"href":"https:\/\/fmp-components.com\/sk\/wp-json\/wp\/v2\/product"}],"about":[{"href":"https:\/\/fmp-components.com\/sk\/wp-json\/wp\/v2\/types\/product"}],"replies":[{"embeddable":true,"href":"https:\/\/fmp-components.com\/sk\/wp-json\/wp\/v2\/comments?post=2967"}],"wp:featuredmedia":[{"embeddable":true,"href":"https:\/\/fmp-components.com\/sk\/wp-json\/wp\/v2\/media\/2968"}],"wp:attachment":[{"href":"https:\/\/fmp-components.com\/sk\/wp-json\/wp\/v2\/media?parent=2967"}],"wp:term":[{"taxonomy":"product_brand","embeddable":true,"href":"https:\/\/fmp-components.com\/sk\/wp-json\/wp\/v2\/product_brand?post=2967"},{"taxonomy":"product_cat","embeddable":true,"href":"https:\/\/fmp-components.com\/sk\/wp-json\/wp\/v2\/product_cat?post=2967"},{"taxonomy":"product_tag","embeddable":true,"href":"https:\/\/fmp-components.com\/sk\/wp-json\/wp\/v2\/product_tag?post=2967"}],"curies":[{"name":"pracovn\u00fd list","href":"https:\/\/api.w.org\/{rel}","templated":true}]}}