{"id":2953,"date":"2025-01-04T05:28:08","date_gmt":"2025-01-04T05:28:08","guid":{"rendered":"https:\/\/fmp-components.com\/product\/25-5134221-steering-cylinder\/"},"modified":"2025-01-04T05:51:12","modified_gmt":"2025-01-04T05:51:12","slug":"25-5134221-steering-cylinder","status":"publish","type":"product","link":"https:\/\/fmp-components.com\/sk\/product\/25-5134221-steering-cylinder\/","title":{"rendered":"25\/5134221 Valec riadenia"},"content":{"rendered":"<p>Riadiaci valec QJ554 31 020-1 je vysoko kvalitn\u00fd produkt navrhnut\u00fd tak, aby poskytoval efekt\u00edvne a spo\u013eahliv\u00e9 ovl\u00e1danie riadenia. V\u010faka svojej odolnej kon\u0161trukcii a prec\u00edznemu spracovaniu tento riadiaci valec zais\u0165uje plynul\u00fd a presn\u00fd v\u00fdkon riadenia.<\/p>\n<p>K\u013e\u00fa\u010dov\u00e9 vlastnosti:<br \/>\n\u2013 Vysokokvalitn\u00e9 materi\u00e1ly: Riadiaci valec QJ554 31 020-1 je vyroben\u00fd z prvotriednych materi\u00e1lov, \u010do zaru\u010duje jeho dlh\u00fa \u017eivotnos\u0165 a odolnos\u0165.<br \/>\n\u2013 Efekt\u00edvne ovl\u00e1danie riadenia: Tento valec riadenia je navrhnut\u00fd tak, aby poskytoval presn\u00e9 a citliv\u00e9 riadenie, \u010do umo\u017e\u0148uje \u013eahk\u00fa man\u00e9vrovate\u013enos\u0165.<br \/>\n\u2013 Jednoduch\u00e1 in\u0161tal\u00e1cia: V\u010faka u\u017e\u00edvate\u013esky pr\u00edvetiv\u00e9mu dizajnu sa valec riadenia QJ554 31 020-1 d\u00e1 \u013eahko nain\u0161talova\u0165, \u010do v\u00e1m u\u0161etr\u00ed \u010das a n\u00e1mahu.<br \/>\n\u2013 V\u0161estrann\u00e9 pou\u017eitie: Tento valec riadenia je vhodn\u00fd pre r\u00f4zne aplik\u00e1cie, v\u010faka \u010domu je v\u0161estrannou vo\u013ebou pre r\u00f4zne odvetvia.<\/p>\n<p>\u010ci u\u017e p\u00f4sob\u00edte v automobilovom, n\u00e1mornom alebo priemyselnom sektore, valec riadenia QJ554 31 020-1 je vynikaj\u00facou vo\u013ebou pre v\u0161etky va\u0161e potreby riadenia. Jeho vynikaj\u00faci v\u00fdkon a spo\u013eahlivos\u0165 z neho robia vynikaj\u00faci produkt na trhu.<\/p>\n<p>Viac inform\u00e1ci\u00ed o valci riadenia QJ554 31 020-1 n\u00e1jdete na na\u0161ej webovej str\u00e1nke alebo kontaktujte n\u00e1\u0161 obchodn\u00fd t\u00edm. Radi v\u00e1m pom\u00f4\u017eu s ak\u00fdmiko\u013evek ot\u00e1zkami alebo po\u017eiadavkami, ktor\u00e9 by ste mohli ma\u0165.<\/p>\n<p><img loading=\"lazy\" decoding=\"async\" class=\"aligncenter wp-image-1005134\" src=\"https:\/\/images.hzpt.com\/2024\/11\/25-5134221-steering-cylinder-1.webp\" alt=\"\" width=\"400\" height=\"400\" title=\"\"><\/p>\n<p>Riadiaci valec 25\/5134221 je hydraulick\u00fd komponent, ktor\u00fd premie\u0148a hydraulick\u00fd tlak na mechanick\u00fa silu, \u010do umo\u017e\u0148uje plynul\u00e9 a presn\u00e9 riadenie. Jeho robustn\u00e1 kon\u0161trukcia mu umo\u017e\u0148uje odol\u00e1va\u0165 n\u00e1ro\u010dn\u00fdm podmienkam, v\u010faka \u010domu je ide\u00e1lny pre n\u00e1ro\u010dn\u00fd ter\u00e9n. Okrem zv\u00fd\u0161enia prev\u00e1dzkovej efektivity zvy\u0161uje aj bezpe\u010dnos\u0165 po\u010das pou\u017e\u00edvania.<\/p>\n<p>Ako k\u013e\u00fa\u010dov\u00e1 s\u00fa\u010das\u0165 hydraulick\u00fdch syst\u00e9mov riadenia sa model 25\/5134221 m\u00f4\u017ee pochv\u00e1li\u0165 odolnos\u0165ou, presnos\u0165ou a jednoduchou \u00fadr\u017ebou. Obozn\u00e1men\u00edm sa s jeho funkciami, sp\u00f4sobmi pou\u017e\u00edvania a potrebami \u00fadr\u017eby m\u00f4\u017eete zabezpe\u010di\u0165 optim\u00e1lny v\u00fdkon a pred\u013a\u017ei\u0165 jeho \u017eivotnos\u0165.<\/p>\n<p>Invest\u00edcia do valca riadenia 25\/5134221 v\u00fdrazne zlep\u0161uje funk\u010dnos\u0165 a bezpe\u010dnos\u0165 v\u00e1\u0161ho stroja, \u010do vedie k zv\u00fd\u0161eniu produktivity pri pr\u00e1ci. Objavte vplyv, ktor\u00fd m\u00f4\u017ee ma\u0165 tento vysoko kvalitn\u00fd valec riadenia na va\u0161u prev\u00e1dzku!<\/p>\n<h2>25\/5134221 Parameter valca riadenia:<\/h2>\n<p><strong>Priemer valca:<\/strong> 55 mm<\/p>\n<p><strong>Priemer ty\u010de:<\/strong> 25 mm<\/p>\n<p><strong>Cestovanie:<\/strong> 232 mm<\/p>\n<p><strong>In\u0161tala\u010dn\u00e1 vzdialenos\u0165:<\/strong> 385 mm<\/p>\n<h2>K\u013e\u00fa\u010dov\u00e9 vlastnosti valca riadenia 25\/5134221:<\/h2>\n<ul>\n<li><strong>Vysok\u00e1 odolnos\u0165<\/strong>Riadiaci valec 25\/5134221 je vyroben\u00fd z najkvalitnej\u0161\u00edch materi\u00e1lov, ktor\u00e9 boli \u0161peci\u00e1lne vybran\u00e9 pre svoju pevnos\u0165 a odolnos\u0165. T\u00e1to odolnos\u0165 umo\u017e\u0148uje valcu spo\u013eahlivo fungova\u0165 v n\u00e1ro\u010dn\u00fdch podmienkach, minimalizuje n\u00e1klady na \u00fadr\u017ebu a prestoje a rob\u00ed z neho n\u00e1kladovo efekt\u00edvnu invest\u00edciu pre oper\u00e1torov.<\/li>\n<li><strong>Presn\u00e9 ovl\u00e1danie<\/strong>Tento riadiaci valec vynik\u00e1 svojou citlivos\u0165ou, ktor\u00e1 je k\u013e\u00fa\u010dov\u00e1 pre udr\u017eanie kontroly pri r\u00f4znych podmienkach za\u0165a\u017eenia. Obsluha m\u00f4\u017ee vykon\u00e1va\u0165 r\u00fdchle a presn\u00e9 nastavenia, \u010d\u00edm zabezpe\u010duje presn\u00e9 riadenie aj pri zlo\u017eit\u00fdch man\u00e9vroch.<\/li>\n<li><strong>Kompaktn\u00fd dizajn<\/strong>Model 25\/5134221 sa p\u00fd\u0161i priestorovo \u00fasporn\u00fdm dizajnom, ktor\u00fd umo\u017e\u0148uje jednoduch\u00fa integr\u00e1ciu do \u0161irokej \u0161k\u00e1ly strojov. Jeho kompaktn\u00e1 ve\u013ekos\u0165 neohrozuje v\u00fdkon, ale maximalizuje dostupn\u00fd priestor, v\u010faka \u010domu je vhodn\u00fd pre nov\u00e9 zariadenia aj pre moderniz\u00e1ciu existuj\u00facich strojov.<\/li>\n<li><strong>Odolnos\u0165 proti kor\u00f3zii<\/strong>V\u010faka ochrann\u00e9mu povlaku je valec 25\/5134221 odoln\u00fd vo\u010di hrdzi a kor\u00f3zii, v\u010faka \u010domu je obzvl\u00e1\u0161\u0165 \u00fa\u010dinn\u00fd vo vonkaj\u0161om a n\u00e1ro\u010dnom prostred\u00ed. T\u00e1to vlastnos\u0165 zais\u0165uje konzistentn\u00fd v\u00fdkon v priebehu \u010dasu a predl\u017euje \u017eivotnos\u0165 valca.<\/li>\n<li><strong>\u0160tandardizovan\u00e9 rozmery<\/strong>Model 25\/5134221 je navrhnut\u00fd tak, aby zodpovedal be\u017en\u00fdm \u0161pecifik\u00e1ci\u00e1m strojov, \u010do zjednodu\u0161uje proces v\u00fdmeny a kompatibility. T\u00e1to \u0161tandardiz\u00e1cia zvy\u0161uje prev\u00e1dzkov\u00fa efektivitu, umo\u017e\u0148uje r\u00fdchle opravy a minimalizuje prestoje.<\/li>\n<\/ul>\n<h2>25\/5134221 Pou\u017eitie valca riadenia:<\/h2>\n<p><img loading=\"lazy\" decoding=\"async\" class=\"alignnone wp-image-1005135 size-full\" src=\"https:\/\/images.hzpt.com\/2024\/11\/25-5134221-steering-cylinder-application.webp\" alt=\"\" width=\"1072\" height=\"603\" title=\"\"><\/p>\n<h2>Sp\u00f4sob pou\u017eitia valca riadenia 25\/5134221:<\/h2>\n<p>Pou\u017e\u00edvanie valca riadenia 25\/5134221 zah\u0155\u0148a jednoduch\u00fd postup:<\/p>\n<h3>In\u0161tal\u00e1cia<\/h3>\n<ol>\n<li><strong>Bezpe\u010dn\u00e1 mont\u00e1\u017e<\/strong>Umiestnite valec riadenia do ur\u010den\u00e9ho priestoru syst\u00e9mu riadenia. Uistite sa, \u017ee je bezpe\u010dne namontovan\u00fd, aby sa zabr\u00e1nilo jeho pohybu po\u010das prev\u00e1dzky.<\/li>\n<li><strong>Pripojenie hydraulick\u00fdch potrub\u00ed<\/strong>Dodr\u017eujte pokyny v\u00fdrobcu pre spr\u00e1vne pripojenie hydraulick\u00fdch potrub\u00ed. T\u00fdm sa zabezpe\u010d\u00ed optim\u00e1lny prietok kvapaliny a \u00fa\u010dinnos\u0165 syst\u00e9mu.<\/li>\n<\/ol>\n<h3>Prev\u00e1dzka<\/h3>\n<ol>\n<li><strong>Zapnite hydraulick\u00fd syst\u00e9m<\/strong>Aktivujte hydraulick\u00fd syst\u00e9m, aby sa do valca dodal tlak. Tento krok je nevyhnutn\u00fd pre efekt\u00edvne fungovanie valca.<\/li>\n<li><strong>Ovl\u00e1danie riadenia<\/strong>: Na riadenie vozidla pou\u017eite volant alebo ovl\u00e1dacie prvky. Valec zareaguje nastaven\u00edm uhla riadenia, \u010d\u00edm zabezpe\u010d\u00ed presn\u00e9 ovl\u00e1danie pre plynul\u00e9 man\u00e9vre.<\/li>\n<\/ol>\n<h3>Monitorovanie<\/h3>\n<ol>\n<li><strong>Skontrolujte hladiny hydraulickej kvapaliny<\/strong>Pravidelne kontrolujte hladinu hydraulickej kvapaliny, aby ste udr\u017eali optim\u00e1lny v\u00fdkon. Dostato\u010dn\u00e1 hladina kvapaliny je k\u013e\u00fa\u010dov\u00e1 pre prevenciu mo\u017en\u00e9ho po\u0161kodenia.<\/li>\n<li><strong>Skontrolujte pripojenia<\/strong>Pravidelne kontrolujte tesnos\u0165 v\u0161etk\u00fdch hydraulick\u00fdch spojov a pr\u00edpadn\u00e9 zn\u00e1mky netesnost\u00ed. Bezpe\u010dn\u00e9 udr\u017eiavanie spojov zvy\u0161uje bezpe\u010dnos\u0165 a \u00fa\u010dinnos\u0165.<\/li>\n<\/ol>\n<h2>Ak\u00e1 je prim\u00e1rna funkcia valca riadenia?<\/h2>\n<ul>\n<li><strong>Prevod hydraulickej sily<\/strong>Riadiaci valec premie\u0148a tlak hydraulickej kvapaliny na line\u00e1rnu mechanick\u00fa silu. Ke\u010f obsluha ot\u00e1\u010da volantom, hydraulick\u00e1 kvapalina je smerovan\u00e1 do valca, \u010do sp\u00f4sobuje pohyb piesta vo vn\u00fatri. Tento pohyb sa priamo pren\u00e1\u0161a do mechanizmu riadenia, \u010do umo\u017e\u0148uje presn\u00e9 nastavenie.<\/li>\n<li><strong>Vylep\u0161en\u00e1 kontrola<\/strong>Riadiaci valec umo\u017e\u0148uje obsluhe presn\u00e9 nastavenie v\u010faka priamej sp\u00e4tnej v\u00e4zbe a citlivosti, \u010do je k\u013e\u00fa\u010dov\u00e9 pre udr\u017eanie kontroly, najm\u00e4 pri zlo\u017eit\u00fdch man\u00e9vroch, ako je prudk\u00e9 ot\u00e1\u010danie alebo prekon\u00e1vanie prek\u00e1\u017eok.<\/li>\n<li><strong>Riadenie z\u00e1\u0165a\u017ee<\/strong>Riadiace valce s\u00fa navrhnut\u00e9 tak, aby efekt\u00edvne zvl\u00e1dali \u0165a\u017ek\u00e9 bremen\u00e1. Udr\u017eiavaj\u00fa si kontrolu aj pri zna\u010dnom nam\u00e1han\u00ed, \u010d\u00edm zabezpe\u010duj\u00fa, \u017ee vozidlo alebo stroj presne reaguje na pokyny obsluhy.<\/li>\n<li><strong>Stabilita v prev\u00e1dzke<\/strong>Valec prispieva k stabilite vozidla alebo zariadenia po\u010das prev\u00e1dzky. Umo\u017enenie plynul\u00e9ho riadenia pom\u00e1ha predch\u00e1dza\u0165 n\u00e1hlym trhnutiam alebo radeniam, ktor\u00e9 by mohli vies\u0165 k strate kontroly, najm\u00e4 na nerovnom ter\u00e9ne.<\/li>\n<li><strong>Bezpe\u010dnostn\u00e9 prvky<\/strong>Mnoh\u00e9 modern\u00e9 valce riadenia maj\u00fa bezpe\u010dnostn\u00e9 prvky, ako napr\u00edklad zabudovan\u00e9 poistn\u00e9 ventily, ktor\u00e9 zabra\u0148uj\u00fa pretlaku. To zais\u0165uje, \u017ee hydraulick\u00fd syst\u00e9m pracuje v bezpe\u010dn\u00fdch medziach, \u010d\u00edm sa zni\u017euje riziko poruchy alebo nehody.<\/li>\n<\/ul>\n<h2>Pou\u017eitie hydraulick\u00e9ho valca riadenia<\/h2>\n<p>Hydraulick\u00e9 valce riadenia s\u00fa z\u00e1kladn\u00fdmi s\u00fa\u010das\u0165ami syst\u00e9mov riadenia v r\u00f4znych typoch vozidiel. Tieto valce, zn\u00e1me aj ako ovl\u00e1da\u010de riadenia, pom\u00e1haj\u00fa premie\u0148a\u0165 energiu generovan\u00fa \u010derpadlom riadenia na line\u00e1rny pohyb, ktor\u00fd mo\u017eno pou\u017ei\u0165 na manipul\u00e1ciu so smerom kolies vozidla. Tu s\u00fa niektor\u00e9 z aplik\u00e1ci\u00ed hydraulick\u00fdch valcov riadenia:<\/p>\n<ol>\n<li>\u0164a\u017ek\u00e9 \u00fa\u017eitkov\u00e9 vozidl\u00e1:\n<p>Hydraulick\u00e9 valce riadenia sa be\u017ene pou\u017e\u00edvaj\u00fa v \u0165a\u017ek\u00fdch \u00fa\u017eitkov\u00fdch vozidl\u00e1ch, ako s\u00fa n\u00e1kladn\u00e9 aut\u00e1, autobusy a stavebn\u00e9 stroje. Tieto vozidl\u00e1 vy\u017eaduj\u00fa na riadenie ve\u013ek\u00fa silu a hydraulick\u00fd valec dok\u00e1\u017ee vygenerova\u0165 potrebn\u00fa silu na ot\u00e1\u010danie kolies, aj ke\u010f je vozidlo za\u0165a\u017een\u00e9. Hydraulick\u00fd syst\u00e9m tie\u017e umo\u017e\u0148uje jemnej\u0161ie ovl\u00e1danie mechanizmu riadenia, \u010do vodi\u010dom u\u013eah\u010duje ovl\u00e1danie ve\u013ek\u00fdch a nepraktick\u00fdch vozidiel.<\/li>\n<li>Ter\u00e9nne vozidl\u00e1:\n<p>Ter\u00e9nne vozidl\u00e1, ako s\u00fa \u0161tvorkolky, pieskov\u00e9 buginy a ter\u00e9nne motorky, tie\u017e vyu\u017e\u00edvaj\u00fa v\u00fdhody hydraulick\u00fdch valcov riadenia. Tieto vozidl\u00e1 \u010dasto jazdia v n\u00e1ro\u010dnom ter\u00e9ne, kde konven\u010dn\u00e9 mechanizmy riadenia nemusia by\u0165 \u00fa\u010dinn\u00e9. Hydraulick\u00e9 valce m\u00f4\u017eu poskytn\u00fa\u0165 potrebn\u00fd v\u00fdkon a presnos\u0165 na prech\u00e1dzanie prek\u00e1\u017ekami a udr\u017eanie kontroly nad vozidlom.<\/li>\n<li>N\u00e1morn\u00e9 a leteck\u00e9 aplik\u00e1cie:\n<p>Hydraulick\u00e9 valce riadenia sa neobmedzuj\u00fa len na pozemn\u00e9 vozidl\u00e1. Pou\u017e\u00edvaj\u00fa sa aj v n\u00e1morn\u00fdch aplik\u00e1ci\u00e1ch, ako s\u00fa \u010dlny a lode, ako aj v leteckej a kozmickej technol\u00f3gii, ako s\u00fa kozmick\u00e9 lode a lietadl\u00e1. V t\u00fdchto zariadeniach sa hydraulick\u00e9 valce pou\u017e\u00edvaj\u00fa na manipul\u00e1ciu so smerom kormidiel, plutiev a in\u00fdch riadiacich pl\u00f4ch, ktor\u00e9 pom\u00e1haj\u00fa riadi\u0165 plavidlo alebo lietadlo.<\/li>\n<li>Priemyseln\u00e9 zariadenia:\n<p>Hydraulick\u00e9 valce sa tie\u017e pou\u017e\u00edvaj\u00fa v r\u00f4znych priemyseln\u00fdch prostrediach na riadenie a in\u00e9 aplik\u00e1cie. M\u00f4\u017eu sa napr\u00edklad pou\u017ei\u0165 na riadenie \u017eeriavov, vysokozdvi\u017en\u00fdch voz\u00edkov alebo in\u00fdch \u0165a\u017ek\u00fdch strojov. V t\u00fdchto prostrediach m\u00f4\u017eu hydraulick\u00e9 valce poskytn\u00fa\u0165 potrebn\u00fd v\u00fdkon a presnos\u0165 na manipul\u00e1ciu s ve\u013ek\u00fdmi bremenami alebo na pr\u00e1cu v stiesnen\u00fdch priestoroch.<\/li>\n<li>Vlastn\u00e9 aplik\u00e1cie:\n<p>Okrem t\u00fdchto be\u017en\u00fdch aplik\u00e1ci\u00ed sa hydraulick\u00e9 valce riadenia m\u00f4\u017eu pou\u017e\u00edva\u0165 aj v r\u00f4znych z\u00e1kazkov\u00fdch nastaveniach. M\u00f4\u017eu sa napr\u00edklad pou\u017ei\u0165 v experiment\u00e1lnych vozidl\u00e1ch alebo prototypoch, ktor\u00e9 vy\u017eaduj\u00fa jedine\u010dn\u00fd mechanizmus riadenia. M\u00f4\u017eu sa tie\u017e pou\u017ei\u0165 v umeleck\u00fdch in\u0161tal\u00e1ci\u00e1ch alebo kinetick\u00fdch soch\u00e1ch, ktor\u00e9 vy\u017eaduj\u00fa presn\u00fd a kontrolovan\u00fd pohyb.<\/li>\n<\/ol>\n<p>Ako vid\u00edte, hydraulick\u00e9 valce riadenia maj\u00fa \u0161irok\u00e9 uplatnenie v r\u00f4znych odvetviach a prostrediach. \u010ci u\u017e sa pou\u017e\u00edvaj\u00fa v \u0165a\u017ek\u00fdch \u00fa\u017eitkov\u00fdch vozidl\u00e1ch, ter\u00e9nnych vozidl\u00e1ch, n\u00e1morn\u00fdch a leteck\u00fdch aplik\u00e1ci\u00e1ch, priemyseln\u00fdch zariadeniach alebo v z\u00e1kazkov\u00fdch aplik\u00e1ci\u00e1ch, tieto valce poskytuj\u00fa potrebn\u00fd v\u00fdkon, presnos\u0165 a kontrolu pre efekt\u00edvne riadenie.<\/p>\n<h2>O FMP<\/h2>\n<p>Spolo\u010dnos\u0165 FMP je popredn\u00fdm v\u00fdrobcom a distrib\u00fatorom vysokokvalitn\u00fdch hydraulick\u00fdch valcov, s\u00faprav valcov a komponentov pre stavebn\u00e9 stroje. V\u010faka dlhoro\u010dn\u00fdm sk\u00fasenostiam v tomto odvetv\u00ed a profesion\u00e1lnemu t\u00edmu sme odhodlan\u00ed poskytova\u0165 na\u0161im z\u00e1kazn\u00edkom spo\u013eahliv\u00e9 a efekt\u00edvne rie\u0161enia pre ich potreby v oblasti stavebn\u00fdch strojov.<\/p>\n<p>Tu je p\u00e4\u0165 d\u00f4vodov, pre\u010do by ste si mali vybra\u0165 FMP:<\/p>\n<ol>\n<li><strong>Vysokokvalitn\u00e9 hydraulick\u00e9 valce:<\/strong> Na v\u00fdrobu na\u0161ich hydraulick\u00fdch valcov pou\u017e\u00edvame presn\u00e9 in\u017einierstvo. N\u00e1\u0161 pevn\u00fd z\u00e1v\u00e4zok ku kvalite zaru\u010duje, \u017ee pou\u017e\u00edvame iba najkvalitnej\u0161ie suroviny a vykon\u00e1vame pr\u00edsne kontroly kvality hotov\u00fdch v\u00fdrobkov, aby sme zabezpe\u010dili, \u017ee sp\u013a\u0148aj\u00fa a prekra\u010duj\u00fa priemyseln\u00e9 \u0161tandardy.<\/li>\n<li><strong>Rozsiahly sortiment produktov:<\/strong> N\u00e1\u0161 sortiment zah\u0155\u0148a v\u0161etky typy stavebn\u00fdch strojov a pr\u00edslu\u0161enstva. Pon\u00fakame r\u00f4zne hydraulick\u00e9 valce, prevodovky, re\u0165aze, ozuben\u00e9 koles\u00e1, pr\u00edslu\u0161enstvo k motorom, komponenty hydraulick\u00fdch syst\u00e9mov, pr\u00edslu\u0161enstvo k podvozkom a pr\u00edslu\u0161enstvo k elektrick\u00fdm syst\u00e9mom.<\/li>\n<li><strong>Nadviazan\u00e9 partnerstv\u00e1:<\/strong> Vybudovali sme si dlhodob\u00e9 a stabiln\u00e9 partnerstv\u00e1 s mnoh\u00fdmi kvalitn\u00fdmi dom\u00e1cimi aj zahrani\u010dn\u00fdmi dod\u00e1vate\u013emi. To zaru\u010duje, \u017ee v\u0161etko dod\u00e1van\u00e9 pr\u00edslu\u0161enstvo sp\u013a\u0148a na\u0161e pr\u00edsne \u0161tandardy kvality.<\/li>\n<li><strong>Sk\u00fasen\u00fd obchodn\u00fd t\u00edm:<\/strong> N\u00e1\u0161 obchodn\u00fd t\u00edm m\u00e1 dlhoro\u010dn\u00e9 sk\u00fasenosti a znalosti v oblasti stavebn\u00fdch strojov. M\u00f4\u017ee v\u00e1m poskytn\u00fa\u0165 profesion\u00e1lne konzult\u00e1cie o produktoch a inteligentn\u00e9 rady oh\u013eadom n\u00e1kupu, ktor\u00e9 v\u00e1m pom\u00f4\u017eu robi\u0165 informovan\u00e9 rozhodnutia.<\/li>\n<li><strong>Efekt\u00edvny logistick\u00fd distribu\u010dn\u00fd syst\u00e9m:<\/strong> M\u00e1me efekt\u00edvny logistick\u00fd distribu\u010dn\u00fd syst\u00e9m, aby sme zabezpe\u010dili, \u017ee na\u0161i z\u00e1kazn\u00edci dostan\u00fa po\u017eadovan\u00e9 diely v\u010das a presne.<\/li>\n<\/ol>\n<p><img loading=\"lazy\" decoding=\"async\" class=\"\" src=\"https:\/\/fmp-components.com\/wp-content\/uploads\/2025\/01\/Dump-Truck-Trailer-Hydraulic-Cylinder-product-3-3.webp\" alt=\"Hydraulick\u00fd valec\" width=\"947\" height=\"694\" title=\"\"><\/p>\n<p>V spolo\u010dnosti FMP sa zav\u00e4zujeme poskytova\u0165 na\u0161im z\u00e1kazn\u00edkom vysoko kvalitn\u00e9 a spo\u013eahliv\u00e9 pr\u00edslu\u0161enstvo pre stavebn\u00e9 stroje a kompletn\u00e9 stroj\u00e1rske rie\u0161enia. V\u010faka modern\u00e9mu v\u00fdrobn\u00e9mu z\u00e1zemiu, CNC obr\u00e1bac\u00edm strojom, po\u010d\u00edta\u010dom podporovan\u00e9mu navrhovaniu, kvalifikovan\u00fdm zamestnancom, odborn\u00edkom na hydraulick\u00e9 syst\u00e9my, mont\u00e1\u017enikom valcov a predajcom sme preferovan\u00fdm partnerom, ktor\u00fd uspokoj\u00ed va\u0161e potreby v oblasti hydraulick\u00fdch valcov, s\u00faprav valcov a komponentov.<\/p>\n<p>Autor: CX<\/p>","protected":false},"excerpt":{"rendered":"<p>The QJ554 31 020-1 Steering Cylinder is a high-quality product designed to provide efficient and reliable steering control. With its durable construction and precise engineering, this steering cylinder ensures smooth and accurate steering performance. Key Features: &#8211; High-quality materials: The QJ554 31 020-1 Steering Cylinder is made from premium materials, ensuring its longevity and durability. [&hellip;]<\/p>","protected":false},"featured_media":2954,"comment_status":"closed","ping_status":"closed","template":"","meta":{"_et_pb_use_builder":"","_et_pb_old_content":"","_et_gb_content_width":""},"product_brand":[],"product_cat":[67],"product_tag":[34,70],"class_list":{"0":"post-2953","1":"product","2":"type-product","3":"status-publish","4":"has-post-thumbnail","6":"product_cat-steering-hydraulic-cylinder","7":"product_tag-hydraulic-cylinder","8":"product_tag-steering-hydraulic-cylinder","10":"first","11":"instock","12":"product-type-simple"},"_links":{"self":[{"href":"https:\/\/fmp-components.com\/sk\/wp-json\/wp\/v2\/product\/2953","targetHints":{"allow":["GET"]}}],"collection":[{"href":"https:\/\/fmp-components.com\/sk\/wp-json\/wp\/v2\/product"}],"about":[{"href":"https:\/\/fmp-components.com\/sk\/wp-json\/wp\/v2\/types\/product"}],"replies":[{"embeddable":true,"href":"https:\/\/fmp-components.com\/sk\/wp-json\/wp\/v2\/comments?post=2953"}],"wp:featuredmedia":[{"embeddable":true,"href":"https:\/\/fmp-components.com\/sk\/wp-json\/wp\/v2\/media\/2954"}],"wp:attachment":[{"href":"https:\/\/fmp-components.com\/sk\/wp-json\/wp\/v2\/media?parent=2953"}],"wp:term":[{"taxonomy":"product_brand","embeddable":true,"href":"https:\/\/fmp-components.com\/sk\/wp-json\/wp\/v2\/product_brand?post=2953"},{"taxonomy":"product_cat","embeddable":true,"href":"https:\/\/fmp-components.com\/sk\/wp-json\/wp\/v2\/product_cat?post=2953"},{"taxonomy":"product_tag","embeddable":true,"href":"https:\/\/fmp-components.com\/sk\/wp-json\/wp\/v2\/product_tag?post=2953"}],"curies":[{"name":"pracovn\u00fd list","href":"https:\/\/api.w.org\/{rel}","templated":true}]}}