{"id":2893,"date":"2025-01-04T05:26:50","date_gmt":"2025-01-04T05:26:50","guid":{"rendered":"https:\/\/fmp-components.com\/product\/factory-direct-sale-double-acting-power-steering-cylinder-tractor-hydraulic-cylinder\/"},"modified":"2025-01-04T06:09:32","modified_gmt":"2025-01-04T06:09:32","slug":"factory-direct-sale-double-acting-power-steering-cylinder-tractor-hydraulic-cylinder","status":"publish","type":"product","link":"https:\/\/fmp-components.com\/sk\/product\/factory-direct-sale-double-acting-power-steering-cylinder-tractor-hydraulic-cylinder\/","title":{"rendered":"Priamy predaj z tov\u00e1rne Dvoj\u010dinn\u00fd posil\u0148ova\u010d riadenia Hydraulick\u00fd valec traktora"},"content":{"rendered":"<h2>Predstavenie kvalitn\u00e9ho hydraulick\u00e9ho valca posil\u0148ova\u010da riadenia traktora<\/h2>\n<p>Predstavujeme kvalitn\u00fd hydraulick\u00fd valec posil\u0148ova\u010da riadenia traktora \u2013 perfektn\u00e9 rie\u0161enie pre v\u0161etky va\u0161e potreby v oblasti posil\u0148ova\u010da riadenia traktora. Tento vysoko kvalitn\u00fd hydraulick\u00fd valec je navrhnut\u00fd tak, aby poskytoval plynul\u00e9 a efekt\u00edvne ovl\u00e1danie riadenia a zais\u0165oval pohodln\u00fa a bezprobl\u00e9mov\u00fa jazdu.<\/p>\n<p>V\u010faka svojej robustnej kon\u0161trukcii a odoln\u00fdm materi\u00e1lom je tento hydraulick\u00fd valec vyroben\u00fd pre dlh\u00fa \u017eivotnos\u0165. Je navrhnut\u00fd tak, aby odolal naj\u0165a\u017e\u0161\u00edm pracovn\u00fdm podmienkam, v\u010faka \u010domu je ide\u00e1lny na pou\u017eitie v n\u00e1ro\u010dnom po\u013enohospod\u00e1rskom prostred\u00ed. \u010ci u\u017e oriete polia alebo obr\u00e1bate p\u00f4du, tento hydraulick\u00fd valec v\u00e1m poskytne spo\u013eahliv\u00fd a konzistentn\u00fd v\u00fdkon.<\/p>\n<p>V\u010faka pokro\u010dilej hydraulickej technol\u00f3gii pon\u00faka tento valec presn\u00e9 ovl\u00e1danie riadenia, ktor\u00e9 v\u00e1m umo\u017e\u0148uje \u013eahko man\u00e9vrova\u0165 s traktorom. Poskytuje v\u00fdnimo\u010dn\u00fa odozvu a presnos\u0165, v\u010faka \u010domu sa bez n\u00e1mahy dostanete do \u00fazkych z\u00e1krut a chodn\u00edkov.<\/p>\n<p>Kvalitn\u00fd hydraulick\u00fd valec posil\u0148ova\u010da riadenia traktora sa \u013eahko in\u0161taluje a je kompatibiln\u00fd s v\u00e4\u010d\u0161inou modelov traktorov. Dod\u00e1va sa so v\u0161etk\u00fdm potrebn\u00fdm pr\u00edslu\u0161enstvom a pokynmi, v\u010faka \u010domu je proces in\u0161tal\u00e1cie r\u00fdchly a bezprobl\u00e9mov\u00fd. V\u00e1\u0161 traktor m\u00f4\u017eete ma\u0165 v prev\u00e1dzke s optim\u00e1lnym v\u00fdkonom riadenia raz-dva.<\/p>\n<p>Okrem svojej v\u00fdnimo\u010dnej funk\u010dnosti sa tento hydraulick\u00fd valec p\u00fd\u0161i elegantn\u00fdm a modern\u00fdm dizajnom. Jeho kompaktn\u00e1 ve\u013ekos\u0165 umo\u017e\u0148uje jednoduch\u00fa integr\u00e1ciu do existuj\u00faceho syst\u00e9mu posil\u0148ova\u010da riadenia v\u00e1\u0161ho traktora bez toho, aby do\u0161lo k kompromisom v oblasti v\u00fdkonu alebo estetiky.<\/p>\n<h3>Hist\u00f3ria a klasifik\u00e1cia produktu<\/h3>\n<p>Po prv\u00e9, hydraulick\u00fd valec posil\u0148ova\u010da riadenia traktora je v\u00fdsledkom rozsiahleho v\u00fdskumu a inov\u00e1ci\u00ed v priebehu rokov. Patr\u00ed do klasifik\u00e1cie hydraulick\u00fdch valcov pou\u017e\u00edvan\u00fdch v mobiln\u00fdch strojoch.<\/p>\n<p><img decoding=\"async\" src=\"https:\/\/hzpt.com\/wp-content\/uploads\/2023\/11\/agricultural-machinery-hydraulic-cylinder-2.webp\" alt=\"\" title=\"\"><\/p>\n<h3>V\u00fdhody produktu<\/h3>\n<p>Tento produkt je navrhnut\u00fd s prec\u00edznos\u0165ou, \u010do zabezpe\u010duje vysok\u00fd stupe\u0148 \u00fa\u010dinnosti a spo\u013eahlivosti jeho prev\u00e1dzky. Je odoln\u00fd, prisp\u00f4sobiv\u00fd r\u00f4znym podmienkam a vy\u017eaduje minim\u00e1lnu \u00fadr\u017ebu.<\/p>\n<h3>In\u0161tal\u00e1cia, opravy a \u00fadr\u017eba<\/h3>\n<p>N\u00e1\u0161 produkt sa dod\u00e1va s komplexn\u00fdmi pokynmi na in\u0161tal\u00e1ciu. V pr\u00edpade akejko\u013evek poruchy je n\u00e1\u0161 t\u00edm odborn\u00edkov v\u017edy pripraven\u00fd pom\u00f4c\u0165 s opravami. Na zabezpe\u010denie optim\u00e1lneho v\u00fdkonu sa odpor\u00fa\u010daj\u00fa pravideln\u00e9 kontroly \u00fadr\u017eby.<\/p>\n<h2>Pou\u017eitie hydraulick\u00e9ho valca riadenia<\/h2>\n<p>Hydraulick\u00e9 valce riadenia s\u00fa z\u00e1kladn\u00fdmi s\u00fa\u010das\u0165ami syst\u00e9mov riadenia v r\u00f4znych typoch vozidiel. Tieto valce, zn\u00e1me aj ako ovl\u00e1da\u010de riadenia, pom\u00e1haj\u00fa premie\u0148a\u0165 energiu generovan\u00fa \u010derpadlom riadenia na line\u00e1rny pohyb, ktor\u00fd mo\u017eno pou\u017ei\u0165 na manipul\u00e1ciu so smerom kolies vozidla. Tu s\u00fa niektor\u00e9 z aplik\u00e1ci\u00ed hydraulick\u00fdch valcov riadenia:<\/p>\n<ol>\n<li>\u0164a\u017ek\u00e9 \u00fa\u017eitkov\u00e9 vozidl\u00e1:\n<p>Hydraulick\u00e9 valce riadenia sa be\u017ene pou\u017e\u00edvaj\u00fa v \u0165a\u017ek\u00fdch \u00fa\u017eitkov\u00fdch vozidl\u00e1ch, ako s\u00fa n\u00e1kladn\u00e9 aut\u00e1, autobusy a stavebn\u00e9 stroje. Tieto vozidl\u00e1 vy\u017eaduj\u00fa na riadenie ve\u013ek\u00fa silu a hydraulick\u00fd valec dok\u00e1\u017ee vygenerova\u0165 potrebn\u00fa silu na ot\u00e1\u010danie kolies, aj ke\u010f je vozidlo za\u0165a\u017een\u00e9. Hydraulick\u00fd syst\u00e9m tie\u017e umo\u017e\u0148uje jemnej\u0161ie ovl\u00e1danie mechanizmu riadenia, \u010do vodi\u010dom u\u013eah\u010duje ovl\u00e1danie ve\u013ek\u00fdch a nepraktick\u00fdch vozidiel.<\/li>\n<li>Ter\u00e9nne vozidl\u00e1:\n<p>Ter\u00e9nne vozidl\u00e1, ako s\u00fa \u0161tvorkolky, pieskov\u00e9 buginy a ter\u00e9nne motorky, tie\u017e vyu\u017e\u00edvaj\u00fa v\u00fdhody hydraulick\u00fdch valcov riadenia. Tieto vozidl\u00e1 \u010dasto jazdia v n\u00e1ro\u010dnom ter\u00e9ne, kde konven\u010dn\u00e9 mechanizmy riadenia nemusia by\u0165 \u00fa\u010dinn\u00e9. Hydraulick\u00e9 valce m\u00f4\u017eu poskytn\u00fa\u0165 potrebn\u00fd v\u00fdkon a presnos\u0165 na prech\u00e1dzanie prek\u00e1\u017ekami a udr\u017eanie kontroly nad vozidlom.<\/li>\n<li>N\u00e1morn\u00e9 a leteck\u00e9 aplik\u00e1cie:\n<p>Hydraulick\u00e9 valce riadenia sa neobmedzuj\u00fa len na pozemn\u00e9 vozidl\u00e1. Pou\u017e\u00edvaj\u00fa sa aj v n\u00e1morn\u00fdch aplik\u00e1ci\u00e1ch, ako s\u00fa \u010dlny a lode, ako aj v leteckej a kozmickej technol\u00f3gii, ako s\u00fa kozmick\u00e9 lode a lietadl\u00e1. V t\u00fdchto zariadeniach sa hydraulick\u00e9 valce pou\u017e\u00edvaj\u00fa na manipul\u00e1ciu so smerom kormidiel, plutiev a in\u00fdch riadiacich pl\u00f4ch, ktor\u00e9 pom\u00e1haj\u00fa riadi\u0165 plavidlo alebo lietadlo.<\/li>\n<li>Priemyseln\u00e9 zariadenia:\n<p>Hydraulick\u00e9 valce sa tie\u017e pou\u017e\u00edvaj\u00fa v r\u00f4znych priemyseln\u00fdch prostrediach na riadenie a in\u00e9 aplik\u00e1cie. M\u00f4\u017eu sa napr\u00edklad pou\u017ei\u0165 na riadenie \u017eeriavov, vysokozdvi\u017en\u00fdch voz\u00edkov alebo in\u00fdch \u0165a\u017ek\u00fdch strojov. V t\u00fdchto prostrediach m\u00f4\u017eu hydraulick\u00e9 valce poskytn\u00fa\u0165 potrebn\u00fd v\u00fdkon a presnos\u0165 na manipul\u00e1ciu s ve\u013ek\u00fdmi bremenami alebo na pr\u00e1cu v stiesnen\u00fdch priestoroch.<\/li>\n<li>Vlastn\u00e9 aplik\u00e1cie:\n<p>Okrem t\u00fdchto be\u017en\u00fdch aplik\u00e1ci\u00ed sa hydraulick\u00e9 valce riadenia m\u00f4\u017eu pou\u017e\u00edva\u0165 aj v r\u00f4znych z\u00e1kazkov\u00fdch nastaveniach. M\u00f4\u017eu sa napr\u00edklad pou\u017ei\u0165 v experiment\u00e1lnych vozidl\u00e1ch alebo prototypoch, ktor\u00e9 vy\u017eaduj\u00fa jedine\u010dn\u00fd mechanizmus riadenia. M\u00f4\u017eu sa tie\u017e pou\u017ei\u0165 v umeleck\u00fdch in\u0161tal\u00e1ci\u00e1ch alebo kinetick\u00fdch soch\u00e1ch, ktor\u00e9 vy\u017eaduj\u00fa presn\u00fd a kontrolovan\u00fd pohyb.<\/li>\n<\/ol>\n<p>Ako vid\u00edte, hydraulick\u00e9 valce riadenia maj\u00fa \u0161irok\u00e9 uplatnenie v r\u00f4znych odvetviach a prostrediach. \u010ci u\u017e sa pou\u017e\u00edvaj\u00fa v \u0165a\u017ek\u00fdch \u00fa\u017eitkov\u00fdch vozidl\u00e1ch, ter\u00e9nnych vozidl\u00e1ch, n\u00e1morn\u00fdch a leteck\u00fdch aplik\u00e1ci\u00e1ch, priemyseln\u00fdch zariadeniach alebo v z\u00e1kazkov\u00fdch aplik\u00e1ci\u00e1ch, tieto valce poskytuj\u00fa potrebn\u00fd v\u00fdkon, presnos\u0165 a kontrolu pre efekt\u00edvne riadenie.<\/p>\n<h2>O FMP<\/h2>\n<p>Spolo\u010dnos\u0165 FMP je popredn\u00fdm v\u00fdrobcom a distrib\u00fatorom vysokokvalitn\u00fdch hydraulick\u00fdch valcov, s\u00faprav valcov a komponentov pre stavebn\u00e9 stroje. V\u010faka dlhoro\u010dn\u00fdm sk\u00fasenostiam v tomto odvetv\u00ed a profesion\u00e1lnemu t\u00edmu sme odhodlan\u00ed poskytova\u0165 na\u0161im z\u00e1kazn\u00edkom spo\u013eahliv\u00e9 a efekt\u00edvne rie\u0161enia pre ich potreby v oblasti stavebn\u00fdch strojov.<\/p>\n<p>Tu je p\u00e4\u0165 d\u00f4vodov, pre\u010do by ste si mali vybra\u0165 FMP:<\/p>\n<ol>\n<li><strong>Vysokokvalitn\u00e9 hydraulick\u00e9 valce:<\/strong> Na v\u00fdrobu na\u0161ich hydraulick\u00fdch valcov pou\u017e\u00edvame presn\u00e9 in\u017einierstvo. N\u00e1\u0161 pevn\u00fd z\u00e1v\u00e4zok ku kvalite zaru\u010duje, \u017ee pou\u017e\u00edvame iba najkvalitnej\u0161ie suroviny a vykon\u00e1vame pr\u00edsne kontroly kvality hotov\u00fdch v\u00fdrobkov, aby sme zabezpe\u010dili, \u017ee sp\u013a\u0148aj\u00fa a prekra\u010duj\u00fa priemyseln\u00e9 \u0161tandardy.<\/li>\n<li><strong>Rozsiahly sortiment produktov:<\/strong> N\u00e1\u0161 sortiment zah\u0155\u0148a v\u0161etky typy stavebn\u00fdch strojov a pr\u00edslu\u0161enstva. Pon\u00fakame r\u00f4zne hydraulick\u00e9 valce, prevodovky, re\u0165aze, ozuben\u00e9 koles\u00e1, pr\u00edslu\u0161enstvo k motorom, komponenty hydraulick\u00fdch syst\u00e9mov, pr\u00edslu\u0161enstvo k podvozkom a pr\u00edslu\u0161enstvo k elektrick\u00fdm syst\u00e9mom.<\/li>\n<li><strong>Nadviazan\u00e9 partnerstv\u00e1:<\/strong> Vybudovali sme si dlhodob\u00e9 a stabiln\u00e9 partnerstv\u00e1 s mnoh\u00fdmi kvalitn\u00fdmi dom\u00e1cimi aj zahrani\u010dn\u00fdmi dod\u00e1vate\u013emi. To zaru\u010duje, \u017ee v\u0161etko dod\u00e1van\u00e9 pr\u00edslu\u0161enstvo sp\u013a\u0148a na\u0161e pr\u00edsne \u0161tandardy kvality.<\/li>\n<li><strong>Sk\u00fasen\u00fd obchodn\u00fd t\u00edm:<\/strong> N\u00e1\u0161 obchodn\u00fd t\u00edm m\u00e1 dlhoro\u010dn\u00e9 sk\u00fasenosti a znalosti v oblasti stavebn\u00fdch strojov. M\u00f4\u017ee v\u00e1m poskytn\u00fa\u0165 profesion\u00e1lne konzult\u00e1cie o produktoch a inteligentn\u00e9 rady oh\u013eadom n\u00e1kupu, ktor\u00e9 v\u00e1m pom\u00f4\u017eu robi\u0165 informovan\u00e9 rozhodnutia.<\/li>\n<li><strong>Efekt\u00edvny logistick\u00fd distribu\u010dn\u00fd syst\u00e9m:<\/strong> M\u00e1me efekt\u00edvny logistick\u00fd distribu\u010dn\u00fd syst\u00e9m, aby sme zabezpe\u010dili, \u017ee na\u0161i z\u00e1kazn\u00edci dostan\u00fa po\u017eadovan\u00e9 diely v\u010das a presne.<\/li>\n<\/ol>\n<p><img decoding=\"async\" src=\"https:\/\/fmp-components.com\/wp-content\/uploads\/2025\/01\/Dump-Truck-Trailer-Hydraulic-Cylinder-product-3-3.webp\" alt=\"Hydraulick\u00fd valec\" width=\"800\" title=\"\"><\/p>\n<p>V spolo\u010dnosti FMP sa zav\u00e4zujeme poskytova\u0165 na\u0161im z\u00e1kazn\u00edkom vysoko kvalitn\u00e9 a spo\u013eahliv\u00e9 pr\u00edslu\u0161enstvo pre stavebn\u00e9 stroje a kompletn\u00e9 stroj\u00e1rske rie\u0161enia. V\u010faka modern\u00e9mu v\u00fdrobn\u00e9mu z\u00e1zemiu, CNC obr\u00e1bac\u00edm strojom, po\u010d\u00edta\u010dom podporovan\u00e9mu navrhovaniu, kvalifikovan\u00fdm zamestnancom, odborn\u00edkom na hydraulick\u00e9 syst\u00e9my, mont\u00e1\u017enikom valcov a predajcom sme preferovan\u00fdm partnerom, ktor\u00fd uspokoj\u00ed va\u0161e potreby v oblasti hydraulick\u00fdch valcov, s\u00faprav valcov a komponentov.<\/p>\n<p>Autor: CX<\/p>","protected":false},"excerpt":{"rendered":"<p>Unveiling the Good Quality Tractor Power Steering Hydraulic Ram Cylinder Introducing the Good Quality Tractor Power Steering Hydraulic Ram Cylinder &#8211; the perfect solution for all your tractor power steering needs. This high-quality hydraulic ram cylinder is designed to provide smooth and efficient steering control, ensuring a comfortable and hassle-free driving experience. With its robust [&hellip;]<\/p>","protected":false},"featured_media":2894,"comment_status":"closed","ping_status":"closed","template":"","meta":{"_et_pb_use_builder":"","_et_pb_old_content":"","_et_gb_content_width":""},"product_brand":[],"product_cat":[67],"product_tag":[34,70],"class_list":{"0":"post-2893","1":"product","2":"type-product","3":"status-publish","4":"has-post-thumbnail","6":"product_cat-steering-hydraulic-cylinder","7":"product_tag-hydraulic-cylinder","8":"product_tag-steering-hydraulic-cylinder","10":"first","11":"instock","12":"product-type-simple"},"_links":{"self":[{"href":"https:\/\/fmp-components.com\/sk\/wp-json\/wp\/v2\/product\/2893","targetHints":{"allow":["GET"]}}],"collection":[{"href":"https:\/\/fmp-components.com\/sk\/wp-json\/wp\/v2\/product"}],"about":[{"href":"https:\/\/fmp-components.com\/sk\/wp-json\/wp\/v2\/types\/product"}],"replies":[{"embeddable":true,"href":"https:\/\/fmp-components.com\/sk\/wp-json\/wp\/v2\/comments?post=2893"}],"wp:featuredmedia":[{"embeddable":true,"href":"https:\/\/fmp-components.com\/sk\/wp-json\/wp\/v2\/media\/2894"}],"wp:attachment":[{"href":"https:\/\/fmp-components.com\/sk\/wp-json\/wp\/v2\/media?parent=2893"}],"wp:term":[{"taxonomy":"product_brand","embeddable":true,"href":"https:\/\/fmp-components.com\/sk\/wp-json\/wp\/v2\/product_brand?post=2893"},{"taxonomy":"product_cat","embeddable":true,"href":"https:\/\/fmp-components.com\/sk\/wp-json\/wp\/v2\/product_cat?post=2893"},{"taxonomy":"product_tag","embeddable":true,"href":"https:\/\/fmp-components.com\/sk\/wp-json\/wp\/v2\/product_tag?post=2893"}],"curies":[{"name":"pracovn\u00fd list","href":"https:\/\/api.w.org\/{rel}","templated":true}]}}