{"id":2837,"date":"2025-01-04T05:24:01","date_gmt":"2025-01-04T05:24:01","guid":{"rendered":"https:\/\/fmp-components.com\/product\/guaranteed-quality-custom-engineering-tractor-hydraulic-steering-cylinder\/"},"modified":"2025-05-10T12:30:17","modified_gmt":"2025-05-10T12:30:17","slug":"guaranteed-quality-custom-engineering-tractor-hydraulic-steering-cylinder","status":"publish","type":"product","link":"https:\/\/fmp-components.com\/sk\/product\/guaranteed-quality-custom-engineering-tractor-hydraulic-steering-cylinder\/","title":{"rendered":"Zaru\u010den\u00e1 kvalita z\u00e1kazkov\u00e9ho in\u017einierstva traktorov\u00e9ho hydraulick\u00e9ho valca riadenia"},"content":{"rendered":"<div>\n<h2>Taliansky dod\u00e1vate\u013e hydraulick\u00e9ho piestov\u00e9ho valca s dlh\u00fdm zdvihom pre po\u013enohospod\u00e1rsky pr\u00edves<\/h2>\n<p>Predstavujeme v\u00e1m hydraulick\u00fd piestov\u00fd valec s dlh\u00fdm zdvihom od talianskeho dod\u00e1vate\u013ea pre po\u013enohospod\u00e1rske pr\u00edvesy, ktor\u00fd je perfektn\u00fdm rie\u0161en\u00edm pre v\u0161etky va\u0161e potreby t\u00fdkaj\u00face sa po\u013enohospod\u00e1rskych pr\u00edvesov. V\u010faka pokro\u010dilej hydraulickej technol\u00f3gii pon\u00faka tento piestov\u00fd valec v\u00fdnimo\u010dn\u00fa odolnos\u0165 a v\u00fdkon.<\/p>\n<p>Tento hydraulick\u00fd piestov\u00fd valec, navrhnut\u00fd a vyroben\u00fd na\u0161\u00edm d\u00f4veryhodn\u00fdm talianskym dod\u00e1vate\u013eom, je skon\u0161truovan\u00fd tak, aby odolal n\u00e1ro\u010dn\u00fdm podmienkam po\u013enohospod\u00e1rskeho priemyslu. Jeho kon\u0161trukcia s dlh\u00fdm zdvihom poskytuje v\u00e4\u010d\u0161\u00ed rozsah pohybu, \u010do umo\u017e\u0148uje efekt\u00edvnu prev\u00e1dzku a zv\u00fd\u0161en\u00fa produktivitu.<\/p>\n<p>V\u010faka vysoko kvalitn\u00fdm materi\u00e1lom a presn\u00e9mu spracovaniu zaru\u010duje tento piestov\u00fd valec spo\u013eahliv\u00fd v\u00fdkon a dlhotrvaj\u00facu \u017eivotnos\u0165. Jeho robustn\u00e1 kon\u0161trukcia si s \u013eahkos\u0165ou porad\u00ed s \u0165a\u017ek\u00fdmi n\u00e1kladmi a n\u00e1ro\u010dn\u00fdmi pracovn\u00fdmi prostrediami.<\/p>\n<p>\u010ci u\u017e potrebujete zdvihn\u00fa\u0165, spusti\u0165 alebo nakloni\u0165 svoj po\u013enohospod\u00e1rsky pr\u00edves, tento hydraulick\u00fd piestov\u00fd valec zais\u0165uje presn\u00fa a plynul\u00fa prev\u00e1dzku. Jeho pokro\u010dil\u00fd syst\u00e9m tesnenia zabra\u0148uje \u00faniku, \u010d\u00edm zais\u0165uje optim\u00e1lnu \u00fa\u010dinnos\u0165 a minim\u00e1lne po\u017eiadavky na \u00fadr\u017ebu.<\/p>\n<p>Tento hydraulick\u00fd piestov\u00fd valec sa \u013eahko in\u0161taluje a je kompatibiln\u00fd s r\u00f4znymi po\u013enohospod\u00e1rskymi pr\u00edvesmi, pon\u00faka v\u0161estrannos\u0165 a pohodlie. Je navrhnut\u00fd tak, aby zv\u00fd\u0161il v\u00fdkon a funk\u010dnos\u0165 v\u00e1\u0161ho zariadenia a umo\u017enil v\u00e1m efekt\u00edvnej\u0161ie vykon\u00e1va\u0165 va\u0161e \u00falohy.<\/p>\n<p>Investujte do hydraulick\u00e9ho piestov\u00e9ho valca s dlh\u00fdm zdvihom od talianskeho dod\u00e1vate\u013ea pre po\u013enohospod\u00e1rske pr\u00edvesy a za\u017eite rozdiel, ktor\u00fd m\u00f4\u017ee prinies\u0165 vo va\u0161e po\u013enohospod\u00e1rske oper\u00e1cie. D\u00f4verujte jeho vynikaj\u00facej kvalite a v\u00fdkonu, aby ste zv\u00fd\u0161ili svoju produktivitu a dosiahli v\u00fdnimo\u010dn\u00e9 v\u00fdsledky.<\/p>\n<\/div>\n<p>Spolo\u010dnos\u0165 FMP, popredn\u00fd v\u00fdrobca hydraulick\u00fdch valcov pre mobiln\u00e9 stroje v Taliansku, s hrdos\u0165ou predstavuje n\u00e1\u0161 vysoko kvalitn\u00fd hydraulick\u00fd riadiaci valec pre traktory na mieru. N\u00e1\u0161 hydraulick\u00fd riadiaci valec, vyroben\u00fd s presnos\u0165ou a navrhnut\u00fd pre dlh\u00fa \u017eivotnos\u0165, zaru\u010duje optim\u00e1lny v\u00fdkon pre va\u0161e stroje.<\/p>\n<h2>Hist\u00f3ria a klasifik\u00e1cia produktu<\/h2>\n<p><img decoding=\"async\" src=\"https:\/\/hzpt.com\/wp-content\/uploads\/2023\/11\/agricultural-machinery-hydraulic-cylinder-6.webp\" alt=\"\" title=\"\"><\/p>\n<p>N\u00e1\u0161 hydraulick\u00fd riadiaci valec m\u00e1 bohat\u00fa hist\u00f3riu inov\u00e1ci\u00ed a steles\u0148uje pokro\u010dil\u00e9 technol\u00f3gie a in\u017einierske znalosti spolo\u010dnosti FMP. Je zaraden\u00fd do n\u00e1\u0161ho pr\u00e9miov\u00e9ho sortimentu hydraulick\u00fdch valcov vr\u00e1tane hydraulick\u00fdch nakl\u00e1pac\u00edch valcov, hydraulick\u00fdch zdv\u00edhac\u00edch valcov a \u010fal\u0161\u00edch.<\/p>\n<h3>V\u00fdhody<\/h3>\n<ul>\n<li>Odoln\u00fd oce\u013eov\u00fd materi\u00e1l tela<\/li>\n<li>\u0160tandardn\u00e1 kon\u0161trukcia piestov\u00e9ho valca<\/li>\n<li>Vysok\u00fd maxim\u00e1lny \u0165ah a \u0165ah<\/li>\n<li>Certifik\u00e1cia ISO9001:2000<\/li>\n<\/ul>\n<h3>In\u0161tal\u00e1cia, opravy a \u00fadr\u017eba<\/h3>\n<p>N\u00e1\u0161 hydraulick\u00fd valec riadenia sa dod\u00e1va s komplexn\u00fdm n\u00e1vodom na obsluhu pre jednoduch\u00fa in\u0161tal\u00e1ciu. Je tie\u017e navrhnut\u00fd s oh\u013eadom na nen\u00e1ro\u010dn\u00fa \u00fadr\u017ebu, \u010do zaru\u010duje dlhodob\u00fa spo\u013eahlivos\u0165 a dobr\u00fd pomer ceny a kvality. V pr\u00edpade potreby akejko\u013evek opravy je n\u00e1\u0161 t\u00edm odborn\u00fdch technick\u00fdch pracovn\u00edkov v\u017edy pripraven\u00fd pom\u00f4c\u0165.<\/p>\n<h2>Ako si vybra\u0165 spr\u00e1vny hydraulick\u00fd olej a olejov\u00e9 tesnenie?<\/h2>\n<p>V\u00fdber spr\u00e1vneho hydraulick\u00e9ho oleja a olejov\u00e9ho tesnenia je k\u013e\u00fa\u010dov\u00fd pre optim\u00e1lny v\u00fdkon v\u00e1\u0161ho hydraulick\u00e9ho valca riadenia. H\u013eadajte vysokokvalitn\u00fd hydraulick\u00fd olej s vhodnou viskozitou a teplotnou stabilitou. Olejov\u00e9 tesnenie by malo by\u0165 kompatibiln\u00e9 s hydraulick\u00fdm olejom a malo by by\u0165 schopn\u00e9 odola\u0165 tlakov\u00fdm a teplotn\u00fdm podmienkam v\u00e1\u0161ho stroja.<\/p>\n<h2>Pou\u017eitie hydraulick\u00e9ho valca riadenia<\/h2>\n<p>Hydraulick\u00e9 valce riadenia s\u00fa z\u00e1kladn\u00fdmi s\u00fa\u010das\u0165ami syst\u00e9mov riadenia v r\u00f4znych typoch vozidiel. Tieto valce, zn\u00e1me aj ako ovl\u00e1da\u010de riadenia, pom\u00e1haj\u00fa premie\u0148a\u0165 energiu generovan\u00fa \u010derpadlom riadenia na line\u00e1rny pohyb, ktor\u00fd mo\u017eno pou\u017ei\u0165 na manipul\u00e1ciu so smerom kolies vozidla. Tu s\u00fa niektor\u00e9 z aplik\u00e1ci\u00ed hydraulick\u00fdch valcov riadenia:<\/p>\n<ol>\n<li>\u0164a\u017ek\u00e9 \u00fa\u017eitkov\u00e9 vozidl\u00e1: Hydraulick\u00e9 valce riadenia sa be\u017ene pou\u017e\u00edvaj\u00fa v \u0165a\u017ek\u00fdch \u00fa\u017eitkov\u00fdch vozidl\u00e1ch, ako s\u00fa n\u00e1kladn\u00e9 aut\u00e1, autobusy a stavebn\u00e9 stroje. Tieto vozidl\u00e1 vy\u017eaduj\u00fa na riadenie ve\u013ek\u00fa silu a hydraulick\u00fd valec dok\u00e1\u017ee vygenerova\u0165 potrebn\u00fa silu na ot\u00e1\u010danie kolies, aj ke\u010f je vozidlo za\u0165a\u017een\u00e9. Hydraulick\u00fd syst\u00e9m tie\u017e umo\u017e\u0148uje jemnej\u0161ie ovl\u00e1danie mechanizmu riadenia, \u010do vodi\u010dom u\u013eah\u010duje ovl\u00e1danie ve\u013ek\u00fdch a nepraktick\u00fdch vozidiel.<\/li>\n<li>Ter\u00e9nne vozidl\u00e1: Ter\u00e9nne vozidl\u00e1, ako s\u00fa \u0161tvorkolky, pieskov\u00e9 buginy a ter\u00e9nne motorky, tie\u017e vyu\u017e\u00edvaj\u00fa v\u00fdhody hydraulick\u00fdch valcov riadenia. Tieto vozidl\u00e1 \u010dasto jazdia v n\u00e1ro\u010dnom ter\u00e9ne, kde konven\u010dn\u00e9 mechanizmy riadenia nemusia by\u0165 \u00fa\u010dinn\u00e9. Hydraulick\u00e9 valce m\u00f4\u017eu poskytn\u00fa\u0165 potrebn\u00fd v\u00fdkon a presnos\u0165 na prech\u00e1dzanie prek\u00e1\u017ekami a udr\u017eanie kontroly nad vozidlom.<\/li>\n<li>N\u00e1morn\u00e9 a leteck\u00e9 aplik\u00e1cie: Hydraulick\u00e9 valce riadenia sa neobmedzuj\u00fa len na pozemn\u00e9 vozidl\u00e1. Pou\u017e\u00edvaj\u00fa sa aj v n\u00e1morn\u00fdch aplik\u00e1ci\u00e1ch, ako s\u00fa \u010dlny a lode, ako aj v leteckej technol\u00f3gii, ako s\u00fa kozmick\u00e9 lode a lietadl\u00e1. V t\u00fdchto prostrediach sa hydraulick\u00e9 valce pou\u017e\u00edvaj\u00fa na manipul\u00e1ciu so smerom kormidiel, plutiev a in\u00fdch riadiacich pl\u00f4ch, ktor\u00e9 pom\u00e1haj\u00fa riadi\u0165 plavidlo alebo lietadlo.<\/li>\n<li>Priemyseln\u00e9 zariadenia: Hydraulick\u00e9 valce sa tie\u017e pou\u017e\u00edvaj\u00fa v r\u00f4znych priemyseln\u00fdch prostrediach na riadenie a in\u00e9 aplik\u00e1cie. M\u00f4\u017eu sa napr\u00edklad pou\u017ei\u0165 na riadenie \u017eeriavov, vysokozdvi\u017en\u00fdch voz\u00edkov alebo in\u00fdch \u0165a\u017ek\u00fdch strojov. V t\u00fdchto prostrediach m\u00f4\u017eu hydraulick\u00e9 valce poskytn\u00fa\u0165 potrebn\u00fd v\u00fdkon a presnos\u0165 na manipul\u00e1ciu s ve\u013ek\u00fdmi bremenami alebo na pr\u00e1cu v stiesnen\u00fdch priestoroch.<\/li>\n<li>Z\u00e1kazkov\u00e9 aplik\u00e1cie: Okrem t\u00fdchto be\u017en\u00fdch aplik\u00e1ci\u00ed sa hydraulick\u00e9 valce riadenia m\u00f4\u017eu pou\u017e\u00edva\u0165 aj v r\u00f4znych z\u00e1kazkov\u00fdch nastaveniach. M\u00f4\u017eu sa napr\u00edklad pou\u017ei\u0165 v experiment\u00e1lnych vozidl\u00e1ch alebo prototypoch, ktor\u00e9 vy\u017eaduj\u00fa jedine\u010dn\u00fd mechanizmus riadenia. M\u00f4\u017eu sa tie\u017e pou\u017ei\u0165 v umeleck\u00fdch in\u0161tal\u00e1ci\u00e1ch alebo kinetick\u00fdch soch\u00e1ch, ktor\u00e9 vy\u017eaduj\u00fa presn\u00fd a kontrolovan\u00fd pohyb.<\/li>\n<\/ol>\n<p>Ako vid\u00edte, hydraulick\u00e9 valce riadenia maj\u00fa \u0161irok\u00e9 uplatnenie v r\u00f4znych odvetviach a prostrediach. \u010ci u\u017e sa pou\u017e\u00edvaj\u00fa v \u0165a\u017ek\u00fdch \u00fa\u017eitkov\u00fdch vozidl\u00e1ch, ter\u00e9nnych vozidl\u00e1ch, n\u00e1morn\u00fdch a leteck\u00fdch aplik\u00e1ci\u00e1ch, priemyseln\u00fdch zariadeniach alebo v z\u00e1kazkov\u00fdch aplik\u00e1ci\u00e1ch, tieto valce poskytuj\u00fa potrebn\u00fd v\u00fdkon, presnos\u0165 a kontrolu pre efekt\u00edvne riadenie.<\/p>\n<h2>O FMP<\/h2>\n<p>Spolo\u010dnos\u0165 FMP je popredn\u00fdm v\u00fdrobcom a distrib\u00fatorom vysokokvalitn\u00fdch hydraulick\u00fdch valcov, s\u00faprav valcov a komponentov pre stavebn\u00e9 stroje. V\u010faka dlhoro\u010dn\u00fdm sk\u00fasenostiam v tomto odvetv\u00ed a profesion\u00e1lnemu t\u00edmu sme odhodlan\u00ed poskytova\u0165 na\u0161im z\u00e1kazn\u00edkom spo\u013eahliv\u00e9 a efekt\u00edvne rie\u0161enia pre ich potreby v oblasti stavebn\u00fdch strojov.<\/p>\n<p>Tu je p\u00e4\u0165 d\u00f4vodov, pre\u010do by ste si mali vybra\u0165 FMP:<\/p>\n<ol>\n<li><strong>Vysokokvalitn\u00e9 hydraulick\u00e9 valce:<\/strong> Na v\u00fdrobu na\u0161ich hydraulick\u00fdch valcov pou\u017e\u00edvame presn\u00e9 in\u017einierstvo. N\u00e1\u0161 pevn\u00fd z\u00e1v\u00e4zok ku kvalite zaru\u010duje, \u017ee pou\u017e\u00edvame iba najkvalitnej\u0161ie suroviny a vykon\u00e1vame pr\u00edsne kontroly kvality hotov\u00fdch v\u00fdrobkov, aby sme zabezpe\u010dili, \u017ee sp\u013a\u0148aj\u00fa a prekra\u010duj\u00fa priemyseln\u00e9 \u0161tandardy.<\/li>\n<li><strong>Rozsiahly sortiment produktov:<\/strong> N\u00e1\u0161 sortiment zah\u0155\u0148a v\u0161etky typy stavebn\u00fdch strojov a pr\u00edslu\u0161enstva. Pon\u00fakame r\u00f4zne hydraulick\u00e9 valce, prevodovky, re\u0165aze, ozuben\u00e9 koles\u00e1, pr\u00edslu\u0161enstvo k motorom, komponenty hydraulick\u00fdch syst\u00e9mov, pr\u00edslu\u0161enstvo k podvozkom a pr\u00edslu\u0161enstvo k elektrick\u00fdm syst\u00e9mom.<\/li>\n<li><strong>Nadviazan\u00e9 partnerstv\u00e1:<\/strong> Vybudovali sme si dlhodob\u00e9 a stabiln\u00e9 partnerstv\u00e1 s mnoh\u00fdmi kvalitn\u00fdmi dom\u00e1cimi aj zahrani\u010dn\u00fdmi dod\u00e1vate\u013emi. To zaru\u010duje, \u017ee v\u0161etko dod\u00e1van\u00e9 pr\u00edslu\u0161enstvo sp\u013a\u0148a na\u0161e pr\u00edsne \u0161tandardy kvality.<\/li>\n<li><strong>Sk\u00fasen\u00fd obchodn\u00fd t\u00edm:<\/strong> N\u00e1\u0161 obchodn\u00fd t\u00edm m\u00e1 dlhoro\u010dn\u00e9 sk\u00fasenosti a znalosti v oblasti stavebn\u00fdch strojov. M\u00f4\u017ee v\u00e1m poskytn\u00fa\u0165 profesion\u00e1lne konzult\u00e1cie o produktoch a inteligentn\u00e9 rady oh\u013eadom n\u00e1kupu, ktor\u00e9 v\u00e1m pom\u00f4\u017eu robi\u0165 informovan\u00e9 rozhodnutia.<\/li>\n<li><strong>Efekt\u00edvny logistick\u00fd distribu\u010dn\u00fd syst\u00e9m:<\/strong> M\u00e1me efekt\u00edvny logistick\u00fd distribu\u010dn\u00fd syst\u00e9m, aby sme zabezpe\u010dili, \u017ee na\u0161i z\u00e1kazn\u00edci dostan\u00fa po\u017eadovan\u00e9 diely v\u010das a presne.<\/li>\n<\/ol>\n<p><img loading=\"lazy\" decoding=\"async\" class=\"aligncenter\" src=\"https:\/\/fmp-components.com\/wp-content\/uploads\/2025\/01\/Dump-Truck-Trailer-Hydraulic-Cylinder-product-3-3.webp\" alt=\"Hydraulick\u00fd valec\" width=\"1047\" height=\"767\" title=\"\"><\/p>\n<p>V spolo\u010dnosti FMP sa zav\u00e4zujeme poskytova\u0165 na\u0161im z\u00e1kazn\u00edkom vysoko kvalitn\u00e9 a spo\u013eahliv\u00e9 pr\u00edslu\u0161enstvo pre stavebn\u00e9 stroje a kompletn\u00e9 stroj\u00e1rske rie\u0161enia. V\u010faka modern\u00e9mu v\u00fdrobn\u00e9mu z\u00e1zemiu, CNC obr\u00e1bac\u00edm strojom, po\u010d\u00edta\u010dom podporovan\u00e9mu navrhovaniu, kvalifikovan\u00fdm zamestnancom, odborn\u00edkom na hydraulick\u00e9 syst\u00e9my, mont\u00e1\u017enikom valcov a predajcom sme preferovan\u00fdm partnerom, ktor\u00fd uspokoj\u00ed va\u0161e potreby v oblasti hydraulick\u00fdch valcov, s\u00faprav valcov a komponentov.<\/p>\n<p>Autor: CX<\/p>","protected":false},"excerpt":{"rendered":"<p>Italy Supplier Long Stroke Hydraulic Piston Cylinder for Agriculture Trailer Introducing the Italy Supplier Long Stroke Hydraulic Piston Cylinder for Agriculture Trailer, the perfect solution for all your agricultural trailer needs. With its advanced hydraulic technology, this piston cylinder offers exceptional durability and performance. Designed and manufactured by our trusted Italian supplier, this hydraulic piston [&hellip;]<\/p>","protected":false},"featured_media":2838,"comment_status":"closed","ping_status":"closed","template":"","meta":{"_et_pb_use_builder":"","_et_pb_old_content":"","_et_gb_content_width":""},"product_brand":[],"product_cat":[67],"product_tag":[34,70],"class_list":{"0":"post-2837","1":"product","2":"type-product","3":"status-publish","4":"has-post-thumbnail","6":"product_cat-steering-hydraulic-cylinder","7":"product_tag-hydraulic-cylinder","8":"product_tag-steering-hydraulic-cylinder","10":"first","11":"instock","12":"product-type-simple"},"_links":{"self":[{"href":"https:\/\/fmp-components.com\/sk\/wp-json\/wp\/v2\/product\/2837","targetHints":{"allow":["GET"]}}],"collection":[{"href":"https:\/\/fmp-components.com\/sk\/wp-json\/wp\/v2\/product"}],"about":[{"href":"https:\/\/fmp-components.com\/sk\/wp-json\/wp\/v2\/types\/product"}],"replies":[{"embeddable":true,"href":"https:\/\/fmp-components.com\/sk\/wp-json\/wp\/v2\/comments?post=2837"}],"wp:featuredmedia":[{"embeddable":true,"href":"https:\/\/fmp-components.com\/sk\/wp-json\/wp\/v2\/media\/2838"}],"wp:attachment":[{"href":"https:\/\/fmp-components.com\/sk\/wp-json\/wp\/v2\/media?parent=2837"}],"wp:term":[{"taxonomy":"product_brand","embeddable":true,"href":"https:\/\/fmp-components.com\/sk\/wp-json\/wp\/v2\/product_brand?post=2837"},{"taxonomy":"product_cat","embeddable":true,"href":"https:\/\/fmp-components.com\/sk\/wp-json\/wp\/v2\/product_cat?post=2837"},{"taxonomy":"product_tag","embeddable":true,"href":"https:\/\/fmp-components.com\/sk\/wp-json\/wp\/v2\/product_tag?post=2837"}],"curies":[{"name":"pracovn\u00fd list","href":"https:\/\/api.w.org\/{rel}","templated":true}]}}