{"id":2799,"date":"2025-01-04T05:22:33","date_gmt":"2025-01-04T05:22:33","guid":{"rendered":"https:\/\/fmp-components.com\/product\/italy-supplier-long-stroke-tractor-hydraulic-steering-cylinder-hydraulic-cylinder-double-acting\/"},"modified":"2025-03-18T02:07:21","modified_gmt":"2025-03-18T02:07:21","slug":"italy-supplier-long-stroke-tractor-hydraulic-steering-cylinder-hydraulic-cylinder-double-acting","status":"publish","type":"product","link":"https:\/\/fmp-components.com\/sk\/product\/italy-supplier-long-stroke-tractor-hydraulic-steering-cylinder-hydraulic-cylinder-double-acting\/","title":{"rendered":"Taliansky dod\u00e1vate\u013e s dlh\u00fdm zdvihom traktora, hydraulick\u00fd riadiaci valec, hydraulick\u00fd valec s dvojit\u00fdm \u00fa\u010dinkom"},"content":{"rendered":"<h2>Profesion\u00e1lny hydraulick\u00fd piestov\u00fd valec s dlh\u00fdm zdvihom a obojsmern\u00fdm posil\u0148ova\u010dom riadenia pre traktor<\/h2>\n<p>Profesion\u00e1lny hydraulick\u00fd piestov\u00fd valec posil\u0148ova\u010da riadenia s dlh\u00fdm zdvihom pre traktory je vysoko kvalitn\u00fd hydraulick\u00fd valec ur\u010den\u00fd na pou\u017eitie v traktoroch. Vyroben\u00fd z prvotriednych materi\u00e1lov, je tento valec odoln\u00fd, m\u00e1 dlh\u00fa \u017eivotnos\u0165 a je schopn\u00fd poskytova\u0165 spo\u013eahliv\u00fd v\u00fdkon aj v t\u00fdch naj\u0165a\u017e\u0161\u00edch podmienkach.<\/p>\n<p>Tento hydraulick\u00fd piestov\u00fd valec s dlh\u00fdm zdvihom je schopn\u00fd poskytn\u00fa\u0165 traktorom zv\u00fd\u0161en\u00fd v\u00fdkon a lep\u0161\u00ed v\u00fdkon. Je to obojsmern\u00fd valec, \u010do znamen\u00e1, \u017ee m\u00f4\u017ee fungova\u0165 v oboch smeroch, \u010do mu poskytuje v\u00e4\u010d\u0161iu v\u0161estrannos\u0165 a flexibilitu v r\u00f4znych aplik\u00e1ci\u00e1ch.<\/p>\n<p>V\u010faka posil\u0148ova\u010du riadenia tohto valca je mo\u017en\u00e9 traktory \u013eahko a efekt\u00edvne ovl\u00e1da\u0165 aj v n\u00e1ro\u010dn\u00fdch podmienkach. Kon\u0161trukcia hydraulick\u00e9ho piestu zais\u0165uje plynul\u00fd, presn\u00fd a spo\u013eahliv\u00fd pohyb valca, v\u010faka \u010domu je ide\u00e1lny na pou\u017eitie v r\u00f4znych po\u013enohospod\u00e1rskych a priemyseln\u00fdch aplik\u00e1ci\u00e1ch.<\/p>\n<p>\u010ci u\u017e h\u013ead\u00e1te kvalitn\u00fd hydraulick\u00fd valec pre v\u00e1\u0161 traktor alebo potrebujete spo\u013eahliv\u00fd a odoln\u00fd valec posil\u0148ova\u010da riadenia pre va\u0161e po\u013enohospod\u00e1rske alebo priemyseln\u00e9 zariadenia, profesion\u00e1lny hydraulick\u00fd piestov\u00fd valec s dlh\u00fdm zdvihom a obojsmern\u00fdm pohonom pre traktor je vynikaj\u00facou vo\u013ebou. V\u010faka svojej vysoko kvalitnej kon\u0161trukcii, pokro\u010dil\u00fdm funkci\u00e1m a v\u00fdnimo\u010dn\u00e9mu v\u00fdkonu tento valec ur\u010dite prekon\u00e1 va\u0161e o\u010dak\u00e1vania a prinesie v\u00fdnimo\u010dn\u00e9 v\u00fdsledky.<\/p>\n<h2>\u00davod do talianskeho dod\u00e1vate\u013ea s dlh\u00fdm zdvihom traktora, hydraulick\u00fd valec riadenia, dvoj\u010dinn\u00fd hydraulick\u00fd valec<\/h2>\n<p>Hydraulick\u00e9 valce s\u00fa u\u017e mnoho rokov neoddelite\u013enou s\u00fa\u010das\u0165ou stroj\u00e1rskeho priemyslu. Jedn\u00fdm z tak\u00fdchto produktov, ktor\u00fd sp\u00f4sobil revol\u00faciu v tomto odvetv\u00ed, je \u201ehydraulick\u00fd valec riadenia pre traktory s dlh\u00fdm zdvihom od talianskeho dod\u00e1vate\u013ea, dvoj\u010dinn\u00fd hydraulick\u00fd valec riadenia\u201c. Tento produkt nesie zna\u010dku kvality od spolo\u010dnosti FMP, popredn\u00e9ho hr\u00e1\u010da na trhu s hydraulick\u00fdmi valcami v Taliansku.<\/p>\n<h2>Klasifik\u00e1cia a v\u00fdhody<\/h2>\n<p>N\u00e1\u0161 sortiment produktov zah\u0155\u0148a hydraulick\u00e9 nakl\u00e1pacie valce, hydraulick\u00e9 riadiace valce a hydraulick\u00e9 zdv\u00edhacie valce. Ka\u017ed\u00e1 z t\u00fdchto kateg\u00f3ri\u00ed m\u00e1 \u0161pecifick\u00e9 pou\u017eitie a v\u00fdhody. \u201eHydraulick\u00fd valec riadenia pre traktory s dlh\u00fdm zdvihom od talianskeho dod\u00e1vate\u013ea s dvoj\u010dinn\u00fdm hydraulick\u00fdm valcom\u201c je obzvl\u00e1\u0161\u0165 zn\u00e1my svoj\u00edm v\u00fdnimo\u010dn\u00fdm v\u00fdkonom a \u00fa\u010dinnos\u0165ou.<\/p>\n<h2>In\u0161tal\u00e1cia, opravy a \u00fadr\u017eba<\/h2>\n<p>In\u0161tal\u00e1cia na\u0161ich hydraulick\u00fdch valcov je jednoduch\u00fd proces a poskytujeme k nemu jasn\u00e9 pokyny. Na\u0161e produkty s\u00fa navrhnut\u00e9 pre dlh\u00fa \u017eivotnos\u0165, ale v pr\u00edpade ak\u00fdchko\u013evek probl\u00e9mov pon\u00fakame aj opravy a \u00fadr\u017ebu.<\/p>\n<h2>V\u00fdber spr\u00e1vnych hydraulick\u00fdch produktov<\/h2>\n<p>V\u00fdber spr\u00e1vneho hydraulick\u00e9ho oleja a olejov\u00e9ho tesnenia je k\u013e\u00fa\u010dov\u00fd pre optim\u00e1lny v\u00fdkon hydraulick\u00fdch valcov. Pom\u00f4\u017eeme v\u00e1m s v\u00fdberom spr\u00e1vneho rie\u0161enia na z\u00e1klade va\u0161ich \u0161pecifick\u00fdch po\u017eiadaviek. Taktie\u017e v\u00e1m porad\u00edme, kedy a ako tieto komponenty vymeni\u0165.<\/p>\n<p><img decoding=\"async\" src=\"https:\/\/hzpt.com\/wp-content\/uploads\/2023\/11\/Steering-Hydraulic-Cylinder-4.webp\" alt=\"\" title=\"\"><\/p>\n<h2>Pou\u017eitie hydraulick\u00e9ho valca riadenia<\/h2>\n<p>Hydraulick\u00e9 valce riadenia s\u00fa z\u00e1kladn\u00fdmi s\u00fa\u010das\u0165ami syst\u00e9mov riadenia v r\u00f4znych typoch vozidiel. Tieto valce, zn\u00e1me aj ako ovl\u00e1da\u010de riadenia, pom\u00e1haj\u00fa premie\u0148a\u0165 energiu generovan\u00fa \u010derpadlom riadenia na line\u00e1rny pohyb, ktor\u00fd mo\u017eno pou\u017ei\u0165 na manipul\u00e1ciu so smerom kolies vozidla. Tu s\u00fa niektor\u00e9 z aplik\u00e1ci\u00ed hydraulick\u00fdch valcov riadenia:<\/p>\n<ol>\n<li>\u0164a\u017ek\u00e9 \u00fa\u017eitkov\u00e9 vozidl\u00e1: Hydraulick\u00e9 valce riadenia sa be\u017ene pou\u017e\u00edvaj\u00fa v \u0165a\u017ek\u00fdch \u00fa\u017eitkov\u00fdch vozidl\u00e1ch, ako s\u00fa n\u00e1kladn\u00e9 aut\u00e1, autobusy a stavebn\u00e9 stroje. Tieto vozidl\u00e1 vy\u017eaduj\u00fa na riadenie ve\u013ek\u00fa silu a hydraulick\u00fd valec dok\u00e1\u017ee vygenerova\u0165 potrebn\u00fa silu na ot\u00e1\u010danie kolies, aj ke\u010f je vozidlo za\u0165a\u017een\u00e9. Hydraulick\u00fd syst\u00e9m tie\u017e umo\u017e\u0148uje jemnej\u0161ie ovl\u00e1danie mechanizmu riadenia, \u010do vodi\u010dom u\u013eah\u010duje ovl\u00e1danie ve\u013ek\u00fdch a nepraktick\u00fdch vozidiel.<\/li>\n<li>Ter\u00e9nne vozidl\u00e1: Ter\u00e9nne vozidl\u00e1, ako s\u00fa \u0161tvorkolky, pieskov\u00e9 buginy a ter\u00e9nne motorky, tie\u017e vyu\u017e\u00edvaj\u00fa v\u00fdhody hydraulick\u00fdch valcov riadenia. Tieto vozidl\u00e1 \u010dasto jazdia v n\u00e1ro\u010dnom ter\u00e9ne, kde konven\u010dn\u00e9 mechanizmy riadenia nemusia by\u0165 \u00fa\u010dinn\u00e9. Hydraulick\u00e9 valce m\u00f4\u017eu poskytn\u00fa\u0165 potrebn\u00fd v\u00fdkon a presnos\u0165 na prech\u00e1dzanie prek\u00e1\u017ekami a udr\u017eanie kontroly nad vozidlom.<\/li>\n<li>N\u00e1morn\u00e9 a leteck\u00e9 aplik\u00e1cie: Hydraulick\u00e9 valce riadenia sa neobmedzuj\u00fa len na pozemn\u00e9 vozidl\u00e1. Pou\u017e\u00edvaj\u00fa sa aj v n\u00e1morn\u00fdch aplik\u00e1ci\u00e1ch, ako s\u00fa \u010dlny a lode, ako aj v leteckej technol\u00f3gii, ako s\u00fa kozmick\u00e9 lode a lietadl\u00e1. V t\u00fdchto prostrediach sa hydraulick\u00e9 valce pou\u017e\u00edvaj\u00fa na manipul\u00e1ciu so smerom kormidiel, plutiev a in\u00fdch riadiacich pl\u00f4ch, ktor\u00e9 pom\u00e1haj\u00fa riadi\u0165 plavidlo alebo lietadlo.<\/li>\n<li>Priemyseln\u00e9 zariadenia: Hydraulick\u00e9 valce sa tie\u017e pou\u017e\u00edvaj\u00fa v r\u00f4znych priemyseln\u00fdch prostrediach na riadenie a in\u00e9 aplik\u00e1cie. M\u00f4\u017eu sa napr\u00edklad pou\u017ei\u0165 na riadenie \u017eeriavov, vysokozdvi\u017en\u00fdch voz\u00edkov alebo in\u00fdch \u0165a\u017ek\u00fdch strojov. V t\u00fdchto prostrediach m\u00f4\u017eu hydraulick\u00e9 valce poskytn\u00fa\u0165 potrebn\u00fd v\u00fdkon a presnos\u0165 na manipul\u00e1ciu s ve\u013ek\u00fdmi bremenami alebo na pr\u00e1cu v stiesnen\u00fdch priestoroch.<\/li>\n<li>Z\u00e1kazkov\u00e9 aplik\u00e1cie: Okrem t\u00fdchto be\u017en\u00fdch aplik\u00e1ci\u00ed sa hydraulick\u00e9 valce riadenia m\u00f4\u017eu pou\u017e\u00edva\u0165 aj v r\u00f4znych z\u00e1kazkov\u00fdch nastaveniach. M\u00f4\u017eu sa napr\u00edklad pou\u017ei\u0165 v experiment\u00e1lnych vozidl\u00e1ch alebo prototypoch, ktor\u00e9 vy\u017eaduj\u00fa jedine\u010dn\u00fd mechanizmus riadenia. M\u00f4\u017eu sa tie\u017e pou\u017ei\u0165 v umeleck\u00fdch in\u0161tal\u00e1ci\u00e1ch alebo kinetick\u00fdch soch\u00e1ch, ktor\u00e9 vy\u017eaduj\u00fa presn\u00fd a kontrolovan\u00fd pohyb.<\/li>\n<\/ol>\n<p>Ako vid\u00edte, hydraulick\u00e9 valce riadenia maj\u00fa \u0161irok\u00e9 uplatnenie v r\u00f4znych odvetviach a prostrediach. \u010ci u\u017e sa pou\u017e\u00edvaj\u00fa v \u0165a\u017ek\u00fdch \u00fa\u017eitkov\u00fdch vozidl\u00e1ch, ter\u00e9nnych vozidl\u00e1ch, n\u00e1morn\u00fdch a leteck\u00fdch aplik\u00e1ci\u00e1ch, priemyseln\u00fdch zariadeniach alebo v z\u00e1kazkov\u00fdch aplik\u00e1ci\u00e1ch, tieto valce poskytuj\u00fa potrebn\u00fd v\u00fdkon, presnos\u0165 a kontrolu pre efekt\u00edvne riadenie.<\/p>\n<h2>O FMP<\/h2>\n<p>Spolo\u010dnos\u0165 FMP je popredn\u00fdm v\u00fdrobcom a distrib\u00fatorom vysokokvalitn\u00fdch hydraulick\u00fdch valcov, s\u00faprav valcov a komponentov pre stavebn\u00e9 stroje. V\u010faka dlhoro\u010dn\u00fdm sk\u00fasenostiam v tomto odvetv\u00ed a profesion\u00e1lnemu t\u00edmu sme odhodlan\u00ed poskytova\u0165 na\u0161im z\u00e1kazn\u00edkom spo\u013eahliv\u00e9 a efekt\u00edvne rie\u0161enia pre ich potreby v oblasti stavebn\u00fdch strojov.<\/p>\n<p>Tu je p\u00e4\u0165 d\u00f4vodov, pre\u010do by ste si mali vybra\u0165 FMP:<\/p>\n<ol>\n<li><strong>Vysokokvalitn\u00e9 hydraulick\u00e9 valce:<\/strong> Na v\u00fdrobu na\u0161ich hydraulick\u00fdch valcov pou\u017e\u00edvame presn\u00e9 in\u017einierstvo. N\u00e1\u0161 pevn\u00fd z\u00e1v\u00e4zok ku kvalite zaru\u010duje, \u017ee pou\u017e\u00edvame iba najkvalitnej\u0161ie suroviny a vykon\u00e1vame pr\u00edsne kontroly kvality hotov\u00fdch v\u00fdrobkov, aby sme zabezpe\u010dili, \u017ee sp\u013a\u0148aj\u00fa a prekra\u010duj\u00fa priemyseln\u00e9 \u0161tandardy.<\/li>\n<li><strong>Rozsiahly sortiment produktov:<\/strong> N\u00e1\u0161 sortiment zah\u0155\u0148a v\u0161etky typy stavebn\u00fdch strojov a pr\u00edslu\u0161enstva. Pon\u00fakame r\u00f4zne hydraulick\u00e9 valce, prevodovky, re\u0165aze, ozuben\u00e9 koles\u00e1, pr\u00edslu\u0161enstvo k motorom, komponenty hydraulick\u00fdch syst\u00e9mov, pr\u00edslu\u0161enstvo k podvozkom a pr\u00edslu\u0161enstvo k elektrick\u00fdm syst\u00e9mom.<\/li>\n<li><strong>Nadviazan\u00e9 partnerstv\u00e1:<\/strong> Vybudovali sme si dlhodob\u00e9 a stabiln\u00e9 partnerstv\u00e1 s mnoh\u00fdmi kvalitn\u00fdmi dom\u00e1cimi aj zahrani\u010dn\u00fdmi dod\u00e1vate\u013emi. To zaru\u010duje, \u017ee v\u0161etko dod\u00e1van\u00e9 pr\u00edslu\u0161enstvo sp\u013a\u0148a na\u0161e pr\u00edsne \u0161tandardy kvality.<\/li>\n<li><strong>Sk\u00fasen\u00fd obchodn\u00fd t\u00edm:<\/strong> N\u00e1\u0161 obchodn\u00fd t\u00edm m\u00e1 dlhoro\u010dn\u00e9 sk\u00fasenosti a znalosti v oblasti stavebn\u00fdch strojov. M\u00f4\u017ee v\u00e1m poskytn\u00fa\u0165 profesion\u00e1lne konzult\u00e1cie o produktoch a inteligentn\u00e9 rady oh\u013eadom n\u00e1kupu, ktor\u00e9 v\u00e1m pom\u00f4\u017eu robi\u0165 informovan\u00e9 rozhodnutia.<\/li>\n<li><strong>Efekt\u00edvny logistick\u00fd distribu\u010dn\u00fd syst\u00e9m:<\/strong> M\u00e1me efekt\u00edvny logistick\u00fd distribu\u010dn\u00fd syst\u00e9m, aby sme zabezpe\u010dili, \u017ee na\u0161i z\u00e1kazn\u00edci dostan\u00fa po\u017eadovan\u00e9 diely v\u010das a presne.<\/li>\n<\/ol>\n<p><img decoding=\"async\" src=\"https:\/\/fmp-components.com\/wp-content\/uploads\/2025\/01\/Dump-Truck-Trailer-Hydraulic-Cylinder-product-3-3.webp\" alt=\"Hydraulick\u00fd valec\" width=\"800\" title=\"\"><\/p>\n<p>V spolo\u010dnosti FMP sa zav\u00e4zujeme poskytova\u0165 na\u0161im z\u00e1kazn\u00edkom vysoko kvalitn\u00e9 a spo\u013eahliv\u00e9 pr\u00edslu\u0161enstvo pre stavebn\u00e9 stroje a kompletn\u00e9 stroj\u00e1rske rie\u0161enia. V\u010faka modern\u00e9mu v\u00fdrobn\u00e9mu z\u00e1zemiu, CNC obr\u00e1bac\u00edm strojom, po\u010d\u00edta\u010dom podporovan\u00e9mu navrhovaniu, kvalifikovan\u00fdm zamestnancom, odborn\u00edkom na hydraulick\u00e9 syst\u00e9my, mont\u00e1\u017enikom valcov a predajcom sme preferovan\u00fdm partnerom, ktor\u00fd uspokoj\u00ed va\u0161e potreby v oblasti hydraulick\u00fdch valcov, s\u00faprav valcov a komponentov.<\/p>\n<p>Autor: CX<\/p>","protected":false},"excerpt":{"rendered":"<p>Professional Long Stroke Two Way Hydraulic Piston Cylinder Power Steering Cylinder for Tractor The Professional Long Stroke Two Way Hydraulic Piston Cylinder Power Steering Cylinder for Tractor is a high-quality hydraulic cylinder designed for use in tractors. Made from premium quality materials, this cylinder is durable, long-lasting, and capable of delivering reliable performance in the [&hellip;]<\/p>","protected":false},"featured_media":2800,"comment_status":"closed","ping_status":"closed","template":"","meta":{"_et_pb_use_builder":"","_et_pb_old_content":"","_et_gb_content_width":""},"product_brand":[],"product_cat":[67],"product_tag":[34,70],"class_list":{"0":"post-2799","1":"product","2":"type-product","3":"status-publish","4":"has-post-thumbnail","6":"product_cat-steering-hydraulic-cylinder","7":"product_tag-hydraulic-cylinder","8":"product_tag-steering-hydraulic-cylinder","10":"first","11":"instock","12":"product-type-simple"},"_links":{"self":[{"href":"https:\/\/fmp-components.com\/sk\/wp-json\/wp\/v2\/product\/2799","targetHints":{"allow":["GET"]}}],"collection":[{"href":"https:\/\/fmp-components.com\/sk\/wp-json\/wp\/v2\/product"}],"about":[{"href":"https:\/\/fmp-components.com\/sk\/wp-json\/wp\/v2\/types\/product"}],"replies":[{"embeddable":true,"href":"https:\/\/fmp-components.com\/sk\/wp-json\/wp\/v2\/comments?post=2799"}],"wp:featuredmedia":[{"embeddable":true,"href":"https:\/\/fmp-components.com\/sk\/wp-json\/wp\/v2\/media\/2800"}],"wp:attachment":[{"href":"https:\/\/fmp-components.com\/sk\/wp-json\/wp\/v2\/media?parent=2799"}],"wp:term":[{"taxonomy":"product_brand","embeddable":true,"href":"https:\/\/fmp-components.com\/sk\/wp-json\/wp\/v2\/product_brand?post=2799"},{"taxonomy":"product_cat","embeddable":true,"href":"https:\/\/fmp-components.com\/sk\/wp-json\/wp\/v2\/product_cat?post=2799"},{"taxonomy":"product_tag","embeddable":true,"href":"https:\/\/fmp-components.com\/sk\/wp-json\/wp\/v2\/product_tag?post=2799"}],"curies":[{"name":"pracovn\u00fd list","href":"https:\/\/api.w.org\/{rel}","templated":true}]}}