{"id":2797,"date":"2025-01-04T05:22:33","date_gmt":"2025-01-04T05:22:33","guid":{"rendered":"https:\/\/fmp-components.com\/product\/factory-direct-sale-long-stroke-tractor-hydraulic-steering-cylinder-for-agriculture-trailer\/"},"modified":"2025-03-18T01:35:25","modified_gmt":"2025-03-18T01:35:25","slug":"factory-direct-sale-long-stroke-tractor-hydraulic-steering-cylinder-for-agriculture-trailer","status":"publish","type":"product","link":"https:\/\/fmp-components.com\/sk\/product\/factory-direct-sale-long-stroke-tractor-hydraulic-steering-cylinder-for-agriculture-trailer\/","title":{"rendered":"Priamy predaj z tov\u00e1rne s dlh\u00fdm zdvihom traktora s hydraulick\u00fdm valcom riadenia pre po\u013enohospod\u00e1rsky pr\u00edves"},"content":{"rendered":"<p><span style=\"color: #333333; font-size: 26px;\">Popis produktu:<\/span><\/p>\n<div class=\"product-description\">\n<p>Taliansky dod\u00e1vate\u013e traktorov\u00e9ho hydraulick\u00e9ho valca s dlh\u00fdm zdvihom, dvoj\u010dinn\u00fd hydraulick\u00fd valec je vysoko kvalitn\u00fd hydraulick\u00fd valec ur\u010den\u00fd pre traktory a in\u00e9 po\u013enohospod\u00e1rske stroje. Vyr\u00e1ba ho spo\u013eahliv\u00fd taliansky dod\u00e1vate\u013e a je vyroben\u00fd pre dlh\u00fa \u017eivotnos\u0165.<\/p>\n<p>Tento dvoj\u010dinn\u00fd hydraulick\u00fd valec sa vyzna\u010duje dlh\u00fdm zdvihom, v\u010faka \u010domu je ide\u00e1lny na riadenie. Je vyroben\u00fd z prvotriednych materi\u00e1lov vr\u00e1tane vysokopevnostnej ocele a odoln\u00fdch tesnen\u00ed, \u010do zais\u0165uje optim\u00e1lny v\u00fdkon a dlh\u00fa \u017eivotnos\u0165.<\/p>\n<p>V\u010faka dvoj\u010dinnej kon\u0161trukcii je tento hydraulick\u00fd valec schopn\u00fd zabezpe\u010di\u0165 plynul\u00fd a efekt\u00edvny chod v oboch smeroch. V\u010faka jednoduchej kon\u0161trukcii a u\u017e\u00edvate\u013esky pr\u00edvetiv\u00fdm funkci\u00e1m sa tie\u017e \u013eahko in\u0161taluje a udr\u017eiava.<\/p>\n<p>Celkovo je hydraulick\u00fd valec riadenia pre traktory s dlh\u00fdm zdvihom od talianskeho dod\u00e1vate\u013ea s dvoj\u010dinn\u00fdm hydraulick\u00fdm valcom vynikaj\u00facou vo\u013ebou pre majite\u013eov po\u013enohospod\u00e1rskych strojov, ktor\u00ed h\u013eadaj\u00fa spo\u013eahliv\u00fd a odoln\u00fd hydraulick\u00fd valec, ktor\u00fd vydr\u017e\u00ed aj tie naj\u0165a\u017e\u0161ie podmienky.<\/p>\n<\/div>\n<h2>Stru\u010dn\u00e1 hist\u00f3ria a klasifik\u00e1cia hydraulick\u00fdch valcov riadenia<\/h2>\n<p>Hydraulick\u00e9 valce riadenia s\u00fa u\u017e desa\u0165ro\u010dia neoddelite\u013enou s\u00fa\u010das\u0165ou po\u013enohospod\u00e1rskych a priemyseln\u00fdch strojov. S\u00fa navrhnut\u00e9 tak, aby poskytovali v\u00fdkonn\u00e9 a presn\u00e9 ovl\u00e1danie syst\u00e9mov riadenia strojov. Medzi hlavn\u00e9 typy patria hydraulick\u00e9 nakl\u00e1pacie valce, hydraulick\u00e9 riadiace valce a hydraulick\u00e9 zdv\u00edhacie valce, pri\u010dom ka\u017ed\u00fd z nich sl\u00fa\u017ei na \u0161pecifick\u00e9 funkcie v r\u00f4znych strojoch.<\/p>\n<h3>V\u00fdhody na\u0161ich hydraulick\u00fdch valcov riadenia<\/h3>\n<ul>\n<li>Vysokokvalitn\u00fd oce\u013eov\u00fd materi\u00e1l tela pre odolnos\u0165 a dlh\u00fa \u017eivotnos\u0165<\/li>\n<li>Prisp\u00f4sobite\u013en\u00e1 ve\u013ekos\u0165 zdvihu od 4 do 100 palcov pre uspokojenie potrieb r\u00f4znych strojov<\/li>\n<li>Certifik\u00e1cia ISO9001:2000 zaru\u010duj\u00faca kvalitu a spo\u013eahlivos\u0165<\/li>\n<li>1-ro\u010dn\u00e1 z\u00e1ruka na z\u00e1kladn\u00e9 komponenty pre pokoj v du\u0161i<\/li>\n<\/ul>\n<h2>V\u00fdber spr\u00e1vneho hydraulick\u00e9ho oleja a tesnenia<\/h2>\n<p>V\u00fdber spr\u00e1vneho hydraulick\u00e9ho oleja a tesnenia je k\u013e\u00fa\u010dov\u00fd pre v\u00fdkon a \u017eivotnos\u0165 v\u00e1\u0161ho hydraulick\u00e9ho valca riadenia. Olej by mal by\u0165 kompatibiln\u00fd s materi\u00e1lom valca a prev\u00e1dzkovou teplotou. Tesnenie by malo by\u0165 schopn\u00e9 odola\u0165 tlaku vyv\u00edjan\u00e9mu valcom a zabr\u00e1ni\u0165 \u00faniku oleja.<\/p>\n<h3>Kedy a ako vymeni\u0165 hydraulick\u00fd valec riadenia<\/h3>\n<p><img decoding=\"async\" src=\"https:\/\/hzpt.com\/wp-content\/uploads\/2023\/11\/agricultural-machinery-hydraulic-cylinder-4.webp\" alt=\"\" title=\"\"><\/p>\n<p>Pravideln\u00e1 \u00fadr\u017eba a kontrola m\u00f4\u017eu pred\u013a\u017ei\u0165 \u017eivotnos\u0165 v\u00e1\u0161ho hydraulick\u00e9ho valca riadenia. Ak si v\u0161ak v\u0161imnete ak\u00e9ko\u013evek zn\u00e1mky opotrebovania, zn\u00ed\u017een\u00e9ho v\u00fdkonu alebo \u00faniku oleja, m\u00f4\u017ee by\u0165 \u010das na v\u00fdmenu. Proces v\u00fdmeny zah\u0155\u0148a odstr\u00e1nenie star\u00e9ho valca, in\u0161tal\u00e1ciu nov\u00e9ho a zabezpe\u010denie jeho spr\u00e1vneho utesnenia a pripojenia.<\/p>\n<h2>Ako si vybra\u0165 vhodn\u00fa nap\u00e1jaciu jednotku<\/h2>\n<p>Pohonn\u00e1 jednotka poh\u00e1\u0148a hydraulick\u00fd valec riadenia a mala by sa vybra\u0165 na z\u00e1klade po\u017eiadaviek na v\u00fdkon valca, celkov\u00fdch potrieb stroja na v\u00fdkon a pracovn\u00fdch podmienok. Vhodn\u00e1 pohonn\u00e1 jednotka zabezpe\u010d\u00ed efekt\u00edvnu a plynul\u00e9 fungovanie v\u00e1\u0161ho stroja.<\/p>\n<h2>Pou\u017eitie hydraulick\u00e9ho valca riadenia<\/h2>\n<p>Hydraulick\u00e9 valce riadenia s\u00fa z\u00e1kladn\u00fdmi s\u00fa\u010das\u0165ami syst\u00e9mov riadenia v r\u00f4znych typoch vozidiel. Tieto valce, zn\u00e1me aj ako ovl\u00e1da\u010de riadenia, pom\u00e1haj\u00fa premie\u0148a\u0165 energiu generovan\u00fa \u010derpadlom riadenia na line\u00e1rny pohyb, ktor\u00fd mo\u017eno pou\u017ei\u0165 na manipul\u00e1ciu so smerom kolies vozidla. Tu s\u00fa niektor\u00e9 z aplik\u00e1ci\u00ed hydraulick\u00fdch valcov riadenia:<\/p>\n<ol>\n<li>\u0164a\u017ek\u00e9 \u00fa\u017eitkov\u00e9 vozidl\u00e1:\n<p>Hydraulick\u00e9 valce riadenia sa be\u017ene pou\u017e\u00edvaj\u00fa v \u0165a\u017ek\u00fdch \u00fa\u017eitkov\u00fdch vozidl\u00e1ch, ako s\u00fa n\u00e1kladn\u00e9 aut\u00e1, autobusy a stavebn\u00e9 stroje. Tieto vozidl\u00e1 vy\u017eaduj\u00fa na riadenie ve\u013ek\u00fa silu a hydraulick\u00fd valec dok\u00e1\u017ee vygenerova\u0165 potrebn\u00fa silu na ot\u00e1\u010danie kolies, aj ke\u010f je vozidlo za\u0165a\u017een\u00e9. Hydraulick\u00fd syst\u00e9m tie\u017e umo\u017e\u0148uje jemnej\u0161ie ovl\u00e1danie mechanizmu riadenia, \u010do vodi\u010dom u\u013eah\u010duje ovl\u00e1danie ve\u013ek\u00fdch a nepraktick\u00fdch vozidiel.<\/li>\n<li>Ter\u00e9nne vozidl\u00e1:\n<p>Ter\u00e9nne vozidl\u00e1, ako s\u00fa \u0161tvorkolky, pieskov\u00e9 buginy a ter\u00e9nne motorky, tie\u017e vyu\u017e\u00edvaj\u00fa v\u00fdhody hydraulick\u00fdch valcov riadenia. Tieto vozidl\u00e1 \u010dasto jazdia v n\u00e1ro\u010dnom ter\u00e9ne, kde konven\u010dn\u00e9 mechanizmy riadenia nemusia by\u0165 \u00fa\u010dinn\u00e9. Hydraulick\u00e9 valce m\u00f4\u017eu poskytn\u00fa\u0165 potrebn\u00fd v\u00fdkon a presnos\u0165 na prech\u00e1dzanie prek\u00e1\u017ekami a udr\u017eanie kontroly nad vozidlom.<\/li>\n<li>N\u00e1morn\u00e9 a leteck\u00e9 aplik\u00e1cie:\n<p>Hydraulick\u00e9 valce riadenia sa neobmedzuj\u00fa len na pozemn\u00e9 vozidl\u00e1. Pou\u017e\u00edvaj\u00fa sa aj v n\u00e1morn\u00fdch aplik\u00e1ci\u00e1ch, ako s\u00fa \u010dlny a lode, ako aj v leteckej a kozmickej technol\u00f3gii, ako s\u00fa kozmick\u00e9 lode a lietadl\u00e1. V t\u00fdchto zariadeniach sa hydraulick\u00e9 valce pou\u017e\u00edvaj\u00fa na manipul\u00e1ciu so smerom kormidiel, plutiev a in\u00fdch riadiacich pl\u00f4ch, ktor\u00e9 pom\u00e1haj\u00fa riadi\u0165 plavidlo alebo lietadlo.<\/li>\n<li>Priemyseln\u00e9 zariadenia:\n<p>Hydraulick\u00e9 valce sa tie\u017e pou\u017e\u00edvaj\u00fa v r\u00f4znych priemyseln\u00fdch prostrediach na riadenie a in\u00e9 aplik\u00e1cie. M\u00f4\u017eu sa napr\u00edklad pou\u017ei\u0165 na riadenie \u017eeriavov, vysokozdvi\u017en\u00fdch voz\u00edkov alebo in\u00fdch \u0165a\u017ek\u00fdch strojov. V t\u00fdchto prostrediach m\u00f4\u017eu hydraulick\u00e9 valce poskytn\u00fa\u0165 potrebn\u00fd v\u00fdkon a presnos\u0165 na manipul\u00e1ciu s ve\u013ek\u00fdmi bremenami alebo na pr\u00e1cu v stiesnen\u00fdch priestoroch.<\/li>\n<li>Vlastn\u00e9 aplik\u00e1cie:\n<p>Okrem t\u00fdchto be\u017en\u00fdch aplik\u00e1ci\u00ed sa hydraulick\u00e9 valce riadenia m\u00f4\u017eu pou\u017e\u00edva\u0165 aj v r\u00f4znych z\u00e1kazkov\u00fdch nastaveniach. M\u00f4\u017eu sa napr\u00edklad pou\u017ei\u0165 v experiment\u00e1lnych vozidl\u00e1ch alebo prototypoch, ktor\u00e9 vy\u017eaduj\u00fa jedine\u010dn\u00fd mechanizmus riadenia. M\u00f4\u017eu sa tie\u017e pou\u017ei\u0165 v umeleck\u00fdch in\u0161tal\u00e1ci\u00e1ch alebo kinetick\u00fdch soch\u00e1ch, ktor\u00e9 vy\u017eaduj\u00fa presn\u00fd a kontrolovan\u00fd pohyb.<\/li>\n<\/ol>\n<p>Ako vid\u00edte, hydraulick\u00e9 valce riadenia maj\u00fa \u0161irok\u00e9 uplatnenie v r\u00f4znych odvetviach a prostrediach. \u010ci u\u017e sa pou\u017e\u00edvaj\u00fa v \u0165a\u017ek\u00fdch \u00fa\u017eitkov\u00fdch vozidl\u00e1ch, ter\u00e9nnych vozidl\u00e1ch, n\u00e1morn\u00fdch a leteck\u00fdch aplik\u00e1ci\u00e1ch, priemyseln\u00fdch zariadeniach alebo v z\u00e1kazkov\u00fdch aplik\u00e1ci\u00e1ch, tieto valce poskytuj\u00fa potrebn\u00fd v\u00fdkon, presnos\u0165 a kontrolu pre efekt\u00edvne riadenie.<\/p>\n<h2>O FMP<\/h2>\n<p>Spolo\u010dnos\u0165 FMP je popredn\u00fdm v\u00fdrobcom a distrib\u00fatorom vysokokvalitn\u00fdch hydraulick\u00fdch valcov, s\u00faprav valcov a komponentov pre stavebn\u00e9 stroje. V\u010faka dlhoro\u010dn\u00fdm sk\u00fasenostiam v tomto odvetv\u00ed a profesion\u00e1lnemu t\u00edmu sme odhodlan\u00ed poskytova\u0165 na\u0161im z\u00e1kazn\u00edkom spo\u013eahliv\u00e9 a efekt\u00edvne rie\u0161enia pre ich potreby v oblasti stavebn\u00fdch strojov.<\/p>\n<p>Tu je p\u00e4\u0165 d\u00f4vodov, pre\u010do by ste si mali vybra\u0165 FMP:<\/p>\n<ol>\n<li><strong>Vysokokvalitn\u00e9 hydraulick\u00e9 valce:<\/strong> Na v\u00fdrobu na\u0161ich hydraulick\u00fdch valcov pou\u017e\u00edvame presn\u00e9 in\u017einierstvo. N\u00e1\u0161 pevn\u00fd z\u00e1v\u00e4zok ku kvalite zaru\u010duje, \u017ee pou\u017e\u00edvame iba najkvalitnej\u0161ie suroviny a vykon\u00e1vame pr\u00edsne kontroly kvality hotov\u00fdch v\u00fdrobkov, aby sme zabezpe\u010dili, \u017ee sp\u013a\u0148aj\u00fa a prekra\u010duj\u00fa priemyseln\u00e9 \u0161tandardy.<\/li>\n<li><strong>Rozsiahly sortiment produktov:<\/strong> N\u00e1\u0161 sortiment zah\u0155\u0148a v\u0161etky typy stavebn\u00fdch strojov a pr\u00edslu\u0161enstva. Pon\u00fakame r\u00f4zne hydraulick\u00e9 valce, prevodovky, re\u0165aze, ozuben\u00e9 koles\u00e1, pr\u00edslu\u0161enstvo k motorom, komponenty hydraulick\u00fdch syst\u00e9mov, pr\u00edslu\u0161enstvo k podvozkom a pr\u00edslu\u0161enstvo k elektrick\u00fdm syst\u00e9mom.<\/li>\n<li><strong>Nadviazan\u00e9 partnerstv\u00e1:<\/strong> Vybudovali sme si dlhodob\u00e9 a stabiln\u00e9 partnerstv\u00e1 s mnoh\u00fdmi kvalitn\u00fdmi dom\u00e1cimi aj zahrani\u010dn\u00fdmi dod\u00e1vate\u013emi. To zaru\u010duje, \u017ee v\u0161etko dod\u00e1van\u00e9 pr\u00edslu\u0161enstvo sp\u013a\u0148a na\u0161e pr\u00edsne \u0161tandardy kvality.<\/li>\n<li><strong>Sk\u00fasen\u00fd obchodn\u00fd t\u00edm:<\/strong> N\u00e1\u0161 obchodn\u00fd t\u00edm m\u00e1 dlhoro\u010dn\u00e9 sk\u00fasenosti a znalosti v oblasti stavebn\u00fdch strojov. M\u00f4\u017ee v\u00e1m poskytn\u00fa\u0165 profesion\u00e1lne konzult\u00e1cie o produktoch a inteligentn\u00e9 rady oh\u013eadom n\u00e1kupu, ktor\u00e9 v\u00e1m pom\u00f4\u017eu robi\u0165 informovan\u00e9 rozhodnutia.<\/li>\n<li><strong>Efekt\u00edvny logistick\u00fd distribu\u010dn\u00fd syst\u00e9m:<\/strong> M\u00e1me efekt\u00edvny logistick\u00fd distribu\u010dn\u00fd syst\u00e9m, aby sme zabezpe\u010dili, \u017ee na\u0161i z\u00e1kazn\u00edci dostan\u00fa po\u017eadovan\u00e9 diely v\u010das a presne.<\/li>\n<\/ol>\n<p><img decoding=\"async\" src=\"https:\/\/fmp-components.com\/wp-content\/uploads\/2025\/01\/Dump-Truck-Trailer-Hydraulic-Cylinder-product-3-3.webp\" alt=\"Hydraulick\u00fd valec\" width=\"800\" title=\"\"><\/p>\n<p>V spolo\u010dnosti FMP sa zav\u00e4zujeme poskytova\u0165 na\u0161im z\u00e1kazn\u00edkom vysoko kvalitn\u00e9 a spo\u013eahliv\u00e9 pr\u00edslu\u0161enstvo pre stavebn\u00e9 stroje a kompletn\u00e9 stroj\u00e1rske rie\u0161enia. V\u010faka modern\u00e9mu v\u00fdrobn\u00e9mu z\u00e1zemiu, CNC obr\u00e1bac\u00edm strojom, po\u010d\u00edta\u010dom podporovan\u00e9mu navrhovaniu, kvalifikovan\u00fdm zamestnancom, odborn\u00edkom na hydraulick\u00e9 syst\u00e9my, mont\u00e1\u017enikom valcov a predajcom sme preferovan\u00fdm partnerom, ktor\u00fd uspokoj\u00ed va\u0161e potreby v oblasti hydraulick\u00fdch valcov, s\u00faprav valcov a komponentov.<\/p>\n<p>Autor: CX<\/p>","protected":false},"excerpt":{"rendered":"<p>Product Description: Italy Supplier Long Stroke Tractor Hydraulic Steering Cylinder Hydraulic Cylinder Double Acting is a high-quality hydraulic cylinder designed for tractors and other agricultural machinery. It is manufactured by a reliable Italian supplier and built to last. This double-acting hydraulic cylinder features a long stroke, making it perfect for steering applications. It is made [&hellip;]<\/p>","protected":false},"featured_media":2798,"comment_status":"closed","ping_status":"closed","template":"","meta":{"_et_pb_use_builder":"","_et_pb_old_content":"","_et_gb_content_width":""},"product_brand":[],"product_cat":[67],"product_tag":[34,70],"class_list":{"0":"post-2797","1":"product","2":"type-product","3":"status-publish","4":"has-post-thumbnail","6":"product_cat-steering-hydraulic-cylinder","7":"product_tag-hydraulic-cylinder","8":"product_tag-steering-hydraulic-cylinder","10":"first","11":"instock","12":"product-type-simple"},"_links":{"self":[{"href":"https:\/\/fmp-components.com\/sk\/wp-json\/wp\/v2\/product\/2797","targetHints":{"allow":["GET"]}}],"collection":[{"href":"https:\/\/fmp-components.com\/sk\/wp-json\/wp\/v2\/product"}],"about":[{"href":"https:\/\/fmp-components.com\/sk\/wp-json\/wp\/v2\/types\/product"}],"replies":[{"embeddable":true,"href":"https:\/\/fmp-components.com\/sk\/wp-json\/wp\/v2\/comments?post=2797"}],"wp:featuredmedia":[{"embeddable":true,"href":"https:\/\/fmp-components.com\/sk\/wp-json\/wp\/v2\/media\/2798"}],"wp:attachment":[{"href":"https:\/\/fmp-components.com\/sk\/wp-json\/wp\/v2\/media?parent=2797"}],"wp:term":[{"taxonomy":"product_brand","embeddable":true,"href":"https:\/\/fmp-components.com\/sk\/wp-json\/wp\/v2\/product_brand?post=2797"},{"taxonomy":"product_cat","embeddable":true,"href":"https:\/\/fmp-components.com\/sk\/wp-json\/wp\/v2\/product_cat?post=2797"},{"taxonomy":"product_tag","embeddable":true,"href":"https:\/\/fmp-components.com\/sk\/wp-json\/wp\/v2\/product_tag?post=2797"}],"curies":[{"name":"pracovn\u00fd list","href":"https:\/\/api.w.org\/{rel}","templated":true}]}}