{"id":2786,"date":"2025-01-04T05:22:33","date_gmt":"2025-01-04T05:22:33","guid":{"rendered":"https:\/\/fmp-components.com\/product\/italy-supplier-long-stroke-hydraulic-cylinder-tractor-hydraulic-steering-cylinder\/"},"modified":"2025-03-18T01:33:40","modified_gmt":"2025-03-18T01:33:40","slug":"italy-supplier-long-stroke-hydraulic-cylinder-tractor-hydraulic-steering-cylinder","status":"publish","type":"product","link":"https:\/\/fmp-components.com\/sk\/product\/italy-supplier-long-stroke-hydraulic-cylinder-tractor-hydraulic-steering-cylinder\/","title":{"rendered":"Taliansky dod\u00e1vate\u013e s dlh\u00fdm zdvihom hydraulick\u00e9ho valca traktorov\u00e9ho hydraulick\u00e9ho valca riadenia"},"content":{"rendered":"<p>Za\u017eite bezkonkuren\u010dn\u00fa kvalitu mal\u00fdch hydraulick\u00fdch valcov posil\u0148ova\u010da riadenia FMP<\/p>\n<p>V spolo\u010dnosti FMP sme hrd\u00ed na to, \u017ee na\u0161im z\u00e1kazn\u00edkom poskytujeme mal\u00e9 hydraulick\u00e9 valce posil\u0148ova\u010da riadenia najvy\u0161\u0161ej kvality. Na\u0161e valce s\u00fa navrhnut\u00e9 tak, aby poskytovali v\u00fdnimo\u010dn\u00fd v\u00fdkon a odolnos\u0165, \u010d\u00edm zabezpe\u010duj\u00fa plynul\u00e9 a efekt\u00edvne riadenie.<\/p>\n<p>Na\u0161e mal\u00e9 hydraulick\u00e9 valce posil\u0148ova\u010da riadenia s\u00fa prec\u00edzne navrhnut\u00e9 a vyroben\u00e9 z najkvalitnej\u0161\u00edch materi\u00e1lov a pon\u00fakaj\u00fa bezkonkuren\u010dn\u00fa spo\u013eahlivos\u0165 a dlh\u00fa \u017eivotnos\u0165. \u010ci u\u017e ide o kompaktn\u00e9 aut\u00e1 alebo \u013eahk\u00e9 \u00fa\u017eitkov\u00e9 vozidl\u00e1, na\u0161e valce s\u00fa starostlivo vyroben\u00e9 tak, aby sp\u013a\u0148ali n\u00e1ro\u010dn\u00e9 po\u017eiadavky syst\u00e9mov posil\u0148ova\u010da riadenia.<\/p>\n<p>V\u010faka pokro\u010dil\u00fdm funkci\u00e1m, ako je technol\u00f3gia presn\u00fdch regula\u010dn\u00fdch ventilov a vynikaj\u00face tesniace schopnosti, na\u0161e valce poskytuj\u00fa bezprobl\u00e9mov\u00fa prev\u00e1dzku a efekt\u00edvny prenos v\u00fdkonu. V\u00fdsledkom je citliv\u00e9 a bezprobl\u00e9mov\u00e9 riadenie, ktor\u00e9 v\u00e1m umo\u017e\u0148uje \u013eahko a sebavedomo man\u00e9vrova\u0165 s vozidlom.<\/p>\n<p>Na\u0161e mal\u00e9 hydraulick\u00e9 valce posil\u0148ova\u010da riadenia nielen\u017ee pon\u00fakaj\u00fa v\u00fdnimo\u010dn\u00fd v\u00fdkon, ale s\u00fa tie\u017e navrhnut\u00e9 s oh\u013eadom na kompaktnos\u0165. Ich mal\u00e1 ve\u013ekos\u0165 umo\u017e\u0148uje jednoduch\u00fa in\u0161tal\u00e1ciu a integr\u00e1ciu do r\u00f4znych modelov a konfigur\u00e1ci\u00ed vozidiel.<\/p>\n<p>V spolo\u010dnosti FMP ch\u00e1peme d\u00f4le\u017eitos\u0165 kvality a spo\u013eahlivosti, pokia\u013e ide o komponenty posil\u0148ova\u010da riadenia. Preto na\u0161e mal\u00e9 hydraulick\u00e9 valce posil\u0148ova\u010da riadenia prech\u00e1dzaj\u00fa pr\u00edsnymi testami a procesmi zabezpe\u010denia kvality, aby sme zabezpe\u010dili, \u017ee sp\u013a\u0148aj\u00fa najvy\u0161\u0161ie priemyseln\u00e9 \u0161tandardy.<\/p>\n<p>Vysk\u00fa\u0161ajte bezkonkuren\u010dn\u00fa kvalitu mal\u00fdch hydraulick\u00fdch valcov posil\u0148ova\u010da riadenia FMP a vychutnajte si vynikaj\u00faci z\u00e1\u017eitok z jazdy. D\u00f4verujte na\u0161im odborn\u00fdm znalostiam a nechajte na\u0161e valce zv\u00fd\u0161i\u0165 v\u00fdkon a \u00fa\u010dinnos\u0165 v\u00e1\u0161ho syst\u00e9mu posil\u0148ova\u010da riadenia.<\/p>\n<p>Vyberte si FMP pre mal\u00e9 hydraulick\u00e9 valce posil\u0148ova\u010da riadenia, na ktor\u00e9 sa m\u00f4\u017eete spo\u013eahn\u00fa\u0165. Kontaktujte n\u00e1s e\u0161te dnes a dozviete sa viac o na\u0161ich produktoch a o tom, ako m\u00f4\u017eu by\u0165 prospe\u0161n\u00e9 pre va\u0161e vozidlo.<\/p>\n<h2>Stru\u010dn\u00fd \u00favod do hydraulick\u00fdch valcov<\/h2>\n<p>Hydraulick\u00e9 valce s\u00fa neoddelite\u013enou s\u00fa\u010das\u0165ou strojov s dlhou hist\u00f3riou siahaj\u00facou st\u00e1ro\u010dia. Hydraulick\u00e9 valce, p\u00f4vodne vyvinut\u00e9 za\u010diatkom 19. storo\u010dia, sa vyvinuli do mnoh\u00fdch typov a klasifik\u00e1ci\u00ed, z ktor\u00fdch ka\u017ed\u00e1 je vhodn\u00e1 pre r\u00f4zne aplik\u00e1cie a odvetvia.<\/p>\n<p><img decoding=\"async\" src=\"https:\/\/hzpt.com\/wp-content\/uploads\/2023\/11\/Steering-Hydraulic-Cylinder-5.webp\" alt=\"\" title=\"\"><\/p>\n<h3>V\u00fdhody hydraulick\u00fdch valcov<\/h3>\n<p>Hydraulick\u00e9 valce s\u00fa zn\u00e1me svojou obrovskou silou a poskytuj\u00fa vysok\u00fa \u00farove\u0148 sily v kompaktnom dizajne, v\u010faka \u010domu s\u00fa ide\u00e1lne pre \u0165a\u017ek\u00e9 stroje. S\u00fa tie\u017e neuverite\u013ene \u00fa\u010dinn\u00e9 s minim\u00e1lnymi stratami energie po\u010das prev\u00e1dzky. Okrem toho s\u00fa hydraulick\u00e9 valce odoln\u00e9 a vy\u017eaduj\u00fa si len mal\u00fa \u00fadr\u017ebu, \u010d\u00edm poskytuj\u00fa cenovo v\u00fdhodn\u00e9 rie\u0161enie pre mnoh\u00e9 priemyseln\u00e9 aplik\u00e1cie.<\/p>\n<h3>In\u0161tal\u00e1cia, opravy a \u00fadr\u017eba<\/h3>\n<p>In\u0161tal\u00e1cia hydraulick\u00fdch valcov si vy\u017eaduje presnos\u0165 a odborn\u00e9 znalosti, preto\u017ee nespr\u00e1vna in\u0161tal\u00e1cia m\u00f4\u017ee vies\u0165 k poruch\u00e1m a bezpe\u010dnostn\u00fdm rizik\u00e1m. Pravideln\u00e1 \u00fadr\u017eba a v\u010dasn\u00e9 opravy s\u00fa tie\u017e k\u013e\u00fa\u010dov\u00e9 pre zabezpe\u010denie dlhej \u017eivotnosti a optim\u00e1lneho v\u00fdkonu valcov.<\/p>\n<h2>V\u00fdber spr\u00e1vneho hydraulick\u00e9ho valca<\/h2>\n<p>V\u00fdber spr\u00e1vneho hydraulick\u00e9ho valca zah\u0155\u0148a zv\u00e1\u017eenie nieko\u013ek\u00fdch faktorov, ako je po\u017eadovan\u00e1 sila, d\u013a\u017eka zdvihu a pracovn\u00e9 prostredie. Napr\u00edklad hydraulick\u00fd valec s dlh\u00fdm zdvihom je ide\u00e1lny pre aplik\u00e1cie, ktor\u00e9 vy\u017eaduj\u00fa v\u00e4\u010d\u0161\u00ed rozsah pohybu, zatia\u013e \u010do hydraulick\u00fd valec riadenia je ur\u010den\u00fd pre mechanizmy riadenia.<\/p>\n<h3>Kedy a ako vymeni\u0165 hydraulick\u00e9 valce<\/h3>\n<p>Hydraulick\u00e9 valce by sa mali vymeni\u0165, ke\u010f vykazuj\u00fa zn\u00e1mky opotrebovania alebo po\u0161kodenia, alebo ke\u010f u\u017e neposkytuj\u00fa po\u017eadovan\u00fa silu. V\u00fdmena zah\u0155\u0148a demont\u00e1\u017e star\u00e9ho valca a in\u0161tal\u00e1ciu nov\u00e9ho, \u010do by mal vykona\u0165 odborn\u00edk, aby sa zabezpe\u010dila bezpe\u010dnos\u0165 a \u00fa\u010dinnos\u0165.<\/p>\n<p><img decoding=\"async\" src=\"https:\/\/hzpt.com\/wp-content\/uploads\/2023\/11\/Steering-Hydraulic-Cylinder-4.webp\" alt=\"\" title=\"\"><\/p>\n<h2>Pou\u017eitie hydraulick\u00e9ho valca riadenia<\/h2>\n<p>Hydraulick\u00e9 valce riadenia s\u00fa z\u00e1kladn\u00fdmi s\u00fa\u010das\u0165ami syst\u00e9mov riadenia v r\u00f4znych typoch vozidiel. Tieto valce, zn\u00e1me aj ako ovl\u00e1da\u010de riadenia, pom\u00e1haj\u00fa premie\u0148a\u0165 energiu generovan\u00fa \u010derpadlom riadenia na line\u00e1rny pohyb, ktor\u00fd mo\u017eno pou\u017ei\u0165 na manipul\u00e1ciu so smerom kolies vozidla. Tu s\u00fa niektor\u00e9 z aplik\u00e1ci\u00ed hydraulick\u00fdch valcov riadenia:<\/p>\n<ol>\n<li>\u0164a\u017ek\u00e9 \u00fa\u017eitkov\u00e9 vozidl\u00e1:\n<p>Hydraulick\u00e9 valce riadenia sa be\u017ene pou\u017e\u00edvaj\u00fa v \u0165a\u017ek\u00fdch \u00fa\u017eitkov\u00fdch vozidl\u00e1ch, ako s\u00fa n\u00e1kladn\u00e9 aut\u00e1, autobusy a stavebn\u00e9 stroje. Tieto vozidl\u00e1 vy\u017eaduj\u00fa na riadenie ve\u013ek\u00fa silu a hydraulick\u00fd valec dok\u00e1\u017ee vygenerova\u0165 potrebn\u00fa silu na ot\u00e1\u010danie kolies, aj ke\u010f je vozidlo za\u0165a\u017een\u00e9. Hydraulick\u00fd syst\u00e9m tie\u017e umo\u017e\u0148uje jemnej\u0161ie ovl\u00e1danie mechanizmu riadenia, \u010do vodi\u010dom u\u013eah\u010duje ovl\u00e1danie ve\u013ek\u00fdch a nepraktick\u00fdch vozidiel.<\/li>\n<li>Ter\u00e9nne vozidl\u00e1:\n<p>Ter\u00e9nne vozidl\u00e1, ako s\u00fa \u0161tvorkolky, pieskov\u00e9 buginy a ter\u00e9nne motorky, tie\u017e vyu\u017e\u00edvaj\u00fa v\u00fdhody hydraulick\u00fdch valcov riadenia. Tieto vozidl\u00e1 \u010dasto jazdia v n\u00e1ro\u010dnom ter\u00e9ne, kde konven\u010dn\u00e9 mechanizmy riadenia nemusia by\u0165 \u00fa\u010dinn\u00e9. Hydraulick\u00e9 valce m\u00f4\u017eu poskytn\u00fa\u0165 potrebn\u00fd v\u00fdkon a presnos\u0165 na prech\u00e1dzanie prek\u00e1\u017ekami a udr\u017eanie kontroly nad vozidlom.<\/li>\n<li>N\u00e1morn\u00e9 a leteck\u00e9 aplik\u00e1cie:\n<p>Hydraulick\u00e9 valce riadenia sa neobmedzuj\u00fa len na pozemn\u00e9 vozidl\u00e1. Pou\u017e\u00edvaj\u00fa sa aj v n\u00e1morn\u00fdch aplik\u00e1ci\u00e1ch, ako s\u00fa \u010dlny a lode, ako aj v leteckej a kozmickej technol\u00f3gii, ako s\u00fa kozmick\u00e9 lode a lietadl\u00e1. V t\u00fdchto zariadeniach sa hydraulick\u00e9 valce pou\u017e\u00edvaj\u00fa na manipul\u00e1ciu so smerom kormidiel, plutiev a in\u00fdch riadiacich pl\u00f4ch, ktor\u00e9 pom\u00e1haj\u00fa riadi\u0165 plavidlo alebo lietadlo.<\/li>\n<li>Priemyseln\u00e9 zariadenia:\n<p>Hydraulick\u00e9 valce sa tie\u017e pou\u017e\u00edvaj\u00fa v r\u00f4znych priemyseln\u00fdch prostrediach na riadenie a in\u00e9 aplik\u00e1cie. M\u00f4\u017eu sa napr\u00edklad pou\u017ei\u0165 na riadenie \u017eeriavov, vysokozdvi\u017en\u00fdch voz\u00edkov alebo in\u00fdch \u0165a\u017ek\u00fdch strojov. V t\u00fdchto prostrediach m\u00f4\u017eu hydraulick\u00e9 valce poskytn\u00fa\u0165 potrebn\u00fd v\u00fdkon a presnos\u0165 na manipul\u00e1ciu s ve\u013ek\u00fdmi bremenami alebo na pr\u00e1cu v stiesnen\u00fdch priestoroch.<\/li>\n<li>Vlastn\u00e9 aplik\u00e1cie:\n<p>Okrem t\u00fdchto be\u017en\u00fdch aplik\u00e1ci\u00ed sa hydraulick\u00e9 valce riadenia m\u00f4\u017eu pou\u017e\u00edva\u0165 aj v r\u00f4znych z\u00e1kazkov\u00fdch nastaveniach. M\u00f4\u017eu sa napr\u00edklad pou\u017ei\u0165 v experiment\u00e1lnych vozidl\u00e1ch alebo prototypoch, ktor\u00e9 vy\u017eaduj\u00fa jedine\u010dn\u00fd mechanizmus riadenia. M\u00f4\u017eu sa tie\u017e pou\u017ei\u0165 v umeleck\u00fdch in\u0161tal\u00e1ci\u00e1ch alebo kinetick\u00fdch soch\u00e1ch, ktor\u00e9 vy\u017eaduj\u00fa presn\u00fd a kontrolovan\u00fd pohyb.<\/li>\n<\/ol>\n<p>Ako vid\u00edte, hydraulick\u00e9 valce riadenia maj\u00fa \u0161irok\u00e9 uplatnenie v r\u00f4znych odvetviach a prostrediach. \u010ci u\u017e sa pou\u017e\u00edvaj\u00fa v \u0165a\u017ek\u00fdch \u00fa\u017eitkov\u00fdch vozidl\u00e1ch, ter\u00e9nnych vozidl\u00e1ch, n\u00e1morn\u00fdch a leteck\u00fdch aplik\u00e1ci\u00e1ch, priemyseln\u00fdch zariadeniach alebo v z\u00e1kazkov\u00fdch aplik\u00e1ci\u00e1ch, tieto valce poskytuj\u00fa potrebn\u00fd v\u00fdkon, presnos\u0165 a kontrolu pre efekt\u00edvne riadenie.<\/p>\n<h2>O FMP<\/h2>\n<p>Spolo\u010dnos\u0165 FMP je popredn\u00fdm v\u00fdrobcom a distrib\u00fatorom vysokokvalitn\u00fdch hydraulick\u00fdch valcov, s\u00faprav valcov a komponentov pre stavebn\u00e9 stroje. V\u010faka dlhoro\u010dn\u00fdm sk\u00fasenostiam v tomto odvetv\u00ed a profesion\u00e1lnemu t\u00edmu sme odhodlan\u00ed poskytova\u0165 na\u0161im z\u00e1kazn\u00edkom spo\u013eahliv\u00e9 a efekt\u00edvne rie\u0161enia pre ich potreby v oblasti stavebn\u00fdch strojov.<\/p>\n<p>Tu je p\u00e4\u0165 d\u00f4vodov, pre\u010do by ste si mali vybra\u0165 FMP:<\/p>\n<ol>\n<li><strong>Vysokokvalitn\u00e9 hydraulick\u00e9 valce:<\/strong> Na v\u00fdrobu na\u0161ich hydraulick\u00fdch valcov pou\u017e\u00edvame presn\u00e9 in\u017einierstvo. N\u00e1\u0161 pevn\u00fd z\u00e1v\u00e4zok ku kvalite zaru\u010duje, \u017ee pou\u017e\u00edvame iba najkvalitnej\u0161ie suroviny a vykon\u00e1vame pr\u00edsne kontroly kvality hotov\u00fdch v\u00fdrobkov, aby sme zabezpe\u010dili, \u017ee sp\u013a\u0148aj\u00fa a prekra\u010duj\u00fa priemyseln\u00e9 \u0161tandardy.<\/li>\n<li><strong>Rozsiahly sortiment produktov:<\/strong> N\u00e1\u0161 sortiment zah\u0155\u0148a v\u0161etky typy stavebn\u00fdch strojov a pr\u00edslu\u0161enstva. Pon\u00fakame r\u00f4zne hydraulick\u00e9 valce, prevodovky, re\u0165aze, ozuben\u00e9 koles\u00e1, pr\u00edslu\u0161enstvo k motorom, komponenty hydraulick\u00fdch syst\u00e9mov, pr\u00edslu\u0161enstvo k podvozkom a pr\u00edslu\u0161enstvo k elektrick\u00fdm syst\u00e9mom.<\/li>\n<li><strong>Nadviazan\u00e9 partnerstv\u00e1:<\/strong> Vybudovali sme si dlhodob\u00e9 a stabiln\u00e9 partnerstv\u00e1 s mnoh\u00fdmi kvalitn\u00fdmi dom\u00e1cimi aj zahrani\u010dn\u00fdmi dod\u00e1vate\u013emi. To zaru\u010duje, \u017ee v\u0161etko dod\u00e1van\u00e9 pr\u00edslu\u0161enstvo sp\u013a\u0148a na\u0161e pr\u00edsne \u0161tandardy kvality.<\/li>\n<li><strong>Sk\u00fasen\u00fd obchodn\u00fd t\u00edm:<\/strong> N\u00e1\u0161 obchodn\u00fd t\u00edm m\u00e1 dlhoro\u010dn\u00e9 sk\u00fasenosti a znalosti v oblasti stavebn\u00fdch strojov. M\u00f4\u017ee v\u00e1m poskytn\u00fa\u0165 profesion\u00e1lne konzult\u00e1cie o produktoch a inteligentn\u00e9 rady oh\u013eadom n\u00e1kupu, ktor\u00e9 v\u00e1m pom\u00f4\u017eu robi\u0165 informovan\u00e9 rozhodnutia.<\/li>\n<li><strong>Efekt\u00edvny logistick\u00fd distribu\u010dn\u00fd syst\u00e9m:<\/strong> M\u00e1me efekt\u00edvny logistick\u00fd distribu\u010dn\u00fd syst\u00e9m, aby sme zabezpe\u010dili, \u017ee na\u0161i z\u00e1kazn\u00edci dostan\u00fa po\u017eadovan\u00e9 diely v\u010das a presne.<\/li>\n<\/ol>\n<p><img decoding=\"async\" src=\"https:\/\/fmp-components.com\/wp-content\/uploads\/2025\/01\/Dump-Truck-Trailer-Hydraulic-Cylinder-product-3-3.webp\" alt=\"Hydraulick\u00fd valec\" width=\"800\" title=\"\"><\/p>\n<p>V spolo\u010dnosti FMP sa zav\u00e4zujeme poskytova\u0165 na\u0161im z\u00e1kazn\u00edkom vysoko kvalitn\u00e9 a spo\u013eahliv\u00e9 pr\u00edslu\u0161enstvo pre stavebn\u00e9 stroje a kompletn\u00e9 stroj\u00e1rske rie\u0161enia. V\u010faka modern\u00e9mu v\u00fdrobn\u00e9mu z\u00e1zemiu, CNC obr\u00e1bac\u00edm strojom, po\u010d\u00edta\u010dom podporovan\u00e9mu navrhovaniu, kvalifikovan\u00fdm zamestnancom, odborn\u00edkom na hydraulick\u00e9 syst\u00e9my, mont\u00e1\u017enikom valcov a predajcom sme preferovan\u00fdm partnerom, ktor\u00fd uspokoj\u00ed va\u0161e potreby v oblasti hydraulick\u00fdch valcov, s\u00faprav valcov a komponentov.<\/p>\n<p>Autor: CX<\/p>","protected":false},"excerpt":{"rendered":"<p>Experience the Unmatched Quality of FMP&#8217;s Small Power Steering Hydraulic Cylinders At FMP, we take pride in providing our customers with the highest quality small power steering hydraulic cylinders. Our cylinders are designed to deliver exceptional performance and durability, ensuring a smooth and efficient power steering experience. Engineered with precision and built with the finest [&hellip;]<\/p>","protected":false},"featured_media":2787,"comment_status":"closed","ping_status":"closed","template":"","meta":{"_et_pb_use_builder":"","_et_pb_old_content":"","_et_gb_content_width":""},"product_brand":[],"product_cat":[67],"product_tag":[34,70],"class_list":{"0":"post-2786","1":"product","2":"type-product","3":"status-publish","4":"has-post-thumbnail","6":"product_cat-steering-hydraulic-cylinder","7":"product_tag-hydraulic-cylinder","8":"product_tag-steering-hydraulic-cylinder","10":"first","11":"instock","12":"product-type-simple"},"_links":{"self":[{"href":"https:\/\/fmp-components.com\/sk\/wp-json\/wp\/v2\/product\/2786","targetHints":{"allow":["GET"]}}],"collection":[{"href":"https:\/\/fmp-components.com\/sk\/wp-json\/wp\/v2\/product"}],"about":[{"href":"https:\/\/fmp-components.com\/sk\/wp-json\/wp\/v2\/types\/product"}],"replies":[{"embeddable":true,"href":"https:\/\/fmp-components.com\/sk\/wp-json\/wp\/v2\/comments?post=2786"}],"wp:featuredmedia":[{"embeddable":true,"href":"https:\/\/fmp-components.com\/sk\/wp-json\/wp\/v2\/media\/2787"}],"wp:attachment":[{"href":"https:\/\/fmp-components.com\/sk\/wp-json\/wp\/v2\/media?parent=2786"}],"wp:term":[{"taxonomy":"product_brand","embeddable":true,"href":"https:\/\/fmp-components.com\/sk\/wp-json\/wp\/v2\/product_brand?post=2786"},{"taxonomy":"product_cat","embeddable":true,"href":"https:\/\/fmp-components.com\/sk\/wp-json\/wp\/v2\/product_cat?post=2786"},{"taxonomy":"product_tag","embeddable":true,"href":"https:\/\/fmp-components.com\/sk\/wp-json\/wp\/v2\/product_tag?post=2786"}],"curies":[{"name":"pracovn\u00fd list","href":"https:\/\/api.w.org\/{rel}","templated":true}]}}