{"id":2775,"date":"2025-01-04T05:22:33","date_gmt":"2025-01-04T05:22:33","guid":{"rendered":"https:\/\/fmp-components.com\/product\/professional-craftsmanship-small-hydraulic-cylinder-trailer-tractor-power-steering-cylinde\/"},"modified":"2025-03-18T01:41:41","modified_gmt":"2025-03-18T01:41:41","slug":"professional-craftsmanship-small-hydraulic-cylinder-trailer-tractor-power-steering-cylinde","status":"publish","type":"product","link":"https:\/\/fmp-components.com\/sk\/product\/professional-craftsmanship-small-hydraulic-cylinder-trailer-tractor-power-steering-cylinde\/","title":{"rendered":"Profesion\u00e1lne remeseln\u00e9 spracovanie Mal\u00fd hydraulick\u00fd valec Pr\u00edvesn\u00fd traktor Valec posil\u0148ova\u010da riadenia"},"content":{"rendered":"<h2>Prisp\u00f4soben\u00fd 10-tonov\u00fd hydraulick\u00fd piestov\u00fd valec<\/h2>\n<p>Prisp\u00f4soben\u00fd 10-tonov\u00fd hydraulick\u00fd piestov\u00fd valec je nevyhnutn\u00fdm n\u00e1strojom pre priemyseln\u00e9 aplik\u00e1cie. Tento valec je \u0161peci\u00e1lne navrhnut\u00fd tak, aby poskytoval spo\u013eahliv\u00fd a efekt\u00edvny v\u00fdkon pre \u0165a\u017ek\u00e9 stroje a zariadenia. S maxim\u00e1lnou nosnos\u0165ou 10 ton je ide\u00e1lny na pou\u017eitie v r\u00f4znych priemyseln\u00fdch prostrediach vr\u00e1tane v\u00fdrobn\u00fdch z\u00e1vodov, staven\u00edsk a bansk\u00fdch prev\u00e1dzok.<\/p>\n<p>Tento hydraulick\u00fd piestov\u00fd valec je vysoko prisp\u00f4sobite\u013en\u00fd \u0161pecifick\u00fdm potreb\u00e1m va\u0161ej prev\u00e1dzky. Vyzna\u010duje sa odolnou kon\u0161trukciou, ktor\u00e1 je odoln\u00e1 vo\u010di opotrebovaniu, \u010do zaru\u010duje dlh\u00fa \u017eivotnos\u0165. Okrem toho je navrhnut\u00fd s presn\u00fdm in\u017einierstvom, aby sa zabezpe\u010dila jeho plynul\u00e1 a konzistentn\u00e1 prev\u00e1dzka aj v t\u00fdch najn\u00e1ro\u010dnej\u0161\u00edch podmienkach.<\/p>\n<p>V\u010faka kompaktnej a \u013eahkej kon\u0161trukcii sa tento hydraulick\u00fd piestov\u00fd valec \u013eahko in\u0161taluje a udr\u017eiava. Je tie\u017e vybaven\u00fd radom bezpe\u010dnostn\u00fdch prvkov vr\u00e1tane pretlakov\u00fdch ventilov a ochrany proti pretlaku, aby sa zabezpe\u010dila jeho bezpe\u010dn\u00e1 a spo\u013eahliv\u00e1 prev\u00e1dzka za ka\u017ed\u00fdch okolnost\u00ed.<\/p>\n<p>Ak h\u013ead\u00e1te spo\u013eahliv\u00fd a v\u0161estrann\u00fd hydraulick\u00fd piestov\u00fd valec pre va\u0161e priemyseln\u00e9 aplik\u00e1cie, prisp\u00f4soben\u00fd 10-tonov\u00fd hydraulick\u00fd piestov\u00fd valec je perfektnou vo\u013ebou.<\/p>\n<p><img decoding=\"async\" src=\"https:\/\/hzpt.com\/wp-content\/uploads\/2023\/11\/Steering-Hydraulic-Cylinder-4.webp\" alt=\"\" title=\"\"><\/p>\n<h2>Stru\u010dn\u00e1 hist\u00f3ria a klasifik\u00e1cia hydraulick\u00fdch valcov<\/h2>\n<p>Hydraulick\u00e9 valce sa od svojho vzniku v\u00fdrazne vyvinuli. Dnes existuje mno\u017estvo typov vr\u00e1tane hydraulick\u00fdch nakl\u00e1pac\u00edch valcov, riadiacich valcov a zdv\u00edhac\u00edch valcov. Ka\u017ed\u00fd typ sl\u00fa\u017ei jedine\u010dn\u00e9mu \u00fa\u010delu v r\u00f4znych odvetviach.<\/p>\n<h2>V\u00fdhody hydraulick\u00fdch valcov<\/h2>\n<ul>\n<li>Efekt\u00edvny prenos v\u00fdkonu<\/li>\n<li>Generovanie vysokej sily<\/li>\n<li>Kompaktn\u00e1 ve\u013ekos\u0165 a hmotnos\u0165<\/li>\n<li>\u0160irok\u00e1 \u0161k\u00e1la aplik\u00e1ci\u00ed<\/li>\n<li>Jednoduch\u00e9 ovl\u00e1danie r\u00fdchlosti<\/li>\n<\/ul>\n<h2>In\u0161tal\u00e1cia, opravy a \u00fadr\u017eba<\/h2>\n<p>Spr\u00e1vna in\u0161tal\u00e1cia, oprava a \u00fadr\u017eba hydraulick\u00fdch valcov s\u00fa k\u013e\u00fa\u010dov\u00e9 pre ich v\u00fdkon a dlh\u00fa \u017eivotnos\u0165. Pravideln\u00e9 kontroly a v\u010dasn\u00e9 v\u00fdmeny m\u00f4\u017eu zabr\u00e1ni\u0165 potenci\u00e1lnym poruch\u00e1m a n\u00e1kladn\u00fdm oprav\u00e1m.<\/p>\n<h3>Ako si vybra\u0165 spr\u00e1vny hydraulick\u00fd olej a olejov\u00e9 tesnenie?<\/h3>\n<p>V\u00fdber spr\u00e1vneho hydraulick\u00e9ho oleja a olejov\u00e9ho tesnenia je nevyhnutn\u00fd pre optim\u00e1lne fungovanie hydraulick\u00fdch valcov. Mali by sa zv\u00e1\u017ei\u0165 faktory, ako je prev\u00e1dzkov\u00e1 teplota, tlak a typ valca.<\/p>\n<h3>Kedy a ako vymeni\u0165 hydraulick\u00e9 valce?<\/h3>\n<p>V\u00fdmena hydraulick\u00fdch valcov je nevyhnutn\u00e1, ak doch\u00e1dza k trval\u00e9mu slab\u00e9mu v\u00fdkonu alebo vidite\u013en\u00e9mu po\u0161kodeniu. Proces v\u00fdmeny zah\u0155\u0148a demont\u00e1\u017e star\u00e9ho valca a in\u0161tal\u00e1ciu nov\u00e9ho pod\u013ea pokynov v\u00fdrobcu.<\/p>\n<h3>V\u00fdber vhodnej nap\u00e1jacej jednotky<\/h3>\n<p>Vhodn\u00e1 pohonn\u00e1 jednotka je neoddelite\u013enou s\u00fa\u010das\u0165ou prev\u00e1dzky hydraulick\u00fdch valcov. Zv\u00e1\u017ete faktory, ako s\u00fa po\u017eiadavky na v\u00fdkon, prev\u00e1dzkov\u00e9 podmienky a kompatibilita s hydraulick\u00fdm valcom.<\/p>\n<p><img decoding=\"async\" src=\"https:\/\/hzpt.com\/wp-content\/uploads\/2023\/11\/agricultural-machinery-hydraulic-cylinder-4.webp\" alt=\"\" title=\"\"><\/p>\n<h2>Pou\u017eitie hydraulick\u00e9ho valca riadenia<\/h2>\n<p>Hydraulick\u00e9 valce riadenia s\u00fa z\u00e1kladn\u00fdmi s\u00fa\u010das\u0165ami syst\u00e9mov riadenia v r\u00f4znych typoch vozidiel. Tieto valce, zn\u00e1me aj ako ovl\u00e1da\u010de riadenia, pom\u00e1haj\u00fa premie\u0148a\u0165 energiu generovan\u00fa \u010derpadlom riadenia na line\u00e1rny pohyb, ktor\u00fd mo\u017eno pou\u017ei\u0165 na manipul\u00e1ciu so smerom kolies vozidla. Tu s\u00fa niektor\u00e9 z aplik\u00e1ci\u00ed hydraulick\u00fdch valcov riadenia:<\/p>\n<ol>\n<li>\u0164a\u017ek\u00e9 \u00fa\u017eitkov\u00e9 vozidl\u00e1:\n<p>Hydraulick\u00e9 valce riadenia sa be\u017ene pou\u017e\u00edvaj\u00fa v \u0165a\u017ek\u00fdch \u00fa\u017eitkov\u00fdch vozidl\u00e1ch, ako s\u00fa n\u00e1kladn\u00e9 aut\u00e1, autobusy a stavebn\u00e9 stroje. Tieto vozidl\u00e1 vy\u017eaduj\u00fa na riadenie ve\u013ek\u00fa silu a hydraulick\u00fd valec dok\u00e1\u017ee vygenerova\u0165 potrebn\u00fa silu na ot\u00e1\u010danie kolies, aj ke\u010f je vozidlo za\u0165a\u017een\u00e9. Hydraulick\u00fd syst\u00e9m tie\u017e umo\u017e\u0148uje jemnej\u0161ie ovl\u00e1danie mechanizmu riadenia, \u010do vodi\u010dom u\u013eah\u010duje ovl\u00e1danie ve\u013ek\u00fdch a nepraktick\u00fdch vozidiel.<\/li>\n<li>Ter\u00e9nne vozidl\u00e1:\n<p>Ter\u00e9nne vozidl\u00e1, ako s\u00fa \u0161tvorkolky, pieskov\u00e9 buginy a ter\u00e9nne motorky, tie\u017e vyu\u017e\u00edvaj\u00fa v\u00fdhody hydraulick\u00fdch valcov riadenia. Tieto vozidl\u00e1 \u010dasto jazdia v n\u00e1ro\u010dnom ter\u00e9ne, kde konven\u010dn\u00e9 mechanizmy riadenia nemusia by\u0165 \u00fa\u010dinn\u00e9. Hydraulick\u00e9 valce m\u00f4\u017eu poskytn\u00fa\u0165 potrebn\u00fd v\u00fdkon a presnos\u0165 na prech\u00e1dzanie prek\u00e1\u017ekami a udr\u017eanie kontroly nad vozidlom.<\/li>\n<li>N\u00e1morn\u00e9 a leteck\u00e9 aplik\u00e1cie:\n<p>Hydraulick\u00e9 valce riadenia sa neobmedzuj\u00fa len na pozemn\u00e9 vozidl\u00e1. Pou\u017e\u00edvaj\u00fa sa aj v n\u00e1morn\u00fdch aplik\u00e1ci\u00e1ch, ako s\u00fa \u010dlny a lode, ako aj v leteckej a kozmickej technol\u00f3gii, ako s\u00fa kozmick\u00e9 lode a lietadl\u00e1. V t\u00fdchto zariadeniach sa hydraulick\u00e9 valce pou\u017e\u00edvaj\u00fa na manipul\u00e1ciu so smerom kormidiel, plutiev a in\u00fdch riadiacich pl\u00f4ch, ktor\u00e9 pom\u00e1haj\u00fa riadi\u0165 plavidlo alebo lietadlo.<\/li>\n<li>Priemyseln\u00e9 zariadenia:\n<p>Hydraulick\u00e9 valce sa tie\u017e pou\u017e\u00edvaj\u00fa v r\u00f4znych priemyseln\u00fdch prostrediach na riadenie a in\u00e9 aplik\u00e1cie. M\u00f4\u017eu sa napr\u00edklad pou\u017ei\u0165 na riadenie \u017eeriavov, vysokozdvi\u017en\u00fdch voz\u00edkov alebo in\u00fdch \u0165a\u017ek\u00fdch strojov. V t\u00fdchto prostrediach m\u00f4\u017eu hydraulick\u00e9 valce poskytn\u00fa\u0165 potrebn\u00fd v\u00fdkon a presnos\u0165 na manipul\u00e1ciu s ve\u013ek\u00fdmi bremenami alebo na pr\u00e1cu v stiesnen\u00fdch priestoroch.<\/li>\n<li>Vlastn\u00e9 aplik\u00e1cie:\n<p>Okrem t\u00fdchto be\u017en\u00fdch aplik\u00e1ci\u00ed sa hydraulick\u00e9 valce riadenia m\u00f4\u017eu pou\u017e\u00edva\u0165 aj v r\u00f4znych z\u00e1kazkov\u00fdch nastaveniach. M\u00f4\u017eu sa napr\u00edklad pou\u017ei\u0165 v experiment\u00e1lnych vozidl\u00e1ch alebo prototypoch, ktor\u00e9 vy\u017eaduj\u00fa jedine\u010dn\u00fd mechanizmus riadenia. M\u00f4\u017eu sa tie\u017e pou\u017ei\u0165 v umeleck\u00fdch in\u0161tal\u00e1ci\u00e1ch alebo kinetick\u00fdch soch\u00e1ch, ktor\u00e9 vy\u017eaduj\u00fa presn\u00fd a kontrolovan\u00fd pohyb.<\/li>\n<\/ol>\n<p>Ako vid\u00edte, hydraulick\u00e9 valce riadenia maj\u00fa \u0161irok\u00e9 uplatnenie v r\u00f4znych odvetviach a prostrediach. \u010ci u\u017e sa pou\u017e\u00edvaj\u00fa v \u0165a\u017ek\u00fdch \u00fa\u017eitkov\u00fdch vozidl\u00e1ch, ter\u00e9nnych vozidl\u00e1ch, n\u00e1morn\u00fdch a leteck\u00fdch aplik\u00e1ci\u00e1ch, priemyseln\u00fdch zariadeniach alebo v z\u00e1kazkov\u00fdch aplik\u00e1ci\u00e1ch, tieto valce poskytuj\u00fa potrebn\u00fd v\u00fdkon, presnos\u0165 a kontrolu pre efekt\u00edvne riadenie.<\/p>\n<h2>O FMP<\/h2>\n<p>Spolo\u010dnos\u0165 FMP je popredn\u00fdm v\u00fdrobcom a distrib\u00fatorom vysokokvalitn\u00fdch hydraulick\u00fdch valcov, s\u00faprav valcov a komponentov pre stavebn\u00e9 stroje. V\u010faka dlhoro\u010dn\u00fdm sk\u00fasenostiam v tomto odvetv\u00ed a profesion\u00e1lnemu t\u00edmu sme odhodlan\u00ed poskytova\u0165 na\u0161im z\u00e1kazn\u00edkom spo\u013eahliv\u00e9 a efekt\u00edvne rie\u0161enia pre ich potreby v oblasti stavebn\u00fdch strojov.<\/p>\n<p>Tu je p\u00e4\u0165 d\u00f4vodov, pre\u010do by ste si mali vybra\u0165 FMP:<\/p>\n<ol>\n<li><strong>Vysokokvalitn\u00e9 hydraulick\u00e9 valce:<\/strong> Na v\u00fdrobu na\u0161ich hydraulick\u00fdch valcov pou\u017e\u00edvame presn\u00e9 in\u017einierstvo. N\u00e1\u0161 pevn\u00fd z\u00e1v\u00e4zok ku kvalite zaru\u010duje, \u017ee pou\u017e\u00edvame iba najkvalitnej\u0161ie suroviny a vykon\u00e1vame pr\u00edsne kontroly kvality hotov\u00fdch v\u00fdrobkov, aby sme zabezpe\u010dili, \u017ee sp\u013a\u0148aj\u00fa a prekra\u010duj\u00fa priemyseln\u00e9 \u0161tandardy.<\/li>\n<li><strong>Rozsiahly sortiment produktov:<\/strong> N\u00e1\u0161 sortiment zah\u0155\u0148a v\u0161etky typy stavebn\u00fdch strojov a pr\u00edslu\u0161enstva. Pon\u00fakame r\u00f4zne hydraulick\u00e9 valce, prevodovky, re\u0165aze, ozuben\u00e9 koles\u00e1, pr\u00edslu\u0161enstvo k motorom, komponenty hydraulick\u00fdch syst\u00e9mov, pr\u00edslu\u0161enstvo k podvozkom a pr\u00edslu\u0161enstvo k elektrick\u00fdm syst\u00e9mom.<\/li>\n<li><strong>Nadviazan\u00e9 partnerstv\u00e1:<\/strong> Vybudovali sme si dlhodob\u00e9 a stabiln\u00e9 partnerstv\u00e1 s mnoh\u00fdmi kvalitn\u00fdmi dom\u00e1cimi aj zahrani\u010dn\u00fdmi dod\u00e1vate\u013emi. To zaru\u010duje, \u017ee v\u0161etko dod\u00e1van\u00e9 pr\u00edslu\u0161enstvo sp\u013a\u0148a na\u0161e pr\u00edsne \u0161tandardy kvality.<\/li>\n<li><strong>Sk\u00fasen\u00fd obchodn\u00fd t\u00edm:<\/strong> N\u00e1\u0161 obchodn\u00fd t\u00edm m\u00e1 dlhoro\u010dn\u00e9 sk\u00fasenosti a znalosti v oblasti stavebn\u00fdch strojov. M\u00f4\u017ee v\u00e1m poskytn\u00fa\u0165 profesion\u00e1lne konzult\u00e1cie o produktoch a inteligentn\u00e9 rady oh\u013eadom n\u00e1kupu, ktor\u00e9 v\u00e1m pom\u00f4\u017eu robi\u0165 informovan\u00e9 rozhodnutia.<\/li>\n<li><strong>Efekt\u00edvny logistick\u00fd distribu\u010dn\u00fd syst\u00e9m:<\/strong> M\u00e1me efekt\u00edvny logistick\u00fd distribu\u010dn\u00fd syst\u00e9m, aby sme zabezpe\u010dili, \u017ee na\u0161i z\u00e1kazn\u00edci dostan\u00fa po\u017eadovan\u00e9 diely v\u010das a presne.<\/li>\n<\/ol>\n<p><img decoding=\"async\" src=\"https:\/\/fmp-components.com\/wp-content\/uploads\/2025\/01\/Dump-Truck-Trailer-Hydraulic-Cylinder-product-3-3.webp\" alt=\"Hydraulick\u00fd valec\" width=\"800\" title=\"\"><\/p>\n<p>V spolo\u010dnosti FMP sa zav\u00e4zujeme poskytova\u0165 na\u0161im z\u00e1kazn\u00edkom vysoko kvalitn\u00e9 a spo\u013eahliv\u00e9 pr\u00edslu\u0161enstvo pre stavebn\u00e9 stroje a kompletn\u00e9 stroj\u00e1rske rie\u0161enia. V\u010faka modern\u00e9mu v\u00fdrobn\u00e9mu z\u00e1zemiu, CNC obr\u00e1bac\u00edm strojom, po\u010d\u00edta\u010dom podporovan\u00e9mu navrhovaniu, kvalifikovan\u00fdm zamestnancom, odborn\u00edkom na hydraulick\u00e9 syst\u00e9my, mont\u00e1\u017enikom valcov a predajcom sme preferovan\u00fdm partnerom, ktor\u00fd uspokoj\u00ed va\u0161e potreby v oblasti hydraulick\u00fdch valcov, s\u00faprav valcov a komponentov.<\/p>\n<p>Autor: CX<\/p>","protected":false},"excerpt":{"rendered":"<p>Customized 10 Ton Hydraulic Piston Cylinder Customized 10 Ton Hydraulic Piston Cylinder is an essential tool for industrial applications. This cylinder is specifically designed to provide reliable and efficient power for heavy-duty machinery and equipment. With a maximum load capacity of 10 tons, it is ideal for use in a variety of industrial settings, including [&hellip;]<\/p>","protected":false},"featured_media":2776,"comment_status":"closed","ping_status":"closed","template":"","meta":{"_et_pb_use_builder":"","_et_pb_old_content":"","_et_gb_content_width":""},"product_brand":[],"product_cat":[67],"product_tag":[34,70],"class_list":{"0":"post-2775","1":"product","2":"type-product","3":"status-publish","4":"has-post-thumbnail","6":"product_cat-steering-hydraulic-cylinder","7":"product_tag-hydraulic-cylinder","8":"product_tag-steering-hydraulic-cylinder","10":"first","11":"instock","12":"product-type-simple"},"_links":{"self":[{"href":"https:\/\/fmp-components.com\/sk\/wp-json\/wp\/v2\/product\/2775","targetHints":{"allow":["GET"]}}],"collection":[{"href":"https:\/\/fmp-components.com\/sk\/wp-json\/wp\/v2\/product"}],"about":[{"href":"https:\/\/fmp-components.com\/sk\/wp-json\/wp\/v2\/types\/product"}],"replies":[{"embeddable":true,"href":"https:\/\/fmp-components.com\/sk\/wp-json\/wp\/v2\/comments?post=2775"}],"wp:featuredmedia":[{"embeddable":true,"href":"https:\/\/fmp-components.com\/sk\/wp-json\/wp\/v2\/media\/2776"}],"wp:attachment":[{"href":"https:\/\/fmp-components.com\/sk\/wp-json\/wp\/v2\/media?parent=2775"}],"wp:term":[{"taxonomy":"product_brand","embeddable":true,"href":"https:\/\/fmp-components.com\/sk\/wp-json\/wp\/v2\/product_brand?post=2775"},{"taxonomy":"product_cat","embeddable":true,"href":"https:\/\/fmp-components.com\/sk\/wp-json\/wp\/v2\/product_cat?post=2775"},{"taxonomy":"product_tag","embeddable":true,"href":"https:\/\/fmp-components.com\/sk\/wp-json\/wp\/v2\/product_tag?post=2775"}],"curies":[{"name":"pracovn\u00fd list","href":"https:\/\/api.w.org\/{rel}","templated":true}]}}