{"id":2765,"date":"2025-01-04T05:22:33","date_gmt":"2025-01-04T05:22:33","guid":{"rendered":"https:\/\/fmp-components.com\/product\/italy-factory-supply-engineering-hydraulic-ram-cylinder-tractor-power-steering-cylinder\/"},"modified":"2025-03-18T01:43:46","modified_gmt":"2025-03-18T01:43:46","slug":"italy-factory-supply-engineering-hydraulic-ram-cylinder-tractor-power-steering-cylinder","status":"publish","type":"product","link":"https:\/\/fmp-components.com\/sk\/product\/italy-factory-supply-engineering-hydraulic-ram-cylinder-tractor-power-steering-cylinder\/","title":{"rendered":"Taliansko Dod\u00e1vka z tov\u00e1rne In\u017einierstvo Hydraulick\u00fd valec Valec posil\u0148ova\u010da riadenia traktora"},"content":{"rendered":"<div class=\"product-description\">\n<h2>Profesion\u00e1lny mini hydraulick\u00fd piestov\u00fd valec pre traktory<\/h2>\n<p>Tento profesion\u00e1lny mini hydraulick\u00fd piestov\u00fd valec je \u0161peci\u00e1lne navrhnut\u00fd pre traktory a poskytuje v\u00fdkonn\u00fd a spo\u013eahliv\u00fd hydraulick\u00fd v\u00fdkon. V\u010faka svojej kompaktnej ve\u013ekosti sa perfektne hod\u00ed do traktorov v\u0161etk\u00fdch ve\u013ekost\u00ed bez kompromisov v oblasti \u00fa\u010dinnosti.<\/p>\n<p>Piestov\u00fd valec je vyroben\u00fd z vysoko kvalitn\u00fdch materi\u00e1lov, \u010do zaru\u010duje odolnos\u0165 a dlh\u00fa \u017eivotnos\u0165 aj pri n\u00e1ro\u010dnom pou\u017e\u00edvan\u00ed. Jeho pokro\u010dil\u00fd hydraulick\u00fd syst\u00e9m umo\u017e\u0148uje plynul\u00fd a presn\u00fd chod, v\u010faka \u010domu je ide\u00e1lny pre r\u00f4zne aplik\u00e1cie traktorov.<\/p>\n<p>Tento hydraulick\u00fd piestov\u00fd valec s mini dizajnom pon\u00faka jednoduch\u00fa in\u0161tal\u00e1ciu a \u00fadr\u017ebu. Jeho kompaktn\u00e1 ve\u013ekos\u0165 tie\u017e zabezpe\u010duje, \u017ee dop\u013a\u0148a celkov\u00fd dizajn traktora bez zbyto\u010dn\u00e9ho prid\u00e1vania objemu.<\/p>\n<p>\u010ci u\u017e potrebujete zdv\u00edha\u0165 \u0165a\u017ek\u00e9 bremen\u00e1, obsluhova\u0165 pr\u00eddavn\u00e9 zariadenia alebo vykon\u00e1va\u0165 in\u00e9 hydraulick\u00e9 \u00falohy, tento profesion\u00e1lny mini hydraulick\u00fd piestov\u00fd valec je perfektn\u00fdm rie\u0161en\u00edm. D\u00f4verujte jeho v\u00fdnimo\u010dn\u00e9mu v\u00fdkonu a spo\u013eahlivosti, ktor\u00e9 zv\u00fd\u0161ia mo\u017enosti v\u00e1\u0161ho traktora.<\/p>\n<\/div>\n<h2>\u00davod do hydraulick\u00fdch valcov<\/h2>\n<p>Hydraulick\u00e9 valce s\u00fa mechanick\u00e9 zariadenia, ktor\u00e9 premie\u0148aj\u00fa energiu kvapaliny na line\u00e1rny pohyb. V\u010faka svojej \u00fa\u010dinnosti a spo\u013eahlivosti sa pou\u017e\u00edvaj\u00fa v r\u00f4znych odvetviach u\u017e po st\u00e1ro\u010dia. Hydraulick\u00e9 valce sa be\u017ene nach\u00e1dzaj\u00fa v mobiln\u00fdch strojoch, po\u013enohospod\u00e1rskych zariadeniach a \u0165a\u017ek\u00fdch priemyseln\u00fdch strojoch.<\/p>\n<h2>Typy hydraulick\u00fdch valcov<\/h2>\n<p>Hydraulick\u00e9 valce sa dod\u00e1vaj\u00fa v r\u00f4znych typoch, vr\u00e1tane nakl\u00e1pac\u00edch valcov, riadiacich valcov a zdv\u00edhac\u00edch valcov. L\u00ed\u0161ia sa kon\u0161trukciou, v\u00fdkonom a pou\u017eit\u00edm, ale v\u0161etky sl\u00fa\u017eia z\u00e1kladn\u00e9mu \u00fa\u010delu vytv\u00e1rania siln\u00e9ho a kontrolovan\u00e9ho line\u00e1rneho pohybu.<\/p>\n<h2>V\u00fdber spr\u00e1vneho hydraulick\u00e9ho valca<\/h2>\n<p><img decoding=\"async\" src=\"https:\/\/hzpt.com\/wp-content\/uploads\/2023\/11\/agricultural-machinery-hydraulic-cylinder-6.webp\" alt=\"\" title=\"\"><\/p>\n<p>V\u00fdber spr\u00e1vneho hydraulick\u00e9ho valca je k\u013e\u00fa\u010dov\u00fd a vy\u017eaduje zv\u00e1\u017eenie faktorov, ako s\u00fa po\u017eiadavky na v\u00fdkon, typ za\u0165a\u017eenia, prev\u00e1dzkov\u00e9 prostredie a po\u017eadovan\u00e1 \u017eivotnos\u0165. D\u00f4le\u017eit\u00e9 je tie\u017e vedie\u0165, kedy je potrebn\u00e9 hydraulick\u00fd valec vymeni\u0165, preto\u017ee chybn\u00fd valec m\u00f4\u017ee vies\u0165 k neefekt\u00edvnosti a potenci\u00e1lnemu po\u0161kodeniu strojov.<\/p>\n<h2>Pou\u017eitie hydraulick\u00e9ho valca riadenia<\/h2>\n<p>Hydraulick\u00e9 valce riadenia s\u00fa z\u00e1kladn\u00fdmi s\u00fa\u010das\u0165ami syst\u00e9mov riadenia v r\u00f4znych typoch vozidiel. Tieto valce, zn\u00e1me aj ako ovl\u00e1da\u010de riadenia, pom\u00e1haj\u00fa premie\u0148a\u0165 energiu generovan\u00fa \u010derpadlom riadenia na line\u00e1rny pohyb, ktor\u00fd mo\u017eno pou\u017ei\u0165 na manipul\u00e1ciu so smerom kolies vozidla. Tu s\u00fa niektor\u00e9 z aplik\u00e1ci\u00ed hydraulick\u00fdch valcov riadenia:<\/p>\n<ol>\n<li>\u0164a\u017ek\u00e9 \u00fa\u017eitkov\u00e9 vozidl\u00e1:\n<p>Hydraulick\u00e9 valce riadenia sa be\u017ene pou\u017e\u00edvaj\u00fa v \u0165a\u017ek\u00fdch \u00fa\u017eitkov\u00fdch vozidl\u00e1ch, ako s\u00fa n\u00e1kladn\u00e9 aut\u00e1, autobusy a stavebn\u00e9 stroje. Tieto vozidl\u00e1 vy\u017eaduj\u00fa na riadenie ve\u013ek\u00fa silu a hydraulick\u00fd valec dok\u00e1\u017ee vygenerova\u0165 potrebn\u00fa silu na ot\u00e1\u010danie kolies, aj ke\u010f je vozidlo za\u0165a\u017een\u00e9. Hydraulick\u00fd syst\u00e9m tie\u017e umo\u017e\u0148uje jemnej\u0161ie ovl\u00e1danie mechanizmu riadenia, \u010do vodi\u010dom u\u013eah\u010duje ovl\u00e1danie ve\u013ek\u00fdch a nepraktick\u00fdch vozidiel.<\/li>\n<li>Ter\u00e9nne vozidl\u00e1:\n<p>Ter\u00e9nne vozidl\u00e1, ako s\u00fa \u0161tvorkolky, pieskov\u00e9 buginy a ter\u00e9nne motorky, tie\u017e vyu\u017e\u00edvaj\u00fa v\u00fdhody hydraulick\u00fdch valcov riadenia. Tieto vozidl\u00e1 \u010dasto jazdia v n\u00e1ro\u010dnom ter\u00e9ne, kde konven\u010dn\u00e9 mechanizmy riadenia nemusia by\u0165 \u00fa\u010dinn\u00e9. Hydraulick\u00e9 valce m\u00f4\u017eu poskytn\u00fa\u0165 potrebn\u00fd v\u00fdkon a presnos\u0165 na prech\u00e1dzanie prek\u00e1\u017ekami a udr\u017eanie kontroly nad vozidlom.<\/li>\n<li>N\u00e1morn\u00e9 a leteck\u00e9 aplik\u00e1cie:\n<p>Hydraulick\u00e9 valce riadenia sa neobmedzuj\u00fa len na pozemn\u00e9 vozidl\u00e1. Pou\u017e\u00edvaj\u00fa sa aj v n\u00e1morn\u00fdch aplik\u00e1ci\u00e1ch, ako s\u00fa \u010dlny a lode, ako aj v leteckej a kozmickej technol\u00f3gii, ako s\u00fa kozmick\u00e9 lode a lietadl\u00e1. V t\u00fdchto zariadeniach sa hydraulick\u00e9 valce pou\u017e\u00edvaj\u00fa na manipul\u00e1ciu so smerom kormidiel, plutiev a in\u00fdch riadiacich pl\u00f4ch, ktor\u00e9 pom\u00e1haj\u00fa riadi\u0165 plavidlo alebo lietadlo.<\/li>\n<li>Priemyseln\u00e9 zariadenia:\n<p>Hydraulick\u00e9 valce sa tie\u017e pou\u017e\u00edvaj\u00fa v r\u00f4znych priemyseln\u00fdch prostrediach na riadenie a in\u00e9 aplik\u00e1cie. M\u00f4\u017eu sa napr\u00edklad pou\u017ei\u0165 na riadenie \u017eeriavov, vysokozdvi\u017en\u00fdch voz\u00edkov alebo in\u00fdch \u0165a\u017ek\u00fdch strojov. V t\u00fdchto prostrediach m\u00f4\u017eu hydraulick\u00e9 valce poskytn\u00fa\u0165 potrebn\u00fd v\u00fdkon a presnos\u0165 na manipul\u00e1ciu s ve\u013ek\u00fdmi bremenami alebo na pr\u00e1cu v stiesnen\u00fdch priestoroch.<\/li>\n<li>Vlastn\u00e9 aplik\u00e1cie:\n<p>Okrem t\u00fdchto be\u017en\u00fdch aplik\u00e1ci\u00ed sa hydraulick\u00e9 valce riadenia m\u00f4\u017eu pou\u017e\u00edva\u0165 aj v r\u00f4znych z\u00e1kazkov\u00fdch nastaveniach. M\u00f4\u017eu sa napr\u00edklad pou\u017ei\u0165 v experiment\u00e1lnych vozidl\u00e1ch alebo prototypoch, ktor\u00e9 vy\u017eaduj\u00fa jedine\u010dn\u00fd mechanizmus riadenia. M\u00f4\u017eu sa tie\u017e pou\u017ei\u0165 v umeleck\u00fdch in\u0161tal\u00e1ci\u00e1ch alebo kinetick\u00fdch soch\u00e1ch, ktor\u00e9 vy\u017eaduj\u00fa presn\u00fd a kontrolovan\u00fd pohyb.<\/li>\n<\/ol>\n<p>Ako vid\u00edte, hydraulick\u00e9 valce riadenia maj\u00fa \u0161irok\u00e9 uplatnenie v r\u00f4znych odvetviach a prostrediach. \u010ci u\u017e sa pou\u017e\u00edvaj\u00fa v \u0165a\u017ek\u00fdch \u00fa\u017eitkov\u00fdch vozidl\u00e1ch, ter\u00e9nnych vozidl\u00e1ch, n\u00e1morn\u00fdch a leteck\u00fdch aplik\u00e1ci\u00e1ch, priemyseln\u00fdch zariadeniach alebo v z\u00e1kazkov\u00fdch aplik\u00e1ci\u00e1ch, tieto valce poskytuj\u00fa potrebn\u00fd v\u00fdkon, presnos\u0165 a kontrolu pre efekt\u00edvne riadenie.<\/p>\n<h2>O FMP<\/h2>\n<p>Spolo\u010dnos\u0165 FMP je popredn\u00fdm v\u00fdrobcom a distrib\u00fatorom vysokokvalitn\u00fdch hydraulick\u00fdch valcov, s\u00faprav valcov a komponentov pre stavebn\u00e9 stroje. V\u010faka dlhoro\u010dn\u00fdm sk\u00fasenostiam v tomto odvetv\u00ed a profesion\u00e1lnemu t\u00edmu sme odhodlan\u00ed poskytova\u0165 na\u0161im z\u00e1kazn\u00edkom spo\u013eahliv\u00e9 a efekt\u00edvne rie\u0161enia pre ich potreby v oblasti stavebn\u00fdch strojov.<\/p>\n<p>Tu je p\u00e4\u0165 d\u00f4vodov, pre\u010do by ste si mali vybra\u0165 FMP:<\/p>\n<ol>\n<li><strong>Vysokokvalitn\u00e9 hydraulick\u00e9 valce:<\/strong> Na v\u00fdrobu na\u0161ich hydraulick\u00fdch valcov pou\u017e\u00edvame presn\u00e9 in\u017einierstvo. N\u00e1\u0161 pevn\u00fd z\u00e1v\u00e4zok ku kvalite zaru\u010duje, \u017ee pou\u017e\u00edvame iba najkvalitnej\u0161ie suroviny a vykon\u00e1vame pr\u00edsne kontroly kvality hotov\u00fdch v\u00fdrobkov, aby sme zabezpe\u010dili, \u017ee sp\u013a\u0148aj\u00fa a prekra\u010duj\u00fa priemyseln\u00e9 \u0161tandardy.<\/li>\n<li><strong>Rozsiahly sortiment produktov:<\/strong> N\u00e1\u0161 sortiment zah\u0155\u0148a v\u0161etky typy stavebn\u00fdch strojov a pr\u00edslu\u0161enstva. Pon\u00fakame r\u00f4zne hydraulick\u00e9 valce, prevodovky, re\u0165aze, ozuben\u00e9 koles\u00e1, pr\u00edslu\u0161enstvo k motorom, komponenty hydraulick\u00fdch syst\u00e9mov, pr\u00edslu\u0161enstvo k podvozkom a pr\u00edslu\u0161enstvo k elektrick\u00fdm syst\u00e9mom.<\/li>\n<li><strong>Nadviazan\u00e9 partnerstv\u00e1:<\/strong> Vybudovali sme si dlhodob\u00e9 a stabiln\u00e9 partnerstv\u00e1 s mnoh\u00fdmi kvalitn\u00fdmi dom\u00e1cimi aj zahrani\u010dn\u00fdmi dod\u00e1vate\u013emi. To zaru\u010duje, \u017ee v\u0161etko dod\u00e1van\u00e9 pr\u00edslu\u0161enstvo sp\u013a\u0148a na\u0161e pr\u00edsne \u0161tandardy kvality.<\/li>\n<li><strong>Sk\u00fasen\u00fd obchodn\u00fd t\u00edm:<\/strong> N\u00e1\u0161 obchodn\u00fd t\u00edm m\u00e1 dlhoro\u010dn\u00e9 sk\u00fasenosti a znalosti v oblasti stavebn\u00fdch strojov. M\u00f4\u017ee v\u00e1m poskytn\u00fa\u0165 profesion\u00e1lne konzult\u00e1cie o produktoch a inteligentn\u00e9 rady oh\u013eadom n\u00e1kupu, ktor\u00e9 v\u00e1m pom\u00f4\u017eu robi\u0165 informovan\u00e9 rozhodnutia.<\/li>\n<li><strong>Efekt\u00edvny logistick\u00fd distribu\u010dn\u00fd syst\u00e9m:<\/strong> M\u00e1me efekt\u00edvny logistick\u00fd distribu\u010dn\u00fd syst\u00e9m, aby sme zabezpe\u010dili, \u017ee na\u0161i z\u00e1kazn\u00edci dostan\u00fa po\u017eadovan\u00e9 diely v\u010das a presne.<\/li>\n<\/ol>\n<p><img decoding=\"async\" src=\"https:\/\/fmp-components.com\/wp-content\/uploads\/2025\/01\/Dump-Truck-Trailer-Hydraulic-Cylinder-product-3-3.webp\" alt=\"Hydraulick\u00fd valec\" width=\"800\" title=\"\"><\/p>\n<p>V spolo\u010dnosti FMP sa zav\u00e4zujeme poskytova\u0165 na\u0161im z\u00e1kazn\u00edkom vysoko kvalitn\u00e9 a spo\u013eahliv\u00e9 pr\u00edslu\u0161enstvo pre stavebn\u00e9 stroje a kompletn\u00e9 stroj\u00e1rske rie\u0161enia. V\u010faka modern\u00e9mu v\u00fdrobn\u00e9mu z\u00e1zemiu, CNC obr\u00e1bac\u00edm strojom, po\u010d\u00edta\u010dom podporovan\u00e9mu navrhovaniu, kvalifikovan\u00fdm zamestnancom, odborn\u00edkom na hydraulick\u00e9 syst\u00e9my, mont\u00e1\u017enikom valcov a predajcom sme preferovan\u00fdm partnerom, ktor\u00fd uspokoj\u00ed va\u0161e potreby v oblasti hydraulick\u00fdch valcov, s\u00faprav valcov a komponentov.<\/p>\n<p>Autor: CX<\/p>","protected":false},"excerpt":{"rendered":"<p>Professional Mini Hydraulic Piston Cylinder for Tractors This professional mini hydraulic piston cylinder is specially designed for tractors, providing powerful and reliable hydraulic performance. With its compact size, it fits perfectly in tractors of all sizes, without compromising on efficiency. The piston cylinder is made from high-quality materials, ensuring durability and longevity even under heavy [&hellip;]<\/p>","protected":false},"featured_media":2766,"comment_status":"closed","ping_status":"closed","template":"","meta":{"_et_pb_use_builder":"","_et_pb_old_content":"","_et_gb_content_width":""},"product_brand":[],"product_cat":[67],"product_tag":[34,70],"class_list":{"0":"post-2765","1":"product","2":"type-product","3":"status-publish","4":"has-post-thumbnail","6":"product_cat-steering-hydraulic-cylinder","7":"product_tag-hydraulic-cylinder","8":"product_tag-steering-hydraulic-cylinder","10":"first","11":"instock","12":"product-type-simple"},"_links":{"self":[{"href":"https:\/\/fmp-components.com\/sk\/wp-json\/wp\/v2\/product\/2765","targetHints":{"allow":["GET"]}}],"collection":[{"href":"https:\/\/fmp-components.com\/sk\/wp-json\/wp\/v2\/product"}],"about":[{"href":"https:\/\/fmp-components.com\/sk\/wp-json\/wp\/v2\/types\/product"}],"replies":[{"embeddable":true,"href":"https:\/\/fmp-components.com\/sk\/wp-json\/wp\/v2\/comments?post=2765"}],"wp:featuredmedia":[{"embeddable":true,"href":"https:\/\/fmp-components.com\/sk\/wp-json\/wp\/v2\/media\/2766"}],"wp:attachment":[{"href":"https:\/\/fmp-components.com\/sk\/wp-json\/wp\/v2\/media?parent=2765"}],"wp:term":[{"taxonomy":"product_brand","embeddable":true,"href":"https:\/\/fmp-components.com\/sk\/wp-json\/wp\/v2\/product_brand?post=2765"},{"taxonomy":"product_cat","embeddable":true,"href":"https:\/\/fmp-components.com\/sk\/wp-json\/wp\/v2\/product_cat?post=2765"},{"taxonomy":"product_tag","embeddable":true,"href":"https:\/\/fmp-components.com\/sk\/wp-json\/wp\/v2\/product_tag?post=2765"}],"curies":[{"name":"pracovn\u00fd list","href":"https:\/\/api.w.org\/{rel}","templated":true}]}}