{"id":2751,"date":"2025-01-04T05:11:17","date_gmt":"2025-01-04T05:11:17","guid":{"rendered":"https:\/\/fmp-components.com\/?page_id=8"},"modified":"2025-01-04T05:11:18","modified_gmt":"2025-01-04T05:11:18","slug":"grader-driven-rake-gearbox-ep-dx300-2-for-powered-harrow","status":"publish","type":"product","link":"https:\/\/fmp-components.com\/sk\/product\/grader-driven-rake-gearbox-ep-dx300-2-for-powered-harrow\/","title":{"rendered":"Prevodovka EP-DX300-2 s pohonom zbera\u010da pre poh\u00e1\u0148an\u00e9 br\u00e1ny"},"content":{"rendered":"<h2><img loading=\"lazy\" decoding=\"async\" class=\"size-full wp-image-2756 aligncenter\" src=\"https:\/\/fmp-components.com\/wp-content\/uploads\/2025\/01\/Grader-Driven-Rake-Gearbox-EP-DX300-2-Features1.webp\" alt=\"Prevodovka hrabl\u00edc poh\u00e1\u0148an\u00fdch grejdrom EP-DX300-2-Vlastnosti(1)\" width=\"1024\" height=\"828\" title=\"\" srcset=\"https:\/\/fmp-components.com\/wp-content\/uploads\/2025\/01\/Grader-Driven-Rake-Gearbox-EP-DX300-2-Features1.webp 1024w, https:\/\/fmp-components.com\/wp-content\/uploads\/2025\/01\/Grader-Driven-Rake-Gearbox-EP-DX300-2-Features1-980x792.webp 980w, https:\/\/fmp-components.com\/wp-content\/uploads\/2025\/01\/Grader-Driven-Rake-Gearbox-EP-DX300-2-Features1-480x388.webp 480w\" sizes=\"(min-width: 0px) and (max-width: 480px) 480px, (min-width: 481px) and (max-width: 980px) 980px, (min-width: 981px) 1024px, 100vw\" \/><\/h2>\n<h2>Rozmery prevodovky FMP-DX300-2 poh\u00e1\u0148anej grejdrom\u00a0<img loading=\"lazy\" decoding=\"async\" class=\"alignnone size-full wp-image-2752\" src=\"https:\/\/fmp-components.com\/wp-content\/uploads\/2025\/01\/Grader-Driven-Rake-Gearbox-EP-DX300-2-Dimensions.webp\" alt=\"Prevodovka hrabl\u00edc poh\u00e1\u0148an\u00fdch grejdrom EP-DX300-2-Rozmery\" width=\"1137\" height=\"785\" title=\"\" srcset=\"https:\/\/fmp-components.com\/wp-content\/uploads\/2025\/01\/Grader-Driven-Rake-Gearbox-EP-DX300-2-Dimensions.webp 1137w, https:\/\/fmp-components.com\/wp-content\/uploads\/2025\/01\/Grader-Driven-Rake-Gearbox-EP-DX300-2-Dimensions-980x677.webp 980w, https:\/\/fmp-components.com\/wp-content\/uploads\/2025\/01\/Grader-Driven-Rake-Gearbox-EP-DX300-2-Dimensions-480x331.webp 480w\" sizes=\"(min-width: 0px) and (max-width: 480px) 480px, (min-width: 481px) and (max-width: 980px) 980px, (min-width: 981px) 1137px, 100vw\" \/> Prevodovka hrabl\u00edc poh\u00e1\u0148an\u00e1 grejdrom FMP-DX300-2 Turn<\/h2>\n<h2><img loading=\"lazy\" decoding=\"async\" class=\"alignnone size-full wp-image-2753\" src=\"https:\/\/fmp-components.com\/wp-content\/uploads\/2025\/01\/32LBLUCr-Grader-Driven-Rake-Gearbox-EP-DX300-2-Turn.webp\" alt=\"32LBLUCr-Grader-Pohon-Hraba\u010dov-Prevodovka-EP-DX300-2-Ot\u00e1\u010dkov\u00e1\" width=\"1303\" height=\"347\" title=\"\" srcset=\"https:\/\/fmp-components.com\/wp-content\/uploads\/2025\/01\/32LBLUCr-Grader-Driven-Rake-Gearbox-EP-DX300-2-Turn.webp 1303w, https:\/\/fmp-components.com\/wp-content\/uploads\/2025\/01\/32LBLUCr-Grader-Driven-Rake-Gearbox-EP-DX300-2-Turn-1280x341.webp 1280w, https:\/\/fmp-components.com\/wp-content\/uploads\/2025\/01\/32LBLUCr-Grader-Driven-Rake-Gearbox-EP-DX300-2-Turn-980x261.webp 980w, https:\/\/fmp-components.com\/wp-content\/uploads\/2025\/01\/32LBLUCr-Grader-Driven-Rake-Gearbox-EP-DX300-2-Turn-480x128.webp 480w\" sizes=\"(min-width: 0px) and (max-width: 480px) 480px, (min-width: 481px) and (max-width: 980px) 980px, (min-width: 981px) and (max-width: 1280px) 1280px, (min-width: 1281px) 1303px, 100vw\" \/><\/h2>\n<h2>Technick\u00e9 \u00fadaje prevodovky FMP-DX300-2 poh\u00e1\u0148anej grejdrom<\/h2>\n<table style=\"width: 101.518%; height: 166px;\" border=\"1\" cellspacing=\"0\" cellpadding=\"0\">\n<tbody>\n<tr>\n<td colspan=\"2\" rowspan=\"2\">ja<\/td>\n<td rowspan=\"2\">Vhodn\u00e9<\/td>\n<td>Vstup ot\u00e1\u010dok<\/td>\n<td>V\u00fdstupn\u00e9 ot\u00e1\u010dky<\/td>\n<td>kW (nomin\u00e1lny)<\/td>\n<td>kW (max.)<\/td>\n<td rowspan=\"2\">Prerez\u00e1vanie zubov<\/td>\n<\/tr>\n<tr>\n<td>ot.\/min.<\/td>\n<td>ot.\/min.<\/td>\n<td>hp<\/td>\n<td>hp<\/td>\n<\/tr>\n<tr>\n<td>Spomali\u0165<\/td>\n<td>2.47:1<\/td>\n<td rowspan=\"3\">Poh\u00e1\u0148an\u00e9 br\u00e1ny<\/td>\n<td>1000<\/td>\n<td>404<\/td>\n<td rowspan=\"3\">200<\/td>\n<td>3500<\/td>\n<td rowspan=\"3\">Gleason Helical<br \/>\nZuby<\/td>\n<\/tr>\n<tr>\n<td>Spomali\u0165<\/td>\n<td>2.63:1<\/td>\n<td>1000<\/td>\n<td>380<\/td>\n<td>3700<\/td>\n<\/tr>\n<tr>\n<td>Spomali\u0165<\/td>\n<td>2.04:1<\/td>\n<td>850<\/td>\n<td>416<\/td>\n<td>3400<\/td>\n<\/tr>\n<tr>\n<td colspan=\"8\">Pozn\u00e1mka: Ak m\u00e1te nejak\u00e9 \u0161peci\u00e1lne po\u017eiadavky, nev\u00e1hajte mi da\u0165 vedie\u0165, akceptujeme aj z\u00e1kazku.<\/td>\n<\/tr>\n<\/tbody>\n<\/table>\n<h2>Vlastnosti a komponenty prevodovky poh\u00e1\u0148anej zhr\u0148ova\u010dom FMP-DX300-2<\/h2>\n<p>Prevodovka pre zh\u0155\u0148a\u010de FMP-DX300-2 je vysokov\u00fdkonn\u00e1 prevodovka ur\u010den\u00e1 na pou\u017eitie v po\u013enohospod\u00e1rskych strojoch, konkr\u00e9tne pre zh\u0155\u0148a\u010de a hrable. T\u00e1to prevodovka je skon\u0161truovan\u00e1 tak, aby efekt\u00edvne pren\u00e1\u0161ala v\u00fdkon z traktora na zh\u0155\u0148a\u010de a zabezpe\u010dovala optim\u00e1lny v\u00fdkon pri n\u00e1ro\u010dn\u00fdch aplik\u00e1ci\u00e1ch, ako je hrabanie sena, zarovn\u00e1vanie p\u00f4dy a in\u00e9 po\u013enohospod\u00e1rske \u00falohy.<\/p>\n<h3>K\u013e\u00fa\u010dov\u00e9 vlastnosti FMP-DX300-2:<\/h3>\n<ol>\n<li><strong>Vysok\u00fd kr\u00fatiaci moment<\/strong>Model FMP-DX300-2 je skon\u0161truovan\u00fd tak, aby zvl\u00e1dal vysok\u00e9 kr\u00fatiace momenty a zabezpe\u010doval spo\u013eahliv\u00fa prev\u00e1dzku aj v n\u00e1ro\u010dn\u00fdch podmienkach typick\u00fdch pre po\u013enohospod\u00e1rske prostredie.<\/li>\n<li><strong>Trvanlivos\u0165 a spo\u013eahlivos\u0165<\/strong>Prevodovka je vyroben\u00e1 z vysokopevnostn\u00fdch materi\u00e1lov a je navrhnut\u00e1 pre dlhotrvaj\u00faci v\u00fdkon. Je odoln\u00e1 vo\u010di opotrebovaniu, v\u010faka \u010domu je ide\u00e1lna na nepretr\u017eit\u00e9 pou\u017e\u00edvanie v n\u00e1ro\u010dn\u00fdch po\u013enohospod\u00e1rskych podmienkach.<\/li>\n<li><strong>Optimalizovan\u00fd prenos v\u00fdkonu<\/strong>Prevodovka zais\u0165uje efekt\u00edvny prenos v\u00fdkonu z v\u00fdvodov\u00e9ho hriade\u013ea traktora na zhr\u0148ovac\u00ed syst\u00e9m, \u010d\u00edm sa zlep\u0161uje celkov\u00e1 \u00fa\u010dinnos\u0165 stroja a zni\u017euj\u00fa sa energetick\u00e9 straty po\u010das prev\u00e1dzky.<\/li>\n<li><strong>Prisp\u00f4sobite\u013en\u00e9 prevodov\u00e9 pomery<\/strong>Model FMP-DX300-2, ktor\u00fd je k dispoz\u00edcii s viacer\u00fdmi prevodov\u00fdmi pomermi, sa d\u00e1 prisp\u00f4sobi\u0165 r\u00f4znym po\u013enohospod\u00e1rskym aplik\u00e1ci\u00e1m, \u010d\u00edm sa zabezpe\u010d\u00ed optim\u00e1lny v\u00fdkon pre r\u00f4zne typy strojov a prev\u00e1dzkov\u00e9 potreby.<\/li>\n<li><strong>Kompaktn\u00fd a \u013eahk\u00fd dizajn<\/strong>Napriek svojej robustnej kon\u0161trukcii je FMP-DX300-2 navrhnut\u00fd tak, aby bol kompaktn\u00fd a \u013eahk\u00fd, \u010do umo\u017e\u0148uje jednoduch\u00fa in\u0161tal\u00e1ciu a integr\u00e1ciu s r\u00f4znymi po\u013enohospod\u00e1rskymi zariadeniami bez kompromisov v oblasti pevnosti.<\/li>\n<\/ol>\n<h3>K\u013e\u00fa\u010dov\u00e9 komponenty FMP-DX300-2:<\/h3>\n<ol>\n<li><strong>Vstupn\u00fd hriade\u013e<\/strong>Vstupn\u00fd hriade\u013e je zodpovedn\u00fd za prenos rota\u010dn\u00e9ho v\u00fdkonu z v\u00fdvodov\u00e9ho hriade\u013ea traktora do prevodovky. Je navrhnut\u00fd tak, aby zvl\u00e1dal vysok\u00fd vstupn\u00fd kr\u00fatiaci moment a zabezpe\u010dil plynul\u00fd prenos v\u00fdkonu.<\/li>\n<li><strong>Sada prevodov<\/strong>Srdcom prevodovky je ozuben\u00e9 koleso, ktor\u00e9 je zodpovedn\u00e9 za \u00fapravu ot\u00e1\u010dok a kr\u00fatiaceho momentu. Prec\u00edzne skon\u0161truovan\u00e9 ozuben\u00e9 koles\u00e1 zabezpe\u010duj\u00fa plynul\u00fd z\u00e1ber a vysok\u00fa \u00fa\u010dinnos\u0165 prenosu v\u00fdkonu.<\/li>\n<li><strong>V\u00fdstupn\u00fd hriade\u013e<\/strong>V\u00fdstupn\u00fd hriade\u013e sp\u00e1ja prevodovku so syst\u00e9mom hrabl\u00ed a pren\u00e1\u0161a mechanick\u00fa energiu potrebn\u00fa na pohon zariadenia.<\/li>\n<li><strong>Lo\u017eisk\u00e1<\/strong>Vysokokvalitn\u00e9 lo\u017eisk\u00e1 podopieraj\u00fa rotuj\u00face komponenty, \u010d\u00edm zni\u017euj\u00fa trenie a zabezpe\u010duj\u00fa plynul\u00fd chod. Lo\u017eisk\u00e1 s\u00fa navrhnut\u00e9 tak, aby zvl\u00e1dali \u0165a\u017ek\u00e9 za\u0165a\u017eenia a vysok\u00e9 r\u00fdchlosti, \u010d\u00edm zais\u0165uj\u00fa odolnos\u0165 a spo\u013eahlivos\u0165.<\/li>\n<li><strong>B\u00fdvanie<\/strong>Kryt prevodovky je vyroben\u00fd z odoln\u00fdch, kor\u00f3ziivzdorn\u00fdch materi\u00e1lov, ktor\u00e9 chr\u00e1nia vn\u00fatorn\u00e9 komponenty. Zais\u0165uje \u0161truktur\u00e1lnu integritu a chr\u00e1ni prevodovku pred vonkaj\u0161\u00edmi faktormi prostredia, ako s\u00fa prach, vlhkos\u0165 a ne\u010distoty.<\/li>\n<\/ol>\n<p>Ten\/T\u00e1\/To <strong>Prevodovka hrab\u013eova\u010da FMP-DX300-2 poh\u00e1\u0148an\u00e1 grejdrom<\/strong> je vysoko odoln\u00e1, \u00fa\u010dinn\u00e1 a spo\u013eahliv\u00e1 prevodovka ur\u010den\u00e1 pre n\u00e1ro\u010dn\u00e9 po\u013enohospod\u00e1rske aplik\u00e1cie. V\u010faka vysok\u00e9mu kr\u00fatiacemu momentu, prisp\u00f4sobite\u013en\u00fdm prevodov\u00fdm pomerom a n\u00edzkym n\u00e1rokom na \u00fadr\u017ebu poskytuje optim\u00e1lny prenos v\u00fdkonu a z\u00e1rove\u0148 zais\u0165uje dlhodob\u00fd v\u00fdkon. Presn\u00e9 skon\u0161truovanie prevodovky spolu s jej robustn\u00fdmi komponentmi z nej rob\u00ed ide\u00e1lnu vo\u013ebu pre \u0165a\u017ek\u00e9 po\u013enohospod\u00e1rske stroje, zvy\u0161uje produktivitu a minimalizuje prestoje.<\/p>\n<h2><img loading=\"lazy\" decoding=\"async\" class=\"alignnone size-full wp-image-2754\" src=\"https:\/\/fmp-components.com\/wp-content\/uploads\/2025\/01\/ZIe4i3OO-Power-Driven-Harrow-Gearbox-EP-DX300-2-Lubrication-and-Maintenance-11.webp\" alt=\"ZIe4i3OO-Poh\u00e1\u0148an\u00e1-br\u00e1na-Prevodovka-EP-DX300-2-Mazanie-a-\u00fadr\u017eba-1(1)\" width=\"950\" height=\"715\" title=\"\" srcset=\"https:\/\/fmp-components.com\/wp-content\/uploads\/2025\/01\/ZIe4i3OO-Power-Driven-Harrow-Gearbox-EP-DX300-2-Lubrication-and-Maintenance-11.webp 950w, https:\/\/fmp-components.com\/wp-content\/uploads\/2025\/01\/ZIe4i3OO-Power-Driven-Harrow-Gearbox-EP-DX300-2-Lubrication-and-Maintenance-11-480x361.webp 480w\" sizes=\"(min-width: 0px) and (max-width: 480px) 480px, (min-width: 481px) 950px, 100vw\" \/><\/h2>\n<div class=\"flex-shrink-0 flex flex-col relative items-end\">\n<div>\n<div class=\"pt-0\">\n<div class=\"gizmo-bot-avatar flex h-8 w-8 items-center justify-center overflow-hidden rounded-full\">\n<div class=\"relative p-1 rounded-sm flex items-center justify-center bg-token-main-surface-primary text-token-text-primary h-8 w-8\">\n<h3>Pou\u017eitie prevodovky s pohonom br\u00e1n FMP-DX300-2:<\/h3>\n<\/div>\n<\/div>\n<\/div>\n<\/div>\n<\/div>\n<div class=\"group\/conversation-turn relative flex w-full min-w-0 flex-col agent-turn\">\n<div class=\"flex-col gap-1 md:gap-3\">\n<div class=\"flex max-w-full flex-col flex-grow\">\n<div class=\"min-h-8 text-message flex w-full flex-col items-end gap-2 whitespace-normal break-words text-start [.text-message+&amp;]:mt-5\" dir=\"auto\" data-message-author-role=\"assistant\" data-message-id=\"99c21c94-b9e3-4719-b75e-da3f57305c74\" data-message-model-slug=\"gpt-4o\">\n<div class=\"flex w-full flex-col gap-1 empty:hidden first:pt-[3px]\">\n<div class=\"markdown prose w-full break-words dark:prose-invert light\">\n<p>Prevodovka pre br\u00e1ny s pohonom FMP-DX300-2 je ur\u010den\u00e1 pre po\u013enohospod\u00e1rske stroje, najm\u00e4 na br\u00e1nenie a pr\u00edpravu p\u00f4dy. Zabezpe\u010duje spo\u013eahliv\u00fd prenos v\u00fdkonu z v\u00fdvodov\u00e9ho hriade\u013ea traktora na br\u00e1ny, \u010d\u00edm zais\u0165uje optim\u00e1lny v\u00fdkon po\u010das intenz\u00edvnych po\u013enohospod\u00e1rskych oper\u00e1ci\u00ed. Ni\u017e\u0161ie s\u00fa uveden\u00e9 k\u013e\u00fa\u010dov\u00e9 aplik\u00e1cie prevodovky FMP-DX300-2:<\/p>\n<ol>\n<li><strong>Pr\u00edprava a obr\u00e1banie p\u00f4dy<\/strong>:\n<ul>\n<li><strong>Prim\u00e1rne a sekund\u00e1rne obr\u00e1banie p\u00f4dy<\/strong>FMP-DX300-2 sa pou\u017e\u00edva pri prim\u00e1rnom aj sekund\u00e1rnom obr\u00e1ban\u00ed p\u00f4dy, kde pom\u00e1ha rozru\u0161i\u0165 a prevzdu\u0161ni\u0165 p\u00f4du pre optim\u00e1lne podmienky na sejbu. Jeho schopnos\u0165 zvl\u00e1da\u0165 vysok\u00fd kr\u00fatiaci moment ho rob\u00ed efekt\u00edvnym pri plytkej aj hlbokej obr\u00e1ban\u00ed p\u00f4dy.<\/li>\n<li><strong>Pr\u00edprava sejbov\u00e9ho l\u00f4\u017eka<\/strong>Prevodovka poh\u00e1\u0148a br\u00e1ny, ktor\u00e9 s\u00fa nevyhnutn\u00e9 pre vytvorenie jemn\u00e9ho a rovnomern\u00e9ho sejbov\u00e9ho l\u00f4\u017eka. To je k\u013e\u00fa\u010dov\u00e9 pre plodiny ako obilniny, zelenina a in\u00e9 plodiny, ktor\u00e9 vy\u017eaduj\u00fa konzistentn\u00e9 p\u00f4dne podmienky pre kl\u00ed\u010denie.<\/li>\n<\/ul>\n<\/li>\n<li><strong>Brnenie na kontrolu buriny<\/strong>:\n<ul>\n<li><strong>Kontrola buriny<\/strong>Prevodovka poh\u00e1\u0148a schopnos\u0165 br\u00e1n obr\u00e1ba\u0165 p\u00f4du v malej h\u013abke, vytrh\u00e1va\u0165 burinu a pripravova\u0165 p\u00f4du na lep\u0161\u00ed rast plod\u00edn. Pom\u00e1ha rozru\u0161i\u0165 rast buriny a z\u00e1rove\u0148 minimalizova\u0165 po\u0161kodenie \u017eiaducich plod\u00edn.<\/li>\n<li><strong>Povrchov\u00e9 odburi\u0148ovanie<\/strong>Pohon br\u00e1n spr\u00e1vnou r\u00fdchlos\u0165ou a h\u013abkou zabezpe\u010duje prevodovka naru\u0161enie buriny na povrchu, \u010do zni\u017euje konkurenciu o \u017eiviny a vlahu.<\/li>\n<\/ul>\n<\/li>\n<li><strong>\u00dadr\u017eba po\u013ea po zbere \u00farody<\/strong>:\n<ul>\n<li><strong>Mana\u017ement po\u013en\u00fdch zvy\u0161kov<\/strong>Po zbere pom\u00e1haj\u00fa br\u00e1ny s prevodovkou rozlo\u017ei\u0165 zvy\u0161ky plod\u00edn a rovnomerne ich rozlo\u017ei\u0165 po poli. Tento proces je d\u00f4le\u017eit\u00fd pre \u00farodnos\u0165 p\u00f4dy a minimalizuje potrebu dodato\u010dn\u00fdch chemick\u00fdch o\u0161etren\u00ed.<\/li>\n<li><strong>Zapracovanie strniska<\/strong>Br\u00e1ny sa daj\u00fa pou\u017ei\u0165 aj na zapracovanie strniska, \u010d\u00edm sa zlep\u0161uje \u0161trukt\u00fara p\u00f4dy a zni\u017euje riziko er\u00f3zie pokryt\u00edm rastlinn\u00fdch zvy\u0161kov p\u00f4dou.<\/li>\n<\/ul>\n<\/li>\n<li><strong>Vyrovn\u00e1vanie a vyhladzovanie<\/strong>:\n<ul>\n<li><strong>Vyrovn\u00e1vanie p\u00f4dy<\/strong>Prevodovka FMP-DX300-2 sa \u010dasto pou\u017e\u00edva v spojen\u00ed s br\u00e1nami, ktor\u00e9 vykon\u00e1vaj\u00fa zarovn\u00e1vanie p\u00f4dy. Ovl\u00e1dan\u00edm hrotov alebo diskov br\u00e1n prevodovka zabezpe\u010duje rovnomern\u00e9 rozlo\u017eenie p\u00f4dy, \u010do je d\u00f4le\u017eit\u00e9 pre zadr\u017eiavanie vody a efekt\u00edvne zavla\u017eovanie.<\/li>\n<li><strong>Vyhladzovanie povrchu<\/strong>Prevodovka umo\u017e\u0148uje konzistentn\u00fa prev\u00e1dzku br\u00e1n, pom\u00e1ha vyhladi\u0165 povrch p\u00f4dy pre rovnomern\u00e9 podmienky osivov\u00e9ho l\u00f4\u017eka a zni\u017euje riziko nerovnomern\u00e9ho rastu plod\u00edn.<\/li>\n<\/ul>\n<\/li>\n<li><strong>Rekultiv\u00e1cia p\u00f4dy<\/strong>:\n<ul>\n<li><strong>Obnova degradovanej p\u00f4dy<\/strong>Prevodovka pom\u00e1ha rota\u010dn\u00fdm br\u00e1nam pou\u017e\u00edvan\u00fdm pri rekultiv\u00e1cii p\u00f4dy, kde sa zhutnen\u00e1, degradovan\u00e1 alebo stvrdnut\u00e1 p\u00f4da kypria a prevzdu\u0161\u0148uje, aby sa pripravila na op\u00e4tovn\u00fa v\u00fdsadbu alebo obnovu. Toto je be\u017en\u00e9 v oblastiach, ktor\u00e9 boli nadmerne obr\u00e1ban\u00e9 alebo vystaven\u00e9 er\u00f3zii.<\/li>\n<li><strong>Zlep\u0161enie prevzdu\u0161\u0148ovania p\u00f4dy<\/strong>Poskytovan\u00edm potrebn\u00e9ho v\u00fdkonu br\u00e1niac\u00edm zariadeniam prevodovka pom\u00e1ha pri prevzdu\u0161\u0148ovan\u00ed p\u00f4dy, \u010do je k\u013e\u00fa\u010dov\u00e9 pre zlep\u0161enie vsakovania vody, rast kore\u0148ov a zdravie p\u00f4dy.<\/li>\n<\/ul>\n<\/li>\n<\/ol>\n<p>Prevodovka FMP-DX300-2 s pohonom pre br\u00e1ny je ide\u00e1lna pre \u0161irok\u00fa \u0161k\u00e1lu po\u013enohospod\u00e1rskych \u00faloh. V\u010faka vysok\u00e9mu kr\u00fatiacemu momentu a spo\u013eahlivosti je vhodn\u00e1 na pr\u00edpravu p\u00f4dy, kontrolu buriny, \u00fadr\u017ebu pol\u00ed po zbere, zarovn\u00e1vanie p\u00f4dy a dokonca aj na rekultiv\u00e1ciu p\u00f4dy. \u010ci u\u017e sa pou\u017e\u00edva na obr\u00e1banie p\u00f4dy, mana\u017ement zvy\u0161kov alebo obnovu pasienkov, t\u00e1to prevodovka zohr\u00e1va k\u013e\u00fa\u010dov\u00fa \u00falohu pri zlep\u0161ovan\u00ed zdravia p\u00f4dy, zabezpe\u010dovan\u00ed lep\u0161\u00edch v\u00fdnosov plod\u00edn a zvy\u0161ovan\u00ed celkovej produktivity po\u013enohospod\u00e1rstva. V\u010faka svojej v\u0161estrannosti je cennou s\u00fa\u010das\u0165ou modern\u00fdch po\u013enohospod\u00e1rskych zariaden\u00ed pre ve\u013ek\u00e9 komer\u010dn\u00e9 po\u013enohospod\u00e1rske podniky aj men\u0161ie prev\u00e1dzky.<\/p>\n<\/div>\n<\/div>\n<\/div>\n<\/div>\n<\/div>\n<\/div>\n<h2><img loading=\"lazy\" decoding=\"async\" class=\"alignnone size-full wp-image-2755\" src=\"https:\/\/fmp-components.com\/wp-content\/uploads\/2025\/01\/Power-Driven-Harrow-Gearbox-EP-DX300-2-Lubrication-and-Maintenance-21.webp\" alt=\"Prevodovka pre br\u00e1ny s pohonom EP-DX300-2-Mazanie a \u00fadr\u017eba-2(1)\" width=\"950\" height=\"715\" title=\"\" srcset=\"https:\/\/fmp-components.com\/wp-content\/uploads\/2025\/01\/Power-Driven-Harrow-Gearbox-EP-DX300-2-Lubrication-and-Maintenance-21.webp 950w, https:\/\/fmp-components.com\/wp-content\/uploads\/2025\/01\/Power-Driven-Harrow-Gearbox-EP-DX300-2-Lubrication-and-Maintenance-21-480x361.webp 480w\" sizes=\"(min-width: 0px) and (max-width: 480px) 480px, (min-width: 481px) 950px, 100vw\" \/><\/h2>\n<h2>O FMP<\/h2>\n<p>Spolo\u010dnos\u0165 FMP so s\u00eddlom v Taliansku je popredn\u00fdm v\u00fdrobcom zn\u00e1mym svojimi odborn\u00fdmi znalos\u0165ami v oblasti navrhovania, v\u00fdvoja a v\u00fdroby vysokov\u00fdkonn\u00fdch prevodoviek so zameran\u00edm na sektor po\u013enohospod\u00e1rskych strojov. Spolo\u010dnos\u0165 FMP, uzn\u00e1van\u00e1 pre presn\u00e9 in\u017einierstvo, inovat\u00edvne rie\u0161enia a v\u00fdnimo\u010dn\u00fa spo\u013eahlivos\u0165, si z\u00edskala reput\u00e1ciu d\u00f4veryhodn\u00e9ho partnera pre po\u013enohospod\u00e1rsky aj priemyseln\u00fd sektor. Na\u0161e rozsiahle produktov\u00e9 portf\u00f3lio zah\u0155\u0148a prevodovky na mieru pre kosa\u010dky na tr\u00e1vu, v\u00fdvodov\u00e9 hriadele a r\u00f4zne z\u00e1kladn\u00e9 komponenty, ktor\u00e9 s\u00fa v\u0161etky navrhnut\u00e9 tak, aby sp\u013a\u0148ali rozmanit\u00e9 po\u017eiadavky \u0161irokej \u0161k\u00e1ly aplik\u00e1ci\u00ed.<\/p>\n<p>V spolo\u010dnosti FMP si uvedomujeme, \u017ee ka\u017ed\u00fd klient m\u00e1 jedine\u010dn\u00e9 v\u00fdzvy a po\u017eiadavky. Preto sa \u0161pecializujeme na poskytovanie rie\u0161en\u00ed na mieru, \u010di u\u017e ide o jednotliv\u00e9 komponenty alebo plne integrovan\u00e9 syst\u00e9my. \u00dazkou spolupr\u00e1cou s na\u0161imi z\u00e1kazn\u00edkmi zabezpe\u010dujeme, aby ka\u017ed\u00e9 rie\u0161enie nielen rie\u0161ilo ich \u0161pecifick\u00e9 potreby, ale aj maximalizovalo v\u00fdkon a hodnotu. N\u00e1\u0161 z\u00e1v\u00e4zok poskytova\u0165 r\u00fdchle a profesion\u00e1lne odpovede v kombin\u00e1cii s odborn\u00fdm poradenstvom zabezpe\u010duje, \u017ee ka\u017ed\u00e1 po\u017eiadavka sa vybav\u00ed s opatrnos\u0165ou a presnos\u0165ou, \u010do vedie k najlep\u0161\u00edm mo\u017en\u00fdm v\u00fdsledkom.<\/p>\n<p>Transparentn\u00e1 a nepretr\u017eit\u00e1 komunik\u00e1cia je jadrom n\u00e1\u0161ho pr\u00edstupu. N\u00e1\u0161 \u0161pecializovan\u00fd t\u00edm spolupracuje priamo s klientmi po\u010das cel\u00e9ho procesu v\u00fdvoja produktu, aby z\u00edskal hlbok\u00e9 pochopenie ich po\u017eiadaviek. Pon\u00fakame cenn\u00e9 poznatky a odpor\u00fa\u010dania na zabezpe\u010denie optim\u00e1lnych v\u00fdsledkov. \u010ci u\u017e navrhujeme \u0161pi\u010dkov\u00e9 produkty alebo pln\u00edme prebiehaj\u00face objedn\u00e1vky, spolo\u010dnos\u0165 FMP sa zav\u00e4zuje dod\u00e1va\u0165 vysokokvalitn\u00e9, prec\u00edzne navrhnut\u00e9 rie\u0161enia v\u010das a v\u017edy. Na\u0161\u00edm poslan\u00edm je prekona\u0165 o\u010dak\u00e1vania klientov poskytovan\u00edm v\u00fdnimo\u010dn\u00fdch slu\u017eieb a v\u00fdsledkov pri ka\u017edom projekte.<\/p>\n<p>Kvalita je z\u00e1kladom v\u0161etk\u00e9ho, \u010do rob\u00edme. Dodr\u017eiavame najvy\u0161\u0161ie v\u00fdrobn\u00e9 \u0161tandardy a zav\u00e1dzame pr\u00edsne opatrenia na kontrolu kvality, aby sme zabezpe\u010dili, \u017ee ka\u017ed\u00fd produkt nielen sp\u013a\u0148a, ale aj prekon\u00e1va priemyseln\u00e9 \u0161tandardy. Tento z\u00e1v\u00e4zok k dokonalosti spolu s na\u0161imi z\u00e1kladn\u00fdmi hodnotami integrity, t\u00edmovej pr\u00e1ce a vytrvalosti n\u00e1m umo\u017enil vybudova\u0165 si dlhodob\u00e9 vz\u0165ahy zalo\u017een\u00e9 na d\u00f4vere s klientmi v takmer 30 krajin\u00e1ch sveta.<\/p>\n<p>Spolo\u010dnos\u0165 FMP sa v\u017edy sna\u017e\u00ed podporova\u0165 glob\u00e1lne partnerstv\u00e1 a venuje sa poskytovaniu odborn\u00e9ho poradenstva a rie\u0161en\u00ed na mieru, ktor\u00e9 rie\u0161ia meniace sa potreby na\u0161ich klientov. Ideme nad r\u00e1mec jednoduchej dod\u00e1vky produktov; sna\u017e\u00edme sa vytv\u00e1ra\u0165 trval\u00e9 vz\u0165ahy, ktor\u00e9 prispievaj\u00fa k \u00faspechu ka\u017ed\u00e9ho projektu. \u010ci u\u017e potrebujete inovat\u00edvne rie\u0161enia pre nov\u00fa iniciat\u00edvu alebo priebe\u017en\u00fa podporu pre existuj\u00faci syst\u00e9m, FMP je pripraven\u00e1 splni\u0165 va\u0161e technick\u00e9 v\u00fdzvy a zabezpe\u010di\u0165 v\u00e1\u0161 trval\u00fd \u00faspech.<\/p>\n<p><img loading=\"lazy\" decoding=\"async\" class=\"alignnone wp-image-2695\" src=\"https:\/\/fmp-components.com\/wp-content\/uploads\/2025\/01\/agricultural-gearbox3.webp\" alt=\"po\u013enohospod\u00e1rska prevodovka\" width=\"953\" height=\"951\" title=\"\" srcset=\"https:\/\/fmp-components.com\/wp-content\/uploads\/2025\/01\/agricultural-gearbox3.webp 953w, https:\/\/fmp-components.com\/wp-content\/uploads\/2025\/01\/agricultural-gearbox3-480x479.webp 480w\" sizes=\"(min-width: 0px) and (max-width: 480px) 480px, (min-width: 481px) 953px, 100vw\" \/><\/p>\n<p>Autor: CX<\/p>","protected":false},"excerpt":{"rendered":"<p>Grader Driven Rake Gearbox FMP-DX300-2 Dimensions\u00a0 Grader Driven Rake Gearbox FMP-DX300-2 Turn Grader Driven Rake Gearbox FMP-DX300-2 Technical Data i Suitable Rpm input Rpm output KW(Nom) KW(Max) Toothing r\/min r\/min hp hp Decelerate 2.47:1 Powered Harrow 1000 404 200 3500 Gleason Helical Teeth Decelerate 2.63:1 1000 380 3700 Decelerate 2.04:1 850 416 3400 Remark: If [&hellip;]<\/p>","protected":false},"featured_media":2757,"comment_status":"open","ping_status":"closed","template":"","meta":{"_et_pb_use_builder":"","_et_pb_old_content":"","_et_gb_content_width":""},"product_brand":[],"product_cat":[66],"product_tag":[],"class_list":{"0":"post-2751","1":"product","2":"type-product","3":"status-publish","4":"has-post-thumbnail","6":"product_cat-grader-driven-rake-gearbox","8":"first","9":"instock","10":"shipping-taxable","11":"product-type-simple"},"_links":{"self":[{"href":"https:\/\/fmp-components.com\/sk\/wp-json\/wp\/v2\/product\/2751","targetHints":{"allow":["GET"]}}],"collection":[{"href":"https:\/\/fmp-components.com\/sk\/wp-json\/wp\/v2\/product"}],"about":[{"href":"https:\/\/fmp-components.com\/sk\/wp-json\/wp\/v2\/types\/product"}],"replies":[{"embeddable":true,"href":"https:\/\/fmp-components.com\/sk\/wp-json\/wp\/v2\/comments?post=2751"}],"wp:featuredmedia":[{"embeddable":true,"href":"https:\/\/fmp-components.com\/sk\/wp-json\/wp\/v2\/media\/2757"}],"wp:attachment":[{"href":"https:\/\/fmp-components.com\/sk\/wp-json\/wp\/v2\/media?parent=2751"}],"wp:term":[{"taxonomy":"product_brand","embeddable":true,"href":"https:\/\/fmp-components.com\/sk\/wp-json\/wp\/v2\/product_brand?post=2751"},{"taxonomy":"product_cat","embeddable":true,"href":"https:\/\/fmp-components.com\/sk\/wp-json\/wp\/v2\/product_cat?post=2751"},{"taxonomy":"product_tag","embeddable":true,"href":"https:\/\/fmp-components.com\/sk\/wp-json\/wp\/v2\/product_tag?post=2751"}],"curies":[{"name":"pracovn\u00fd list","href":"https:\/\/api.w.org\/{rel}","templated":true}]}}