{"id":2736,"date":"2025-01-04T03:48:26","date_gmt":"2025-01-04T03:48:26","guid":{"rendered":"https:\/\/fmp-components.com\/?page_id=8"},"modified":"2025-01-04T03:51:45","modified_gmt":"2025-01-04T03:51:45","slug":"grader-driven-rake-gearbox-fmp-dx300-1-for-powered-harrow","status":"publish","type":"product","link":"https:\/\/fmp-components.com\/sk\/product\/grader-driven-rake-gearbox-fmp-dx300-1-for-powered-harrow\/","title":{"rendered":"Prevodovka poh\u00e1\u0148an\u00e1 zrovn\u00e1va\u010dom FMP-DX300-1 pre poh\u00e1\u0148an\u00e9 br\u00e1ny"},"content":{"rendered":"<h2>Technick\u00e9 \u00fadaje prevodovky FMP-DX300-1 poh\u00e1\u0148anej grejdrom<\/h2>\n<p><img loading=\"lazy\" decoding=\"async\" class=\"alignnone size-full wp-image-2744\" src=\"https:\/\/fmp-components.com\/wp-content\/uploads\/2025\/01\/Grader-Driven-Rake-Gearbox-EP-DX300-1-Dimensions.webp\" alt=\"Prevodovka hrabl\u00edc poh\u00e1\u0148an\u00fdch grejdrom EP-DX300-1-Rozmery\" width=\"1391\" height=\"920\" title=\"\" srcset=\"https:\/\/fmp-components.com\/wp-content\/uploads\/2025\/01\/Grader-Driven-Rake-Gearbox-EP-DX300-1-Dimensions.webp 1391w, https:\/\/fmp-components.com\/wp-content\/uploads\/2025\/01\/Grader-Driven-Rake-Gearbox-EP-DX300-1-Dimensions-1280x847.webp 1280w, https:\/\/fmp-components.com\/wp-content\/uploads\/2025\/01\/Grader-Driven-Rake-Gearbox-EP-DX300-1-Dimensions-980x648.webp 980w, https:\/\/fmp-components.com\/wp-content\/uploads\/2025\/01\/Grader-Driven-Rake-Gearbox-EP-DX300-1-Dimensions-480x317.webp 480w\" sizes=\"(min-width: 0px) and (max-width: 480px) 480px, (min-width: 481px) and (max-width: 980px) 980px, (min-width: 981px) and (max-width: 1280px) 1280px, (min-width: 1281px) 1391px, 100vw\" \/><\/p>\n<h2>Prevodovka hrabl\u00edc poh\u00e1\u0148an\u00e1 grejdrom FMP-DX300-1 ot\u00e1\u010dka<\/h2>\n<p><img loading=\"lazy\" decoding=\"async\" class=\"alignnone size-full wp-image-2745\" src=\"https:\/\/fmp-components.com\/wp-content\/uploads\/2025\/01\/Grader-Driven-Rake-Gearbox-EP-DX300-1-Turn.webp\" alt=\"Prevodovka hrabl\u00edc poh\u00e1\u0148an\u00fdch grejdrom EP-DX300-1-Ot\u00e1\u010dka\" width=\"1341\" height=\"348\" title=\"\" srcset=\"https:\/\/fmp-components.com\/wp-content\/uploads\/2025\/01\/Grader-Driven-Rake-Gearbox-EP-DX300-1-Turn.webp 1341w, https:\/\/fmp-components.com\/wp-content\/uploads\/2025\/01\/Grader-Driven-Rake-Gearbox-EP-DX300-1-Turn-1280x332.webp 1280w, https:\/\/fmp-components.com\/wp-content\/uploads\/2025\/01\/Grader-Driven-Rake-Gearbox-EP-DX300-1-Turn-980x254.webp 980w, https:\/\/fmp-components.com\/wp-content\/uploads\/2025\/01\/Grader-Driven-Rake-Gearbox-EP-DX300-1-Turn-480x125.webp 480w\" sizes=\"(min-width: 0px) and (max-width: 480px) 480px, (min-width: 481px) and (max-width: 980px) 980px, (min-width: 981px) and (max-width: 1280px) 1280px, (min-width: 1281px) 1341px, 100vw\" \/><\/p>\n<table style=\"width: 96.2953%; height: 160px;\" border=\"1\" cellspacing=\"0\" cellpadding=\"0\">\n<tbody>\n<tr>\n<td colspan=\"2\" rowspan=\"2\">ja<\/td>\n<td rowspan=\"2\">Vhodn\u00e9<\/td>\n<td>Vstup ot\u00e1\u010dok<\/td>\n<td>V\u00fdstupn\u00e9 ot\u00e1\u010dky<\/td>\n<td>kW (nomin\u00e1lny)<\/td>\n<td>kW (max.)<\/td>\n<td rowspan=\"2\">Prerez\u00e1vanie zubov<\/td>\n<\/tr>\n<tr>\n<td>ot.\/min.<\/td>\n<td>ot.\/min.<\/td>\n<td>hp<\/td>\n<td>hp<\/td>\n<\/tr>\n<tr>\n<td>Spomali\u0165<\/td>\n<td>2.47:1<\/td>\n<td rowspan=\"3\">Poh\u00e1\u0148an\u00e9 br\u00e1ny<\/td>\n<td>1000<\/td>\n<td>404<\/td>\n<td rowspan=\"3\">200<\/td>\n<td>3500<\/td>\n<td rowspan=\"3\">Gleason Helical<br \/>\nZuby<\/td>\n<\/tr>\n<tr>\n<td>Spomali\u0165<\/td>\n<td>2.63:1<\/td>\n<td>1000<\/td>\n<td>380<\/td>\n<td>3700<\/td>\n<\/tr>\n<tr>\n<td>Spomali\u0165<\/td>\n<td>2.04:1<\/td>\n<td>850<\/td>\n<td>416<\/td>\n<td>3400<\/td>\n<\/tr>\n<tr>\n<td colspan=\"8\">Pozn\u00e1mka: Ak m\u00e1te nejak\u00e9 \u0161peci\u00e1lne po\u017eiadavky, nev\u00e1hajte mi da\u0165 vedie\u0165, akceptujeme aj z\u00e1kazku.<\/td>\n<\/tr>\n<\/tbody>\n<\/table>\n<h2>Prevodovka poh\u00e1\u0148an\u00e1 zhr\u0148ova\u010dom FMP-DX300-1, \u010das\u0165 kon\u0161trukcie<\/h2>\n<p>Prevodovka FMP-DX300-1 pre zh\u0155\u0148a\u010de poh\u00e1\u0148an\u00e9 grejdrom je robustn\u00fd a nevyhnutn\u00fd komponent ur\u010den\u00fd na pou\u017eitie v zh\u0155\u0148a\u010doch poh\u00e1\u0148an\u00fdch grejdrom, zvy\u010dajne v po\u013enohospod\u00e1rskych a priemyseln\u00fdch aplik\u00e1ci\u00e1ch. Ni\u017e\u0161ie je uveden\u00fd preh\u013ead k\u013e\u00fa\u010dov\u00fdch kon\u0161truk\u010dn\u00fdch komponentov prevodovky FMP-DX300-1:<\/p>\n<p>1. <strong>B\u00fdvanie<\/strong><\/p>\n<ul>\n<li><strong>Materi\u00e1l:<\/strong> Kryt, zvy\u010dajne vyroben\u00fd z vysokopevnostnej liatiny alebo ocele, zais\u0165uje \u0161truktur\u00e1lnu integritu a uchov\u00e1va vn\u00fatorn\u00e9 komponenty. Je navrhnut\u00fd tak, aby odolal vysok\u00e9mu nam\u00e1haniu a kr\u00fatiacemu momentu a z\u00e1rove\u0148 chr\u00e1nil ozuben\u00e9 koles\u00e1 a hriadele vo vn\u00fatri.<\/li>\n<li><strong>Funkcia:<\/strong> Chr\u00e1ni vn\u00fatorn\u00e9 komponenty pred prachom, ne\u010distotami a vonkaj\u0161\u00edmi vplyvmi a z\u00e1rove\u0148 poskytuje bezpe\u010dn\u00fa a stabiln\u00fa mont\u00e1\u017enu z\u00e1klad\u0148u pre prevodovku.<\/li>\n<\/ul>\n<p>2. <strong>Vstupn\u00fd hriade\u013e<\/strong><\/p>\n<ul>\n<li><strong>Materi\u00e1l:<\/strong> Kovan\u00e1 oce\u013e pre odolnos\u0165 a pevnos\u0165.<\/li>\n<li><strong>Funkcia:<\/strong> Vstupn\u00fd hriade\u013e sa prip\u00e1ja k syst\u00e9mu v\u00fdvodov\u00e9ho hriade\u013ea (PTO) traktora a pren\u00e1\u0161a rota\u010dn\u00fa silu do prevodovky, \u010d\u00edm sa sp\u00fa\u0161\u0165a proces redukcie prevodov\u00e9ho stup\u0148a.<\/li>\n<\/ul>\n<p>3. <strong>V\u00fdstupn\u00fd hriade\u013e<\/strong><\/p>\n<ul>\n<li><strong>Materi\u00e1l:<\/strong> Vysokokvalitn\u00e1 oce\u013e, \u010dasto kalen\u00e1 pre dlh\u0161iu odolnos\u0165 proti opotrebovaniu.<\/li>\n<li><strong>Funkcia:<\/strong> V\u00fdstupn\u00fd hriade\u013e pren\u00e1\u0161a zn\u00ed\u017een\u00fd v\u00fdkon z prevodovky do syst\u00e9mu zh\u0155\u0148a\u010dov, \u010d\u00edm zabezpe\u010duje efekt\u00edvnu prev\u00e1dzku zh\u0155\u0148a\u010dov.<\/li>\n<\/ul>\n<p>4. <strong>Ozuben\u00e9 koles\u00e1<\/strong><\/p>\n<ul>\n<li><strong>Materi\u00e1l:<\/strong> Kalen\u00e1 oce\u013e alebo vysokopevnostn\u00e9 legovan\u00e9 materi\u00e1ly pre dlh\u00fa \u017eivotnos\u0165 a odolnos\u0165 proti opotrebovaniu.<\/li>\n<li><strong>Funkcia:<\/strong> Ozuben\u00e9 koles\u00e1 v prevodovke FMP-DX300-1 u\u013eah\u010duj\u00fa prenos v\u00fdkonu, premie\u0148aj\u00fa vstupn\u00e9 ot\u00e1\u010dky a kr\u00fatiaci moment na pomal\u0161ie a lep\u0161ie zvl\u00e1dnute\u013en\u00e9 v\u00fdstupn\u00e9 ot\u00e1\u010dky so zv\u00fd\u0161en\u00fdm kr\u00fatiacim momentom. S\u00fa usporiadan\u00e9 v ozubenom s\u00fakol\u00ed vo vn\u00fatri prevodovky, \u010dasto s pou\u017eit\u00edm ku\u017ee\u013eov\u00fdch alebo \u010deln\u00fdch ozuben\u00fdch kolies.<\/li>\n<\/ul>\n<p>5. <strong>Lo\u017eisk\u00e1<\/strong><\/p>\n<ul>\n<li><strong>Materi\u00e1l:<\/strong> Presn\u00e9 gu\u013ekov\u00e9 alebo val\u010dekov\u00e9 lo\u017eisk\u00e1.<\/li>\n<li><strong>Funkcia:<\/strong> Lo\u017eisk\u00e1 podopieraj\u00fa rotuj\u00face hriadele v prevodovke, \u010do umo\u017e\u0148uje plynul\u00fd chod a zni\u017euje trenie a opotrebovanie pohybliv\u00fdch \u010dast\u00ed.<\/li>\n<\/ul>\n<p>Prevodovka pre hrable FMP-DX300-1 poh\u00e1\u0148an\u00e1 grejdrom je navrhnut\u00e1 z odoln\u00fdch, vysoko kvalitn\u00fdch materi\u00e1lov pre spo\u013eahliv\u00fd a dlhodob\u00fd v\u00fdkon v po\u013enohospod\u00e1rskych a priemyseln\u00fdch strojoch. Ka\u017ed\u00fd komponent zohr\u00e1va k\u013e\u00fa\u010dov\u00fa \u00falohu pri zabezpe\u010dovan\u00ed plynulej prev\u00e1dzky, prenosu vysok\u00e9ho kr\u00fatiaceho momentu a efekt\u00edvnej premeny v\u00fdkonu, v\u010faka \u010domu je prevodovka ide\u00e1lna na pou\u017eitie v n\u00e1ro\u010dn\u00fdch zh\u0155\u0148ac\u00edch syst\u00e9moch.<\/p>\n<p><img loading=\"lazy\" decoding=\"async\" class=\"alignnone size-full wp-image-2748\" src=\"https:\/\/fmp-components.com\/wp-content\/uploads\/2025\/01\/Grader-Driven-Rake-Gearbox-EP-DX300-1-for-Powered-Harrow1.webp\" alt=\"Prevodovka hrabl\u00edc poh\u00e1\u0148an\u00fdch grejdrom EP-DX300-1-pre-poh\u00e1\u0148an\u00e9-br\u00e1ny(1)\" width=\"1024\" height=\"418\" title=\"\" srcset=\"https:\/\/fmp-components.com\/wp-content\/uploads\/2025\/01\/Grader-Driven-Rake-Gearbox-EP-DX300-1-for-Powered-Harrow1.webp 1024w, https:\/\/fmp-components.com\/wp-content\/uploads\/2025\/01\/Grader-Driven-Rake-Gearbox-EP-DX300-1-for-Powered-Harrow1-980x400.webp 980w, https:\/\/fmp-components.com\/wp-content\/uploads\/2025\/01\/Grader-Driven-Rake-Gearbox-EP-DX300-1-for-Powered-Harrow1-480x196.webp 480w\" sizes=\"(min-width: 0px) and (max-width: 480px) 480px, (min-width: 481px) and (max-width: 980px) 980px, (min-width: 981px) 1024px, 100vw\" \/><\/p>\n<h2>Prevodovka hrabl\u00edc poh\u00e1\u0148an\u00e1 grejdrom FMP-DX300-1 Aplik\u00e1cie<\/h2>\n<div class=\"flex max-w-full flex-col flex-grow\">\n<div class=\"min-h-8 text-message flex w-full flex-col items-end gap-2 whitespace-normal break-words text-start [.text-message+&amp;]:mt-5\" dir=\"auto\" data-message-author-role=\"assistant\" data-message-id=\"5479eb4d-745a-477c-922c-e95a511ab1ab\" data-message-model-slug=\"gpt-4o\">\n<div class=\"flex w-full flex-col gap-1 empty:hidden first:pt-[3px]\">\n<div class=\"markdown prose w-full break-words dark:prose-invert light\">\n<p>Prevodovka FMP-DX300-1 pre zh\u0155\u0148a\u010de je vysoko v\u0161estrann\u00fd komponent ur\u010den\u00fd na pou\u017eitie v r\u00f4znych po\u013enohospod\u00e1rskych a priemyseln\u00fdch aplik\u00e1ci\u00e1ch. V\u010faka robustnej kon\u0161trukcii a spo\u013eahliv\u00e9mu v\u00fdkonu je vhodn\u00e1 pre n\u00e1ro\u010dn\u00e9 prostredie. Ni\u017e\u0161ie s\u00fa uveden\u00e9 hlavn\u00e9 aplik\u00e1cie prevodovky FMP-DX300-1 pre zh\u0155\u0148a\u010de:<\/p>\n<p>1. <strong>Po\u013enohospod\u00e1rske stroje<\/strong><\/p>\n<ul>\n<li><strong>Hrable na seno:<\/strong> Prevodovka sa be\u017ene pou\u017e\u00edva v hrab\u013eova\u010doch sena, kde efekt\u00edvne poh\u00e1\u0148a ramen\u00e1 hrab\u013eov a zabezpe\u010duje rovnomern\u00e9 hrabanie sena a in\u00fdch plod\u00edn. Jej schopnosti prenosu v\u00fdkonu pom\u00e1haj\u00fa udr\u017eiava\u0165 spr\u00e1vnu pracovn\u00fa r\u00fdchlos\u0165 a kr\u00fatiaci moment potrebn\u00fd pre efekt\u00edvnu manipul\u00e1ciu s plodinami.<\/li>\n<li><strong>Obraca\u010de sena:<\/strong> Prevodovka, ktor\u00e1 sa pou\u017e\u00edva v obraca\u010doch na rozmetanie a obracanie sena alebo in\u00fdch krmov\u00edn, zais\u0165uje plynul\u00fd a nepretr\u017eit\u00fd chod, \u010d\u00edm pom\u00e1ha optimalizova\u0165 proces su\u0161enia sena.<\/li>\n<\/ul>\n<p>2. <strong>Syst\u00e9my hrabl\u00edc pre grejdery<\/strong><\/p>\n<ul>\n<li><strong>Grejdery:<\/strong> Prevodovka FMP-DX300-1 sa \u010dasto pou\u017e\u00edva v zhr\u0148ovac\u00edch syst\u00e9moch poh\u00e1\u0148an\u00fdch grejdermi, kde pom\u00e1ha riadi\u0165 ot\u00e1\u010danie zhr\u0148ova\u010da a rovnomerne rozde\u013eova\u0165 materi\u00e1l po cest\u00e1ch alebo pozemkoch. T\u00e1to aplik\u00e1cia je k\u013e\u00fa\u010dov\u00e1 pri \u00fadr\u017ebe a v\u00fdstavbe ciest.<\/li>\n<li><strong>Vyrovn\u00e1vanie a \u00faprava p\u00f4dy:<\/strong> Prevodovka pom\u00e1ha pri vyrovn\u00e1van\u00ed a \u00faprave p\u00f4dy na po\u013enohospod\u00e1rskych poliach, stavb\u00e1ch a pri ter\u00e9nnych \u00faprav\u00e1ch, \u010d\u00edm prispieva k hlad\u0161iemu a konzistentnej\u0161iemu povrchu zeme.<\/li>\n<\/ul>\n<p>3. <strong>Ter\u00e9nne \u00fapravy a spr\u00e1va tr\u00e1vnikov<\/strong><\/p>\n<ul>\n<li><strong>Prevzdu\u0161\u0148ova\u010de tr\u00e1vnikov:<\/strong> Prevodovka, ktor\u00e1 sa pou\u017e\u00edva v prevzdu\u0161\u0148ova\u010doch na pomoc pri spr\u00e1ve zdravia p\u00f4dy, poh\u00e1\u0148a hroty alebo hroty, ktor\u00e9 prepichuj\u00fa zem, \u010d\u00edm zlep\u0161uj\u00fa prenikanie vody a rast kore\u0148ov pri oper\u00e1ci\u00e1ch starostlivosti o tr\u00e1vnik.<\/li>\n<li><strong>\u00dadr\u017eba tr\u00e1vnikov a pol\u00ed:<\/strong> Prevodovka je ide\u00e1lna na pou\u017eitie v zariadeniach na starostlivos\u0165 o tr\u00e1vniky, vr\u00e1tane hrabl\u00ed a strojov na \u00fadr\u017ebu tr\u00e1vnikov, a zais\u0165uje efekt\u00edvny prenos v\u00fdkonu pre konzistentn\u00e9 a rovnomern\u00e9 obr\u00e1banie p\u00f4dy.<\/li>\n<\/ul>\n<p>4. <strong>Lesn\u00edctvo a melior\u00e1cie<\/strong><\/p>\n<ul>\n<li><strong>Hrable na kr\u00edky a tr\u00e1vu:<\/strong> V lesn\u00edckych aplik\u00e1ci\u00e1ch sa prevodovka FMP-DX300-1 pou\u017e\u00edva v strojoch pou\u017e\u00edvan\u00fdch na hrabanie a odh\u0155\u0148anie kr\u00edkov alebo tr\u00e1vy v lesoch, na poliach alebo na rekultivovan\u00fdch pozemkoch. Prevodovka zabezpe\u010duje efekt\u00edvny pohyb a zhroma\u017e\u010fovanie materi\u00e1lov.<\/li>\n<li><strong>Projekty \u010distenia a rekultiv\u00e1cie:<\/strong> Pou\u017e\u00edva sa v procesoch rekultiv\u00e1cie p\u00f4dy na pr\u00edpravu p\u00f4dy, odstra\u0148ovanie ne\u010dist\u00f4t a zv\u00fd\u0161enie \u00farodnosti p\u00f4dy, \u010d\u00edm sa zabezpe\u010d\u00ed, \u017ee p\u00f4da je vhodn\u00e1 na po\u013enohospod\u00e1rstvo, lesn\u00edctvo alebo stavebn\u00edctvo.<\/li>\n<\/ul>\n<p>5. <strong>Stavebn\u00e9 a cestn\u00e9 pr\u00e1ce<\/strong><\/p>\n<ul>\n<li><strong>Stavebn\u00e9 grejdery:<\/strong> Prevodovka je vhodn\u00e1 na pou\u017eitie v stavebn\u00fdch grejdroch a s\u00favisiacich zariadeniach, kde poh\u00e1\u0148a syst\u00e9m hrabl\u00edc na premiest\u0148ovanie alebo rozmetanie zeminy, \u0161trku alebo in\u00fdch materi\u00e1lov po\u010das v\u00fdstavby ciest a nivela\u010dn\u00fdch pr\u00e1c.<\/li>\n<li><strong>Vozidl\u00e1 \u00fadr\u017eby ciest:<\/strong> Pou\u017e\u00edva sa v strojoch na \u00fadr\u017ebu ciest na rozprestieranie, vyrovn\u00e1vanie a \u00fapravu materi\u00e1lov pou\u017e\u00edvan\u00fdch na obnovu povrchu ciest, \u010d\u00edm sa zabezpe\u010d\u00ed rovnomern\u00e9 rozlo\u017eenie a hladk\u00fd kone\u010dn\u00fd povrch.<\/li>\n<\/ul>\n<p>Prevodovka FMP-DX300-1 pre zhr\u0148ova\u010de sl\u00fa\u017ei \u0161irokej \u0161k\u00e1le aplik\u00e1ci\u00ed, predov\u0161etk\u00fdm v po\u013enohospod\u00e1rstve, stavebn\u00edctve a krajin\u00e1rstve. V\u010faka svojej schopnosti efekt\u00edvne a konzistentne pren\u00e1\u0161a\u0165 v\u00fdkon je ide\u00e1lna pre \u00falohy, ktor\u00e9 vy\u017eaduj\u00fa presn\u00e9 ovl\u00e1danie syst\u00e9mov hrabania, zarovn\u00e1vania a \u00fapravy ter\u00e9nu. \u010ci u\u017e ide o zhr\u0148ova\u010de sena, zrovn\u00e1va\u010de ciest alebo strojov na obr\u00e1banie p\u00f4dy, FMP-DX300-1 zais\u0165uje plynul\u00fa prev\u00e1dzku a spo\u013eahliv\u00fd v\u00fdkon, v\u010faka \u010domu je k\u013e\u00fa\u010dovou s\u00fa\u010das\u0165ou zvy\u0161ovania produktivity a prev\u00e1dzkovej efekt\u00edvnosti vo viacer\u00fdch odvetviach.<\/p>\n<p><img loading=\"lazy\" decoding=\"async\" class=\"alignnone size-full wp-image-2747\" src=\"https:\/\/fmp-components.com\/wp-content\/uploads\/2025\/01\/Grader-Driven-Rake-Gearbox-EP-DX300-1-Maintenance1.webp\" alt=\"\u00dadr\u017eba prevodovky hrabl\u00edc poh\u00e1\u0148an\u00fdch grejdrom EP-DX300-1(1)\" width=\"928\" height=\"519\" title=\"\" srcset=\"https:\/\/fmp-components.com\/wp-content\/uploads\/2025\/01\/Grader-Driven-Rake-Gearbox-EP-DX300-1-Maintenance1.webp 928w, https:\/\/fmp-components.com\/wp-content\/uploads\/2025\/01\/Grader-Driven-Rake-Gearbox-EP-DX300-1-Maintenance1-480x268.webp 480w\" sizes=\"(min-width: 0px) and (max-width: 480px) 480px, (min-width: 481px) 928px, 100vw\" \/><\/p>\n<h2>O FMP<\/h2>\n<p>Spolo\u010dnos\u0165 FMP so s\u00eddlom v Taliansku je popredn\u00fdm v\u00fdrobcom zn\u00e1mym svojimi odborn\u00fdmi znalos\u0165ami v oblasti navrhovania, v\u00fdvoja a v\u00fdroby vysokov\u00fdkonn\u00fdch prevodoviek so zameran\u00edm na sektor po\u013enohospod\u00e1rskych strojov. Spolo\u010dnos\u0165 FMP, uzn\u00e1van\u00e1 pre presn\u00e9 in\u017einierstvo, inovat\u00edvne rie\u0161enia a v\u00fdnimo\u010dn\u00fa spo\u013eahlivos\u0165, si z\u00edskala reput\u00e1ciu d\u00f4veryhodn\u00e9ho partnera pre po\u013enohospod\u00e1rsky aj priemyseln\u00fd sektor. Na\u0161e rozsiahle produktov\u00e9 portf\u00f3lio zah\u0155\u0148a prevodovky na mieru pre kosa\u010dky na tr\u00e1vu, v\u00fdvodov\u00e9 hriadele a r\u00f4zne z\u00e1kladn\u00e9 komponenty, ktor\u00e9 s\u00fa v\u0161etky navrhnut\u00e9 tak, aby sp\u013a\u0148ali rozmanit\u00e9 po\u017eiadavky \u0161irokej \u0161k\u00e1ly aplik\u00e1ci\u00ed.<\/p>\n<p>V spolo\u010dnosti FMP si uvedomujeme, \u017ee ka\u017ed\u00fd klient m\u00e1 jedine\u010dn\u00e9 v\u00fdzvy a po\u017eiadavky. Preto sa \u0161pecializujeme na poskytovanie rie\u0161en\u00ed na mieru, \u010di u\u017e ide o jednotliv\u00e9 komponenty alebo plne integrovan\u00e9 syst\u00e9my. \u00dazkou spolupr\u00e1cou s na\u0161imi z\u00e1kazn\u00edkmi zabezpe\u010dujeme, aby ka\u017ed\u00e9 rie\u0161enie nielen rie\u0161ilo ich \u0161pecifick\u00e9 potreby, ale aj maximalizovalo v\u00fdkon a hodnotu. N\u00e1\u0161 z\u00e1v\u00e4zok poskytova\u0165 r\u00fdchle a profesion\u00e1lne odpovede v kombin\u00e1cii s odborn\u00fdm poradenstvom zabezpe\u010duje, \u017ee ka\u017ed\u00e1 po\u017eiadavka sa vybav\u00ed s opatrnos\u0165ou a presnos\u0165ou, \u010do vedie k najlep\u0161\u00edm mo\u017en\u00fdm v\u00fdsledkom.<\/p>\n<p>Transparentn\u00e1 a nepretr\u017eit\u00e1 komunik\u00e1cia je jadrom n\u00e1\u0161ho pr\u00edstupu. N\u00e1\u0161 \u0161pecializovan\u00fd t\u00edm spolupracuje priamo s klientmi po\u010das cel\u00e9ho procesu v\u00fdvoja produktu, aby z\u00edskal hlbok\u00e9 pochopenie ich po\u017eiadaviek. Pon\u00fakame cenn\u00e9 poznatky a odpor\u00fa\u010dania na zabezpe\u010denie optim\u00e1lnych v\u00fdsledkov. \u010ci u\u017e navrhujeme \u0161pi\u010dkov\u00e9 produkty alebo pln\u00edme prebiehaj\u00face objedn\u00e1vky, spolo\u010dnos\u0165 FMP sa zav\u00e4zuje dod\u00e1va\u0165 vysokokvalitn\u00e9, prec\u00edzne navrhnut\u00e9 rie\u0161enia v\u010das a v\u017edy. Na\u0161\u00edm poslan\u00edm je prekona\u0165 o\u010dak\u00e1vania klientov poskytovan\u00edm v\u00fdnimo\u010dn\u00fdch slu\u017eieb a v\u00fdsledkov pri ka\u017edom projekte.<\/p>\n<p><img loading=\"lazy\" decoding=\"async\" class=\"alignnone size-full wp-image-2746\" src=\"https:\/\/fmp-components.com\/wp-content\/uploads\/2025\/01\/Grader-Driven-Rake-Gearbox-EP-DX300-21.webp\" alt=\"Prevodovka hrabl\u00edc poh\u00e1\u0148an\u00fdch grejdrom EP-DX300-2(1)\" width=\"980\" height=\"342\" title=\"\" srcset=\"https:\/\/fmp-components.com\/wp-content\/uploads\/2025\/01\/Grader-Driven-Rake-Gearbox-EP-DX300-21.webp 980w, https:\/\/fmp-components.com\/wp-content\/uploads\/2025\/01\/Grader-Driven-Rake-Gearbox-EP-DX300-21-480x168.webp 480w\" sizes=\"(min-width: 0px) and (max-width: 480px) 480px, (min-width: 481px) 980px, 100vw\" \/><\/p>\n<p>Kvalita je z\u00e1kladom v\u0161etk\u00e9ho, \u010do rob\u00edme. Dodr\u017eiavame najvy\u0161\u0161ie v\u00fdrobn\u00e9 \u0161tandardy a zav\u00e1dzame pr\u00edsne opatrenia na kontrolu kvality, aby sme zabezpe\u010dili, \u017ee ka\u017ed\u00fd produkt nielen sp\u013a\u0148a, ale aj prekon\u00e1va priemyseln\u00e9 \u0161tandardy. Tento z\u00e1v\u00e4zok k dokonalosti spolu s na\u0161imi z\u00e1kladn\u00fdmi hodnotami integrity, t\u00edmovej pr\u00e1ce a vytrvalosti n\u00e1m umo\u017enil vybudova\u0165 si dlhodob\u00e9 vz\u0165ahy zalo\u017een\u00e9 na d\u00f4vere s klientmi v takmer 30 krajin\u00e1ch sveta.<\/p>\n<p>Spolo\u010dnos\u0165 FMP sa v\u017edy sna\u017e\u00ed podporova\u0165 glob\u00e1lne partnerstv\u00e1 a venuje sa poskytovaniu odborn\u00e9ho poradenstva a rie\u0161en\u00ed na mieru, ktor\u00e9 rie\u0161ia meniace sa potreby na\u0161ich klientov. Ideme nad r\u00e1mec jednoduchej dod\u00e1vky produktov; sna\u017e\u00edme sa vytv\u00e1ra\u0165 trval\u00e9 vz\u0165ahy, ktor\u00e9 prispievaj\u00fa k \u00faspechu ka\u017ed\u00e9ho projektu. \u010ci u\u017e potrebujete inovat\u00edvne rie\u0161enia pre nov\u00fa iniciat\u00edvu alebo priebe\u017en\u00fa podporu pre existuj\u00faci syst\u00e9m, FMP je pripraven\u00e1 splni\u0165 va\u0161e technick\u00e9 v\u00fdzvy a zabezpe\u010di\u0165 v\u00e1\u0161 trval\u00fd \u00faspech.<\/p>\n<p><img loading=\"lazy\" decoding=\"async\" class=\"alignnone wp-image-2695\" src=\"https:\/\/fmp-components.com\/wp-content\/uploads\/2025\/01\/agricultural-gearbox3.webp\" alt=\"po\u013enohospod\u00e1rska prevodovka\" width=\"953\" height=\"951\" title=\"\" srcset=\"https:\/\/fmp-components.com\/wp-content\/uploads\/2025\/01\/agricultural-gearbox3.webp 953w, https:\/\/fmp-components.com\/wp-content\/uploads\/2025\/01\/agricultural-gearbox3-480x479.webp 480w\" sizes=\"(min-width: 0px) and (max-width: 480px) 480px, (min-width: 481px) 953px, 100vw\" \/><\/p>\n<p>Autor: CX<\/p>\n<\/div>\n<\/div>\n<\/div>\n<\/div>","protected":false},"excerpt":{"rendered":"<p>Grader Driven Rake Gearbox FMP-DX300-1 Technical Data Grader Driven Rake Gearbox FMP-DX300-1 Turn i Suitable Rpm input Rpm output KW(Nom) KW(Max) Toothing r\/min r\/min hp hp Decelerate 2.47:1 Powered Harrow 1000 404 200 3500 Gleason Helical Teeth Decelerate 2.63:1 1000 380 3700 Decelerate 2.04:1 850 416 3400 Remark: If you have any special require feel [&hellip;]<\/p>","protected":false},"featured_media":2749,"comment_status":"open","ping_status":"closed","template":"","meta":{"_et_pb_use_builder":"","_et_pb_old_content":"","_et_gb_content_width":""},"product_brand":[],"product_cat":[66],"product_tag":[],"class_list":{"0":"post-2736","1":"product","2":"type-product","3":"status-publish","4":"has-post-thumbnail","6":"product_cat-grader-driven-rake-gearbox","8":"first","9":"instock","10":"shipping-taxable","11":"product-type-simple"},"_links":{"self":[{"href":"https:\/\/fmp-components.com\/sk\/wp-json\/wp\/v2\/product\/2736","targetHints":{"allow":["GET"]}}],"collection":[{"href":"https:\/\/fmp-components.com\/sk\/wp-json\/wp\/v2\/product"}],"about":[{"href":"https:\/\/fmp-components.com\/sk\/wp-json\/wp\/v2\/types\/product"}],"replies":[{"embeddable":true,"href":"https:\/\/fmp-components.com\/sk\/wp-json\/wp\/v2\/comments?post=2736"}],"wp:featuredmedia":[{"embeddable":true,"href":"https:\/\/fmp-components.com\/sk\/wp-json\/wp\/v2\/media\/2749"}],"wp:attachment":[{"href":"https:\/\/fmp-components.com\/sk\/wp-json\/wp\/v2\/media?parent=2736"}],"wp:term":[{"taxonomy":"product_brand","embeddable":true,"href":"https:\/\/fmp-components.com\/sk\/wp-json\/wp\/v2\/product_brand?post=2736"},{"taxonomy":"product_cat","embeddable":true,"href":"https:\/\/fmp-components.com\/sk\/wp-json\/wp\/v2\/product_cat?post=2736"},{"taxonomy":"product_tag","embeddable":true,"href":"https:\/\/fmp-components.com\/sk\/wp-json\/wp\/v2\/product_tag?post=2736"}],"curies":[{"name":"pracovn\u00fd list","href":"https:\/\/api.w.org\/{rel}","templated":true}]}}