{"id":2735,"date":"2025-01-04T03:19:05","date_gmt":"2025-01-04T03:19:05","guid":{"rendered":"https:\/\/fmp-components.com\/?page_id=8"},"modified":"2025-01-04T03:19:05","modified_gmt":"2025-01-04T03:19:05","slug":"grader-driven-rake-gearbox-fmp112-for-variable-speed-rotary-tillers-and-beaters","status":"publish","type":"product","link":"https:\/\/fmp-components.com\/sk\/product\/grader-driven-rake-gearbox-fmp112-for-variable-speed-rotary-tillers-and-beaters\/","title":{"rendered":"Prevodovka hrabl\u00ed poh\u00e1\u0148an\u00e1 grejdrom FMP112 pre rota\u010dn\u00e9 kultiv\u00e1tory a kypri\u010de s premenlivou r\u00fdchlos\u0165ou"},"content":{"rendered":"<h2>Rozmery prevodovky FMP112 poh\u00e1\u0148anej grejdrom\u00a0<img loading=\"lazy\" decoding=\"async\" class=\"alignnone size-full wp-image-2743\" src=\"https:\/\/fmp-components.com\/wp-content\/uploads\/2025\/01\/Grader-Driven-Rake-Gearbox-EP112-Dimensions.webp\" alt=\"Rozmery prevodovky hrabl\u00edc poh\u00e1\u0148an\u00fdch grejdrom EP112\" width=\"1173\" height=\"872\" title=\"\" srcset=\"https:\/\/fmp-components.com\/wp-content\/uploads\/2025\/01\/Grader-Driven-Rake-Gearbox-EP112-Dimensions.webp 1173w, https:\/\/fmp-components.com\/wp-content\/uploads\/2025\/01\/Grader-Driven-Rake-Gearbox-EP112-Dimensions-980x729.webp 980w, https:\/\/fmp-components.com\/wp-content\/uploads\/2025\/01\/Grader-Driven-Rake-Gearbox-EP112-Dimensions-480x357.webp 480w\" sizes=\"(min-width: 0px) and (max-width: 480px) 480px, (min-width: 481px) and (max-width: 980px) 980px, (min-width: 981px) 1173px, 100vw\" \/><\/h2>\n<h2>Technick\u00e9 \u00fadaje prevodovky FMP112 s pohonom zhr\u0148ova\u010da<\/h2>\n<table style=\"width: 99.845%;\" border=\"1\" cellspacing=\"0\" cellpadding=\"0\">\n<tbody>\n<tr>\n<td style=\"width: 17.2144%;\" colspan=\"2\" rowspan=\"2\">ja<\/td>\n<td style=\"width: 25.8216%;\" rowspan=\"2\">Vhodn\u00e9<\/td>\n<td style=\"width: 10.1721%;\">Vstup ot\u00e1\u010dok<\/td>\n<td style=\"width: 11.5806%;\">V\u00fdstupn\u00e9 ot\u00e1\u010dky<\/td>\n<td style=\"width: 9.85915%;\">kW (nomin\u00e1lny)<\/td>\n<td style=\"width: 9.38967%;\">kW (max.)<\/td>\n<td style=\"width: 60.4771%;\" rowspan=\"2\">Prerez\u00e1vanie zubov<\/td>\n<\/tr>\n<tr>\n<td style=\"width: 10.1721%;\">ot.\/min.<\/td>\n<td style=\"width: 11.5806%;\">ot.\/min.<\/td>\n<td style=\"width: 9.85915%;\">hp<\/td>\n<td style=\"width: 9.38967%;\">hp<\/td>\n<\/tr>\n<tr>\n<td style=\"width: 10.7981%;\">Spomali\u0165<\/td>\n<td style=\"width: 6.41628%;\">1.62:1<\/td>\n<td style=\"width: 25.8216%;\" rowspan=\"4\">Rota\u010dn\u00e9 kultiv\u00e1tory, kypri\u010de at\u010f.<\/td>\n<td style=\"width: 10.1721%;\">540<\/td>\n<td style=\"width: 11.5806%;\">333<\/td>\n<td style=\"width: 9.85915%;\">76<\/td>\n<td style=\"width: 9.38967%;\">116<\/td>\n<td style=\"width: 60.4771%;\" rowspan=\"4\">Gleason Helical<br \/>\nZuby<\/td>\n<\/tr>\n<tr>\n<td style=\"width: 10.7981%;\">Spomali\u0165<\/td>\n<td style=\"width: 6.41628%;\">1.82:1<\/td>\n<td style=\"width: 10.1721%;\">540<\/td>\n<td style=\"width: 11.5806%;\">296<\/td>\n<td style=\"width: 9.85915%;\">70<\/td>\n<td style=\"width: 9.38967%;\">120<\/td>\n<\/tr>\n<tr>\n<td style=\"width: 10.7981%;\">Spomali\u0165<\/td>\n<td style=\"width: 6.41628%;\">2.03:1<\/td>\n<td style=\"width: 10.1721%;\">540<\/td>\n<td style=\"width: 11.5806%;\">266<\/td>\n<td style=\"width: 9.85915%;\">68<\/td>\n<td style=\"width: 9.38967%;\">114<\/td>\n<\/tr>\n<tr>\n<td style=\"width: 10.7981%;\">Spomali\u0165<\/td>\n<td style=\"width: 6.41628%;\">2.28:1<\/td>\n<td style=\"width: 10.1721%;\">540<\/td>\n<td style=\"width: 11.5806%;\">236<\/td>\n<td style=\"width: 9.85915%;\">62<\/td>\n<td style=\"width: 9.38967%;\">105<\/td>\n<\/tr>\n<tr>\n<td style=\"width: 144.515%;\" colspan=\"8\">Pozn\u00e1mka: Ak m\u00e1te nejak\u00e9 \u0161peci\u00e1lne po\u017eiadavky, nev\u00e1hajte mi da\u0165 vedie\u0165, akceptujeme aj z\u00e1kazku.<\/td>\n<\/tr>\n<\/tbody>\n<\/table>\n<h2>Rozmery hriade\u013ea prevodovky FMP112 poh\u00e1\u0148anej zhr\u0148ova\u010dom<\/h2>\n<p><img loading=\"lazy\" decoding=\"async\" class=\"alignnone size-full wp-image-2741\" src=\"https:\/\/fmp-components.com\/wp-content\/uploads\/2025\/01\/Grader-Driven-Rake-Gearbox-EP112-Shaft-Dimensions.webp\" alt=\"Rozmery hriade\u013ea prevodovky EP112 poh\u00e1\u0148anej grejdrom\" width=\"1077\" height=\"362\" title=\"\" srcset=\"https:\/\/fmp-components.com\/wp-content\/uploads\/2025\/01\/Grader-Driven-Rake-Gearbox-EP112-Shaft-Dimensions.webp 1077w, https:\/\/fmp-components.com\/wp-content\/uploads\/2025\/01\/Grader-Driven-Rake-Gearbox-EP112-Shaft-Dimensions-980x329.webp 980w, https:\/\/fmp-components.com\/wp-content\/uploads\/2025\/01\/Grader-Driven-Rake-Gearbox-EP112-Shaft-Dimensions-480x161.webp 480w\" sizes=\"(min-width: 0px) and (max-width: 480px) 480px, (min-width: 481px) and (max-width: 980px) 980px, (min-width: 981px) 1077px, 100vw\" \/><\/p>\n<h2>Pred\u013a\u017eovacia r\u00fara prevodovky FMP112 poh\u00e1\u0148anej grejdrom<\/h2>\n<p><img loading=\"lazy\" decoding=\"async\" class=\"alignnone size-full wp-image-2742\" src=\"https:\/\/fmp-components.com\/wp-content\/uploads\/2025\/01\/Grader-Driven-Rake-Gearbox-EP112-Extension-Pipe.webp\" alt=\"Prevodovka poh\u00e1\u0148an\u00e1 grejdrom - predl\u017eovacia r\u00fara EP112\" width=\"1143\" height=\"615\" title=\"\" srcset=\"https:\/\/fmp-components.com\/wp-content\/uploads\/2025\/01\/Grader-Driven-Rake-Gearbox-EP112-Extension-Pipe.webp 1143w, https:\/\/fmp-components.com\/wp-content\/uploads\/2025\/01\/Grader-Driven-Rake-Gearbox-EP112-Extension-Pipe-980x527.webp 980w, https:\/\/fmp-components.com\/wp-content\/uploads\/2025\/01\/Grader-Driven-Rake-Gearbox-EP112-Extension-Pipe-480x258.webp 480w\" sizes=\"(min-width: 0px) and (max-width: 480px) 480px, (min-width: 481px) and (max-width: 980px) 980px, (min-width: 981px) 1143px, 100vw\" \/><\/p>\n<h2>Komponenty prevodovky FMP112 poh\u00e1\u0148anej grejdrom<\/h2>\n<p>Prevodovka FMP112 poh\u00e1\u0148an\u00e1 grejdrom sa zvy\u010dajne sklad\u00e1 z nasleduj\u00facich k\u013e\u00fa\u010dov\u00fdch komponentov, ktor\u00e9 s\u00fa navrhnut\u00e9 tak, aby zabezpe\u010dovali efekt\u00edvny prenos v\u00fdkonu a spo\u013eahliv\u00fa prev\u00e1dzku v po\u013enohospod\u00e1rskych a priemyseln\u00fdch aplik\u00e1ci\u00e1ch:<\/p>\n<ol>\n<li><strong>B\u00fdvanie<\/strong>Vonkaj\u0161\u00ed kryt prevodovky, zvy\u010dajne vyroben\u00fd z vysokopevnostnej liatiny alebo ocele, poskytuje \u0161truktur\u00e1lnu oporu a uchov\u00e1va vn\u00fatorn\u00e9 komponenty. Je navrhnut\u00fd tak, aby odolal vysok\u00e9mu za\u0165a\u017eeniu a chr\u00e1nil vn\u00fatorn\u00e9 ozuben\u00e9 koles\u00e1 pred vonkaj\u0161\u00edmi vplyvmi.<\/li>\n<li><strong>Vstupn\u00fd hriade\u013e<\/strong>Tento hriade\u013e sa prip\u00e1ja k zdroju energie (napr. traktoru alebo in\u00e9mu zariadeniu) a pren\u00e1\u0161a vstupn\u00fa rota\u010dn\u00fa energiu do prevodovky. Zvy\u010dajne je poh\u00e1\u0148an\u00fd v\u00fdvodov\u00fdm hriade\u013eom alebo in\u00fdm hnac\u00edm mechanizmom.<\/li>\n<li><strong>V\u00fdstupn\u00fd hriade\u013e<\/strong>V\u00fdstupn\u00fd hriade\u013e pren\u00e1\u0161a v\u00fdkon z prevodovky na zhr\u0148ova\u010d alebo in\u00fd poh\u00e1\u0148an\u00fd stroj. Je navrhnut\u00fd tak, aby zvl\u00e1dol po\u017eiadavky na kr\u00fatiaci moment a r\u00fdchlos\u0165 danej aplik\u00e1cie.<\/li>\n<li><strong>Ozuben\u00e9 koles\u00e1<\/strong>Tieto prevodovky s\u00fa srdcom prevodovky a s\u00fa zodpovedn\u00e9 za prenos pohybu a nastavenie r\u00fdchlosti ot\u00e1\u010dania a kr\u00fatiaceho momentu. V z\u00e1vislosti od kon\u0161trukcie m\u00f4\u017ee by\u0165 prevodovka vybaven\u00e1 ku\u017ee\u013eov\u00fdmi kolesami, \u0161pir\u00e1lov\u00fdmi kolesami alebo z\u00e1vitovkov\u00fdmi kolesami na dosiahnutie po\u017eadovan\u00fdch v\u00fdstupn\u00fdch charakterist\u00edk.<\/li>\n<li><strong>Lo\u017eisk\u00e1<\/strong>Lo\u017eisk\u00e1 podopieraj\u00fa rotuj\u00face komponenty prevodovky vr\u00e1tane vstupn\u00e9ho, \u200b\u200bv\u00fdstupn\u00e9ho a medzi\u013eahl\u00e9ho hriade\u013ea. Zni\u017euj\u00fa trenie a zabezpe\u010duj\u00fa plynul\u00e9 ot\u00e1\u010danie a z\u00e1rove\u0148 absorbuj\u00fa axi\u00e1lne a radi\u00e1lne za\u0165a\u017eenie.<\/li>\n<li><strong>Tesnenia a tesnenia<\/strong>Tesnenia a tesnenia sa pou\u017e\u00edvaj\u00fa na zabr\u00e1nenie \u00faniku maz\u00edv a ne\u010dist\u00f4t do prevodovky alebo z nej. S\u00fa nevyhnutn\u00e9 pre udr\u017eanie spr\u00e1vneho mazania a zabezpe\u010denie dlhej \u017eivotnosti vn\u00fatorn\u00fdch komponentov.<\/li>\n<li><strong>Mazac\u00ed syst\u00e9m<\/strong>Prevodovka bude ma\u0165 mazac\u00ed syst\u00e9m, zvy\u010dajne s pou\u017eit\u00edm oleja alebo maziva, na zn\u00ed\u017eenie trenia medzi pohybliv\u00fdmi \u010das\u0165ami a odv\u00e1dzanie tepla generovan\u00e9ho po\u010das prev\u00e1dzky. To pom\u00e1ha zabezpe\u010di\u0165 efekt\u00edvny v\u00fdkon a predl\u017euje \u017eivotnos\u0165 prevodovky.<\/li>\n<li><strong>Mechanizmus radenia (ak je k dispoz\u00edcii)<\/strong>Niektor\u00e9 prevodovky s\u00fa vybaven\u00e9 raden\u00edm, ktor\u00e9 umo\u017e\u0148uje obsluhe nastavi\u0165 r\u00fdchlos\u0165 alebo kr\u00fatiaci moment. Tento mechanizmus sa zvy\u010dajne sklad\u00e1 z p\u00e1k alebo voli\u010dov, ktor\u00e9 zara\u010fuj\u00fa r\u00f4zne prevodov\u00e9 stupne.<\/li>\n<li><strong>Sady pastorkov a ozuben\u00fdch kolies<\/strong>Pastorok a zodpovedaj\u00face ozuben\u00e9 koles\u00e1 spolupracuj\u00fa na zabezpe\u010den\u00ed spr\u00e1vnych pomerov kr\u00fatiaceho momentu a r\u00fdchlosti, \u010do je nevyhnutn\u00e9 pre efekt\u00edvnu prev\u00e1dzku pri hraban\u00ed.<\/li>\n<li><strong>Kryt puzdra a upev\u0148ovacie prvky<\/strong>Kryt skrine sl\u00fa\u017ei na utesnenie prevodovky a zabezpe\u010denie pr\u00edstupu k vn\u00fatorn\u00fdm komponentom pri \u00fadr\u017ebe. Upev\u0148ovacie prvky, ako s\u00fa skrutky alebo matice, upev\u0148uj\u00fa skri\u0148u a kryt na mieste.<\/li>\n<\/ol>\n<p>Tieto komponenty spolo\u010dne zabezpe\u010duj\u00fa, aby prevodovka FMP112 s pohonom grejdrov poskytovala po\u017eadovan\u00fd prenos v\u00fdkonu a odolnos\u0165, \u010d\u00edm efekt\u00edvne podporuje \u00falohy v po\u013enohospod\u00e1rskych strojoch, ako je hrabanie, triedenie a in\u00e9 n\u00e1ro\u010dn\u00e9 aplik\u00e1cie.<\/p>\n<p><img loading=\"lazy\" decoding=\"async\" class=\"alignnone size-full wp-image-2738\" src=\"https:\/\/fmp-components.com\/wp-content\/uploads\/2025\/01\/Grader-Driven-Rake-Gearbox-EP112-Components1-scaled.webp\" alt=\"Komponenty prevodovky hrabl\u00edc poh\u00e1\u0148an\u00fdch grejdrom EP112 (1)\" width=\"2560\" height=\"1421\" title=\"\" srcset=\"https:\/\/fmp-components.com\/wp-content\/uploads\/2025\/01\/Grader-Driven-Rake-Gearbox-EP112-Components1-scaled.webp 2560w, https:\/\/fmp-components.com\/wp-content\/uploads\/2025\/01\/Grader-Driven-Rake-Gearbox-EP112-Components1-1280x711.webp 1280w, https:\/\/fmp-components.com\/wp-content\/uploads\/2025\/01\/Grader-Driven-Rake-Gearbox-EP112-Components1-980x544.webp 980w, https:\/\/fmp-components.com\/wp-content\/uploads\/2025\/01\/Grader-Driven-Rake-Gearbox-EP112-Components1-480x266.webp 480w\" sizes=\"(min-width: 0px) and (max-width: 480px) 480px, (min-width: 481px) and (max-width: 980px) 980px, (min-width: 981px) and (max-width: 1280px) 1280px, (min-width: 1281px) 2560px, 100vw\" \/><\/p>\n<h2>Prevodovka FMP112 s pohonom zhr\u0148ova\u010da<\/h2>\n<p>Prevodovka FMP112 pre zora\u010fova\u010de je ur\u010den\u00e1 na pou\u017eitie v r\u00f4znych po\u013enohospod\u00e1rskych a priemyseln\u00fdch aplik\u00e1ci\u00e1ch, kde je efekt\u00edvny prenos v\u00fdkonu a spo\u013eahliv\u00fd v\u00fdkon k\u013e\u00fa\u010dov\u00fd. Medzi be\u017en\u00e9 aplik\u00e1cie patria:<\/p>\n<ol>\n<li><strong>Po\u013enohospod\u00e1rske stroje<\/strong>:\n<ul>\n<li><strong>Syst\u00e9my hrabl\u00ed<\/strong>Prevodovka FMP112 sa \u0161iroko pou\u017e\u00edva v po\u013enohospod\u00e1rskych zh\u0155\u0148a\u010doch, ako s\u00fa tie na zh\u0155\u0148anie sena, slamy alebo tr\u00e1vy. \u00da\u010dinne pren\u00e1\u0161a v\u00fdkon z traktora na zh\u0155\u0148a\u010d, \u010d\u00edm zabezpe\u010duje rovnomern\u00e9 a efekt\u00edvne riadkovanie a rozmetanie materi\u00e1lu.<\/li>\n<li><strong>Kosa\u010dky s kondicion\u00e9rom<\/strong>V \u017eac\u00edch strojoch s kondicion\u00e9rom prevodovka pom\u00e1ha poh\u00e1\u0148a\u0165 kondicion\u00e9r, \u010d\u00edm zlep\u0161uje proces su\u0161enia zozbieran\u00fdch plod\u00edn, ako je seno alebo sil\u00e1\u017e.<\/li>\n<li><strong>Obraca\u010de sena<\/strong>Prevodovka sa pou\u017e\u00edva v obraca\u010doch sena alebo tr\u00e1vy, ktor\u00e9 pom\u00e1haj\u00fa pri obracan\u00ed sena alebo tr\u00e1vy, aby sa u\u013eah\u010dilo su\u0161enie. Zais\u0165uje, \u017ee stroj pracuje efekt\u00edvne pri po\u017eadovanej r\u00fdchlosti.<\/li>\n<\/ul>\n<\/li>\n<li><strong>Zariadenia na ter\u00e9nne \u00fapravy a ter\u00e9nne \u00fapravy<\/strong>:\n<ul>\n<li><strong>\u010cepele grejderov<\/strong>Prevodovka sa nach\u00e1dza v radliciach grejdrov pou\u017e\u00edvan\u00fdch na vyrovn\u00e1vanie a vyhladzovanie p\u00f4dy v stavebn\u00fdch a krajin\u00e1rskych projektoch. Prevodovka pren\u00e1\u0161a v\u00fdkon z v\u00fdvodov\u00e9ho hriade\u013ea vozidla na radlicu grejdra, \u010d\u00edm zabezpe\u010duje jej efekt\u00edvnu prev\u00e1dzku.<\/li>\n<li><strong>\u00dadr\u017eba ciest<\/strong>V zariadeniach na \u00fadr\u017ebu ciest pom\u00e1ha prevodovka FMP112 poh\u00e1\u0148a\u0165 funkcie hrabania a nivel\u00e1cie, \u010d\u00edm pom\u00e1ha pri \u00fadr\u017ebe a obnove ciest a inej infra\u0161trukt\u00fary.<\/li>\n<\/ul>\n<\/li>\n<li><strong>Lesn\u00edcke stroje<\/strong>:\n<ul>\n<li><strong>Hrab\u013eova\u010de \u0161tiepok<\/strong>Prevodovka sa \u010dasto pou\u017e\u00edva v lesn\u00edckych strojoch, najm\u00e4 v syst\u00e9moch na hrabanie \u0161tiepky, kde pom\u00e1ha rovnomerne rozde\u013eova\u0165 \u0161tiepku po zemi pre efekt\u00edvne spracovanie alebo su\u0161enie.<\/li>\n<li><strong>Stroje na \u010distenie krov\u00edn<\/strong>Pou\u017e\u00edva sa v strojoch na odstra\u0148ovanie krov\u00edn na efekt\u00edvne riadenie veget\u00e1cie a zabezpe\u010duje plynul\u00fd chod pri odstra\u0148ovan\u00ed v lesn\u00edctve a pri obhospodarovan\u00ed p\u00f4dy.<\/li>\n<\/ul>\n<\/li>\n<li><strong>Zber sil\u00e1\u017ee a sena<\/strong>:\n<ul>\n<li><strong>Zhr\u0148ova\u010de<\/strong>Pri zbere sena a sil\u00e1\u017ee sa prevodovka pou\u017e\u00edva v riadkova\u010doch na pohon zh\u0155\u0148acieho mechanizmu, \u010do umo\u017e\u0148uje stroju efekt\u00edvne riadkova\u0165 a usporiada\u0165 plodiny pre jednoduch\u00fd zber alebo bal\u00edkovanie.<\/li>\n<\/ul>\n<\/li>\n<li><strong>Zavla\u017eovacie syst\u00e9my<\/strong>:\n<ul>\n<li style=\"list-style-type: none;\">\n<ul>\n<li><strong>Zavla\u017eovacie zariadenia<\/strong>V niektor\u00fdch zavla\u017eovac\u00edch syst\u00e9moch prevodovka pom\u00e1ha poh\u00e1\u0148a\u0165 rotuj\u00face ramen\u00e1 hrabl\u00ed alebo podobn\u00e9 mechanizmy, ktor\u00e9 rovnomerne rozde\u013euj\u00fa vodu po poliach, \u010d\u00edm zabezpe\u010duj\u00fa optim\u00e1lny rast a efektivitu plod\u00edn.<\/li>\n<\/ul>\n<\/li>\n<\/ul>\n<\/li>\n<\/ol>\n<p>V t\u00fdchto aplik\u00e1ci\u00e1ch prevodovka FMP112 s pohonom grejdra zabezpe\u010duje, \u017ee stroj pracuje s optim\u00e1lnymi r\u00fdchlos\u0165ami a kr\u00fatiacim momentom, \u010d\u00edm poskytuje \u00fa\u010dinnos\u0165, odolnos\u0165 a efekt\u00edvny v\u00fdkon pri r\u00f4znych \u00faloh\u00e1ch.<\/p>\n<table style=\"border-collapse: collapse; width: 100.078%; height: 52px;\" border=\"0\" width=\"128\" cellspacing=\"0\" cellpadding=\"0\">\n<tbody>\n<tr style=\"height: 13.8pt;\">\n<td style=\"height: 13.8pt; width: 48pt;\" align=\"right\" width=\"64\" height=\"18\"><img loading=\"lazy\" decoding=\"async\" class=\"alignnone size-full wp-image-2739\" src=\"https:\/\/fmp-components.com\/wp-content\/uploads\/2025\/01\/Grader-Driven-Rake-Gearbox-EP112-Applications1.webp\" alt=\"Prevodovka hrabl\u00edc poh\u00e1\u0148an\u00e1 grejdrom EP112 \u2013 Aplik\u00e1cie (1)\" width=\"1200\" height=\"675\" title=\"\" srcset=\"https:\/\/fmp-components.com\/wp-content\/uploads\/2025\/01\/Grader-Driven-Rake-Gearbox-EP112-Applications1.webp 1200w, https:\/\/fmp-components.com\/wp-content\/uploads\/2025\/01\/Grader-Driven-Rake-Gearbox-EP112-Applications1-980x551.webp 980w, https:\/\/fmp-components.com\/wp-content\/uploads\/2025\/01\/Grader-Driven-Rake-Gearbox-EP112-Applications1-480x270.webp 480w\" sizes=\"(min-width: 0px) and (max-width: 480px) 480px, (min-width: 481px) and (max-width: 980px) 980px, (min-width: 981px) 1200px, 100vw\" \/><\/td>\n<td style=\"width: 48pt;\" align=\"right\" width=\"64\"><img loading=\"lazy\" decoding=\"async\" class=\"alignnone size-full wp-image-2737\" src=\"https:\/\/fmp-components.com\/wp-content\/uploads\/2025\/01\/Grader-Driven-Rake-Gearbox-EP112-Lubrication1.webp\" alt=\"Prevodovka poh\u00e1\u0148an\u00e1 grejdrom pre hrable EP112 - Mazanie (1)\" width=\"980\" height=\"542\" title=\"\" srcset=\"https:\/\/fmp-components.com\/wp-content\/uploads\/2025\/01\/Grader-Driven-Rake-Gearbox-EP112-Lubrication1.webp 980w, https:\/\/fmp-components.com\/wp-content\/uploads\/2025\/01\/Grader-Driven-Rake-Gearbox-EP112-Lubrication1-480x265.webp 480w\" sizes=\"(min-width: 0px) and (max-width: 480px) 480px, (min-width: 481px) 980px, 100vw\" \/><\/td>\n<\/tr>\n<\/tbody>\n<\/table>\n<h2>O FMP<\/h2>\n<p>Spolo\u010dnos\u0165 FMP so s\u00eddlom v Taliansku je popredn\u00fdm v\u00fdrobcom uzn\u00e1van\u00fdm pre svoje odborn\u00e9 znalosti v oblasti n\u00e1vrhu, v\u00fdvoja a v\u00fdroby vysokov\u00fdkonn\u00fdch prevodoviek so zameran\u00edm na po\u013enohospod\u00e1rsky priemysel. Spolo\u010dnos\u0165 FMP, zn\u00e1ma svojou presnou technikou, inovat\u00edvnymi rie\u0161eniami a neochvejnou spo\u013eahlivos\u0165ou, si z\u00edskala reput\u00e1ciu d\u00f4veryhodn\u00e9ho partnera pre po\u013enohospod\u00e1rsky aj priemyseln\u00fd sektor. N\u00e1\u0161 rozsiahly sortiment zah\u0155\u0148a prevodovky na mieru pre kosa\u010dky na tr\u00e1vu, v\u00fdvodov\u00e9 hriadele a \u010fal\u0161ie d\u00f4le\u017eit\u00e9 komponenty, ktor\u00e9 s\u00fa navrhnut\u00e9 tak, aby sp\u013a\u0148ali rozmanit\u00e9 potreby \u0161irok\u00e9ho spektra aplik\u00e1ci\u00ed.<\/p>\n<p>V spolo\u010dnosti FMP ch\u00e1peme, \u017ee ka\u017ed\u00fd klient m\u00e1 jedine\u010dn\u00e9 v\u00fdzvy a po\u017eiadavky. Preto sa \u0161pecializujeme na poskytovanie rie\u0161en\u00ed na mieru, \u010di u\u017e ide o jednotliv\u00e9 komponenty alebo plne integrovan\u00e9 syst\u00e9my. \u00dazkou spolupr\u00e1cou s na\u0161imi z\u00e1kazn\u00edkmi zabezpe\u010dujeme, aby ka\u017ed\u00e9 rie\u0161enie nielen sp\u013a\u0148alo ich \u0161pecifick\u00e9 potreby, ale tie\u017e zvy\u0161ovalo v\u00fdkon a hodnotu. N\u00e1\u0161 z\u00e1v\u00e4zok k r\u00fdchlym a profesion\u00e1lnym reakci\u00e1m spolu s odborn\u00fdm poradenstvom zaru\u010duje, \u017ee ka\u017ed\u00e1 ot\u00e1zka bude rie\u0161en\u00e1 s maxim\u00e1lnou starostlivos\u0165ou a presnos\u0165ou, pri\u010dom v\u017edy dosiahneme optim\u00e1lne v\u00fdsledky.<\/p>\n<p>Uprednost\u0148ujeme transparentn\u00fa a nepretr\u017eit\u00fa komunik\u00e1ciu po\u010das cel\u00e9ho cyklu v\u00fdvoja produktu. N\u00e1\u0161 \u0161pecializovan\u00fd t\u00edm spolupracuje priamo s klientmi, aby plne pochopil ich \u0161pecifick\u00e9 potreby a pon\u00fakal im preh\u013eadn\u00e9 odpor\u00fa\u010dania na zabezpe\u010denie \u010do najlep\u0161\u00edch v\u00fdsledkov. \u010ci u\u017e navrhujeme inovat\u00edvne produkty alebo pln\u00edme prebiehaj\u00face objedn\u00e1vky, spolo\u010dnos\u0165 FMP sa zav\u00e4zuje dod\u00e1va\u0165 vysokokvalitn\u00e9, prec\u00edzne navrhnut\u00e9 rie\u0161enia v\u010das a v\u017edy. Na\u0161\u00edm cie\u013eom je neust\u00e1le prekon\u00e1va\u0165 o\u010dak\u00e1vania klientov a poskytova\u0165 v\u00fdnimo\u010dn\u00e9 slu\u017eby a v\u00fdsledky v ka\u017edom projekte.<\/p>\n<p>Kvalita je z\u00e1kladom fungovania spolo\u010dnosti FMP. Dodr\u017eiavame najvy\u0161\u0161ie v\u00fdrobn\u00e9 \u0161tandardy a implementujeme pr\u00edsne opatrenia na kontrolu kvality, aby sme zabezpe\u010dili, \u017ee ka\u017ed\u00fd produkt nielen sp\u013a\u0148a, ale aj prekon\u00e1va priemyseln\u00e9 \u0161tandardy. Toto odhodlanie k dokonalosti v kombin\u00e1cii s na\u0161imi z\u00e1kladn\u00fdmi hodnotami, ako s\u00fa integrita, t\u00edmov\u00e1 pr\u00e1ca a vytrvalos\u0165, n\u00e1m umo\u017enilo vybudova\u0165 si trval\u00e9 vz\u0165ahy zalo\u017een\u00e9 na d\u00f4vere s klientmi v takmer 30 krajin\u00e1ch sveta.<\/p>\n<p>Spolo\u010dnos\u0165 FMP sa v\u017edy sna\u017e\u00ed budova\u0165 glob\u00e1lne partnerstv\u00e1 a je odhodlan\u00e1 pon\u00faka\u0165 odborn\u00e9 poradenstvo a rie\u0161enia na mieru, ktor\u00e9 sp\u013a\u0148aj\u00fa meniace sa potreby na\u0161ich klientov. Ideme nad r\u00e1mec samotn\u00e9ho dod\u00e1vania produktov \u2013 sna\u017e\u00edme sa budova\u0165 trval\u00e9 vz\u0165ahy, ktor\u00e9 prispievaj\u00fa k \u00faspechu ka\u017ed\u00e9ho projektu. \u010ci u\u017e potrebujete inovat\u00edvne rie\u0161enia pre nov\u00fd podnik alebo priebe\u017en\u00fa podporu pre existuj\u00faci syst\u00e9m, spolo\u010dnos\u0165 FMP je pripraven\u00e1 splni\u0165 va\u0161e technick\u00e9 v\u00fdzvy a zabezpe\u010di\u0165 v\u00e1\u0161 trval\u00fd \u00faspech.<\/p>\n<p><img loading=\"lazy\" decoding=\"async\" class=\"alignnone wp-image-2695\" src=\"https:\/\/fmp-components.com\/wp-content\/uploads\/2025\/01\/agricultural-gearbox3.webp\" alt=\"po\u013enohospod\u00e1rska prevodovka\" width=\"953\" height=\"951\" title=\"\" srcset=\"https:\/\/fmp-components.com\/wp-content\/uploads\/2025\/01\/agricultural-gearbox3.webp 953w, https:\/\/fmp-components.com\/wp-content\/uploads\/2025\/01\/agricultural-gearbox3-480x479.webp 480w\" sizes=\"(min-width: 0px) and (max-width: 480px) 480px, (min-width: 481px) 953px, 100vw\" \/><\/p>\n<p>Autor: CX<\/p>","protected":false},"excerpt":{"rendered":"<p>Grader Driven Rake Gearbox FMP112 Dimensions\u00a0 Grader Driven Rake Gearbox FMP112 Technical Data i Suitable Rpm input Rpm output KW(Nom) KW(Max) Toothing r\/min r\/min hp hp Decelerate 1.62:1 Rotary Tillers, Beaters, etc 540 333 76 116 Gleason Helical Teeth Decelerate 1.82:1 540 296 70 120 Decelerate 2.03:1 540 266 68 114 Decelerate 2.28:1 540 236 [&hellip;]<\/p>","protected":false},"featured_media":2740,"comment_status":"open","ping_status":"closed","template":"","meta":{"_et_pb_use_builder":"","_et_pb_old_content":"","_et_gb_content_width":""},"product_brand":[],"product_cat":[66],"product_tag":[],"class_list":{"0":"post-2735","1":"product","2":"type-product","3":"status-publish","4":"has-post-thumbnail","6":"product_cat-grader-driven-rake-gearbox","8":"first","9":"instock","10":"shipping-taxable","11":"product-type-simple"},"_links":{"self":[{"href":"https:\/\/fmp-components.com\/sk\/wp-json\/wp\/v2\/product\/2735","targetHints":{"allow":["GET"]}}],"collection":[{"href":"https:\/\/fmp-components.com\/sk\/wp-json\/wp\/v2\/product"}],"about":[{"href":"https:\/\/fmp-components.com\/sk\/wp-json\/wp\/v2\/types\/product"}],"replies":[{"embeddable":true,"href":"https:\/\/fmp-components.com\/sk\/wp-json\/wp\/v2\/comments?post=2735"}],"wp:featuredmedia":[{"embeddable":true,"href":"https:\/\/fmp-components.com\/sk\/wp-json\/wp\/v2\/media\/2740"}],"wp:attachment":[{"href":"https:\/\/fmp-components.com\/sk\/wp-json\/wp\/v2\/media?parent=2735"}],"wp:term":[{"taxonomy":"product_brand","embeddable":true,"href":"https:\/\/fmp-components.com\/sk\/wp-json\/wp\/v2\/product_brand?post=2735"},{"taxonomy":"product_cat","embeddable":true,"href":"https:\/\/fmp-components.com\/sk\/wp-json\/wp\/v2\/product_cat?post=2735"},{"taxonomy":"product_tag","embeddable":true,"href":"https:\/\/fmp-components.com\/sk\/wp-json\/wp\/v2\/product_tag?post=2735"}],"curies":[{"name":"pracovn\u00fd list","href":"https:\/\/api.w.org\/{rel}","templated":true}]}}