{"id":2725,"date":"2025-01-04T02:27:50","date_gmt":"2025-01-04T02:27:50","guid":{"rendered":"https:\/\/fmp-components.com\/?page_id=8"},"modified":"2025-01-04T02:27:50","modified_gmt":"2025-01-04T02:27:50","slug":"grader-driven-rake-gearbox-fmp225-for-variable-speed-rotary-tillers-and-beaters","status":"publish","type":"product","link":"https:\/\/fmp-components.com\/sk\/product\/grader-driven-rake-gearbox-fmp225-for-variable-speed-rotary-tillers-and-beaters\/","title":{"rendered":"Prevodovka hrabl\u00ed FMP225 poh\u00e1\u0148an\u00e1 grejdrom pre rota\u010dn\u00e9 kultiv\u00e1tory a kypri\u010de s premenlivou r\u00fdchlos\u0165ou"},"content":{"rendered":"<h2>Rozmery prevodovky FMP225 s pohonom zhr\u0148ova\u010da<\/h2>\n<p><img loading=\"lazy\" decoding=\"async\" class=\"alignnone size-full wp-image-2727\" src=\"https:\/\/fmp-components.com\/wp-content\/uploads\/2025\/01\/Grader-Driven-Rake-Gearbox-FMP225-Dimensions.webp\" alt=\"Rozmery prevodovky hrabl\u00edc poh\u00e1\u0148an\u00fdch grejdrom FMP225\" width=\"1212\" height=\"716\" title=\"\" srcset=\"https:\/\/fmp-components.com\/wp-content\/uploads\/2025\/01\/Grader-Driven-Rake-Gearbox-FMP225-Dimensions.webp 1212w, https:\/\/fmp-components.com\/wp-content\/uploads\/2025\/01\/Grader-Driven-Rake-Gearbox-FMP225-Dimensions-980x579.webp 980w, https:\/\/fmp-components.com\/wp-content\/uploads\/2025\/01\/Grader-Driven-Rake-Gearbox-FMP225-Dimensions-480x284.webp 480w\" sizes=\"(min-width: 0px) and (max-width: 480px) 480px, (min-width: 481px) and (max-width: 980px) 980px, (min-width: 981px) 1212px, 100vw\" \/><\/p>\n<h2>Prevodovka hrabl\u00edc poh\u00e1\u0148an\u00e1 grejdrom FMP225 Turn<\/h2>\n<h2><img loading=\"lazy\" decoding=\"async\" class=\"alignnone size-full wp-image-2728\" src=\"https:\/\/fmp-components.com\/wp-content\/uploads\/2025\/01\/Grader-Driven-Rake-Gearbox-FMP225-Turn.webp\" alt=\"Prevodovka hrabl\u00edc poh\u00e1\u0148an\u00fdch grejdrom FMP225-Turn\" width=\"1195\" height=\"275\" title=\"\" srcset=\"https:\/\/fmp-components.com\/wp-content\/uploads\/2025\/01\/Grader-Driven-Rake-Gearbox-FMP225-Turn.webp 1195w, https:\/\/fmp-components.com\/wp-content\/uploads\/2025\/01\/Grader-Driven-Rake-Gearbox-FMP225-Turn-980x226.webp 980w, https:\/\/fmp-components.com\/wp-content\/uploads\/2025\/01\/Grader-Driven-Rake-Gearbox-FMP225-Turn-480x110.webp 480w\" sizes=\"(min-width: 0px) and (max-width: 480px) 480px, (min-width: 481px) and (max-width: 980px) 980px, (min-width: 981px) 1195px, 100vw\" \/> \u00a0Technick\u00e9 \u00fadaje prevodovky FMP225 s pohonom zhr\u0148ova\u010da<\/h2>\n<table style=\"width: 101.462%; height: 154px;\" border=\"1\" cellspacing=\"0\" cellpadding=\"0\">\n<tbody>\n<tr>\n<td colspan=\"2\" rowspan=\"2\">ja<\/td>\n<td rowspan=\"2\">Vhodn\u00e9<\/td>\n<td>Vstup ot\u00e1\u010dok<\/td>\n<td>V\u00fdstupn\u00e9 ot\u00e1\u010dky<\/td>\n<td>kW (nomin\u00e1lny)<\/td>\n<td>kW (max.)<\/td>\n<td rowspan=\"2\">Prerez\u00e1vanie zubov<\/td>\n<\/tr>\n<tr>\n<td>ot.\/min.<\/td>\n<td>ot.\/min.<\/td>\n<td>hp<\/td>\n<td>hp<\/td>\n<\/tr>\n<tr>\n<td>Spomali\u0165<\/td>\n<td>1.93:1<\/td>\n<td rowspan=\"2\">Rota\u010dn\u00e9 kultiv\u00e1tory, kypri\u010de at\u010f.<\/td>\n<td>540<\/td>\n<td>280<\/td>\n<td>57<\/td>\n<td>75<\/td>\n<td rowspan=\"2\">Gleason Helical<br \/>\nZuby<\/td>\n<\/tr>\n<tr>\n<td>Spomali\u0165<\/td>\n<td>1.46: 1<\/td>\n<td>540<\/td>\n<td>370<\/td>\n<td>80<\/td>\n<td>110<\/td>\n<\/tr>\n<tr>\n<td colspan=\"8\">Pozn\u00e1mka: Ak m\u00e1te nejak\u00e9 \u0161peci\u00e1lne po\u017eiadavky, nev\u00e1hajte mi da\u0165 vedie\u0165, akceptujeme aj z\u00e1kazku.<\/td>\n<\/tr>\n<\/tbody>\n<\/table>\n<h2>Rozmery hriade\u013ea prevodovky FMP225 poh\u00e1\u0148anej zhr\u0148ova\u010dom<\/h2>\n<p><img loading=\"lazy\" decoding=\"async\" class=\"alignnone size-full wp-image-2729\" src=\"https:\/\/fmp-components.com\/wp-content\/uploads\/2025\/01\/Grader-Driven-Rake-Gearbox-FMP225-Shaft-Dimensions.webp\" alt=\"Rozmery hriade\u013ea prevodovky FMP225 poh\u00e1\u0148anej grejdrom\" width=\"1182\" height=\"422\" title=\"\" srcset=\"https:\/\/fmp-components.com\/wp-content\/uploads\/2025\/01\/Grader-Driven-Rake-Gearbox-FMP225-Shaft-Dimensions.webp 1182w, https:\/\/fmp-components.com\/wp-content\/uploads\/2025\/01\/Grader-Driven-Rake-Gearbox-FMP225-Shaft-Dimensions-980x350.webp 980w, https:\/\/fmp-components.com\/wp-content\/uploads\/2025\/01\/Grader-Driven-Rake-Gearbox-FMP225-Shaft-Dimensions-480x171.webp 480w\" sizes=\"(min-width: 0px) and (max-width: 480px) 480px, (min-width: 481px) and (max-width: 980px) 980px, (min-width: 981px) 1182px, 100vw\" \/><\/p>\n<h2>Pred\u013a\u017eovacia r\u00fara prevodovky FMP225 poh\u00e1\u0148anej grejdrom<\/h2>\n<p><img loading=\"lazy\" decoding=\"async\" class=\"alignnone size-full wp-image-2730\" src=\"https:\/\/fmp-components.com\/wp-content\/uploads\/2025\/01\/Grader-Driven-Rake-Gearbox-FMP225-Extension-Pipe.webp\" alt=\"Prevodovka hrabl\u00edc poh\u00e1\u0148an\u00e1 grejdrom FMP225 - predl\u017eovacia r\u00fara\" width=\"1146\" height=\"581\" title=\"\" srcset=\"https:\/\/fmp-components.com\/wp-content\/uploads\/2025\/01\/Grader-Driven-Rake-Gearbox-FMP225-Extension-Pipe.webp 1146w, https:\/\/fmp-components.com\/wp-content\/uploads\/2025\/01\/Grader-Driven-Rake-Gearbox-FMP225-Extension-Pipe-980x497.webp 980w, https:\/\/fmp-components.com\/wp-content\/uploads\/2025\/01\/Grader-Driven-Rake-Gearbox-FMP225-Extension-Pipe-480x243.webp 480w\" sizes=\"(min-width: 0px) and (max-width: 480px) 480px, (min-width: 481px) and (max-width: 980px) 980px, (min-width: 981px) 1146px, 100vw\" \/><\/p>\n<h2>V\u00fdhody pou\u017eitia prevodovky hrab\u013eov FMP225 s pohonom grejdra:<\/h2>\n<p>Prevodovka FMP225 pre hrable poh\u00e1\u0148an\u00e9 grejdrom pon\u00faka mno\u017estvo v\u00fdhod, v\u010faka ktor\u00fdm je preferovanou vo\u013ebou pre po\u013enohospod\u00e1rske, priemyseln\u00e9 a \u00fadr\u017eb\u00e1rske aplik\u00e1cie. Ni\u017e\u0161ie s\u00fa uveden\u00e9 k\u013e\u00fa\u010dov\u00e9 v\u00fdhody pou\u017eitia tejto prevodovky:<\/p>\n<ol>\n<li><strong>Vysok\u00fd kr\u00fatiaci moment<\/strong>:\n<ul>\n<li>Prevodovka FMP225 je navrhnut\u00e1 tak, aby zvl\u00e1dala vysok\u00e9 kr\u00fatiace momenty, v\u010faka \u010domu je vhodn\u00e1 pre n\u00e1ro\u010dn\u00e9 aplik\u00e1cie, ako je hrabanie hust\u00e9ho sena, pr\u00e1ce v n\u00e1ro\u010dn\u00fdch p\u00f4dnych podmienkach alebo dokonca \u00faprava ter\u00e9nu. Jej vysok\u00fd kr\u00fatiaci moment zais\u0165uje plynul\u00fd a efekt\u00edvny chod aj pri za\u0165a\u017een\u00ed.<\/li>\n<\/ul>\n<\/li>\n<li><strong>Odoln\u00fd a dlhotrvaj\u00faci<\/strong>:\n<ul>\n<li>Prevodovka FMP225 je vyroben\u00e1 z vysoko kvalitn\u00fdch materi\u00e1lov a s presn\u00fdm spracovan\u00edm, tak\u017ee je mimoriadne odoln\u00e1. Jej robustn\u00e1 kon\u0161trukcia jej umo\u017e\u0148uje odol\u00e1va\u0165 opotrebovaniu pri nepretr\u017eitej prev\u00e1dzke v n\u00e1ro\u010dn\u00fdch prostrediach, \u010d\u00edm sa zni\u017euje potreba \u010dastej \u00fadr\u017eby a v\u00fdmeny.<\/li>\n<li>Ide\u00e1lne do n\u00e1ro\u010dn\u00fdch podmienok, ako je extr\u00e9mne po\u010dasie, \u0165a\u017ek\u00e1 p\u00f4da a \u010dlenit\u00fd ter\u00e9n.<\/li>\n<\/ul>\n<\/li>\n<li><strong>Efekt\u00edvny prenos v\u00fdkonu<\/strong>:\n<ul>\n<li>Prevodovka zais\u0165uje efekt\u00edvny prenos v\u00fdkonu, optimalizuje v\u00fdkon a zni\u017euje spotrebu energie. V\u00fdsledkom je lep\u0161ia spotreba paliva, najm\u00e4 vo ve\u013ek\u00fdch po\u013enohospod\u00e1rskych alebo priemyseln\u00fdch prev\u00e1dzkach, kde je n\u00e1kladov\u00e1 efekt\u00edvnos\u0165 kritick\u00e1.<\/li>\n<li>Jeho schopnos\u0165 plynul\u00e9ho prenosu energie zlep\u0161uje celkov\u00fa \u00fa\u010dinnos\u0165 strojov, s ktor\u00fdmi je integrovan\u00fd.<\/li>\n<\/ul>\n<\/li>\n<li><strong>Zv\u00fd\u0161en\u00fd v\u00fdkon v po\u013enohospod\u00e1rskych aplik\u00e1ci\u00e1ch<\/strong>:\n<ul>\n<li><strong>Hrab\u013eovanie sena<\/strong>FMP225 je obzvl\u00e1\u0161\u0165 \u00fa\u010dinn\u00fd pri hraban\u00ed ve\u013ek\u00e9ho mno\u017estva sena, \u010d\u00edm zabezpe\u010duje rovnomern\u00e9 a konzistentn\u00e9 riadky pre optim\u00e1lne su\u0161enie. To pom\u00e1ha zlep\u0161i\u0165 efektivitu procesu zberu sena.<\/li>\n<li><strong>Zber krmov\u00edn a tr\u00e1vy<\/strong>Prevodovka je ide\u00e1lna pre zbera\u010de reza\u010diek a syst\u00e9my zberu tr\u00e1vy a poskytuje spo\u013eahliv\u00fd v\u00fdkon na manipul\u00e1ciu s \u0165a\u017ek\u00fdmi a hrub\u00fdmi materi\u00e1lmi.<\/li>\n<\/ul>\n<\/li>\n<li><strong>V\u0161estrannos\u0165 v r\u00f4znych aplik\u00e1ci\u00e1ch<\/strong>:\n<ul>\n<li><strong>\u00daprava ter\u00e9nu ciest<\/strong>FMP225 je vysoko \u00fa\u010dinn\u00fd v grejdroch, preto\u017ee poskytuje konzistentn\u00fd v\u00fdkon zhr\u0148ovaciemu mechanizmu. Pom\u00e1ha udr\u017eiava\u0165 rovn\u00fd povrch a pou\u017e\u00edva sa na vyrovn\u00e1vanie p\u00f4dy aj na rozde\u013eovanie \u0161trku.<\/li>\n<li><strong>Pr\u00edprava p\u00f4dy<\/strong>Prevodovka, ktor\u00e1 sa pou\u017e\u00edva pri pr\u00edprave p\u00f4dy, \u013eahko zvl\u00e1dne sily potrebn\u00e9 na \u00fapravu p\u00f4dy, orbu alebo hrabanie. V\u010faka tomu je v\u0161estrann\u00e1 v po\u013enohospod\u00e1rstve, stavebn\u00edctve a priemyseln\u00fdch aplik\u00e1ci\u00e1ch.<\/li>\n<\/ul>\n<\/li>\n<\/ol>\n<p>Prevodovka FMP225 pre hrable poh\u00e1\u0148an\u00e9 grejdrom vynik\u00e1 v\u010faka vysok\u00e9mu kr\u00fatiacemu momentu, odolnosti a \u00fa\u010dinnosti, v\u010faka \u010domu je ide\u00e1lna pre po\u013enohospod\u00e1rske, priemyseln\u00e9 a \u00fadr\u017eb\u00e1rske aplik\u00e1cie. Poskytuje vylep\u0161en\u00fd v\u00fdkon, zni\u017euje potrebu \u00fadr\u017eby a pon\u00faka v\u0161estrannos\u0165 v \u0161irokej \u0161k\u00e1le strojov. V\u010faka kompaktn\u00e9mu dizajnu, jednoduchej integr\u00e1cii a minim\u00e1lnej hlu\u010dnosti zais\u0165uje FMP225 plynul\u00fd, spo\u013eahliv\u00fd a n\u00e1kladovo efekt\u00edvny v\u00fdkon, \u010do je v\u00fdhodn\u00e9 pre pou\u017e\u00edvate\u013eov v r\u00f4znych odvetviach.<\/p>\n<p><img loading=\"lazy\" decoding=\"async\" class=\"alignnone size-full wp-image-2731\" src=\"https:\/\/fmp-components.com\/wp-content\/uploads\/2025\/01\/Grader-Driven-Rake-Gearbox-FMP225-Maintainance1.webp\" alt=\"\u00dadr\u017eba prevodovky hrabl\u00edc poh\u00e1\u0148an\u00fdch grejdrom FMP225(1)\" width=\"980\" height=\"664\" title=\"\" srcset=\"https:\/\/fmp-components.com\/wp-content\/uploads\/2025\/01\/Grader-Driven-Rake-Gearbox-FMP225-Maintainance1.webp 980w, https:\/\/fmp-components.com\/wp-content\/uploads\/2025\/01\/Grader-Driven-Rake-Gearbox-FMP225-Maintainance1-480x325.webp 480w\" sizes=\"(min-width: 0px) and (max-width: 480px) 480px, (min-width: 481px) 980px, 100vw\" \/><\/p>\n<h2>Pou\u017eitie prevodovky FMP225 poh\u00e1\u0148anej grejdrom<\/h2>\n<p>Prevodovka FMP225 pre zora\u010fova\u010de je navrhnut\u00e1 tak, aby poskytovala spo\u013eahliv\u00fd a efekt\u00edvny prenos v\u00fdkonu pre r\u00f4zne po\u013enohospod\u00e1rske, priemyseln\u00e9 a \u00fadr\u017eb\u00e1rske aplik\u00e1cie. Tu s\u00fa niektor\u00e9 z jej k\u013e\u00fa\u010dov\u00fdch aplik\u00e1ci\u00ed:<\/p>\n<p><strong>1. Po\u013enohospod\u00e1rske stroje:<\/strong><\/p>\n<ul>\n<li><strong>Hrab\u013eovanie sena:<\/strong> FMP225 sa \u0161iroko pou\u017e\u00edva v zariadeniach na hrabanie sena, kde zabezpe\u010duje efekt\u00edvne a konzistentn\u00e9 zhroma\u017e\u010fovanie sena do riadkov. Zohr\u00e1va k\u013e\u00fa\u010dov\u00fa \u00falohu pri udr\u017eiavan\u00ed hladkej prev\u00e1dzky, najm\u00e4 po\u010das sez\u00f3ny kosenia. Jeho schopnos\u0165 zvl\u00e1da\u0165 vysok\u00fd kr\u00fatiaci moment zais\u0165uje efekt\u00edvne hrabanie aj pri ve\u013ekom mno\u017estve sena.<\/li>\n<li><strong>Zbern\u00e9 reza\u010dky:<\/strong> Prevodovka sa pou\u017e\u00edva aj v zbern\u00fdch reza\u010dk\u00e1ch, kde pom\u00e1ha pri zbere a pr\u00edprave krmiva na sil\u00e1\u017e. Zabezpe\u010duje plynul\u00fd a efekt\u00edvny chod mechanizmov hrabania a zberu, \u010d\u00edm sa zlep\u0161uje efektivita zberu.<\/li>\n<li><strong>Zber tr\u00e1vy a riadkovanie:<\/strong> Prevodovka sa pou\u017e\u00edva pri zbere tr\u00e1vy a riadkovan\u00ed, kde pom\u00e1ha pripravi\u0165 tr\u00e1vu na r\u00f4zne po\u013enohospod\u00e1rske procesy, ako je su\u0161enie a bal\u00edkovanie.<\/li>\n<\/ul>\n<p><strong>2. \u00daprava ter\u00e9nu vozovky:<\/strong><\/p>\n<ul>\n<li><strong>Grejdery:<\/strong> FMP225 je ide\u00e1lnou vo\u013ebou pre stroje na nivel\u00e1ciu ciest, kde poh\u00e1\u0148a zh\u0155\u0148ac\u00ed mechanizmus na zarovn\u00e1vanie p\u00f4dy, rozde\u013eovanie \u0161trku a \u00fadr\u017ebu ciest. Jeho schopnos\u0165 poskytova\u0165 plynul\u00fd a konzistentn\u00fd v\u00fdkon ho rob\u00ed nevyhnutn\u00fdm pre vytv\u00e1ranie dobre zrovnan\u00fdch povrchov ciest v po\u013enohospod\u00e1rskom aj priemyselnom prostred\u00ed.<\/li>\n<li><strong>Vyrovn\u00e1vanie p\u00f4dy:<\/strong> Prevodovka zabezpe\u010duje, aby grejdery mohli efekt\u00edvne rozde\u013eova\u0165 zeminu a \u0161trk, \u010d\u00edm sa povrch vyrovn\u00e1 a priprav\u00ed sa na pokl\u00e1dku vozovky alebo in\u00e9 \u00fapravy. Jej spo\u013eahlivos\u0165 a kr\u00fatiaci moment ju predur\u010duj\u00fa na n\u00e1ro\u010dn\u00e9 \u00falohy.<\/li>\n<\/ul>\n<p><strong>3. Pr\u00edprava p\u00f4dy a \u00fadr\u017eba pozemkov:<\/strong><\/p>\n<ul>\n<li><strong>\u00daprava ter\u00e9nu a obr\u00e1banie p\u00f4dy:<\/strong> Prevodovka FMP225 sa pou\u017e\u00edva v zariadeniach ur\u010den\u00fdch na \u00fapravu a obr\u00e1banie p\u00f4dy. Pom\u00e1ha pri pr\u00edprave p\u00f4dy na v\u00fdsadbu alebo v\u00fdstavbu t\u00fdm, \u017ee zabezpe\u010duje rovnomern\u00e9 rozlo\u017eenie a vyrovnanie p\u00f4dy. Jej kr\u00fatiaci moment umo\u017e\u0148uje zvl\u00e1da\u0165 n\u00e1ro\u010dn\u00e9 p\u00f4dne podmienky.<\/li>\n<li><strong>\u00dadr\u017eba priekop a odvod\u0148ovac\u00edch kan\u00e1lov:<\/strong> Pri \u00faloh\u00e1ch \u00fadr\u017eby pozemkov, ako je \u010distenie priekop a \u00fadr\u017eba odvod\u0148ovac\u00edch syst\u00e9mov, prevodovka podporuje stroje pri premiest\u0148ovan\u00ed a zarovn\u00e1van\u00ed materi\u00e1lov, \u010d\u00edm zabezpe\u010duje spr\u00e1vny prietok vody a odvodnenie.<\/li>\n<\/ul>\n<p><strong>4. Priemyseln\u00e9 aplik\u00e1cie:<\/strong><\/p>\n<ul>\n<li><strong>Manipul\u00e1cia s materi\u00e1lom:<\/strong> Prevodovka sa m\u00f4\u017ee pou\u017e\u00edva\u0165 v priemyseln\u00fdch strojoch na manipul\u00e1ciu s materi\u00e1lom, kde poh\u00e1\u0148a mechanizmy, ktor\u00e9 pohybuj\u00fa, hrabaj\u00fa alebo zbieraj\u00fa r\u00f4zne materi\u00e1ly, ako je piesok, \u0161trk a in\u00fd sypk\u00fd tovar.<\/li>\n<li><strong>Stavebn\u00e9 vybavenie:<\/strong> V stavebn\u00edctve je mo\u017en\u00e9 prevodovku FMP225 integrova\u0165 do strojov na nivel\u00e1ciu a pr\u00edpravu ter\u00e9nu pou\u017e\u00edvan\u00fdch na v\u00fdkopov\u00e9 pr\u00e1ce, nivel\u00e1ciu a pr\u00edpravu staveniska, \u010do prispieva k efekt\u00edvnej spr\u00e1ve staveniska.<\/li>\n<\/ul>\n<p><strong>5. Zariadenia na odh\u0155\u0148anie snehu:<\/strong><\/p>\n<ul>\n<li><strong>Snehov\u00e9 pluhy a hrable:<\/strong> Prevodovka FMP225 sa pou\u017e\u00edva aj v zariadeniach na odh\u0155\u0148anie snehu, kde poh\u00e1\u0148a radlice hrabl\u00ed alebo pluhov. T\u00e1to aplik\u00e1cia je obzvl\u00e1\u0161\u0165 u\u017eito\u010dn\u00e1 v oblastiach, kde nahromadenie snehu vy\u017eaduje pravideln\u00e9 odh\u0155\u0148anie, aby sa zabezpe\u010dili bezpe\u010dn\u00e9 a pr\u00edstupn\u00e9 cesty a chodn\u00edky.<\/li>\n<\/ul>\n<p>Prevodovka FMP225 pre hrable poh\u00e1\u0148an\u00e9 grejdrom je v\u0161estrann\u00e1 a vysoko v\u00fdkonn\u00e1 prevodovka pou\u017e\u00edvan\u00e1 v \u0161irokej \u0161k\u00e1le aplik\u00e1ci\u00ed vr\u00e1tane po\u013enohospod\u00e1rstva (hrabovanie sena, zber krmov\u00edn, zber tr\u00e1vy), \u00fapravy ter\u00e9nu, pr\u00edpravy p\u00f4dy, manipul\u00e1cie s priemyseln\u00fdm materi\u00e1lom, odprat\u00e1vania snehu a \u00fadr\u017eby tr\u00e1vnikov. V\u010faka odolnej kon\u0161trukcii, vysok\u00e9mu kr\u00fatiacemu momentu a spo\u013eahlivej prev\u00e1dzke je vhodn\u00e1 pre n\u00e1ro\u010dn\u00e9 \u00falohy v po\u013enohospod\u00e1rskom aj priemyselnom prostred\u00ed.<\/p>\n<table style=\"border-collapse: collapse; width: 100.406%; height: 53px;\" border=\"0\" width=\"128\" cellspacing=\"0\" cellpadding=\"0\">\n<tbody>\n<tr style=\"height: 13.8pt;\">\n<td style=\"height: 13.8pt; width: 48pt;\" align=\"right\" width=\"64\" height=\"18\"><img loading=\"lazy\" decoding=\"async\" class=\"alignnone size-full wp-image-2732\" src=\"https:\/\/fmp-components.com\/wp-content\/uploads\/2025\/01\/Grader-Driven-Rake-Gearbox-FMP225-Applications-21.webp\" alt=\"Prevodovka hrabl\u00edc poh\u00e1\u0148an\u00fdch grejdrom FMP225 - Aplik\u00e1cie - 2(1)\" width=\"1024\" height=\"576\" title=\"\" srcset=\"https:\/\/fmp-components.com\/wp-content\/uploads\/2025\/01\/Grader-Driven-Rake-Gearbox-FMP225-Applications-21.webp 1024w, https:\/\/fmp-components.com\/wp-content\/uploads\/2025\/01\/Grader-Driven-Rake-Gearbox-FMP225-Applications-21-980x551.webp 980w, https:\/\/fmp-components.com\/wp-content\/uploads\/2025\/01\/Grader-Driven-Rake-Gearbox-FMP225-Applications-21-480x270.webp 480w\" sizes=\"(min-width: 0px) and (max-width: 480px) 480px, (min-width: 481px) and (max-width: 980px) 980px, (min-width: 981px) 1024px, 100vw\" \/><\/td>\n<td style=\"width: 48pt;\" align=\"right\" width=\"64\"><img loading=\"lazy\" decoding=\"async\" class=\"alignnone size-full wp-image-2733\" src=\"https:\/\/fmp-components.com\/wp-content\/uploads\/2025\/01\/Grader-Driven-Rake-Gearbox-FMP225-Applications-11.webp\" alt=\"Prevodovka hrabl\u00edc poh\u00e1\u0148an\u00fdch grejdrom FMP225 - Aplik\u00e1cie - 1(1)\" width=\"1024\" height=\"576\" title=\"\" srcset=\"https:\/\/fmp-components.com\/wp-content\/uploads\/2025\/01\/Grader-Driven-Rake-Gearbox-FMP225-Applications-11.webp 1024w, https:\/\/fmp-components.com\/wp-content\/uploads\/2025\/01\/Grader-Driven-Rake-Gearbox-FMP225-Applications-11-980x551.webp 980w, https:\/\/fmp-components.com\/wp-content\/uploads\/2025\/01\/Grader-Driven-Rake-Gearbox-FMP225-Applications-11-480x270.webp 480w\" sizes=\"(min-width: 0px) and (max-width: 480px) 480px, (min-width: 481px) and (max-width: 980px) 980px, (min-width: 981px) 1024px, 100vw\" \/><\/td>\n<\/tr>\n<\/tbody>\n<\/table>\n<h2>O FMP<\/h2>\n<p>Spolo\u010dnos\u0165 FMP so s\u00eddlom v Taliansku je popredn\u00fd v\u00fdrobca \u0161pecializuj\u00faci sa na n\u00e1vrh, v\u00fdvoj a v\u00fdrobu vysokov\u00fdkonn\u00fdch prevodoviek so siln\u00fdm zameran\u00edm na sektor po\u013enohospod\u00e1rskych strojov. Spolo\u010dnos\u0165 FMP, zn\u00e1ma pre svoje presn\u00e9 in\u017einierstvo, inovat\u00edvne rie\u0161enia a neochvejn\u00fa spo\u013eahlivos\u0165, si z\u00edskala d\u00f4veru po\u013enohospod\u00e1rskeho aj priemyseln\u00e9ho trhu. N\u00e1\u0161 rozsiahly sortiment zah\u0155\u0148a \u0161pecializovan\u00e9 prevodovky pre kosa\u010dky na tr\u00e1vu, v\u00fdvodov\u00e9 hriadele a \u010fal\u0161ie d\u00f4le\u017eit\u00e9 komponenty, pri\u010dom v\u0161etky s\u00fa starostlivo navrhnut\u00e9 tak, aby poskytovali rie\u0161enia na mieru pre r\u00f4zne aplik\u00e1cie.<\/p>\n<p>V spolo\u010dnosti FMP ch\u00e1peme, \u017ee ka\u017ed\u00fd klient m\u00e1 jedine\u010dn\u00e9 potreby a v\u00fdzvy. Preto kladieme d\u00f4raz na poskytovanie rie\u0161en\u00ed na mieru \u2013 \u010di u\u017e ide o jednotliv\u00e9 komponenty alebo plne integrovan\u00e9 syst\u00e9my. \u00dazko spolupracujeme s na\u0161imi klientmi, aby sme zabezpe\u010dili, \u017ee ka\u017ed\u00e9 rie\u0161enie je nielen efekt\u00edvne, ale aj \u00fa\u010dinn\u00e9, optimalizuj\u00fac v\u00fdkon aj n\u00e1kladov\u00fa efekt\u00edvnos\u0165. Na\u0161e odhodlanie pon\u00faka\u0165 r\u00fdchle a profesion\u00e1lne odpovede spolu s odborn\u00fdm poradenstvom zaru\u010duje, \u017ee ka\u017ed\u00e1 po\u017eiadavka bude spracovan\u00e1 s presnos\u0165ou, \u010do povedie k najlep\u0161\u00edm mo\u017en\u00fdm v\u00fdsledkom.<\/p>\n<p>Otvoren\u00e1 a nepretr\u017eit\u00e1 komunik\u00e1cia je k\u013e\u00fa\u010dov\u00fdm princ\u00edpom n\u00e1\u0161ho pr\u00edstupu. N\u00e1\u0161 \u0161pecializovan\u00fd t\u00edm spolupracuje s klientmi po\u010das cel\u00e9ho procesu v\u00fdvoja produktu a sna\u017e\u00ed sa d\u00f4kladne pochopi\u0165 ich \u0161pecifick\u00e9 potreby. Pon\u00fakame cenn\u00e9 poznatky a odpor\u00fa\u010dania, aby sme zabezpe\u010dili optimaliz\u00e1ciu ka\u017ed\u00e9ho rie\u0161enia. \u010ci u\u017e navrhujeme inovat\u00edvne produkty alebo pln\u00edme prebiehaj\u00face objedn\u00e1vky, spolo\u010dnos\u0165 FMP sa zav\u00e4zuje dod\u00e1va\u0165 vysokokvalitn\u00e9, prec\u00edzne navrhnut\u00e9 rie\u0161enia v\u010das a v\u017edy. Na\u0161\u00edm cie\u013eom je prekona\u0165 o\u010dak\u00e1vania klientov a poskytova\u0165 v\u00fdnimo\u010dn\u00e9 slu\u017eby a v\u00fdsledky v ka\u017edom projekte.<\/p>\n<p>Kvalita je z\u00e1kladn\u00fdm kame\u0148om prev\u00e1dzky spolo\u010dnosti FMP. Dodr\u017eiavame najvy\u0161\u0161ie v\u00fdrobn\u00e9 \u0161tandardy a implementujeme pr\u00edsne procesy kontroly kvality, aby sme zabezpe\u010dili, \u017ee ka\u017ed\u00fd produkt sp\u013a\u0148a alebo prekra\u010duje priemyseln\u00e9 \u0161tandardy. Tento neochvejn\u00fd z\u00e1v\u00e4zok k dokonalosti spolu s na\u0161imi z\u00e1kladn\u00fdmi hodnotami integrity, t\u00edmovej pr\u00e1ce a vytrvalosti umo\u017enil spolo\u010dnosti FMP nadviaza\u0165 dlhodob\u00e9 vz\u0165ahy zalo\u017een\u00e9 na d\u00f4vere s klientmi v takmer 30 krajin\u00e1ch.<\/p>\n<p>Spolo\u010dnos\u0165 FMP sa v\u017edy sna\u017e\u00ed podporova\u0165 glob\u00e1lne partnerstv\u00e1 a je odhodlan\u00e1 pon\u00faka\u0165 odborn\u00e9 poradenstvo a rie\u0161enia na mieru, ktor\u00e9 sp\u013a\u0148aj\u00fa rozmanit\u00e9 potreby na\u0161ich klientov. Nedod\u00e1vame len produkty; na\u0161\u00edm cie\u013eom je budova\u0165 trval\u00e9 vz\u0165ahy, ktor\u00e9 prispievaj\u00fa k dlhodob\u00e9mu \u00faspechu ka\u017ed\u00e9ho projektu. \u010ci u\u017e potrebujete inovat\u00edvne rie\u0161enia pre nov\u00fa iniciat\u00edvu alebo priebe\u017en\u00fa podporu pre existuj\u00faci syst\u00e9m, spolo\u010dnos\u0165 FMP je tu, aby splnila va\u0161e technick\u00e9 v\u00fdzvy a zabezpe\u010dila v\u00e1\u0161 trval\u00fd \u00faspech.<\/p>\n<p><img loading=\"lazy\" decoding=\"async\" class=\"alignnone wp-image-2695\" src=\"https:\/\/fmp-components.com\/wp-content\/uploads\/2025\/01\/agricultural-gearbox3.webp\" alt=\"po\u013enohospod\u00e1rska prevodovka\" width=\"953\" height=\"951\" title=\"\" srcset=\"https:\/\/fmp-components.com\/wp-content\/uploads\/2025\/01\/agricultural-gearbox3.webp 953w, https:\/\/fmp-components.com\/wp-content\/uploads\/2025\/01\/agricultural-gearbox3-480x479.webp 480w\" sizes=\"(min-width: 0px) and (max-width: 480px) 480px, (min-width: 481px) 953px, 100vw\" \/><\/p>\n<p>Autor: CX<\/p>","protected":false},"excerpt":{"rendered":"<p>Grader Driven Rake Gearbox FMP225 Dimensions Grader Driven Rake Gearbox FMP225 Turn \u00a0Grader Driven Rake Gearbox FMP225 Technical Data i Suitable Rpm input Rpm output KW(Nom) KW(Max) Toothing r\/min r\/min hp hp Decelerate 1.93:1 Rotary Tillers, Beaters, etc 540 280 57 75 Gleason Helical Teeth Decelerate 1.46: 1 540 370 80 110 Remark: If you [&hellip;]<\/p>","protected":false},"featured_media":2734,"comment_status":"open","ping_status":"closed","template":"","meta":{"_et_pb_use_builder":"","_et_pb_old_content":"","_et_gb_content_width":""},"product_brand":[],"product_cat":[66],"product_tag":[],"class_list":{"0":"post-2725","1":"product","2":"type-product","3":"status-publish","4":"has-post-thumbnail","6":"product_cat-grader-driven-rake-gearbox","8":"first","9":"instock","10":"shipping-taxable","11":"product-type-simple"},"_links":{"self":[{"href":"https:\/\/fmp-components.com\/sk\/wp-json\/wp\/v2\/product\/2725","targetHints":{"allow":["GET"]}}],"collection":[{"href":"https:\/\/fmp-components.com\/sk\/wp-json\/wp\/v2\/product"}],"about":[{"href":"https:\/\/fmp-components.com\/sk\/wp-json\/wp\/v2\/types\/product"}],"replies":[{"embeddable":true,"href":"https:\/\/fmp-components.com\/sk\/wp-json\/wp\/v2\/comments?post=2725"}],"wp:featuredmedia":[{"embeddable":true,"href":"https:\/\/fmp-components.com\/sk\/wp-json\/wp\/v2\/media\/2734"}],"wp:attachment":[{"href":"https:\/\/fmp-components.com\/sk\/wp-json\/wp\/v2\/media?parent=2725"}],"wp:term":[{"taxonomy":"product_brand","embeddable":true,"href":"https:\/\/fmp-components.com\/sk\/wp-json\/wp\/v2\/product_brand?post=2725"},{"taxonomy":"product_cat","embeddable":true,"href":"https:\/\/fmp-components.com\/sk\/wp-json\/wp\/v2\/product_cat?post=2725"},{"taxonomy":"product_tag","embeddable":true,"href":"https:\/\/fmp-components.com\/sk\/wp-json\/wp\/v2\/product_tag?post=2725"}],"curies":[{"name":"pracovn\u00fd list","href":"https:\/\/api.w.org\/{rel}","templated":true}]}}