{"id":2667,"date":"2025-01-03T05:45:44","date_gmt":"2025-01-03T05:45:44","guid":{"rendered":"https:\/\/fmp-components.com\/product\/professional-telescopic-hydraulic-cylinder-for-dump-truck\/"},"modified":"2025-01-04T00:42:55","modified_gmt":"2025-01-04T00:42:55","slug":"professional-telescopic-hydraulic-cylinder-for-dump-truck","status":"publish","type":"product","link":"https:\/\/fmp-components.com\/sk\/product\/professional-telescopic-hydraulic-cylinder-for-dump-truck\/","title":{"rendered":"Profesion\u00e1lny teleskopick\u00fd hydraulick\u00fd valec pre skl\u00e1pa\u010d"},"content":{"rendered":"<h2>Profesion\u00e1lny teleskopick\u00fd hydraulick\u00fd valec pre skl\u00e1pa\u010d<\/h2>\n<p>Profesion\u00e1lny teleskopick\u00fd hydraulick\u00fd valec pre skl\u00e1pa\u010de je vysoko kvalitn\u00fd a efekt\u00edvny hydraulick\u00fd syst\u00e9m navrhnut\u00fd \u0161peci\u00e1lne pre skl\u00e1pa\u010de. Tento valec zohr\u00e1va k\u013e\u00fa\u010dov\u00fa \u00falohu pri umo\u017enen\u00ed plynul\u00e9ho a presn\u00e9ho zdv\u00edhania a sp\u00fa\u0161\u0165ania korby n\u00e1kladn\u00e9ho vozidla, \u010do umo\u017e\u0148uje jednoduch\u00e9 nakladanie a vykladanie materi\u00e1lov.<\/p>\n<p>K\u013e\u00fa\u010dov\u00e9 vlastnosti:<br \/>\n1. Vynikaj\u00faca odolnos\u0165: Tento hydraulick\u00fd valec je vyroben\u00fd z odoln\u00fdch materi\u00e1lov a v\u010faka pokro\u010dilej kon\u0161trukcii navrhnut\u00fd tak, aby odolal \u0165a\u017ek\u00fdm za\u0165a\u017eeniam a n\u00e1ro\u010dn\u00fdm pracovn\u00fdm podmienkam. Je vysoko odoln\u00fd vo\u010di opotrebovaniu, \u010do zaru\u010duje dlhotrvaj\u00faci v\u00fdkon.<\/p>\n<p>2. Teleskopick\u00e1 kon\u0161trukcia: Valec m\u00e1 teleskopick\u00fa kon\u0161trukciu s viacer\u00fdmi stup\u0148ami, ktor\u00e9 sa daj\u00fa pod\u013ea potreby vys\u00fava\u0165 a zas\u00fava\u0165. To umo\u017e\u0148uje flexibiln\u00e9 a nastavite\u013en\u00e9 v\u00fd\u0161kov\u00e9 polohy, ktor\u00e9 vyhovuj\u00fa r\u00f4znym po\u017eiadavk\u00e1m na vysyp\u00e1vanie.<\/p>\n<p>3. Presn\u00e9 ovl\u00e1danie: Tento valec je vybaven\u00fd spo\u013eahliv\u00fdm hydraulick\u00fdm syst\u00e9mom a pon\u00faka presn\u00e9 ovl\u00e1danie zdv\u00edhania a sp\u00fa\u0161\u0165ania. Obsluha m\u00f4\u017ee jednoducho nastavi\u0165 r\u00fdchlos\u0165 a silu, \u010d\u00edm zabezpe\u010d\u00ed bezpe\u010dn\u00e9 a efekt\u00edvne vysyp\u00e1vanie materi\u00e1lov.<\/p>\n<p>4. Jednoduch\u00e1 \u00fadr\u017eba: Profesion\u00e1lny teleskopick\u00fd hydraulick\u00fd valec je navrhnut\u00fd pre jednoduch\u00fa \u00fadr\u017ebu. Je vybaven\u00fd pr\u00edstupn\u00fdmi komponentmi, ktor\u00e9 umo\u017e\u0148uj\u00fa pohodln\u00fa kontrolu, mazanie a opravy, \u010d\u00edm sa minimalizuj\u00fa prestoje a maximalizuje produktivita.<\/p>\n<p>5. \u0160irok\u00fd rozsah pou\u017eitia: Tento hydraulick\u00fd valec je vhodn\u00fd pre \u0161irok\u00fa \u0161k\u00e1lu skl\u00e1pa\u010dov pou\u017e\u00edvan\u00fdch v odvetviach, ako je stavebn\u00edctvo, ban\u00edctvo a po\u013enohospod\u00e1rstvo. Je navrhnut\u00fd tak, aby zvl\u00e1dal \u0165a\u017ek\u00e9 n\u00e1klady a poskytoval spo\u013eahliv\u00fd v\u00fdkon v n\u00e1ro\u010dn\u00fdch prostrediach.<\/p>\n<h2>K\u013e\u00fa\u010dov\u00e9 vlastnosti a \u0161pecifik\u00e1cie<\/h2>\n<p>Hydraulick\u00fd valec je \u0161tandardn\u00fd produkt s digit\u00e1lnou \u0161trukt\u00farou. Jeho hlavn\u00e9 komponenty pozost\u00e1vaj\u00fa z lo\u017e\u00edsk, na ktor\u00e9 sa vz\u0165ahuje aj ro\u010dn\u00e1 z\u00e1ruka. Hlavn\u00fd materi\u00e1l tela je oce\u013e, \u010do zaru\u010duje odolnos\u0165 a dlh\u00fa \u017eivotnos\u0165. M\u00e1 maxim\u00e1lny posuv 3000 a maxim\u00e1lny \u0165ah 200 mm. Farba hydraulick\u00e9ho valca je \u010dierna, \u010do prispieva k jeho profesion\u00e1lnemu a elegantn\u00e9mu dizajnu.<\/p>\n<p><img loading=\"lazy\" decoding=\"async\" class=\"size-full wp-image-2679 aligncenter\" src=\"https:\/\/fmp-components.com\/wp-content\/uploads\/2025\/01\/dump-truck-trailer-hydraulic-cylinder-2-2.webp\" alt=\"hydraulick\u00fd valec skl\u00e1pacieho pr\u00edvesu 2\" width=\"600\" height=\"600\" title=\"\" srcset=\"https:\/\/fmp-components.com\/wp-content\/uploads\/2025\/01\/dump-truck-trailer-hydraulic-cylinder-2-2.webp 600w, https:\/\/fmp-components.com\/wp-content\/uploads\/2025\/01\/dump-truck-trailer-hydraulic-cylinder-2-2-480x480.webp 480w\" sizes=\"(min-width: 0px) and (max-width: 480px) 480px, (min-width: 481px) 600px, 100vw\" \/><\/p>\n<table style=\"width: 93.9385%; height: 229px;\" border=\"1\">\n<tbody>\n<tr>\n<td colspan=\"1\" rowspan=\"1\"><b>Ve\u013ekos\u0165 otvoru<\/b><\/td>\n<td colspan=\"1\" rowspan=\"1\">2-6 palcov<\/td>\n<\/tr>\n<tr>\n<td colspan=\"1\" rowspan=\"1\"><b>Ve\u013ekos\u0165 ty\u010de<\/b><\/td>\n<td colspan=\"1\" rowspan=\"1\">1,125-4 palca<\/td>\n<\/tr>\n<tr>\n<td colspan=\"1\" rowspan=\"1\"><b>Ve\u013ekos\u0165 \u0165ahu<\/b><\/td>\n<td colspan=\"1\" rowspan=\"1\">6-48 palcov<\/td>\n<\/tr>\n<tr>\n<td colspan=\"1\" rowspan=\"1\"><b>Ve\u013ekos\u0165 \u010dapu<\/b><\/td>\n<td colspan=\"1\" rowspan=\"1\">0,5-2 palce<\/td>\n<\/tr>\n<tr>\n<td colspan=\"1\" rowspan=\"1\"><b>Porty<\/b><\/td>\n<td colspan=\"1\" rowspan=\"1\">G\/SAE\/NPT\/M<\/td>\n<\/tr>\n<\/tbody>\n<\/table>\n<h2>V\u00fdhody hydraulick\u00e9ho valca pre skl\u00e1pa\u010de a pr\u00edvesy<\/h2>\n<ul>\n<li><strong>Zv\u00fd\u0161en\u00e1 \u00fa\u010dinnos\u0165:<\/strong> Skl\u00e1pa\u010de a pr\u00edvesy vybaven\u00e9 hydraulick\u00fdmi valcami m\u00f4\u017eu pracova\u0165 efekt\u00edvnej\u0161ie ako tie, ktor\u00e9 ich nemaj\u00fa. Hydraulick\u00fd syst\u00e9m zabezpe\u010duje plynul\u00fd a spo\u013eahliv\u00fd prenos v\u00fdkonu, ktor\u00fd umo\u017e\u0148uje r\u00fdchlej\u0161ie a presnej\u0161ie vysyp\u00e1vanie materi\u00e1lov. To \u0161etr\u00ed \u010das a n\u00e1klady na pracovn\u00fa silu a z\u00e1rove\u0148 zvy\u0161uje celkov\u00fa produktivitu. Hydraulick\u00e9 syst\u00e9my s\u00fa navy\u0161e vysoko \u00fa\u010dinn\u00e9 z h\u013eadiska spotreby energie. Na prev\u00e1dzku vy\u017eaduj\u00fa menej energie v porovnan\u00ed s mechanick\u00fdmi syst\u00e9mami, \u010do znamen\u00e1 ni\u017e\u0161ie n\u00e1klady na palivo a men\u0161\u00ed vplyv na \u017eivotn\u00e9 prostredie. Hydraulick\u00e9 valce s\u00fa navy\u0161e navrhnut\u00e9 pre dlhotrvaj\u00faci v\u00fdkon, \u010do zni\u017euje potrebu \u010dastej \u00fadr\u017eby a opr\u00e1v.<\/li>\n<li><strong>Zlep\u0161en\u00e1 bezpe\u010dnos\u0165:<\/strong> Skl\u00e1pa\u010de a pr\u00edvesy m\u00f4\u017eu by\u0165 nebezpe\u010dn\u00e9, ak sa nepou\u017e\u00edvaj\u00fa spr\u00e1vne. Hydraulick\u00e9 valce v\u0161ak m\u00f4\u017eu zlep\u0161i\u0165 bezpe\u010dnos\u0165 zn\u00ed\u017een\u00edm rizika prevr\u00e1tenia alebo vysypania po\u010das procesu vykl\u00e1povania. Hydraulick\u00fd syst\u00e9m zabezpe\u010duje stabiln\u00fd a plynul\u00fd prenos v\u00fdkonu, \u010d\u00edm zabra\u0148uje n\u00e1hlym pohybom alebo trhnutiam, ktor\u00e9 by mohli destabilizova\u0165 vozidlo. Okrem toho m\u00f4\u017eu by\u0165 hydraulick\u00e9 syst\u00e9my navrhnut\u00e9 s bezpe\u010dnostn\u00fdmi prvkami, ako s\u00fa pretlakov\u00e9 ventily a ochrana proti pre\u0165a\u017eeniu, ktor\u00e9 zabezpe\u010duj\u00fa, \u017ee syst\u00e9m neprekro\u010d\u00ed svoju maxim\u00e1lnu kapacitu. Zlep\u0161en\u00edm bezpe\u010dnosti m\u00f4\u017eu hydraulick\u00e9 valce pom\u00f4c\u0165 zn\u00ed\u017ei\u0165 riziko neh\u00f4d a zranen\u00ed a chr\u00e1ni\u0165 pracovn\u00edkov aj zariadenia.<\/li>\n<li><strong>Zv\u00fd\u0161en\u00e1 v\u0161estrannos\u0165:<\/strong> Skl\u00e1pa\u010de a pr\u00edvesy vybaven\u00e9 hydraulick\u00fdmi valcami sa daj\u00fa pou\u017ei\u0165 na r\u00f4zne \u00fa\u010dely. Hydraulick\u00e9 syst\u00e9my s\u00fa vysoko prisp\u00f4sobiv\u00e9 a daj\u00fa sa prisp\u00f4sobi\u0165 \u0161pecifick\u00fdm potreb\u00e1m r\u00f4znych odvetv\u00ed a aplik\u00e1ci\u00ed. Napr\u00edklad hydraulick\u00e9 valce m\u00f4\u017eu by\u0165 navrhnut\u00e9 tak, aby fungovali pri r\u00f4znych tlakoch a r\u00fdchlostiach, \u010do umo\u017e\u0148uje presn\u00fa kontrolu nad procesom skl\u00e1dkovania. M\u00f4\u017eu sa tie\u017e pou\u017ei\u0165 na zdv\u00edhanie \u0165a\u017ek\u00fdch bremien alebo na ods\u00favanie materi\u00e1lov, v\u010faka \u010domu s\u00fa u\u017eito\u010dn\u00e9 v stavebn\u00edctve, ban\u00edctve a po\u013enohospod\u00e1rstve.<\/li>\n<li><strong>Zlep\u0161en\u00e9 pohodlie:<\/strong> Prev\u00e1dzkovatelia skl\u00e1pa\u010dov a pr\u00edvesov m\u00f4\u017eu vyu\u017e\u00edva\u0165 zv\u00fd\u0161en\u00e9 pohodlie, ktor\u00e9 poskytuj\u00fa hydraulick\u00e9 syst\u00e9my. Plynul\u00fd chod hydraulick\u00fdch valcov zni\u017euje vibr\u00e1cie a otrasy, \u010d\u00edm sa zni\u017euje \u00fanava obsluhy a zlep\u0161uje sa celkov\u00fd komfort. Okrem toho m\u00f4\u017eu by\u0165 hydraulick\u00e9 syst\u00e9my navrhnut\u00e9 tak, aby fungovali ticho, \u010d\u00edm sa zni\u017euje hlukov\u00e9 zne\u010distenie a vytv\u00e1ra sa pohodlnej\u0161ie pracovn\u00e9 prostredie. To m\u00f4\u017ee by\u0165 obzvl\u00e1\u0161\u0165 d\u00f4le\u017eit\u00e9 pre aplik\u00e1cie, kde s\u00fa pracovn\u00edci dlh\u0161\u00ed \u010das v tesnej bl\u00edzkosti zariadenia.<\/li>\n<li><strong>Zv\u00fd\u0161en\u00e1 kontrola:<\/strong> Hydraulick\u00e9 valce poskytuj\u00fa presn\u00fa kontrolu nad procesom vykl\u00e1povania, \u010do umo\u017e\u0148uje oper\u00e1torom nastavi\u0165 r\u00fdchlos\u0165 a uhol vykl\u00e1pania. T\u00e1to \u00farove\u0148 kontroly m\u00f4\u017ee by\u0165 obzvl\u00e1\u0161\u0165 u\u017eito\u010dn\u00e1 v aplik\u00e1ci\u00e1ch, kde s\u00fa vykl\u00e1pan\u00e9 materi\u00e1ly ch\u00falostiv\u00e9 alebo vy\u017eaduj\u00fa presn\u00e9 polohovanie. Okrem toho je mo\u017en\u00e9 hydraulick\u00e9 valce ovl\u00e1da\u0165 na dia\u013eku, \u010do poskytuje e\u0161te v\u00e4\u010d\u0161iu kontrolu a flexibilitu. To m\u00f4\u017ee by\u0165 u\u017eito\u010dn\u00e9 v aplik\u00e1ci\u00e1ch, kde sa oper\u00e1tor mus\u00ed nach\u00e1dza\u0165 na inom mieste ako zariadenie alebo kde je obmedzen\u00e1 vidite\u013enos\u0165.<\/li>\n<\/ul>\n<p><img loading=\"lazy\" decoding=\"async\" class=\"alignnone size-full wp-image-2676\" src=\"https:\/\/fmp-components.com\/wp-content\/uploads\/2025\/01\/hydraulic-cylinder-workshop.webp\" alt=\"diel\u0148a na hydraulick\u00e9 valce\" width=\"914\" height=\"733\" title=\"\" srcset=\"https:\/\/fmp-components.com\/wp-content\/uploads\/2025\/01\/hydraulic-cylinder-workshop.webp 914w, https:\/\/fmp-components.com\/wp-content\/uploads\/2025\/01\/hydraulic-cylinder-workshop-480x385.webp 480w\" sizes=\"(min-width: 0px) and (max-width: 480px) 480px, (min-width: 481px) 914px, 100vw\" \/><\/p>\n<h2>O FMP<\/h2>\n<p>FMP je popredn\u00e1 spolo\u010dnos\u0165 so s\u00eddlom v Taliansku, ktor\u00e1 sa \u0161pecializuje na predaj a servis pr\u00edslu\u0161enstva a kompletn\u00fdch strojov pre stavebn\u00e9 stroje. Na\u0161a spolo\u010dnos\u0165 m\u00e1 rozsiahle sk\u00fasenosti v tomto odvetv\u00ed a profesion\u00e1lny t\u00edm, ktor\u00fd sa zaviazal poskytova\u0165 z\u00e1kazn\u00edkom vysoko kvalitn\u00e9 a spo\u013eahliv\u00e9 rie\u0161enia v oblasti stavebn\u00fdch strojov.<\/p>\n<p>Tu je p\u00e4\u0165 d\u00f4vodov, pre\u010do by ste si mali vybra\u0165 FMP:<\/p>\n<p>1. Vysokokvalitn\u00e9 hydraulick\u00e9 valce pre presn\u00e9 in\u017einierstvo<br \/>\nV spolo\u010dnosti FMP sa zav\u00e4zujeme ku kvalite na ka\u017edej \u00farovni n\u00e1\u0161ho podnikania. Na\u0161e hydraulick\u00e9 valce s\u00fa prec\u00edzne navrhnut\u00e9 tak, aby sp\u013a\u0148ali najvy\u0161\u0161ie priemyseln\u00e9 \u0161tandardy. Pou\u017e\u00edvame iba vysokokvalitn\u00e9 suroviny a vykon\u00e1vame pr\u00edsne kontroly kvality hotov\u00fdch v\u00fdrobkov, aby sme zabezpe\u010dili, \u017ee na\u0161i z\u00e1kazn\u00edci dostan\u00fa tie najlep\u0161ie mo\u017en\u00e9 produkty.<\/p>\n<p>2. Rozsiahly sortiment produktov<br \/>\nPon\u00fakame \u0161irok\u00fd sortiment pr\u00edslu\u0161enstva a kompletn\u00fdch strojov pre stavebn\u00e9 stroje vr\u00e1tane r\u00f4znych hydraulick\u00fdch valcov, prevodoviek, re\u0165az\u00ed a ozuben\u00fdch kolies. N\u00e1\u0161 sortiment zah\u0155\u0148a v\u0161etky typy stavebn\u00fdch strojov a pr\u00edslu\u0161enstva vr\u00e1tane pr\u00edslu\u0161enstva k motorom, komponentov hydraulick\u00fdch syst\u00e9mov, pr\u00edslu\u0161enstva k podvozkom a pr\u00edslu\u0161enstva k elektrick\u00fdm syst\u00e9mom.<\/p>\n<p>3. Dlhodob\u00e9 a stabiln\u00e9 partnersk\u00e9 vz\u0165ahy s dod\u00e1vate\u013emi<br \/>\nSpolo\u010dnos\u0165 FMP si vybudovala dlhodob\u00e9 a stabiln\u00e9 partnersk\u00e9 vz\u0165ahy s mnoh\u00fdmi kvalitn\u00fdmi dom\u00e1cimi aj zahrani\u010dn\u00fdmi dod\u00e1vate\u013emi. To zaru\u010duje, \u017ee v\u0161etko dod\u00e1van\u00e9 pr\u00edslu\u0161enstvo sp\u013a\u0148a pr\u00edsne \u0161tandardy kvality a na\u0161i z\u00e1kazn\u00edci dost\u00e1vaj\u00fa tie najlep\u0161ie mo\u017en\u00e9 produkty.<\/p>\n<p>4. Sk\u00fasen\u00fd a kvalifikovan\u00fd obchodn\u00fd t\u00edm<br \/>\nN\u00e1\u0161 obchodn\u00fd t\u00edm m\u00e1 sk\u00fasenosti a je zru\u010dn\u00fd v odvetv\u00ed stavebn\u00fdch strojov. Je obozn\u00e1men\u00fd s najnov\u0161\u00edmi v\u00fdvojov\u00fdmi trendmi a potrebami z\u00e1kazn\u00edkov a dok\u00e1\u017ee poskytn\u00fa\u0165 profesion\u00e1lne konzult\u00e1cie o produktoch a inteligentn\u00e9 poradenstvo pri n\u00e1kupe, aby na\u0161i z\u00e1kazn\u00edci dostali tie spr\u00e1vne produkty pre svoje potreby.<\/p>\n<p>5. Efekt\u00edvny logistick\u00fd distribu\u010dn\u00fd syst\u00e9m<br \/>\nM\u00e1me efekt\u00edvny logistick\u00fd distribu\u010dn\u00fd syst\u00e9m, ktor\u00fd zabezpe\u010duje, aby na\u0161i z\u00e1kazn\u00edci dostali po\u017eadovan\u00e9 diely v\u010das a presne. N\u00e1\u0161 logistick\u00fd t\u00edm sa zav\u00e4zuje poskytova\u0165 \u010do najlep\u0161ie slu\u017eby, aby sme zabezpe\u010dili spokojnos\u0165 na\u0161ich z\u00e1kazn\u00edkov.<\/p>\n<p>Ak h\u013ead\u00e1te vysokokvalitn\u00e9 pr\u00edslu\u0161enstvo a kompletn\u00e9 stroje pre stavebn\u00e9 stroje, FMP je tou najlep\u0161ou vo\u013ebou. Kontaktujte n\u00e1s e\u0161te dnes a dozviete sa viac o na\u0161ich produktoch a o tom, ako v\u00e1m m\u00f4\u017eeme pom\u00f4c\u0165 splni\u0165 va\u0161e potreby v oblasti stavebn\u00fdch strojov.<\/p>\n<p><img loading=\"lazy\" decoding=\"async\" class=\"alignnone wp-image-2672\" src=\"https:\/\/fmp-components.com\/wp-content\/uploads\/2025\/01\/Dump-Truck-Trailer-Hydraulic-Cylinder-product-3-2.webp\" alt=\"Hydraulick\u00fd valec pre skl\u00e1pa\u010de a pr\u00edvesy - produkt-3\" width=\"921\" height=\"675\" title=\"\" srcset=\"https:\/\/fmp-components.com\/wp-content\/uploads\/2025\/01\/Dump-Truck-Trailer-Hydraulic-Cylinder-product-3-2.webp 921w, https:\/\/fmp-components.com\/wp-content\/uploads\/2025\/01\/Dump-Truck-Trailer-Hydraulic-Cylinder-product-3-2-480x352.webp 480w\" sizes=\"(min-width: 0px) and (max-width: 480px) 480px, (min-width: 481px) 921px, 100vw\" \/><br \/>\nAutor: CX<\/p>","protected":false},"excerpt":{"rendered":"<p>Professional Telescopic Hydraulic Cylinder for Dump Truck The Professional Telescopic Hydraulic Cylinder for Dump Truck is a high-quality and efficient hydraulic system designed specifically for dump trucks. This cylinder plays a crucial role in enabling the smooth and precise lifting and lowering of the truck&#8217;s bed, allowing for easy loading and unloading of materials. Key [&hellip;]<\/p>","protected":false},"featured_media":2668,"comment_status":"closed","ping_status":"closed","template":"","meta":{"_et_pb_use_builder":"","_et_pb_old_content":"","_et_gb_content_width":""},"product_brand":[],"product_cat":[63],"product_tag":[65,34],"class_list":{"0":"post-2667","1":"product","2":"type-product","3":"status-publish","4":"has-post-thumbnail","6":"product_cat-dump-truck-trailer-hydraulic-cylinder","7":"product_tag-dump-truck-trailer-hydraulic-cylinder","8":"product_tag-hydraulic-cylinder","10":"first","11":"instock","12":"product-type-simple"},"_links":{"self":[{"href":"https:\/\/fmp-components.com\/sk\/wp-json\/wp\/v2\/product\/2667","targetHints":{"allow":["GET"]}}],"collection":[{"href":"https:\/\/fmp-components.com\/sk\/wp-json\/wp\/v2\/product"}],"about":[{"href":"https:\/\/fmp-components.com\/sk\/wp-json\/wp\/v2\/types\/product"}],"replies":[{"embeddable":true,"href":"https:\/\/fmp-components.com\/sk\/wp-json\/wp\/v2\/comments?post=2667"}],"wp:featuredmedia":[{"embeddable":true,"href":"https:\/\/fmp-components.com\/sk\/wp-json\/wp\/v2\/media\/2668"}],"wp:attachment":[{"href":"https:\/\/fmp-components.com\/sk\/wp-json\/wp\/v2\/media?parent=2667"}],"wp:term":[{"taxonomy":"product_brand","embeddable":true,"href":"https:\/\/fmp-components.com\/sk\/wp-json\/wp\/v2\/product_brand?post=2667"},{"taxonomy":"product_cat","embeddable":true,"href":"https:\/\/fmp-components.com\/sk\/wp-json\/wp\/v2\/product_cat?post=2667"},{"taxonomy":"product_tag","embeddable":true,"href":"https:\/\/fmp-components.com\/sk\/wp-json\/wp\/v2\/product_tag?post=2667"}],"curies":[{"name":"pracovn\u00fd list","href":"https:\/\/api.w.org\/{rel}","templated":true}]}}