{"id":2661,"date":"2025-01-03T05:45:44","date_gmt":"2025-01-03T05:45:44","guid":{"rendered":"https:\/\/fmp-components.com\/product\/high-quality-hydraulic-cylinder-made-in-china-trailer-leg-hydraulic-cylinder-2500psi\/"},"modified":"2025-03-18T02:07:46","modified_gmt":"2025-03-18T02:07:46","slug":"high-quality-hydraulic-cylinder-made-in-italy-trailer-leg-hydraulic-cylinder-2500psi","status":"publish","type":"product","link":"https:\/\/fmp-components.com\/sk\/product\/high-quality-hydraulic-cylinder-made-in-italy-trailer-leg-hydraulic-cylinder-2500psi\/","title":{"rendered":"Vysokokvalitn\u00fd hydraulick\u00fd valec vyroben\u00fd v Taliansku pre hydraulick\u00fd valec pre nohy pr\u00edvesu 2500 PSI"},"content":{"rendered":"<h2>Vysokokvalitn\u00fd hydraulick\u00fd valec vyroben\u00fd v Taliansku pre hydraulick\u00fd valec pre nohy pr\u00edvesu 2500 PSI<\/h2>\n<p>Vitajte pri predstaven\u00ed n\u00e1\u0161ho vysoko kvalitn\u00e9ho hydraulick\u00e9ho valca vyroben\u00e9ho v Taliansku. Tento hydraulick\u00fd valec je \u0161peci\u00e1lne navrhnut\u00fd pre aplik\u00e1cie na pr\u00edvesoch a poskytuje vynikaj\u00faci v\u00fdkon a spo\u013eahlivos\u0165. S maxim\u00e1lnym prev\u00e1dzkov\u00fdm tlakom 2500 PSI zais\u0165uje optim\u00e1lnu funk\u010dnos\u0165 v r\u00f4znych priemyseln\u00fdch prostrediach.<\/p>\n<p>Vlastnosti:<br \/>\n1. Pr\u00e9miov\u00e1 kvalita: N\u00e1\u0161 hydraulick\u00fd valec je vyroben\u00fd s pou\u017eit\u00edm pokro\u010dil\u00fdch technol\u00f3gi\u00ed a vysoko kvalitn\u00fdch materi\u00e1lov. Podlieha pr\u00edsnym testom, aby sp\u013a\u0148al medzin\u00e1rodn\u00e9 normy, \u010do zaru\u010duje jeho odolnos\u0165 a dlhotrvaj\u00faci v\u00fdkon.<\/p>\n<p>2. Presn\u00e9 in\u017einierstvo: Valec je starostlivo navrhnut\u00fd pre presn\u00fa a plynul\u00fa prev\u00e1dzku. M\u00e1 kompaktn\u00fd dizajn, ktor\u00fd umo\u017e\u0148uje jednoduch\u00fa in\u0161tal\u00e1ciu, v\u010faka \u010domu je vhodn\u00fd pre \u0161irok\u00fa \u0161k\u00e1lu aplik\u00e1ci\u00ed na n\u00e1vesy.<\/p>\n<p>3. Vysokotlakov\u00e1 odolnos\u0165: S maxim\u00e1lnym prev\u00e1dzkov\u00fdm tlakom 2500 PSI dok\u00e1\u017ee tento hydraulick\u00fd valec odola\u0165 vysok\u00fdm za\u0165a\u017eeniam a poskytova\u0165 konzistentn\u00fd v\u00fdkon v n\u00e1ro\u010dn\u00fdch podmienkach.<\/p>\n<p>4. Vynikaj\u00face tesnenie: Hydraulick\u00fd valec je vybaven\u00fd vysoko kvalitn\u00fdmi tesneniami, ktor\u00e9 zabra\u0148uj\u00fa \u00faniku a zabezpe\u010duj\u00fa efekt\u00edvnu prev\u00e1dzku. Tieto tesnenia s\u00fa navrhnut\u00e9 tak, aby odol\u00e1vali prostrediu s vysok\u00fdm tlakom, \u010d\u00edm sa predl\u017euje \u017eivotnos\u0165 valca.<\/p>\n<p>5. Odolnos\u0165 vo\u010di kor\u00f3zii: N\u00e1\u0161 hydraulick\u00fd valec je o\u0161etren\u00fd antikor\u00f3znymi n\u00e1termi, ktor\u00e9 ho chr\u00e1nia pred drsn\u00fdmi podmienkami prostredia. To zaru\u010duje jeho dlh\u00fa \u017eivotnos\u0165 a spo\u013eahlivos\u0165 aj v n\u00e1ro\u010dn\u00fdch pracovn\u00fdch prostrediach.<\/p>\n<p>6. V\u0161estrann\u00e9 pou\u017eitie: Hydraulick\u00fd valec je vhodn\u00fd pre r\u00f4zne aplik\u00e1cie na pr\u00edvesoch, ako s\u00fa stavebn\u00e9 stroje, po\u013enohospod\u00e1rske zariadenia a dopravn\u00e9 vozidl\u00e1. Jeho vysoko kvalitn\u00e1 kon\u0161trukcia a v\u00fdkon z neho robia spo\u013eahliv\u00fa vo\u013ebu pre n\u00e1ro\u010dn\u00e9 \u00falohy.<\/p>\n<p>7. Jednoduch\u00e1 \u00fadr\u017eba: Tento hydraulick\u00fd valec je navrhnut\u00fd pre jednoduch\u00fa \u00fadr\u017ebu a servis. Vy\u017eaduje si minim\u00e1lne prestoje po\u010das \u00fadr\u017eby, \u010d\u00edm sa zni\u017euj\u00fa celkov\u00e9 prev\u00e1dzkov\u00e9 n\u00e1klady.<\/p>\n<p>N\u00e1\u0161 vysoko kvalitn\u00fd hydraulick\u00fd valec vyroben\u00fd v Taliansku je spo\u013eahliv\u00fdm a efekt\u00edvnym rie\u0161en\u00edm pre aplik\u00e1cie s pr\u00edvesmi. V\u010faka svojmu v\u00fdnimo\u010dn\u00e9mu v\u00fdkonu, odolnosti a presn\u00e9mu spracovaniu pon\u00faka vynikaj\u00facu funk\u010dnos\u0165 v r\u00f4znych priemyseln\u00fdch prostrediach. Vyberte si n\u00e1\u0161 hydraulick\u00fd valec pre spo\u013eahliv\u00e9 a dlhotrvaj\u00face rie\u0161enie, ktor\u00e9 sp\u013a\u0148a va\u0161e \u0161pecifick\u00e9 po\u017eiadavky.<\/p>\n<h2>\u0160pecifik\u00e1cie produktu<\/h2>\n<table style=\"width: 100%;\" border=\"1\" width=\"100%\" cellspacing=\"0\" cellpadding=\"0\">\n<tbody>\n<tr>\n<th>Stav<\/th>\n<td>Nov\u00e9<\/td>\n<\/tr>\n<tr>\n<th>Z\u00e1ruka<\/th>\n<td>1 rok<\/td>\n<\/tr>\n<tr>\n<th>Pou\u017eite\u013en\u00e9 odvetvia<\/th>\n<td>V\u00fdrobn\u00fd z\u00e1vod, Opravovne strojov, Farmy, Energetika a ban\u00edctvo<\/td>\n<\/tr>\n<tr>\n<th>V\u00fdstupn\u00e1 videoin\u0161pekcia<\/th>\n<td>Poskytnut\u00e9<\/td>\n<\/tr>\n<tr>\n<th>Spr\u00e1va o sk\u00fa\u0161ke strojov<\/th>\n<td>Poskytnut\u00e9<\/td>\n<\/tr>\n<tr>\n<th>Z\u00e1ruka na z\u00e1kladn\u00e9 komponenty<\/th>\n<td>1 rok<\/td>\n<\/tr>\n<tr>\n<th>Z\u00e1kladn\u00e9 komponenty<\/th>\n<td>Lo\u017eisko<\/td>\n<\/tr>\n<tr>\n<th>\u0160tandardn\u00e9 alebo ne\u0161tandardn\u00e9<\/th>\n<td>\u0160tandard<\/td>\n<\/tr>\n<tr>\n<th>\u0160trukt\u00fara<\/th>\n<td>Piestov\u00fd valec<\/td>\n<\/tr>\n<tr>\n<th>V\u00fdkon<\/th>\n<td>Hydraulick\u00e9<\/td>\n<\/tr>\n<tr>\n<th>Materi\u00e1l tela<\/th>\n<td>Oce\u013e<\/td>\n<\/tr>\n<tr>\n<th>Maxim\u00e1lny \u0165ah<\/th>\n<td>3000<\/td>\n<\/tr>\n<tr>\n<th>Typ<\/th>\n<td>Mal\u00e9 hydraulick\u00e9 valce<\/td>\n<\/tr>\n<tr>\n<th>Ve\u013ekos\u0165 otvoru<\/th>\n<td>Pod\u013ea va\u0161ich po\u017eiadaviek<\/td>\n<\/tr>\n<tr>\n<th>Maxim\u00e1lny \u0165ah<\/th>\n<td>600<\/td>\n<\/tr>\n<tr>\n<th>Certifik\u00e1cia<\/th>\n<td>ISO9001:2000<\/td>\n<\/tr>\n<tr>\n<th>Tekutina<\/th>\n<td>Olej<\/td>\n<\/tr>\n<tr>\n<th>Priemer valca<\/th>\n<td>20~250 mm<\/td>\n<\/tr>\n<tr>\n<th>Detaily balenia<\/th>\n<td>\u017delezn\u00e9 puzdro, preglejkov\u00e9 puzdro alebo kart\u00f3nov\u00e1 krabica<\/td>\n<\/tr>\n<\/tbody>\n<\/table>\n<p><span style=\"color: #333333; font-size: 26px;\">Jedine\u010dn\u00e9 vlastnosti a v\u00fdhody<\/span><\/p>\n<ul>\n<li>Energeticky \u00fasporn\u00e9: Na\u0161e hydraulick\u00e9 valce s\u00fa navrhnut\u00e9 tak, aby poskytovali maxim\u00e1lny v\u00fdkon s minim\u00e1lnym vstupom energie, \u010d\u00edm sa zabezpe\u010duje n\u00e1kladovo efekt\u00edvna prev\u00e1dzka.<\/li>\n<li>Vysok\u00e1 \u00fa\u010dinnos\u0165: S maxim\u00e1lnym tlakom 3000 s\u00fa na\u0161e hydraulick\u00e9 valce navrhnut\u00e9 tak, aby pod\u00e1vali \u010do najlep\u0161\u00ed v\u00fdkon aj v najn\u00e1ro\u010dnej\u0161\u00edch podmienkach.<\/li>\n<li>Bezpe\u010dnos\u0165: V\u010faka n\u00e1\u0161mu z\u00e1v\u00e4zku k bezpe\u010dnosti zabezpe\u010dujeme, aby na\u0161e hydraulick\u00e9 valce sp\u013a\u0148ali v\u0161etky \u0161tandardn\u00e9 bezpe\u010dnostn\u00e9 po\u017eiadavky.<\/li>\n<\/ul>\n<h2>Princ\u00edp fungovania a aplik\u00e1cie<\/h2>\n<p>Hydraulick\u00fd syst\u00e9m funguje na princ\u00edpe tlaku kvapaliny. Sila p\u00f4sobiaca v jednom bode sa pren\u00e1\u0161a do in\u00e9ho bodu pomocou nestla\u010dite\u013enej kvapaliny, zvy\u010dajne oleja. Tento hydraulick\u00fd valec sa m\u00f4\u017ee pou\u017ei\u0165 v r\u00f4znych odvetviach, ako s\u00fa v\u00fdrobn\u00e9 z\u00e1vody, opravovne strojov, farmy a energetick\u00fd a bansk\u00fd sektor.<\/p>\n<h2>Hydraulick\u00e9 valce a pohonn\u00e9 jednotky<\/h2>\n<p>Hydraulick\u00e9 valce a pohonn\u00e9 jednotky s\u00fa neoddelite\u013en\u00e9 celky, ktor\u00e9 spolupracuj\u00fa, aby dosiahli najlep\u0161ie v\u00fdsledky. V spolo\u010dnosti FMP ch\u00e1peme tento symbiotick\u00fd vz\u0165ah, a preto okrem na\u0161ich \u0161pi\u010dkov\u00fdch hydraulick\u00fdch valcov pon\u00fakame na predaj aj pohonn\u00e9 jednotky.<\/p>\n<p>Poskytujeme slu\u017eby \u0161irokej klientskej z\u00e1kladni v Eur\u00f3pe a Amerike a sme zn\u00e1mi na\u0161imi produktmi vysokej kvality, vynikaj\u00facim z\u00e1kazn\u00edckym servisom a konkurencieschopn\u00fdmi cenami. N\u00e1\u0161 sortiment zah\u0155\u0148a hydraulick\u00e9 valce pre pracovn\u00e9 plo\u0161iny, valce pre sanit\u00e1rne vozidl\u00e1, valce pre teleskopick\u00e9 manipul\u00e1tory, hydraulick\u00e9 valce pre bagre, hydraulick\u00e9 valce pre pobre\u017en\u00e9 valce, valce pre energetick\u00e9 technol\u00f3gie, valce pre tunelov\u00e9 v\u0155tacie stroje a \u010fal\u0161ie. Pon\u00fakame tie\u017e slu\u017eby prisp\u00f4sobenia pod\u013ea po\u017eiadaviek klienta. Presk\u00famajte n\u00e1\u0161 sortiment e\u0161te dnes a kontaktujte n\u00e1s so v\u0161etk\u00fdmi va\u0161imi potrebami t\u00fdkaj\u00facimi sa hydraulick\u00fdch valcov.<\/p>\n<h2>V\u00fdhody hydraulick\u00e9ho valca pre skl\u00e1pa\u010de a pr\u00edvesy<\/h2>\n<ul>\n<li><strong>Zv\u00fd\u0161en\u00e1 \u00fa\u010dinnos\u0165:<\/strong> Skl\u00e1pa\u010de a pr\u00edvesy vybaven\u00e9 hydraulick\u00fdmi valcami m\u00f4\u017eu pracova\u0165 efekt\u00edvnej\u0161ie ako tie, ktor\u00e9 ich nemaj\u00fa. Hydraulick\u00fd syst\u00e9m zabezpe\u010duje plynul\u00fd a spo\u013eahliv\u00fd prenos v\u00fdkonu, ktor\u00fd umo\u017e\u0148uje r\u00fdchlej\u0161ie a presnej\u0161ie vysyp\u00e1vanie materi\u00e1lov. To \u0161etr\u00ed \u010das a n\u00e1klady na pracovn\u00fa silu a z\u00e1rove\u0148 zvy\u0161uje celkov\u00fa produktivitu. Hydraulick\u00e9 syst\u00e9my s\u00fa navy\u0161e vysoko \u00fa\u010dinn\u00e9 z h\u013eadiska spotreby energie. Na prev\u00e1dzku vy\u017eaduj\u00fa menej energie v porovnan\u00ed s mechanick\u00fdmi syst\u00e9mami, \u010do znamen\u00e1 ni\u017e\u0161ie n\u00e1klady na palivo a men\u0161\u00ed vplyv na \u017eivotn\u00e9 prostredie. Hydraulick\u00e9 valce s\u00fa navy\u0161e navrhnut\u00e9 pre dlhotrvaj\u00faci v\u00fdkon, \u010do zni\u017euje potrebu \u010dastej \u00fadr\u017eby a opr\u00e1v.<\/li>\n<li><strong>Zlep\u0161en\u00e1 bezpe\u010dnos\u0165:<\/strong> Skl\u00e1pa\u010de a pr\u00edvesy m\u00f4\u017eu by\u0165 nebezpe\u010dn\u00e9, ak sa nepou\u017e\u00edvaj\u00fa spr\u00e1vne. Hydraulick\u00e9 valce v\u0161ak m\u00f4\u017eu zlep\u0161i\u0165 bezpe\u010dnos\u0165 zn\u00ed\u017een\u00edm rizika prevr\u00e1tenia alebo vysypania po\u010das procesu vykl\u00e1povania. Hydraulick\u00fd syst\u00e9m zabezpe\u010duje stabiln\u00fd a plynul\u00fd prenos v\u00fdkonu, \u010d\u00edm zabra\u0148uje n\u00e1hlym pohybom alebo trhnutiam, ktor\u00e9 by mohli destabilizova\u0165 vozidlo. Okrem toho m\u00f4\u017eu by\u0165 hydraulick\u00e9 syst\u00e9my navrhnut\u00e9 s bezpe\u010dnostn\u00fdmi prvkami, ako s\u00fa pretlakov\u00e9 ventily a ochrana proti pre\u0165a\u017eeniu, ktor\u00e9 zabezpe\u010duj\u00fa, \u017ee syst\u00e9m neprekro\u010d\u00ed svoju maxim\u00e1lnu kapacitu. Zlep\u0161en\u00edm bezpe\u010dnosti m\u00f4\u017eu hydraulick\u00e9 valce pom\u00f4c\u0165 zn\u00ed\u017ei\u0165 riziko neh\u00f4d a zranen\u00ed a chr\u00e1ni\u0165 pracovn\u00edkov aj zariadenia.<\/li>\n<li><strong>Zv\u00fd\u0161en\u00e1 v\u0161estrannos\u0165:<\/strong> Skl\u00e1pa\u010de a pr\u00edvesy vybaven\u00e9 hydraulick\u00fdmi valcami sa daj\u00fa pou\u017ei\u0165 na r\u00f4zne \u00fa\u010dely. Hydraulick\u00e9 syst\u00e9my s\u00fa vysoko prisp\u00f4sobiv\u00e9 a daj\u00fa sa prisp\u00f4sobi\u0165 \u0161pecifick\u00fdm potreb\u00e1m r\u00f4znych odvetv\u00ed a aplik\u00e1ci\u00ed. Napr\u00edklad hydraulick\u00e9 valce m\u00f4\u017eu by\u0165 navrhnut\u00e9 tak, aby fungovali pri r\u00f4znych tlakoch a r\u00fdchlostiach, \u010do umo\u017e\u0148uje presn\u00fa kontrolu nad procesom skl\u00e1dkovania. M\u00f4\u017eu sa tie\u017e pou\u017ei\u0165 na zdv\u00edhanie \u0165a\u017ek\u00fdch bremien alebo na ods\u00favanie materi\u00e1lov, v\u010faka \u010domu s\u00fa u\u017eito\u010dn\u00e9 v stavebn\u00edctve, ban\u00edctve a po\u013enohospod\u00e1rstve.<\/li>\n<li><strong>Zlep\u0161en\u00e9 pohodlie:<\/strong> Prev\u00e1dzkovatelia skl\u00e1pa\u010dov a pr\u00edvesov m\u00f4\u017eu vyu\u017e\u00edva\u0165 zv\u00fd\u0161en\u00e9 pohodlie, ktor\u00e9 poskytuj\u00fa hydraulick\u00e9 syst\u00e9my. Plynul\u00fd chod hydraulick\u00fdch valcov zni\u017euje vibr\u00e1cie a otrasy, \u010d\u00edm sa zni\u017euje \u00fanava obsluhy a zlep\u0161uje sa celkov\u00fd komfort. Okrem toho m\u00f4\u017eu by\u0165 hydraulick\u00e9 syst\u00e9my navrhnut\u00e9 tak, aby fungovali ticho, \u010d\u00edm sa zni\u017euje hlukov\u00e9 zne\u010distenie a vytv\u00e1ra sa pohodlnej\u0161ie pracovn\u00e9 prostredie. To m\u00f4\u017ee by\u0165 obzvl\u00e1\u0161\u0165 d\u00f4le\u017eit\u00e9 pre aplik\u00e1cie, kde s\u00fa pracovn\u00edci dlh\u0161\u00ed \u010das v tesnej bl\u00edzkosti zariadenia.<\/li>\n<li><strong>Zv\u00fd\u0161en\u00e1 kontrola:<\/strong> Hydraulick\u00e9 valce poskytuj\u00fa presn\u00fa kontrolu nad procesom vykl\u00e1povania, \u010do umo\u017e\u0148uje oper\u00e1torom nastavi\u0165 r\u00fdchlos\u0165 a uhol vykl\u00e1pania. T\u00e1to \u00farove\u0148 kontroly m\u00f4\u017ee by\u0165 obzvl\u00e1\u0161\u0165 u\u017eito\u010dn\u00e1 v aplik\u00e1ci\u00e1ch, kde s\u00fa vykl\u00e1pan\u00e9 materi\u00e1ly ch\u00falostiv\u00e9 alebo vy\u017eaduj\u00fa presn\u00e9 polohovanie. Okrem toho je mo\u017en\u00e9 hydraulick\u00e9 valce ovl\u00e1da\u0165 na dia\u013eku, \u010do poskytuje e\u0161te v\u00e4\u010d\u0161iu kontrolu a flexibilitu. To m\u00f4\u017ee by\u0165 u\u017eito\u010dn\u00e9 v aplik\u00e1ci\u00e1ch, kde sa oper\u00e1tor mus\u00ed nach\u00e1dza\u0165 na inom mieste ako zariadenie alebo kde je obmedzen\u00e1 vidite\u013enos\u0165.<\/li>\n<\/ul>\n<p><img loading=\"lazy\" decoding=\"async\" class=\"alignnone size-full wp-image-2676\" src=\"https:\/\/fmp-components.com\/wp-content\/uploads\/2025\/01\/hydraulic-cylinder-workshop.webp\" alt=\"diel\u0148a na hydraulick\u00e9 valce\" width=\"914\" height=\"733\" title=\"\" srcset=\"https:\/\/fmp-components.com\/wp-content\/uploads\/2025\/01\/hydraulic-cylinder-workshop.webp 914w, https:\/\/fmp-components.com\/wp-content\/uploads\/2025\/01\/hydraulic-cylinder-workshop-480x385.webp 480w\" sizes=\"(min-width: 0px) and (max-width: 480px) 480px, (min-width: 481px) 914px, 100vw\" \/><\/p>\n<h2>O FMP<\/h2>\n<p>FMP je popredn\u00e1 spolo\u010dnos\u0165 so s\u00eddlom v Taliansku, ktor\u00e1 sa \u0161pecializuje na predaj a servis pr\u00edslu\u0161enstva a kompletn\u00fdch strojov pre stavebn\u00e9 stroje. Na\u0161a spolo\u010dnos\u0165 m\u00e1 rozsiahle sk\u00fasenosti v tomto odvetv\u00ed a profesion\u00e1lny t\u00edm, ktor\u00fd sa zaviazal poskytova\u0165 z\u00e1kazn\u00edkom vysoko kvalitn\u00e9 a spo\u013eahliv\u00e9 rie\u0161enia v oblasti stavebn\u00fdch strojov.<\/p>\n<p>Tu je p\u00e4\u0165 d\u00f4vodov, pre\u010do by ste si mali vybra\u0165 FMP:<\/p>\n<p>1. Vysokokvalitn\u00e9 hydraulick\u00e9 valce pre presn\u00e9 in\u017einierstvo<br \/>\nV spolo\u010dnosti FMP sa zav\u00e4zujeme ku kvalite na ka\u017edej \u00farovni n\u00e1\u0161ho podnikania. Na\u0161e hydraulick\u00e9 valce s\u00fa prec\u00edzne navrhnut\u00e9 tak, aby sp\u013a\u0148ali najvy\u0161\u0161ie priemyseln\u00e9 \u0161tandardy. Pou\u017e\u00edvame iba vysokokvalitn\u00e9 suroviny a vykon\u00e1vame pr\u00edsne kontroly kvality hotov\u00fdch v\u00fdrobkov, aby sme zabezpe\u010dili, \u017ee na\u0161i z\u00e1kazn\u00edci dostan\u00fa tie najlep\u0161ie mo\u017en\u00e9 produkty.<\/p>\n<p>2. Rozsiahly sortiment produktov<br \/>\nPon\u00fakame \u0161irok\u00fd sortiment pr\u00edslu\u0161enstva a kompletn\u00fdch strojov pre stavebn\u00e9 stroje vr\u00e1tane r\u00f4znych hydraulick\u00fdch valcov, prevodoviek, re\u0165az\u00ed a ozuben\u00fdch kolies. N\u00e1\u0161 sortiment zah\u0155\u0148a v\u0161etky typy stavebn\u00fdch strojov a pr\u00edslu\u0161enstva vr\u00e1tane pr\u00edslu\u0161enstva k motorom, komponentov hydraulick\u00fdch syst\u00e9mov, pr\u00edslu\u0161enstva k podvozkom a pr\u00edslu\u0161enstva k elektrick\u00fdm syst\u00e9mom.<\/p>\n<p>3. Dlhodob\u00e9 a stabiln\u00e9 partnersk\u00e9 vz\u0165ahy s dod\u00e1vate\u013emi<br \/>\nSpolo\u010dnos\u0165 FMP si vybudovala dlhodob\u00e9 a stabiln\u00e9 partnersk\u00e9 vz\u0165ahy s mnoh\u00fdmi kvalitn\u00fdmi dom\u00e1cimi aj zahrani\u010dn\u00fdmi dod\u00e1vate\u013emi. To zaru\u010duje, \u017ee v\u0161etko dod\u00e1van\u00e9 pr\u00edslu\u0161enstvo sp\u013a\u0148a pr\u00edsne \u0161tandardy kvality a na\u0161i z\u00e1kazn\u00edci dost\u00e1vaj\u00fa tie najlep\u0161ie mo\u017en\u00e9 produkty.<\/p>\n<p>4. Sk\u00fasen\u00fd a kvalifikovan\u00fd obchodn\u00fd t\u00edm<br \/>\nN\u00e1\u0161 obchodn\u00fd t\u00edm m\u00e1 sk\u00fasenosti a je zru\u010dn\u00fd v odvetv\u00ed stavebn\u00fdch strojov. Je obozn\u00e1men\u00fd s najnov\u0161\u00edmi v\u00fdvojov\u00fdmi trendmi a potrebami z\u00e1kazn\u00edkov a dok\u00e1\u017ee poskytn\u00fa\u0165 profesion\u00e1lne konzult\u00e1cie o produktoch a inteligentn\u00e9 poradenstvo pri n\u00e1kupe, aby na\u0161i z\u00e1kazn\u00edci dostali tie spr\u00e1vne produkty pre svoje potreby.<\/p>\n<p>5. Efekt\u00edvny logistick\u00fd distribu\u010dn\u00fd syst\u00e9m<br \/>\nM\u00e1me efekt\u00edvny logistick\u00fd distribu\u010dn\u00fd syst\u00e9m, ktor\u00fd zabezpe\u010duje, aby na\u0161i z\u00e1kazn\u00edci dostali po\u017eadovan\u00e9 diely v\u010das a presne. N\u00e1\u0161 logistick\u00fd t\u00edm sa zav\u00e4zuje poskytova\u0165 \u010do najlep\u0161ie slu\u017eby, aby sme zabezpe\u010dili spokojnos\u0165 na\u0161ich z\u00e1kazn\u00edkov.<\/p>\n<p>Ak h\u013ead\u00e1te vysokokvalitn\u00e9 pr\u00edslu\u0161enstvo a kompletn\u00e9 stroje pre stavebn\u00e9 stroje, FMP je tou najlep\u0161ou vo\u013ebou. Kontaktujte n\u00e1s e\u0161te dnes a dozviete sa viac o na\u0161ich produktoch a o tom, ako v\u00e1m m\u00f4\u017eeme pom\u00f4c\u0165 splni\u0165 va\u0161e potreby v oblasti stavebn\u00fdch strojov.<\/p>\n<p><img loading=\"lazy\" decoding=\"async\" class=\"alignnone wp-image-2672\" src=\"https:\/\/fmp-components.com\/wp-content\/uploads\/2025\/01\/Dump-Truck-Trailer-Hydraulic-Cylinder-product-3-2.webp\" alt=\"Hydraulick\u00fd valec pre skl\u00e1pa\u010de a pr\u00edvesy - produkt-3\" width=\"921\" height=\"675\" title=\"\" srcset=\"https:\/\/fmp-components.com\/wp-content\/uploads\/2025\/01\/Dump-Truck-Trailer-Hydraulic-Cylinder-product-3-2.webp 921w, https:\/\/fmp-components.com\/wp-content\/uploads\/2025\/01\/Dump-Truck-Trailer-Hydraulic-Cylinder-product-3-2-480x352.webp 480w\" sizes=\"(min-width: 0px) and (max-width: 480px) 480px, (min-width: 481px) 921px, 100vw\" \/><br \/>\nAutor: CX<\/p>","protected":false},"excerpt":{"rendered":"<p>High Quality Hydraulic Cylinder Made In Italy Trailer Leg Hydraulic Cylinder 2500PSI Welcome to this product introduction for our high-quality hydraulic cylinder made in Italy. This hydraulic cylinder is specifically designed for trailer leg applications, providing superior performance and reliability. With a maximum operating pressure of 2500 PSI, it ensures optimal functionality in various industrial [&hellip;]<\/p>","protected":false},"featured_media":2662,"comment_status":"closed","ping_status":"closed","template":"","meta":{"_et_pb_use_builder":"","_et_pb_old_content":"","_et_gb_content_width":""},"product_brand":[],"product_cat":[63],"product_tag":[65,34],"class_list":{"0":"post-2661","1":"product","2":"type-product","3":"status-publish","4":"has-post-thumbnail","6":"product_cat-dump-truck-trailer-hydraulic-cylinder","7":"product_tag-dump-truck-trailer-hydraulic-cylinder","8":"product_tag-hydraulic-cylinder","10":"first","11":"instock","12":"product-type-simple"},"_links":{"self":[{"href":"https:\/\/fmp-components.com\/sk\/wp-json\/wp\/v2\/product\/2661","targetHints":{"allow":["GET"]}}],"collection":[{"href":"https:\/\/fmp-components.com\/sk\/wp-json\/wp\/v2\/product"}],"about":[{"href":"https:\/\/fmp-components.com\/sk\/wp-json\/wp\/v2\/types\/product"}],"replies":[{"embeddable":true,"href":"https:\/\/fmp-components.com\/sk\/wp-json\/wp\/v2\/comments?post=2661"}],"wp:featuredmedia":[{"embeddable":true,"href":"https:\/\/fmp-components.com\/sk\/wp-json\/wp\/v2\/media\/2662"}],"wp:attachment":[{"href":"https:\/\/fmp-components.com\/sk\/wp-json\/wp\/v2\/media?parent=2661"}],"wp:term":[{"taxonomy":"product_brand","embeddable":true,"href":"https:\/\/fmp-components.com\/sk\/wp-json\/wp\/v2\/product_brand?post=2661"},{"taxonomy":"product_cat","embeddable":true,"href":"https:\/\/fmp-components.com\/sk\/wp-json\/wp\/v2\/product_cat?post=2661"},{"taxonomy":"product_tag","embeddable":true,"href":"https:\/\/fmp-components.com\/sk\/wp-json\/wp\/v2\/product_tag?post=2661"}],"curies":[{"name":"pracovn\u00fd list","href":"https:\/\/api.w.org\/{rel}","templated":true}]}}