{"id":2616,"date":"2025-01-03T02:57:42","date_gmt":"2025-01-03T02:57:42","guid":{"rendered":"https:\/\/fmp-components.com\/?page_id=8"},"modified":"2025-01-03T02:57:42","modified_gmt":"2025-01-03T02:57:42","slug":"square-baler-gearbox-fmp-fk155-for-automatic-feed-baler","status":"publish","type":"product","link":"https:\/\/fmp-components.com\/sk\/product\/square-baler-gearbox-fmp-fk155-for-automatic-feed-baler\/","title":{"rendered":"Prevodovka hranat\u00e9ho bal\u00edkova\u010da FMP-FK155 pre automatick\u00fd pod\u00e1vac\u00ed lis"},"content":{"rendered":"<p><img loading=\"lazy\" decoding=\"async\" class=\"size-full wp-image-2619 aligncenter\" src=\"https:\/\/fmp-components.com\/wp-content\/uploads\/2025\/01\/Square-Baler-Gearbox-FMP-FK1551.webp\" alt=\"Prevodovka hranat\u00e9ho lisu na bal\u00edky FMP FK155(1)\" width=\"600\" height=\"600\" title=\"\" srcset=\"https:\/\/fmp-components.com\/wp-content\/uploads\/2025\/01\/Square-Baler-Gearbox-FMP-FK1551.webp 600w, https:\/\/fmp-components.com\/wp-content\/uploads\/2025\/01\/Square-Baler-Gearbox-FMP-FK1551-480x480.webp 480w\" sizes=\"(min-width: 0px) and (max-width: 480px) 480px, (min-width: 481px) 600px, 100vw\" \/><\/p>\n<h2>Rozmery prevodovky lisu na hranat\u00e9 bal\u00edky FMP-FK155<\/h2>\n<p><img loading=\"lazy\" decoding=\"async\" class=\"alignnone size-full wp-image-2617\" src=\"https:\/\/fmp-components.com\/wp-content\/uploads\/2025\/01\/Square-Baler-Gearbox-FMP-FK155-Dimensions-1.webp\" alt=\"Prevodovka lisu na hranat\u00e9 bal\u00edky FMP FK155 - Rozmery 1\" width=\"1268\" height=\"840\" title=\"\" srcset=\"https:\/\/fmp-components.com\/wp-content\/uploads\/2025\/01\/Square-Baler-Gearbox-FMP-FK155-Dimensions-1.webp 1268w, https:\/\/fmp-components.com\/wp-content\/uploads\/2025\/01\/Square-Baler-Gearbox-FMP-FK155-Dimensions-1-980x649.webp 980w, https:\/\/fmp-components.com\/wp-content\/uploads\/2025\/01\/Square-Baler-Gearbox-FMP-FK155-Dimensions-1-480x318.webp 480w\" sizes=\"(min-width: 0px) and (max-width: 480px) 480px, (min-width: 481px) and (max-width: 980px) 980px, (min-width: 981px) 1268px, 100vw\" \/> <img loading=\"lazy\" decoding=\"async\" class=\"alignnone size-full wp-image-2618\" src=\"https:\/\/fmp-components.com\/wp-content\/uploads\/2025\/01\/Square-Baler-Gearbox-EP-FK155-Dimensions-2.webp\" alt=\"Prevodovka hranat\u00e9ho lisu na bal\u00edky EP-FK155-Rozmery-2\" width=\"1198\" height=\"362\" title=\"\" srcset=\"https:\/\/fmp-components.com\/wp-content\/uploads\/2025\/01\/Square-Baler-Gearbox-EP-FK155-Dimensions-2.webp 1198w, https:\/\/fmp-components.com\/wp-content\/uploads\/2025\/01\/Square-Baler-Gearbox-EP-FK155-Dimensions-2-980x296.webp 980w, https:\/\/fmp-components.com\/wp-content\/uploads\/2025\/01\/Square-Baler-Gearbox-EP-FK155-Dimensions-2-480x145.webp 480w\" sizes=\"(min-width: 0px) and (max-width: 480px) 480px, (min-width: 481px) and (max-width: 980px) 980px, (min-width: 981px) 1198px, 100vw\" \/><\/p>\n<h2>Technick\u00e9 \u00fadaje prevodovky lisu na hranat\u00e9 bal\u00edky FMP-FK155<\/h2>\n<table style=\"width: 99.2395%; height: 129px;\" border=\"1\" cellspacing=\"0\" cellpadding=\"0\">\n<tbody>\n<tr>\n<td colspan=\"2\" rowspan=\"2\">ja<\/td>\n<td rowspan=\"2\">Vhodn\u00e9<\/td>\n<td>Vstup ot\u00e1\u010dok<\/td>\n<td>V\u00fdstupn\u00e9 ot\u00e1\u010dky<\/td>\n<td>kW (nomin\u00e1lny)<\/td>\n<td>kW (max.)<\/td>\n<td rowspan=\"2\">Prerez\u00e1vanie zubov<\/td>\n<\/tr>\n<tr>\n<td>ot.\/min.<\/td>\n<td>ot.\/min.<\/td>\n<td>hp<\/td>\n<td>hp<\/td>\n<\/tr>\n<tr>\n<td>\u013dav\u00fd a sveteln\u00fd v\u00fdstup<\/td>\n<td>1:2.46<\/td>\n<td rowspan=\"2\">Automatick\u00fd lis na pod\u00e1vanie at\u010f.<\/td>\n<td>540<\/td>\n<td>1328<\/td>\n<td>180<\/td>\n<td>1080<\/td>\n<td rowspan=\"2\">Gleason Helical<br \/>\nZuby<\/td>\n<\/tr>\n<tr>\n<td>N\u00e1sledn\u00fd v\u00fdstup<\/td>\n<td>1.24:1<\/td>\n<td>1328<\/td>\n<td>1070<\/td>\n<td>130<\/td>\n<td>1100<\/td>\n<\/tr>\n<tr>\n<td colspan=\"8\">Pozn\u00e1mka: Ak m\u00e1te nejak\u00e9 \u0161peci\u00e1lne po\u017eiadavky, nev\u00e1hajte mi da\u0165 vedie\u0165, akceptujeme aj z\u00e1kazku.<\/td>\n<\/tr>\n<\/tbody>\n<\/table>\n<h3>V\u00fdhody prevodovky hranat\u00e9ho bal\u00edkova\u010da FMP-FK155<\/h3>\n<p>Prevodovka FMP-FK155 pre hranat\u00e9 bal\u00edkovacie lisy je vysokov\u00fdkonn\u00e1 prevodovka \u0161peci\u00e1lne navrhnut\u00e1 pre pou\u017eitie v hranat\u00fdch bal\u00edkovac\u00edch lisoch. Pon\u00faka nieko\u013eko v\u00fdhod, v\u010faka ktor\u00fdm je ide\u00e1lnou vo\u013ebou pre po\u013enohospod\u00e1rske aplik\u00e1cie, najm\u00e4 tie, ktor\u00e9 vy\u017eaduj\u00fa efekt\u00edvny a spo\u013eahliv\u00fd lisovac\u00ed v\u00fdkon. Ni\u017e\u0161ie s\u00fa uveden\u00e9 k\u013e\u00fa\u010dov\u00e9 v\u00fdhody prevodovky FMP-FK155 pre hranat\u00e9 bal\u00edkovacie lisy:<\/p>\n<p><strong>Vysok\u00fd kr\u00fatiaci moment<\/strong><\/p>\n<ul>\n<li>V\u00fdhoda: Prevodovka FMP-FK155 je skon\u0161truovan\u00e1 tak, aby zvl\u00e1dala vysok\u00e9 kr\u00fatiace momenty, v\u010faka \u010domu je vhodn\u00e1 pre n\u00e1ro\u010dn\u00e9 aplik\u00e1cie, ako je lisovanie hust\u00fdch materi\u00e1lov, ako je seno, slama a sil\u00e1\u017e.<\/li>\n<li>V\u00fdhoda: T\u00e1to vysok\u00e1 kr\u00fatiaca momentov\u00e1 kapacita zais\u0165uje spo\u013eahliv\u00fd v\u00fdkon v n\u00e1ro\u010dn\u00fdch podmienkach, \u010do umo\u017e\u0148uje lisu vytv\u00e1ra\u0165 kompaktn\u00e9 a rovnomern\u00e9 bal\u00edky bez za\u0165a\u017eenia prevodovky.<\/li>\n<\/ul>\n<p><strong>Trvanlivos\u0165 a dlh\u00e1 \u017eivotnos\u0165<\/strong><\/p>\n<ul>\n<li>V\u00fdhoda: Prevodovka FMP-FK155 je vyroben\u00e1 z vysoko kvalitn\u00fdch materi\u00e1lov a prec\u00edzne navrhnut\u00fdch komponentov a je navrhnut\u00e1 tak, aby vydr\u017eala v n\u00e1ro\u010dn\u00fdch podmienkach po\u013enohospod\u00e1rskeho prostredia.<\/li>\n<li>V\u00fdhoda: Jeho odolnos\u0165 zni\u017euje potrebu \u010dastej \u00fadr\u017eby alebo v\u00fdmeny, \u010d\u00edm zais\u0165uje dlhodob\u00fa prev\u00e1dzkov\u00fa efektivitu a zni\u017euje celkov\u00e9 n\u00e1klady na \u00fadr\u017ebu pre oper\u00e1torov.<\/li>\n<\/ul>\n<p><strong>Kompaktn\u00fd a priestorovo \u00fasporn\u00fd dizajn<\/strong><\/p>\n<ul>\n<li>V\u00fdhoda: Napriek svojmu vysok\u00e9mu v\u00fdkonu m\u00e1 prevodovka FMP-FK155 kompaktn\u00fd dizajn, ktor\u00fd optimalizuje priestor v bal\u00edkovac\u00edch strojoch.<\/li>\n<li>V\u00fdhoda: Tento priestorovo \u00fasporn\u00fd dizajn umo\u017e\u0148uje jednoduch\u00fa integr\u00e1ciu do r\u00f4znych modelov lisov bez kompromisov vo v\u00fdkone, v\u010faka \u010domu je v\u0161estrannou vo\u013ebou pre r\u00f4zne po\u013enohospod\u00e1rske zariadenia.<\/li>\n<\/ul>\n<p><strong>Presn\u00e9 in\u017einierstvo<\/strong><\/p>\n<ul>\n<li>V\u00fdhoda: Prevody a vn\u00fatorn\u00e9 komponenty FMP-FK155 s\u00fa navrhnut\u00e9 s presnos\u0165ou, \u010do zais\u0165uje plynul\u00fd prenos v\u00fdkonu a minim\u00e1lne opotrebovanie prevodov.<\/li>\n<li>V\u00fdhoda: V\u00fdsledkom s\u00fa efekt\u00edvnej\u0161ie bal\u00edkovacie oper\u00e1cie s men\u0161ou stratou energie, zlep\u0161enie celkovej produktivity a zabezpe\u010denie tich\u00e9ho chodu prevodovky s minim\u00e1lnymi vibr\u00e1ciami.<\/li>\n<\/ul>\n<p>Prevodovka pre hranat\u00fd lis FMP-FK155 pon\u00faka mno\u017estvo v\u00fdhod, v\u010faka ktor\u00fdm je vynikaj\u00facou vo\u013ebou pre po\u013enohospod\u00e1rske aplik\u00e1cie. Jej vysok\u00fd kr\u00fatiaci moment, odolnos\u0165 a \u00fa\u010dinnos\u0165 s\u00fa k\u013e\u00fa\u010dov\u00fdmi v\u00fdhodami pre t\u00fdch, ktor\u00ed h\u013eadaj\u00fa spo\u013eahliv\u00e9 prevodovky nen\u00e1ro\u010dn\u00e9 na \u00fadr\u017ebu, ktor\u00e9 zvl\u00e1dnu n\u00e1ro\u010dn\u00e9 podmienky bal\u00edkovac\u00edch oper\u00e1ci\u00ed. Kompaktn\u00e1, odoln\u00e1 vo\u010di kor\u00f3zii a v\u0161estrann\u00e1 kon\u0161trukcia zais\u0165uje, \u017ee prevodovka je prisp\u00f4sobite\u013en\u00e1 r\u00f4znym bal\u00edkovac\u00edm syst\u00e9mom a aplik\u00e1ci\u00e1m, zatia\u013e \u010do jej tich\u00e1 prev\u00e1dzka a n\u00edzke n\u00e1roky na \u00fadr\u017ebu z nej robia n\u00e1kladovo efekt\u00edvne a u\u017e\u00edvate\u013esky pr\u00edvetiv\u00e9 rie\u0161enie pre modern\u00e9 po\u013enohospod\u00e1rske prev\u00e1dzky.<\/p>\n<p><img loading=\"lazy\" decoding=\"async\" class=\"alignnone size-full wp-image-2620\" src=\"https:\/\/fmp-components.com\/wp-content\/uploads\/2025\/01\/Square-Baler-Gearbox-EP-FK155-Advantages1.webp\" alt=\"Prevodovka hranat\u00e9ho lisu na bal\u00edky EP FK155 \u2013 V\u00fdhody (1)\" width=\"883\" height=\"360\" title=\"\" srcset=\"https:\/\/fmp-components.com\/wp-content\/uploads\/2025\/01\/Square-Baler-Gearbox-EP-FK155-Advantages1.webp 883w, https:\/\/fmp-components.com\/wp-content\/uploads\/2025\/01\/Square-Baler-Gearbox-EP-FK155-Advantages1-480x196.webp 480w\" sizes=\"(min-width: 0px) and (max-width: 480px) 480px, (min-width: 481px) 883px, 100vw\" \/><\/p>\n<h2>Aplik\u00e1cie prevodovky hranat\u00e9ho bal\u00edkova\u010da FMP-FK155 v po\u013enohospod\u00e1rstve<\/h2>\n<div class=\"flex max-w-full flex-col flex-grow\">\n<div class=\"min-h-8 text-message flex w-full flex-col items-end gap-2 whitespace-normal break-words text-start [.text-message+&amp;]:mt-5\" dir=\"auto\" data-message-author-role=\"assistant\" data-message-id=\"fec87163-3921-4a88-9fd0-dcaf569f414b\" data-message-model-slug=\"gpt-4o\">\n<div class=\"flex w-full flex-col gap-1 empty:hidden first:pt-[3px]\">\n<div class=\"markdown prose w-full break-words dark:prose-invert light\">\n<p>Prevodovka pre hranat\u00e9 bal\u00edky FMP-FK155 je z\u00e1kladnou s\u00fa\u010das\u0165ou modern\u00fdch po\u013enohospod\u00e1rskych strojov, \u0161peci\u00e1lne navrhnut\u00e1 na zv\u00fd\u0161enie efektivity a spo\u013eahlivosti bal\u00edkovac\u00edch oper\u00e1ci\u00ed. V\u010faka svojej robustnej kon\u0161trukcii a vysoko v\u00fdkonn\u00e9mu dizajnu je ve\u013emi vhodn\u00e1 pre r\u00f4zne po\u013enohospod\u00e1rske aplik\u00e1cie. Ni\u017e\u0161ie s\u00fa uveden\u00e9 k\u013e\u00fa\u010dov\u00e9 aplik\u00e1cie prevodovky pre hranat\u00e9 bal\u00edky FMP-FK155 v po\u013enohospod\u00e1rstve:<\/p>\n<p><strong>Lisovanie sena<\/strong><\/p>\n<ul>\n<li>Pou\u017eitie: Prevodovka FMP-FK155 sa \u0161iroko pou\u017e\u00edva v lisoch na seno na vytv\u00e1ranie tesne zhutnen\u00fdch \u0161tvorcov\u00fdch bal\u00edkov su\u0161enej tr\u00e1vy.<\/li>\n<li>V\u00fdhoda: Jeho vysok\u00fd kr\u00fatiaci moment zais\u0165uje plynul\u00fd chod aj s ve\u013ek\u00fdmi objemami sena, \u010d\u00edm sa vytv\u00e1raj\u00fa rovnomern\u00e9 bal\u00edky s vysokou hustotou, ktor\u00e9 sa \u013eahko skladuj\u00fa a prepravuj\u00fa na k\u0155menie zvierat alebo na in\u00e9 \u00fa\u010dely.<\/li>\n<\/ul>\n<p><strong>Lisovanie slamy<\/strong><\/p>\n<ul>\n<li>Pou\u017eitie: Po zbere obiln\u00edn, ako je p\u0161enica alebo ja\u010dme\u0148, sa zost\u00e1vaj\u00faca slama \u010dasto bal\u00edkuje na pou\u017eitie ako podstielka pre hospod\u00e1rske zvierat\u00e1, mul\u010d alebo na v\u00fdrobu bioenergie.<\/li>\n<li>V\u00fdhoda: Prevodovka poskytuje potrebn\u00fa mechanick\u00fa v\u00fdhodu na manipul\u00e1ciu s tvrdou, vl\u00e1knitou slamou, \u010d\u00edm zabezpe\u010duje, \u017ee lis produkuje konzistentn\u00e9 \u0161tvorcov\u00e9 bal\u00edky, ktor\u00e9 s\u00fa pevn\u00e9 a kompaktn\u00e9.<\/li>\n<\/ul>\n<p><strong>Lisovanie sil\u00e1\u017ee<\/strong><\/p>\n<ul>\n<li>Pou\u017eitie: Pri v\u00fdrobe sil\u00e1\u017ee sa prevodovka FMP-FK155 pou\u017e\u00edva v lisoch na zhut\u0148ovanie vlhk\u00fdch krmov\u00edn, ako je tr\u00e1va, kukurica alebo lucerna, do hust\u00fdch, utesnen\u00fdch \u0161tvorcov\u00fdch bal\u00edkov.<\/li>\n<li>V\u00fdhoda: Jeho schopnos\u0165 spracova\u0165 vlhk\u00e9 a \u0165a\u017ek\u00e9 materi\u00e1ly zabezpe\u010duje vysoko kvalitn\u00e9 bal\u00edky sil\u00e1\u017ee, ktor\u00e9 s\u00fa ide\u00e1lne na skladovanie a neskor\u0161ie k\u0155menie, pri\u010dom si zachov\u00e1vaj\u00fa svoju nutri\u010dn\u00fa hodnotu.<\/li>\n<\/ul>\n<p><strong>Lisovanie krmov\u00edn<\/strong><\/p>\n<ul>\n<li>Pou\u017eitie: Krmoviny, ako napr\u00edklad lucerna alebo \u010fatelina, sa bal\u00edkuj\u00fa pomocou prevodoviek FMP-FK155 a pou\u017e\u00edvaj\u00fa sa ako vysokokvalitn\u00e9 krmivo pre zvierat\u00e1.<\/li>\n<li>V\u00fdhoda: Presn\u00e9 kon\u0161truk\u010dn\u00e9 rie\u0161enie prevodovky zaru\u010duje tvorbu tesne zhutnen\u00fdch, dobre tvarovan\u00fdch \u0161tvorcov\u00fdch bal\u00edkov, ktor\u00e9 zachov\u00e1vaj\u00fa kvalitu krmiva po\u010das skladovania a prepravy.<\/li>\n<\/ul>\n<p>Prevodovka pre hranat\u00fd lis FMP-FK155 je nepostr\u00e1date\u013en\u00fdm n\u00e1strojom v modernom po\u013enohospod\u00e1rstve, ktor\u00fd pon\u00faka spo\u013eahlivos\u0165, odolnos\u0165 a v\u0161estrannos\u0165 v r\u00f4znych aplik\u00e1ci\u00e1ch bal\u00edkovania. Od bal\u00edkovania sena a slamy a\u017e po produkciu sil\u00e1\u017ee a nakladanie s po\u013enohospod\u00e1rskym odpadom, t\u00e1to prevodovka zais\u0165uje optim\u00e1lny v\u00fdkon a \u00fa\u010dinnos\u0165. V\u010faka vysok\u00e9mu kr\u00fatiacemu momentu, presn\u00e9mu dizajnu a n\u00edzkym n\u00e1rokom na \u00fadr\u017ebu je ide\u00e1lna pre mal\u00e9 farmy aj ve\u013ek\u00e9 komer\u010dn\u00e9 prev\u00e1dzky, \u010do v\u00fdznamne prispieva k \u00faspechu a efekt\u00edvnosti po\u013enohospod\u00e1rskych strojov pou\u017e\u00edvan\u00fdch pri bal\u00edkovan\u00ed.<\/p>\n<p><img loading=\"lazy\" decoding=\"async\" class=\"alignnone size-full wp-image-2608\" src=\"https:\/\/fmp-components.com\/wp-content\/uploads\/2025\/01\/Square-Baler-Gearbox-EP-FK136-Common-Applications1.webp\" alt=\"Prevodovka lisu na hranat\u00e9 bal\u00edky FMP FK136 - Be\u017en\u00e9 aplik\u00e1cie (1)\" width=\"1024\" height=\"564\" title=\"\" srcset=\"https:\/\/fmp-components.com\/wp-content\/uploads\/2025\/01\/Square-Baler-Gearbox-EP-FK136-Common-Applications1.webp 1024w, https:\/\/fmp-components.com\/wp-content\/uploads\/2025\/01\/Square-Baler-Gearbox-EP-FK136-Common-Applications1-980x540.webp 980w, https:\/\/fmp-components.com\/wp-content\/uploads\/2025\/01\/Square-Baler-Gearbox-EP-FK136-Common-Applications1-480x264.webp 480w\" sizes=\"(min-width: 0px) and (max-width: 480px) 480px, (min-width: 481px) and (max-width: 980px) 980px, (min-width: 981px) 1024px, 100vw\" \/><\/p>\n<h3>O FMP<\/h3>\n<p>Spolo\u010dnos\u0165 FMP so s\u00eddlom v Taliansku je popredn\u00fdm v\u00fdrobcom zn\u00e1mym svojimi odborn\u00fdmi znalos\u0165ami v oblasti n\u00e1vrhu, v\u00fdvoja a v\u00fdroby vysokov\u00fdkonn\u00fdch prevodoviek so siln\u00fdm zameran\u00edm na sektor po\u013enohospod\u00e1rskych strojov. V\u010faka reput\u00e1cii v oblasti presn\u00e9ho in\u017einierstva, inovat\u00edvnych rie\u0161en\u00ed a neochvejnej spo\u013eahlivosti sa spolo\u010dnos\u0165 FMP etablovala ako d\u00f4veryhodn\u00fd partner pre po\u013enohospod\u00e1rsky aj priemyseln\u00fd sektor. Na\u0161e rozsiahle produktov\u00e9 portf\u00f3lio zah\u0155\u0148a \u0161pecializovan\u00e9 prevodovky pre kosa\u010dky na tr\u00e1vu, v\u00fdvodov\u00e9 hriadele a \u010fal\u0161ie d\u00f4le\u017eit\u00e9 komponenty, pri\u010dom v\u0161etky s\u00fa odborne navrhnut\u00e9 tak, aby poskytovali rie\u0161enia na mieru v \u0161irokej \u0161k\u00e1le aplik\u00e1ci\u00ed.<\/p>\n<p>V spolo\u010dnosti FMP ch\u00e1peme, \u017ee ka\u017ed\u00fd klient m\u00e1 jedine\u010dn\u00e9 po\u017eiadavky a v\u00fdzvy. Preto sa \u0161pecializujeme na poskytovanie rie\u0161en\u00ed na mieru, \u010di u\u017e ide o jednotliv\u00e9 komponenty alebo plne integrovan\u00e9 syst\u00e9my. \u00dazkou spolupr\u00e1cou s na\u0161imi z\u00e1kazn\u00edkmi zabezpe\u010dujeme, aby ka\u017ed\u00e9 rie\u0161enie bolo efekt\u00edvne a \u00fa\u010dinn\u00e9, optimalizuj\u00fac v\u00fdkon a hodnotu. N\u00e1\u0161 z\u00e1v\u00e4zok poskytova\u0165 r\u00fdchle a profesion\u00e1lne odpovede \u2013 podlo\u017een\u00e9 odborn\u00fdm poradenstvom \u2013 zabezpe\u010duje, \u017ee ka\u017ed\u00e1 po\u017eiadavka sa spracuje s maxim\u00e1lnou starostlivos\u0165ou a presnos\u0165ou, \u010do vedie k najlep\u0161\u00edm mo\u017en\u00fdm v\u00fdsledkom.<\/p>\n<p>Uprednost\u0148ujeme otvoren\u00fa a nepretr\u017eit\u00fa komunik\u00e1ciu po\u010das cel\u00e9ho procesu v\u00fdvoja produktov. N\u00e1\u0161 \u0161pecializovan\u00fd t\u00edm spolupracuje priamo s klientmi, aby plne pochopil ich \u0161pecifick\u00e9 potreby a pon\u00faka cenn\u00e9 poznatky a odpor\u00fa\u010dania na zabezpe\u010denie optim\u00e1lnych rie\u0161en\u00ed. \u010ci u\u017e navrhujeme inovat\u00edvne produkty alebo pln\u00edme prebiehaj\u00face objedn\u00e1vky, spolo\u010dnos\u0165 FMP sa zav\u00e4zuje dod\u00e1va\u0165 vysokokvalitn\u00e9, prec\u00edzne navrhnut\u00e9 rie\u0161enia v\u010das a v\u017edy. Na\u0161\u00edm cie\u013eom je prekona\u0165 o\u010dak\u00e1vania a poskytova\u0165 najlep\u0161ie slu\u017eby a v\u00fdsledky pri ka\u017edom projekte.<\/p>\n<p>Kvalita je z\u00e1kladom fungovania spolo\u010dnosti FMP. Dodr\u017eiavame najvy\u0161\u0161ie v\u00fdrobn\u00e9 \u0161tandardy a zav\u00e1dzame pr\u00edsne opatrenia na kontrolu kvality, aby sme zabezpe\u010dili, \u017ee ka\u017ed\u00fd produkt nielen sp\u013a\u0148a, ale aj prekon\u00e1va o\u010dak\u00e1vania odvetvia. Tento ne\u00fanavn\u00fd z\u00e1v\u00e4zok ku kvalite, spojen\u00fd s na\u0161imi z\u00e1kladn\u00fdmi hodnotami integrity, t\u00edmovej pr\u00e1ce a vytrvalosti, n\u00e1m umo\u017enil vybudova\u0165 si dlhodob\u00e9 vz\u0165ahy zalo\u017een\u00e9 na d\u00f4vere s klientmi v takmer 30 krajin\u00e1ch sveta.<\/p>\n<p>Spolo\u010dnos\u0165 FMP sa venuje podpore glob\u00e1lnych partnerstiev a poskytovaniu odborn\u00e9ho poradenstva a rie\u0161en\u00ed na mieru, ktor\u00e9 rie\u0161ia rozmanit\u00e9 potreby na\u0161ich klientov. Ideme nad r\u00e1mec jednoduch\u00e9ho dod\u00e1vania produktov; zameriavame sa na budovanie trval\u00fdch vz\u0165ahov, ktor\u00e9 prispievaj\u00fa k \u00faspechu ka\u017ed\u00e9ho projektu. \u010ci u\u017e potrebujete inovat\u00edvne rie\u0161enia pre nov\u00fa iniciat\u00edvu alebo priebe\u017en\u00fa podporu pre existuj\u00faci syst\u00e9m, FMP je tu, aby rie\u0161ila va\u0161e technick\u00e9 v\u00fdzvy a zabezpe\u010dila v\u00e1\u0161 trval\u00fd \u00faspech.<\/p>\n<p><img loading=\"lazy\" decoding=\"async\" class=\"alignnone size-full wp-image-1861\" src=\"https:\/\/fmp-components.com\/wp-content\/uploads\/2024\/12\/Other-Agricultural-Gearboxes.webp\" sizes=\"(min-width: 0px) and (max-width: 480px) 480px, (min-width: 481px) and (max-width: 980px) 980px, (min-width: 981px) 1200px, 100vw\" srcset=\"https:\/\/fmp-components.com\/wp-content\/uploads\/2024\/12\/Other-Agricultural-Gearboxes.webp 1200w, https:\/\/fmp-components.com\/wp-content\/uploads\/2024\/12\/Other-Agricultural-Gearboxes-980x1143.webp 980w, https:\/\/fmp-components.com\/wp-content\/uploads\/2024\/12\/Other-Agricultural-Gearboxes-480x560.webp 480w\" alt=\"Altri-cambi-agricoli\" width=\"1200\" height=\"1400\" title=\"\"><\/p>\n<p>Autor: CX<\/p>\n<\/div>\n<\/div>\n<\/div>\n<\/div>","protected":false},"excerpt":{"rendered":"<p>Square Baler Gearbox FMP-FK155 Dimensions Square Baler Gearbox FMP-FK155 Technical Data i Suitable Rpm input Rpm output KW(Nom) KW(Max) Toothing r\/min r\/min hp hp Left and Light output 1:2.46 Automatic feed baler, etc 540 1328 180 1080 Gleason Helical Teeth Follow-up output 1.24:1 1328 1070 130 1100 Remark: If you have any special require feel [&hellip;]<\/p>","protected":false},"featured_media":2619,"comment_status":"open","ping_status":"closed","template":"","meta":{"_et_pb_use_builder":"","_et_pb_old_content":"","_et_gb_content_width":""},"product_brand":[],"product_cat":[62],"product_tag":[],"class_list":{"0":"post-2616","1":"product","2":"type-product","3":"status-publish","4":"has-post-thumbnail","6":"product_cat-square-baler-gearbox","8":"first","9":"instock","10":"shipping-taxable","11":"product-type-simple"},"_links":{"self":[{"href":"https:\/\/fmp-components.com\/sk\/wp-json\/wp\/v2\/product\/2616","targetHints":{"allow":["GET"]}}],"collection":[{"href":"https:\/\/fmp-components.com\/sk\/wp-json\/wp\/v2\/product"}],"about":[{"href":"https:\/\/fmp-components.com\/sk\/wp-json\/wp\/v2\/types\/product"}],"replies":[{"embeddable":true,"href":"https:\/\/fmp-components.com\/sk\/wp-json\/wp\/v2\/comments?post=2616"}],"wp:featuredmedia":[{"embeddable":true,"href":"https:\/\/fmp-components.com\/sk\/wp-json\/wp\/v2\/media\/2619"}],"wp:attachment":[{"href":"https:\/\/fmp-components.com\/sk\/wp-json\/wp\/v2\/media?parent=2616"}],"wp:term":[{"taxonomy":"product_brand","embeddable":true,"href":"https:\/\/fmp-components.com\/sk\/wp-json\/wp\/v2\/product_brand?post=2616"},{"taxonomy":"product_cat","embeddable":true,"href":"https:\/\/fmp-components.com\/sk\/wp-json\/wp\/v2\/product_cat?post=2616"},{"taxonomy":"product_tag","embeddable":true,"href":"https:\/\/fmp-components.com\/sk\/wp-json\/wp\/v2\/product_tag?post=2616"}],"curies":[{"name":"pracovn\u00fd list","href":"https:\/\/api.w.org\/{rel}","templated":true}]}}