{"id":2610,"date":"2025-01-03T02:45:39","date_gmt":"2025-01-03T02:45:39","guid":{"rendered":"https:\/\/fmp-components.com\/?page_id=8"},"modified":"2025-01-03T02:51:12","modified_gmt":"2025-01-03T02:51:12","slug":"square-baler-gearbox-fmp-fk150","status":"publish","type":"product","link":"https:\/\/fmp-components.com\/sk\/product\/square-baler-gearbox-fmp-fk150\/","title":{"rendered":"Prevodovka hranat\u00e9ho bal\u00edkova\u010da FMP-FK150"},"content":{"rendered":"<p><img loading=\"lazy\" decoding=\"async\" class=\"size-full wp-image-2613 aligncenter\" src=\"https:\/\/fmp-components.com\/wp-content\/uploads\/2025\/01\/Square-Baler-Gearbox-FMP-FK1501.webp\" alt=\"Prevodovka hranat\u00e9ho lisu na bal\u00edky FMP FK150(1)\" width=\"600\" height=\"600\" title=\"\" srcset=\"https:\/\/fmp-components.com\/wp-content\/uploads\/2025\/01\/Square-Baler-Gearbox-FMP-FK1501.webp 600w, https:\/\/fmp-components.com\/wp-content\/uploads\/2025\/01\/Square-Baler-Gearbox-FMP-FK1501-480x480.webp 480w\" sizes=\"(min-width: 0px) and (max-width: 480px) 480px, (min-width: 481px) 600px, 100vw\" \/><\/p>\n<h2>Rozmery prevodovky lisu na hranat\u00e9 bal\u00edky FMP-FK150<\/h2>\n<p><img loading=\"lazy\" decoding=\"async\" class=\"alignnone size-full wp-image-2611\" src=\"https:\/\/fmp-components.com\/wp-content\/uploads\/2025\/01\/Square-Baler-Gearbox-FMP-FK150-Dimensions.webp\" alt=\"Prevodovka lisu na hranat\u00e9 bal\u00edky FMP FK150 - Rozmery\" width=\"1335\" height=\"818\" title=\"\" srcset=\"https:\/\/fmp-components.com\/wp-content\/uploads\/2025\/01\/Square-Baler-Gearbox-FMP-FK150-Dimensions.webp 1335w, https:\/\/fmp-components.com\/wp-content\/uploads\/2025\/01\/Square-Baler-Gearbox-FMP-FK150-Dimensions-1280x784.webp 1280w, https:\/\/fmp-components.com\/wp-content\/uploads\/2025\/01\/Square-Baler-Gearbox-FMP-FK150-Dimensions-980x600.webp 980w, https:\/\/fmp-components.com\/wp-content\/uploads\/2025\/01\/Square-Baler-Gearbox-FMP-FK150-Dimensions-480x294.webp 480w\" sizes=\"(min-width: 0px) and (max-width: 480px) 480px, (min-width: 481px) and (max-width: 980px) 980px, (min-width: 981px) and (max-width: 1280px) 1280px, (min-width: 1281px) 1335px, 100vw\" \/><\/p>\n<h2>Rozmery hriade\u013ea prevodovky lisu na hranat\u00e9 bal\u00edky FMP-FK150<\/h2>\n<p><img loading=\"lazy\" decoding=\"async\" class=\"alignnone size-full wp-image-2612\" src=\"https:\/\/fmp-components.com\/wp-content\/uploads\/2025\/01\/Square-Baler-Gearbox-FMP-FK150-Shaft-Dimensions.webp\" alt=\"Rozmery prevodovky hriade\u013ea lisu na hranat\u00e9 bal\u00edky FMP FK150\" width=\"1376\" height=\"417\" title=\"\" srcset=\"https:\/\/fmp-components.com\/wp-content\/uploads\/2025\/01\/Square-Baler-Gearbox-FMP-FK150-Shaft-Dimensions.webp 1376w, https:\/\/fmp-components.com\/wp-content\/uploads\/2025\/01\/Square-Baler-Gearbox-FMP-FK150-Shaft-Dimensions-1280x388.webp 1280w, https:\/\/fmp-components.com\/wp-content\/uploads\/2025\/01\/Square-Baler-Gearbox-FMP-FK150-Shaft-Dimensions-980x297.webp 980w, https:\/\/fmp-components.com\/wp-content\/uploads\/2025\/01\/Square-Baler-Gearbox-FMP-FK150-Shaft-Dimensions-480x145.webp 480w\" sizes=\"(min-width: 0px) and (max-width: 480px) 480px, (min-width: 481px) and (max-width: 980px) 980px, (min-width: 981px) and (max-width: 1280px) 1280px, (min-width: 1281px) 1376px, 100vw\" \/><\/p>\n<h2>Technick\u00e9 \u00fadaje prevodovky lisu na hranat\u00e9 bal\u00edky FMP-FK150<\/h2>\n<table style=\"width: 100.825%; height: 130px;\" border=\"1\" cellspacing=\"0\" cellpadding=\"0\">\n<tbody>\n<tr>\n<td colspan=\"2\" rowspan=\"2\">ja<\/td>\n<td rowspan=\"2\">Vhodn\u00e9<\/td>\n<td>Vstup ot\u00e1\u010dok<\/td>\n<td>V\u00fdstupn\u00e9 ot\u00e1\u010dky<\/td>\n<td>kW (nomin\u00e1lny)<\/td>\n<td>kW (max.)<\/td>\n<td rowspan=\"2\">Prerez\u00e1vanie zubov<\/td>\n<\/tr>\n<tr>\n<td>ot.\/min.<\/td>\n<td>ot.\/min.<\/td>\n<td>hp<\/td>\n<td>hp<\/td>\n<\/tr>\n<tr>\n<td>Zv\u00fd\u0161enie r\u00fdchlosti<\/td>\n<td>1:2.07<\/td>\n<td>Lis na hranat\u00e9 bal\u00edky at\u010f.<\/td>\n<td>540<\/td>\n<td>1117.8<\/td>\n<td>120<\/td>\n<td>550<\/td>\n<td>Gleason Straight<br \/>\nZuby<\/td>\n<\/tr>\n<tr>\n<td colspan=\"8\">Pozn\u00e1mka: Ak m\u00e1te nejak\u00e9 \u0161peci\u00e1lne po\u017eiadavky, nev\u00e1hajte mi da\u0165 vedie\u0165, akceptujeme aj z\u00e1kazku.<\/td>\n<\/tr>\n<\/tbody>\n<\/table>\n<article class=\"w-full scroll-mb-[var(--thread-trailing-height,150px)] text-token-text-primary focus-visible:outline-2 focus-visible:outline-offset-[-4px]\" dir=\"auto\" data-testid=\"conversation-turn-26\" data-scroll-anchor=\"false\">\n<div class=\"m-auto text-base py-[18px] px-3 md:px-4 w-full md:px-5 lg:px-4 xl:px-5\">\n<div class=\"mx-auto flex flex-1 gap-4 text-base md:gap-5 lg:gap-6 md:max-w-3xl lg:max-w-[40rem] xl:max-w-[48rem]\">\n<div class=\"group\/conversation-turn relative flex w-full min-w-0 flex-col\">\n<div class=\"flex-col gap-1 md:gap-3\">\n<div class=\"flex max-w-full flex-col flex-grow\">\n<div class=\"min-h-8 text-message flex w-full flex-col items-end gap-2 whitespace-normal break-words text-start [.text-message+&amp;]:mt-5\" dir=\"auto\" data-message-author-role=\"user\" data-message-id=\"aaa2abf4-977c-48e0-ae16-b607cec7c331\">\n<div class=\"flex w-full flex-col gap-1 empty:hidden items-end rtl:items-start\">\n<div class=\"relative max-w-[var(--user-chat-width,70%)] rounded-3xl bg-token-message-surface px-5 py-2.5\">\n<h2 class=\"whitespace-pre-wrap\">Kon\u0161truk\u010dn\u00e9 vlastnosti prevodovky lisu na hranat\u00e9 bal\u00edky FMP-FK150<\/h2>\n<\/div>\n<\/div>\n<\/div>\n<\/div>\n<\/div>\n<\/div>\n<\/div>\n<\/div>\n<\/article>\n<p>Prevodovka pre hranat\u00fd lis FMP-FK150 je \u0161peci\u00e1lne navrhnut\u00e1 tak, aby sp\u013a\u0148ala n\u00e1ro\u010dn\u00e9 po\u017eiadavky po\u013enohospod\u00e1rskych bal\u00edkovac\u00edch strojov, najm\u00e4 na vytv\u00e1ranie hranat\u00fdch bal\u00edkov sena, slamy, sil\u00e1\u017ee a in\u00fdch plod\u00edn. Jej kon\u0161trukcia integruje pokro\u010dil\u00e9 technick\u00e9 prvky, ktor\u00e9 zabezpe\u010duj\u00fa spo\u013eahliv\u00fd v\u00fdkon, odolnos\u0165 a jednoduch\u00fa obsluhu. Ni\u017e\u0161ie s\u00fa uveden\u00e9 k\u013e\u00fa\u010dov\u00e9 kon\u0161truk\u010dn\u00e9 vlastnosti prevodovky pre hranat\u00fd lis FMP-FK150:<\/p>\n<h4><strong>Vysok\u00fd kr\u00fatiaci moment<\/strong><\/h4>\n<ul>\n<li><strong>Funkcia<\/strong>Prevodovka FMP-FK150 je skon\u0161truovan\u00e1 tak, aby zvl\u00e1dala vysok\u00e9 \u00farovne kr\u00fatiaceho momentu, v\u010faka \u010domu je vhodn\u00e1 pre n\u00e1ro\u010dn\u00e9 po\u013enohospod\u00e1rske \u00falohy, ako je lisovanie. Jej robustn\u00e9 vn\u00fatorn\u00e9 komponenty s\u00fa navrhnut\u00e9 tak, aby odolali ve\u013ek\u00fdm sil\u00e1m vyv\u00edjan\u00fdm po\u010das procesu lisovania.<\/li>\n<li><strong>V\u00fdhoda<\/strong>Zais\u0165uje plynul\u00fd a efekt\u00edvny chod aj pri za\u0165a\u017een\u00ed, \u010do umo\u017e\u0148uje lisu vytv\u00e1ra\u0165 hust\u00e9 a rovnomern\u00e9 bal\u00edky bez rizika probl\u00e9mov s v\u00fdkonom alebo poruchy komponentov.<\/li>\n<\/ul>\n<h4><strong>Dizajn presn\u00fdch ozuben\u00fdch kolies<\/strong><\/h4>\n<ul>\n<li><strong>Funkcia<\/strong>Ozuben\u00e9 koles\u00e1 vo vn\u00fatri prevodovky FMP-FK150 s\u00fa navrhnut\u00e9 s presnos\u0165ou, aby zabezpe\u010dili plynul\u00fd z\u00e1ber a minim\u00e1lne opotrebenie. Vysokokvalitn\u00e9 ozuben\u00e9 koles\u00e1 optimalizuj\u00fa \u00fa\u010dinnos\u0165 prenosu v\u00fdkonu.<\/li>\n<li><strong>V\u00fdhoda<\/strong>Zni\u017euje sa t\u00fdm strata energie, \u010d\u00edm sa proces lisovania zefekt\u00edvni a predl\u017euje sa \u017eivotnos\u0165 prevodovky zn\u00ed\u017een\u00edm opotrebovania vn\u00fatorn\u00fdch komponentov.<\/li>\n<\/ul>\n<h4><strong>Odoln\u00e9 puzdro<\/strong><\/h4>\n<ul>\n<li><strong>Funkcia<\/strong>Prevodovka je umiestnen\u00e1 v pevnom a odolnom puzdre vyrobenom z vysoko kvalitn\u00fdch materi\u00e1lov, ako je liatina alebo vystu\u017een\u00e9 zliatiny.<\/li>\n<li><strong>V\u00fdhoda<\/strong>Robustn\u00fd kryt chr\u00e1ni vn\u00fatorn\u00e9 prevody pred vonkaj\u0161\u00edmi n\u00e1razmi a drsn\u00fdm po\u013enohospod\u00e1rskym prostred\u00edm, \u010d\u00edm zais\u0165uje dlhodob\u00fa odolnos\u0165 a spo\u013eahlivos\u0165.<\/li>\n<\/ul>\n<h4><strong>Efekt\u00edvny syst\u00e9m mazania<\/strong><\/h4>\n<ul>\n<li><strong>Funkcia<\/strong>FMP-FK150 je navrhnut\u00fd s \u00fa\u010dinn\u00fdm mazac\u00edm syst\u00e9mom, ktor\u00fd zais\u0165uje rovnomern\u00e9 rozlo\u017eenie maziva do v\u0161etk\u00fdch pohybliv\u00fdch \u010dast\u00ed. Tento syst\u00e9m pom\u00e1ha udr\u017eiava\u0165 optim\u00e1lne prev\u00e1dzkov\u00e9 teploty a minimalizuje trenie.<\/li>\n<li><strong>V\u00fdhoda<\/strong>Vylep\u0161en\u00fd syst\u00e9m mazania zni\u017euje opotrebovanie ozuben\u00fdch kolies, zni\u017euje riziko prehriatia a predl\u017euje \u017eivotnos\u0165 prevodovky, a to aj pri dlh\u0161ej prev\u00e1dzke.<\/li>\n<\/ul>\n<p>Prevodovka FMP-FK150 pre hranat\u00fd lis na bal\u00edky je navrhnut\u00e1 s pokro\u010dil\u00fdmi funkciami, ktor\u00e9 zabezpe\u010duj\u00fa vysok\u00fa \u00fa\u010dinnos\u0165, odolnos\u0165 a jednoduch\u00e9 pou\u017eitie v n\u00e1ro\u010dn\u00fdch po\u013enohospod\u00e1rskych prostrediach. V\u010faka vysok\u00e9mu kr\u00fatiacemu momentu, presn\u00e9mu in\u017einierstvu a odoln\u00e9mu krytu je spo\u013eahlivou vo\u013ebou pre formovanie konzistentn\u00fdch, vysoko kvalitn\u00fdch hranat\u00fdch bal\u00edkov. V\u0161estrann\u00fd a kompaktn\u00fd dizajn zais\u0165uje kompatibilitu so \u0161irokou \u0161k\u00e1lou lisov a po\u013enohospod\u00e1rskych strojov, zatia\u013e \u010do jej zameranie na spo\u013eahlivos\u0165 a n\u00edzku \u00fadr\u017ebu pom\u00e1ha zni\u017eova\u0165 prev\u00e1dzkov\u00e9 n\u00e1klady a zvy\u0161ova\u0165 produktivitu. \u010ci u\u017e sa pou\u017e\u00edva na seno, slamu, sil\u00e1\u017e alebo in\u00e9 aplik\u00e1cie, prevodovka FMP-FK150 je k\u013e\u00fa\u010dovou s\u00fa\u010das\u0165ou modern\u00fdch po\u013enohospod\u00e1rskych prev\u00e1dzok.<\/p>\n<p><img loading=\"lazy\" decoding=\"async\" class=\"alignnone size-full wp-image-2588\" src=\"https:\/\/fmp-components.com\/wp-content\/uploads\/2025\/01\/FMP-FK215-Square-Baler-Gearbox-Applications-980x4831-1.webp\" alt=\"FMP-FK215-Lis na hranat\u00e9 bal\u00edky-Prevodovka-Aplik\u00e1cie-980x483(1)\" width=\"980\" height=\"483\" title=\"\" srcset=\"https:\/\/fmp-components.com\/wp-content\/uploads\/2025\/01\/FMP-FK215-Square-Baler-Gearbox-Applications-980x4831-1.webp 980w, https:\/\/fmp-components.com\/wp-content\/uploads\/2025\/01\/FMP-FK215-Square-Baler-Gearbox-Applications-980x4831-1-480x237.webp 480w\" sizes=\"(min-width: 0px) and (max-width: 480px) 480px, (min-width: 481px) 980px, 100vw\" \/><\/p>\n<h3>Oblasti pou\u017eitia prevodovky lisu na hranat\u00e9 bal\u00edky FMP-FK150<\/h3>\n<p>Prevodovka pre hranat\u00e9 bal\u00edkovacie lisy FMP-FK150 je \u0161peci\u00e1lne navrhnut\u00e1 na pou\u017eitie v r\u00f4znych po\u013enohospod\u00e1rskych aplik\u00e1ci\u00e1ch, najm\u00e4 v bal\u00edkovac\u00edch syst\u00e9moch. V\u010faka svojej robustnej a vysoko v\u00fdkonnej kon\u0161trukcii je vhodn\u00e1 pre \u0161irok\u00fa \u0161k\u00e1lu po\u013enohospod\u00e1rskych strojov a oper\u00e1ci\u00ed. Ni\u017e\u0161ie s\u00fa uveden\u00e9 k\u013e\u00fa\u010dov\u00e9 oblasti pou\u017eitia, v ktor\u00fdch prevodovka FMP-FK150 vynik\u00e1:<\/p>\n<h4><strong>Lisovanie sena<\/strong><\/h4>\n<ul>\n<li><strong>Aplik\u00e1cia<\/strong>Prevodovka FMP-FK150 sa hojne pou\u017e\u00edva v lisoch na seno na vytv\u00e1ranie \u0161tvorcov\u00fdch bal\u00edkov su\u0161enej tr\u00e1vy alebo sena, \u010do je k\u013e\u00fa\u010dov\u00e1 zlo\u017eka pri v\u00fdrobe krmiva pre hospod\u00e1rske zvierat\u00e1.<\/li>\n<li><strong>V\u00fdhoda<\/strong>Prevodovka zais\u0165uje efekt\u00edvny prenos sily do lisovac\u00edch mechanizmov, v\u00fdsledkom \u010doho s\u00fa dobre tvarovan\u00e9, pevne zbalen\u00e9 \u0161tvorcov\u00e9 bal\u00edky sena, ktor\u00e9 sa \u013eahko skladuj\u00fa a prepravuj\u00fa.<\/li>\n<\/ul>\n<h4><strong>Lisovanie slamy<\/strong><\/h4>\n<ul>\n<li><strong>Aplik\u00e1cia<\/strong>Slama, ved\u013eaj\u0161\u00ed produkt plod\u00edn, ako je p\u0161enica, ja\u010dme\u0148 a ovos, sa \u010dasto bal\u00edkuje na pou\u017eitie ako podstielka pre zvierat\u00e1 alebo na kompostovanie a v\u00fdrobu bioenergie. Prevodovka FMP-FK150 je na t\u00fato aplik\u00e1ciu ide\u00e1lna.<\/li>\n<li><strong>V\u00fdhoda<\/strong>Jeho vysok\u00fd kr\u00fatiaci moment a spo\u013eahliv\u00fd v\u00fdkon zabezpe\u010duj\u00fa, \u017ee lis pracuje efekt\u00edvne aj s hustou alebo tvrdou slamou a vytv\u00e1ra pevn\u00e9 a rovnomern\u00e9 bal\u00edky.<\/li>\n<\/ul>\n<h4><strong>Lisovanie sil\u00e1\u017ee<\/strong><\/h4>\n<ul>\n<li><strong>Aplik\u00e1cia<\/strong>Pri v\u00fdrobe sil\u00e1\u017ee sa plodiny ako tr\u00e1va, kukurica alebo strukoviny lisuj\u00fa na skladovanie v anaer\u00f3bnom prostred\u00ed, aby sa zachovala ich nutri\u010dn\u00e1 hodnota. Prevodovka FMP-FK150 sa m\u00f4\u017ee pou\u017ei\u0165 v lisoch na sil\u00e1\u017e na vytvorenie kompaktn\u00fdch, utesnen\u00fdch \u0161tvorcov\u00fdch bal\u00edkov.<\/li>\n<li><strong>V\u00fdhoda<\/strong>Prevodovka poskytuje potrebn\u00fd kr\u00fatiaci moment na lisovanie vlhkej a \u0165a\u017ekej sil\u00e1\u017ee, \u010d\u00edm sa zabezpe\u010duj\u00fa bal\u00edky s vysokou hustotou, ktor\u00e9 sa \u013eahko skladuj\u00fa a konzervuj\u00fa.<\/li>\n<\/ul>\n<h4><strong>Lisovanie zvy\u0161kov plod\u00edn<\/strong><\/h4>\n<ul>\n<li><strong>Aplik\u00e1cia<\/strong>Po zbere \u00farody sa zvy\u0161ky plod\u00edn, ako s\u00fa kukuri\u010dn\u00e9 \u200b\u200bstonky, bavln\u00edkov\u00e9 stonky a in\u00e9 rastlinn\u00e9 materi\u00e1ly, \u010dasto bal\u00edkuj\u00fa na pou\u017eitie pri v\u00fdrobe bioenergie alebo ako surovina pre r\u00f4zne po\u013enohospod\u00e1rske procesy.<\/li>\n<li><strong>V\u00fdhoda<\/strong>Prevodovka zvl\u00e1da vysok\u00e9 n\u00e1roky na bal\u00edkovanie tvrd\u00fdch, vl\u00e1knit\u00fdch zvy\u0161kov plod\u00edn a zabezpe\u010duje, \u017ee bal\u00edky s\u00fa pevne zbalen\u00e9 a vhodn\u00e9 na \u010fal\u0161ie spracovanie alebo pou\u017eitie.<\/li>\n<\/ul>\n<p>Prevodovka pre hranat\u00e9 bal\u00edky FMP-FK150 je ide\u00e1lna pre \u0161irok\u00fa \u0161k\u00e1lu po\u013enohospod\u00e1rskych aplik\u00e1ci\u00ed, kde s\u00fa potrebn\u00e9 hranat\u00e9 bal\u00edky s vysokou hustotou. \u010ci u\u017e ide o seno, slamu, sil\u00e1\u017e alebo zvy\u0161ky plod\u00edn, prevodovka zais\u0165uje spo\u013eahliv\u00fd a efekt\u00edvny v\u00fdkon a maximalizuje prev\u00e1dzkov\u00fa \u00fa\u010dinnos\u0165 bal\u00edkovac\u00edch strojov. V\u010faka svojej v\u0161estrannosti, vysok\u00e9mu kr\u00fatiacemu momentu a odolnosti je cenn\u00fdm komponentom pre po\u013enohospod\u00e1rske prev\u00e1dzky, \u010di u\u017e na mal\u00fdch rodinn\u00fdch farm\u00e1ch alebo vo ve\u013ek\u00fdch komer\u010dn\u00fdch podnikoch.<\/p>\n<table style=\"border-collapse: collapse; width: 99.3125%; height: 24px;\" border=\"0\" width=\"128\" cellspacing=\"0\" cellpadding=\"0\">\n<tbody>\n<tr style=\"height: 13.8pt;\">\n<td style=\"height: 13.8pt; width: 48pt;\" align=\"right\" width=\"64\" height=\"18\"><img loading=\"lazy\" decoding=\"async\" class=\"alignnone size-full wp-image-2615\" src=\"https:\/\/fmp-components.com\/wp-content\/uploads\/2025\/01\/Square-Baler-Gearbox-EP-FK150-Application-Area-1-1024x6861-1.webp\" alt=\"Prevodovka lisu na hranat\u00e9 bal\u00edky EP-FK150-Application Area-1-1024x686(1)\" width=\"1024\" height=\"686\" title=\"\" srcset=\"https:\/\/fmp-components.com\/wp-content\/uploads\/2025\/01\/Square-Baler-Gearbox-EP-FK150-Application-Area-1-1024x6861-1.webp 1024w, https:\/\/fmp-components.com\/wp-content\/uploads\/2025\/01\/Square-Baler-Gearbox-EP-FK150-Application-Area-1-1024x6861-1-980x657.webp 980w, https:\/\/fmp-components.com\/wp-content\/uploads\/2025\/01\/Square-Baler-Gearbox-EP-FK150-Application-Area-1-1024x6861-1-480x322.webp 480w\" sizes=\"(min-width: 0px) and (max-width: 480px) 480px, (min-width: 481px) and (max-width: 980px) 980px, (min-width: 981px) 1024px, 100vw\" \/><\/td>\n<td style=\"width: 48pt;\" align=\"right\" width=\"64\"><img loading=\"lazy\" decoding=\"async\" class=\"alignnone size-full wp-image-2614\" src=\"https:\/\/fmp-components.com\/wp-content\/uploads\/2025\/01\/Square-Baler-Gearbox-EP-FK150-Application-Area-2-1024x6861-1.webp\" alt=\"Prevodovka hranat\u00e9ho lisu na bal\u00edky EP-FK150-Application-Area-2-1024x686(1)\" width=\"1024\" height=\"686\" title=\"\" srcset=\"https:\/\/fmp-components.com\/wp-content\/uploads\/2025\/01\/Square-Baler-Gearbox-EP-FK150-Application-Area-2-1024x6861-1.webp 1024w, https:\/\/fmp-components.com\/wp-content\/uploads\/2025\/01\/Square-Baler-Gearbox-EP-FK150-Application-Area-2-1024x6861-1-980x657.webp 980w, https:\/\/fmp-components.com\/wp-content\/uploads\/2025\/01\/Square-Baler-Gearbox-EP-FK150-Application-Area-2-1024x6861-1-480x322.webp 480w\" sizes=\"(min-width: 0px) and (max-width: 480px) 480px, (min-width: 481px) and (max-width: 980px) 980px, (min-width: 981px) 1024px, 100vw\" \/><\/td>\n<\/tr>\n<\/tbody>\n<\/table>\n<h3>O FMP<\/h3>\n<p>Spolo\u010dnos\u0165 FMP so s\u00eddlom v Taliansku je popredn\u00fdm v\u00fdrobcom zn\u00e1mym svojimi odborn\u00fdmi znalos\u0165ami v oblasti n\u00e1vrhu, v\u00fdvoja a v\u00fdroby vysokov\u00fdkonn\u00fdch prevodoviek so zameran\u00edm na sektor po\u013enohospod\u00e1rskych strojov. V\u010faka reput\u00e1cii v oblasti presn\u00e9ho in\u017einierstva, inovat\u00edvnych rie\u0161en\u00ed a neochvejnej spo\u013eahlivosti sa spolo\u010dnos\u0165 FMP stala d\u00f4veryhodn\u00fdm partnerom pri rie\u0161en\u00ed vyv\u00edjaj\u00facich sa potrieb po\u013enohospod\u00e1rskeho aj priemyseln\u00e9ho sektora. N\u00e1\u0161 rozmanit\u00fd sortiment produktov zah\u0155\u0148a \u0161pecializovan\u00e9 prevodovky pre kosa\u010dky na tr\u00e1vu, v\u00fdvodov\u00e9 hriadele a \u010fal\u0161ie d\u00f4le\u017eit\u00e9 komponenty, pri\u010dom v\u0161etky s\u00fa starostlivo navrhnut\u00e9 tak, aby poskytovali rie\u0161enia na mieru v \u0161irokom spektre aplik\u00e1ci\u00ed.<\/p>\n<p>V spolo\u010dnosti FMP ch\u00e1peme, \u017ee ka\u017ed\u00fd klient m\u00e1 jedine\u010dn\u00e9 po\u017eiadavky a v\u00fdzvy. Preto sa \u0161pecializujeme na pon\u00fakanie rie\u0161en\u00ed na mieru, \u010di u\u017e ide o jednotliv\u00e9 komponenty alebo plne integrovan\u00e9 syst\u00e9my. \u00dazko spolupracujeme s na\u0161imi z\u00e1kazn\u00edkmi, aby sme zabezpe\u010dili, \u017ee ka\u017ed\u00e9 rie\u0161enie je nielen efekt\u00edvne, ale aj \u00fa\u010dinn\u00e9, optimalizuj\u00fac v\u00fdkon aj hodnotu. N\u00e1\u0161 z\u00e1v\u00e4zok poskytova\u0165 r\u00fdchle a profesion\u00e1lne odpovede spolu s odborn\u00fdm poradenstvom zabezpe\u010duje, \u017ee s ka\u017edou po\u017eiadavkou sa zaobch\u00e1dza s maxim\u00e1lnou starostlivos\u0165ou a presnos\u0165ou, \u010do vedie k najlep\u0161\u00edm mo\u017en\u00fdm v\u00fdsledkom.<\/p>\n<p>Uprednost\u0148ujeme otvoren\u00fa a nepretr\u017eit\u00fa komunik\u00e1ciu po\u010das cel\u00e9ho procesu v\u00fdvoja produktu. N\u00e1\u0161 \u0161pecializovan\u00fd t\u00edm spolupracuje priamo s klientmi, aby plne pochopil ich \u0161pecifick\u00e9 potreby a pon\u00faka cenn\u00e9 poznatky a odpor\u00fa\u010dania na zabezpe\u010denie optim\u00e1lnych rie\u0161en\u00ed. \u010ci u\u017e navrhujeme inovat\u00edvne produkty alebo pln\u00edme prebiehaj\u00face objedn\u00e1vky, spolo\u010dnos\u0165 FMP sa zav\u00e4zuje dod\u00e1va\u0165 vysokokvalitn\u00e9, prec\u00edzne navrhnut\u00e9 rie\u0161enia v\u010das a v\u017edy. Na\u0161\u00edm cie\u013eom je poskytova\u0165 klientom tie najlep\u0161ie slu\u017eby a v\u00fdsledky, ktor\u00e9 pri ka\u017edom projekte prekon\u00e1vaj\u00fa o\u010dak\u00e1vania.<\/p>\n<p>Kvalita je z\u00e1kladn\u00fdm kame\u0148om prev\u00e1dzky spolo\u010dnosti FMP. Dodr\u017eiavame najvy\u0161\u0161ie v\u00fdrobn\u00e9 \u0161tandardy a zav\u00e1dzame pr\u00edsne opatrenia na kontrolu kvality, aby sme zabezpe\u010dili, \u017ee ka\u017ed\u00fd produkt nielen sp\u013a\u0148a, ale aj prekon\u00e1va priemyseln\u00e9 \u0161tandardy. Tento neochvejn\u00fd z\u00e1v\u00e4zok ku kvalite v kombin\u00e1cii s na\u0161imi z\u00e1kladn\u00fdmi hodnotami integrity, t\u00edmovej pr\u00e1ce a vytrvalosti n\u00e1m umo\u017enil vybudova\u0165 si dlhodob\u00e9 vz\u0165ahy zalo\u017een\u00e9 na d\u00f4vere s klientmi v takmer 30 krajin\u00e1ch sveta.<\/p>\n<p>Spolo\u010dnos\u0165 FMP je v\u017edy otvoren\u00e1 podpore glob\u00e1lnych partnerstiev a na\u010falej sa venuje poskytovaniu odborn\u00e9ho poradenstva a rie\u0161en\u00ed na mieru, ktor\u00e9 sp\u013a\u0148aj\u00fa rozmanit\u00e9 potreby na\u0161ich klientov. Ideme nad r\u00e1mec len dod\u00e1vania produktov; sna\u017e\u00edme sa budova\u0165 trval\u00e9 vz\u0165ahy, ktor\u00e9 prispievaj\u00fa k \u00faspechu ka\u017ed\u00e9ho projektu. \u010ci u\u017e potrebujete inovat\u00edvne rie\u0161enia pre nov\u00fa iniciat\u00edvu alebo priebe\u017en\u00fa podporu pre existuj\u00faci syst\u00e9m, FMP je tu, aby sa vysporiadala s va\u0161imi technick\u00fdmi v\u00fdzvami a zabezpe\u010dila v\u00e1\u0161 trval\u00fd \u00faspech.<\/p>\n<p><img loading=\"lazy\" decoding=\"async\" class=\"alignnone size-full wp-image-1861\" src=\"https:\/\/fmp-components.com\/wp-content\/uploads\/2024\/12\/Other-Agricultural-Gearboxes.webp\" sizes=\"(min-width: 0px) and (max-width: 480px) 480px, (min-width: 481px) and (max-width: 980px) 980px, (min-width: 981px) 1200px, 100vw\" srcset=\"https:\/\/fmp-components.com\/wp-content\/uploads\/2024\/12\/Other-Agricultural-Gearboxes.webp 1200w, https:\/\/fmp-components.com\/wp-content\/uploads\/2024\/12\/Other-Agricultural-Gearboxes-980x1143.webp 980w, https:\/\/fmp-components.com\/wp-content\/uploads\/2024\/12\/Other-Agricultural-Gearboxes-480x560.webp 480w\" alt=\"Altri-cambi-agricoli\" width=\"1200\" height=\"1400\" title=\"\"><\/p>\n<p>Autor: CX<\/p>","protected":false},"excerpt":{"rendered":"<p>Square Baler Gearbox FMP-FK150 Dimensions Square Baler Gearbox FMP-FK150 Shaft Dimensions Square Baler Gearbox FMP-FK150 Technical Data i Suitable Rpm input Rpm output KW(Nom) KW(Max) Toothing r\/min r\/min hp hp Speed increase 1:2.07 Square Baler, etc 540 1117.8 120 550 Gleason Straight Teeth Remark: If you have any special require feel free let me know, [&hellip;]<\/p>","protected":false},"featured_media":2613,"comment_status":"open","ping_status":"closed","template":"","meta":{"_et_pb_use_builder":"","_et_pb_old_content":"","_et_gb_content_width":""},"product_brand":[],"product_cat":[62],"product_tag":[],"class_list":{"0":"post-2610","1":"product","2":"type-product","3":"status-publish","4":"has-post-thumbnail","6":"product_cat-square-baler-gearbox","8":"first","9":"instock","10":"shipping-taxable","11":"product-type-simple"},"_links":{"self":[{"href":"https:\/\/fmp-components.com\/sk\/wp-json\/wp\/v2\/product\/2610","targetHints":{"allow":["GET"]}}],"collection":[{"href":"https:\/\/fmp-components.com\/sk\/wp-json\/wp\/v2\/product"}],"about":[{"href":"https:\/\/fmp-components.com\/sk\/wp-json\/wp\/v2\/types\/product"}],"replies":[{"embeddable":true,"href":"https:\/\/fmp-components.com\/sk\/wp-json\/wp\/v2\/comments?post=2610"}],"wp:featuredmedia":[{"embeddable":true,"href":"https:\/\/fmp-components.com\/sk\/wp-json\/wp\/v2\/media\/2613"}],"wp:attachment":[{"href":"https:\/\/fmp-components.com\/sk\/wp-json\/wp\/v2\/media?parent=2610"}],"wp:term":[{"taxonomy":"product_brand","embeddable":true,"href":"https:\/\/fmp-components.com\/sk\/wp-json\/wp\/v2\/product_brand?post=2610"},{"taxonomy":"product_cat","embeddable":true,"href":"https:\/\/fmp-components.com\/sk\/wp-json\/wp\/v2\/product_cat?post=2610"},{"taxonomy":"product_tag","embeddable":true,"href":"https:\/\/fmp-components.com\/sk\/wp-json\/wp\/v2\/product_tag?post=2610"}],"curies":[{"name":"pracovn\u00fd list","href":"https:\/\/api.w.org\/{rel}","templated":true}]}}