{"id":2597,"date":"2025-01-03T02:08:14","date_gmt":"2025-01-03T02:08:14","guid":{"rendered":"https:\/\/fmp-components.com\/?page_id=8"},"modified":"2025-01-03T02:08:14","modified_gmt":"2025-01-03T02:08:14","slug":"square-baler-gearbox-fmp-fk270","status":"publish","type":"product","link":"https:\/\/fmp-components.com\/sk\/product\/square-baler-gearbox-fmp-fk270\/","title":{"rendered":"Prevodovka hranat\u00e9ho bal\u00edkova\u010da FMP-FK270"},"content":{"rendered":"<p><img loading=\"lazy\" decoding=\"async\" class=\"size-full wp-image-2600 aligncenter\" src=\"https:\/\/fmp-components.com\/wp-content\/uploads\/2025\/01\/Square-Baler-Gearbox-FMP-FK2701.webp\" alt=\"Prevodovka hranat\u00e9ho lisu na bal\u00edky FMP FK270(1)\" width=\"600\" height=\"600\" title=\"\" srcset=\"https:\/\/fmp-components.com\/wp-content\/uploads\/2025\/01\/Square-Baler-Gearbox-FMP-FK2701.webp 600w, https:\/\/fmp-components.com\/wp-content\/uploads\/2025\/01\/Square-Baler-Gearbox-FMP-FK2701-480x480.webp 480w\" sizes=\"(min-width: 0px) and (max-width: 480px) 480px, (min-width: 481px) 600px, 100vw\" \/><\/p>\n<h2>Rozmery prevodovky lisu na hranat\u00e9 bal\u00edky FMP-FK270<\/h2>\n<p><img loading=\"lazy\" decoding=\"async\" class=\"alignnone size-full wp-image-2598\" src=\"https:\/\/fmp-components.com\/wp-content\/uploads\/2025\/01\/Square-Baler-Gearbox-FMP-FK270-Dimensions.webp\" alt=\"Rozmery prevodovky lisu na hranat\u00e9 bal\u00edky FMP FK270\" width=\"1391\" height=\"899\" title=\"\" srcset=\"https:\/\/fmp-components.com\/wp-content\/uploads\/2025\/01\/Square-Baler-Gearbox-FMP-FK270-Dimensions.webp 1391w, https:\/\/fmp-components.com\/wp-content\/uploads\/2025\/01\/Square-Baler-Gearbox-FMP-FK270-Dimensions-1280x827.webp 1280w, https:\/\/fmp-components.com\/wp-content\/uploads\/2025\/01\/Square-Baler-Gearbox-FMP-FK270-Dimensions-980x633.webp 980w, https:\/\/fmp-components.com\/wp-content\/uploads\/2025\/01\/Square-Baler-Gearbox-FMP-FK270-Dimensions-480x310.webp 480w\" sizes=\"(min-width: 0px) and (max-width: 480px) 480px, (min-width: 481px) and (max-width: 980px) 980px, (min-width: 981px) and (max-width: 1280px) 1280px, (min-width: 1281px) 1391px, 100vw\" \/><\/p>\n<h2>Rozmery hriade\u013ea prevodovky lisu na hranat\u00e9 bal\u00edky FMP-FK270<\/h2>\n<p><img loading=\"lazy\" decoding=\"async\" class=\"alignnone size-full wp-image-2599\" src=\"https:\/\/fmp-components.com\/wp-content\/uploads\/2025\/01\/Square-Baler-Gearbox-EP-FK270-Shaft-Dimensions.webp\" alt=\"Rozmery prevodovky hriade\u013ea lisu na hranat\u00e9 bal\u00edky FMP FK270\" width=\"1363\" height=\"413\" title=\"\" srcset=\"https:\/\/fmp-components.com\/wp-content\/uploads\/2025\/01\/Square-Baler-Gearbox-EP-FK270-Shaft-Dimensions.webp 1363w, https:\/\/fmp-components.com\/wp-content\/uploads\/2025\/01\/Square-Baler-Gearbox-EP-FK270-Shaft-Dimensions-1280x388.webp 1280w, https:\/\/fmp-components.com\/wp-content\/uploads\/2025\/01\/Square-Baler-Gearbox-EP-FK270-Shaft-Dimensions-980x297.webp 980w, https:\/\/fmp-components.com\/wp-content\/uploads\/2025\/01\/Square-Baler-Gearbox-EP-FK270-Shaft-Dimensions-480x145.webp 480w\" sizes=\"(min-width: 0px) and (max-width: 480px) 480px, (min-width: 481px) and (max-width: 980px) 980px, (min-width: 981px) and (max-width: 1280px) 1280px, (min-width: 1281px) 1363px, 100vw\" \/><\/p>\n<h2>Technick\u00e9 \u00fadaje prevodovky lisu na hranat\u00e9 bal\u00edky FMP-FK270<\/h2>\n<table style=\"width: 97.1951%; height: 150px;\" border=\"1\" cellspacing=\"0\" cellpadding=\"0\">\n<tbody>\n<tr>\n<td colspan=\"2\" rowspan=\"2\">ja<\/td>\n<td rowspan=\"2\">Vhodn\u00e9<\/td>\n<td>Vstup ot\u00e1\u010dok<\/td>\n<td>V\u00fdstupn\u00e9 ot\u00e1\u010dky<\/td>\n<td>kW (nomin\u00e1lny)<\/td>\n<td>kW (max.)<\/td>\n<td rowspan=\"2\">Prerez\u00e1vanie zubov<\/td>\n<\/tr>\n<tr>\n<td>ot.\/min.<\/td>\n<td>ot.\/min.<\/td>\n<td>hp<\/td>\n<td>hp<\/td>\n<\/tr>\n<tr>\n<td>Spomali\u0165<\/td>\n<td>1:1<\/td>\n<td>Lis na hranat\u00e9 bal\u00edky at\u010f.<\/td>\n<td>540<\/td>\n<td>540<\/td>\n<td>120<\/td>\n<td>140<\/td>\n<td>Gleason Straight<br \/>\nZuby<\/td>\n<\/tr>\n<tr>\n<td colspan=\"8\">Pozn\u00e1mka: Ak m\u00e1te nejak\u00e9 \u0161peci\u00e1lne po\u017eiadavky, nev\u00e1hajte mi da\u0165 vedie\u0165, akceptujeme aj z\u00e1kazku.<\/td>\n<\/tr>\n<\/tbody>\n<\/table>\n<h2>Vlastnosti prevodovky hranat\u00e9ho bal\u00edkova\u010da FMP-FK270<\/h2>\n<p>Prevodovka pre hranat\u00e9 bal\u00edkovacie stroje FMP-FK270 je vysokov\u00fdkonn\u00e1 prevodovka ur\u010den\u00e1 na pou\u017eitie v po\u013enohospod\u00e1rskych bal\u00edkovac\u00edch strojoch. Je skon\u0161truovan\u00e1 tak, aby sp\u013a\u0148ala n\u00e1ro\u010dn\u00e9 po\u017eiadavky modern\u00fdch po\u013enohospod\u00e1rskych prev\u00e1dzok a zabezpe\u010dovala plynul\u00fd a efekt\u00edvny prenos v\u00fdkonu z v\u00fdvodov\u00e9ho hriade\u013ea traktora na r\u00f4zne komponenty hranat\u00e9ho bal\u00edkovacieho stroja. Ni\u017e\u0161ie s\u00fa uveden\u00e9 k\u013e\u00fa\u010dov\u00e9 vlastnosti prevodovky pre hranat\u00e9 bal\u00edkovacie stroje FMP-FK270:<\/p>\n<ol>\n<li><strong>Vysok\u00fd kr\u00fatiaci moment<\/strong>\n<ul>\n<li>Ten\/T\u00e1\/To <strong>FMP-FK270<\/strong> je navrhnut\u00fd tak, aby zvl\u00e1dal vysok\u00e9 kr\u00fatiace momenty, \u010do je nevyhnutn\u00e9 pre efekt\u00edvnu prev\u00e1dzku lisov na hranat\u00e9 bal\u00edky. Zais\u0165uje, \u017ee lis m\u00f4\u017ee vykon\u00e1va\u0165 \u00falohy, ako je zhut\u0148ovanie a viazanie materi\u00e1lov, ako je seno, slama a zvy\u0161ky plod\u00edn, s minim\u00e1lnou stratou v\u00fdkonu.<\/li>\n<\/ul>\n<\/li>\n<li><strong>Efekt\u00edvny prenos v\u00fdkonu<\/strong>\n<ul>\n<li>T\u00e1to prevodovka efekt\u00edvne pren\u00e1\u0161a v\u00fdkon z v\u00fdvodov\u00e9ho hriade\u013ea traktora na prev\u00e1dzkov\u00e9 komponenty lisu, ako je zbern\u00fd mechanizmus, pod\u00e1vac\u00ed syst\u00e9m, kompresn\u00e1 komora a uz\u013eovac\u00ed syst\u00e9m. \u00da\u010dinn\u00fd prenos v\u00fdkonu zabezpe\u010duje, \u017ee v\u0161etky komponenty pracuj\u00fa synchronizovane pre maxim\u00e1lny v\u00fdkon.<\/li>\n<\/ul>\n<\/li>\n<li><strong>Presn\u00e9 in\u017einierstvo pre plynul\u00fd chod<\/strong>\n<ul>\n<li>Vyroben\u00e9 s prec\u00edzne navrhnut\u00fdmi ozuben\u00fdmi kolesami, <strong>FMP-FK270<\/strong> zais\u0165uje plynul\u00fd a tich\u00fd chod. Starostlivo navrhnut\u00e9 prevodov\u00e9 pomery pom\u00e1haj\u00fa optimalizova\u0165 v\u00fdkon lisu a poskytuj\u00fa spo\u013eahliv\u00fa a konzistentn\u00fa prev\u00e1dzku za v\u0161etk\u00fdch podmienok.<\/li>\n<\/ul>\n<\/li>\n<li><strong>Odoln\u00e1 kon\u0161trukcia<\/strong>\n<ul>\n<li>Prevodovka je vyroben\u00e1 z vysoko kvalitn\u00fdch materi\u00e1lov, ktor\u00e9 s\u00fa odoln\u00e9 vo\u010di opotrebovaniu, n\u00e1razom a environment\u00e1lnym stresorom. Jej robustn\u00e1 kon\u0161trukcia zais\u0165uje, \u017ee prevodovka vydr\u017e\u00ed n\u00e1ro\u010dn\u00e9 podmienky po\u013enohospod\u00e1rskeho prostredia a poskytuje tak dlh\u00fa \u017eivotnos\u0165.<\/li>\n<\/ul>\n<\/li>\n<li><strong>Prisp\u00f4sobite\u013en\u00e9 pre r\u00f4zne aplik\u00e1cie<\/strong>\n<ul>\n<li>Ten\/T\u00e1\/To <strong>FMP-FK270<\/strong> Prevodovka je v\u0161estrann\u00e1 a d\u00e1 sa prisp\u00f4sobi\u0165 \u0161pecifick\u00fdm po\u017eiadavk\u00e1m r\u00f4znych modelov lisov a po\u013enohospod\u00e1rskych aplik\u00e1ci\u00ed. D\u00e1 sa nastavi\u0165 tak, aby vyhovovala r\u00f4znym typom plod\u00edn, kapacit\u00e1m lisu a prev\u00e1dzkov\u00fdm podmienkam, \u010d\u00edm sa zabezpe\u010d\u00ed optim\u00e1lny v\u00fdkon pre ka\u017ed\u00fa \u00falohu.<\/li>\n<\/ul>\n<\/li>\n<\/ol>\n<p>Prevodovka pre hranat\u00e9 bal\u00edkovacie stroje FMP-FK270 je robustn\u00e1, vysokov\u00fdkonn\u00e1 prevodovka ur\u010den\u00e1 pre po\u013enohospod\u00e1rske bal\u00edkovacie stroje. Jej kombin\u00e1cia vysok\u00e9ho kr\u00fatiaceho momentu, odolnej kon\u0161trukcie, energetickej \u00fa\u010dinnosti a jednoduchej \u00fadr\u017eby z nej rob\u00ed ide\u00e1lnu vo\u013ebu pre po\u013enohospod\u00e1rov, ktor\u00ed chc\u00fa zv\u00fd\u0161i\u0165 produktivitu a spo\u013eahlivos\u0165 svojich hranat\u00fdch bal\u00edkovac\u00edch lisov. \u010ci u\u017e ide o seno, slamu alebo in\u00e9 krmoviny, FMP-FK270 zais\u0165uje, \u017ee proces bal\u00edkovania prebieha hladko a efekt\u00edvne, \u010do prispieva k \u00faspechu po\u013enohospod\u00e1rskych oper\u00e1ci\u00ed.<\/p>\n<p><img loading=\"lazy\" decoding=\"async\" class=\"alignnone size-full wp-image-2601\" src=\"https:\/\/fmp-components.com\/wp-content\/uploads\/2025\/01\/Square-Baler-Gearbox-EP-FK270-Installation-and-Maintenance1.webp\" alt=\"Prevodovka hranat\u00e9ho lisu na bal\u00edky FMP FK270 - In\u0161tal\u00e1cia a \u00fadr\u017eba (1)\" width=\"1000\" height=\"500\" title=\"\" srcset=\"https:\/\/fmp-components.com\/wp-content\/uploads\/2025\/01\/Square-Baler-Gearbox-EP-FK270-Installation-and-Maintenance1.webp 1000w, https:\/\/fmp-components.com\/wp-content\/uploads\/2025\/01\/Square-Baler-Gearbox-EP-FK270-Installation-and-Maintenance1-980x490.webp 980w, https:\/\/fmp-components.com\/wp-content\/uploads\/2025\/01\/Square-Baler-Gearbox-EP-FK270-Installation-and-Maintenance1-480x240.webp 480w\" sizes=\"(min-width: 0px) and (max-width: 480px) 480px, (min-width: 481px) and (max-width: 980px) 980px, (min-width: 981px) 1000px, 100vw\" \/><\/p>\n<h2>Aplik\u00e1cie prevodovky hranat\u00e9ho bal\u00edkova\u010da FMP-FK270<\/h2>\n<p>Prevodovka pre hranat\u00e9 bal\u00edky FMP-FK270 je k\u013e\u00fa\u010dov\u00fdm komponentom po\u013enohospod\u00e1rskych strojov ur\u010den\u00fdm na pohon hranat\u00fdch bal\u00edkov pou\u017e\u00edvan\u00fdch na r\u00f4zne typy bal\u00edkovania plod\u00edn. Jej vlastnosti, ako je vysok\u00fd kr\u00fatiaci moment, odolnos\u0165 a efekt\u00edvny prenos v\u00fdkonu, ju robia ve\u013emi vhodnou pre nieko\u013eko po\u013enohospod\u00e1rskych aplik\u00e1ci\u00ed. Ni\u017e\u0161ie s\u00fa uveden\u00e9 k\u013e\u00fa\u010dov\u00e9 aplik\u00e1cie prevodovky pre hranat\u00e9 bal\u00edky FMP-FK270:<\/p>\n<p>1. <strong>Lisovanie sena<\/strong><\/p>\n<ul>\n<li><strong>Prim\u00e1rna aplik\u00e1cia<\/strong>FMP-FK270 sa \u0161iroko pou\u017e\u00edva pri bal\u00edkovan\u00ed sena, kde pom\u00e1ha efekt\u00edvne zhut\u0148ova\u0165 a viaza\u0165 vo\u013en\u00e9 seno do pevne zviazan\u00fdch bal\u00edkov. Jeho schopnos\u0165 pren\u00e1\u0161a\u0165 vysok\u00fd kr\u00fatiaci moment zabezpe\u010duje, \u017ee aj hust\u00e9 a such\u00e9 seno sa spracuje efekt\u00edvne, \u010d\u00edm sa vytvoria bal\u00edky, ktor\u00e9 s\u00fa rovnomern\u00e9 a \u013eahko sa s nimi manipuluje.<\/li>\n<li><strong>V\u00fdhody<\/strong>Zais\u0165uje vysokokvalitn\u00e9 bal\u00edky, ktor\u00e9 sa \u013eahko skladuj\u00fa a prepravuj\u00fa, pri\u010dom sa zachov\u00e1va nutri\u010dn\u00e1 hodnota sena ur\u010den\u00e9ho na k\u0155menie hospod\u00e1rskych zvierat.<\/li>\n<\/ul>\n<p>2. <strong>Lisovanie slamy<\/strong><\/p>\n<ul>\n<li>Ten\/T\u00e1\/To <strong>FMP-FK270<\/strong> Prevodovka je nevyhnutn\u00e1 na bal\u00edkovanie slamy, ktor\u00e9 sa pou\u017e\u00edva predov\u0161etk\u00fdm po zbere p\u0161enice, ja\u010dme\u0148a alebo in\u00fdch obiln\u00edn. Pom\u00e1ha spracov\u00e1va\u0165 slamu do kompaktn\u00fdch bal\u00edkov, ktor\u00e9 sa potom m\u00f4\u017eu pou\u017ei\u0165 ako podstielka, krmivo pre zvierat\u00e1 alebo dokonca ako surovina na v\u00fdrobu bioenergie.<\/li>\n<li><strong>V\u00fdhody<\/strong>Prevodovka zais\u0165uje spo\u013eahliv\u00fd prenos v\u00fdkonu a odolnos\u0165, pri\u010dom zvl\u00e1da vl\u00e1knit\u00fa a h\u00fa\u017eevnat\u00fa povahu slamy bez kompromisov vo v\u00fdkone.<\/li>\n<\/ul>\n<p>3. <strong>Lisovanie sil\u00e1\u017ee<\/strong><\/p>\n<ul>\n<li><strong>Sil\u00e1\u017e<\/strong> sa vyr\u00e1ba zhut\u0148ovan\u00edm krmov\u00edn (ako je kukurica alebo lucerna) do bal\u00edkov a ich ferment\u00e1ciou na krmivo pre zvierat\u00e1. Prevodovka FMP-FK270 je v\u010faka svojej schopnosti spracova\u0165 mokr\u00e9 a hust\u00e9 materi\u00e1ly vhodn\u00e1 na bal\u00edkovanie sil\u00e1\u017ee, \u010d\u00edm zabezpe\u010duje konzistentn\u00fa tvorbu bal\u00edkov aj v n\u00e1ro\u010dn\u00fdch podmienkach.<\/li>\n<li><strong>V\u00fdhody<\/strong>Chladiace a mazacie syst\u00e9my prevodovky zabezpe\u010duj\u00fa plynul\u00fd chod aj v prostred\u00ed s vysokou vlhkos\u0165ou pri lisovan\u00ed sil\u00e1\u017ee, \u010d\u00edm sa zni\u017euje riziko prehriatia a zachov\u00e1va sa \u00fa\u010dinnos\u0165.<\/li>\n<\/ul>\n<p>4. <strong>Lisovanie zvy\u0161kov plod\u00edn<\/strong><\/p>\n<ul>\n<li>Ten\/T\u00e1\/To <strong>FMP-FK270<\/strong> Prevodovka je ide\u00e1lna na lisovanie zvy\u0161kov plod\u00edn, \u010do zah\u0155\u0148a zhroma\u017e\u010fovanie a zhut\u0148ovanie zvy\u0161kov rastlinn\u00e9ho materi\u00e1lu po zbere hlavnej plodiny. Toto je be\u017en\u00e9 pri zvy\u0161koch, ako s\u00fa kukuri\u010dn\u00e9 \u200b\u200bstonky, p\u0161eni\u010dn\u00e1 slama, ry\u017eov\u00e9 \u0161upky a in\u00e9 ved\u013eaj\u0161ie produkty.<\/li>\n<li><strong>V\u00fdhody<\/strong>Robustn\u00e1 kon\u0161trukcia umo\u017e\u0148uje prevodovke zvl\u00e1dnu\u0165 rozmanit\u00fa a \u010dasto n\u00e1ro\u010dn\u00fa povahu zvy\u0161kov plod\u00edn a premie\u0148a\u0165 ich na cenn\u00e9 ved\u013eaj\u0161ie produkty na skladovanie alebo \u010fal\u0161ie vyu\u017eitie pri v\u00fdrobe bioenergie.<\/li>\n<\/ul>\n<p>5. <strong>Lisovanie lucerny<\/strong><\/p>\n<ul>\n<li>Lucerna, krmovina s vysok\u00fdm obsahom bielkov\u00edn, sa \u010dasto lisuje na bal\u00edky na pou\u017eitie ako krmivo pre hospod\u00e1rske zvierat\u00e1. Prevodovka FMP-FK270 efekt\u00edvne zvl\u00e1da ch\u00falostiv\u00fa, ale hust\u00fa povahu lucerny a zabezpe\u010duje konzistentn\u00e9 a pevn\u00e9 bal\u00edky, ktor\u00e9 si zachov\u00e1vaj\u00fa nutri\u010dn\u00fa kvalitu plodiny.<\/li>\n<li><strong>V\u00fdhody<\/strong>Prevodovka zais\u0165uje rovnomern\u00fa hustotu bal\u00edkov, \u010do je rozhoduj\u00face pre udr\u017eanie kvality lucerny pri jej skladovan\u00ed na k\u0155menie zvierat.<\/li>\n<\/ul>\n<p>Prevodovka pre hranat\u00fd lis FMP-FK270 je nevyhnutnou s\u00fa\u010das\u0165ou r\u00f4znych po\u013enohospod\u00e1rskych aplik\u00e1ci\u00ed, od bal\u00edkovania sena a slamy a\u017e po v\u00fdrobu bioenergie. Jej kombin\u00e1cia vysok\u00e9ho kr\u00fatiaceho momentu, efekt\u00edvneho prenosu v\u00fdkonu a odolnosti zaru\u010duje, \u017ee zvl\u00e1dne \u0161irok\u00fa \u0161k\u00e1lu bal\u00edkovac\u00edch \u00faloh v r\u00f4znych po\u013enohospod\u00e1rskych prostrediach. \u010ci u\u017e ide o mal\u00e9 farmy alebo rozsiahle po\u013enohospod\u00e1rske prev\u00e1dzky, prevodovka FMP-FK270 je navrhnut\u00e1 tak, aby zvy\u0161ovala produktivitu, skr\u00e1tila prestoje a zabezpe\u010dovala spo\u013eahliv\u00fd v\u00fdkon.<\/p>\n<table style=\"border-collapse: collapse; width: 97.125%; height: 33px;\" border=\"0\" width=\"128\" cellspacing=\"0\" cellpadding=\"0\">\n<tbody>\n<tr style=\"height: 13.8pt;\">\n<td style=\"height: 13.8pt; width: 48pt;\" align=\"right\" width=\"64\" height=\"18\"><img loading=\"lazy\" decoding=\"async\" class=\"alignnone size-full wp-image-2602\" src=\"https:\/\/fmp-components.com\/wp-content\/uploads\/2025\/01\/Square-Baler-Gearbox-EP-FK270-Applications-21.webp\" alt=\"Prevodovka lisu na hranat\u00e9 bal\u00edky FMP FK270 - Aplik\u00e1cie - 2\" width=\"1024\" height=\"669\" title=\"\" srcset=\"https:\/\/fmp-components.com\/wp-content\/uploads\/2025\/01\/Square-Baler-Gearbox-EP-FK270-Applications-21.webp 1024w, https:\/\/fmp-components.com\/wp-content\/uploads\/2025\/01\/Square-Baler-Gearbox-EP-FK270-Applications-21-980x640.webp 980w, https:\/\/fmp-components.com\/wp-content\/uploads\/2025\/01\/Square-Baler-Gearbox-EP-FK270-Applications-21-480x314.webp 480w\" sizes=\"(min-width: 0px) and (max-width: 480px) 480px, (min-width: 481px) and (max-width: 980px) 980px, (min-width: 981px) 1024px, 100vw\" \/><\/td>\n<td style=\"width: 48pt;\" align=\"right\" width=\"64\"><img loading=\"lazy\" decoding=\"async\" class=\"alignnone size-full wp-image-2603\" src=\"https:\/\/fmp-components.com\/wp-content\/uploads\/2025\/01\/Square-Baler-Gearbox-EP-FK270-Applications-11.webp\" alt=\"Prevodovka lisu na hranat\u00e9 bal\u00edky FMP FK270 - Aplik\u00e1cie\" width=\"1024\" height=\"669\" title=\"\" srcset=\"https:\/\/fmp-components.com\/wp-content\/uploads\/2025\/01\/Square-Baler-Gearbox-EP-FK270-Applications-11.webp 1024w, https:\/\/fmp-components.com\/wp-content\/uploads\/2025\/01\/Square-Baler-Gearbox-EP-FK270-Applications-11-980x640.webp 980w, https:\/\/fmp-components.com\/wp-content\/uploads\/2025\/01\/Square-Baler-Gearbox-EP-FK270-Applications-11-480x314.webp 480w\" sizes=\"(min-width: 0px) and (max-width: 480px) 480px, (min-width: 481px) and (max-width: 980px) 980px, (min-width: 981px) 1024px, 100vw\" \/><\/td>\n<\/tr>\n<\/tbody>\n<\/table>\n<h3>O FMP<\/h3>\n<p>Spolo\u010dnos\u0165 FMP so s\u00eddlom v Taliansku je popredn\u00fdm v\u00fdrobcom zn\u00e1mym svojimi odborn\u00fdmi znalos\u0165ami v oblasti n\u00e1vrhu, v\u00fdvoja a v\u00fdroby vysokov\u00fdkonn\u00fdch prevodoviek so zameran\u00edm na sektor po\u013enohospod\u00e1rskych strojov. V\u010faka reput\u00e1cii v oblasti presn\u00e9ho in\u017einierstva, inovat\u00edvnych rie\u0161en\u00ed a neochvejnej spo\u013eahlivosti sa spolo\u010dnos\u0165 FMP stala d\u00f4veryhodn\u00fdm partnerom pri rie\u0161en\u00ed vyv\u00edjaj\u00facich sa potrieb po\u013enohospod\u00e1rskeho aj priemyseln\u00e9ho sektora. N\u00e1\u0161 rozmanit\u00fd sortiment produktov zah\u0155\u0148a \u0161pecializovan\u00e9 prevodovky pre kosa\u010dky na tr\u00e1vu, v\u00fdvodov\u00e9 hriadele a \u010fal\u0161ie d\u00f4le\u017eit\u00e9 komponenty, pri\u010dom v\u0161etky s\u00fa starostlivo navrhnut\u00e9 tak, aby poskytovali rie\u0161enia na mieru v \u0161irokom spektre aplik\u00e1ci\u00ed.<\/p>\n<p>V spolo\u010dnosti FMP ch\u00e1peme, \u017ee ka\u017ed\u00fd klient m\u00e1 jedine\u010dn\u00e9 po\u017eiadavky a v\u00fdzvy. Preto sa \u0161pecializujeme na pon\u00fakanie rie\u0161en\u00ed na mieru, \u010di u\u017e ide o jednotliv\u00e9 komponenty alebo plne integrovan\u00e9 syst\u00e9my. \u00dazko spolupracujeme s na\u0161imi z\u00e1kazn\u00edkmi, aby sme zabezpe\u010dili, \u017ee ka\u017ed\u00e9 rie\u0161enie je nielen efekt\u00edvne, ale aj \u00fa\u010dinn\u00e9, optimalizuj\u00fac v\u00fdkon aj hodnotu. N\u00e1\u0161 z\u00e1v\u00e4zok poskytova\u0165 r\u00fdchle a profesion\u00e1lne odpovede spolu s odborn\u00fdm poradenstvom zabezpe\u010duje, \u017ee s ka\u017edou po\u017eiadavkou sa zaobch\u00e1dza s maxim\u00e1lnou starostlivos\u0165ou a presnos\u0165ou, \u010do vedie k najlep\u0161\u00edm mo\u017en\u00fdm v\u00fdsledkom.<\/p>\n<p>Uprednost\u0148ujeme otvoren\u00fa a nepretr\u017eit\u00fa komunik\u00e1ciu po\u010das cel\u00e9ho procesu v\u00fdvoja produktu. N\u00e1\u0161 \u0161pecializovan\u00fd t\u00edm spolupracuje priamo s klientmi, aby plne pochopil ich \u0161pecifick\u00e9 potreby a pon\u00faka cenn\u00e9 poznatky a odpor\u00fa\u010dania na zabezpe\u010denie optim\u00e1lnych rie\u0161en\u00ed. \u010ci u\u017e navrhujeme inovat\u00edvne produkty alebo pln\u00edme prebiehaj\u00face objedn\u00e1vky, spolo\u010dnos\u0165 FMP sa zav\u00e4zuje dod\u00e1va\u0165 vysokokvalitn\u00e9, prec\u00edzne navrhnut\u00e9 rie\u0161enia v\u010das a v\u017edy. Na\u0161\u00edm cie\u013eom je poskytova\u0165 klientom tie najlep\u0161ie slu\u017eby a v\u00fdsledky, ktor\u00e9 pri ka\u017edom projekte prekon\u00e1vaj\u00fa o\u010dak\u00e1vania.<\/p>\n<p>Kvalita je z\u00e1kladn\u00fdm kame\u0148om prev\u00e1dzky spolo\u010dnosti FMP. Dodr\u017eiavame najvy\u0161\u0161ie v\u00fdrobn\u00e9 \u0161tandardy a zav\u00e1dzame pr\u00edsne opatrenia na kontrolu kvality, aby sme zabezpe\u010dili, \u017ee ka\u017ed\u00fd produkt nielen sp\u013a\u0148a, ale aj prekon\u00e1va priemyseln\u00e9 \u0161tandardy. Tento neochvejn\u00fd z\u00e1v\u00e4zok ku kvalite v kombin\u00e1cii s na\u0161imi z\u00e1kladn\u00fdmi hodnotami integrity, t\u00edmovej pr\u00e1ce a vytrvalosti n\u00e1m umo\u017enil vybudova\u0165 si dlhodob\u00e9 vz\u0165ahy zalo\u017een\u00e9 na d\u00f4vere s klientmi v takmer 30 krajin\u00e1ch sveta.<\/p>\n<p>Spolo\u010dnos\u0165 FMP je v\u017edy otvoren\u00e1 podpore glob\u00e1lnych partnerstiev a na\u010falej sa venuje poskytovaniu odborn\u00e9ho poradenstva a rie\u0161en\u00ed na mieru, ktor\u00e9 sp\u013a\u0148aj\u00fa rozmanit\u00e9 potreby na\u0161ich klientov. Ideme nad r\u00e1mec len dod\u00e1vania produktov; sna\u017e\u00edme sa budova\u0165 trval\u00e9 vz\u0165ahy, ktor\u00e9 prispievaj\u00fa k \u00faspechu ka\u017ed\u00e9ho projektu. \u010ci u\u017e potrebujete inovat\u00edvne rie\u0161enia pre nov\u00fa iniciat\u00edvu alebo priebe\u017en\u00fa podporu pre existuj\u00faci syst\u00e9m, FMP je tu, aby sa vysporiadala s va\u0161imi technick\u00fdmi v\u00fdzvami a zabezpe\u010dila v\u00e1\u0161 trval\u00fd \u00faspech.<\/p>\n<p><img loading=\"lazy\" decoding=\"async\" class=\"alignnone size-full wp-image-1861\" src=\"https:\/\/fmp-components.com\/wp-content\/uploads\/2024\/12\/Other-Agricultural-Gearboxes.webp\" sizes=\"(min-width: 0px) and (max-width: 480px) 480px, (min-width: 481px) and (max-width: 980px) 980px, (min-width: 981px) 1200px, 100vw\" srcset=\"https:\/\/fmp-components.com\/wp-content\/uploads\/2024\/12\/Other-Agricultural-Gearboxes.webp 1200w, https:\/\/fmp-components.com\/wp-content\/uploads\/2024\/12\/Other-Agricultural-Gearboxes-980x1143.webp 980w, https:\/\/fmp-components.com\/wp-content\/uploads\/2024\/12\/Other-Agricultural-Gearboxes-480x560.webp 480w\" alt=\"Altri-cambi-agricoli\" width=\"1200\" height=\"1400\" title=\"\"><\/p>\n<p>Autor: CX<\/p>","protected":false},"excerpt":{"rendered":"<p>Square Baler Gearbox FMP-FK270 Dimensions Square Baler Gearbox FMP-FK270 Shaft Dimensions Square Baler Gearbox FMP-FK270 Technical Data i Suitable Rpm input Rpm output KW(Nom) KW(Max) Toothing r\/min r\/min hp hp Decelerate 1:1 Square Baler, etc 540 540 120 140 Gleason Straight Teeth Remark: If you have any special require feel free let me know, we [&hellip;]<\/p>","protected":false},"featured_media":2600,"comment_status":"open","ping_status":"closed","template":"","meta":{"_et_pb_use_builder":"","_et_pb_old_content":"","_et_gb_content_width":""},"product_brand":[],"product_cat":[62],"product_tag":[],"class_list":{"0":"post-2597","1":"product","2":"type-product","3":"status-publish","4":"has-post-thumbnail","6":"product_cat-square-baler-gearbox","8":"first","9":"instock","10":"shipping-taxable","11":"product-type-simple"},"_links":{"self":[{"href":"https:\/\/fmp-components.com\/sk\/wp-json\/wp\/v2\/product\/2597","targetHints":{"allow":["GET"]}}],"collection":[{"href":"https:\/\/fmp-components.com\/sk\/wp-json\/wp\/v2\/product"}],"about":[{"href":"https:\/\/fmp-components.com\/sk\/wp-json\/wp\/v2\/types\/product"}],"replies":[{"embeddable":true,"href":"https:\/\/fmp-components.com\/sk\/wp-json\/wp\/v2\/comments?post=2597"}],"wp:featuredmedia":[{"embeddable":true,"href":"https:\/\/fmp-components.com\/sk\/wp-json\/wp\/v2\/media\/2600"}],"wp:attachment":[{"href":"https:\/\/fmp-components.com\/sk\/wp-json\/wp\/v2\/media?parent=2597"}],"wp:term":[{"taxonomy":"product_brand","embeddable":true,"href":"https:\/\/fmp-components.com\/sk\/wp-json\/wp\/v2\/product_brand?post=2597"},{"taxonomy":"product_cat","embeddable":true,"href":"https:\/\/fmp-components.com\/sk\/wp-json\/wp\/v2\/product_cat?post=2597"},{"taxonomy":"product_tag","embeddable":true,"href":"https:\/\/fmp-components.com\/sk\/wp-json\/wp\/v2\/product_tag?post=2597"}],"curies":[{"name":"pracovn\u00fd list","href":"https:\/\/api.w.org\/{rel}","templated":true}]}}