{"id":2590,"date":"2025-01-03T01:47:42","date_gmt":"2025-01-03T01:47:42","guid":{"rendered":"https:\/\/fmp-components.com\/?page_id=8"},"modified":"2025-01-03T01:50:37","modified_gmt":"2025-01-03T01:50:37","slug":"square-baler-gearbox-fmp-fk263","status":"publish","type":"product","link":"https:\/\/fmp-components.com\/sk\/product\/square-baler-gearbox-fmp-fk263\/","title":{"rendered":"Prevodovka hranat\u00e9ho bal\u00edkova\u010da FMP-FK263"},"content":{"rendered":"<p><img loading=\"lazy\" decoding=\"async\" class=\"size-full wp-image-2595 aligncenter\" src=\"https:\/\/fmp-components.com\/wp-content\/uploads\/2025\/01\/Square-Baler-Gearbox-EP-FK2631.webp\" alt=\"Prevodovka EP-FK263 pre hranat\u00fd lis\" width=\"600\" height=\"600\" title=\"\" srcset=\"https:\/\/fmp-components.com\/wp-content\/uploads\/2025\/01\/Square-Baler-Gearbox-EP-FK2631.webp 600w, https:\/\/fmp-components.com\/wp-content\/uploads\/2025\/01\/Square-Baler-Gearbox-EP-FK2631-480x480.webp 480w\" sizes=\"(min-width: 0px) and (max-width: 480px) 480px, (min-width: 481px) 600px, 100vw\" \/><\/p>\n<h2>Rozmery prevodovky lisu na hranat\u00e9 bal\u00edky FMP-FK263<\/h2>\n<p><img loading=\"lazy\" decoding=\"async\" class=\"alignnone size-full wp-image-2591\" src=\"https:\/\/fmp-components.com\/wp-content\/uploads\/2025\/01\/Square-Baler-Gearbox-EP-FK263-Dimensions.webp\" alt=\"Prevodovka lisu na hranat\u00e9 bal\u00edky FMP FK263 - Rozmery\" width=\"1456\" height=\"890\" title=\"\" srcset=\"https:\/\/fmp-components.com\/wp-content\/uploads\/2025\/01\/Square-Baler-Gearbox-EP-FK263-Dimensions.webp 1456w, https:\/\/fmp-components.com\/wp-content\/uploads\/2025\/01\/Square-Baler-Gearbox-EP-FK263-Dimensions-1280x782.webp 1280w, https:\/\/fmp-components.com\/wp-content\/uploads\/2025\/01\/Square-Baler-Gearbox-EP-FK263-Dimensions-980x599.webp 980w, https:\/\/fmp-components.com\/wp-content\/uploads\/2025\/01\/Square-Baler-Gearbox-EP-FK263-Dimensions-480x293.webp 480w\" sizes=\"(min-width: 0px) and (max-width: 480px) 480px, (min-width: 481px) and (max-width: 980px) 980px, (min-width: 981px) and (max-width: 1280px) 1280px, (min-width: 1281px) 1456px, 100vw\" \/> <img loading=\"lazy\" decoding=\"async\" class=\"alignnone size-full wp-image-2592\" src=\"https:\/\/fmp-components.com\/wp-content\/uploads\/2025\/01\/Square-Baler-Gearbox-EP-FK263-Shaft-Dimensions.webp\" alt=\"Rozmery prevodovky hriade\u013ea lisu na hranat\u00e9 bal\u00edky FMP FK263\" width=\"1370\" height=\"414\" title=\"\" srcset=\"https:\/\/fmp-components.com\/wp-content\/uploads\/2025\/01\/Square-Baler-Gearbox-EP-FK263-Shaft-Dimensions.webp 1370w, https:\/\/fmp-components.com\/wp-content\/uploads\/2025\/01\/Square-Baler-Gearbox-EP-FK263-Shaft-Dimensions-1280x387.webp 1280w, https:\/\/fmp-components.com\/wp-content\/uploads\/2025\/01\/Square-Baler-Gearbox-EP-FK263-Shaft-Dimensions-980x296.webp 980w, https:\/\/fmp-components.com\/wp-content\/uploads\/2025\/01\/Square-Baler-Gearbox-EP-FK263-Shaft-Dimensions-480x145.webp 480w\" sizes=\"(min-width: 0px) and (max-width: 480px) 480px, (min-width: 481px) and (max-width: 980px) 980px, (min-width: 981px) and (max-width: 1280px) 1280px, (min-width: 1281px) 1370px, 100vw\" \/><\/p>\n<h2>Technick\u00e9 \u00fadaje prevodovky lisu na hranat\u00e9 bal\u00edky FMP-FK263<\/h2>\n<table style=\"width: 100.066%; height: 144px;\" border=\"1\" cellspacing=\"0\" cellpadding=\"0\">\n<tbody>\n<tr>\n<td colspan=\"2\" rowspan=\"2\">ja<\/td>\n<td rowspan=\"2\">Vhodn\u00e9<\/td>\n<td>Vstup ot\u00e1\u010dok<\/td>\n<td>V\u00fdstupn\u00e9 ot\u00e1\u010dky<\/td>\n<td>kW (nomin\u00e1lny)<\/td>\n<td>kW (max.)<\/td>\n<td rowspan=\"2\">Prerez\u00e1vanie zubov<\/td>\n<\/tr>\n<tr>\n<td>ot.\/min.<\/td>\n<td>ot.\/min.<\/td>\n<td>hp<\/td>\n<td>hp<\/td>\n<\/tr>\n<tr>\n<td>Zv\u00fd\u0161enie r\u00fdchlosti<\/td>\n<td>1:2.69<\/td>\n<td>Lis na hranat\u00e9 bal\u00edky at\u010f.<\/td>\n<td>760<\/td>\n<td>2045<\/td>\n<td>180<\/td>\n<td>250<\/td>\n<td>Gleason Straight<br \/>\nZuby<\/td>\n<\/tr>\n<tr>\n<td colspan=\"8\">Pozn\u00e1mka: Ak m\u00e1te nejak\u00e9 \u0161peci\u00e1lne po\u017eiadavky, nev\u00e1hajte mi da\u0165 vedie\u0165, akceptujeme aj z\u00e1kazku.<\/td>\n<\/tr>\n<\/tbody>\n<\/table>\n<h2>Ako funguje prevodovka hranat\u00e9ho bal\u00edkova\u010da FMP-FK263?<\/h2>\n<p>Prevodovka lisu na hranat\u00e9 bal\u00edky FMP-FK263 zohr\u00e1va k\u013e\u00fa\u010dov\u00fa \u00falohu v efekt\u00edvnej prev\u00e1dzke lisu na hranat\u00e9 bal\u00edky t\u00fdm, \u017ee pren\u00e1\u0161a v\u00fdkon z v\u00fdvodov\u00e9ho hriade\u013ea traktora do r\u00f4znych mechanick\u00fdch syst\u00e9mov lisu, \u010do mu umo\u017e\u0148uje vykon\u00e1va\u0165 potrebn\u00e9 funkcie zhroma\u017e\u010fovania, stl\u00e1\u010dania a viazania materi\u00e1lov do bal\u00edkov. Tu je preh\u013ead o tom, ako prevodovka FMP-FK263 funguje v procese lisovania:<\/p>\n<p><strong>Prenos v\u00fdkonu z v\u00fdvodov\u00e9ho hriade\u013ea<\/strong><\/p>\n<ul>\n<li>Ten\/T\u00e1\/To <strong>Prevodovka FMP-FK263<\/strong> je poh\u00e1\u0148an\u00fd v\u00fdvodov\u00fdm hriade\u013eom traktora. V\u00fdvodov\u00fd hriade\u013e pren\u00e1\u0161a rota\u010dn\u00fa silu z motora traktora do prevodovky, ktor\u00e1 sa zvy\u010dajne nach\u00e1dza na lise.<\/li>\n<li>Ten\/T\u00e1\/To <strong>vstupn\u00fd hriade\u013e<\/strong> prevodovky prij\u00edma t\u00fato energiu a iniciuje pohyb cez prevodovku.<\/li>\n<\/ul>\n<p><strong>Vn\u00fatorn\u00fd mechanizmus prevodovky<\/strong><\/p>\n<ul>\n<li>Prevodovka obsahuje s\u00e9riu ozuben\u00fdch kolies, vr\u00e1tane \u010deln\u00fdch ozuben\u00fdch kolies, ku\u017ee\u013eov\u00fdch ozuben\u00fdch kolies a plan\u00e9tov\u00fdch ozuben\u00fdch kolies (v z\u00e1vislosti od kon\u0161trukcie), ktor\u00e9 pren\u00e1\u0161aj\u00fa rota\u010dn\u00fd pohyb zo vstupn\u00e9ho hriade\u013ea na v\u00fdstupn\u00fd hriade\u013e.<\/li>\n<li><strong>Ku\u017ee\u013eov\u00e9 ozuben\u00e9 koles\u00e1<\/strong> m\u00f4\u017eu sa pou\u017ei\u0165 na zmenu smeru toku v\u00fdkonu, zatia\u013e \u010do \u010deln\u00e9 ozuben\u00e9 koles\u00e1 zabezpe\u010duj\u00fa priamy prenos kr\u00fatiaceho momentu. Tieto ozuben\u00e9 koles\u00e1 s\u00fa navrhnut\u00e9 tak, aby zvl\u00e1dali vysok\u00e9 kr\u00fatiace momenty a zabezpe\u010dovali plynul\u00fd a spo\u013eahliv\u00fd prenos v\u00fdkonu.<\/li>\n<li>V <strong>FMP-FK263<\/strong>Usporiadanie prevodov je \u0161peci\u00e1lne navrhnut\u00e9 tak, aby udr\u017eiavalo optim\u00e1lnu r\u00fdchlos\u0165 a kr\u00fatiaci moment, \u010d\u00edm sa zabezpe\u010d\u00ed, \u017ee lis pracuje na spr\u00e1vnej \u00farovni v\u00fdkonu pri lisovan\u00ed materi\u00e1lov, ako je seno, slama alebo zvy\u0161ky plod\u00edn.<\/li>\n<\/ul>\n<p>Nastavenie r\u00fdchlosti a kr\u00fatiaceho momentu<\/p>\n<ul>\n<li>Prevodovka upravuje r\u00fdchlos\u0165 ot\u00e1\u010dania a kr\u00fatiaci moment z v\u00fdvodov\u00e9ho hriade\u013ea tak, aby vyhovoval \u0161pecifick\u00fdm po\u017eiadavk\u00e1m procesu lisovania.<\/li>\n<li>Napr\u00edklad mechanizmus na zn\u00ed\u017eenie r\u00fdchlosti v prevodovke m\u00f4\u017ee zabezpe\u010di\u0165, aby sa valce a \u010fal\u0161ie komponenty lisu ot\u00e1\u010dali vhodnou r\u00fdchlos\u0165ou pre efekt\u00edvne zhut\u0148ovanie materi\u00e1lu a tvorbu bal\u00edkov.<\/li>\n<li>V niektor\u00fdch pr\u00edpadoch m\u00f4\u017ee by\u0165 prevodovka vybaven\u00e1 syst\u00e9mom redukcie prevodov\u00e9ho stup\u0148a, ktor\u00fd zni\u017euje vysok\u00fa r\u00fdchlos\u0165 z v\u00fdvodov\u00e9ho hriade\u013ea na pomal\u0161iu a kontrolovanej\u0161iu r\u00fdchlos\u0165 mechanizmov lisu.<\/li>\n<\/ul>\n<p>Prenos energie do prev\u00e1dzkov\u00fdch komponentov<\/p>\n<ul>\n<li>Ten\/T\u00e1\/To <strong>v\u00fdstupn\u00fd hriade\u013e<\/strong> prevodovky pren\u00e1\u0161a spracovan\u00fd v\u00fdkon do opera\u010dn\u00fdch syst\u00e9mov lisu na hranat\u00e9 bal\u00edky, ako napr\u00edklad:\n<ul>\n<li><strong>Zbern\u00fd mechanizmus<\/strong>Zber \u00farody z po\u013ea.<\/li>\n<li><strong>Syst\u00e9m k\u0155menia<\/strong>Na priv\u00e1dzanie zozbieran\u00e9ho materi\u00e1lu do kompresnej komory.<\/li>\n<li><strong>Kompresn\u00e9 valce<\/strong>Zhutni\u0165 materi\u00e1l do po\u017eadovanej ve\u013ekosti bal\u00edka.<\/li>\n<li><strong>Syst\u00e9m uzlov<\/strong>Zviaza\u0165 bal\u00edky po ich vyformovan\u00ed.<\/li>\n<\/ul>\n<\/li>\n<li>V z\u00e1vislosti od kon\u0161trukcie lisu m\u00f4\u017ee prevodovka poh\u00e1\u0148a\u0165 aj \u010fal\u0161ie funkcie, ako s\u00fa hydraulick\u00e9 syst\u00e9my alebo dopravn\u00edkov\u00fd syst\u00e9m lisu.<\/li>\n<\/ul>\n<h3>K\u013e\u00fa\u010dov\u00e9 vlastnosti prevodovky lisu na hranat\u00e9 bal\u00edky FMP-FK263:<\/h3>\n<ul>\n<li><strong>Vysok\u00fd kr\u00fatiaci moment<\/strong>Prevodovka je navrhnut\u00e1 tak, aby zvl\u00e1dala vysok\u00e9 po\u017eiadavky na kr\u00fatiaci moment lisov na hranat\u00e9 bal\u00edky.<\/li>\n<li><strong>Efekt\u00edvny prenos energie<\/strong>Zais\u0165uje plynul\u00fd a efekt\u00edvny prenos v\u00fdkonu z v\u00fdvodov\u00e9ho hriade\u013ea na lisovacie mechanizmy.<\/li>\n<li><strong>Trvanlivos\u0165<\/strong>Vyroben\u00e9 z robustn\u00fdch materi\u00e1lov, ktor\u00e9 zvl\u00e1dnu \u0165a\u017ek\u00e9 bremen\u00e1 a n\u00e1ro\u010dn\u00e9 podmienky typick\u00e9 pre po\u013enohospod\u00e1rske prev\u00e1dzky.<\/li>\n<li><strong>Mo\u017enosti prisp\u00f4sobenia<\/strong>M\u00f4\u017ee by\u0165 prisp\u00f4soben\u00fd r\u00f4znym bal\u00edkovac\u00edm strojom s r\u00f4znymi po\u017eiadavkami na v\u00fdkon a funkciami.<\/li>\n<li><strong>Mazanie a chladenie<\/strong>Integrovan\u00e9 syst\u00e9my na udr\u017eanie prev\u00e1dzkovej \u00fa\u010dinnosti a zabr\u00e1nenie prehriatiu.<\/li>\n<\/ul>\n<p>Prevodovka pre hranat\u00fd lis FMP-FK263 funguje tak, \u017ee premie\u0148a vysokor\u00fdchlostn\u00fd rota\u010dn\u00fd v\u00fdkon z v\u00fdvodov\u00e9ho hriade\u013ea traktora na kontrolovan\u00fd, vyu\u017eite\u013en\u00fd v\u00fdkon, ktor\u00fd poh\u00e1\u0148a r\u00f4zne komponenty lisu. Zais\u0165uje, \u017ee proces bal\u00edkovania \u2013 \u010di u\u017e ide o seno, slamu alebo in\u00e9 materi\u00e1ly \u2013 je efekt\u00edvny, plynul\u00fd a spo\u013eahliv\u00fd a dod\u00e1va vysokokvalitn\u00e9 bal\u00edky v\u010das. Kon\u0161trukcia prevodovky uprednost\u0148uje odolnos\u0165, \u00fa\u010dinnos\u0165 a optim\u00e1lne rozlo\u017eenie v\u00fdkonu, v\u010faka \u010domu je nevyhnutnou s\u00fa\u010das\u0165ou vysokov\u00fdkonn\u00fdch bal\u00edkovac\u00edch strojov.<\/p>\n<p><img loading=\"lazy\" decoding=\"async\" class=\"alignnone size-full wp-image-2596\" src=\"https:\/\/fmp-components.com\/wp-content\/uploads\/2025\/01\/FMP-FK215-Square-Baler-Gearbox-Applications-2.webp\" alt=\"Prevodovka pre hranat\u00fd lis FMP-FK215 \u2013 Aplik\u00e1cie\" width=\"980\" height=\"483\" title=\"\" srcset=\"https:\/\/fmp-components.com\/wp-content\/uploads\/2025\/01\/FMP-FK215-Square-Baler-Gearbox-Applications-2.webp 980w, https:\/\/fmp-components.com\/wp-content\/uploads\/2025\/01\/FMP-FK215-Square-Baler-Gearbox-Applications-2-480x237.webp 480w\" sizes=\"(min-width: 0px) and (max-width: 480px) 480px, (min-width: 481px) 980px, 100vw\" \/><\/p>\n<article class=\"w-full scroll-mb-[var(--thread-trailing-height,150px)] text-token-text-primary focus-visible:outline-2 focus-visible:outline-offset-[-4px]\" dir=\"auto\" data-testid=\"conversation-turn-12\" data-scroll-anchor=\"false\">\n<div class=\"m-auto text-base py-[18px] px-3 md:px-4 w-full md:px-5 lg:px-4 xl:px-5\">\n<div class=\"mx-auto flex flex-1 gap-4 text-base md:gap-5 lg:gap-6 md:max-w-3xl lg:max-w-[40rem] xl:max-w-[48rem]\">\n<div class=\"group\/conversation-turn relative flex w-full min-w-0 flex-col\">\n<div class=\"flex-col gap-1 md:gap-3\">\n<div class=\"flex max-w-full flex-col flex-grow\">\n<div class=\"min-h-8 text-message flex w-full flex-col items-end gap-2 whitespace-normal break-words text-start [.text-message+&amp;]:mt-5\" dir=\"auto\" data-message-author-role=\"user\" data-message-id=\"aaa2e9bf-cefc-4209-a50b-03bfd714e422\">\n<div class=\"flex w-full flex-col gap-1 empty:hidden items-end rtl:items-start\">\n<div class=\"relative max-w-[var(--user-chat-width,70%)] rounded-3xl bg-token-message-surface px-5 py-2.5\">\n<h2 class=\"whitespace-pre-wrap\">Prevodovka \u0161tvorcov\u00e9ho bal\u00edkova\u010da FMP-FK263 pre po\u013enohospod\u00e1rske \u00fa\u010dely<\/h2>\n<p>Prevodovka pre hranat\u00e9 bal\u00edkovacie lisy FMP-FK263 je z\u00e1kladn\u00fdm komponentom po\u013enohospod\u00e1rskych bal\u00edkovac\u00edch strojov, \u0161peci\u00e1lne navrhnut\u00fdm na zabezpe\u010denie spo\u013eahliv\u00e9ho a vysokov\u00fdkonn\u00e9ho prenosu v\u00fdkonu pre hranat\u00e9 bal\u00edkovacie lisy. T\u00e1to prevodovka je skon\u0161truovan\u00e1 tak, aby zvl\u00e1dla n\u00e1ro\u010dn\u00e9 po\u017eiadavky modern\u00e9ho po\u013enohospod\u00e1rstva a zabezpe\u010dila efekt\u00edvny, konzistentn\u00fd a odoln\u00fd proces bal\u00edkovania. Ni\u017e\u0161ie s\u00fa uveden\u00e9 k\u013e\u00fa\u010dov\u00e9 detaily a v\u00fdhody prevodovky pre hranat\u00e9 bal\u00edkovacie lisy FMP-FK263 pre po\u013enohospod\u00e1rske aplik\u00e1cie:<\/p>\n<h3>K\u013e\u00fa\u010dov\u00e9 vlastnosti prevodovky lisu na hranat\u00e9 bal\u00edky FMP-FK263:<\/h3>\n<ol>\n<li><strong>Vysok\u00fd kr\u00fatiaci moment<\/strong>\n<ul>\n<li>Ten\/T\u00e1\/To <strong>FMP-FK263<\/strong> Prevodovka je skon\u0161truovan\u00e1 tak, aby zvl\u00e1dala vysok\u00e9 n\u00e1roky na kr\u00fatiaci moment typick\u00e9 pre po\u013enohospod\u00e1rske bal\u00edkovacie oper\u00e1cie. T\u00e1to schopnos\u0165 zabezpe\u010duje, \u017ee lis dok\u00e1\u017ee efekt\u00edvne zhutni\u0165 a zviaza\u0165 \u0161irok\u00fa \u0161k\u00e1lu materi\u00e1lov vr\u00e1tane sena, slamy, zvy\u0161kov plod\u00edn a in\u00fdch krmov\u00edn do pevne tvarovan\u00fdch bal\u00edkov.<\/li>\n<\/ul>\n<\/li>\n<li><strong>Efekt\u00edvny prenos v\u00fdkonu<\/strong>\n<ul>\n<li>Je ur\u010den\u00fd na prenos v\u00fdkonu z v\u00fdvodov\u00e9ho hriade\u013ea traktora do r\u00f4znych mechanick\u00fdch syst\u00e9mov lisu. <strong>FMP-FK263<\/strong> zais\u0165uje plynul\u00fd a efekt\u00edvny tok v\u00fdkonu. Prevodovka zabezpe\u010duje, \u017ee zbern\u00fd mechanizmus lisu, pod\u00e1vac\u00ed syst\u00e9m, kompresn\u00e1 komora a uz\u013eovac\u00ed syst\u00e9m s\u00fa efekt\u00edvne poh\u00e1\u0148an\u00e9 pre optim\u00e1lny v\u00fdkon.<\/li>\n<\/ul>\n<\/li>\n<li><strong>Trvanlivos\u0165 a dlh\u00e1 \u017eivotnos\u0165<\/strong>\n<ul>\n<li>Prevodovka je vyroben\u00e1 z vysokopevnostn\u00fdch a odoln\u00fdch materi\u00e1lov, ktor\u00e9 zaru\u010duj\u00fa, \u017ee odol\u00e1 n\u00e1ro\u010dn\u00fdm podmienkam po\u013enohospod\u00e1rskeho prostredia. Je skon\u0161truovan\u00e1 tak, aby odolala vysok\u00e9mu kr\u00fatiacemu momentu, \u010dast\u00e9mu pou\u017e\u00edvaniu a vystaveniu prachu, vlhkosti a in\u00fdm v\u00fdzvam, ktor\u00e9 sa na poli vyskytuj\u00fa.<\/li>\n<li>Jeho robustn\u00e1 kon\u0161trukcia zaru\u010duje dlhotrvaj\u00faci v\u00fdkon, \u010d\u00edm sa zni\u017euje frekvencia opr\u00e1v a n\u00e1klady na \u00fadr\u017ebu.<\/li>\n<\/ul>\n<\/li>\n<li><strong>Presn\u00fd dizajn ozuben\u00fdch kolies<\/strong>\n<ul>\n<li>Ten\/T\u00e1\/To <strong>FMP-FK263<\/strong> Prevodovka je vybaven\u00e1 prec\u00edzne navrhnut\u00fdmi ozuben\u00fdmi kolesami, ako napr\u00edklad <strong>\u010deln\u00e9 ozuben\u00e9 koles\u00e1<\/strong>, <strong>ku\u017ee\u013eov\u00e9 ozuben\u00e9 koles\u00e1<\/strong>a pr\u00edpadne <strong>plan\u00e9tov\u00e9 prevody<\/strong>, navrhnut\u00fd tak, aby zvl\u00e1dol vysok\u00e9 za\u0165a\u017eenie a r\u00fdchlosti potrebn\u00e9 pre po\u013enohospod\u00e1rske lisy. Starostliv\u00e1 kon\u0161trukcia zais\u0165uje plynul\u00fa prev\u00e1dzku s minim\u00e1lnym hlukom a vibr\u00e1ciami, \u010do prispieva k efekt\u00edvnej\u0161iemu a pohodlnej\u0161iemu pracovn\u00e9mu prostrediu.<\/li>\n<\/ul>\n<\/li>\n<li><strong>Prisp\u00f4sobite\u013en\u00e9 mo\u017enosti<\/strong>\n<ul>\n<li>Ten\/T\u00e1\/To <strong>FMP-FK263<\/strong> Prevodovku je mo\u017en\u00e9 prisp\u00f4sobi\u0165 r\u00f4znym modelom lisov a \u0161pecifick\u00fdm po\u013enohospod\u00e1rskym potreb\u00e1m. \u010ci u\u017e bal\u00edkujete seno, slamu alebo in\u00e9 krmivo, prevodovku je mo\u017en\u00e9 prisp\u00f4sobi\u0165 r\u00f4znym konfigur\u00e1ci\u00e1m, \u010do pom\u00e1ha optimalizova\u0165 v\u00fdkon lisu pod\u013ea typu materi\u00e1lu a po\u013en\u00fdch podmienok.<\/li>\n<\/ul>\n<\/li>\n<\/ol>\n<p>Prevodovka pre hranat\u00fd lis FMP-FK263 je neoddelite\u013enou s\u00fa\u010das\u0165ou po\u013enohospod\u00e1rskych bal\u00edkovac\u00edch zariaden\u00ed a pon\u00faka robustn\u00e9 a vysoko v\u00fdkonn\u00e9 rie\u0161enie pre hranat\u00e9 bal\u00edkovacie lisy. V\u010faka svojej schopnosti zvl\u00e1da\u0165 vysok\u00fd kr\u00fatiaci moment, efekt\u00edvne pren\u00e1\u0161a\u0165 v\u00fdkon a odol\u00e1va\u0165 drsn\u00fdm podmienkam po\u013enohospod\u00e1rskeho prostredia je d\u00f4veryhodnou vo\u013ebou pre po\u013enohospod\u00e1rov na celom svete. \u010ci u\u017e sa pou\u017e\u00edva na seno, slamu, sil\u00e1\u017e alebo zvy\u0161ky plod\u00edn, prevodovka FMP-FK263 pom\u00e1ha zabezpe\u010di\u0165 efekt\u00edvne dokon\u010denie procesu bal\u00edkovania s vysoko kvalitn\u00fdmi v\u00fdsledkami a minim\u00e1lnymi prestojmi.<\/p>\n<table style=\"border-collapse: collapse; width: 101.391%; height: 36px;\" border=\"0\" width=\"128\" cellspacing=\"0\" cellpadding=\"0\">\n<tbody>\n<tr style=\"height: 13.8pt;\">\n<td style=\"height: 13.8pt; width: 48pt;\" align=\"right\" width=\"64\" height=\"18\"><img loading=\"lazy\" decoding=\"async\" class=\"alignnone size-full wp-image-2593\" src=\"https:\/\/fmp-components.com\/wp-content\/uploads\/2025\/01\/Square-Baler-Gearbox-EP-FK263-Agricultural-Applications-21.webp\" alt=\"Prevodovka EP-FK263 pre po\u013enohospod\u00e1rske aplik\u00e1cie pre hranat\u00e9 bal\u00edky\" width=\"980\" height=\"569\" title=\"\" srcset=\"https:\/\/fmp-components.com\/wp-content\/uploads\/2025\/01\/Square-Baler-Gearbox-EP-FK263-Agricultural-Applications-21.webp 980w, https:\/\/fmp-components.com\/wp-content\/uploads\/2025\/01\/Square-Baler-Gearbox-EP-FK263-Agricultural-Applications-21-480x279.webp 480w\" sizes=\"(min-width: 0px) and (max-width: 480px) 480px, (min-width: 481px) 980px, 100vw\" \/><\/td>\n<td style=\"width: 48pt;\" align=\"right\" width=\"64\"><img loading=\"lazy\" decoding=\"async\" class=\"alignnone size-full wp-image-2594\" src=\"https:\/\/fmp-components.com\/wp-content\/uploads\/2025\/01\/Square-Baler-Gearbox-EP-FK263-Agricultural-Applications-11.webp\" alt=\"Prevodovka EP-FK263 pre po\u013enohospod\u00e1rske aplik\u00e1cie pre hranat\u00e9 bal\u00edky\" width=\"980\" height=\"569\" title=\"\" srcset=\"https:\/\/fmp-components.com\/wp-content\/uploads\/2025\/01\/Square-Baler-Gearbox-EP-FK263-Agricultural-Applications-11.webp 980w, https:\/\/fmp-components.com\/wp-content\/uploads\/2025\/01\/Square-Baler-Gearbox-EP-FK263-Agricultural-Applications-11-480x279.webp 480w\" sizes=\"(min-width: 0px) and (max-width: 480px) 480px, (min-width: 481px) 980px, 100vw\" \/><\/td>\n<\/tr>\n<\/tbody>\n<\/table>\n<div class=\"absolute bottom-0 right-full top-0 -mr-3.5 hidden pr-5 pt-1 [.group\\\/conversation-turn:hover_&amp;]:block\">\n<h2>O FMP<\/h2>\n<p>Spolo\u010dnos\u0165 FMP so s\u00eddlom v Taliansku je popredn\u00fdm v\u00fdrobcom zn\u00e1mym svojimi odborn\u00fdmi znalos\u0165ami v oblasti n\u00e1vrhu, v\u00fdvoja a v\u00fdroby vysokov\u00fdkonn\u00fdch prevodoviek so siln\u00fdm zameran\u00edm na sektor po\u013enohospod\u00e1rskych strojov. V\u010faka reput\u00e1cii v oblasti presn\u00e9ho in\u017einierstva, inovat\u00edvnych rie\u0161en\u00ed a neochvejnej spo\u013eahlivosti si spolo\u010dnos\u0165 FMP z\u00edskala d\u00f4veru v po\u013enohospod\u00e1rskom aj priemyselnom sektore. Na\u0161e rozsiahle produktov\u00e9 portf\u00f3lio zah\u0155\u0148a \u0161pecializovan\u00e9 prevodovky pre kosa\u010dky na tr\u00e1vu, v\u00fdvodov\u00e9 hriadele a \u010fal\u0161ie kritick\u00e9 komponenty, pri\u010dom v\u0161etky s\u00fa starostlivo navrhnut\u00e9 tak, aby poskytovali rie\u0161enia na mieru v \u0161irokej \u0161k\u00e1le aplik\u00e1ci\u00ed.<\/p>\n<p>V spolo\u010dnosti FMP si uvedomujeme, \u017ee ka\u017ed\u00fd klient m\u00e1 jedine\u010dn\u00e9 po\u017eiadavky a v\u00fdzvy. Preto sa \u0161pecializujeme na poskytovanie rie\u0161en\u00ed na mieru, \u010di u\u017e ide o jednotliv\u00e9 komponenty alebo plne integrovan\u00e9 syst\u00e9my. \u00dazko spolupracujeme s na\u0161imi klientmi, aby sme zabezpe\u010dili, \u017ee ka\u017ed\u00e9 rie\u0161enie je nielen efekt\u00edvne, ale aj \u00fa\u010dinn\u00e9, maximalizuj\u00fac v\u00fdkon aj hodnotu. N\u00e1\u0161 z\u00e1v\u00e4zok poskytova\u0165 r\u00fdchle a profesion\u00e1lne odpovede v kombin\u00e1cii s odborn\u00fdm poradenstvom zabezpe\u010duje, \u017ee ka\u017ed\u00e1 ot\u00e1zka je rie\u0161en\u00e1 s presnos\u0165ou a starostlivos\u0165ou, \u010do vedie k najlep\u0161\u00edm mo\u017en\u00fdm v\u00fdsledkom.<\/p>\n<p>Kladieme ve\u013ek\u00fd d\u00f4raz na otvoren\u00fa a priebe\u017en\u00fa komunik\u00e1ciu po\u010das cel\u00e9ho procesu v\u00fdvoja produktov. N\u00e1\u0161 \u0161pecializovan\u00fd t\u00edm spolupracuje priamo s klientmi, aby d\u00f4kladne pochopil ich \u0161pecifick\u00e9 potreby a poskytol im cenn\u00e9 poznatky a odpor\u00fa\u010dania, ktor\u00e9 zaru\u010dia optim\u00e1lne rie\u0161enie. \u010ci u\u017e navrhujeme nov\u00e9 produkty alebo pln\u00edme prebiehaj\u00face objedn\u00e1vky, spolo\u010dnos\u0165 FMP sa zav\u00e4zuje dod\u00e1va\u0165 vysokokvalitn\u00e9, prec\u00edzne navrhnut\u00e9 rie\u0161enia v\u010das a v\u017edy. Na\u0161\u00edm cie\u013eom je prekona\u0165 o\u010dak\u00e1vania a poskytova\u0165 v\u00fdnimo\u010dn\u00e9 slu\u017eby a v\u00fdsledky pri ka\u017edom projekte.<\/p>\n<p>Kvalita je z\u00e1kladn\u00fdm kame\u0148om prev\u00e1dzky spolo\u010dnosti FMP. Dodr\u017eiavame najvy\u0161\u0161ie v\u00fdrobn\u00e9 \u0161tandardy a implementujeme pr\u00edsne opatrenia kontroly kvality, aby sme zabezpe\u010dili, \u017ee ka\u017ed\u00fd produkt sp\u013a\u0148a alebo prekon\u00e1va priemyseln\u00e9 \u0161tandardy. Tento neochvejn\u00fd z\u00e1v\u00e4zok ku kvalite, spolu s na\u0161imi z\u00e1kladn\u00fdmi hodnotami integrity, t\u00edmovej pr\u00e1ce a vytrvalosti, n\u00e1m umo\u017enil vybudova\u0165 si dlhodob\u00e9 vz\u0165ahy zalo\u017een\u00e9 na d\u00f4vere s klientmi v takmer 30 krajin\u00e1ch sveta.<\/p>\n<p>Spolo\u010dnos\u0165 FMP je v\u017edy otvoren\u00e1 podpore glob\u00e1lnych partnerstiev a na\u010falej sa venuje poskytovaniu odborn\u00e9ho poradenstva a rie\u0161en\u00ed na mieru, ktor\u00e9 rie\u0161ia rozmanit\u00e9 potreby na\u0161ich klientov. Ideme nad r\u00e1mec samotn\u00e9ho dod\u00e1vania produktov; sna\u017e\u00edme sa budova\u0165 trval\u00e9 vz\u0165ahy, ktor\u00e9 prispievaj\u00fa k \u00faspechu ka\u017ed\u00e9ho projektu. \u010ci u\u017e potrebujete inovat\u00edvne rie\u0161enia pre nov\u00fa iniciat\u00edvu alebo priebe\u017en\u00fa podporu pre existuj\u00faci syst\u00e9m, FMP je tu, aby vyrie\u0161ila va\u0161e technick\u00e9 v\u00fdzvy a zabezpe\u010dila v\u00e1\u0161 trval\u00fd \u00faspech.<\/p>\n<p><img loading=\"lazy\" decoding=\"async\" class=\"alignnone size-full wp-image-1861\" src=\"https:\/\/fmp-components.com\/wp-content\/uploads\/2024\/12\/Other-Agricultural-Gearboxes.webp\" sizes=\"(min-width: 0px) and (max-width: 480px) 480px, (min-width: 481px) and (max-width: 980px) 980px, (min-width: 981px) 1200px, 100vw\" srcset=\"https:\/\/fmp-components.com\/wp-content\/uploads\/2024\/12\/Other-Agricultural-Gearboxes.webp 1200w, https:\/\/fmp-components.com\/wp-content\/uploads\/2024\/12\/Other-Agricultural-Gearboxes-980x1143.webp 980w, https:\/\/fmp-components.com\/wp-content\/uploads\/2024\/12\/Other-Agricultural-Gearboxes-480x560.webp 480w\" alt=\"Altri-cambi-agricoli\" width=\"1200\" height=\"1400\" title=\"\"><\/p>\n<p>Autor: CX<\/p>\n<\/div>\n<\/div>\n<\/div>\n<\/div>\n<\/div>\n<\/div>\n<\/div>\n<\/div>\n<\/div>\n<\/article>\n<article class=\"w-full scroll-mb-[var(--thread-trailing-height,150px)] text-token-text-primary focus-visible:outline-2 focus-visible:outline-offset-[-4px]\" dir=\"auto\" data-testid=\"conversation-turn-13\" data-scroll-anchor=\"true\">\n<h6 class=\"sr-only\"><\/h6>\n<\/article>","protected":false},"excerpt":{"rendered":"<p>Square Baler Gearbox FMP-FK263 Dimensions Square Baler Gearbox FMP-FK263 Technical Data i Suitable Rpm input Rpm output KW(Nom) KW(Max) Toothing r\/min r\/min hp hp Speed increase 1:2.69 Square Baler, etc 760 2045 180 250 Gleason Straight Teeth Remark: If you have any special require feel free let me know, we also accept custom. How Does [&hellip;]<\/p>","protected":false},"featured_media":2595,"comment_status":"open","ping_status":"closed","template":"","meta":{"_et_pb_use_builder":"","_et_pb_old_content":"","_et_gb_content_width":""},"product_brand":[],"product_cat":[62],"product_tag":[],"class_list":{"0":"post-2590","1":"product","2":"type-product","3":"status-publish","4":"has-post-thumbnail","6":"product_cat-square-baler-gearbox","8":"first","9":"instock","10":"shipping-taxable","11":"product-type-simple"},"_links":{"self":[{"href":"https:\/\/fmp-components.com\/sk\/wp-json\/wp\/v2\/product\/2590","targetHints":{"allow":["GET"]}}],"collection":[{"href":"https:\/\/fmp-components.com\/sk\/wp-json\/wp\/v2\/product"}],"about":[{"href":"https:\/\/fmp-components.com\/sk\/wp-json\/wp\/v2\/types\/product"}],"replies":[{"embeddable":true,"href":"https:\/\/fmp-components.com\/sk\/wp-json\/wp\/v2\/comments?post=2590"}],"wp:featuredmedia":[{"embeddable":true,"href":"https:\/\/fmp-components.com\/sk\/wp-json\/wp\/v2\/media\/2595"}],"wp:attachment":[{"href":"https:\/\/fmp-components.com\/sk\/wp-json\/wp\/v2\/media?parent=2590"}],"wp:term":[{"taxonomy":"product_brand","embeddable":true,"href":"https:\/\/fmp-components.com\/sk\/wp-json\/wp\/v2\/product_brand?post=2590"},{"taxonomy":"product_cat","embeddable":true,"href":"https:\/\/fmp-components.com\/sk\/wp-json\/wp\/v2\/product_cat?post=2590"},{"taxonomy":"product_tag","embeddable":true,"href":"https:\/\/fmp-components.com\/sk\/wp-json\/wp\/v2\/product_tag?post=2590"}],"curies":[{"name":"pracovn\u00fd list","href":"https:\/\/api.w.org\/{rel}","templated":true}]}}