{"id":2559,"date":"2025-01-03T00:49:42","date_gmt":"2025-01-03T00:49:42","guid":{"rendered":"https:\/\/fmp-components.com\/?page_id=8"},"modified":"2025-01-03T00:49:42","modified_gmt":"2025-01-03T00:49:42","slug":"fertilizer-mixer-gearboxes-replacement-of-comer-code-mr-90-11","status":"publish","type":"product","link":"https:\/\/fmp-components.com\/sk\/product\/fertilizer-mixer-gearboxes-replacement-of-comer-code-mr-90-11\/","title":{"rendered":"Prevodovky mie\u0161a\u010diek hnoj\u00edv \u2013 v\u00fdmena Comer Code MR-90 1:1"},"content":{"rendered":"<table style=\"border-collapse: collapse; width: 100.381%; height: 37px;\" border=\"0\" width=\"128\" cellspacing=\"0\" cellpadding=\"0\">\n<tbody>\n<tr style=\"height: 13.8pt;\">\n<td style=\"height: 37px; width: 49.6183%;\" align=\"right\" width=\"64\" height=\"18\"><img loading=\"lazy\" decoding=\"async\" class=\"alignnone size-full wp-image-2577\" src=\"https:\/\/fmp-components.com\/wp-content\/uploads\/2025\/01\/Fertilizer-Mixer-Gearboxes-Replacement-of-Comer-Code-MR-90.webp\" alt=\"V\u00fdmena prevodoviek mie\u0161a\u010diek hnoj\u00edv, k\u00f3d Comer MR-90\" width=\"600\" height=\"600\" title=\"\" srcset=\"https:\/\/fmp-components.com\/wp-content\/uploads\/2025\/01\/Fertilizer-Mixer-Gearboxes-Replacement-of-Comer-Code-MR-90.webp 600w, https:\/\/fmp-components.com\/wp-content\/uploads\/2025\/01\/Fertilizer-Mixer-Gearboxes-Replacement-of-Comer-Code-MR-90-480x480.webp 480w\" sizes=\"(min-width: 0px) and (max-width: 480px) 480px, (min-width: 481px) 600px, 100vw\" \/><\/td>\n<td style=\"width: 571.348%; height: 37px;\" align=\"right\" width=\"64\"><img loading=\"lazy\" decoding=\"async\" class=\"alignnone size-full wp-image-2578\" src=\"https:\/\/fmp-components.com\/wp-content\/uploads\/2025\/01\/Fertilizer-Mixer-Gearboxes-Replacement-of-Comer-Gearbox-MR-90.webp\" alt=\"V\u00fdmena prevodoviek mie\u0161a\u010dky hnoj\u00edv za prevodovku Comer MR-90\" width=\"600\" height=\"600\" title=\"\" srcset=\"https:\/\/fmp-components.com\/wp-content\/uploads\/2025\/01\/Fertilizer-Mixer-Gearboxes-Replacement-of-Comer-Gearbox-MR-90.webp 600w, https:\/\/fmp-components.com\/wp-content\/uploads\/2025\/01\/Fertilizer-Mixer-Gearboxes-Replacement-of-Comer-Gearbox-MR-90-480x480.webp 480w\" sizes=\"(min-width: 0px) and (max-width: 480px) 480px, (min-width: 481px) 600px, 100vw\" \/><\/td>\n<\/tr>\n<\/tbody>\n<\/table>\n<h2>\u0160pecifik\u00e1cie prevodovky mie\u0161a\u010dky hnoj\u00edv MR-90 (1:1)<\/h2>\n<p><img loading=\"lazy\" decoding=\"async\" class=\"alignnone size-full wp-image-2579\" src=\"https:\/\/fmp-components.com\/wp-content\/uploads\/2025\/01\/Fertilizer-Mixer-Gearbox-MR-90-Specifications.webp\" alt=\"\u0160pecifik\u00e1cie prevodovky mie\u0161a\u010dky hnoj\u00edv MR-90\" width=\"1901\" height=\"1075\" title=\"\" srcset=\"https:\/\/fmp-components.com\/wp-content\/uploads\/2025\/01\/Fertilizer-Mixer-Gearbox-MR-90-Specifications.webp 1901w, https:\/\/fmp-components.com\/wp-content\/uploads\/2025\/01\/Fertilizer-Mixer-Gearbox-MR-90-Specifications-1280x724.webp 1280w, https:\/\/fmp-components.com\/wp-content\/uploads\/2025\/01\/Fertilizer-Mixer-Gearbox-MR-90-Specifications-980x554.webp 980w, https:\/\/fmp-components.com\/wp-content\/uploads\/2025\/01\/Fertilizer-Mixer-Gearbox-MR-90-Specifications-480x271.webp 480w\" sizes=\"(min-width: 0px) and (max-width: 480px) 480px, (min-width: 481px) and (max-width: 980px) 980px, (min-width: 981px) and (max-width: 1280px) 1280px, (min-width: 1281px) 1901px, 100vw\" \/><\/p>\n<table class=\"kh-1xzm1su\" border=\"1\" cellspacing=\"0\" cellpadding=\"0\" data-intent=\"lists-product-attributes\" data-test-id=\"attributes-list\">\n<tbody class=\"kh-1ago99h\">\n<tr id=\"alexis#custom#item-id\" class=\"kh-bwvum6\" data-test-id=\"attribute-row\">\n<th class=\"kh-10oizfy\"><strong>Popis produktu<\/strong><\/th>\n<td class=\"kh-1f5nhat\">\n<div class=\"kh-pkx4zo\">Prevodovky mie\u0161a\u010diek hnoj\u00edv \u2013 V\u00fdmena prevodovky Comer MR-90 1:1<\/div>\n<\/td>\n<\/tr>\n<tr id=\"attProductDetails\" class=\"kh-bwvum6\" data-test-id=\"attribute-row\">\n<th class=\"kh-10oizfy\">Detaily produktu<\/th>\n<td class=\"kh-1f5nhat\">\n<ul>\n<li class=\"kh-16zd49f\">Kontaktujte n\u00e1s pre v\u00fdkon pri in\u00fdch ot\u00e1\u010dkach<\/li>\n<li class=\"kh-16zd49f\">Prevodovka sa dod\u00e1va bez oleja a pred prv\u00fdm pou\u017eit\u00edm mus\u00ed by\u0165 naplnen\u00e1.<\/li>\n<li class=\"kh-16zd49f\">Najprv sa olej vymie\u0148a po 50 \u2013 70 prev\u00e1dzkov\u00fdch hodin\u00e1ch, potom po 500 \u2013 700 prev\u00e1dzkov\u00fdch hodin\u00e1ch alebo aspo\u0148 raz ro\u010dne.<\/li>\n<\/ul>\n<\/td>\n<\/tr>\n<tr id=\"attApplicationRange\" class=\"kh-bwvum6\" data-test-id=\"attribute-row\">\n<th class=\"kh-10oizfy\">Rozsah pou\u017eitia<\/th>\n<td class=\"kh-1f5nhat\">\n<ul>\n<li class=\"kh-16zd49f\">R\u00f4zne (po\u013enohospod\u00e1rske) aplik\u00e1cie<\/li>\n<li class=\"kh-16zd49f\">Mie\u0161a\u010dka hnoj\u00edv<\/li>\n<\/ul>\n<\/td>\n<\/tr>\n<tr id=\"attConsistsOf\" class=\"kh-bwvum6\" data-test-id=\"attribute-row\">\n<th class=\"kh-10oizfy\">Pozost\u00e1va z<\/th>\n<td class=\"kh-1f5nhat\">\n<ul>\n<li class=\"kh-16zd49f\">Prevodovka<\/li>\n<li class=\"kh-16zd49f\">Bez oleja<\/li>\n<\/ul>\n<\/td>\n<\/tr>\n<tr id=\"taMaxInputPowerKw\" class=\"kh-bwvum6\" data-test-id=\"attribute-row\">\n<th class=\"kh-10oizfy\">Maxim\u00e1lny vstupn\u00fd v\u00fdkon<\/th>\n<td class=\"kh-1f5nhat\">\n<div class=\"kh-pkx4zo\">62,6 kW<\/div>\n<\/td>\n<\/tr>\n<tr id=\"taMaxOutputTorqueNm_\" class=\"kh-bwvum6\" data-test-id=\"attribute-row\">\n<th class=\"kh-10oizfy\">Maxim\u00e1lny v\u00fdstupn\u00fd kr\u00fatiaci moment<\/th>\n<td class=\"kh-1f5nhat\">\n<div class=\"kh-pkx4zo\">1071 nm<\/div>\n<\/td>\n<\/tr>\n<tr id=\"taMaxOutputTorqueDaNm\" class=\"kh-bwvum6\" data-test-id=\"attribute-row\">\n<th class=\"kh-10oizfy\">Maxim\u00e1lny v\u00fdstupn\u00fd kr\u00fatiaci moment<\/th>\n<td class=\"kh-1f5nhat\">\n<div class=\"kh-pkx4zo\">107,1 daNm<\/div>\n<\/td>\n<\/tr>\n<tr id=\"taContainsOil\" class=\"kh-bwvum6\" data-test-id=\"attribute-row\">\n<th class=\"kh-10oizfy\">Obsahuje olej<\/th>\n<td class=\"kh-1f5nhat\">\n<div class=\"kh-pkx4zo\">Nie<\/div>\n<\/td>\n<\/tr>\n<tr id=\"taMaxOilCapacityL\" class=\"kh-bwvum6\" data-test-id=\"attribute-row\">\n<th class=\"kh-10oizfy\">Maxim\u00e1lny objem oleja<\/th>\n<td class=\"kh-1f5nhat\">\n<div class=\"kh-pkx4zo\">0,8 l<\/div>\n<\/td>\n<\/tr>\n<tr id=\"taMaxOilChangeIntervalH\" class=\"kh-bwvum6\" data-test-id=\"attribute-row\">\n<th class=\"kh-10oizfy\">Maxim\u00e1lny interval v\u00fdmeny oleja<\/th>\n<td class=\"kh-1f5nhat\">\n<div class=\"kh-pkx4zo\">500 hod\u00edn<\/div>\n<\/td>\n<\/tr>\n<tr id=\"taOilSAEViscosityGrade\" class=\"kh-bwvum6\" data-test-id=\"attribute-row\">\n<th class=\"kh-10oizfy\">Stupe\u0148 viskozity oleja SAE<\/th>\n<td class=\"kh-1f5nhat\">\n<div class=\"kh-pkx4zo\">80W-90<\/div>\n<\/td>\n<\/tr>\n<tr id=\"taHousingMaterial_16\" class=\"kh-bwvum6\" data-test-id=\"attribute-row\">\n<th class=\"kh-10oizfy\">Materi\u00e1l krytu<\/th>\n<td class=\"kh-1f5nhat\">\n<div class=\"kh-pkx4zo\">Liatina GG25<\/div>\n<\/td>\n<\/tr>\n<tr id=\"taWeightKg_75\" class=\"kh-bwvum6\" data-test-id=\"attribute-row\">\n<th class=\"kh-10oizfy\">Hmotnos\u0165<\/th>\n<td class=\"kh-1f5nhat\">\n<div class=\"kh-pkx4zo\">27,5 kg<\/div>\n<\/td>\n<\/tr>\n<tr id=\"taGearArrangement\" class=\"kh-bwvum6\" data-test-id=\"attribute-row\">\n<th class=\"kh-10oizfy\">Usporiadanie prevodov<\/th>\n<td class=\"kh-1f5nhat\">\n<div class=\"kh-pkx4zo\">43 &#8211; 44<\/div>\n<\/td>\n<\/tr>\n<tr id=\"taRatio\" class=\"kh-bwvum6\" data-test-id=\"attribute-row\">\n<th class=\"kh-10oizfy\">Pomer<\/th>\n<td class=\"kh-1f5nhat\">\n<div class=\"kh-pkx4zo\">1:1<\/div>\n<\/td>\n<\/tr>\n<tr id=\"taSPLITInputSection\" class=\"kh-bwvum6\" data-test-id=\"attribute-row\">\n<th class=\"kh-10oizfy\">Vstupn\u00e1 sekcia<\/th>\n<td class=\"kh-1f5nhat\">\n<div class=\"kh-pkx4zo\">Y<\/div>\n<\/td>\n<\/tr>\n<tr id=\"taSPLITInputShaft\" class=\"kh-bwvum6\" data-test-id=\"attribute-row\">\n<th class=\"kh-10oizfy\">Vstupn\u00fd hriade\u013e<\/th>\n<td class=\"kh-1f5nhat\">\n<div class=\"kh-pkx4zo\">Y<\/div>\n<\/td>\n<\/tr>\n<tr id=\"taShaftX\" class=\"kh-bwvum6\" data-test-id=\"attribute-row\">\n<th class=\"kh-10oizfy\">Hriade\u013e X<\/th>\n<td class=\"kh-1f5nhat\">\n<div class=\"kh-pkx4zo\">1 3\/8\u2033 (6) (C)<\/div>\n<\/td>\n<\/tr>\n<tr id=\"taShaftY\" class=\"kh-bwvum6\" data-test-id=\"attribute-row\">\n<th class=\"kh-10oizfy\">Hriade\u013e Y<\/th>\n<td class=\"kh-1f5nhat\">\n<div class=\"kh-pkx4zo\">1 3\/8\u2033 (6) (A)<\/div>\n<\/td>\n<\/tr>\n<tr id=\"taShaftZ\" class=\"kh-bwvum6\" data-test-id=\"attribute-row\">\n<th class=\"kh-10oizfy\">Hriade\u013e Z<\/th>\n<td class=\"kh-1f5nhat\">\n<div class=\"kh-pkx4zo\">1 3\/8\u2033 (6) (A)<\/div>\n<\/td>\n<\/tr>\n<\/tbody>\n<\/table>\n<h2>V\u00fdhody prevodovky mie\u0161a\u010dky hnoj\u00edv MR-90 (1:1)<\/h2>\n<p>Prevodovka mie\u0161a\u010dky hnoj\u00edv MR-90 je navrhnut\u00e1 pre optim\u00e1lny v\u00fdkon v po\u013enohospod\u00e1rskych aplik\u00e1ci\u00e1ch, najm\u00e4 pri mie\u0161an\u00ed hnoj\u00edv. Ni\u017e\u0161ie s\u00fa uveden\u00e9 k\u013e\u00fa\u010dov\u00e9 v\u00fdhody pou\u017e\u00edvania prevodovky MR-90:<\/p>\n<p><strong>Efekt\u00edvny prenos v\u00fdkonu<\/strong><\/p>\n<ul>\n<li>Prevodovka MR-90 efekt\u00edvne pren\u00e1\u0161a v\u00fdkon zo vstupn\u00e9ho hriade\u013ea (v\u00fdvodov\u00e9ho hriade\u013ea alebo motora) do mie\u0161acieho mechanizmu s minim\u00e1lnou stratou energie. T\u00e1to \u00fa\u010dinnos\u0165 zabezpe\u010duje optim\u00e1lnu prev\u00e1dzku motora alebo motora traktora pri pohone mie\u0161a\u010dky hnoj\u00edv.<\/li>\n<li>Prevodov\u00fd pomer 1:1 poskytuje vyv\u00e1\u017een\u00fa r\u00fdchlos\u0165 a kr\u00fatiaci moment, \u010do umo\u017e\u0148uje plynul\u00fd a kontrolovan\u00fd chod, \u010do je k\u013e\u00fa\u010dov\u00e9 pri mie\u0161an\u00ed citliv\u00fdch materi\u00e1lov, ako s\u00fa hnojiv\u00e1.<\/li>\n<\/ul>\n<p><strong>Odoln\u00fd a spo\u013eahliv\u00fd v\u00fdkon<\/strong><\/p>\n<ul>\n<li>Prevodovka MR-90, vyroben\u00e1 z vysoko kvalitn\u00fdch materi\u00e1lov a s presn\u00fdm in\u017einierstvom, je navrhnut\u00e1 tak, aby odolala n\u00e1ro\u010dn\u00fdm po\u013enohospod\u00e1rskym prev\u00e1dzkam.<\/li>\n<li>Prevodovka pon\u00faka vynikaj\u00facu odolnos\u0165 pri nepretr\u017eitom pou\u017e\u00edvan\u00ed, \u010d\u00edm zais\u0165uje spo\u013eahliv\u00fd v\u00fdkon po\u010das dlh\u0161\u00edch obdob\u00ed bez \u010dast\u00fdch por\u00fach, \u010do je nevyhnutn\u00e9 pri mie\u0161an\u00ed hnoj\u00edv vo ve\u013ekom rozsahu.<\/li>\n<\/ul>\n<h4>Plynul\u00e1 prev\u00e1dzka s minim\u00e1lnymi vibr\u00e1ciami<\/h4>\n<ul>\n<li>Presn\u00e9 ozuben\u00e9 koles\u00e1 v prevodovke MR-90 zais\u0165uj\u00fa plynul\u00fd a tich\u00fd chod, minimalizuj\u00fa vibr\u00e1cie a hluk. To vedie k men\u0161iemu opotrebovaniu strojov a poskytuje pohodlnej\u0161ie pracovn\u00e9 prostredie.<\/li>\n<li>Zn\u00ed\u017eenie vibr\u00e1ci\u00ed tie\u017e prispieva k celkovej \u017eivotnosti prevodovky a \u010fal\u0161\u00edch pripojen\u00fdch komponentov.<\/li>\n<\/ul>\n<p><strong>Kompaktn\u00fd dizajn s jednoduchou integr\u00e1ciou<\/strong><\/p>\n<ul>\n<li>Prevodovka MR-90 m\u00e1 kompaktn\u00fd dizajn, ktor\u00fd sa d\u00e1 \u013eahko integrova\u0165 do r\u00f4znych mie\u0161a\u010diek hnoj\u00edv. V\u010faka svojej priestorovo \u00faspornej kon\u0161trukcii je ide\u00e1lna pre po\u013enohospod\u00e1rske stroje s obmedzen\u00fdm priestorom.<\/li>\n<li>T\u00e1to kompaktnos\u0165 tie\u017e zjednodu\u0161uje in\u0161tal\u00e1ciu a skracuje prestoje po\u010das nastavovania alebo \u00fadr\u017eby stroja.<\/li>\n<\/ul>\n<p><strong>Zlep\u0161en\u00e1 konzistencia mie\u0161ania<\/strong><\/p>\n<ul>\n<li>V\u010faka konzistentnej r\u00fdchlosti ot\u00e1\u010dania a kr\u00fatiacemu momentu zabezpe\u010duje prevodovka MR-90 d\u00f4kladn\u00e9 premie\u0161anie hnoj\u00edv, \u010do vedie k rovnomern\u00e9mu rozlo\u017eeniu.<\/li>\n<li>D\u00f4sledn\u00e9 mie\u0161anie vedie k lep\u0161ej kvalite zmesi hnoj\u00edv, \u010do je rozhoduj\u00face pre optim\u00e1lny v\u00fdkon plodiny a efekt\u00edvne dod\u00e1vanie \u017eiv\u00edn.<\/li>\n<\/ul>\n<p>Z\u00e1verom mo\u017eno poveda\u0165, \u017ee prevodovka mie\u0161a\u010dky hnoj\u00edv MR-90 (1:1) vynik\u00e1 svoj\u00edm efekt\u00edvnym prenosom v\u00fdkonu, odolnos\u0165ou, plynul\u00fdm chodom a v\u0161estrannos\u0165ou. Pom\u00e1ha zlep\u0161i\u0165 konzistenciu mie\u0161ania, zn\u00ed\u017ei\u0165 vibr\u00e1cie a zn\u00ed\u017ei\u0165 n\u00e1roky na \u00fadr\u017ebu, v\u010faka \u010domu je cenovo v\u00fdhodnou a spo\u013eahlivou vo\u013ebou pre po\u013enohospod\u00e1rske aplik\u00e1cie.<\/p>\n<table style=\"border-collapse: collapse; width: 101.281%; height: 5px;\" border=\"0\" width=\"128\" cellspacing=\"0\" cellpadding=\"0\">\n<tbody>\n<tr style=\"height: 13.8pt;\">\n<td style=\"height: 13.8pt; width: 48pt;\" align=\"right\" width=\"64\" height=\"18\"><img loading=\"lazy\" decoding=\"async\" class=\"alignnone size-full wp-image-2580\" src=\"https:\/\/fmp-components.com\/wp-content\/uploads\/2025\/01\/Fertilizer-Mixer-Gearbox-MR-90-Applications-21.webp\" alt=\"Prevodovka mie\u0161a\u010dky hnoj\u00edv MR-90-Aplik\u00e1cie-2(1)\" width=\"964\" height=\"667\" title=\"\" srcset=\"https:\/\/fmp-components.com\/wp-content\/uploads\/2025\/01\/Fertilizer-Mixer-Gearbox-MR-90-Applications-21.webp 964w, https:\/\/fmp-components.com\/wp-content\/uploads\/2025\/01\/Fertilizer-Mixer-Gearbox-MR-90-Applications-21-480x332.webp 480w\" sizes=\"(min-width: 0px) and (max-width: 480px) 480px, (min-width: 481px) 964px, 100vw\" \/><\/td>\n<td style=\"width: 48pt;\" align=\"right\" width=\"64\"><img loading=\"lazy\" decoding=\"async\" class=\"alignnone size-full wp-image-2581\" src=\"https:\/\/fmp-components.com\/wp-content\/uploads\/2025\/01\/Fertilizer-Mixer-Gearbox-MR-90-Applications-11.webp\" alt=\"Prevodovka mie\u0161a\u010dky hnoj\u00edv MR-90 - Aplik\u00e1cie\" width=\"964\" height=\"667\" title=\"\" srcset=\"https:\/\/fmp-components.com\/wp-content\/uploads\/2025\/01\/Fertilizer-Mixer-Gearbox-MR-90-Applications-11.webp 964w, https:\/\/fmp-components.com\/wp-content\/uploads\/2025\/01\/Fertilizer-Mixer-Gearbox-MR-90-Applications-11-480x332.webp 480w\" sizes=\"(min-width: 0px) and (max-width: 480px) 480px, (min-width: 481px) 964px, 100vw\" \/><\/td>\n<\/tr>\n<\/tbody>\n<\/table>\n<h2>Po\u013enohospod\u00e1rsky kardanov\u00fd hriade\u013e pre prevodovku mie\u0161a\u010dky hnoj\u00edv<\/h2>\n<p>Po\u013enohospod\u00e1rsky v\u00fdvodov\u00fd hriade\u013e (PTO) zohr\u00e1va k\u013e\u00fa\u010dov\u00fa \u00falohu pri prenose mechanickej energie z traktora alebo motora do prevodovky mie\u0161a\u010dky hnoj\u00edv. Tu je preh\u013ead vlastnost\u00ed a v\u00fdhod v\u00fdvodov\u00fdch hriade\u013eov pou\u017e\u00edvan\u00fdch s prevodovkami mie\u0161a\u010diek hnoj\u00edv:<\/p>\n<p><strong>Efekt\u00edvny prenos v\u00fdkonu<\/strong><\/p>\n<ul>\n<li>V\u00fdvodov\u00fd hriade\u013e efekt\u00edvne pren\u00e1\u0161a v\u00fdkon z motora traktora do prevodovky mie\u0161a\u010dky hnoj\u00edv. To umo\u017e\u0148uje mie\u0161aciemu stroju pracova\u0165 s po\u017eadovanou r\u00fdchlos\u0165ou a kr\u00fatiacim momentom.<\/li>\n<li>Dobre navrhnut\u00fd v\u00fdvodov\u00fd hriade\u013e zais\u0165uje efekt\u00edvny prenos v\u00fdkonu, minimalizuje straty energie a optimalizuje v\u00fdkon mie\u0161acieho zariadenia.<\/li>\n<\/ul>\n<p><strong>Odoln\u00e1 kon\u0161trukcia<\/strong><\/p>\n<ul>\n<li>K\u013abov\u00e9 hriadele sa zvy\u010dajne vyr\u00e1baj\u00fa z vysokopevnostnej ocele alebo in\u00fdch odoln\u00fdch materi\u00e1lov, aby odolali nam\u00e1haniu a za\u0165a\u017eeniu pri nepretr\u017eitom po\u013enohospod\u00e1rskom pou\u017e\u00edvan\u00ed.<\/li>\n<li>Hriade\u013e je navrhnut\u00fd pre n\u00e1ro\u010dn\u00e9 oper\u00e1cie a je schopn\u00fd zvl\u00e1dnu\u0165 r\u00f4zne za\u0165a\u017eenia a zachova\u0165 si svoju integritu aj v n\u00e1ro\u010dn\u00fdch po\u013en\u00fdch podmienkach.<\/li>\n<\/ul>\n<p><strong>Prisp\u00f4sobite\u013en\u00e9 r\u00f4znym strojom<\/strong><\/p>\n<ul>\n<li>Po\u013enohospod\u00e1rske kardanov\u00e9 hriadele s\u00fa v\u0161estrann\u00e9 a mo\u017eno ich pou\u017ei\u0165 so \u0161irokou \u0161k\u00e1lou po\u013enohospod\u00e1rskych strojov vr\u00e1tane mie\u0161a\u010diek hnoj\u00edv, mie\u0161a\u010diek krmiva a in\u00e9ho n\u00e1radia.<\/li>\n<li>V\u00fdvodov\u00fd hriade\u013e je navrhnut\u00fd tak, aby sa bezprobl\u00e9movo spojil s prevodovkou mie\u0161a\u010dky hnoj\u00edv, \u010do zabezpe\u010duje plynul\u00fd chod a spo\u013eahliv\u00fd v\u00fdkon v r\u00f4znych aplik\u00e1ci\u00e1ch.<\/li>\n<\/ul>\n<p><strong>Flexibiln\u00e1 a nastavite\u013en\u00e1 d\u013a\u017eka<\/strong><\/p>\n<ul>\n<li>K\u013abov\u00e9 hriadele s\u00fa dostupn\u00e9 v nastavite\u013en\u00fdch d\u013a\u017ekach, \u010do umo\u017e\u0148uje ich prisp\u00f4sobenie r\u00f4znym strojom vr\u00e1tane mie\u0161a\u010diek hnoj\u00edv s r\u00f4znymi ve\u013ekos\u0165ami a konfigur\u00e1ciami.<\/li>\n<li>Nastavite\u013enos\u0165 zabezpe\u010duje spr\u00e1vne nastavenie v\u00fdvodov\u00e9ho hriade\u013ea, aby sa zabezpe\u010dil bezpe\u010dn\u00fd a efekt\u00edvny prenos v\u00fdkonu.<\/li>\n<\/ul>\n<p><strong>Jednoduch\u00e9 pripojenie a odpojenie<\/strong><\/p>\n<ul>\n<li>V\u00fdvodov\u00fd hriade\u013e je navrhnut\u00fd pre r\u00fdchle pripojenie a odpojenie od traktora aj prevodovky. To umo\u017e\u0148uje jednoduch\u00e9 pripojenie a odpojenie, \u010d\u00edm sa \u0161etr\u00ed \u010das pri nastavovan\u00ed a \u00fadr\u017ebe stroja.<\/li>\n<li>Niektor\u00e9 kardanov\u00e9 hriadele s\u00fa vybaven\u00e9 ochrann\u00fdmi \u0161t\u00edtmi alebo bezpe\u010dnostn\u00fdmi prvkami, ktor\u00e9 zabra\u0148uj\u00fa n\u00e1hodn\u00e9mu odpojeniu a zais\u0165uj\u00fa bezpe\u010dnos\u0165 obsluhy.<\/li>\n<\/ul>\n<p><strong>Plynul\u00e1 prev\u00e1dzka<\/strong><\/p>\n<ul>\n<li>Vysokokvalitn\u00fd v\u00fdvodov\u00fd hriade\u013e zabezpe\u010duje plynul\u00fd a nepreru\u0161ovan\u00fd tok v\u00fdkonu do prevodovky mie\u0161a\u010dky hnoj\u00edv. To zais\u0165uje efekt\u00edvnu prev\u00e1dzku prevodovky a poskytuje potrebn\u00fd kr\u00fatiaci moment na ot\u00e1\u010danie mie\u0161ac\u00edch lopatiek spr\u00e1vnou r\u00fdchlos\u0165ou.<\/li>\n<li>Plynul\u00e1 prev\u00e1dzka tie\u017e zni\u017euje opotrebovanie prevodovky, \u010d\u00edm sa minimalizuj\u00fa potreby \u00fadr\u017eby a predl\u017euje \u017eivotnos\u0165 zariadenia.<\/li>\n<\/ul>\n<p>Po\u013enohospod\u00e1rsky v\u00fdvodov\u00fd hriade\u013e pre prevodovku mie\u0161a\u010dky hnoj\u00edv je z\u00e1kladn\u00fdm komponentom pre prenos v\u00fdkonu z traktora alebo motora do mie\u0161acieho zariadenia. Hriade\u013e zais\u0165uje plynul\u00fd, efekt\u00edvny a spo\u013eahliv\u00fd chod mie\u0161a\u010dky hnoj\u00edv a z\u00e1rove\u0148 zachov\u00e1va flexibilitu, bezpe\u010dnos\u0165 a odolnos\u0165. \u010ci u\u017e pou\u017e\u00edvate v\u00fdvodov\u00fd hriade\u013e na rozsiahle po\u013enohospod\u00e1rske oper\u00e1cie alebo na men\u0161ie, \u0161pecializovanej\u0161ie \u00falohy, je navrhnut\u00fd tak, aby zv\u00fd\u0161il v\u00fdkon prevodovky mie\u0161a\u010dky hnoj\u00edv, \u010do v kone\u010dnom d\u00f4sledku prispieva k efekt\u00edvnej\u0161iemu a n\u00e1kladovo efekt\u00edvnej\u0161iemu mie\u0161aniu hnoj\u00edv.<\/p>\n<p><img loading=\"lazy\" decoding=\"async\" class=\"alignnone size-full wp-image-2582\" src=\"https:\/\/fmp-components.com\/wp-content\/uploads\/2025\/01\/Agricultural-PTO-Shaft-for-Fertilizer-Mixer-Gearbox1.webp\" alt=\"Po\u013enohospod\u00e1rsky-v\u00fdvodov\u00fd-hriade\u013e-pre-mie\u0161a\u010dku-hnoj\u00edv-prevodovku\" width=\"1194\" height=\"540\" title=\"\" srcset=\"https:\/\/fmp-components.com\/wp-content\/uploads\/2025\/01\/Agricultural-PTO-Shaft-for-Fertilizer-Mixer-Gearbox1.webp 1194w, https:\/\/fmp-components.com\/wp-content\/uploads\/2025\/01\/Agricultural-PTO-Shaft-for-Fertilizer-Mixer-Gearbox1-980x443.webp 980w, https:\/\/fmp-components.com\/wp-content\/uploads\/2025\/01\/Agricultural-PTO-Shaft-for-Fertilizer-Mixer-Gearbox1-480x217.webp 480w\" sizes=\"(min-width: 0px) and (max-width: 480px) 480px, (min-width: 481px) and (max-width: 980px) 980px, (min-width: 981px) 1194px, 100vw\" \/><\/p>\n<h2>O FMP<\/h2>\n<p>Spolo\u010dnos\u0165 FMP so s\u00eddlom v Taliansku je popredn\u00fdm v\u00fdrobcom uzn\u00e1van\u00fdm pre svoje odborn\u00e9 znalosti v oblasti n\u00e1vrhu, v\u00fdvoja a v\u00fdroby vysokov\u00fdkonn\u00fdch prevodoviek, najm\u00e4 v sektore po\u013enohospod\u00e1rskych strojov. Spolo\u010dnos\u0165 FMP je zn\u00e1ma prec\u00edznym in\u017einierstvom, inovat\u00edvnymi rie\u0161eniami a bezkonkuren\u010dnou spo\u013eahlivos\u0165ou a etablovala sa ako d\u00f4veryhodn\u00fd partner pri rie\u0161en\u00ed vyv\u00edjaj\u00facich sa potrieb po\u013enohospod\u00e1rskeho aj priemyseln\u00e9ho sektora. Na\u0161e rozsiahle produktov\u00e9 portf\u00f3lio zah\u0155\u0148a \u0161pecializovan\u00e9 prevodovky pre kosa\u010dky na tr\u00e1vu, v\u00fdvodov\u00e9 hriadele a \u010fal\u0161ie d\u00f4le\u017eit\u00e9 komponenty, pri\u010dom ka\u017ed\u00fd z nich je starostlivo vyroben\u00fd tak, aby poskytoval rie\u0161enia na mieru pre \u0161irok\u00fa \u0161k\u00e1lu aplik\u00e1ci\u00ed.<\/p>\n<p>V spolo\u010dnosti FMP si uvedomujeme, \u017ee ka\u017ed\u00fd klient m\u00e1 jedine\u010dn\u00e9 v\u00fdzvy a po\u017eiadavky. Toto pochopenie je hnacou silou n\u00e1\u0161ho z\u00e1v\u00e4zku pon\u00faka\u0165 rie\u0161enia na mieru, \u010di u\u017e ide o jednotliv\u00e9 komponenty alebo plne integrovan\u00e9 syst\u00e9my. \u00dazko spolupracujeme s na\u0161imi z\u00e1kazn\u00edkmi, aby sme zabezpe\u010dili, \u017ee ka\u017ed\u00e9 rie\u0161enie je nielen efekt\u00edvne, ale aj \u00fa\u010dinn\u00e9, optimalizuj\u00fac v\u00fdkon aj hodnotu. N\u00e1\u0161 pr\u00edstup \u2013 r\u00fdchle a profesion\u00e1lne reakcie v spojen\u00ed s odborn\u00fdm poradenstvom \u2013 zabezpe\u010duje, \u017ee ka\u017ed\u00e1 po\u017eiadavka sa rie\u0161i s maxim\u00e1lnou starostlivos\u0165ou, \u010do vedie k \u010do najlep\u0161\u00edm v\u00fdsledkom pre ka\u017ed\u00e9ho klienta.<\/p>\n<p>D\u00f4raz kladieme na otvoren\u00fa a nepretr\u017eit\u00fa komunik\u00e1ciu po\u010das cel\u00e9ho procesu v\u00fdvoja produktu. N\u00e1\u0161 \u0161pecializovan\u00fd t\u00edm \u00fazko spolupracuje s klientmi, aby plne pochopil ich \u0161pecifick\u00e9 potreby a poskytol im cenn\u00e9 poznatky a odpor\u00fa\u010dania, ktor\u00e9 ved\u00fa k optim\u00e1lnym rie\u0161eniam. \u010ci u\u017e vyv\u00edjame nov\u00e9 produkty alebo pln\u00edme prebiehaj\u00face objedn\u00e1vky, spolo\u010dnos\u0165 FMP je odhodlan\u00e1 poskytova\u0165 vysokokvalitn\u00e9, prec\u00edzne navrhnut\u00e9 rie\u0161enia v\u010das a v\u017edy. Na\u0161\u00edm cie\u013eom je prekona\u0165 o\u010dak\u00e1vania klientov a zabezpe\u010di\u0165 v\u00fdnimo\u010dn\u00fd servis a v\u00fdsledky pri ka\u017edom projekte.<\/p>\n<p>Jadrom \u010dinnosti spolo\u010dnosti FMP je neochvejn\u00fd z\u00e1v\u00e4zok ku kvalite. Dodr\u017eiavame najvy\u0161\u0161ie v\u00fdrobn\u00e9 \u0161tandardy a implementujeme pr\u00edsne postupy kontroly kvality, aby sme zabezpe\u010dili, \u017ee ka\u017ed\u00fd produkt prekon\u00e1va priemyseln\u00e9 \u0161tandardy. Toto odhodlanie ku kvalite v kombin\u00e1cii s na\u0161imi hodnotami integrity, t\u00edmovej pr\u00e1ce a vytrvalosti n\u00e1m umo\u017enilo vybudova\u0165 si trval\u00e9 vz\u0165ahy zalo\u017een\u00e9 na d\u00f4vere s klientmi v takmer 30 krajin\u00e1ch sveta.<\/p>\n<p>Spolo\u010dnos\u0165 FMP je v\u017edy otvoren\u00e1 podpore glob\u00e1lnych partnerstiev a na\u010falej sa venuje poskytovaniu odborn\u00e9ho poradenstva a rie\u0161en\u00ed na mieru, ktor\u00e9 sp\u013a\u0148aj\u00fa rozmanit\u00e9 potreby na\u0161ich klientov. Na\u0161\u00edm cie\u013eom je robi\u0165 viac ne\u017e len dod\u00e1va\u0165 produkty \u2013 sna\u017e\u00edme sa pestova\u0165 trval\u00e9 vz\u0165ahy, ktor\u00e9 prispievaj\u00fa k \u00faspechu ka\u017ed\u00e9ho projektu. \u010ci u\u017e h\u013ead\u00e1te inovat\u00edvne rie\u0161enia pre nov\u00fd podnik alebo priebe\u017en\u00fa podporu pre existuj\u00faci syst\u00e9m, FMP je va\u0161\u00edm partnerom pri prekon\u00e1van\u00ed technick\u00fdch v\u00fdziev a zabezpe\u010dovan\u00ed trval\u00e9ho \u00faspechu.<\/p>\n<p><img loading=\"lazy\" decoding=\"async\" class=\"alignnone size-full wp-image-1861\" src=\"https:\/\/fmp-components.com\/wp-content\/uploads\/2024\/12\/Other-Agricultural-Gearboxes.webp\" sizes=\"(min-width: 0px) and (max-width: 480px) 480px, (min-width: 481px) and (max-width: 980px) 980px, (min-width: 981px) 1200px, 100vw\" srcset=\"https:\/\/fmp-components.com\/wp-content\/uploads\/2024\/12\/Other-Agricultural-Gearboxes.webp 1200w, https:\/\/fmp-components.com\/wp-content\/uploads\/2024\/12\/Other-Agricultural-Gearboxes-980x1143.webp 980w, https:\/\/fmp-components.com\/wp-content\/uploads\/2024\/12\/Other-Agricultural-Gearboxes-480x560.webp 480w\" alt=\"Altri-cambi-agricoli\" width=\"1200\" height=\"1400\" title=\"\"><\/p>\n<p>Autor: CX<\/p>","protected":false},"excerpt":{"rendered":"<p>Specifications of Fertilizer Mixer Gearbox MR-90 (1:1) Product\u00a0 Description Fertilizer Mixer Gearboxes &#8211; Replacement of Comer Gearbox MR-90 1:1 Product details Contact us for power at a different RPM The gearbox is delivered without oil and must be filled before first use. First, the oil change after 50-70 operating hours, then after 500-700 operating hours [&hellip;]<\/p>","protected":false},"featured_media":2577,"comment_status":"open","ping_status":"closed","template":"","meta":{"_et_pb_use_builder":"","_et_pb_old_content":"","_et_gb_content_width":""},"product_brand":[],"product_cat":[61],"product_tag":[],"class_list":{"0":"post-2559","1":"product","2":"type-product","3":"status-publish","4":"has-post-thumbnail","6":"product_cat-fertilizer-mixer-gearbox","8":"first","9":"instock","10":"shipping-taxable","11":"product-type-simple"},"_links":{"self":[{"href":"https:\/\/fmp-components.com\/sk\/wp-json\/wp\/v2\/product\/2559","targetHints":{"allow":["GET"]}}],"collection":[{"href":"https:\/\/fmp-components.com\/sk\/wp-json\/wp\/v2\/product"}],"about":[{"href":"https:\/\/fmp-components.com\/sk\/wp-json\/wp\/v2\/types\/product"}],"replies":[{"embeddable":true,"href":"https:\/\/fmp-components.com\/sk\/wp-json\/wp\/v2\/comments?post=2559"}],"wp:featuredmedia":[{"embeddable":true,"href":"https:\/\/fmp-components.com\/sk\/wp-json\/wp\/v2\/media\/2577"}],"wp:attachment":[{"href":"https:\/\/fmp-components.com\/sk\/wp-json\/wp\/v2\/media?parent=2559"}],"wp:term":[{"taxonomy":"product_brand","embeddable":true,"href":"https:\/\/fmp-components.com\/sk\/wp-json\/wp\/v2\/product_brand?post=2559"},{"taxonomy":"product_cat","embeddable":true,"href":"https:\/\/fmp-components.com\/sk\/wp-json\/wp\/v2\/product_cat?post=2559"},{"taxonomy":"product_tag","embeddable":true,"href":"https:\/\/fmp-components.com\/sk\/wp-json\/wp\/v2\/product_tag?post=2559"}],"curies":[{"name":"pracovn\u00fd list","href":"https:\/\/api.w.org\/{rel}","templated":true}]}}