{"id":2510,"date":"2025-01-02T02:57:49","date_gmt":"2025-01-02T02:57:49","guid":{"rendered":"https:\/\/fmp-components.com\/?page_id=8"},"modified":"2025-01-02T03:35:08","modified_gmt":"2025-01-02T03:35:08","slug":"round-baler-gearbox-fmp9-35-for-round-baler-and-harvester","status":"publish","type":"product","link":"https:\/\/fmp-components.com\/sk\/product\/round-baler-gearbox-fmp9-35-for-round-baler-and-harvester\/","title":{"rendered":"Prevodovka lisu na okr\u00fahle bal\u00edky FMP9.35 pre lis na okr\u00fahle bal\u00edky a kombajn"},"content":{"rendered":"<p><img loading=\"lazy\" decoding=\"async\" class=\"alignnone size-full wp-image-2514\" src=\"https:\/\/fmp-components.com\/wp-content\/uploads\/2025\/01\/Round-Baler-Gearbox-EP9.35-Advantages.webp\" alt=\"Prevodovka lisu na okr\u00fahle bal\u00edky FMP9.35 - V\u00fdhody\" width=\"1440\" height=\"789\" title=\"\" srcset=\"https:\/\/fmp-components.com\/wp-content\/uploads\/2025\/01\/Round-Baler-Gearbox-EP9.35-Advantages.webp 1440w, https:\/\/fmp-components.com\/wp-content\/uploads\/2025\/01\/Round-Baler-Gearbox-EP9.35-Advantages-1280x701.webp 1280w, https:\/\/fmp-components.com\/wp-content\/uploads\/2025\/01\/Round-Baler-Gearbox-EP9.35-Advantages-980x537.webp 980w, https:\/\/fmp-components.com\/wp-content\/uploads\/2025\/01\/Round-Baler-Gearbox-EP9.35-Advantages-480x263.webp 480w\" sizes=\"(min-width: 0px) and (max-width: 480px) 480px, (min-width: 481px) and (max-width: 980px) 980px, (min-width: 981px) and (max-width: 1280px) 1280px, (min-width: 1281px) 1440px, 100vw\" \/><\/p>\n<h2>Rozmery prevodovky lisu na okr\u00fahle bal\u00edky FMP9.35<\/h2>\n<p><img loading=\"lazy\" decoding=\"async\" class=\"alignnone size-full wp-image-2513\" src=\"https:\/\/fmp-components.com\/wp-content\/uploads\/2025\/01\/Round-Baler-Gearbox-EP9.35-Dimensions-2.webp\" alt=\"Prevodovka lisu na okr\u00fahle bal\u00edky FMP9.35 - Rozmery - 2\" width=\"1530\" height=\"489\" title=\"\" srcset=\"https:\/\/fmp-components.com\/wp-content\/uploads\/2025\/01\/Round-Baler-Gearbox-EP9.35-Dimensions-2.webp 1530w, https:\/\/fmp-components.com\/wp-content\/uploads\/2025\/01\/Round-Baler-Gearbox-EP9.35-Dimensions-2-1280x409.webp 1280w, https:\/\/fmp-components.com\/wp-content\/uploads\/2025\/01\/Round-Baler-Gearbox-EP9.35-Dimensions-2-980x313.webp 980w, https:\/\/fmp-components.com\/wp-content\/uploads\/2025\/01\/Round-Baler-Gearbox-EP9.35-Dimensions-2-480x153.webp 480w\" sizes=\"(min-width: 0px) and (max-width: 480px) 480px, (min-width: 481px) and (max-width: 980px) 980px, (min-width: 981px) and (max-width: 1280px) 1280px, (min-width: 1281px) 1530px, 100vw\" \/><\/p>\n<p><img loading=\"lazy\" decoding=\"async\" class=\"alignnone size-full wp-image-2512\" src=\"https:\/\/fmp-components.com\/wp-content\/uploads\/2025\/01\/Round-Baler-Gearbox-EP9.35-Dimensions-1.webp\" alt=\"Prevodovka lisu na okr\u00fahle bal\u00edky FMP9.35 - Rozmery 1\" width=\"1548\" height=\"889\" title=\"\" srcset=\"https:\/\/fmp-components.com\/wp-content\/uploads\/2025\/01\/Round-Baler-Gearbox-EP9.35-Dimensions-1.webp 1548w, https:\/\/fmp-components.com\/wp-content\/uploads\/2025\/01\/Round-Baler-Gearbox-EP9.35-Dimensions-1-1280x735.webp 1280w, https:\/\/fmp-components.com\/wp-content\/uploads\/2025\/01\/Round-Baler-Gearbox-EP9.35-Dimensions-1-980x563.webp 980w, https:\/\/fmp-components.com\/wp-content\/uploads\/2025\/01\/Round-Baler-Gearbox-EP9.35-Dimensions-1-480x276.webp 480w\" sizes=\"(min-width: 0px) and (max-width: 480px) 480px, (min-width: 481px) and (max-width: 980px) 980px, (min-width: 981px) and (max-width: 1280px) 1280px, (min-width: 1281px) 1548px, 100vw\" \/><\/p>\n<h2>Technick\u00e9 \u00fadaje prevodovky lisu na okr\u00fahle bal\u00edky FMP9.35<\/h2>\n<table style=\"width: 99.9284%; height: 128px;\" border=\"1\" cellspacing=\"0\" cellpadding=\"0\">\n<tbody>\n<tr>\n<td colspan=\"2\" rowspan=\"2\">ja<\/td>\n<td rowspan=\"2\">Vhodn\u00e9<\/td>\n<td>Vstup ot\u00e1\u010dok<\/td>\n<td>V\u00fdstupn\u00e9 ot\u00e1\u010dky<\/td>\n<td>kW (nomin\u00e1lny)<\/td>\n<td>kW (max.)<\/td>\n<td rowspan=\"2\">Prerez\u00e1vanie zubov<\/td>\n<\/tr>\n<tr>\n<td>ot.\/min.<\/td>\n<td>ot.\/min.<\/td>\n<td>hp<\/td>\n<td>hp<\/td>\n<\/tr>\n<tr>\n<td>Spomali\u0165<\/td>\n<td>1.92:1<\/td>\n<td>Lis na okr\u00fahle bal\u00edky,<br \/>\nkombajn at\u010f.<\/td>\n<td>540<\/td>\n<td>282<\/td>\n<td>120<\/td>\n<td>3000<\/td>\n<td>Gleason Helical<br \/>\nZuby<\/td>\n<\/tr>\n<tr>\n<td colspan=\"8\">Pozn\u00e1mka: Ak m\u00e1te nejak\u00e9 \u0161peci\u00e1lne po\u017eiadavky, nev\u00e1hajte mi da\u0165 vedie\u0165, akceptujeme aj z\u00e1kazku.<\/td>\n<\/tr>\n<\/tbody>\n<\/table>\n<h3>V\u00fdhody prevodovky lisu na okr\u00fahle bal\u00edky FMP9.35<\/h3>\n<p>Prevodovka pre okr\u00fahle bal\u00edkova\u010de FMP9.35 je vysokov\u00fdkonn\u00e1 prevodovka navrhnut\u00e1 \u0161peci\u00e1lne pre po\u013enohospod\u00e1rske okr\u00fahle bal\u00edkova\u010de, ktor\u00e1 pon\u00faka mno\u017estvo v\u00fdhod na zv\u00fd\u0161enie prev\u00e1dzkovej efekt\u00edvnosti a odolnosti. Ni\u017e\u0161ie s\u00fa uveden\u00e9 k\u013e\u00fa\u010dov\u00e9 v\u00fdhody prevodovky FMP9.35:<\/p>\n<p><strong>Schopnos\u0165 manipul\u00e1cie s vysok\u00fdm v\u00fdkonom<\/strong><\/p>\n<ul>\n<li>V\u00fdhoda: FMP9.35 je navrhnut\u00fd tak, aby zvl\u00e1dal vysok\u00e9 kr\u00fatiace momenty, v\u010faka \u010domu je ide\u00e1lny pre n\u00e1ro\u010dn\u00e9 bal\u00edkovacie aplik\u00e1cie.<\/li>\n<li>V\u00fdhoda: V\u010faka tomu prevodovka efekt\u00edvne zvl\u00e1da tvrd\u00e9 materi\u00e1ly, ako je seno, slama, sil\u00e1\u017e a po\u013enohospod\u00e1rsky odpad, \u010d\u00edm zabezpe\u010duje spo\u013eahliv\u00fd prenos v\u00fdkonu a optim\u00e1lny lisovac\u00ed v\u00fdkon aj v n\u00e1ro\u010dn\u00fdch podmienkach.<\/li>\n<\/ul>\n<p><strong>Zv\u00fd\u0161en\u00e1 odolnos\u0165 a dlh\u00e1 \u017eivotnos\u0165<\/strong><\/p>\n<ul>\n<li>V\u00fdhoda: Prevodovka FMP9.35 je vyroben\u00e1 z prvotriednych materi\u00e1lov a m\u00e1 robustn\u00fa kon\u0161trukciu a je navrhnut\u00e1 pre dlhotrvaj\u00faci v\u00fdkon.<\/li>\n<li>V\u00fdhoda: Jeho odoln\u00e1 kon\u0161trukcia v\u00fdrazne zni\u017euje opotrebovanie, \u010do mu umo\u017e\u0148uje vydr\u017ea\u0165 roky intenz\u00edvneho pou\u017e\u00edvania bez \u010dast\u00fdch opr\u00e1v alebo v\u00fdmen, \u010do zni\u017euje celkov\u00e9 prev\u00e1dzkov\u00e9 n\u00e1klady pre po\u013enohospod\u00e1rov.<\/li>\n<\/ul>\n<p><strong>Plynul\u00e1 a efekt\u00edvna prev\u00e1dzka<\/strong><\/p>\n<ul>\n<li>V\u00fdhoda: Prevodovka FMP9.35 je optimalizovan\u00e1 pre plynul\u00fd prenos v\u00fdkonu, \u010d\u00edm sa minimalizuj\u00fa straty energie po\u010das prev\u00e1dzky.<\/li>\n<li>V\u00fdhoda: Efekt\u00edvny prenos v\u00fdkonu zni\u017euje spotrebu paliva a zlep\u0161uje celkov\u00fd v\u00fdkon lisu, \u010d\u00edm sa zabezpe\u010duje nielen efekt\u00edvna, ale aj n\u00e1kladovo efekt\u00edvna prev\u00e1dzka.<\/li>\n<\/ul>\n<p><strong>N\u00edzke n\u00e1roky na \u00fadr\u017ebu<\/strong><\/p>\n<ul>\n<li>V\u00fdhoda: Prevodovka je navrhnut\u00e1 pre jednoduch\u00fa \u00fadr\u017ebu s funkciami, ktor\u00e9 umo\u017e\u0148uj\u00fa r\u00fdchlu kontrolu a jednoduch\u00fd servis.<\/li>\n<li>V\u00fdhoda: Skracuje sa t\u00fdm prestoje a zabezpe\u010duje sa, \u017ee prevodovka zostane v perfektnom stave s minim\u00e1lnou n\u00e1mahou, \u010do umo\u017e\u0148uje nepretr\u017eitej\u0161iu prev\u00e1dzku a menej preru\u0161en\u00ed po\u010das lisovacej sez\u00f3ny.<\/li>\n<\/ul>\n<p><strong>Kompaktn\u00fd a priestorovo \u00fasporn\u00fd dizajn<\/strong><\/p>\n<ul>\n<li>V\u00fdhoda: FMP9.35 je navrhnut\u00fd s kompaktnou kon\u0161trukciou, ktor\u00e1 pom\u00e1ha \u0161etri\u0165 miesto a z\u00e1rove\u0148 poskytuje optim\u00e1lny v\u00fdkon.<\/li>\n<li>V\u00fdhoda: Jeho kompaktn\u00e1 ve\u013ekos\u0165 prispieva k \u013eah\u0161iemu a obratnej\u0161iemu bal\u00edkovaciemu stroju, \u010do poskytuje v\u00e4\u010d\u0161iu flexibilitu pri pr\u00e1ci v \u00fazkych poliach alebo \u0165a\u017eko dostupn\u00fdch oblastiach.<\/li>\n<\/ul>\n<p><strong>V\u0161estrannos\u0165 pre r\u00f4zne aplik\u00e1cie<\/strong><\/p>\n<ul>\n<li>V\u00fdhoda: Prevodovka FMP9.35 je v\u0161estrann\u00e1 a vhodn\u00e1 pre r\u00f4zne typy bal\u00edkovania vr\u00e1tane sena, slamy a sil\u00e1\u017ee.<\/li>\n<li>V\u00fdhoda: Jeho prisp\u00f4sobivos\u0165 z neho rob\u00ed skvel\u00fa vo\u013ebu pre po\u013enohospod\u00e1rov, ktor\u00ed potrebuj\u00fa prevodovku, ktor\u00e1 zvl\u00e1dne r\u00f4zne plodiny a materi\u00e1ly, \u010d\u00edm sa zabezpe\u010d\u00ed, \u017ee lis bude dobre fungova\u0165 v r\u00f4znych po\u013enohospod\u00e1rskych podmienkach.<\/li>\n<\/ul>\n<p>Prevodovka pre okr\u00fahle bal\u00edkova\u010de FMP9.35 je v\u00fdkonn\u00e1, odoln\u00e1 a efekt\u00edvna prevodovka navrhnut\u00e1 tak, aby sp\u013a\u0148ala n\u00e1ro\u010dn\u00e9 potreby modern\u00fdch po\u013enohospod\u00e1rskych bal\u00edkovac\u00edch oper\u00e1ci\u00ed. Jej robustn\u00e1 kon\u0161trukcia, plynul\u00fd chod a n\u00edzke n\u00e1roky na \u00fadr\u017ebu z nej robia ide\u00e1lnu vo\u013ebu pre po\u013enohospod\u00e1rov, ktor\u00ed h\u013eadaj\u00fa spo\u013eahliv\u00fa a vysoko v\u00fdkonn\u00fa prevodovku. FMP9.35 pom\u00e1ha maximalizova\u0165 efektivitu, zni\u017eova\u0165 prev\u00e1dzkov\u00e9 n\u00e1klady a zabezpe\u010dova\u0165 dlhodob\u00fa spo\u013eahlivos\u0165, \u010d\u00edm prispieva k celkov\u00e9mu \u00faspechu bal\u00edkovac\u00edch \u00faloh v r\u00f4znych po\u013enohospod\u00e1rskych prostrediach.<\/p>\n<p><img loading=\"lazy\" decoding=\"async\" class=\"alignnone size-full wp-image-2507\" src=\"https:\/\/fmp-components.com\/wp-content\/uploads\/2025\/01\/Round-Baler-Gearbox-EP9.0-HL01-for-Agricultural-21.webp\" alt=\"Prevodovka lisu na okr\u00fahle bal\u00edky FMP9.0-HL01-pre po\u013enohospod\u00e1rstvo-2(1)\" width=\"980\" height=\"653\" title=\"\" srcset=\"https:\/\/fmp-components.com\/wp-content\/uploads\/2025\/01\/Round-Baler-Gearbox-EP9.0-HL01-for-Agricultural-21.webp 980w, https:\/\/fmp-components.com\/wp-content\/uploads\/2025\/01\/Round-Baler-Gearbox-EP9.0-HL01-for-Agricultural-21-480x320.webp 480w\" sizes=\"(min-width: 0px) and (max-width: 480px) 480px, (min-width: 481px) 980px, 100vw\" \/><\/p>\n<h3>Funkcia prevodovky lisu na okr\u00fahle bal\u00edky FMP9.35 v po\u013enohospod\u00e1rstve<\/h3>\n<p>Prevodovka lisu na okr\u00fahle bal\u00edky FMP9.35 zohr\u00e1va k\u013e\u00fa\u010dov\u00fa \u00falohu v prev\u00e1dzke lisov na okr\u00fahle bal\u00edky, ktor\u00e9 s\u00fa nevyhnutn\u00fdmi strojmi v po\u013enohospod\u00e1rstve na zhut\u0148ovanie a lisovanie materi\u00e1lov, ako je seno, slama a sil\u00e1\u017e. T\u00e1to prevodovka zais\u0165uje efekt\u00edvny prenos v\u00fdkonu z traktora na lis, \u010do umo\u017e\u0148uje optim\u00e1lny v\u00fdkon po\u010das lisovania. Ni\u017e\u0161ie s\u00fa uveden\u00e9 k\u013e\u00fa\u010dov\u00e9 funkcie prevodovky lisu na okr\u00fahle bal\u00edky FMP9.35:<\/p>\n<p><strong>Prenos v\u00fdkonu<\/strong><\/p>\n<ul>\n<li>Funkcia: Prim\u00e1rnou funkciou prevodovky FMP9.35 je prenos v\u00fdkonu z v\u00fdvodov\u00e9ho hriade\u013ea traktora do vn\u00fatorn\u00fdch mechanizmov lisu na okr\u00fahle bal\u00edky.<\/li>\n<li>V\u00fdhoda: Zais\u0165uje plynul\u00fd a efekt\u00edvny prenos v\u00fdkonu, \u010do umo\u017e\u0148uje lisu vykon\u00e1va\u0165 r\u00f4zne funkcie, ako je pod\u00e1vanie, stl\u00e1\u010danie a viazanie materi\u00e1lov do kompaktn\u00fdch bal\u00edkov.<\/li>\n<\/ul>\n<p><strong>N\u00e1sobenie kr\u00fatiaceho momentu<\/strong><\/p>\n<ul>\n<li>Funkcia: Prevodovka zabezpe\u010duje n\u00e1sobenie kr\u00fatiaceho momentu, \u010d\u00edm zvy\u0161uje rota\u010dn\u00fa silu p\u00f4sobiacu na komponenty lisu.<\/li>\n<li>V\u00fdhoda: Toto je obzvl\u00e1\u0161\u0165 d\u00f4le\u017eit\u00e9 pri pr\u00e1ci s tvrd\u00fdmi, hust\u00fdmi materi\u00e1lmi, ako je mokr\u00e9 seno alebo slama, \u010d\u00edm sa zabezpe\u010d\u00ed, \u017ee lis pracuje s po\u017eadovanou \u00fa\u010dinnos\u0165ou a v\u00fdkonom bez pre\u0165a\u017eenia syst\u00e9mu.<\/li>\n<\/ul>\n<p><strong>Zn\u00ed\u017eenie r\u00fdchlosti<\/strong><\/p>\n<ul>\n<li>Funkcia: Prevodovka FMP9.35 zni\u017euje vysok\u00e9 ot\u00e1\u010dky v\u00fdvodov\u00e9ho hriade\u013ea traktora na optim\u00e1lne ot\u00e1\u010dky pre prev\u00e1dzkov\u00e9 komponenty lisu, ako s\u00fa valce a zhut\u0148ovac\u00ed mechanizmus.<\/li>\n<li>V\u00fdhoda: Toto kontrolovan\u00e9 zn\u00ed\u017eenie r\u00fdchlosti zabra\u0148uje po\u0161kodeniu lisovacieho syst\u00e9mu a zabezpe\u010duje, \u017ee lis pracuje ide\u00e1lnym tempom pre efekt\u00edvne zhut\u0148ovanie a formovanie bal\u00edkov.<\/li>\n<\/ul>\n<p><strong>Synchroniz\u00e1cia mechanizmov bal\u00edkova\u010da<\/strong><\/p>\n<ul>\n<li>Funkcia: Prevodovka je zodpovedn\u00e1 za synchroniz\u00e1ciu r\u00f4znych mechanick\u00fdch komponentov v lise vr\u00e1tane sacieho, kompresn\u00e9ho a viazacieho syst\u00e9mu.<\/li>\n<li>V\u00fdhoda: Koordin\u00e1ciou pohybu t\u00fdchto komponentov prevodovka zabezpe\u010duje, \u017ee v\u0161etky oper\u00e1cie prebiehaj\u00fa v harm\u00f3nii, \u010do vedie ku konzistentnej a vysoko kvalitnej tvorbe bal\u00edkov.<\/li>\n<\/ul>\n<p><strong>Rozlo\u017eenie za\u0165a\u017eenia<\/strong><\/p>\n<ul>\n<li>Funkcia: Prevodovka FMP9.35 pom\u00e1ha rovnomerne rozlo\u017ei\u0165 mechanick\u00e9 za\u0165a\u017eenie v celom syst\u00e9me a zabezpe\u010duje, \u017ee \u017eiadna s\u00fa\u010diastka nie je pre\u0165a\u017een\u00e1.<\/li>\n<li>V\u00fdhoda: Toto rozlo\u017eenie za\u0165a\u017eenia minimalizuje opotrebovanie kritick\u00fdch komponentov, \u010d\u00edm sa zvy\u0161uje \u017eivotnos\u0165 lisu a zni\u017euj\u00fa sa n\u00e1roky na \u00fadr\u017ebu.<\/li>\n<\/ul>\n<p>Prevodovka lisu na okr\u00fahle bal\u00edky FMP9.35 je nevyhnutn\u00e1 pre zabezpe\u010denie efekt\u00edvnej a spo\u013eahlivej prev\u00e1dzky lisov na okr\u00fahle bal\u00edky v po\u013enohospod\u00e1rskych aplik\u00e1ci\u00e1ch. Zabezpe\u010duje plynul\u00fd prenos v\u00fdkonu, zn\u00e1sobenie kr\u00fatiaceho momentu, zn\u00ed\u017eenie r\u00fdchlosti a rozlo\u017eenie za\u0165a\u017eenia, maximalizuje v\u00fdkon lisu a z\u00e1rove\u0148 minimalizuje prev\u00e1dzkov\u00e9 n\u00e1klady a po\u017eiadavky na \u00fadr\u017ebu. T\u00e1to prevodovka pom\u00e1ha farm\u00e1rom dosahova\u0165 konzistentn\u00e9, vysoko kvalitn\u00e9 bal\u00edky a zvy\u0161uje celkov\u00fa produktivitu ich bal\u00edkovac\u00edch oper\u00e1ci\u00ed.<\/p>\n<p><img loading=\"lazy\" decoding=\"async\" class=\"alignnone size-full wp-image-2505\" src=\"https:\/\/fmp-components.com\/wp-content\/uploads\/2025\/01\/Round-Baler-Gearbox-191-scaled.webp\" alt=\"Prevodovka lisu na okr\u00fahle bal\u00edky 19(1)\" width=\"2560\" height=\"1920\" title=\"\" srcset=\"https:\/\/fmp-components.com\/wp-content\/uploads\/2025\/01\/Round-Baler-Gearbox-191-scaled.webp 2560w, https:\/\/fmp-components.com\/wp-content\/uploads\/2025\/01\/Round-Baler-Gearbox-191-1280x960.webp 1280w, https:\/\/fmp-components.com\/wp-content\/uploads\/2025\/01\/Round-Baler-Gearbox-191-980x735.webp 980w, https:\/\/fmp-components.com\/wp-content\/uploads\/2025\/01\/Round-Baler-Gearbox-191-480x360.webp 480w\" sizes=\"(min-width: 0px) and (max-width: 480px) 480px, (min-width: 481px) and (max-width: 980px) 980px, (min-width: 981px) and (max-width: 1280px) 1280px, (min-width: 1281px) 2560px, 100vw\" \/><\/p>\n<h3>O FMP<\/h3>\n<p>Spolo\u010dnos\u0165 FMP so s\u00eddlom v Taliansku je popredn\u00fdm v\u00fdrobcom zn\u00e1mym svojimi odborn\u00fdmi znalos\u0165ami v oblasti n\u00e1vrhu, v\u00fdvoja a v\u00fdroby vysokov\u00fdkonn\u00fdch prevodoviek, najm\u00e4 pre sektor po\u013enohospod\u00e1rskych strojov. Spolo\u010dnos\u0165 FMP je zn\u00e1ma prec\u00edznym in\u017einierstvom, inovat\u00edvnymi rie\u0161eniami a neochvejnou spo\u013eahlivos\u0165ou a etablovala sa ako d\u00f4veryhodn\u00fd partner pri plnen\u00ed vyv\u00edjaj\u00facich sa po\u017eiadaviek po\u013enohospod\u00e1rskych aj priemyseln\u00fdch trhov. Na\u0161e rozsiahle produktov\u00e9 portf\u00f3lio zah\u0155\u0148a \u0161pecializovan\u00e9 prevodovky pre kosa\u010dky na tr\u00e1vu, v\u00fdvodov\u00e9 hriadele a r\u00f4zne \u010fal\u0161ie kritick\u00e9 komponenty, pri\u010dom v\u0161etky s\u00fa navrhnut\u00e9 tak, aby poskytovali rie\u0161enia na mieru v \u0161irokej \u0161k\u00e1le aplik\u00e1ci\u00ed.<\/p>\n<p>V spolo\u010dnosti FMP si uvedomujeme, \u017ee potreby ka\u017ed\u00e9ho klienta s\u00fa jedine\u010dn\u00e9. Preto sa \u0161pecializujeme na poskytovanie rie\u0161en\u00ed na mieru, \u010di u\u017e ide o jednotliv\u00e9 komponenty alebo plne integrovan\u00e9 syst\u00e9my. \u00dazkou spolupr\u00e1cou s na\u0161imi z\u00e1kazn\u00edkmi zabezpe\u010dujeme, aby ka\u017ed\u00e9 rie\u0161enie bolo nielen efekt\u00edvne, ale aj optimalizovan\u00e9 z h\u013eadiska efektivity, v\u00fdkonu a hodnoty. N\u00e1\u0161 z\u00e1v\u00e4zok pon\u00faka\u0165 r\u00fdchle a profesion\u00e1lne odpovede, podporen\u00e9 odborn\u00fdm poradenstvom, zabezpe\u010duje, \u017ee ka\u017ed\u00e1 po\u017eiadavka je vybaven\u00e1 s presnos\u0165ou, \u010do vedie k \u010do najlep\u0161\u00edm v\u00fdsledkom.<\/p>\n<p>Uprednost\u0148ujeme transparentn\u00fa a nepretr\u017eit\u00fa komunik\u00e1ciu po\u010das cel\u00e9ho procesu v\u00fdvoja produktu. N\u00e1\u0161 \u0161pecializovan\u00fd t\u00edm spolupracuje priamo s klientmi, aby d\u00f4kladne pochopil ich \u0161pecifick\u00e9 po\u017eiadavky a pon\u00fakal praktick\u00e9 poznatky a odpor\u00fa\u010dania, ktor\u00e9 ved\u00fa k optim\u00e1lnym rie\u0161eniam. \u010ci u\u017e navrhujeme inovat\u00edvne produkty alebo pln\u00edme prebiehaj\u00face objedn\u00e1vky, spolo\u010dnos\u0165 FMP sa zav\u00e4zuje dod\u00e1va\u0165 vysokokvalitn\u00e9, prec\u00edzne navrhnut\u00e9 rie\u0161enia v\u010das a v\u017edy. Na\u0161\u00edm poslan\u00edm je poskytova\u0165 klientom vynikaj\u00face slu\u017eby a v\u00fdsledky, pri\u010dom pri ka\u017edom projekte neust\u00e1le prekon\u00e1vame o\u010dak\u00e1vania.<\/p>\n<p>Kvalita je z\u00e1kladom fungovania spolo\u010dnosti FMP. Dodr\u017eiavame najvy\u0161\u0161ie v\u00fdrobn\u00e9 \u0161tandardy a implementujeme pr\u00edsne procesy kontroly kvality, aby sme zabezpe\u010dili, \u017ee ka\u017ed\u00fd produkt nielen sp\u013a\u0148a, ale aj prekon\u00e1va priemyseln\u00e9 \u0161tandardy. Tento neochvejn\u00fd z\u00e1v\u00e4zok ku kvalite spolu s na\u0161imi z\u00e1kladn\u00fdmi hodnotami integrity, t\u00edmovej pr\u00e1ce a vytrvalosti n\u00e1m umo\u017enil vybudova\u0165 si dlhodob\u00e9 vz\u0165ahy zalo\u017een\u00e9 na d\u00f4vere s klientmi v takmer 30 krajin\u00e1ch sveta.<\/p>\n<p>V spolo\u010dnosti FMP sme v\u017edy otvoren\u00ed vytv\u00e1raniu glob\u00e1lnych partnerstiev a sme odhodlan\u00ed pon\u00faka\u0165 odborn\u00e9 poradenstvo a rie\u0161enia na mieru, ktor\u00e9 rie\u0161ia rozmanit\u00e9 potreby na\u0161ich klientov. Ideme nad r\u00e1mec jednoduch\u00e9ho poskytovania produktov; sna\u017e\u00edme sa budova\u0165 trval\u00e9 vz\u0165ahy, ktor\u00e9 prispievaj\u00fa k \u00faspechu ka\u017ed\u00e9ho projektu. \u010ci u\u017e potrebujete inovat\u00edvne rie\u0161enia pre nov\u00fa iniciat\u00edvu alebo priebe\u017en\u00fa podporu pre existuj\u00faci syst\u00e9m, FMP je tu, aby sa vysporiadala s va\u0161imi technick\u00fdmi v\u00fdzvami a zabezpe\u010dila v\u00e1\u0161 trval\u00fd \u00faspech.<\/p>\n<p><img loading=\"lazy\" decoding=\"async\" class=\"alignnone size-full wp-image-1861\" src=\"https:\/\/fmp-components.com\/wp-content\/uploads\/2024\/12\/Other-Agricultural-Gearboxes.webp\" sizes=\"(min-width: 0px) and (max-width: 480px) 480px, (min-width: 481px) and (max-width: 980px) 980px, (min-width: 981px) 1200px, 100vw\" srcset=\"https:\/\/fmp-components.com\/wp-content\/uploads\/2024\/12\/Other-Agricultural-Gearboxes.webp 1200w, https:\/\/fmp-components.com\/wp-content\/uploads\/2024\/12\/Other-Agricultural-Gearboxes-980x1143.webp 980w, https:\/\/fmp-components.com\/wp-content\/uploads\/2024\/12\/Other-Agricultural-Gearboxes-480x560.webp 480w\" alt=\"Altri-cambi-agricoli\" width=\"1200\" height=\"1400\" title=\"\"><\/p>\n<p>Autor: CX<\/p>","protected":false},"excerpt":{"rendered":"<p>Round Baler Gearbox FMP9.35 Dimensions Round Baler Gearbox FMP9.35 Technical Data i Suitable Rpm input Rpm output KW(Nom) KW(Max) Toothing r\/min r\/min hp hp Decelerate 1.92:1 Round baler, harvester, etc 540 282 120 3000 Gleason Helical Teeth Remark: If you have any special require feel free let me know, we also accept custom. Advantages of [&hellip;]<\/p>","protected":false},"featured_media":2514,"comment_status":"open","ping_status":"closed","template":"","meta":{"_et_pb_use_builder":"","_et_pb_old_content":"","_et_gb_content_width":""},"product_brand":[],"product_cat":[59],"product_tag":[],"class_list":{"0":"post-2510","1":"product","2":"type-product","3":"status-publish","4":"has-post-thumbnail","6":"product_cat-round-baler-gearbox","8":"first","9":"instock","10":"shipping-taxable","11":"product-type-simple"},"_links":{"self":[{"href":"https:\/\/fmp-components.com\/sk\/wp-json\/wp\/v2\/product\/2510","targetHints":{"allow":["GET"]}}],"collection":[{"href":"https:\/\/fmp-components.com\/sk\/wp-json\/wp\/v2\/product"}],"about":[{"href":"https:\/\/fmp-components.com\/sk\/wp-json\/wp\/v2\/types\/product"}],"replies":[{"embeddable":true,"href":"https:\/\/fmp-components.com\/sk\/wp-json\/wp\/v2\/comments?post=2510"}],"wp:featuredmedia":[{"embeddable":true,"href":"https:\/\/fmp-components.com\/sk\/wp-json\/wp\/v2\/media\/2514"}],"wp:attachment":[{"href":"https:\/\/fmp-components.com\/sk\/wp-json\/wp\/v2\/media?parent=2510"}],"wp:term":[{"taxonomy":"product_brand","embeddable":true,"href":"https:\/\/fmp-components.com\/sk\/wp-json\/wp\/v2\/product_brand?post=2510"},{"taxonomy":"product_cat","embeddable":true,"href":"https:\/\/fmp-components.com\/sk\/wp-json\/wp\/v2\/product_cat?post=2510"},{"taxonomy":"product_tag","embeddable":true,"href":"https:\/\/fmp-components.com\/sk\/wp-json\/wp\/v2\/product_tag?post=2510"}],"curies":[{"name":"pracovn\u00fd list","href":"https:\/\/api.w.org\/{rel}","templated":true}]}}