{"id":2476,"date":"2025-01-01T08:57:07","date_gmt":"2025-01-01T08:57:07","guid":{"rendered":"https:\/\/fmp-components.com\/?page_id=8"},"modified":"2025-01-02T01:23:56","modified_gmt":"2025-01-02T01:23:56","slug":"round-baler-gearbox-replacement-of-comer-code-t-292e","status":"publish","type":"product","link":"https:\/\/fmp-components.com\/sk\/product\/round-baler-gearbox-replacement-of-comer-code-t-292e\/","title":{"rendered":"Prevodovka lisu na okr\u00fahle bal\u00edky \u2013 v\u00fdmena k\u00f3du Comer T-292E"},"content":{"rendered":"<p><img loading=\"lazy\" decoding=\"async\" class=\"size-full wp-image-2477 aligncenter\" src=\"https:\/\/fmp-components.com\/wp-content\/uploads\/2025\/01\/round-baler-gearbox-t292e-11.webp\" alt=\"prevodovka-lisu-na-okr\u00fahle-bal\u00edky-t292e-1(1)\" width=\"372\" height=\"300\" title=\"\" srcset=\"https:\/\/fmp-components.com\/wp-content\/uploads\/2025\/01\/round-baler-gearbox-t292e-11.webp 372w, https:\/\/fmp-components.com\/wp-content\/uploads\/2025\/01\/round-baler-gearbox-t292e-11-300x242.webp 300w, https:\/\/fmp-components.com\/wp-content\/uploads\/2025\/01\/round-baler-gearbox-t292e-11-15x12.webp 15w\" sizes=\"(max-width: 372px) 100vw, 372px\" \/><\/p>\n<h2>\u0160pecifik\u00e1cia prevodovky lisu na okr\u00fahle bal\u00edky T292E<\/h2>\n<p><img loading=\"lazy\" decoding=\"async\" class=\"alignnone wp-image-2478\" src=\"https:\/\/fmp-components.com\/wp-content\/uploads\/2025\/01\/china-round-baler-gearbox-details-T292E.webp\" alt=\"detaily-prevodovky-lisu-na-okr\u00fahle-bal\u00edky-\u010d\u00edna-T292E\" width=\"911\" height=\"811\" title=\"\" srcset=\"https:\/\/fmp-components.com\/wp-content\/uploads\/2025\/01\/china-round-baler-gearbox-details-T292E.webp 911w, https:\/\/fmp-components.com\/wp-content\/uploads\/2025\/01\/china-round-baler-gearbox-details-T292E-480x427.webp 480w\" sizes=\"(min-width: 0px) and (max-width: 480px) 480px, (min-width: 481px) 911px, 100vw\" \/><\/p>\n<table style=\"width: 98.5091%; height: 503px;\" border=\"1\">\n<tbody>\n<tr>\n<td><strong>ja<\/strong><\/td>\n<td>1.86<\/td>\n<\/tr>\n<tr>\n<td><strong>N<sub>1<\/sub>[ot.\/min.]<\/strong><\/td>\n<td>540<\/td>\n<\/tr>\n<tr>\n<td><strong>P<sub>1<\/sub>[kW]<\/strong><\/td>\n<td>47.7<\/td>\n<\/tr>\n<tr>\n<td><strong>M<sub>2<\/sub>[Nm]<\/strong><\/td>\n<td>&#8211;<\/td>\n<\/tr>\n<tr>\n<td><strong>Hriade\u013e X<br \/>\n<img loading=\"lazy\" decoding=\"async\" class=\"size-full wp-image-2473 aligncenter\" src=\"https:\/\/fmp-components.com\/wp-content\/uploads\/2025\/01\/shaft-x.webp\" alt=\"hriade\u013e-x\" width=\"81\" height=\"78\" title=\"\" srcset=\"https:\/\/fmp-components.com\/wp-content\/uploads\/2025\/01\/shaft-x.webp 81w, https:\/\/fmp-components.com\/wp-content\/uploads\/2025\/01\/shaft-x-12x12.webp 12w\" sizes=\"(max-width: 81px) 100vw, 81px\" \/><br \/>\n<\/strong><\/td>\n<td>\u00a01\u201d 3\/8 Z6<\/td>\n<\/tr>\n<tr>\n<td><strong>Hriade\u013e Y<img loading=\"lazy\" decoding=\"async\" class=\"size-full wp-image-2473 aligncenter\" src=\"https:\/\/fmp-components.com\/wp-content\/uploads\/2025\/01\/shaft-x.webp\" alt=\"hriade\u013e-x\" width=\"81\" height=\"78\" title=\"\" srcset=\"https:\/\/fmp-components.com\/wp-content\/uploads\/2025\/01\/shaft-x.webp 81w, https:\/\/fmp-components.com\/wp-content\/uploads\/2025\/01\/shaft-x-12x12.webp 12w\" sizes=\"(max-width: 81px) 100vw, 81px\" \/><\/strong><\/td>\n<td>1\u201d 3\/8 Z6<\/td>\n<\/tr>\n<tr>\n<td><strong>Hriade\u013e Z<img loading=\"lazy\" decoding=\"async\" class=\"size-full wp-image-2480 aligncenter\" src=\"https:\/\/fmp-components.com\/wp-content\/uploads\/2025\/01\/shaft1.webp\" alt=\"hriade\u013e\" width=\"83\" height=\"83\" title=\"\" srcset=\"https:\/\/fmp-components.com\/wp-content\/uploads\/2025\/01\/shaft1.webp 83w, https:\/\/fmp-components.com\/wp-content\/uploads\/2025\/01\/shaft1-12x12.webp 12w\" sizes=\"(max-width: 83px) 100vw, 83px\" \/><\/strong><\/td>\n<td>L200 \u03a655<\/td>\n<\/tr>\n<tr>\n<td><strong>Vstup<\/strong><\/td>\n<td>X<\/td>\n<\/tr>\n<\/tbody>\n<\/table>\n<h2>Funkcie prevodovky lisu na okr\u00fahle bal\u00edky<\/h2>\n<p>Prevodovka lisu na okr\u00fahle bal\u00edky je k\u013e\u00fa\u010dovou s\u00fa\u010das\u0165ou po\u013enohospod\u00e1rskych bal\u00edkovac\u00edch strojov, ktor\u00e1 zabezpe\u010duje efekt\u00edvnu prev\u00e1dzku lisov na okr\u00fahle bal\u00edky. Ni\u017e\u0161ie s\u00fa uveden\u00e9 k\u013e\u00fa\u010dov\u00e9 vlastnosti typickej prevodovky lisu na okr\u00fahle bal\u00edky, ktor\u00e9 s\u00fa navrhnut\u00e9 tak, aby zv\u00fd\u0161ili v\u00fdkon, odolnos\u0165 a spo\u013eahlivos\u0165:<\/p>\n<p><strong>Vysok\u00fd kr\u00fatiaci moment<\/strong><\/p>\n<p>Prevodovky lisu na okr\u00fahle bal\u00edky s\u00fa navrhnut\u00e9 tak, aby poskytovali vysok\u00fd kr\u00fatiaci moment, ktor\u00fd umo\u017e\u0148uje lisu efekt\u00edvne manipulova\u0165 s ve\u013ek\u00fdmi objemami plod\u00edn vr\u00e1tane sena, slamy a sil\u00e1\u017ee. Vysok\u00fd kr\u00fatiaci moment zais\u0165uje plynul\u00fd chod lisu aj pri vysokom za\u0165a\u017een\u00ed.<\/p>\n<ul>\n<li>V\u00fdhoda: Poskytuje konzistentn\u00fd a spo\u013eahliv\u00fd v\u00fdkon pre hust\u00e9 a vlhk\u00e9 plodiny, \u010d\u00edm zni\u017euje riziko pre\u0165a\u017eenia.<\/li>\n<\/ul>\n<p><strong>Robustn\u00e1 kon\u0161trukcia<\/strong><\/p>\n<p>Prevodovky lisu na okr\u00fahle bal\u00edky s\u00fa vyroben\u00e9 z vysokopevnostn\u00fdch materi\u00e1lov, ktor\u00e9 odol\u00e1vaj\u00fa n\u00e1ro\u010dn\u00fdm podmienkam po\u013enohospod\u00e1rskej prev\u00e1dzky. Odoln\u00fd kryt a prevody zabezpe\u010duj\u00fa dlhotrvaj\u00faci v\u00fdkon aj v n\u00e1ro\u010dn\u00fdch prostrediach, ako s\u00fa drsn\u00e9 poveternostn\u00e9 podmienky, vlhkos\u0165 a vysok\u00fd tlak.<\/p>\n<ul>\n<li>V\u00fdhoda: Maximalizuje odolnos\u0165 a minimalizuje riziko por\u00fach, \u010d\u00edm sa zni\u017euj\u00fa prestoje a n\u00e1klady na \u00fadr\u017ebu.<\/li>\n<\/ul>\n<p><strong>Presn\u00fd prevodov\u00fd pomer (napr. 1:3 alebo 1:4)<\/strong><\/p>\n<p>Prevodov\u00fd pomer prevodovky lisu na okr\u00fahle bal\u00edky je optimalizovan\u00fd pre vyv\u00e1\u017eenie kr\u00fatiaceho momentu a r\u00fdchlosti. Be\u017en\u00e9 prevody, ako napr\u00edklad 1:3 alebo 1:4, poskytuj\u00fa spr\u00e1vne mno\u017estvo v\u00fdkonu na vytvorenie kompaktn\u00fdch, rovnomern\u00fdch bal\u00edkov bez za\u0165a\u017eenia syst\u00e9mu. Vhodn\u00fd prevodov\u00fd pomer pom\u00e1ha lisu efekt\u00edvne pracova\u0165 pri r\u00f4znych typoch plod\u00edn.<\/p>\n<ul>\n<li>V\u00fdhoda: Zais\u0165uje plynul\u00fd chod a konzistentn\u00e9 lisovanie bal\u00edkov v r\u00f4znych materi\u00e1loch a po\u013en\u00fdch podmienkach.<\/li>\n<\/ul>\n<p><strong>Plynul\u00e1 prev\u00e1dzka s n\u00edzkymi vibr\u00e1ciami<\/strong><\/p>\n<p>Prevodovky lisu na okr\u00fahle bal\u00edky s\u00fa navrhnut\u00e9 pre plynul\u00fd chod s pokro\u010dil\u00fdmi kon\u0161trukciami, ktor\u00e9 minimalizuj\u00fa vibr\u00e1cie a mechanick\u00e9 nam\u00e1hanie. V\u00fdsledkom je tich\u0161ia prev\u00e1dzka a zn\u00ed\u017eenie opotrebenia prevodovky aj ostatn\u00fdch pripojen\u00fdch \u010dast\u00ed.<\/p>\n<ul>\n<li>V\u00fdhoda: Predl\u017euje \u017eivotnos\u0165 prevodovky a pripojen\u00fdch komponentov a z\u00e1rove\u0148 zabezpe\u010duje tich\u0161\u00ed a efekt\u00edvnej\u0161\u00ed proces lisovania.<\/li>\n<\/ul>\n<p><strong>Dizajn s jednoduchou \u00fadr\u017ebou<\/strong><\/p>\n<p>Prevodovka je navrhnut\u00e1 pre jednoduch\u00fa \u00fadr\u017ebu s pr\u00edstupov\u00fdmi bodmi na mazanie, kontrolu a servis. Pravideln\u00e9 \u00fadr\u017eb\u00e1rske \u00falohy s\u00fa zjednodu\u0161en\u00e9, \u010do zabezpe\u010duje, \u017ee oper\u00e1tori m\u00f4\u017eu udr\u017eiava\u0165 prevodovku v efekt\u00edvnom chode bez nadmern\u00fdch prestojov.<\/p>\n<ul>\n<li>V\u00fdhoda: Zni\u017euje zlo\u017eitos\u0165 a \u010das potrebn\u00fd na \u00fadr\u017ebu, \u010d\u00edm sa zvy\u0161uje prev\u00e1dzkov\u00e1 prev\u00e1dzkyschopnos\u0165.<\/li>\n<\/ul>\n<p>Prevodovka lisu na okr\u00fahle bal\u00edky je nevyhnutnou s\u00fa\u010das\u0165ou efekt\u00edvnej prev\u00e1dzky bal\u00edkovac\u00edch strojov. Jej vysok\u00fd kr\u00fatiaci moment, robustn\u00e1 kon\u0161trukcia, presn\u00e9 prevodov\u00e9 pomery a jednoduch\u00e1 \u00fadr\u017eba zabezpe\u010duj\u00fa optim\u00e1lny v\u00fdkon, spo\u013eahlivos\u0165 a dlh\u00fa \u017eivotnos\u0165 v po\u013enohospod\u00e1rskych prev\u00e1dzkach. \u010ci u\u017e ide o bal\u00edkovanie sena, slamy alebo sil\u00e1\u017ee, prevodovka lisu na okr\u00fahle bal\u00edky podporuje plynul\u00fa, efekt\u00edvnu a n\u00e1kladovo efekt\u00edvnu prev\u00e1dzku, v\u010faka \u010domu je cennou invest\u00edciou pre po\u013enohospod\u00e1rov a dod\u00e1vate\u013eov.<\/p>\n<p><img loading=\"lazy\" decoding=\"async\" class=\"size-full wp-image-2479 aligncenter\" src=\"https:\/\/fmp-components.com\/wp-content\/uploads\/2025\/01\/round-baler-gearbox-T292E-e1.webp\" alt=\"prevodovka lisu na okr\u00fahle bal\u00edky T292E-e(1)\" width=\"500\" height=\"500\" title=\"\" srcset=\"https:\/\/fmp-components.com\/wp-content\/uploads\/2025\/01\/round-baler-gearbox-T292E-e1.webp 500w, https:\/\/fmp-components.com\/wp-content\/uploads\/2025\/01\/round-baler-gearbox-T292E-e1-480x480.webp 480w\" sizes=\"(min-width: 0px) and (max-width: 480px) 480px, (min-width: 481px) 500px, 100vw\" \/><\/p>\n<h3>O FMP<\/h3>\n<p>Spolo\u010dnos\u0165 FMP so s\u00eddlom v Taliansku je uzn\u00e1van\u00fdm l\u00eddrom v oblasti n\u00e1vrhu, v\u00fdvoja a v\u00fdroby vysokov\u00fdkonn\u00fdch prevodoviek so siln\u00fdm d\u00f4razom na po\u013enohospod\u00e1rske stroje. Spolo\u010dnos\u0165 FMP je zn\u00e1ma svojou presnou in\u017einierskou technikou, inovat\u00edvnymi rie\u0161eniami a bezkonkuren\u010dnou spo\u013eahlivos\u0165ou a z\u00edskala si d\u00f4veru v po\u013enohospod\u00e1rskom aj priemyselnom sektore. Na\u0161e komplexn\u00e9 produktov\u00e9 portf\u00f3lio zah\u0155\u0148a \u0161pecializovan\u00e9 prevodovky pre kosa\u010dky na tr\u00e1vu, v\u00fdvodov\u00e9 hriadele a \u010fal\u0161ie d\u00f4le\u017eit\u00e9 komponenty, ktor\u00e9 s\u00fa navrhnut\u00e9 tak, aby poskytovali rie\u0161enia na mieru pre \u0161irok\u00fa \u0161k\u00e1lu aplik\u00e1ci\u00ed.<\/p>\n<p>V spolo\u010dnosti FMP ch\u00e1peme, \u017ee ka\u017ed\u00fd klient m\u00e1 jedine\u010dn\u00e9 v\u00fdzvy a po\u017eiadavky. Preto sa \u0161pecializujeme na poskytovanie rie\u0161en\u00ed na mieru, \u010di u\u017e ide o jednotliv\u00e9 komponenty alebo kompletn\u00e9 integrovan\u00e9 syst\u00e9my. \u00dazko spolupracujeme s na\u0161imi z\u00e1kazn\u00edkmi, aby sme zabezpe\u010dili, \u017ee ka\u017ed\u00e9 rie\u0161enie je nielen efekt\u00edvne, ale aj \u00fa\u010dinn\u00e9, optimalizuje v\u00fdkon a hodnotu. N\u00e1\u0161 z\u00e1v\u00e4zok k r\u00fdchlym a profesion\u00e1lnym reakci\u00e1m a odborn\u00e9mu vedeniu zaru\u010duje, \u017ee ka\u017ed\u00e1 po\u017eiadavka je spracovan\u00e1 s presnos\u0165ou, \u010do vedie k najlep\u0161\u00edm mo\u017en\u00fdm v\u00fdsledkom.<\/p>\n<p>Kladieme ve\u013ek\u00fd d\u00f4raz na otvoren\u00fa a nepretr\u017eit\u00fa komunik\u00e1ciu po\u010das cel\u00e9ho procesu v\u00fdvoja produktu. N\u00e1\u0161 \u0161pecializovan\u00fd t\u00edm spolupracuje priamo s klientmi, aby d\u00f4kladne pochopil ich \u0161pecifick\u00e9 potreby a pon\u00fakal im podnetn\u00e9 odpor\u00fa\u010dania a praktick\u00e9 rie\u0161enia. \u010ci u\u017e vyv\u00edjame nov\u00e9, inovat\u00edvne produkty alebo pln\u00edme prebiehaj\u00face objedn\u00e1vky, spolo\u010dnos\u0165 FMP zost\u00e1va neochvejn\u00e1 v poskytovan\u00ed vysokokvalitn\u00fdch, prec\u00edzne navrhnut\u00fdch rie\u0161en\u00ed konzistentne a v\u010das. Na\u0161\u00edm cie\u013eom je prekona\u0165 o\u010dak\u00e1vania klientov a poskytova\u0165 bezkonkuren\u010dn\u00e9 slu\u017eby a vynikaj\u00face v\u00fdsledky pri ka\u017edom projekte.<\/p>\n<p>Jadrom \u010dinnosti spolo\u010dnosti FMP je neochvejn\u00fd z\u00e1v\u00e4zok ku kvalite. Dodr\u017eiavame najvy\u0161\u0161ie v\u00fdrobn\u00e9 \u0161tandardy a presadzujeme pr\u00edsne protokoly kontroly kvality, aby sme zabezpe\u010dili, \u017ee ka\u017ed\u00fd produkt nielen sp\u013a\u0148a, ale aj prekon\u00e1va o\u010dak\u00e1vania odvetvia. Toto odhodlanie ku kvalite v kombin\u00e1cii s na\u0161imi z\u00e1kladn\u00fdmi hodnotami integrity, spolupr\u00e1ce a odolnosti n\u00e1m umo\u017enilo nadviaza\u0165 trval\u00e9 vz\u0165ahy s klientmi vo viac ako 30 krajin\u00e1ch sveta.<\/p>\n<p>Spolo\u010dnos\u0165 FMP sa zaviazala budova\u0165 glob\u00e1lne partnerstv\u00e1 a na\u010falej pon\u00faka odborn\u00e9 poradenstvo a rie\u0161enia na mieru, ktor\u00e9 rie\u0161ia rozmanit\u00e9 potreby na\u0161ich klientov. Nedod\u00e1vame len produkty \u2013 podporujeme dlhodob\u00e9 vz\u0165ahy, ktor\u00e9 prispievaj\u00fa k trval\u00e9mu \u00faspechu ka\u017ed\u00e9ho projektu. \u010ci u\u017e h\u013ead\u00e1te inovat\u00edvne rie\u0161enia pre nov\u00fd podnik alebo trval\u00fa podporu pre zaveden\u00fd syst\u00e9m, FMP je tu, aby splnila va\u0161e technick\u00e9 v\u00fdzvy a zabezpe\u010dila v\u00e1\u0161 neust\u00e1ly rast.<\/p>\n<p><img loading=\"lazy\" decoding=\"async\" class=\"alignnone size-full wp-image-1861\" src=\"https:\/\/fmp-components.com\/wp-content\/uploads\/2024\/12\/Other-Agricultural-Gearboxes.webp\" sizes=\"(min-width: 0px) and (max-width: 480px) 480px, (min-width: 481px) and (max-width: 980px) 980px, (min-width: 981px) 1200px, 100vw\" srcset=\"https:\/\/fmp-components.com\/wp-content\/uploads\/2024\/12\/Other-Agricultural-Gearboxes.webp 1200w, https:\/\/fmp-components.com\/wp-content\/uploads\/2024\/12\/Other-Agricultural-Gearboxes-980x1143.webp 980w, https:\/\/fmp-components.com\/wp-content\/uploads\/2024\/12\/Other-Agricultural-Gearboxes-480x560.webp 480w\" alt=\"Altri-cambi-agricoli\" width=\"1200\" height=\"1400\" title=\"\"><\/p>\n<p>Autor: CX<\/p>","protected":false},"excerpt":{"rendered":"<p>Round Baler Gearbox T292E\u00a0Specification i 1.86 N1[rpm] 540 P1[kW] 47.7 M2[Nm] &#8211; Shaft X \u00a01&#8221; 3\/8 Z6 Shaft Y 1&#8221; 3\/8 Z6 Shaft Z L200 \u03a655 Input X Round Baler Gearbox Features The Round Baler Gearbox is a critical component in agricultural baling machinery, ensuring the effective operation of round balers. Below are the key [&hellip;]<\/p>","protected":false},"featured_media":2479,"comment_status":"open","ping_status":"closed","template":"","meta":{"_et_pb_use_builder":"","_et_pb_old_content":"","_et_gb_content_width":""},"product_brand":[],"product_cat":[59],"product_tag":[],"class_list":{"0":"post-2476","1":"product","2":"type-product","3":"status-publish","4":"has-post-thumbnail","6":"product_cat-round-baler-gearbox","8":"first","9":"instock","10":"shipping-taxable","11":"product-type-simple"},"_links":{"self":[{"href":"https:\/\/fmp-components.com\/sk\/wp-json\/wp\/v2\/product\/2476","targetHints":{"allow":["GET"]}}],"collection":[{"href":"https:\/\/fmp-components.com\/sk\/wp-json\/wp\/v2\/product"}],"about":[{"href":"https:\/\/fmp-components.com\/sk\/wp-json\/wp\/v2\/types\/product"}],"replies":[{"embeddable":true,"href":"https:\/\/fmp-components.com\/sk\/wp-json\/wp\/v2\/comments?post=2476"}],"wp:featuredmedia":[{"embeddable":true,"href":"https:\/\/fmp-components.com\/sk\/wp-json\/wp\/v2\/media\/2479"}],"wp:attachment":[{"href":"https:\/\/fmp-components.com\/sk\/wp-json\/wp\/v2\/media?parent=2476"}],"wp:term":[{"taxonomy":"product_brand","embeddable":true,"href":"https:\/\/fmp-components.com\/sk\/wp-json\/wp\/v2\/product_brand?post=2476"},{"taxonomy":"product_cat","embeddable":true,"href":"https:\/\/fmp-components.com\/sk\/wp-json\/wp\/v2\/product_cat?post=2476"},{"taxonomy":"product_tag","embeddable":true,"href":"https:\/\/fmp-components.com\/sk\/wp-json\/wp\/v2\/product_tag?post=2476"}],"curies":[{"name":"pracovn\u00fd list","href":"https:\/\/api.w.org\/{rel}","templated":true}]}}