{"id":2319,"date":"2024-12-31T08:13:54","date_gmt":"2024-12-31T08:13:54","guid":{"rendered":"https:\/\/fmp-components.com\/?page_id=8"},"modified":"2024-12-31T08:13:54","modified_gmt":"2024-12-31T08:13:54","slug":"irrigation-center-drive-gearbox-syf-2m-series","status":"publish","type":"product","link":"https:\/\/fmp-components.com\/sk\/product\/irrigation-center-drive-gearbox-syf-2m-series\/","title":{"rendered":"Prevodovka s pohonom zavla\u017eovacieho centra, s\u00e9ria SYF-2M"},"content":{"rendered":"<h2>\u010c\u00edsla modelov prevodovky s pohonom zavla\u017eovacieho centra s\u00e9rie SYF-2M<\/h2>\n<p>SYF-2M-20=87 ot.\/min (pomer 20:1, motor 1-1\/2 HP)<br \/>\nSYF-2M-30=58 ot.\/min (pomer 30:1, motor 1-1\/2 HP)<br \/>\nSYF-2M-40=43 ot.\/min (pomer 40:1, motor 1 HP)<br \/>\nSYF-2M-50=35 ot.\/min (pomer 50:1, motor 1 HP)<br \/>\nSYF-2M-58 = 30 ot.\/min. (prevodov\u00fd pomer 58:1, motor s v\u00fdkonom 1 HP)<br \/>\nSYF-2M-60=29 ot.\/min (pomer 60:1, motor 1 HP)<br \/>\n(Pri vstupn\u00fdch ot\u00e1\u010dkach 1740 ot.\/min.)<\/p>\n<h2>Prevodovka s pohonom zavla\u017eovacieho centra s\u00e9rie SYF-2M<\/h2>\n<p>1. Pomer: 20:1, 30:1, 40:1, 50:1, 58:1, 60:1 (k dispoz\u00edcii s\u00fa aj in\u00e9).<br \/>\n2. Pou\u017eitie samosvorn\u00e9ho ku\u017ee\u013eov\u00e9ho hriade\u013eov\u00e9ho spojenia (motor k z\u00e1vitovkov\u00e9mu hriade\u013eu) umo\u017e\u0148uje v\u00fdmenu na mieste bez<br \/>\nodstr\u00e1nen\u00edm z\u00e1vitovkov\u00e9ho hriade\u013ea alebo odpojen\u00edm z\u00e1\u0165a\u017ee. T\u00fdm sa zabezpe\u010d\u00ed presn\u00e9 zarovnanie a eliminuje sa trenie<br \/>\nna ur\u00fdchlenie demont\u00e1\u017ee motora.<br \/>\n3. Namontujte rozmiestnenie skrutiek s rozmermi 5\u201d \u00d7 6\u201d.<br \/>\n4. Vysokopevnostn\u00fd hlin\u00edkovo-bronzov\u00fd z\u00e1vitovkov\u00fd prevod.<br \/>\n5. Dod\u00e1van\u00e9 s olejom.<br \/>\n6. Vr\u00e1tane \u0161peci\u00e1lnych vonkaj\u0161\u00edch tesnen\u00ed na ochranu plod\u00edn.<br \/>\n7. Prec\u00edzne liate hlin\u00edkov\u00e9 puzdro.<br \/>\n8. V\u0161etky kritick\u00e9 elektrick\u00e9 pripojenia s\u00fa zapuzdren\u00e9, aby sa zabr\u00e1nilo prenikaniu vlhkosti.<br \/>\n9. \u0160peci\u00e1lne navrhnut\u00e9 pre n\u00e1ro\u010dn\u00e9 zavla\u017eovacie podmienky.<br \/>\n10. 460\/380 voltov, 3 f\u00e1zy, 60\/50 Hz, dvojit\u00e9 nap\u00e4tie.<br \/>\n11. Tepeln\u00e1 ochrana; automatick\u00fd reset.<br \/>\n12. Chladenie vn\u00fatorn\u00fdch rebier.<br \/>\n13. \u00daplne uzavret\u00e1 \u013eahk\u00e1 a \u013eahko dostupn\u00e1 horn\u00e1 rozvodn\u00e1 krabica.<br \/>\n14. Izol\u00e1cia triedy F.<br \/>\n15. Minim\u00e1lny odber pr\u00fadu: pr\u00fad pri plnom za\u0165a\u017een\u00ed pri menovitom nap\u00e4t\u00ed 2,3 AMP.<br \/>\n16. Hmotnos\u0165: 19,6 kg.<br \/>\n17. Objem oleja: 0,21 gal\u00f3na (0,8 l)<\/p>\n<h2>In\u0161tal\u00e1cia a rozmery obrysu prevodovky s pohonom zavla\u017eovacieho centra s\u00e9rie SYF-2M<\/h2>\n<p><img loading=\"lazy\" decoding=\"async\" class=\"alignnone size-full wp-image-2321\" src=\"https:\/\/fmp-components.com\/wp-content\/uploads\/2024\/12\/Irrigation-Center-Drive-Gearbox-SYF-2M-Series-Installation-and-Contour-Dimensions.webp\" alt=\"In\u0161tal\u00e1cia a rozmery obrysu prevodovky pohonu zavla\u017eovacieho centra s\u00e9rie SYF 2M\" width=\"1536\" height=\"880\" title=\"\" srcset=\"https:\/\/fmp-components.com\/wp-content\/uploads\/2024\/12\/Irrigation-Center-Drive-Gearbox-SYF-2M-Series-Installation-and-Contour-Dimensions.webp 1536w, https:\/\/fmp-components.com\/wp-content\/uploads\/2024\/12\/Irrigation-Center-Drive-Gearbox-SYF-2M-Series-Installation-and-Contour-Dimensions-1280x733.webp 1280w, https:\/\/fmp-components.com\/wp-content\/uploads\/2024\/12\/Irrigation-Center-Drive-Gearbox-SYF-2M-Series-Installation-and-Contour-Dimensions-980x561.webp 980w, https:\/\/fmp-components.com\/wp-content\/uploads\/2024\/12\/Irrigation-Center-Drive-Gearbox-SYF-2M-Series-Installation-and-Contour-Dimensions-480x275.webp 480w\" sizes=\"(min-width: 0px) and (max-width: 480px) 480px, (min-width: 481px) and (max-width: 980px) 980px, (min-width: 981px) and (max-width: 1280px) 1280px, (min-width: 1281px) 1536px, 100vw\" \/><\/p>\n<h2>V\u00fdhody prevodovky s pohonom zavla\u017eovacieho centra s\u00e9rie SYF-2M<\/h2>\n<p>Prevodovka s centr\u00e1lnym pohonom pre zavla\u017eovanie radu SYF-2M pon\u00faka mno\u017estvo v\u00fdhod pre pou\u017eitie v modern\u00fdch zavla\u017eovac\u00edch syst\u00e9moch, najm\u00e4 v aplik\u00e1ci\u00e1ch s centr\u00e1lnym oto\u010dn\u00fdm a line\u00e1rnym zavla\u017eovan\u00edm. Rad SYF-2M je navrhnut\u00fd pre vysok\u00fd v\u00fdkon a odolnos\u0165 a je skon\u0161truovan\u00fd tak, aby poskytoval plynul\u00fd prenos v\u00fdkonu, spo\u013eahlivos\u0165 a jednoduch\u00fa \u00fadr\u017ebu, v\u010faka \u010domu je ide\u00e1lnou vo\u013ebou pre po\u013enohospod\u00e1rske a z\u00e1hradn\u00edcke zavla\u017eovacie syst\u00e9my. Ni\u017e\u0161ie s\u00fa uveden\u00e9 k\u013e\u00fa\u010dov\u00e9 v\u00fdhody pou\u017e\u00edvania prevodovky s centr\u00e1lnym pohonom pre zavla\u017eovanie radu SYF-2M:<\/p>\n<p><strong>Zv\u00fd\u0161en\u00e1 energetick\u00e1 \u00fa\u010dinnos\u0165<\/strong><\/p>\n<p>Prevodovka s\u00e9rie SYF-2M je navrhnut\u00e1 tak, aby poskytovala vysoko efekt\u00edvny prenos v\u00fdkonu z v\u00fdvodov\u00e9ho hriade\u013ea traktora na kon\u0161trukciu s centr\u00e1lnym oto\u010dn\u00fdm \u010dapom. Optimaliz\u00e1ciou prevodov\u00fdch pomerov a zn\u00ed\u017een\u00edm energetick\u00fdch str\u00e1t prevodovka zabezpe\u010duje efekt\u00edvny prenos v\u00fdkonu, \u010do umo\u017e\u0148uje prev\u00e1dzku zavla\u017eovacieho syst\u00e9mu s minim\u00e1lnou spotrebou energie. T\u00e1to zv\u00fd\u0161en\u00e1 energetick\u00e1 \u00fa\u010dinnos\u0165 pom\u00e1ha zni\u017eova\u0165 prev\u00e1dzkov\u00e9 n\u00e1klady, v\u010faka \u010domu je s\u00e9ria SYF-2M cenovo v\u00fdhodn\u00fdm rie\u0161en\u00edm pre rozsiahle zavla\u017eovacie prev\u00e1dzky.<\/p>\n<p><strong>Vysok\u00e1 odolnos\u0165 a spo\u013eahlivos\u0165<\/strong><\/p>\n<p>Prevodovka s\u00e9rie SYF-2M, vyroben\u00e1 z vysokopevnostn\u00fdch materi\u00e1lov, ako je kalen\u00e1 oce\u013e, a prec\u00edzne vyroben\u00fdch komponentov, je navrhnut\u00e1 tak, aby odolala vysok\u00e9mu za\u0165a\u017eeniu a nepretr\u017eitej prev\u00e1dzke. Robustn\u00e1 kon\u0161trukcia zais\u0165uje, \u017ee prevodovka zvl\u00e1dne n\u00e1ro\u010dn\u00e9 prostredie po\u013enohospod\u00e1rskych zavla\u017eovac\u00edch syst\u00e9mov a poskytuje spo\u013eahliv\u00fd v\u00fdkon v extr\u00e9mnych podmienkach, ako je vysok\u00fd kr\u00fatiaci moment, kol\u00edsav\u00e9 teploty a drsn\u00e9 po\u010dasie. Jej odolnos\u0165 minimalizuje potrebu \u010dast\u00fdch opr\u00e1v alebo v\u00fdmen, \u010d\u00edm zais\u0165uje dlhodob\u00fa spo\u013eahlivos\u0165 a zni\u017euje n\u00e1klady na \u00fadr\u017ebu.<\/p>\n<p><strong>N\u00edzke n\u00e1roky na \u00fadr\u017ebu<\/strong><\/p>\n<p>Prevodovka s\u00e9rie SYF-2M je navrhnut\u00e1 pre nen\u00e1ro\u010dn\u00fa \u00fadr\u017ebu s utesnen\u00fdmi lo\u017eiskami a presn\u00fdm ozuben\u00fdm prevodom, ktor\u00e9 zni\u017euje vn\u00fatorn\u00e9 trenie a opotrebenie. Jej kon\u0161trukcia minimalizuje riziko po\u0161kodenia komponentov, \u010do umo\u017e\u0148uje plynulej\u0161iu prev\u00e1dzku s minim\u00e1lnou \u00fadr\u017ebou. Pravideln\u00e9 mazanie a ob\u010dasn\u00e9 kontroly s\u00fa vo v\u0161eobecnosti posta\u010duj\u00face na udr\u017eanie optim\u00e1lneho v\u00fdkonu, \u010do pom\u00e1ha zni\u017eova\u0165 celkov\u00e9 n\u00e1klady na vlastn\u00edctvo a skracova\u0165 prestoje, \u010d\u00edm sa zavla\u017eovacie syst\u00e9my udr\u017eiavaj\u00fa v prev\u00e1dzkyschopnom a efekt\u00edvnom stave.<\/p>\n<p><strong>Odoln\u00fd vo\u010di poveternostn\u00fdm vplyvom a kor\u00f3zii<\/strong><\/p>\n<p>Jednou z vynikaj\u00facich vlastnost\u00ed prevodovky s\u00e9rie SYF-2M je jej kon\u0161trukcia odoln\u00e1 vo\u010di poveternostn\u00fdm vplyvom a kor\u00f3zii. Prevodovka je vyroben\u00e1 s ochrann\u00fdmi n\u00e1termi a tesneniami, ktor\u00e9 ju chr\u00e1nia pred vlhkos\u0165ou, prachom a in\u00fdmi environment\u00e1lnymi faktormi. T\u00e1to kon\u0161trukcia odoln\u00e1 vo\u010di poveternostn\u00fdm vplyvom zais\u0165uje, \u017ee prevodovka funguje efekt\u00edvne v r\u00f4znych podmienkach, od siln\u00e9ho da\u017e\u010fa a\u017e po extr\u00e9mne teplo alebo chlad, v\u010faka \u010domu je ide\u00e1lna pre vonkaj\u0161ie po\u013enohospod\u00e1rske prostredie. Jej schopnos\u0165 odol\u00e1va\u0165 drsn\u00fdm poveternostn\u00fdm podmienkam zais\u0165uje konzistentn\u00fd v\u00fdkon po\u010das celej zavla\u017eovacej sez\u00f3ny.<\/p>\n<p><strong>Kompatibilita a jednoduch\u00e1 integr\u00e1cia<\/strong><\/p>\n<p>Prevodovka s\u00e9rie SYF-2M je vysoko v\u0161estrann\u00e1 a kompatibiln\u00e1 s r\u00f4znymi konfigur\u00e1ciami zavla\u017eovac\u00edch syst\u00e9mov vr\u00e1tane syst\u00e9mov s centr\u00e1lnym oto\u010dn\u00fdm \u010dapom a line\u00e1rnych zavla\u017eovac\u00edch syst\u00e9mov. D\u00e1 sa jednoducho integrova\u0165 do existuj\u00facich zost\u00e1v a pon\u00faka jednoduch\u00fa mo\u017enos\u0165 v\u00fdmeny opotrebovan\u00fdch alebo po\u0161koden\u00fdch prevodoviek. Jej kompatibilita so \u0161tandardn\u00fdmi zavla\u017eovac\u00edmi syst\u00e9mami zais\u0165uje minim\u00e1lny \u010das in\u0161tal\u00e1cie, \u010do umo\u017e\u0148uje r\u00fdchlu moderniz\u00e1ciu alebo opravu syst\u00e9mu bez rozsiahlych \u00faprav, \u010d\u00edm sa zabezpe\u010duje plynul\u00fd prechod a minim\u00e1lne naru\u0161enie zavla\u017eovac\u00edch oper\u00e1ci\u00ed.<\/p>\n<p>Prevodovka s centr\u00e1lnym pohonom pre zavla\u017eovanie radu SYF-2M pon\u00faka v\u00fdznamn\u00e9 v\u00fdhody z h\u013eadiska energetickej \u00fa\u010dinnosti, odolnosti a n\u00edzkych n\u00e1rokov na \u00fadr\u017ebu. Jej vysoko v\u00fdkonn\u00e1 kon\u0161trukcia zais\u0165uje spo\u013eahliv\u00fa a n\u00e1kladovo efekt\u00edvnu prev\u00e1dzku v r\u00f4znych po\u013enohospod\u00e1rskych a z\u00e1hradn\u00edckych zavla\u017eovac\u00edch syst\u00e9moch. Kon\u0161trukcia prevodovky odoln\u00e1 vo\u010di poveternostn\u00fdm vplyvom a kor\u00f3zii v kombin\u00e1cii s jej jednoduchou integr\u00e1ciou do existuj\u00facich syst\u00e9mov z nej rob\u00ed vynikaj\u00facu vo\u013ebu na zv\u00fd\u0161enie \u00fa\u010dinnosti a dlhej \u017eivotnosti centr\u00e1lne oto\u010dn\u00fdch a line\u00e1rnych zavla\u017eovac\u00edch syst\u00e9mov. Zn\u00ed\u017een\u00edm prev\u00e1dzkov\u00fdch n\u00e1kladov a prestojov pom\u00e1ha prevodovka radu SYF-2M optimalizova\u0165 hospod\u00e1renie s vodou a \u00fa\u010dinnos\u0165 zavla\u017eovania v po\u013enohospod\u00e1rskych prev\u00e1dzkach.<\/p>\n<p><img loading=\"lazy\" decoding=\"async\" class=\"alignnone size-full wp-image-2323\" src=\"https:\/\/fmp-components.com\/wp-content\/uploads\/2024\/12\/Irrigation-Center-Drive-Gearbox-SYF-2M-Series-Applications.webp\" alt=\"Prevodovka pohonu zavla\u017eovacieho centra s\u00e9rie SYF 2M \u2013 Aplik\u00e1cie\" width=\"1540\" height=\"800\" title=\"\" srcset=\"https:\/\/fmp-components.com\/wp-content\/uploads\/2024\/12\/Irrigation-Center-Drive-Gearbox-SYF-2M-Series-Applications.webp 1540w, https:\/\/fmp-components.com\/wp-content\/uploads\/2024\/12\/Irrigation-Center-Drive-Gearbox-SYF-2M-Series-Applications-1280x665.webp 1280w, https:\/\/fmp-components.com\/wp-content\/uploads\/2024\/12\/Irrigation-Center-Drive-Gearbox-SYF-2M-Series-Applications-980x509.webp 980w, https:\/\/fmp-components.com\/wp-content\/uploads\/2024\/12\/Irrigation-Center-Drive-Gearbox-SYF-2M-Series-Applications-480x249.webp 480w\" sizes=\"(min-width: 0px) and (max-width: 480px) 480px, (min-width: 481px) and (max-width: 980px) 980px, (min-width: 981px) and (max-width: 1280px) 1280px, (min-width: 1281px) 1540px, 100vw\" \/><\/p>\n<h2>Aplik\u00e1cie prevodovky s pohonom zavla\u017eovacieho centra s\u00e9rie SYF-2M<\/h2>\n<p>Prevodovka s pohonom zavla\u017eovacieho syst\u00e9mu SYF-2M je navrhnut\u00e1 tak, aby poskytovala spo\u013eahliv\u00fd a efekt\u00edvny prenos v\u00fdkonu v r\u00f4znych zavla\u017eovac\u00edch syst\u00e9moch. T\u00e1to prevodovka je \u0161peci\u00e1lne navrhnut\u00e1 pre po\u013enohospod\u00e1rske a z\u00e1hradn\u00edcke aplik\u00e1cie, zabezpe\u010duje rovnomern\u00e9 rozlo\u017eenie vody a optimalizuje v\u00fdkon syst\u00e9mu. Ni\u017e\u0161ie s\u00fa uveden\u00e9 k\u013e\u00fa\u010dov\u00e9 aplik\u00e1cie prevodovky s pohonom zavla\u017eovacieho syst\u00e9mu SYF-2M:<\/p>\n<p><strong>Zavla\u017eovacie syst\u00e9my Center Pivot<\/strong><\/p>\n<p>Prevodovka s\u00e9rie SYF-2M je k\u013e\u00fa\u010dov\u00fdm komponentom v zavla\u017eovac\u00edch syst\u00e9moch s centr\u00e1lnym oto\u010dn\u00fdm ramenom, kde poh\u00e1\u0148a centr\u00e1lnu oto\u010dn\u00fa kon\u0161trukciu. Tieto syst\u00e9my sa \u0161iroko pou\u017e\u00edvaj\u00fa na zavla\u017eovanie ve\u013ek\u00fdch pol\u00ed a prevodovka zais\u0165uje plynul\u00e9 a efekt\u00edvne ot\u00e1\u010danie oto\u010dn\u00e9ho ramena. Prenosom v\u00fdkonu zo syst\u00e9mu v\u00fdvodov\u00e9ho hriade\u013ea na mechanick\u00fd pohon prevodovka pom\u00e1ha dosiahnu\u0165 rovnomern\u00e9 rozlo\u017eenie vody, \u010d\u00edm sa zni\u017euje plytvanie vodou a zlep\u0161uj\u00fa sa v\u00fdnosy plod\u00edn.<\/p>\n<p><strong>Line\u00e1rne zavla\u017eovacie syst\u00e9my<\/strong><\/p>\n<p>V line\u00e1rnych zavla\u017eovac\u00edch syst\u00e9moch sa prevodovka s\u00e9rie SYF-2M pou\u017e\u00edva na pohon line\u00e1rneho pohybu zavla\u017eovac\u00edch potrub\u00ed po poli. Tieto syst\u00e9my zabezpe\u010duj\u00fa cielen\u00e9 zavla\u017eovanie a prevodovka zabezpe\u010duje, \u017ee zavla\u017eovacie potrubia sa pohybuj\u00fa konzistentne po celej ploche, aby efekt\u00edvne dod\u00e1vali vodu. Jej schopnos\u0165 zvl\u00e1da\u0165 r\u00f4zne podmienky za\u0165a\u017eenia a udr\u017eiava\u0165 presn\u00fd pohyb ju rob\u00ed ide\u00e1lnou pre mal\u00e9 aj ve\u013ek\u00e9 zavla\u017eovacie projekty.<\/p>\n<p><strong>Zavla\u017eovacie syst\u00e9my pre sklen\u00edky<\/strong><\/p>\n<p>Prevodovka s\u00e9rie SYF-2M je tie\u017e vhodn\u00e1 pre zavla\u017eovacie syst\u00e9my sklen\u00edkov, kde je udr\u017eiavanie stabiln\u00e9ho a rovnomern\u00e9ho prietoku vody k\u013e\u00fa\u010dov\u00e9 pre zdravie rastl\u00edn. Prevodovka je zodpovedn\u00e1 za nap\u00e1janie zavla\u017eovac\u00edch potrub\u00ed a zabezpe\u010duje, aby ka\u017ed\u00e1 \u010das\u0165 sklen\u00edka dost\u00e1vala potrebn\u00e9 mno\u017estvo vody. Jej nen\u00e1ro\u010dn\u00e1 \u00fadr\u017eba, vysok\u00e1 odolnos\u0165 a efekt\u00edvny prenos v\u00fdkonu pom\u00e1haj\u00fa optimalizova\u0165 spotrebu vody, zni\u017eova\u0165 prev\u00e1dzkov\u00e9 n\u00e1klady a udr\u017eiava\u0165 konzistentn\u00e9 pestovate\u013esk\u00e9 prostredie.<\/p>\n<p><strong>Zavla\u017eovanie tr\u00e1vnikov a z\u00e1hrad<\/strong><\/p>\n<p>Pri zavla\u017eovan\u00ed tr\u00e1vnikov a z\u00e1hrad sa prevodovka radu SYF-2M pou\u017e\u00edva na pohon syst\u00e9mov, ktor\u00e9 zavla\u017euj\u00fa golfov\u00e9 ihrisk\u00e1, \u0161portovisk\u00e1, parky a in\u00e9 upraven\u00e9 plochy. Tieto syst\u00e9my vy\u017eaduj\u00fa efekt\u00edvny prenos v\u00fdkonu, aby sa zabezpe\u010dilo rovnomern\u00e9 zavla\u017eovanie ve\u013ek\u00fdch pl\u00f4ch tr\u00e1vnika. Kon\u0161trukcia prevodovky odoln\u00e1 vo\u010di poveternostn\u00fdm vplyvom a kor\u00f3zii zais\u0165uje spo\u013eahliv\u00fa prev\u00e1dzku v r\u00f4znych poveternostn\u00fdch podmienkach a poskytuje konzistentn\u00fd v\u00fdkon po\u010das celej zavla\u017eovacej sez\u00f3ny.<\/p>\n<p><strong>Po\u013enohospod\u00e1rske zavla\u017eovanie pre polia s plodinami<\/strong><\/p>\n<p>Prevodovka s\u00e9rie SYF-2M sa \u0161iroko pou\u017e\u00edva vo ve\u013ekoplo\u0161n\u00fdch po\u013enohospod\u00e1rskych zavla\u017eovac\u00edch syst\u00e9moch, kde pom\u00e1ha udr\u017eiava\u0165 rovnomern\u00e9 zavla\u017eovanie na poliach, kde sa pestuj\u00fa riadkov\u00e9 plodiny, sady alebo \u0161peci\u00e1lne plodiny. Zabezpe\u010den\u00edm efekt\u00edvnej prev\u00e1dzky syst\u00e9mov s oto\u010dn\u00fdm \u010dapom a line\u00e1rnych zavla\u017eovac\u00edch syst\u00e9mov prevodovka pom\u00e1ha optimalizova\u0165 spotrebu vody, zvy\u0161ova\u0165 v\u00fdnosy plod\u00edn a zni\u017eova\u0165 plytvanie vodou. Jej schopnos\u0165 zvl\u00e1dnu\u0165 n\u00e1ro\u010dn\u00e9 po\u013enohospod\u00e1rske prostredie zais\u0165uje spo\u013eahliv\u00e9 zavla\u017eovanie, ktor\u00e9 je nevyhnutn\u00e9 pre maximaliz\u00e1ciu produkcie a udr\u017eanie zdravia p\u00f4dy.<\/p>\n<p>Prevodovka s centr\u00e1lnym pohonom pre zavla\u017eovanie radu SYF-2M je navrhnut\u00e1 pre \u0161irok\u00fa \u0161k\u00e1lu zavla\u017eovac\u00edch aplik\u00e1ci\u00ed vr\u00e1tane syst\u00e9mov s centr\u00e1lnym oto\u010dn\u00fdm \u010dapom, line\u00e1rnych zavla\u017eovac\u00edch syst\u00e9mov, zavla\u017eovania sklen\u00edkov, zavla\u017eovania tr\u00e1vnikov a krajinn\u00fdch porastov a po\u013enohospod\u00e1rskeho zavla\u017eovania pol\u00ed. V\u010faka svojej odolnosti, \u00fa\u010dinnosti a jednoduchej integr\u00e1cii je vynikaj\u00facou vo\u013ebou pre optimaliz\u00e1ciu distrib\u00facie vody a v\u00fdkonu zavla\u017eovacieho syst\u00e9mu. V\u010faka konzistentn\u00e9mu a spo\u013eahliv\u00e9mu prenosu v\u00fdkonu prevodovka radu SYF-2M zabezpe\u010duje efekt\u00edvnu prev\u00e1dzku zavla\u017eovac\u00edch syst\u00e9mov, zni\u017euje n\u00e1klady a zlep\u0161uje produktivitu plod\u00edn.<\/p>\n<p><img loading=\"lazy\" decoding=\"async\" class=\"alignnone size-full wp-image-2324\" src=\"https:\/\/fmp-components.com\/wp-content\/uploads\/2024\/12\/Irrigation-Center-Drive-Gearbox-SYF-2M-Series-Benefits.webp\" alt=\"V\u00fdhody prevodovky s pohonom zavla\u017eovacieho centra s\u00e9rie SYF 2M\" width=\"980\" height=\"544\" title=\"\" srcset=\"https:\/\/fmp-components.com\/wp-content\/uploads\/2024\/12\/Irrigation-Center-Drive-Gearbox-SYF-2M-Series-Benefits.webp 980w, https:\/\/fmp-components.com\/wp-content\/uploads\/2024\/12\/Irrigation-Center-Drive-Gearbox-SYF-2M-Series-Benefits-480x266.webp 480w\" sizes=\"(min-width: 0px) and (max-width: 480px) 480px, (min-width: 481px) 980px, 100vw\" \/><\/p>\n<h3>O FMP<\/h3>\n<p>Spolo\u010dnos\u0165 FMP so s\u00eddlom v Taliansku je popredn\u00fdm v\u00fdrobcom zn\u00e1mym svojimi odborn\u00fdmi znalos\u0165ami v oblasti n\u00e1vrhu, v\u00fdvoja a v\u00fdroby vysokov\u00fdkonn\u00fdch prevodoviek so zameran\u00edm na sektor po\u013enohospod\u00e1rskych strojov. V\u010faka reput\u00e1cii v oblasti presn\u00e9ho in\u017einierstva, inovat\u00edvnych rie\u0161en\u00ed a neochvejnej spo\u013eahlivosti sa spolo\u010dnos\u0165 FMP stala d\u00f4veryhodn\u00fdm partnerom pri rie\u0161en\u00ed vyv\u00edjaj\u00facich sa potrieb po\u013enohospod\u00e1rskeho aj priemyseln\u00e9ho sektora. N\u00e1\u0161 rozmanit\u00fd sortiment produktov zah\u0155\u0148a \u0161pecializovan\u00e9 prevodovky pre kosa\u010dky na tr\u00e1vu, v\u00fdvodov\u00e9 hriadele a \u010fal\u0161ie d\u00f4le\u017eit\u00e9 komponenty, pri\u010dom v\u0161etky s\u00fa starostlivo navrhnut\u00e9 tak, aby poskytovali rie\u0161enia na mieru v \u0161irokom spektre aplik\u00e1ci\u00ed.<\/p>\n<p>V spolo\u010dnosti FMP ch\u00e1peme, \u017ee ka\u017ed\u00fd klient m\u00e1 jedine\u010dn\u00e9 po\u017eiadavky a v\u00fdzvy. Preto sa \u0161pecializujeme na pon\u00fakanie rie\u0161en\u00ed na mieru, \u010di u\u017e ide o jednotliv\u00e9 komponenty alebo plne integrovan\u00e9 syst\u00e9my. \u00dazko spolupracujeme s na\u0161imi z\u00e1kazn\u00edkmi, aby sme zabezpe\u010dili, \u017ee ka\u017ed\u00e9 rie\u0161enie je nielen efekt\u00edvne, ale aj \u00fa\u010dinn\u00e9, optimalizuj\u00fac v\u00fdkon aj hodnotu. N\u00e1\u0161 z\u00e1v\u00e4zok poskytova\u0165 r\u00fdchle a profesion\u00e1lne odpovede spolu s odborn\u00fdm poradenstvom zabezpe\u010duje, \u017ee s ka\u017edou po\u017eiadavkou sa zaobch\u00e1dza s maxim\u00e1lnou starostlivos\u0165ou a presnos\u0165ou, \u010do vedie k najlep\u0161\u00edm mo\u017en\u00fdm v\u00fdsledkom.<\/p>\n<p>Uprednost\u0148ujeme otvoren\u00fa a nepretr\u017eit\u00fa komunik\u00e1ciu po\u010das cel\u00e9ho procesu v\u00fdvoja produktu. N\u00e1\u0161 \u0161pecializovan\u00fd t\u00edm spolupracuje priamo s klientmi, aby plne pochopil ich \u0161pecifick\u00e9 potreby a pon\u00faka cenn\u00e9 poznatky a odpor\u00fa\u010dania na zabezpe\u010denie optim\u00e1lnych rie\u0161en\u00ed. \u010ci u\u017e navrhujeme inovat\u00edvne produkty alebo pln\u00edme prebiehaj\u00face objedn\u00e1vky, spolo\u010dnos\u0165 FMP sa zav\u00e4zuje dod\u00e1va\u0165 vysokokvalitn\u00e9, prec\u00edzne navrhnut\u00e9 rie\u0161enia v\u010das a v\u017edy. Na\u0161\u00edm cie\u013eom je poskytova\u0165 klientom tie najlep\u0161ie slu\u017eby a v\u00fdsledky, ktor\u00e9 pri ka\u017edom projekte prekon\u00e1vaj\u00fa o\u010dak\u00e1vania.<\/p>\n<p>Kvalita je z\u00e1kladn\u00fdm kame\u0148om prev\u00e1dzky spolo\u010dnosti FMP. Dodr\u017eiavame najvy\u0161\u0161ie v\u00fdrobn\u00e9 \u0161tandardy a zav\u00e1dzame pr\u00edsne opatrenia na kontrolu kvality, aby sme zabezpe\u010dili, \u017ee ka\u017ed\u00fd produkt nielen sp\u013a\u0148a, ale aj prekon\u00e1va priemyseln\u00e9 \u0161tandardy. Tento neochvejn\u00fd z\u00e1v\u00e4zok ku kvalite v kombin\u00e1cii s na\u0161imi z\u00e1kladn\u00fdmi hodnotami integrity, t\u00edmovej pr\u00e1ce a vytrvalosti n\u00e1m umo\u017enil vybudova\u0165 si dlhodob\u00e9 vz\u0165ahy zalo\u017een\u00e9 na d\u00f4vere s klientmi v takmer 30 krajin\u00e1ch sveta.<\/p>\n<p>Spolo\u010dnos\u0165 FMP je v\u017edy otvoren\u00e1 podpore glob\u00e1lnych partnerstiev a na\u010falej sa venuje poskytovaniu odborn\u00e9ho poradenstva a rie\u0161en\u00ed na mieru, ktor\u00e9 sp\u013a\u0148aj\u00fa rozmanit\u00e9 potreby na\u0161ich klientov. Ideme nad r\u00e1mec len dod\u00e1vania produktov; sna\u017e\u00edme sa budova\u0165 trval\u00e9 vz\u0165ahy, ktor\u00e9 prispievaj\u00fa k \u00faspechu ka\u017ed\u00e9ho projektu. \u010ci u\u017e potrebujete inovat\u00edvne rie\u0161enia pre nov\u00fa iniciat\u00edvu alebo priebe\u017en\u00fa podporu pre existuj\u00faci syst\u00e9m, FMP je tu, aby sa vysporiadala s va\u0161imi technick\u00fdmi v\u00fdzvami a zabezpe\u010dila v\u00e1\u0161 trval\u00fd \u00faspech.<\/p>\n<p><img loading=\"lazy\" decoding=\"async\" class=\"alignnone size-full wp-image-1861\" src=\"https:\/\/fmp-components.com\/wp-content\/uploads\/2024\/12\/Other-Agricultural-Gearboxes.webp\" sizes=\"(min-width: 0px) and (max-width: 480px) 480px, (min-width: 481px) and (max-width: 980px) 980px, (min-width: 981px) 1200px, 100vw\" srcset=\"https:\/\/fmp-components.com\/wp-content\/uploads\/2024\/12\/Other-Agricultural-Gearboxes.webp 1200w, https:\/\/fmp-components.com\/wp-content\/uploads\/2024\/12\/Other-Agricultural-Gearboxes-980x1143.webp 980w, https:\/\/fmp-components.com\/wp-content\/uploads\/2024\/12\/Other-Agricultural-Gearboxes-480x560.webp 480w\" alt=\"Altri-cambi-agricoli\" width=\"1200\" height=\"1400\" title=\"\"><\/p>\n<p>Autor: CX<\/p>","protected":false},"excerpt":{"rendered":"<p>Irrigation Center-Drive Gearbox SYF-2M Series Model Numbers SYF-2M-20=87rpm(20:1 ratio,1-1\/2 HP motor) SYF-2M-30=58rpm(30:1 ratio, 1-1\/2 HP motor) SYF-2M-40=43rpm(40:1 ratio, 1 HP motor) SYF-2M-50=35rpm(50:1 ratio, 1 HP motor) SYF-2M-58=30rpm(58:1 ratio, 1 HP motor) SYF-2M-60=29rpm(60:1 ratio, 1 HP motor) (When input speed is 1740 rpm) Irrigation Center-Drive Gearbox SYF-2M Series Performance 1. Ratio: 20:1, 30:1, 40:1, 50:1, 58:1, [&hellip;]<\/p>","protected":false},"featured_media":2322,"comment_status":"open","ping_status":"closed","template":"","meta":{"_et_pb_use_builder":"","_et_pb_old_content":"","_et_gb_content_width":""},"product_brand":[],"product_cat":[57],"product_tag":[],"class_list":{"0":"post-2319","1":"product","2":"type-product","3":"status-publish","4":"has-post-thumbnail","6":"product_cat-irrigation-gearbox","8":"first","9":"instock","10":"shipping-taxable","11":"product-type-simple"},"_links":{"self":[{"href":"https:\/\/fmp-components.com\/sk\/wp-json\/wp\/v2\/product\/2319","targetHints":{"allow":["GET"]}}],"collection":[{"href":"https:\/\/fmp-components.com\/sk\/wp-json\/wp\/v2\/product"}],"about":[{"href":"https:\/\/fmp-components.com\/sk\/wp-json\/wp\/v2\/types\/product"}],"replies":[{"embeddable":true,"href":"https:\/\/fmp-components.com\/sk\/wp-json\/wp\/v2\/comments?post=2319"}],"wp:featuredmedia":[{"embeddable":true,"href":"https:\/\/fmp-components.com\/sk\/wp-json\/wp\/v2\/media\/2322"}],"wp:attachment":[{"href":"https:\/\/fmp-components.com\/sk\/wp-json\/wp\/v2\/media?parent=2319"}],"wp:term":[{"taxonomy":"product_brand","embeddable":true,"href":"https:\/\/fmp-components.com\/sk\/wp-json\/wp\/v2\/product_brand?post=2319"},{"taxonomy":"product_cat","embeddable":true,"href":"https:\/\/fmp-components.com\/sk\/wp-json\/wp\/v2\/product_cat?post=2319"},{"taxonomy":"product_tag","embeddable":true,"href":"https:\/\/fmp-components.com\/sk\/wp-json\/wp\/v2\/product_tag?post=2319"}],"curies":[{"name":"pracovn\u00fd list","href":"https:\/\/api.w.org\/{rel}","templated":true}]}}