{"id":2303,"date":"2024-12-31T08:01:39","date_gmt":"2024-12-31T08:01:39","guid":{"rendered":"https:\/\/fmp-components.com\/?page_id=8"},"modified":"2024-12-31T08:05:19","modified_gmt":"2024-12-31T08:05:19","slug":"irrigation-center-drive-gearbox-syf-1-series","status":"publish","type":"product","link":"https:\/\/fmp-components.com\/sk\/product\/irrigation-center-drive-gearbox-syf-1-series\/","title":{"rendered":"Prevodovka s pohonom zavla\u017eovacieho centra, s\u00e9ria SYF-1"},"content":{"rendered":"<h2>\u010c\u00edsla modelov prevodoviek s pohonom zavla\u017eovacieho centra s\u00e9rie SYF-1<\/h2>\n<p><img loading=\"lazy\" decoding=\"async\" class=\"wp-image-2314 alignleft\" src=\"https:\/\/fmp-components.com\/wp-content\/uploads\/2024\/12\/Irrigation-Center-Drive-Gearbox-SYF-1-Series1.webp\" alt=\"Prevodovka pohonu zavla\u017eovacieho centra s\u00e9rie SYF 1 (1)\" width=\"165\" height=\"165\" title=\"\">SYF-1-20 = 87 ot.\/min. (pomer 20:1)<br \/>\nSYF-1-30 = 58 ot.\/min. (pomer 30:1)<br \/>\nSYF-1-40=43 ot.\/min. (pomer 40:1)<br \/>\nSYF-1-50 = 35 ot.\/min. (pomer 50:1)<br \/>\nSYF-1-58 = 30 ot.\/min. (pomer 58:1)<br \/>\nSYF-1-60 = 29 ot.\/min. (pomer 60:1)<br \/>\n(Pri vstupn\u00fdch ot\u00e1\u010dkach 1740 ot.\/min.)<\/p>\n<h2>V\u00fdkon prevodovky s pohonom zavla\u017eovacieho centra s\u00e9rie SYF-1<\/h2>\n<p>1. Kr\u00fatiaci moment: 510 Nm (4 500 lb. in).<br \/>\n2. Pomer: 20:1, 30:1, 40:1, 50:1, 58:1, 60:1 (k dispoz\u00edcii s\u00fa aj in\u00e9).<br \/>\n3. Akceptuje motory NEMA 56-C s \u010deln\u00fdm hriade\u013eom 0,625\u201d, d\u013a\u017ekou 2\u201d s dr\u00e1\u017ekou pre k\u013e\u00fa\u010d 0,19\u201d.<br \/>\n4. Viacer\u00e9 mont\u00e1\u017ene rozlo\u017eenia skrutiek s rozmermi 5\u201d\u00d76\u201d, 3,38\u201d \u00d7 6,38\u201d pasuj\u00fa na v\u0161etky oto\u010dn\u00e9 \u010dapy.<br \/>\n5. Vysokopevnostn\u00fd hlin\u00edkovo-bronzov\u00fd z\u00e1vitovkov\u00fd prevod.<br \/>\n6. Zah\u0155\u0148a \u013eahko in\u0161talovate\u013en\u00fa spojku motora so z\u00e1vitovkovou prevodovkou s tlmen\u00edm n\u00e1razov.<br \/>\n7. Oba v\u00fdstupn\u00e9 hriadele maj\u00fa dr\u00e1\u017eky pre per\u00e1 1\/4\u201d \u00d7 1-1\/4\u201d.<br \/>\n8. Dod\u00e1van\u00e9 s olejom.<br \/>\n9. Vr\u00e1tane \u0161peci\u00e1lnych vonkaj\u0161\u00edch tesnen\u00ed na ochranu plod\u00edn.<br \/>\n10. Prec\u00edzne liate hlin\u00edkov\u00e9 puzdro.<br \/>\n11. Hmotnos\u0165: 7,2 kg.<br \/>\n12. Objem oleja: 0,21 gal\u00f3na (0,8 l)<\/p>\n<h2>In\u0161tal\u00e1cia a rozmery obrysu prevodovky s pohonom zavla\u017eovacieho centra s\u00e9rie SYF-1<\/h2>\n<p><img loading=\"lazy\" decoding=\"async\" class=\"alignnone size-full wp-image-2312\" src=\"https:\/\/fmp-components.com\/wp-content\/uploads\/2024\/12\/Irrigation-Center-Drive-Gearbox-SYF-1-Series-Installation-and-Contour-Dimensions-1.webp\" alt=\"In\u0161tal\u00e1cia a rozmery obrysu prevodovky pohonu zavla\u017eovacieho centra s\u00e9rie SYF 1\" width=\"1639\" height=\"774\" title=\"\" srcset=\"https:\/\/fmp-components.com\/wp-content\/uploads\/2024\/12\/Irrigation-Center-Drive-Gearbox-SYF-1-Series-Installation-and-Contour-Dimensions-1.webp 1639w, https:\/\/fmp-components.com\/wp-content\/uploads\/2024\/12\/Irrigation-Center-Drive-Gearbox-SYF-1-Series-Installation-and-Contour-Dimensions-1-1280x604.webp 1280w, https:\/\/fmp-components.com\/wp-content\/uploads\/2024\/12\/Irrigation-Center-Drive-Gearbox-SYF-1-Series-Installation-and-Contour-Dimensions-1-980x463.webp 980w, https:\/\/fmp-components.com\/wp-content\/uploads\/2024\/12\/Irrigation-Center-Drive-Gearbox-SYF-1-Series-Installation-and-Contour-Dimensions-1-480x227.webp 480w\" sizes=\"(min-width: 0px) and (max-width: 480px) 480px, (min-width: 481px) and (max-width: 980px) 980px, (min-width: 981px) and (max-width: 1280px) 1280px, (min-width: 1281px) 1639px, 100vw\" \/> <img loading=\"lazy\" decoding=\"async\" class=\"alignnone size-full wp-image-2313\" src=\"https:\/\/fmp-components.com\/wp-content\/uploads\/2024\/12\/Irrigation-Center-Drive-Gearbox-SYF-1-Series-Installation-and-Contour-Dimensions-2.webp\" alt=\"In\u0161tal\u00e1cia a rozmery obrysu prevodovky pohonu zavla\u017eovacieho centra s\u00e9rie SYF 1\" width=\"1383\" height=\"565\" title=\"\" srcset=\"https:\/\/fmp-components.com\/wp-content\/uploads\/2024\/12\/Irrigation-Center-Drive-Gearbox-SYF-1-Series-Installation-and-Contour-Dimensions-2.webp 1383w, https:\/\/fmp-components.com\/wp-content\/uploads\/2024\/12\/Irrigation-Center-Drive-Gearbox-SYF-1-Series-Installation-and-Contour-Dimensions-2-1280x523.webp 1280w, https:\/\/fmp-components.com\/wp-content\/uploads\/2024\/12\/Irrigation-Center-Drive-Gearbox-SYF-1-Series-Installation-and-Contour-Dimensions-2-980x400.webp 980w, https:\/\/fmp-components.com\/wp-content\/uploads\/2024\/12\/Irrigation-Center-Drive-Gearbox-SYF-1-Series-Installation-and-Contour-Dimensions-2-480x196.webp 480w\" sizes=\"(min-width: 0px) and (max-width: 480px) 480px, (min-width: 481px) and (max-width: 980px) 980px, (min-width: 981px) and (max-width: 1280px) 1280px, (min-width: 1281px) 1383px, 100vw\" \/><\/p>\n<h2>V\u00fdhody prevodovky s pohonom zavla\u017eovacieho centra s\u00e9rie SYF-1<\/h2>\n<p>Prevodovka s pohonom centr\u00e1lneho ramena zavla\u017eovacieho syst\u00e9mu radu SYF-1 je \u0161peci\u00e1lne navrhnut\u00e1 pre vysok\u00fd v\u00fdkon, \u00fa\u010dinnos\u0165 a odolnos\u0165 v zavla\u017eovac\u00edch syst\u00e9moch. T\u00e1to s\u00e9ria prevodoviek je navrhnut\u00e1 tak, aby poskytovala plynul\u00fd a spo\u013eahliv\u00fd prenos v\u00fdkonu a je nevyhnutnou s\u00fa\u010das\u0165ou pohonu centr\u00e1lneho oto\u010dn\u00e9ho ramena zavla\u017eovac\u00edch syst\u00e9mov. Ni\u017e\u0161ie s\u00fa uveden\u00e9 k\u013e\u00fa\u010dov\u00e9 v\u00fdhody prevodovky s pohonom centr\u00e1lneho ramena zavla\u017eovacieho syst\u00e9mu radu SYF-1:<\/p>\n<p><strong>Vysoko\u00fa\u010dinn\u00fd prenos v\u00fdkonu<\/strong><\/p>\n<p>Prevodovky s\u00e9rie SYF-1 s\u00fa optimalizovan\u00e9 pre efekt\u00edvny prenos v\u00fdkonu, pri\u010dom premie\u0148aj\u00fa energiu z v\u00fdvodov\u00e9ho hriade\u013ea traktora na kon\u0161trukciu s centr\u00e1lnym oto\u010dn\u00fdm \u010dapom. Ich prec\u00edzne spracovanie zais\u0165uje minim\u00e1lne straty energie po\u010das prenosu v\u00fdkonu, \u010d\u00edm sa zvy\u0161uje celkov\u00e1 \u00fa\u010dinnos\u0165 syst\u00e9mu. Udr\u017eiavan\u00edm stabilnej r\u00fdchlosti ot\u00e1\u010dania a konzistentn\u00e9ho dod\u00e1vania v\u00fdkonu prevodovka zabezpe\u010duje rovnomern\u00e9 a spo\u013eahliv\u00e9 rozlo\u017eenie vody na po\u013enohospod\u00e1rskych poliach, \u010d\u00edm optimalizuje zavla\u017eovacie procesy.<\/p>\n<p><strong>Odolnos\u0165 a odoln\u00e1 kon\u0161trukcia<\/strong><\/p>\n<p>Prevodovka radu SYF-1, vyroben\u00e1 z vysokopevnostn\u00fdch materi\u00e1lov, ako je vysoko uhl\u00edkov\u00e1 oce\u013e a vystu\u017een\u00e9 zliatiny, je navrhnut\u00e1 tak, aby odolala vysok\u00fdm n\u00e1rokom na kr\u00fatiaci moment pri nepretr\u017eitej prev\u00e1dzke. T\u00e1to robustn\u00e1 kon\u0161trukcia ju rob\u00ed ide\u00e1lnou pre n\u00e1ro\u010dn\u00e9 po\u013enohospod\u00e1rske prostredie, kde je odolnos\u0165 prvorad\u00e1. Prevodovka je schopn\u00e1 odol\u00e1va\u0165 vysok\u00e9mu tlaku, \u010dast\u00e9mu pou\u017e\u00edvaniu a nepriazniv\u00fdm poveternostn\u00fdm podmienkam, \u010d\u00edm poskytuje dlhotrvaj\u00faci v\u00fdkon s minim\u00e1lnym opotreben\u00edm.<\/p>\n<p><strong>N\u00edzke n\u00e1roky na \u00fadr\u017ebu a n\u00e1kladovo efekt\u00edvne<\/strong><\/p>\n<p>S\u00e9ria SYF-1 sa vyzna\u010duje utesnenou a \u00fadr\u017ebou nen\u00e1ro\u010dnou kon\u0161trukciou, ktor\u00e1 minimalizuje potrebu \u010dastej \u00fadr\u017eby. Presn\u00e9 prevody a vysoko kvalitn\u00e9 lo\u017eisk\u00e1 zni\u017euj\u00fa vn\u00fatorn\u00e9 trenie a opotrebovanie, \u010d\u00edm predl\u017euj\u00fa \u017eivotnos\u0165 prevodovky. Pravideln\u00e9 mazanie a pravideln\u00e9 kontroly zvy\u010dajne posta\u010duj\u00fa na udr\u017eanie optim\u00e1lneho v\u00fdkonu, \u010d\u00edm sa zni\u017euj\u00fa celkov\u00e9 n\u00e1klady na \u00fadr\u017ebu a skracuj\u00fa prestoje syst\u00e9mu, \u010do je k\u013e\u00fa\u010dov\u00e9 pre udr\u017eanie konzistentnej zavla\u017eovacej prev\u00e1dzky.<\/p>\n<p><strong>Odoln\u00fd vo\u010di poveternostn\u00fdm vplyvom a kor\u00f3zii<\/strong><\/p>\n<p>Prevodovka s\u00e9rie SYF-1 je \u0161peci\u00e1lne navrhnut\u00e1 pre prev\u00e1dzku v n\u00e1ro\u010dn\u00fdch vonkaj\u0161\u00edch podmienkach. Jej odoln\u00e1 kon\u0161trukcia vo\u010di poveternostn\u00fdm vplyvom zah\u0155\u0148a antikor\u00f3zne n\u00e1tery a utesnen\u00e9 komponenty, ktor\u00e9 ju chr\u00e1nia pred vystaven\u00edm vlhkosti, prachu a in\u00fdm environment\u00e1lnym vplyvom. \u010ci u\u017e je vystaven\u00e1 siln\u00e9mu da\u017e\u010fu, extr\u00e9mnym hor\u00fa\u010dav\u00e1m alebo mrazu, prevodovka zost\u00e1va spo\u013eahliv\u00e1 a efekt\u00edvna, \u010d\u00edm zabezpe\u010duje nepretr\u017eit\u00fa prev\u00e1dzku zavla\u017eovacieho syst\u00e9mu po\u010das v\u0161etk\u00fdch ro\u010dn\u00fdch obdob\u00ed.<\/p>\n<p><strong>Kompatibilita a jednoduch\u00e1 in\u0161tal\u00e1cia<\/strong><\/p>\n<p>Prevodovka s\u00e9rie SYF-1, navrhnut\u00e1 pre bezprobl\u00e9mov\u00fa integr\u00e1ciu do r\u00f4znych zavla\u017eovac\u00edch syst\u00e9mov, je kompatibiln\u00e1 so \u0161irokou \u0161k\u00e1lou zavla\u017eovac\u00edch kon\u0161trukci\u00ed s centr\u00e1lnym oto\u010dn\u00fdm uz\u00e1verom. \u010ci u\u017e sa pou\u017e\u00edva v mal\u00fdch prev\u00e1dzkach alebo na ve\u013ek\u00fdch komer\u010dn\u00fdch farm\u00e1ch, prevodovka sa d\u00e1 prisp\u00f4sobi\u0165 r\u00f4znym syst\u00e9mov\u00fdm po\u017eiadavk\u00e1m. Jej jednoduch\u00fd a u\u017e\u00edvate\u013esky pr\u00edvetiv\u00fd proces in\u0161tal\u00e1cie zais\u0165uje minim\u00e1lne prestoje a umo\u017e\u0148uje r\u00fdchlu v\u00fdmenu star\u00fdch alebo po\u0161koden\u00fdch prevodoviek bez potreby rozsiahlych \u00faprav.<\/p>\n<p>Prevodovka s pohonom zavla\u017eovacieho centra radu SYF-1 poskytuje v\u00fdznamn\u00e9 v\u00fdhody z h\u013eadiska \u00fa\u010dinnosti, odolnosti, n\u00edzkych n\u00e1rokov na \u00fadr\u017ebu a odolnosti vo\u010di poveternostn\u00fdm vplyvom. V\u010faka svojej robustnej kon\u0161trukcii a spo\u013eahliv\u00e9mu v\u00fdkonu je t\u00e1to prevodovka ide\u00e1lna na zabezpe\u010denie konzistentn\u00e9ho a vysoko kvalitn\u00e9ho zavla\u017eovania na po\u013enohospod\u00e1rskych poliach. V\u010faka jednoduchej in\u0161tal\u00e1cii a kompatibilite s r\u00f4znymi zavla\u017eovac\u00edmi syst\u00e9mami je cenovo v\u00fdhodn\u00fdm a spo\u013eahliv\u00fdm rie\u0161en\u00edm pre po\u013enohospod\u00e1rov a prev\u00e1dzkovate\u013eov zavla\u017eovac\u00edch syst\u00e9mov, ktor\u00e9 zabezpe\u010duje optim\u00e1lny v\u00fdkon syst\u00e9mu a lep\u0161ie hospod\u00e1renie s vodou.<\/p>\n<table style=\"width: 104.007%; height: 166px;\" width=\"136\">\n<tbody>\n<tr>\n<td style=\"width: 49.2212%;\" width=\"72\"><img loading=\"lazy\" decoding=\"async\" class=\"alignnone size-full wp-image-2316\" src=\"https:\/\/fmp-components.com\/wp-content\/uploads\/2024\/12\/Irrigation-Center-Drive-Gearbox-SYF-1-Series-Applications-1-980x657-1.webp\" alt=\"Prevodovka s pohonom zavla\u017eovacieho centra - s\u00e9ria SYF 1 - aplik\u00e1cie\" width=\"980\" height=\"657\" title=\"\" srcset=\"https:\/\/fmp-components.com\/wp-content\/uploads\/2024\/12\/Irrigation-Center-Drive-Gearbox-SYF-1-Series-Applications-1-980x657-1.webp 980w, https:\/\/fmp-components.com\/wp-content\/uploads\/2024\/12\/Irrigation-Center-Drive-Gearbox-SYF-1-Series-Applications-1-980x657-1-480x322.webp 480w\" sizes=\"(min-width: 0px) and (max-width: 480px) 480px, (min-width: 481px) 980px, 100vw\" \/><\/td>\n<td style=\"width: 50.0519%;\" width=\"64\"><img loading=\"lazy\" decoding=\"async\" class=\"alignnone size-full wp-image-2315\" src=\"https:\/\/fmp-components.com\/wp-content\/uploads\/2024\/12\/Irrigation-Center-Drive-Gearbox-SYF-1-Series-Applications-2-980x657-1.webp\" alt=\"Prevodovka s pohonom zavla\u017eovacieho centra - s\u00e9ria SYF 1 - aplik\u00e1cie\" width=\"980\" height=\"657\" title=\"\" srcset=\"https:\/\/fmp-components.com\/wp-content\/uploads\/2024\/12\/Irrigation-Center-Drive-Gearbox-SYF-1-Series-Applications-2-980x657-1.webp 980w, https:\/\/fmp-components.com\/wp-content\/uploads\/2024\/12\/Irrigation-Center-Drive-Gearbox-SYF-1-Series-Applications-2-980x657-1-480x322.webp 480w\" sizes=\"(min-width: 0px) and (max-width: 480px) 480px, (min-width: 481px) 980px, 100vw\" \/><\/td>\n<\/tr>\n<\/tbody>\n<\/table>\n<h2>Aplik\u00e1cie prevodovky s pohonom zavla\u017eovacieho centra s\u00e9rie SYF-1<\/h2>\n<p>Prevodovka s pohonom zavla\u017eovacieho centra radu SYF-1 je navrhnut\u00e1 na pou\u017eitie v r\u00f4znych po\u013enohospod\u00e1rskych a zavla\u017eovac\u00edch syst\u00e9moch a poskytuje spo\u013eahliv\u00fd prenos v\u00fdkonu a efekt\u00edvnu prev\u00e1dzku. Jej robustn\u00e1 kon\u0161trukcia, vysoko\u00fa\u010dinn\u00fd dizajn a prisp\u00f4sobivos\u0165 ju predur\u010duj\u00fa na mno\u017estvo aplik\u00e1ci\u00ed v sektore zavla\u017eovania. Ni\u017e\u0161ie s\u00fa uveden\u00e9 k\u013e\u00fa\u010dov\u00e9 aplik\u00e1cie zavla\u017eovacej prevodovky radu SYF-1:<\/p>\n<p><strong>Zavla\u017eovacie syst\u00e9my Center Pivot<\/strong><\/p>\n<p>Prim\u00e1rne pou\u017eitie prevodovky s\u00e9rie SYF-1 je v zavla\u017eovac\u00edch syst\u00e9moch s centr\u00e1lnym oto\u010dn\u00fdm \u010dapom, kde poh\u00e1\u0148a rot\u00e1ciu oto\u010dn\u00e9ho ramena. T\u00e1to prevodovka premie\u0148a v\u00fdkon z v\u00fdvodov\u00e9ho hriade\u013ea traktora na pohon centr\u00e1lneho oto\u010dn\u00e9ho \u010dapu zavla\u017eovacieho syst\u00e9mu, \u010do umo\u017e\u0148uje rovnomern\u00e9 rozlo\u017eenie vody na ve\u013ek\u00fdch poliach. V\u010faka vysok\u00e9mu kr\u00fatiacemu momentu a odolnosti je ide\u00e1lna na udr\u017eiavanie konzistentnej rot\u00e1cie potrebnej pre efekt\u00edvne zavla\u017eovanie, optimaliz\u00e1ciu spotreby vody a rast plod\u00edn.<\/p>\n<p><strong>Line\u00e1rne zavla\u017eovacie syst\u00e9my<\/strong><\/p>\n<p>Okrem syst\u00e9mov s centr\u00e1lnym oto\u010dn\u00fdm z\u00e1vitom je mo\u017en\u00e9 prevodovku radu SYF-1 pou\u017ei\u0165 aj v line\u00e1rnych zavla\u017eovac\u00edch syst\u00e9moch. Tieto syst\u00e9my vyu\u017e\u00edvaj\u00fa pohybliv\u00e9 potrubia na distrib\u00faciu vody po poliach a prevodovka radu SYF-1 sa pou\u017e\u00edva na pohon pohybu t\u00fdchto syst\u00e9mov, \u010d\u00edm sa zabezpe\u010duje rovnomern\u00e9 pokrytie. V\u010faka svojej v\u0161estrannosti a energetickej \u00fa\u010dinnosti je spo\u013eahlivou vo\u013ebou pre syst\u00e9my, ktor\u00e9 vy\u017eaduj\u00fa line\u00e1rny pohyb, a zabezpe\u010duje efekt\u00edvne zavla\u017eovanie r\u00f4znych druhov plod\u00edn.<\/p>\n<p><strong>Projekty po\u013enohospod\u00e1rskeho zavla\u017eovania a zavla\u017eovania<\/strong><\/p>\n<p>Prevodovka s\u00e9rie SYF-1 je k\u013e\u00fa\u010dov\u00fdm komponentom pre rozsiahle po\u013enohospod\u00e1rske zavla\u017eovacie projekty, najm\u00e4 na poliach vy\u017eaduj\u00facich spo\u013eahliv\u00e9 a konzistentn\u00e9 zavla\u017eovanie. Zabezpe\u010den\u00edm plynul\u00e9ho a efekt\u00edvneho pohybu centr\u00e1lnych oto\u010dn\u00fdch a line\u00e1rnych zavla\u017eovac\u00edch syst\u00e9mov pom\u00e1ha prevodovka udr\u017eiava\u0165 optim\u00e1lnu \u00farove\u0148 vlhkosti v p\u00f4de, \u010do je nevyhnutn\u00e9 pre maximaliz\u00e1ciu v\u00fdnosov plod\u00edn. Jej odolnos\u0165 zaru\u010duje, \u017ee dok\u00e1\u017ee zvl\u00e1dnu\u0165 nepretr\u017eit\u00e9 po\u017eiadavky ve\u013ek\u00fdch fariem a po\u013enohospod\u00e1rskych prev\u00e1dzok.<\/p>\n<p><strong>Zavla\u017eovacie syst\u00e9my pre sklen\u00edky<\/strong><\/p>\n<p>V sklen\u00edkov\u00fdch prev\u00e1dzkach je pre rast rastl\u00edn nevyhnutn\u00e9 udr\u017eiava\u0165 presn\u00e9 rozlo\u017eenie vody. Prevodovka radu SYF-1 sa pou\u017e\u00edva v zavla\u017eovac\u00edch syst\u00e9moch sklen\u00edkov na riadenie pohybu zavla\u017eovac\u00edch potrub\u00ed, ktor\u00e9 zabezpe\u010duj\u00fa rovnomern\u00e9 dod\u00e1vanie vody k rastlin\u00e1m. V\u010faka svojej kon\u0161trukcii odolnej vo\u010di poveternostn\u00fdm vplyvom a n\u00edzkym n\u00e1rokom na \u00fadr\u017ebu je ide\u00e1lna pre sklen\u00edkov\u00e9 prostredia, kde je pravideln\u00e9 zavla\u017eovanie k\u013e\u00fa\u010dom k udr\u017eaniu zdrav\u00fdch rastl\u00edn a plod\u00edn.<\/p>\n<p><strong>Z\u00e1hradn\u00edctvo a zavla\u017eovanie krajiny<\/strong><\/p>\n<p>Prevodovka radu SYF-1 je pou\u017eite\u013en\u00e1 aj v z\u00e1hradn\u00edckych a krajin\u00e1rskych zavla\u017eovac\u00edch syst\u00e9moch, kde jej energeticky \u00fasporn\u00e1 kon\u0161trukcia umo\u017e\u0148uje jej pou\u017eitie v men\u0161\u00edch aplik\u00e1ci\u00e1ch, ako je \u00faprava krajiny a starostlivos\u0165 o tr\u00e1vniky. Nap\u00e1ja zavla\u017eovacie syst\u00e9my na golfov\u00fdch ihrisk\u00e1ch, \u0161portov\u00fdch ihrisk\u00e1ch, v parkoch a in\u00fdch krajin\u00e1rskych oblastiach a zabezpe\u010duje rovnomern\u00e9 rozlo\u017eenie vody na ve\u013ek\u00fdch tr\u00e1vnat\u00fdch ploch\u00e1ch. V\u010faka svojej odolnosti a vodeodolnosti je ide\u00e1lna na vonkaj\u0161ie pou\u017eitie a zabezpe\u010duje efekt\u00edvne a spo\u013eahliv\u00e9 zavla\u017eovanie v r\u00f4znych z\u00e1hradn\u00edckych a krajin\u00e1rskych projektoch.<\/p>\n<p>Prevodovka s centr\u00e1lnym pohonom pre zavla\u017eovanie radu SYF-1 sa \u0161iroko pou\u017e\u00edva v r\u00f4znych po\u013enohospod\u00e1rskych a zavla\u017eovac\u00edch aplik\u00e1ci\u00e1ch vr\u00e1tane syst\u00e9mov s centr\u00e1lnym oto\u010dn\u00fdm \u010dapom, line\u00e1rnych zavla\u017eovac\u00edch syst\u00e9mov a zavla\u017eovania sklen\u00edkov. V\u010faka efekt\u00edvnemu prenosu v\u00fdkonu, n\u00edzkym n\u00e1rokom na \u00fadr\u017ebu a robustnej kon\u0161trukcii je vhodn\u00e1 pre rozsiahle zavla\u017eovacie projekty, ako aj pre \u0161pecializovanej\u0161ie z\u00e1hradn\u00edcke a krajin\u00e1rske aplik\u00e1cie. \u010ci u\u017e sa pou\u017e\u00edva pre rozsiahle po\u013enohospod\u00e1rske prev\u00e1dzky alebo v men\u0161\u00edch aplik\u00e1ci\u00e1ch, prevodovka radu SYF-1 zais\u0165uje konzistentn\u00fa a spo\u013eahliv\u00fa distrib\u00faciu vody, \u010do prispieva k lep\u0161\u00edm v\u00fdnosom plod\u00edn, optim\u00e1lnemu hospod\u00e1reniu s vodou a efekt\u00edvnemu v\u00fdkonu zavla\u017eovacieho syst\u00e9mu.<\/p>\n<table style=\"width: 104.338%; height: 79px;\" width=\"136\">\n<tbody>\n<tr>\n<td style=\"width: 50.1035%;\" width=\"72\"><img loading=\"lazy\" decoding=\"async\" class=\"alignnone size-full wp-image-2317\" src=\"https:\/\/fmp-components.com\/wp-content\/uploads\/2024\/12\/Irrigation-Center-Drive-Gearbox-SYF-1-Series-Advantages-2.webp\" alt=\"Prevodovka s pohonom zavla\u017eovacieho centra - s\u00e9ria SYF 1 - aplik\u00e1cie\" width=\"1024\" height=\"600\" title=\"\" srcset=\"https:\/\/fmp-components.com\/wp-content\/uploads\/2024\/12\/Irrigation-Center-Drive-Gearbox-SYF-1-Series-Advantages-2.webp 1024w, https:\/\/fmp-components.com\/wp-content\/uploads\/2024\/12\/Irrigation-Center-Drive-Gearbox-SYF-1-Series-Advantages-2-980x574.webp 980w, https:\/\/fmp-components.com\/wp-content\/uploads\/2024\/12\/Irrigation-Center-Drive-Gearbox-SYF-1-Series-Advantages-2-480x281.webp 480w\" sizes=\"(min-width: 0px) and (max-width: 480px) 480px, (min-width: 481px) and (max-width: 980px) 980px, (min-width: 981px) 1024px, 100vw\" \/><\/td>\n<td style=\"width: 49.1718%;\" width=\"64\"><img loading=\"lazy\" decoding=\"async\" class=\"alignnone size-full wp-image-2318\" src=\"https:\/\/fmp-components.com\/wp-content\/uploads\/2024\/12\/Irrigation-Center-Drive-Gearbox-SYF-1-Series-Advantages.webp\" alt=\"Prevodovka s pohonom zavla\u017eovacieho centra - s\u00e9ria SYF 1 - aplik\u00e1cie\" width=\"1024\" height=\"600\" title=\"\" srcset=\"https:\/\/fmp-components.com\/wp-content\/uploads\/2024\/12\/Irrigation-Center-Drive-Gearbox-SYF-1-Series-Advantages.webp 1024w, https:\/\/fmp-components.com\/wp-content\/uploads\/2024\/12\/Irrigation-Center-Drive-Gearbox-SYF-1-Series-Advantages-980x574.webp 980w, https:\/\/fmp-components.com\/wp-content\/uploads\/2024\/12\/Irrigation-Center-Drive-Gearbox-SYF-1-Series-Advantages-480x281.webp 480w\" sizes=\"(min-width: 0px) and (max-width: 480px) 480px, (min-width: 481px) and (max-width: 980px) 980px, (min-width: 981px) 1024px, 100vw\" \/><\/td>\n<\/tr>\n<\/tbody>\n<\/table>\n<h3>O FMP<\/h3>\n<p>Spolo\u010dnos\u0165 FMP so s\u00eddlom v Taliansku je popredn\u00fdm v\u00fdrobcom zn\u00e1mym svojimi odborn\u00fdmi znalos\u0165ami v oblasti n\u00e1vrhu, v\u00fdvoja a v\u00fdroby vysokov\u00fdkonn\u00fdch prevodoviek so zameran\u00edm na sektor po\u013enohospod\u00e1rskych strojov. V\u010faka reput\u00e1cii v oblasti presn\u00e9ho in\u017einierstva, inovat\u00edvnych rie\u0161en\u00ed a neochvejnej spo\u013eahlivosti sa spolo\u010dnos\u0165 FMP stala d\u00f4veryhodn\u00fdm partnerom pri rie\u0161en\u00ed vyv\u00edjaj\u00facich sa potrieb po\u013enohospod\u00e1rskeho aj priemyseln\u00e9ho sektora. N\u00e1\u0161 rozmanit\u00fd sortiment produktov zah\u0155\u0148a \u0161pecializovan\u00e9 prevodovky pre kosa\u010dky na tr\u00e1vu, v\u00fdvodov\u00e9 hriadele a \u010fal\u0161ie d\u00f4le\u017eit\u00e9 komponenty, pri\u010dom v\u0161etky s\u00fa starostlivo navrhnut\u00e9 tak, aby poskytovali rie\u0161enia na mieru v \u0161irokom spektre aplik\u00e1ci\u00ed.<\/p>\n<p>V spolo\u010dnosti FMP ch\u00e1peme, \u017ee ka\u017ed\u00fd klient m\u00e1 jedine\u010dn\u00e9 po\u017eiadavky a v\u00fdzvy. Preto sa \u0161pecializujeme na pon\u00fakanie rie\u0161en\u00ed na mieru, \u010di u\u017e ide o jednotliv\u00e9 komponenty alebo plne integrovan\u00e9 syst\u00e9my. \u00dazko spolupracujeme s na\u0161imi z\u00e1kazn\u00edkmi, aby sme zabezpe\u010dili, \u017ee ka\u017ed\u00e9 rie\u0161enie je nielen efekt\u00edvne, ale aj \u00fa\u010dinn\u00e9, optimalizuj\u00fac v\u00fdkon aj hodnotu. N\u00e1\u0161 z\u00e1v\u00e4zok poskytova\u0165 r\u00fdchle a profesion\u00e1lne odpovede spolu s odborn\u00fdm poradenstvom zabezpe\u010duje, \u017ee s ka\u017edou po\u017eiadavkou sa zaobch\u00e1dza s maxim\u00e1lnou starostlivos\u0165ou a presnos\u0165ou, \u010do vedie k najlep\u0161\u00edm mo\u017en\u00fdm v\u00fdsledkom.<\/p>\n<p>Uprednost\u0148ujeme otvoren\u00fa a nepretr\u017eit\u00fa komunik\u00e1ciu po\u010das cel\u00e9ho procesu v\u00fdvoja produktu. N\u00e1\u0161 \u0161pecializovan\u00fd t\u00edm spolupracuje priamo s klientmi, aby plne pochopil ich \u0161pecifick\u00e9 potreby a pon\u00faka cenn\u00e9 poznatky a odpor\u00fa\u010dania na zabezpe\u010denie optim\u00e1lnych rie\u0161en\u00ed. \u010ci u\u017e navrhujeme inovat\u00edvne produkty alebo pln\u00edme prebiehaj\u00face objedn\u00e1vky, spolo\u010dnos\u0165 FMP sa zav\u00e4zuje dod\u00e1va\u0165 vysokokvalitn\u00e9, prec\u00edzne navrhnut\u00e9 rie\u0161enia v\u010das a v\u017edy. Na\u0161\u00edm cie\u013eom je poskytova\u0165 klientom tie najlep\u0161ie slu\u017eby a v\u00fdsledky, ktor\u00e9 pri ka\u017edom projekte prekon\u00e1vaj\u00fa o\u010dak\u00e1vania.<\/p>\n<p>Kvalita je z\u00e1kladn\u00fdm kame\u0148om prev\u00e1dzky spolo\u010dnosti FMP. Dodr\u017eiavame najvy\u0161\u0161ie v\u00fdrobn\u00e9 \u0161tandardy a zav\u00e1dzame pr\u00edsne opatrenia na kontrolu kvality, aby sme zabezpe\u010dili, \u017ee ka\u017ed\u00fd produkt nielen sp\u013a\u0148a, ale aj prekon\u00e1va priemyseln\u00e9 \u0161tandardy. Tento neochvejn\u00fd z\u00e1v\u00e4zok ku kvalite v kombin\u00e1cii s na\u0161imi z\u00e1kladn\u00fdmi hodnotami integrity, t\u00edmovej pr\u00e1ce a vytrvalosti n\u00e1m umo\u017enil vybudova\u0165 si dlhodob\u00e9 vz\u0165ahy zalo\u017een\u00e9 na d\u00f4vere s klientmi v takmer 30 krajin\u00e1ch sveta.<\/p>\n<p>Spolo\u010dnos\u0165 FMP je v\u017edy otvoren\u00e1 podpore glob\u00e1lnych partnerstiev a na\u010falej sa venuje poskytovaniu odborn\u00e9ho poradenstva a rie\u0161en\u00ed na mieru, ktor\u00e9 sp\u013a\u0148aj\u00fa rozmanit\u00e9 potreby na\u0161ich klientov. Ideme nad r\u00e1mec len dod\u00e1vania produktov; sna\u017e\u00edme sa budova\u0165 trval\u00e9 vz\u0165ahy, ktor\u00e9 prispievaj\u00fa k \u00faspechu ka\u017ed\u00e9ho projektu. \u010ci u\u017e potrebujete inovat\u00edvne rie\u0161enia pre nov\u00fa iniciat\u00edvu alebo priebe\u017en\u00fa podporu pre existuj\u00faci syst\u00e9m, FMP je tu, aby sa vysporiadala s va\u0161imi technick\u00fdmi v\u00fdzvami a zabezpe\u010dila v\u00e1\u0161 trval\u00fd \u00faspech.<\/p>\n<p><img loading=\"lazy\" decoding=\"async\" class=\"alignnone size-full wp-image-1861\" src=\"https:\/\/fmp-components.com\/wp-content\/uploads\/2024\/12\/Other-Agricultural-Gearboxes.webp\" sizes=\"(min-width: 0px) and (max-width: 480px) 480px, (min-width: 481px) and (max-width: 980px) 980px, (min-width: 981px) 1200px, 100vw\" srcset=\"https:\/\/fmp-components.com\/wp-content\/uploads\/2024\/12\/Other-Agricultural-Gearboxes.webp 1200w, https:\/\/fmp-components.com\/wp-content\/uploads\/2024\/12\/Other-Agricultural-Gearboxes-980x1143.webp 980w, https:\/\/fmp-components.com\/wp-content\/uploads\/2024\/12\/Other-Agricultural-Gearboxes-480x560.webp 480w\" alt=\"Altri-cambi-agricoli\" width=\"1200\" height=\"1400\" title=\"\"><\/p>\n<p>Autor: CX<\/p>","protected":false},"excerpt":{"rendered":"<p>SYF-1 Series\u00a0Irrigation Center-Drive Gearbox Model Numbers SYF-1-20=87rpm(20:1 ratio) SYF-1-30=58rpm(30:1 ratio) SYF-1-40=43rpm(40:1 ratio) SYF-1-50=35rpm(50:1 ratio) SYF-1-58=30rpm(58:1 ratio) SYF-1-60=29rpm(60:1 ratio) (When input speed is 1740 rpm) SYF-1 Series\u00a0Irrigation Center-Drive Gearbox Performance 1. Torque capacity: 4,500 lb. in (510 N.m). 2. Ratio: 20:1, 30:1, 40:1, 50:1, 58:1, 60:1 (others available). 3. Accepts NEMA 56-C face motors with 0.625\u201d [&hellip;]<\/p>","protected":false},"featured_media":2314,"comment_status":"open","ping_status":"closed","template":"","meta":{"_et_pb_use_builder":"","_et_pb_old_content":"","_et_gb_content_width":""},"product_brand":[],"product_cat":[57],"product_tag":[],"class_list":{"0":"post-2303","1":"product","2":"type-product","3":"status-publish","4":"has-post-thumbnail","6":"product_cat-irrigation-gearbox","8":"first","9":"instock","10":"shipping-taxable","11":"product-type-simple"},"_links":{"self":[{"href":"https:\/\/fmp-components.com\/sk\/wp-json\/wp\/v2\/product\/2303","targetHints":{"allow":["GET"]}}],"collection":[{"href":"https:\/\/fmp-components.com\/sk\/wp-json\/wp\/v2\/product"}],"about":[{"href":"https:\/\/fmp-components.com\/sk\/wp-json\/wp\/v2\/types\/product"}],"replies":[{"embeddable":true,"href":"https:\/\/fmp-components.com\/sk\/wp-json\/wp\/v2\/comments?post=2303"}],"wp:featuredmedia":[{"embeddable":true,"href":"https:\/\/fmp-components.com\/sk\/wp-json\/wp\/v2\/media\/2314"}],"wp:attachment":[{"href":"https:\/\/fmp-components.com\/sk\/wp-json\/wp\/v2\/media?parent=2303"}],"wp:term":[{"taxonomy":"product_brand","embeddable":true,"href":"https:\/\/fmp-components.com\/sk\/wp-json\/wp\/v2\/product_brand?post=2303"},{"taxonomy":"product_cat","embeddable":true,"href":"https:\/\/fmp-components.com\/sk\/wp-json\/wp\/v2\/product_cat?post=2303"},{"taxonomy":"product_tag","embeddable":true,"href":"https:\/\/fmp-components.com\/sk\/wp-json\/wp\/v2\/product_tag?post=2303"}],"curies":[{"name":"pracovn\u00fd list","href":"https:\/\/api.w.org\/{rel}","templated":true}]}}