{"id":2297,"date":"2024-12-31T06:50:02","date_gmt":"2024-12-31T06:50:02","guid":{"rendered":"https:\/\/fmp-components.com\/?page_id=8"},"modified":"2024-12-31T07:35:56","modified_gmt":"2024-12-31T07:35:56","slug":"irrigation-reels-gearboxes-replacement-of-comer-code-a-4a","status":"publish","type":"product","link":"https:\/\/fmp-components.com\/sk\/product\/irrigation-reels-gearboxes-replacement-of-comer-code-a-4a\/","title":{"rendered":"Prevodovky zavla\u017eovac\u00edch cievok \u2013 v\u00fdmena Comer Code A-4A"},"content":{"rendered":"<h2 style=\"text-align: center;\">Prevodovky zavla\u017eovac\u00edch cievok \u2013 v\u00fdmena Comer Code A-4A<\/h2>\n<p>Prevodovka pre zavla\u017eovacie cievky \u2013 n\u00e1hrada za Comer Code A-4A je vysoko v\u00fdkonn\u00e1 a odoln\u00e1 prevodovka navrhnut\u00e1 ako n\u00e1hrada za prevodovku Comer Code A-4A v syst\u00e9moch zavla\u017eovac\u00edch cievok. T\u00e1to n\u00e1hradn\u00e1 prevodovka poskytuje spo\u013eahliv\u00fd prenos v\u00fdkonu a zv\u00fd\u0161en\u00fa \u00fa\u010dinnos\u0165 pre r\u00f4zne po\u013enohospod\u00e1rske zavla\u017eovacie aplik\u00e1cie, \u010d\u00edm zabezpe\u010duje konzistentn\u00fa prev\u00e1dzku zavla\u017eovac\u00edch cievok. \u010ci u\u017e sa pou\u017e\u00edva na rozsiahlych po\u013enohospod\u00e1rskych poliach alebo na projektoch \u00fapravy krajiny, t\u00e1to prevodovka zais\u0165uje optim\u00e1lne rozlo\u017eenie vody a minim\u00e1lne prestoje, \u010do prispieva k lep\u0161iemu riadeniu zavla\u017eovania.<\/p>\n<p><img loading=\"lazy\" decoding=\"async\" class=\"size-full wp-image-2300 aligncenter\" src=\"https:\/\/fmp-components.com\/wp-content\/uploads\/2024\/12\/irrigation-gearbox-1.webp\" alt=\"zavla\u017eovacia prevodovka\" width=\"500\" height=\"500\" title=\"\" srcset=\"https:\/\/fmp-components.com\/wp-content\/uploads\/2024\/12\/irrigation-gearbox-1.webp 500w, https:\/\/fmp-components.com\/wp-content\/uploads\/2024\/12\/irrigation-gearbox-1-480x480.webp 480w\" sizes=\"(min-width: 0px) and (max-width: 480px) 480px, (min-width: 481px) 500px, 100vw\" \/><\/p>\n<h3>K\u013e\u00fa\u010dov\u00e9 vlastnosti:<\/h3>\n<ol>\n<li>Vysok\u00e1 manipula\u010dn\u00e1 kapacita<br \/>\nN\u00e1hradn\u00e1 prevodovka pre Comer Code A-4A je navrhnut\u00e1 tak, aby zvl\u00e1dala vysok\u00fd v\u00fdkon a zabezpe\u010dovala efekt\u00edvnu prev\u00e1dzku zavla\u017eovacieho syst\u00e9mu. V\u010faka svojej schopnosti podporova\u0165 zna\u010dn\u00fd kr\u00fatiaci moment a v\u00fdkon je t\u00e1to prevodovka vhodn\u00e1 pre n\u00e1ro\u010dn\u00e9 potreby zavla\u017eovac\u00edch syst\u00e9mov, v\u010faka \u010domu je ide\u00e1lna pre po\u013enohospod\u00e1rske prev\u00e1dzky vy\u017eaduj\u00face robustn\u00fd v\u00fdkon.<\/li>\n<li>Odoln\u00e1 kon\u0161trukcia<br \/>\nN\u00e1hradn\u00e1 prevodovka je vyroben\u00e1 z vysoko kvalitn\u00fdch materi\u00e1lov a je navrhnut\u00e1 pre dlhotrvaj\u00facu \u017eivotnos\u0165 a odolnos\u0165 vo\u010di opotrebovaniu. Jej odoln\u00e1 kon\u0161trukcia zais\u0165uje spo\u013eahliv\u00fd v\u00fdkon aj v drsn\u00fdch poveternostn\u00fdch podmienkach a n\u00e1ro\u010dnom prostred\u00ed, \u010d\u00edm sa zabezpe\u010d\u00ed, \u017ee prevodovka odol\u00e1 nam\u00e1haniu nepretr\u017eitej prev\u00e1dzky v zavla\u017eovac\u00edch syst\u00e9moch.<\/li>\n<li>Efekt\u00edvny prenos v\u00fdkonu<br \/>\nPrevodovka je navrhnut\u00e1 tak, aby zabezpe\u010dovala plynul\u00fd a efekt\u00edvny prenos v\u00fdkonu z hnacieho motora na zavla\u017eovac\u00ed bubon. Zais\u0165uje optim\u00e1lne zn\u00ed\u017eenie ot\u00e1\u010dok a zv\u00fd\u0161enie kr\u00fatiaceho momentu, \u010do umo\u017e\u0148uje zavla\u017eovaciemu bubnu pohybova\u0165 sa konzistentnou r\u00fdchlos\u0165ou a kontrolou. Tento presn\u00fd prenos v\u00fdkonu minimalizuje straty energie a zlep\u0161uje celkov\u00fa \u00fa\u010dinnos\u0165, \u010d\u00edm sa zni\u017euj\u00fa prev\u00e1dzkov\u00e9 n\u00e1klady.<\/li>\n<\/ol>\n<p>Prevodovka pre zavla\u017eovacie cievky \u2013 n\u00e1hrada za Comer Code A-4A je robustn\u00e9, efekt\u00edvne a spo\u013eahliv\u00e9 rie\u0161enie pre zavla\u017eovacie cievkov\u00e9 syst\u00e9my. V\u010faka vysok\u00e9mu v\u00fdkonu, odolnej kon\u0161trukcii a n\u00edzkym n\u00e1rokom na \u00fadr\u017ebu t\u00e1to prevodovka zabezpe\u010duje optim\u00e1lny v\u00fdkon pre po\u013enohospod\u00e1rske, krajin\u00e1rske a z\u00e1hradn\u00edcke aplik\u00e1cie. Jednoduch\u00e1 in\u0161tal\u00e1cia a kompatibilita s existuj\u00facimi syst\u00e9mami z nej robia ide\u00e1lnu n\u00e1hradu, ktor\u00e1 skracuje prestoje a zlep\u0161uje \u00fa\u010dinnos\u0165 zavla\u017eovania.<\/p>\n<h2 class=\"et_pb_module_header\">Prevodovky zavla\u017eovac\u00edch cievok \u2013 v\u00fdmena Comer Code A-4A<\/h2>\n<table style=\"width: 100%;\" border=\"1\" width=\"100%\" cellspacing=\"0\" cellpadding=\"0\">\n<tbody>\n<tr>\n<th>Popis<\/th>\n<td>Prevodovky zavla\u017eovac\u00edch cievok \u2013 v\u00fdmena Comer Code A-4A<\/td>\n<\/tr>\n<tr>\n<th>Aplik\u00e1cia<\/th>\n<td>R\u00f4zne (po\u013enohospod\u00e1rske) aplik\u00e1cie<\/td>\n<\/tr>\n<tr>\n<th>Pozost\u00e1va z<\/th>\n<td>Prevodovka<\/td>\n<\/tr>\n<tr>\n<th>Bez oleja<\/th>\n<td>Technick\u00e9 inform\u00e1cie<\/td>\n<\/tr>\n<tr>\n<th><\/th>\n<td>Ak m\u00e1te ak\u00e9ko\u013evek ot\u00e1zky t\u00fdkaj\u00face sa v\u00fdkonu pri r\u00f4znych r\u00fdchlostiach, nev\u00e1hajte n\u00e1s kontaktova\u0165.<\/td>\n<\/tr>\n<tr>\n<th><\/th>\n<td>Pri prvom pou\u017eit\u00ed vyme\u0148te olej po 50 prev\u00e1dzkov\u00fdch hodin\u00e1ch.<\/td>\n<\/tr>\n<tr>\n<th>Obsahuje olej<\/th>\n<td>Nie<\/td>\n<\/tr>\n<tr>\n<th>Maxim\u00e1lny objem oleja<\/th>\n<td>1 l<\/td>\n<\/tr>\n<tr>\n<th>Maxim\u00e1lny interval v\u00fdmeny oleja<\/th>\n<td>500 hod\u00edn<\/td>\n<\/tr>\n<tr>\n<th>Stupe\u0148 viskozity oleja SAE<\/th>\n<td>80W-90<\/td>\n<\/tr>\n<tr>\n<th>Materi\u00e1l puzdra<\/th>\n<td>Liatina GG25<\/td>\n<\/tr>\n<tr>\n<th>Hmotnos\u0165<\/th>\n<td>41 kg<\/td>\n<\/tr>\n<tr>\n<th>Zvy\u0161ovanie usporiadania prevodov<\/th>\n<td>46 &#8211; 47<\/td>\n<\/tr>\n<tr>\n<th>Zn\u00ed\u017eenie usporiadania prevodov<\/th>\n<td>57 &#8211; 58<\/td>\n<\/tr>\n<tr>\n<th>Vstupn\u00fd v\u00fdkon kW \/ HP Zvy\u0161uj\u00faci sa<\/th>\n<td>56,7 \/ 77 kW\/k<\/td>\n<\/tr>\n<tr>\n<th>Vstupn\u00fd hriade\u013e Zvy\u0161ovanie<\/th>\n<td>X<\/td>\n<\/tr>\n<tr>\n<th>Redukcia vstupn\u00e9ho hriade\u013ea<\/th>\n<td>Y<\/td>\n<\/tr>\n<tr>\n<th>Vstupn\u00fd v\u00fdkon kW \/ HP Redukcia<\/th>\n<td>15,8 \/ 21,5 kW\/k<\/td>\n<\/tr>\n<tr>\n<th>Zvy\u0161uj\u00faci sa v\u00fdstupn\u00fd kr\u00fatiaci moment v DaNm<\/th>\n<td>24,2 daNm<\/td>\n<\/tr>\n<tr>\n<th>Zvy\u0161uj\u00faci sa pomer<\/th>\n<td>1 : 4<\/td>\n<\/tr>\n<tr>\n<th>Zn\u00ed\u017eenie pomeru<\/th>\n<td>4 : 1<\/td>\n<\/tr>\n<tr>\n<th>X hriade\u013e<\/th>\n<td>1 3\/8\u2033 (6) (A)<\/td>\n<\/tr>\n<tr>\n<th>Hriade\u013e Y<\/th>\n<td>35 (C)<\/td>\n<\/tr>\n<\/tbody>\n<\/table>\n<h2 class=\"et_pb_module_header\">Prevodovky zavla\u017eovac\u00edch cievok \u2013 V\u00fdmena Comer Code A-4A 1:1<\/h2>\n<table style=\"width: 100%;\" border=\"1\" width=\"100%\" cellspacing=\"0\" cellpadding=\"0\">\n<tbody>\n<tr>\n<th>Popis<\/th>\n<td>Prevodovky zavla\u017eovac\u00edch cievok \u2013 V\u00fdmena Comer Code A-4A 1:1<\/td>\n<\/tr>\n<tr>\n<th>Aplik\u00e1cia<\/th>\n<td>R\u00f4zne (po\u013enohospod\u00e1rske) aplik\u00e1cie<\/td>\n<\/tr>\n<tr>\n<th>Pozost\u00e1va z<\/th>\n<td>Prevodovka<\/td>\n<\/tr>\n<tr>\n<th>Bez oleja<\/th>\n<td>Zavla\u017eovacie cievky Prevodovky<\/td>\n<\/tr>\n<tr>\n<th>Technick\u00e9 inform\u00e1cie<\/th>\n<td>Ak m\u00e1te ak\u00e9ko\u013evek ot\u00e1zky t\u00fdkaj\u00face sa v\u00fdkonu pri r\u00f4znych r\u00fdchlostiach, nev\u00e1hajte n\u00e1s kontaktova\u0165.<\/td>\n<\/tr>\n<tr>\n<th><\/th>\n<td>Pri prvom pou\u017eit\u00ed vyme\u0148te olej po 50 prev\u00e1dzkov\u00fdch hodin\u00e1ch.<\/td>\n<\/tr>\n<tr>\n<th>Maxim\u00e1lny vstupn\u00fd v\u00fdkon<\/th>\n<td>62,6 kW<\/td>\n<\/tr>\n<tr>\n<th>Maxim\u00e1lny v\u00fdstupn\u00fd kr\u00fatiaci moment<\/th>\n<td>1071 Nm<\/td>\n<\/tr>\n<tr>\n<th>Obsahuje olej<\/th>\n<td>Nie<\/td>\n<\/tr>\n<tr>\n<th>Maxim\u00e1lny objem oleja<\/th>\n<td>1 l<\/td>\n<\/tr>\n<tr>\n<th>Maxim\u00e1lny interval v\u00fdmeny oleja<\/th>\n<td>500 hod\u00edn<\/td>\n<\/tr>\n<tr>\n<th>Stupe\u0148 viskozity oleja SAE<\/th>\n<td>80W-90<\/td>\n<\/tr>\n<tr>\n<th>Materi\u00e1l puzdra<\/th>\n<td>Liatina GG25<\/td>\n<\/tr>\n<tr>\n<th>Hmotnos\u0165<\/th>\n<td>41 kg<\/td>\n<\/tr>\n<tr>\n<th>Usporiadanie prevodov<\/th>\n<td>51 &#8211; 52<\/td>\n<\/tr>\n<tr>\n<th>Pomer<\/th>\n<td>1 : 1<\/td>\n<\/tr>\n<tr>\n<th>Vstupn\u00fd hriade\u013e<\/th>\n<td>Y<\/td>\n<\/tr>\n<tr>\n<th>X hriade\u013e<\/th>\n<td>1 3\/8\u2033 (6) (A)<\/td>\n<\/tr>\n<tr>\n<th>Hriade\u013e Y<\/th>\n<td>1 3\/8\u2033 (6) (B)<\/td>\n<\/tr>\n<\/tbody>\n<\/table>\n<h2>Vlastnosti prevodoviek zavla\u017eovac\u00edch cievok<\/h2>\n<p>Prevodovky zavla\u017eovac\u00edch bubnov s\u00fa z\u00e1kladn\u00fdmi s\u00fa\u010das\u0165ami modern\u00fdch zavla\u017eovac\u00edch syst\u00e9mov a s\u00fa ur\u010den\u00e9 na premenu v\u00fdkonu z v\u00fdvodov\u00e9ho hriade\u013ea traktora na rota\u010dn\u00fd pohyb potrebn\u00fd na nav\u00edjanie alebo odv\u00edjanie zavla\u017eovac\u00edch had\u00edc. Tieto prevodovky zabezpe\u010duj\u00fa efekt\u00edvnu prev\u00e1dzku, odolnos\u0165 a plynul\u00fd prenos v\u00fdkonu, \u010do umo\u017e\u0148uje spo\u013eahliv\u00e9 zavla\u017eovanie v po\u013enohospod\u00e1rskych a krajin\u00e1rskych aplik\u00e1ci\u00e1ch. Ni\u017e\u0161ie s\u00fa uveden\u00e9 niektor\u00e9 k\u013e\u00fa\u010dov\u00e9 vlastnosti prevodoviek zavla\u017eovac\u00edch bubnov:<\/p>\n<p><strong>Vysok\u00fd kr\u00fatiaci moment<\/strong><\/p>\n<p>Prevodovky zavla\u017eovac\u00edch bubnov s\u00fa skon\u0161truovan\u00e9 tak, aby zvl\u00e1dali vysok\u00fd kr\u00fatiaci moment a zabezpe\u010dovali efekt\u00edvnu prev\u00e1dzku aj pri ve\u013ekom za\u0165a\u017een\u00ed. S\u00fa navrhnut\u00e9 tak, aby pren\u00e1\u0161ali po\u017eadovan\u00fd rota\u010dn\u00fd v\u00fdkon zo syst\u00e9mu v\u00fdvodov\u00e9ho hriade\u013ea na zavla\u017eovac\u00ed bubon, \u010do umo\u017e\u0148uje plynul\u00e9 nav\u00edjanie a odv\u00edjanie zavla\u017eovac\u00edch had\u00edc bez nam\u00e1hania. V\u010faka vysok\u00e9mu kr\u00fatiacemu momentu s\u00fa vhodn\u00e9 pre rozsiahle zavla\u017eovacie oper\u00e1cie a dok\u00e1\u017eu zvl\u00e1dnu\u0165 zna\u010dn\u00e9 pracovn\u00e9 za\u0165a\u017eenie bez poruchy.<\/p>\n<p><strong>Odoln\u00e1 kon\u0161trukcia<\/strong><\/p>\n<p>Prevodovky zavla\u017eovac\u00edch valcov s\u00fa vyroben\u00e9 tak, aby odolali drsn\u00fdm podmienkam vonkaj\u0161ieho prostredia a s\u00fa vyroben\u00e9 z vysoko kvalitn\u00fdch materi\u00e1lov odoln\u00fdch vo\u010di kor\u00f3zii, ako je kalen\u00e1 oce\u013e a upraven\u00e9 zliatiny. Tieto materi\u00e1ly zabezpe\u010duj\u00fa, \u017ee prevodovka zostane dlhotrvaj\u00faca, odoln\u00e1 vo\u010di opotrebovaniu, hrdzi a po\u0161kodeniu sp\u00f4soben\u00e9mu vystaven\u00edm vlhkosti, ne\u010distot\u00e1m a po\u013enohospod\u00e1rskym chemik\u00e1li\u00e1m. T\u00e1to odolnos\u0165 predl\u017euje \u017eivotnos\u0165 prevodovky a zni\u017euje n\u00e1klady na \u00fadr\u017ebu a v\u00fdmenu.<\/p>\n<p><strong>Efekt\u00edvny prenos v\u00fdkonu<\/strong><\/p>\n<p>Prevodovka je navrhnut\u00e1 tak, aby efekt\u00edvne pren\u00e1\u0161ala v\u00fdkon z v\u00fdvodov\u00e9ho hriade\u013ea traktora na zavla\u017eovac\u00ed bubon. Zabezpe\u010den\u00edm spr\u00e1vneho zn\u00ed\u017eenia r\u00fdchlosti a zv\u00fd\u0161enia kr\u00fatiaceho momentu zabezpe\u010duje, \u017ee bubon pracuje spr\u00e1vnou r\u00fdchlos\u0165ou pre optim\u00e1lny v\u00fdkon zavla\u017eovania. Tento presn\u00fd prenos v\u00fdkonu minimalizuje straty energie, zvy\u0161uje \u00fa\u010dinnos\u0165 a umo\u017e\u0148uje syst\u00e9mu pracova\u0165 konzistentnou r\u00fdchlos\u0165ou, \u010d\u00edm sa zabezpe\u010duje rovnomern\u00e9 a efekt\u00edvne rozlo\u017eenie vody.<\/p>\n<p><strong>N\u00edzke n\u00e1roky na \u00fadr\u017ebu<\/strong><\/p>\n<p>Prevodovky zavla\u017eovac\u00edch cievok s\u00fa navrhnut\u00e9 s oh\u013eadom na minim\u00e1lnu \u00fadr\u017ebu. Zvy\u010dajne s\u00fa vybaven\u00e9 vysoko kvalitn\u00fdmi lo\u017eiskami, tesneniami a mazivami, ktor\u00e9 zni\u017euj\u00fa trenie a opotrebovanie, \u010d\u00edm pom\u00e1haj\u00fa udr\u017eiava\u0165 plynul\u00fd chod v priebehu \u010dasu. Pravideln\u00e9 kontroly a pravideln\u00e9 mazanie s\u00fa vo v\u0161eobecnosti v\u0161etko, \u010do je potrebn\u00e9 na zabezpe\u010denie dobr\u00e9ho prev\u00e1dzkov\u00e9ho stavu prevodovky. T\u00e1to nen\u00e1ro\u010dn\u00e1 kon\u0161trukcia pom\u00e1ha zni\u017eova\u0165 prev\u00e1dzkov\u00e9 prestoje a zni\u017euje celkov\u00e9 n\u00e1klady na vlastn\u00edctvo.<\/p>\n<p><strong>Jednoduch\u00e1 in\u0161tal\u00e1cia a kompatibilita<\/strong><\/p>\n<p>Prevodovky zavla\u017eovac\u00edch bubnov s\u00fa navrhnut\u00e9 tak, aby sa dali \u013eahko in\u0161talova\u0165 a vymie\u0148a\u0165, pri\u010dom mnoh\u00e9 modely maj\u00fa univerz\u00e1lne mont\u00e1\u017ene body, ktor\u00e9 umo\u017e\u0148uj\u00fa kompatibilitu so \u0161irokou \u0161k\u00e1lou zavla\u017eovac\u00edch bubnov\u00fdch syst\u00e9mov. \u010ci u\u017e ide o \u0161tandardn\u00fd alebo z\u00e1kazkov\u00fd zavla\u017eovac\u00ed bubnov\u00fd syst\u00e9m, prevodovka sa zvy\u010dajne \u013eahko prip\u00e1ja k v\u00fdvodov\u00e9mu hriade\u013eu a zavla\u017eovaciemu bubnu. Jasn\u00e9 pokyny na in\u0161tal\u00e1ciu a priamo\u010diara kon\u0161trukcia umo\u017e\u0148uj\u00fa r\u00fdchle a jednoduch\u00e9 nastavenie, \u010d\u00edm sa skracuj\u00fa prestoje po\u010das \u00fadr\u017eby alebo moderniz\u00e1cie syst\u00e9mu.<\/p>\n<p>Prevodovky zavla\u017eovac\u00edch valcov s\u00fa navrhnut\u00e9 pre maxim\u00e1lnu \u00fa\u010dinnos\u0165, odolnos\u0165 a jednoduch\u00fa \u00fadr\u017ebu. V\u010faka vysok\u00e9mu kr\u00fatiacemu momentu, odolnej kon\u0161trukcii a efekt\u00edvnemu prenosu v\u00fdkonu zohr\u00e1vaj\u00fa tieto prevodovky k\u013e\u00fa\u010dov\u00fa \u00falohu pri zabezpe\u010dovan\u00ed plynulej a spo\u013eahlivej prev\u00e1dzky zavla\u017eovac\u00edch syst\u00e9mov. \u010ci u\u017e ide o po\u013enohospod\u00e1rske polia, ter\u00e9nne \u00fapravy alebo z\u00e1hradn\u00edcke aplik\u00e1cie, pokro\u010dil\u00e9 funkcie prevodoviek zavla\u017eovac\u00edch valcov pom\u00e1haj\u00fa optimalizova\u0165 zavla\u017eovacie procesy, skr\u00e1ti\u0165 prestoje a zlep\u0161i\u0165 celkov\u00fd v\u00fdkon syst\u00e9mu.<\/p>\n<h3>O FMP<\/h3>\n<p>Spolo\u010dnos\u0165 FMP so s\u00eddlom v Taliansku je popredn\u00fdm v\u00fdrobcom zn\u00e1mym svojimi odborn\u00fdmi znalos\u0165ami v oblasti n\u00e1vrhu, v\u00fdvoja a v\u00fdroby vysokov\u00fdkonn\u00fdch prevodoviek so zameran\u00edm na sektor po\u013enohospod\u00e1rskych strojov. V\u010faka reput\u00e1cii v oblasti presn\u00e9ho in\u017einierstva, inovat\u00edvnych rie\u0161en\u00ed a neochvejnej spo\u013eahlivosti sa spolo\u010dnos\u0165 FMP stala d\u00f4veryhodn\u00fdm partnerom pri rie\u0161en\u00ed vyv\u00edjaj\u00facich sa potrieb po\u013enohospod\u00e1rskeho aj priemyseln\u00e9ho sektora. N\u00e1\u0161 rozmanit\u00fd sortiment produktov zah\u0155\u0148a \u0161pecializovan\u00e9 prevodovky pre kosa\u010dky na tr\u00e1vu, v\u00fdvodov\u00e9 hriadele a \u010fal\u0161ie d\u00f4le\u017eit\u00e9 komponenty, pri\u010dom v\u0161etky s\u00fa starostlivo navrhnut\u00e9 tak, aby poskytovali rie\u0161enia na mieru v \u0161irokom spektre aplik\u00e1ci\u00ed.<\/p>\n<p>V spolo\u010dnosti FMP ch\u00e1peme, \u017ee ka\u017ed\u00fd klient m\u00e1 jedine\u010dn\u00e9 po\u017eiadavky a v\u00fdzvy. Preto sa \u0161pecializujeme na pon\u00fakanie rie\u0161en\u00ed na mieru, \u010di u\u017e ide o jednotliv\u00e9 komponenty alebo plne integrovan\u00e9 syst\u00e9my. \u00dazko spolupracujeme s na\u0161imi z\u00e1kazn\u00edkmi, aby sme zabezpe\u010dili, \u017ee ka\u017ed\u00e9 rie\u0161enie je nielen efekt\u00edvne, ale aj \u00fa\u010dinn\u00e9, optimalizuj\u00fac v\u00fdkon aj hodnotu. N\u00e1\u0161 z\u00e1v\u00e4zok poskytova\u0165 r\u00fdchle a profesion\u00e1lne odpovede spolu s odborn\u00fdm poradenstvom zabezpe\u010duje, \u017ee s ka\u017edou po\u017eiadavkou sa zaobch\u00e1dza s maxim\u00e1lnou starostlivos\u0165ou a presnos\u0165ou, \u010do vedie k najlep\u0161\u00edm mo\u017en\u00fdm v\u00fdsledkom.<\/p>\n<p>Uprednost\u0148ujeme otvoren\u00fa a nepretr\u017eit\u00fa komunik\u00e1ciu po\u010das cel\u00e9ho procesu v\u00fdvoja produktu. N\u00e1\u0161 \u0161pecializovan\u00fd t\u00edm spolupracuje priamo s klientmi, aby plne pochopil ich \u0161pecifick\u00e9 potreby a pon\u00faka cenn\u00e9 poznatky a odpor\u00fa\u010dania na zabezpe\u010denie optim\u00e1lnych rie\u0161en\u00ed. \u010ci u\u017e navrhujeme inovat\u00edvne produkty alebo pln\u00edme prebiehaj\u00face objedn\u00e1vky, spolo\u010dnos\u0165 FMP sa zav\u00e4zuje dod\u00e1va\u0165 vysokokvalitn\u00e9, prec\u00edzne navrhnut\u00e9 rie\u0161enia v\u010das a v\u017edy. Na\u0161\u00edm cie\u013eom je poskytova\u0165 klientom tie najlep\u0161ie slu\u017eby a v\u00fdsledky, ktor\u00e9 pri ka\u017edom projekte prekon\u00e1vaj\u00fa o\u010dak\u00e1vania.<\/p>\n<p>Kvalita je z\u00e1kladn\u00fdm kame\u0148om prev\u00e1dzky spolo\u010dnosti FMP. Dodr\u017eiavame najvy\u0161\u0161ie v\u00fdrobn\u00e9 \u0161tandardy a zav\u00e1dzame pr\u00edsne opatrenia na kontrolu kvality, aby sme zabezpe\u010dili, \u017ee ka\u017ed\u00fd produkt nielen sp\u013a\u0148a, ale aj prekon\u00e1va priemyseln\u00e9 \u0161tandardy. Tento neochvejn\u00fd z\u00e1v\u00e4zok ku kvalite v kombin\u00e1cii s na\u0161imi z\u00e1kladn\u00fdmi hodnotami integrity, t\u00edmovej pr\u00e1ce a vytrvalosti n\u00e1m umo\u017enil vybudova\u0165 si dlhodob\u00e9 vz\u0165ahy zalo\u017een\u00e9 na d\u00f4vere s klientmi v takmer 30 krajin\u00e1ch sveta.<\/p>\n<p>Spolo\u010dnos\u0165 FMP je v\u017edy otvoren\u00e1 podpore glob\u00e1lnych partnerstiev a na\u010falej sa venuje poskytovaniu odborn\u00e9ho poradenstva a rie\u0161en\u00ed na mieru, ktor\u00e9 sp\u013a\u0148aj\u00fa rozmanit\u00e9 potreby na\u0161ich klientov. Ideme nad r\u00e1mec len dod\u00e1vania produktov; sna\u017e\u00edme sa budova\u0165 trval\u00e9 vz\u0165ahy, ktor\u00e9 prispievaj\u00fa k \u00faspechu ka\u017ed\u00e9ho projektu. \u010ci u\u017e potrebujete inovat\u00edvne rie\u0161enia pre nov\u00fa iniciat\u00edvu alebo priebe\u017en\u00fa podporu pre existuj\u00faci syst\u00e9m, FMP je tu, aby sa vysporiadala s va\u0161imi technick\u00fdmi v\u00fdzvami a zabezpe\u010dila v\u00e1\u0161 trval\u00fd \u00faspech.<\/p>\n<p><img loading=\"lazy\" decoding=\"async\" class=\"alignnone size-full wp-image-1861\" src=\"https:\/\/fmp-components.com\/wp-content\/uploads\/2024\/12\/Other-Agricultural-Gearboxes.webp\" sizes=\"(min-width: 0px) and (max-width: 480px) 480px, (min-width: 481px) and (max-width: 980px) 980px, (min-width: 981px) 1200px, 100vw\" srcset=\"https:\/\/fmp-components.com\/wp-content\/uploads\/2024\/12\/Other-Agricultural-Gearboxes.webp 1200w, https:\/\/fmp-components.com\/wp-content\/uploads\/2024\/12\/Other-Agricultural-Gearboxes-980x1143.webp 980w, https:\/\/fmp-components.com\/wp-content\/uploads\/2024\/12\/Other-Agricultural-Gearboxes-480x560.webp 480w\" alt=\"Altri-cambi-agricoli\" width=\"1200\" height=\"1400\" title=\"\"><\/p>\n<p>Autor: CX<\/p>","protected":false},"excerpt":{"rendered":"<p>Irrigation Reels Gearboxes \u2013 Replacement of Comer Code A-4A The Irrigation Reels Gearbox \u2013 Replacement of Comer Code A-4A is a high-performance, durable gearbox designed to replace the Comer Code A-4A gearbox in irrigation reel systems. This replacement gearbox provides reliable power transmission and enhanced efficiency for various agricultural irrigation applications, ensuring consistent operation of [&hellip;]<\/p>","protected":false},"featured_media":2300,"comment_status":"open","ping_status":"closed","template":"","meta":{"_et_pb_use_builder":"","_et_pb_old_content":"","_et_gb_content_width":""},"product_brand":[],"product_cat":[57],"product_tag":[],"class_list":{"0":"post-2297","1":"product","2":"type-product","3":"status-publish","4":"has-post-thumbnail","6":"product_cat-irrigation-gearbox","8":"first","9":"instock","10":"shipping-taxable","11":"product-type-simple"},"_links":{"self":[{"href":"https:\/\/fmp-components.com\/sk\/wp-json\/wp\/v2\/product\/2297","targetHints":{"allow":["GET"]}}],"collection":[{"href":"https:\/\/fmp-components.com\/sk\/wp-json\/wp\/v2\/product"}],"about":[{"href":"https:\/\/fmp-components.com\/sk\/wp-json\/wp\/v2\/types\/product"}],"replies":[{"embeddable":true,"href":"https:\/\/fmp-components.com\/sk\/wp-json\/wp\/v2\/comments?post=2297"}],"wp:featuredmedia":[{"embeddable":true,"href":"https:\/\/fmp-components.com\/sk\/wp-json\/wp\/v2\/media\/2300"}],"wp:attachment":[{"href":"https:\/\/fmp-components.com\/sk\/wp-json\/wp\/v2\/media?parent=2297"}],"wp:term":[{"taxonomy":"product_brand","embeddable":true,"href":"https:\/\/fmp-components.com\/sk\/wp-json\/wp\/v2\/product_brand?post=2297"},{"taxonomy":"product_cat","embeddable":true,"href":"https:\/\/fmp-components.com\/sk\/wp-json\/wp\/v2\/product_cat?post=2297"},{"taxonomy":"product_tag","embeddable":true,"href":"https:\/\/fmp-components.com\/sk\/wp-json\/wp\/v2\/product_tag?post=2297"}],"curies":[{"name":"pracovn\u00fd list","href":"https:\/\/api.w.org\/{rel}","templated":true}]}}