{"id":2195,"date":"2024-12-30T08:47:28","date_gmt":"2024-12-30T08:47:28","guid":{"rendered":"https:\/\/fmp-components.com\/?page_id=8"},"modified":"2024-12-30T08:54:18","modified_gmt":"2024-12-30T08:54:18","slug":"agricultural-sprayer-gearbox-replacement-of-comer-code-d21a","status":"publish","type":"product","link":"https:\/\/fmp-components.com\/sk\/product\/agricultural-sprayer-gearbox-replacement-of-comer-code-d21a\/","title":{"rendered":"Prevodovka po\u013enohospod\u00e1rskeho postrekova\u010da \u2013 v\u00fdmena k\u00f3du Comer D21A"},"content":{"rendered":"<h2>\u0160pecifik\u00e1cie prevodovky po\u013enohospod\u00e1rskeho postrekova\u010da D21A<\/h2>\n<h3><em>D21A<\/em><\/h3>\n<p><img loading=\"lazy\" decoding=\"async\" class=\"alignnone size-full wp-image-2196\" src=\"https:\/\/fmp-components.com\/wp-content\/uploads\/2024\/12\/agricultural-sprayer-gearbox-specification-D21A.webp\" alt=\"\u0161pecifik\u00e1cia prevodovky pre po\u013enohospod\u00e1rsky postrekova\u010d D21A\" width=\"855\" height=\"456\" title=\"\" srcset=\"https:\/\/fmp-components.com\/wp-content\/uploads\/2024\/12\/agricultural-sprayer-gearbox-specification-D21A.webp 855w, https:\/\/fmp-components.com\/wp-content\/uploads\/2024\/12\/agricultural-sprayer-gearbox-specification-D21A-480x256.webp 480w\" sizes=\"(min-width: 0px) and (max-width: 480px) 480px, (min-width: 481px) 855px, 100vw\" \/><\/p>\n<table style=\"width: 98.7604%; height: 303px;\" border=\"1\" cellspacing=\"0\" cellpadding=\"0\">\n<tbody>\n<tr>\n<td rowspan=\"2\"><strong>ja<\/strong><\/td>\n<td rowspan=\"2\"><strong>N<sub>1<\/sub>[ot.\/min.]<\/strong><\/td>\n<td rowspan=\"2\"><strong>P<sub>1<\/sub>[kW]<\/strong><\/td>\n<td rowspan=\"2\"><strong>M<sub>2<\/sub>[Nm]<\/strong><\/td>\n<td colspan=\"2\"><strong>Typ hriade\u013ea<\/strong><strong><br \/>\n<\/strong><\/td>\n<td rowspan=\"2\"><strong>Vstup<\/strong><\/td>\n<\/tr>\n<tr>\n<td><strong>X<br \/>\n<\/strong>\u00a0<img loading=\"lazy\" decoding=\"async\" class=\"size-full wp-image-2180 aligncenter\" src=\"https:\/\/fmp-components.com\/wp-content\/uploads\/2024\/12\/shaft-x-3.webp\" alt=\"hriade\u013e-x\" width=\"81\" height=\"78\" title=\"\" srcset=\"https:\/\/fmp-components.com\/wp-content\/uploads\/2024\/12\/shaft-x-3.webp 81w, https:\/\/fmp-components.com\/wp-content\/uploads\/2024\/12\/shaft-x-3-12x12.webp 12w\" sizes=\"(max-width: 81px) 100vw, 81px\" \/><\/td>\n<td><strong>Z<\/strong><strong><img loading=\"lazy\" decoding=\"async\" class=\"size-full wp-image-2181 aligncenter\" src=\"https:\/\/fmp-components.com\/wp-content\/uploads\/2024\/12\/shaft-z.webp\" alt=\"hriade\u013e-z\" width=\"81\" height=\"84\" title=\"\" srcset=\"https:\/\/fmp-components.com\/wp-content\/uploads\/2024\/12\/shaft-z.webp 81w, https:\/\/fmp-components.com\/wp-content\/uploads\/2024\/12\/shaft-z-12x12.webp 12w\" sizes=\"(max-width: 81px) 100vw, 81px\" \/><\/strong><\/td>\n<\/tr>\n<tr>\n<td>6.95<br \/>\n7.45<\/td>\n<td>540<\/td>\n<td>26.5<\/td>\n<td>&#8211;<\/td>\n<td>1\u201d 3\/8 Z6<\/td>\n<td>L108 35<\/td>\n<td>X<\/td>\n<\/tr>\n<tr>\n<td>3.90<br \/>\n4.90<\/td>\n<td>540<\/td>\n<td>40.5<\/td>\n<td>&#8211;<\/td>\n<td>1\u201d 3\/8 Z6<\/td>\n<td>\u00a0L271.5 30<\/td>\n<td>X<\/td>\n<\/tr>\n<tr>\n<td>3.60<br \/>\n4.50<\/td>\n<td>540<\/td>\n<td>40.5<\/td>\n<td>&#8211;<\/td>\n<td>1\u201d 3\/8 Z6<\/td>\n<td>L273 40<\/td>\n<td>X<\/td>\n<\/tr>\n<tr>\n<td>3.60<br \/>\n4.50<\/td>\n<td>540<\/td>\n<td>40.5<\/td>\n<td>&#8211;<\/td>\n<td>1\u201d 3\/8 Z6<\/td>\n<td>L270 35<\/td>\n<td>X<\/td>\n<\/tr>\n<tr>\n<td>3.60<br \/>\n4.50<\/td>\n<td>540<\/td>\n<td>47.8<\/td>\n<td>&#8211;<\/td>\n<td>1\u201d 3\/8 Z6<\/td>\n<td>L100 35<\/td>\n<td>X<\/td>\n<\/tr>\n<\/tbody>\n<\/table>\n<h3><em><strong>Dvojit\u00fd v\u00fdstup D21A<\/strong><\/em><\/h3>\n<p><img loading=\"lazy\" decoding=\"async\" class=\"alignnone size-full wp-image-2197\" src=\"https:\/\/fmp-components.com\/wp-content\/uploads\/2024\/12\/agricultural-sprayer-gearbox-specification-D21A-double-output.webp\" alt=\"\u0161pecifik\u00e1cia-prevodovky-po\u013enohospod\u00e1rskeho-postrekova\u010da-D21A-dvojit\u00fd-v\u00fdstup\" width=\"881\" height=\"655\" title=\"\" srcset=\"https:\/\/fmp-components.com\/wp-content\/uploads\/2024\/12\/agricultural-sprayer-gearbox-specification-D21A-double-output.webp 881w, https:\/\/fmp-components.com\/wp-content\/uploads\/2024\/12\/agricultural-sprayer-gearbox-specification-D21A-double-output-480x357.webp 480w\" sizes=\"(min-width: 0px) and (max-width: 480px) 480px, (min-width: 481px) 881px, 100vw\" \/><\/p>\n<table style=\"width: 99.1636%; height: 123px;\" border=\"1\" cellspacing=\"0\" cellpadding=\"0\">\n<tbody>\n<tr>\n<td rowspan=\"2\"><strong>ja<\/strong><\/td>\n<td rowspan=\"2\"><strong>N<sub>1<\/sub>[ot.\/min.]<\/strong><\/td>\n<td rowspan=\"2\"><strong>P<sub>1<\/sub>[kW]<\/strong><\/td>\n<td rowspan=\"2\"><strong>M<sub>2<\/sub>[Nm]<\/strong><\/td>\n<td colspan=\"2\"><strong>Typ hriade\u013ea<\/strong><strong><br \/>\n<\/strong><\/td>\n<td rowspan=\"2\"><strong>Vstup<\/strong><\/td>\n<\/tr>\n<tr>\n<td><strong>X<br \/>\n<\/strong><img loading=\"lazy\" decoding=\"async\" class=\"size-full wp-image-2180 aligncenter\" src=\"https:\/\/fmp-components.com\/wp-content\/uploads\/2024\/12\/shaft-x-3.webp\" alt=\"hriade\u013e-x\" width=\"81\" height=\"78\" title=\"\" srcset=\"https:\/\/fmp-components.com\/wp-content\/uploads\/2024\/12\/shaft-x-3.webp 81w, https:\/\/fmp-components.com\/wp-content\/uploads\/2024\/12\/shaft-x-3-12x12.webp 12w\" sizes=\"(max-width: 81px) 100vw, 81px\" \/><\/td>\n<td><strong>Z<img loading=\"lazy\" decoding=\"async\" class=\"size-full wp-image-2181 aligncenter\" src=\"https:\/\/fmp-components.com\/wp-content\/uploads\/2024\/12\/shaft-z.webp\" alt=\"hriade\u013e-z\" width=\"81\" height=\"84\" title=\"\" srcset=\"https:\/\/fmp-components.com\/wp-content\/uploads\/2024\/12\/shaft-z.webp 81w, https:\/\/fmp-components.com\/wp-content\/uploads\/2024\/12\/shaft-z-12x12.webp 12w\" sizes=\"(max-width: 81px) 100vw, 81px\" \/><\/strong><\/td>\n<\/tr>\n<tr>\n<td>3.60<br \/>\n4.93<\/td>\n<td>540<\/td>\n<td>40.5<\/td>\n<td>&#8211;<\/td>\n<td>1\u201d 3\/8 Z6<\/td>\n<td>L360 35<br \/>\n\u03a630<\/td>\n<td>X<\/td>\n<\/tr>\n<\/tbody>\n<\/table>\n<h3>Charakteristiky prevodovky po\u013enohospod\u00e1rskeho postrekova\u010da<\/h3>\n<ol>\n<li><strong>Odolnos\u0165 a robustn\u00e1 kon\u0161trukcia<\/strong><br \/>\nPrevodovky po\u013enohospod\u00e1rskych postrekova\u010dov s\u00fa navrhnut\u00e9 tak, aby odolali n\u00e1ro\u010dn\u00fdm podmienkam po\u013enohospod\u00e1rskeho prostredia. Tieto prevodovky s\u00fa vyroben\u00e9 z vysokopevnostn\u00fdch materi\u00e1lov, ako je legovan\u00e1 oce\u013e, \u010do zaru\u010duje, \u017ee vydr\u017eia n\u00e1ro\u010dn\u00e9 pou\u017e\u00edvanie a odol\u00e1vaj\u00fa opotrebovaniu v d\u00f4sledku vystavenia ne\u010distot\u00e1m, vlhkosti a vibr\u00e1ci\u00e1m. T\u00e1to robustnos\u0165 zais\u0165uje, \u017ee prevodovka spo\u013eahlivo pracuje dlh\u0161\u00ed \u010das, a to aj v n\u00e1ro\u010dn\u00fdch pracovn\u00fdch podmienkach, \u010do je k\u013e\u00fa\u010dov\u00e9 pre po\u013enohospod\u00e1rske aplik\u00e1cie, kde zariadenia \u010dasto pracuj\u00fa v n\u00e1ro\u010dnom prostred\u00ed.<\/li>\n<li><strong>Vysok\u00e1 \u00fa\u010dinnos\u0165 prenosu v\u00fdkonu<\/strong><br \/>\nPrevodovky po\u013enohospod\u00e1rskych postrekova\u010dov s\u00fa skon\u0161truovan\u00e9 tak, aby efekt\u00edvne pren\u00e1\u0161ali mechanick\u00fa energiu z v\u00fdvodov\u00e9ho hriade\u013ea traktora do \u010derpadla postrekova\u010da. Prevodovka premie\u0148a rota\u010dn\u00fa energiu dod\u00e1van\u00fa motorom traktora na po\u017eadovan\u00fd v\u00fdkon pre r\u00f4zne komponenty postrekova\u010da, \u010d\u00edm zabezpe\u010duje plynul\u00e9 a rovnomern\u00e9 postrekovanie chemik\u00e1li\u00ed alebo hnoj\u00edv. Tento efekt\u00edvny prenos v\u00fdkonu je nevyhnutn\u00fd pre optim\u00e1lny tlak postreku, prietoky a celkov\u00fd v\u00fdkon, v\u010faka \u010domu je prevodovka k\u013e\u00fa\u010dovou s\u00fa\u010das\u0165ou maximaliz\u00e1cie produktivity.<\/li>\n<li><strong>Kompaktn\u00fd a priestorovo \u00fasporn\u00fd dizajn<\/strong><br \/>\nPrevodovky po\u013enohospod\u00e1rskych postrekova\u010dov s\u00fa \u010dasto navrhnut\u00e9 tak, aby boli kompaktn\u00e9 a priestorovo \u00fasporn\u00e9, \u010do umo\u017e\u0148uje ich jednoduch\u00fa mont\u00e1\u017e na r\u00f4zne postrekovacie syst\u00e9my bez toho, aby zaberali nadmern\u00fd priestor. T\u00e1to kon\u0161truk\u010dn\u00e1 vlastnos\u0165 je obzvl\u00e1\u0161\u0165 d\u00f4le\u017eit\u00e1 pre udr\u017eanie rovnov\u00e1hy a ovl\u00e1date\u013enosti postrekova\u010da. Kompaktn\u00e1 prevodovka zabezpe\u010duje, \u017ee neprek\u00e1\u017ea in\u00fdm komponentom postrekova\u010da, ako je n\u00e1dr\u017e alebo postrekovacie trysky, a z\u00e1rove\u0148 udr\u017eiava syst\u00e9m \u013eahk\u00fd a \u013eahko ovl\u00e1date\u013en\u00fd.<\/li>\n<li><strong>V\u0161estrannos\u0165 a prisp\u00f4sobivos\u0165<\/strong><br \/>\nTieto prevodovky s\u00fa vysoko prisp\u00f4sobiv\u00e9 a mo\u017eno ich pou\u017ei\u0165 so \u0161irokou \u0161k\u00e1lou po\u013enohospod\u00e1rskych postrekova\u010dov, vr\u00e1tane mal\u00fdch aj ve\u013ek\u00fdch modelov. \u010ci u\u017e sa pou\u017e\u00edvaj\u00fa na postrekova\u010doch nesen\u00fdch na traktore alebo na samohybn\u00fdch zariadeniach, prevodovky po\u013enohospod\u00e1rskych postrekova\u010dov s\u00fa navrhnut\u00e9 pre v\u0161estrannos\u0165 a dok\u00e1\u017eu zvl\u00e1dnu\u0165 r\u00f4zne po\u017eiadavky na v\u00fdkon. V\u010faka svojej kompatibilite s r\u00f4znymi konfigur\u00e1ciami postrekova\u010dov a prev\u00e1dzkov\u00fdmi podmienkami s\u00fa spo\u013eahliv\u00fdm rie\u0161en\u00edm pre r\u00f4zne po\u013enohospod\u00e1rske oper\u00e1cie, od ochrany plod\u00edn a\u017e po hnojenie.<\/li>\n<li><strong>Jednoduch\u00e1 \u00fadr\u017eba a dlh\u00e1 \u017eivotnos\u0165<\/strong><br \/>\nPrevodovky po\u013enohospod\u00e1rskych postrekova\u010dov s\u00fa navrhnut\u00e9 s oh\u013eadom na jednoduch\u00fa \u00fadr\u017ebu. \u010casto maj\u00fa u\u017e\u00edvate\u013esky pr\u00edvetiv\u00e9 kon\u0161trukcie, ktor\u00e9 umo\u017e\u0148uj\u00fa jednoduch\u00fd pr\u00edstup k vn\u00fatorn\u00fdm komponentom na mazanie a kontrolu. Be\u017en\u00e1 \u00fadr\u017eba, ako je kontrola hladiny oleja, nan\u00e1\u0161anie maziva a v\u00fdmena tesnen\u00ed alebo filtrov, je jednoduch\u00e1 a m\u00f4\u017ee pred\u013a\u017ei\u0165 \u017eivotnos\u0165 prevodovky. \u017divotnos\u0165 prevodovky je umocnen\u00e1 jej odolnou kon\u0161trukciou, ktor\u00e1 zabezpe\u010duje konzistentn\u00fd v\u00fdkon po\u010das viacer\u00fdch vegeta\u010dn\u00fdch obdob\u00ed, \u010do je k\u013e\u00fa\u010dov\u00fd faktor pre po\u013enohospod\u00e1rov, ktor\u00ed sa spoliehaj\u00fa na zariadenia, ktor\u00e9 spo\u013eahlivo funguj\u00fa rok \u010do rok.<\/li>\n<li><strong>Vstavan\u00e9 bezpe\u010dnostn\u00e9 funkcie<\/strong><br \/>\nMnoh\u00e9 prevodovky po\u013enohospod\u00e1rskych postrekova\u010dov s\u00fa vybaven\u00e9 bezpe\u010dnostn\u00fdmi prvkami, ktor\u00e9 chr\u00e1nia prevodovku aj pripojen\u00e9 komponenty. Tieto prvky m\u00f4\u017eu zah\u0155\u0148a\u0165 syst\u00e9my ochrany proti pre\u0165a\u017eeniu, ako s\u00fa stri\u017en\u00e9 kol\u00edky alebo spojky, ktor\u00e9 zabra\u0148uj\u00fa po\u0161kodeniu prevodovky v pr\u00edpade n\u00e1hleho mechanick\u00e9ho nam\u00e1hania alebo prek\u00e1\u017eky. Ke\u010f sa zist\u00ed nadmern\u00e1 sila, tieto bezpe\u010dnostn\u00e9 mechanizmy sa deaktivuj\u00fa alebo obmedzia prenos v\u00fdkonu, \u010d\u00edm sa zabr\u00e1ni poruch\u00e1m a zn\u00ed\u017ei sa riziko n\u00e1kladn\u00fdch opr\u00e1v alebo prestojov.<\/li>\n<\/ol>\n<p>Prevodovky po\u013enohospod\u00e1rskych postrekova\u010dov sa vyzna\u010duj\u00fa svojou odolnos\u0165ou, \u00fa\u010dinnos\u0165ou prenosu v\u00fdkonu, kompaktn\u00fdm dizajnom a jednoduchou \u00fadr\u017ebou. V\u010faka t\u00fdmto vlastnostiam s\u00fa nevyhnutn\u00e9 pre spo\u013eahliv\u00fd a dlhotrvaj\u00faci v\u00fdkon v n\u00e1ro\u010dn\u00fdch po\u013enohospod\u00e1rskych prostrediach. V\u010faka svojej v\u0161estrannosti, vstavan\u00fdm bezpe\u010dnostn\u00fdm mechanizmom a konzistentnej prev\u00e1dzke zohr\u00e1vaj\u00fa prevodovky po\u013enohospod\u00e1rskych postrekova\u010dov k\u013e\u00fa\u010dov\u00fa \u00falohu pri zabezpe\u010dovan\u00ed efekt\u00edvnych a \u00fa\u010dinn\u00fdch postrekovac\u00edch syst\u00e9mov pre \u0161irok\u00fa \u0161k\u00e1lu po\u013enohospod\u00e1rskych aplik\u00e1ci\u00ed.<\/p>\n<p><img loading=\"lazy\" decoding=\"async\" class=\"size-full wp-image-2198 aligncenter\" src=\"https:\/\/fmp-components.com\/wp-content\/uploads\/2024\/12\/Agricultural-Sprayer-Gearbox-8.webp\" alt=\"Prevodovka pre po\u013enohospod\u00e1rsky postrekova\u010d 8\" width=\"800\" height=\"800\" title=\"\" srcset=\"https:\/\/fmp-components.com\/wp-content\/uploads\/2024\/12\/Agricultural-Sprayer-Gearbox-8.webp 800w, https:\/\/fmp-components.com\/wp-content\/uploads\/2024\/12\/Agricultural-Sprayer-Gearbox-8-480x480.webp 480w\" sizes=\"(min-width: 0px) and (max-width: 480px) 480px, (min-width: 481px) 800px, 100vw\" \/><\/p>\n<h3>Aplik\u00e1cie pre prevodovku po\u013enohospod\u00e1rskeho postrekova\u010da<\/h3>\n<ol>\n<li><strong>Postrekova\u010de nesen\u00e9 na traktore<\/strong><br \/>\nPrevodovky po\u013enohospod\u00e1rskych postrekova\u010dov sa \u0161iroko pou\u017e\u00edvaj\u00fa v postrekova\u010doch nesen\u00fdch na traktore, kde s\u00fa zodpovedn\u00e9 za prenos v\u00fdkonu z v\u00fdvodov\u00e9ho hriade\u013ea traktora do \u010derpadla postrekova\u010da. Tieto prevodovky umo\u017e\u0148uj\u00fa postrekova\u010du rovnomerne rozde\u013eova\u0165 hnojiv\u00e1, pestic\u00eddy a herbic\u00eddy medzi plodiny. Postrekova\u010de nesen\u00e9 na traktore sa pou\u017e\u00edvaj\u00fa na r\u00f4zne \u00fa\u010dely, od rozsiahleho komer\u010dn\u00e9ho po\u013enohospod\u00e1rstva a\u017e po men\u0161ie sady alebo vinohrady, tak\u017ee prevodovka je nevyhnutn\u00e1 na zabezpe\u010denie konzistentn\u00fdch postrekov\u00fdch vzorov a efekt\u00edvnej aplik\u00e1cie chemik\u00e1li\u00ed.<\/li>\n<li><strong>Samohybn\u00e9 postrekova\u010de<\/strong><br \/>\nV samohybn\u00fdch postrekova\u010doch hr\u00e1 prevodovka k\u013e\u00fa\u010dov\u00fa \u00falohu pri nap\u00e1jan\u00ed postrekovacieho syst\u00e9mu nez\u00e1visle od traktora. Tieto postrekova\u010de sa be\u017ene pou\u017e\u00edvaj\u00fa na aplik\u00e1cie na ve\u013ek\u00fdch ploch\u00e1ch a s\u00fa vybaven\u00e9 vlastn\u00fdmi motormi a prevodov\u00fdmi syst\u00e9mami. Prevodovka v samohybn\u00fdch postrekova\u010doch pom\u00e1ha regulova\u0165 r\u00fdchlos\u0165 \u010derpadla postrekova\u010da, \u010d\u00edm zabezpe\u010duje presn\u00e9 a efekt\u00edvne rozde\u013eovanie chemik\u00e1li\u00ed. Umo\u017e\u0148uje tie\u017e jednoduch\u00e9 nastavenie d\u00e1vkovania postreku, \u010d\u00edm poskytuje flexibilitu pre r\u00f4zne typy plod\u00edn a po\u013en\u00e9 podmienky.<\/li>\n<li><strong>Postrekova\u010de s ramenami<\/strong><br \/>\nPrevodovky po\u013enohospod\u00e1rskych postrekova\u010dov s\u00fa neoddelite\u013enou s\u00fa\u010das\u0165ou ramenov\u00fdch postrekova\u010dov, ktor\u00e9 sa pou\u017e\u00edvaj\u00fa na aplik\u00e1ciu kvapal\u00edn na ve\u013ek\u00e9 plochy p\u00f4dy, ako s\u00fa napr\u00edklad polia s obilninami, zeleninou alebo in\u00fdmi plodinami. Prevodovka je zodpovedn\u00e1 za pohon \u010derpadiel, ktor\u00e9 poh\u00e1\u0148aj\u00fa rozpra\u0161ovacie trysky na ramene. Zabezpe\u010duje rovnomern\u00e9 postrekovanie a presn\u00fa kontrolu nad postrekovanou plochou. Tieto syst\u00e9my sa \u010dasto pou\u017e\u00edvaj\u00fa v presnom po\u013enohospod\u00e1rstve, kde je konzistentn\u00e1 aplik\u00e1cia k\u013e\u00fa\u010dov\u00e1 pre minimaliz\u00e1ciu odpadu a optimaliz\u00e1ciu ochrany plod\u00edn.<\/li>\n<li><strong>Rozmetadl\u00e1 hnoj\u00edv<\/strong><br \/>\nMnoh\u00e9 rozmetadl\u00e1 hnoj\u00edv s\u00fa integrovan\u00e9 s postrekovac\u00edmi syst\u00e9mami pre dvojit\u00e9 aplik\u00e1cie, ako je s\u00fa\u010dasn\u00e9 hnojenie a postrek. Prevodovka v t\u00fdchto syst\u00e9moch je zodpovedn\u00e1 za poskytovanie v\u00fdkonu potrebn\u00e9ho na ovl\u00e1danie rota\u010dn\u00fdch mechanizmov rozmetadla a z\u00e1rove\u0148 za zabezpe\u010denie spr\u00e1vneho fungovania postrekova\u010da. T\u00e1to aplik\u00e1cia je obzvl\u00e1\u0161\u0165 u\u017eito\u010dn\u00e1 v poliach, kde je potrebn\u00e9 aplikova\u0165 hnojiv\u00e1 aj prostriedky na ochranu plod\u00edn s\u00fa\u010dasne v jednej oper\u00e1cii, \u010d\u00edm sa zefekt\u00edv\u0148uje proces a zni\u017euje sa po\u010det prechodov zariaden\u00edm.<\/li>\n<li><strong>Ochrana po\u013en\u00fdch plod\u00edn<\/strong><br \/>\nPrevodovky postrekova\u010dov sa be\u017ene pou\u017e\u00edvaj\u00fa pri ochrane plod\u00edn na poliach, kde poh\u00e1\u0148aj\u00fa postrekova\u010de pou\u017e\u00edvan\u00e9 na aplik\u00e1ciu pestic\u00eddov a herbic\u00eddov na rozsiahle polia plod\u00edn, ako s\u00fa obilniny, kukurica a s\u00f3ja. Prevodovka zabezpe\u010duje, aby postrekovac\u00ed syst\u00e9m fungoval pri spr\u00e1vnom tlaku a prietoku, \u010do je k\u013e\u00fa\u010dov\u00e9 pre \u00fa\u010dinn\u00fa ochranu proti \u0161kodcom a burine. Zabezpe\u010den\u00edm rovnomernej aplik\u00e1cie prevodovka pom\u00e1ha zni\u017eova\u0165 nadmern\u00e9 pou\u017e\u00edvanie chemik\u00e1li\u00ed, \u010d\u00edm zlep\u0161uje environment\u00e1lnu udr\u017eate\u013enos\u0165 a zni\u017euje vstupn\u00e9 n\u00e1klady pre po\u013enohospod\u00e1rov.<\/li>\n<li><strong>Postrekovanie sadov a vin\u00edc<\/strong><br \/>\nV sadoch a vinohradoch sa prevodovky postrekova\u010dov pou\u017e\u00edvaj\u00fa v \u0161pecializovan\u00fdch postrekova\u010doch ur\u010den\u00fdch na navig\u00e1ciu v \u00fazkych radoch stromov alebo vini\u010da. Tieto postrekova\u010de \u010dasto pou\u017e\u00edvaj\u00fa men\u0161ie, kompaktnej\u0161ie prevodovky prisp\u00f4soben\u00e9 jedine\u010dn\u00fdm potreb\u00e1m pestovania ovocn\u00fdch stromov. Prevodovka je zodpovedn\u00e1 za pohon postrekovac\u00edch \u010derpadiel, ktor\u00e9 distribuuj\u00fa vodu, hnojiv\u00e1 alebo pestic\u00eddy. Zabezpe\u010den\u00edm konzistentn\u00e9ho tlaku postreku prevodovka pom\u00e1ha zabezpe\u010di\u0165 optim\u00e1lne o\u0161etrenie t\u00fdchto ch\u00falostiv\u00fdch plod\u00edn bez po\u0161kodenia rastl\u00edn.<\/li>\n<\/ol>\n<p>Prevodovky po\u013enohospod\u00e1rskych postrekova\u010dov zohr\u00e1vaj\u00fa d\u00f4le\u017eit\u00fa \u00falohu v r\u00f4znych aplik\u00e1ci\u00e1ch, od rozsiahlej ochrany po\u013en\u00fdch plod\u00edn a\u017e po \u0161pecializovan\u00e9 postrekova\u010de v sadoch a sklen\u00edkoch. Ich prim\u00e1rnou funkciou je efekt\u00edvny prenos v\u00fdkonu z traktora alebo samohybn\u00e9ho zariadenia do \u010derpadla postrekova\u010da, \u010d\u00edm sa zabezpe\u010d\u00ed konzistentn\u00e1 a presn\u00e1 aplik\u00e1cia chemik\u00e1li\u00ed. \u010ci u\u017e ide o pestic\u00eddy, hnojiv\u00e1 alebo herbic\u00eddy, prevodovka zabezpe\u010duje, \u017ee postrekovacie syst\u00e9my funguj\u00fa efekt\u00edvne v \u0161irokej \u0161k\u00e1le po\u013enohospod\u00e1rskych oper\u00e1ci\u00ed, \u010do prispieva k lep\u0161iemu hospod\u00e1reniu s plodinami, udr\u017eate\u013enosti a produktivite.<\/p>\n<p><img loading=\"lazy\" decoding=\"async\" class=\"alignnone size-full wp-image-2193\" src=\"https:\/\/fmp-components.com\/wp-content\/uploads\/2024\/12\/Agricultural-Sprayer-Gearbox-19.webp\" alt=\"Prevodovka pre po\u013enohospod\u00e1rske postrekova\u010de\" width=\"2016\" height=\"1512\" title=\"\" srcset=\"https:\/\/fmp-components.com\/wp-content\/uploads\/2024\/12\/Agricultural-Sprayer-Gearbox-19.webp 2016w, https:\/\/fmp-components.com\/wp-content\/uploads\/2024\/12\/Agricultural-Sprayer-Gearbox-19-1280x960.webp 1280w, https:\/\/fmp-components.com\/wp-content\/uploads\/2024\/12\/Agricultural-Sprayer-Gearbox-19-980x735.webp 980w, https:\/\/fmp-components.com\/wp-content\/uploads\/2024\/12\/Agricultural-Sprayer-Gearbox-19-480x360.webp 480w\" sizes=\"(min-width: 0px) and (max-width: 480px) 480px, (min-width: 481px) and (max-width: 980px) 980px, (min-width: 981px) and (max-width: 1280px) 1280px, (min-width: 1281px) 2016px, 100vw\" \/><\/p>\n<h3>O FMP<\/h3>\n<p>Spolo\u010dnos\u0165 FMP so s\u00eddlom v Taliansku je popredn\u00fdm v\u00fdrobcom \u0161pecializuj\u00facim sa na n\u00e1vrh, v\u00fdvoj a v\u00fdrobu vysokov\u00fdkonn\u00fdch prevodoviek, predov\u0161etk\u00fdm pre sektor po\u013enohospod\u00e1rskych strojov. Spolo\u010dnos\u0165 FMP, zn\u00e1ma prec\u00edznym in\u017einierstvom, inov\u00e1ciami a spo\u013eahlivos\u0165ou, si vybudovala siln\u00fa reput\u00e1ciu v\u010faka dod\u00e1vaniu vynikaj\u00facich produktov, ktor\u00e9 sp\u013a\u0148aj\u00fa vyv\u00edjaj\u00face sa potreby po\u013enohospod\u00e1rskych aj priemyseln\u00fdch trhov. N\u00e1\u0161 rozsiahly sortiment produktov zah\u0155\u0148a \u0161pecializovan\u00e9 prevodovky pre kosa\u010dky na tr\u00e1vu, v\u00fdvodov\u00e9 hriadele a \u010fal\u0161ie k\u013e\u00fa\u010dov\u00e9 komponenty, ktor\u00e9 s\u00fa v\u0161etky navrhnut\u00e9 tak, aby poskytovali rie\u0161enia na mieru v r\u00f4znych aplik\u00e1ci\u00e1ch.<\/p>\n<p>Ch\u00e1peme, \u017ee ka\u017ed\u00fd klient m\u00e1 jedine\u010dn\u00e9 po\u017eiadavky, a preto pon\u00fakame rie\u0161enia na mieru, \u010di u\u017e prostredn\u00edctvom jednotliv\u00fdch komponentov alebo kompletn\u00fdch integrovan\u00fdch syst\u00e9mov. \u00dazkou spolupr\u00e1cou s na\u0161imi z\u00e1kazn\u00edkmi zabezpe\u010dujeme, aby ka\u017ed\u00e9 rie\u0161enie bolo efekt\u00edvne a \u00fa\u010dinn\u00e9. N\u00e1\u0161 z\u00e1v\u00e4zok k r\u00fdchlym a profesion\u00e1lnym reakci\u00e1m a odborn\u00e9mu poradenstvu zaru\u010duje, \u017ee ka\u017ed\u00e1 po\u017eiadavka bude spracovan\u00e1 s opatrnos\u0165ou a presnos\u0165ou, \u010do prinesie optim\u00e1lne v\u00fdsledky.<\/p>\n<p>Otvoren\u00e1 komunik\u00e1cia je z\u00e1kladn\u00fdm kame\u0148om n\u00e1\u0161ho pr\u00edstupu, najm\u00e4 vo v\u00fdvoji produktov. N\u00e1\u0161 t\u00edm spolupracuje priamo s klientmi, aby plne pochopil ich potreby a poskytol im cenn\u00e9 poznatky, ktor\u00e9 ved\u00fa k najlep\u0161\u00edm rie\u0161eniam. \u010ci u\u017e navrhujeme inovat\u00edvne produkty alebo pln\u00edme objedn\u00e1vky, spolo\u010dnos\u0165 FMP sa venuje dod\u00e1vaniu vysokokvalitn\u00fdch, prec\u00edzne navrhnut\u00fdch rie\u0161en\u00ed v\u010das a v\u017edy.<\/p>\n<p>Kvalita je jadrom \u010dinnosti spolo\u010dnosti FMP. Dodr\u017eiavame najvy\u0161\u0161ie v\u00fdrobn\u00e9 \u0161tandardy a implementujeme pr\u00edsne opatrenia na kontrolu kvality, aby sme zabezpe\u010dili, \u017ee ka\u017ed\u00fd produkt prekon\u00e1 o\u010dak\u00e1vania odvetvia. Toto zameranie na kvalitu v kombin\u00e1cii s na\u0161imi z\u00e1kladn\u00fdmi hodnotami integrity, t\u00edmovej pr\u00e1ce a vytrvalosti n\u00e1m pomohlo vybudova\u0165 si dlhodob\u00e9 vz\u0165ahy so z\u00e1kazn\u00edkmi v takmer 30 krajin\u00e1ch sveta.<\/p>\n<p>Spolo\u010dnos\u0165 FMP sa zaviazala budova\u0165 glob\u00e1lne partnerstv\u00e1, pon\u00faka\u0165 odborn\u00e9 poradenstvo a rie\u0161enia na mieru, ktor\u00e9 sp\u013a\u0148aj\u00fa rozmanit\u00e9 potreby klientov. Ideme nad r\u00e1mec dod\u00e1vok produktov a sna\u017e\u00edme sa budova\u0165 trval\u00e9 vz\u0165ahy, ktor\u00e9 s\u00fa hnacou silou \u00faspechu ka\u017ed\u00e9ho projektu. \u010ci u\u017e h\u013ead\u00e1te inovat\u00edvne rie\u0161enia pre nov\u00fd podnik alebo prebiehaj\u00facu podporu pre existuj\u00faci syst\u00e9m, spolo\u010dnos\u0165 FMP sa venuje rie\u0161eniu va\u0161ich technick\u00fdch v\u00fdziev a zabezpe\u010duje v\u00e1\u0161 trval\u00fd \u00faspech.<\/p>\n<p><img loading=\"lazy\" decoding=\"async\" class=\"alignnone size-full wp-image-1861\" src=\"https:\/\/fmp-components.com\/wp-content\/uploads\/2024\/12\/Other-Agricultural-Gearboxes.webp\" sizes=\"(min-width: 0px) and (max-width: 480px) 480px, (min-width: 481px) and (max-width: 980px) 980px, (min-width: 981px) 1200px, 100vw\" srcset=\"https:\/\/fmp-components.com\/wp-content\/uploads\/2024\/12\/Other-Agricultural-Gearboxes.webp 1200w, https:\/\/fmp-components.com\/wp-content\/uploads\/2024\/12\/Other-Agricultural-Gearboxes-980x1143.webp 980w, https:\/\/fmp-components.com\/wp-content\/uploads\/2024\/12\/Other-Agricultural-Gearboxes-480x560.webp 480w\" alt=\"Altri-cambi-agricoli\" width=\"1200\" height=\"1400\" title=\"\"><\/p>\n<p>Autor: CX<\/p>","protected":false},"excerpt":{"rendered":"<p>Specifications of Agricultural Sprayer Gearbox D21A D21A i N1[rpm] P1[kW] M2[Nm] Shaft Type Input X \u00a0 Z 6.95 7.45 540 26.5 &#8211; 1&#8221; 3\/8 Z6 L108 35 X 3.90 4.90 540 40.5 &#8211; 1&#8221; 3\/8 Z6 \u00a0L271.5 30 X 3.60 4.50 540 40.5 &#8211; 1&#8221; 3\/8 Z6 L273 40 X 3.60 4.50 540 40.5 &#8211; [&hellip;]<\/p>","protected":false},"featured_media":2199,"comment_status":"open","ping_status":"closed","template":"","meta":{"_et_pb_use_builder":"","_et_pb_old_content":"","_et_gb_content_width":""},"product_brand":[],"product_cat":[55],"product_tag":[],"class_list":{"0":"post-2195","1":"product","2":"type-product","3":"status-publish","4":"has-post-thumbnail","6":"product_cat-agricultural-sprayer-gearbox","8":"first","9":"instock","10":"shipping-taxable","11":"product-type-simple"},"_links":{"self":[{"href":"https:\/\/fmp-components.com\/sk\/wp-json\/wp\/v2\/product\/2195","targetHints":{"allow":["GET"]}}],"collection":[{"href":"https:\/\/fmp-components.com\/sk\/wp-json\/wp\/v2\/product"}],"about":[{"href":"https:\/\/fmp-components.com\/sk\/wp-json\/wp\/v2\/types\/product"}],"replies":[{"embeddable":true,"href":"https:\/\/fmp-components.com\/sk\/wp-json\/wp\/v2\/comments?post=2195"}],"wp:featuredmedia":[{"embeddable":true,"href":"https:\/\/fmp-components.com\/sk\/wp-json\/wp\/v2\/media\/2199"}],"wp:attachment":[{"href":"https:\/\/fmp-components.com\/sk\/wp-json\/wp\/v2\/media?parent=2195"}],"wp:term":[{"taxonomy":"product_brand","embeddable":true,"href":"https:\/\/fmp-components.com\/sk\/wp-json\/wp\/v2\/product_brand?post=2195"},{"taxonomy":"product_cat","embeddable":true,"href":"https:\/\/fmp-components.com\/sk\/wp-json\/wp\/v2\/product_cat?post=2195"},{"taxonomy":"product_tag","embeddable":true,"href":"https:\/\/fmp-components.com\/sk\/wp-json\/wp\/v2\/product_tag?post=2195"}],"curies":[{"name":"pracovn\u00fd list","href":"https:\/\/api.w.org\/{rel}","templated":true}]}}