{"id":2161,"date":"2024-12-30T07:47:56","date_gmt":"2024-12-30T07:47:56","guid":{"rendered":"https:\/\/fmp-components.com\/?page_id=8"},"modified":"2024-12-30T08:06:35","modified_gmt":"2024-12-30T08:06:35","slug":"fertilizer-spreader-gearbox-replacement-of-comer-code-l-25a","status":"publish","type":"product","link":"https:\/\/fmp-components.com\/sk\/product\/fertilizer-spreader-gearbox-replacement-of-comer-code-l-25a\/","title":{"rendered":"Prevodovka rozmetadla hnoj\u00edv \u2013 v\u00fdmena k\u00f3du Comer L-25A"},"content":{"rendered":"<h2>\u0160pecifik\u00e1cie prevodovky rozmetadla hnoj\u00edv L-25A<\/h2>\n<table style=\"width: 103.326%; height: 185px;\" width=\"270\">\n<tbody>\n<tr>\n<td width=\"132\"><img loading=\"lazy\" decoding=\"async\" class=\"alignnone size-full wp-image-2163\" src=\"https:\/\/fmp-components.com\/wp-content\/uploads\/2024\/12\/Fertilizer-Spreader-Gearbox-L-25J-Specifications-1.webp\" alt=\"Prevodovka rozmetadla hnoj\u00edv L-25J - \u0160pecifik\u00e1cie - 1\" width=\"600\" height=\"600\" title=\"\" srcset=\"https:\/\/fmp-components.com\/wp-content\/uploads\/2024\/12\/Fertilizer-Spreader-Gearbox-L-25J-Specifications-1.webp 600w, https:\/\/fmp-components.com\/wp-content\/uploads\/2024\/12\/Fertilizer-Spreader-Gearbox-L-25J-Specifications-1-480x480.webp 480w\" sizes=\"(min-width: 0px) and (max-width: 480px) 480px, (min-width: 481px) 600px, 100vw\" \/><\/td>\n<td width=\"138\"><img loading=\"lazy\" decoding=\"async\" class=\"alignnone size-full wp-image-2164\" src=\"https:\/\/fmp-components.com\/wp-content\/uploads\/2024\/12\/Fertilizer-Spreader-Gearbox-L-25J-Specifications-2.webp\" alt=\"Prevodovka rozmetadla hnoj\u00edv L-25J - \u0160pecifik\u00e1cie - 2\" width=\"600\" height=\"600\" title=\"\" srcset=\"https:\/\/fmp-components.com\/wp-content\/uploads\/2024\/12\/Fertilizer-Spreader-Gearbox-L-25J-Specifications-2.webp 600w, https:\/\/fmp-components.com\/wp-content\/uploads\/2024\/12\/Fertilizer-Spreader-Gearbox-L-25J-Specifications-2-480x480.webp 480w\" sizes=\"(min-width: 0px) and (max-width: 480px) 480px, (min-width: 481px) 600px, 100vw\" \/><\/td>\n<\/tr>\n<\/tbody>\n<\/table>\n<table class=\"kh-1xzm1su\" border=\"1\" cellspacing=\"0\" cellpadding=\"0\" data-intent=\"lists-product-attributes\" data-test-id=\"attributes-list\">\n<tbody class=\"kh-1ago99h\">\n<tr id=\"alexis#custom#item-id\" class=\"kh-bwvum6\" data-test-id=\"attribute-row\">\n<th class=\"kh-10oizfy\">Popis produktu<\/th>\n<td class=\"kh-1f5nhat\">\n<div class=\"kh-pkx4zo\">Prevodovka rozmetadla hnoj\u00edv \u2013 v\u00fdmena prevodovky Comer L-25A<\/div>\n<\/td>\n<\/tr>\n<tr id=\"attProductDetails\" class=\"kh-bwvum6\" data-test-id=\"attribute-row\">\n<th class=\"kh-10oizfy\">Detaily produktu<\/th>\n<td class=\"kh-1f5nhat\">\n<ul>\n<li class=\"kh-16zd49f\">Kontaktujte n\u00e1s pre v\u00fdkon pri in\u00fdch ot\u00e1\u010dkach<\/li>\n<li class=\"kh-16zd49f\">Prevodovka sa dod\u00e1va bez oleja a pred prv\u00fdm pou\u017eit\u00edm mus\u00ed by\u0165 naplnen\u00e1.<\/li>\n<li class=\"kh-16zd49f\">Najprv sa olej vymie\u0148a po 50 \u2013 70 prev\u00e1dzkov\u00fdch hodin\u00e1ch, potom po 500 \u2013 700 prev\u00e1dzkov\u00fdch hodin\u00e1ch alebo aspo\u0148 raz ro\u010dne.<\/li>\n<\/ul>\n<\/td>\n<\/tr>\n<tr id=\"attApplicationRange\" class=\"kh-bwvum6\" data-test-id=\"attribute-row\">\n<th class=\"kh-10oizfy\">Rozsah pou\u017eitia<\/th>\n<td class=\"kh-1f5nhat\">\n<ul>\n<li class=\"kh-16zd49f\">R\u00f4zne (po\u013enohospod\u00e1rske) aplik\u00e1cie<\/li>\n<li class=\"kh-16zd49f\">Kosa\u010dky<\/li>\n<li class=\"kh-16zd49f\">Rozmetadl\u00e1 chemick\u00fdch hnoj\u00edv<\/li>\n<li class=\"kh-16zd49f\">P\u00e1sov\u00e9 p\u00edly<\/li>\n<\/ul>\n<\/td>\n<\/tr>\n<tr id=\"attConsistsOf\" class=\"kh-bwvum6\" data-test-id=\"attribute-row\">\n<th class=\"kh-10oizfy\">Pozost\u00e1va z<\/th>\n<td class=\"kh-1f5nhat\">\n<ul>\n<li class=\"kh-16zd49f\">Prevodovka<\/li>\n<li class=\"kh-16zd49f\">S vo\u013enobe\u017enou spojkou<\/li>\n<li class=\"kh-16zd49f\">Bez oleja<\/li>\n<\/ul>\n<\/td>\n<\/tr>\n<tr id=\"taContainsOil\" class=\"kh-bwvum6\" data-test-id=\"attribute-row\">\n<th class=\"kh-10oizfy\">Obsahuje olej<\/th>\n<td class=\"kh-1f5nhat\">\n<div class=\"kh-pkx4zo\">Nie<\/div>\n<\/td>\n<\/tr>\n<tr id=\"taMaxOilCapacityL\" class=\"kh-bwvum6\" data-test-id=\"attribute-row\">\n<th class=\"kh-10oizfy\">Maxim\u00e1lny objem oleja<\/th>\n<td class=\"kh-1f5nhat\">\n<div class=\"kh-pkx4zo\">0,35 l<\/div>\n<\/td>\n<\/tr>\n<tr id=\"taMaxOilChangeIntervalH\" class=\"kh-bwvum6\" data-test-id=\"attribute-row\">\n<th class=\"kh-10oizfy\">Maxim\u00e1lny interval v\u00fdmeny oleja<\/th>\n<td class=\"kh-1f5nhat\">\n<div class=\"kh-pkx4zo\">500 hod\u00edn<\/div>\n<\/td>\n<\/tr>\n<tr id=\"taOilSAEViscosityGrade\" class=\"kh-bwvum6\" data-test-id=\"attribute-row\">\n<th class=\"kh-10oizfy\">Stupe\u0148 viskozity oleja SAE<\/th>\n<td class=\"kh-1f5nhat\">\n<div class=\"kh-pkx4zo\">80W-90<\/div>\n<\/td>\n<\/tr>\n<tr id=\"taHousingMaterial_16\" class=\"kh-bwvum6\" data-test-id=\"attribute-row\">\n<th class=\"kh-10oizfy\">Materi\u00e1l krytu<\/th>\n<td class=\"kh-1f5nhat\">\n<div class=\"kh-pkx4zo\">Hlin\u00edk<\/div>\n<\/td>\n<\/tr>\n<tr id=\"taWeightKg_75\" class=\"kh-bwvum6\" data-test-id=\"attribute-row\">\n<th class=\"kh-10oizfy\">Hmotnos\u0165<\/th>\n<td class=\"kh-1f5nhat\">\n<div class=\"kh-pkx4zo\">4,2 kg<\/div>\n<\/td>\n<\/tr>\n<tr id=\"taInputPowerKwHpInc\" class=\"kh-bwvum6\" data-test-id=\"attribute-row\">\n<th class=\"kh-10oizfy\">Vstupn\u00fd v\u00fdkon kW \/ HP Zvy\u0161uj\u00faci sa<\/th>\n<td class=\"kh-1f5nhat\">\n<div class=\"kh-pkx4zo\">5 \/ 6,8 kW\/k<\/div>\n<\/td>\n<\/tr>\n<tr id=\"taNSInputpowerKW-HPR\" class=\"kh-bwvum6\" data-test-id=\"attribute-row\">\n<th class=\"kh-10oizfy\">Vstupn\u00fd v\u00fdkon kW \/ HP Redukcia<\/th>\n<td class=\"kh-1f5nhat\">\n<div class=\"kh-pkx4zo\">2,2 \/ 3 kW\/k<\/div>\n<\/td>\n<\/tr>\n<tr id=\"taNSOutputTorqueDaNm_1\" class=\"kh-bwvum6\" data-test-id=\"attribute-row\">\n<th class=\"kh-10oizfy\">Zvy\u0161uj\u00faci sa v\u00fdstupn\u00fd kr\u00fatiaci moment v DaNm<\/th>\n<td class=\"kh-1f5nhat\">\n<div class=\"kh-pkx4zo\">2,9 daNm<\/div>\n<\/td>\n<\/tr>\n<tr id=\"taRatioIncreasing\" class=\"kh-bwvum6\" data-test-id=\"attribute-row\">\n<th class=\"kh-10oizfy\">Zvy\u0161uj\u00faci sa pomer<\/th>\n<td class=\"kh-1f5nhat\">\n<div class=\"kh-pkx4zo\">1 : 3<\/div>\n<\/td>\n<\/tr>\n<tr id=\"taRatioReducing\" class=\"kh-bwvum6\" data-test-id=\"attribute-row\">\n<th class=\"kh-10oizfy\">Zn\u00ed\u017eenie pomeru<\/th>\n<td class=\"kh-1f5nhat\">\n<div class=\"kh-pkx4zo\">3:1<\/div>\n<\/td>\n<\/tr>\n<tr id=\"taSPLITInputShaft\" class=\"kh-bwvum6\" data-test-id=\"attribute-row\">\n<th class=\"kh-10oizfy\">Vstupn\u00fd hriade\u013e<\/th>\n<td class=\"kh-1f5nhat\">\n<div class=\"kh-pkx4zo\">X<\/div>\n<\/td>\n<\/tr>\n<tr id=\"taShaftX\" class=\"kh-bwvum6\" data-test-id=\"attribute-row\">\n<th class=\"kh-10oizfy\">Hriade\u013e X<\/th>\n<td class=\"kh-1f5nhat\">\n<div class=\"kh-pkx4zo\">25 hod\u00edn a 6 hod\u00edn<\/div>\n<\/td>\n<\/tr>\n<tr id=\"taShaftZ\" class=\"kh-bwvum6\" data-test-id=\"attribute-row\">\n<th class=\"kh-10oizfy\">Hriade\u013e Z<\/th>\n<td class=\"kh-1f5nhat\">\n<div class=\"kh-pkx4zo\">25 hod\u00edn a 6 hod\u00edn<\/div>\n<\/td>\n<\/tr>\n<\/tbody>\n<\/table>\n<h3>V\u00fdhody pou\u017e\u00edvania prevodovky L-25A pre rozmetadlo hnoj\u00edv<\/h3>\n<ol>\n<li><strong>Zv\u00fd\u0161en\u00e1 efektivita distrib\u00facie hnoj\u00edv<\/strong><br \/>\nPrevodovka rozmetadla hnoj\u00edv L-25A je navrhnut\u00e1 tak, aby optimalizovala proces rozmetania a zabezpe\u010dila rovnomern\u00e9 a konzistentn\u00e9 rozlo\u017eenie hnojiva po poli. V\u00fdsledkom s\u00fa presnej\u0161ie aplika\u010dn\u00e9 d\u00e1vky, \u010do m\u00f4\u017ee vies\u0165 k lep\u0161\u00edm v\u00fdnosom plod\u00edn a zn\u00ed\u017eeniu plytvania hnojivom. Presn\u00e9 ovl\u00e1danie mechanizmov rozmetadla prevodovkou zvy\u0161uje celkov\u00fa efektivitu procesu aplik\u00e1cie hnoj\u00edv, \u010d\u00edm \u0161etr\u00ed \u010das aj zdroje.<\/li>\n<li><strong>Odoln\u00fd a robustn\u00fd dizajn<\/strong><br \/>\nPrevodovka L-25A je vyroben\u00e1 z vysoko kvalitn\u00fdch materi\u00e1lov a je navrhnut\u00e1 tak, aby odolala n\u00e1ro\u010dn\u00fdm podmienkam po\u013enohospod\u00e1rskeho prostredia. \u010ci u\u017e v pra\u0161nom, mokrom alebo nerovnom ter\u00e9ne, prevodovka zost\u00e1va spo\u013eahliv\u00e1 a minimalizuje riziko por\u00fach. Jej odoln\u00e1 kon\u0161trukcia zais\u0165uje, \u017ee zvl\u00e1dne nam\u00e1hanie spojen\u00e9 s vysok\u00fdm pracovn\u00fdm za\u0165a\u017een\u00edm, v\u010faka \u010domu je dlhodobou invest\u00edciou pre po\u013enohospod\u00e1rov, ktor\u00ed chc\u00fa zlep\u0161i\u0165 svoju prev\u00e1dzkov\u00fa efektivitu.<\/li>\n<li><strong>Vylep\u0161en\u00fd prenos v\u00fdkonu<\/strong><br \/>\nPrevodovka L-25A je navrhnut\u00e1 tak, aby poskytovala spo\u013eahliv\u00fd prenos v\u00fdkonu z v\u00fdvodov\u00e9ho hriade\u013ea traktora na rozmetadlo hnoj\u00edv, \u010d\u00edm sa zabezpe\u010d\u00ed plynul\u00e1 a efekt\u00edvna prev\u00e1dzka. V\u010faka svojej schopnosti efekt\u00edvne pren\u00e1\u0161a\u0165 v\u00fdkon prevodovka zni\u017euje straty energie a zabezpe\u010duje, aby pracovn\u00e9 komponenty rozmetadla, ako s\u00fa mie\u0161adl\u00e1 a rozmetacie kot\u00fa\u010de, fungovali pri optim\u00e1lnych ot\u00e1\u010dkach. To vedie k lep\u0161iemu pokrytiu a rovnomernej\u0161ej aplik\u00e1cii, \u010do je rozhoduj\u00face pre zabezpe\u010denie rovnomern\u00e9ho rozlo\u017eenia hnoj\u00edv.<\/li>\n<li><strong>Minim\u00e1lne po\u017eiadavky na \u00fadr\u017ebu<\/strong><br \/>\nV\u010faka vysoko kvalitnej kon\u0161trukcii a pokro\u010dil\u00e9mu dizajnu vy\u017eaduje prevodovka rozmetadla hnoj\u00edv L-25A minim\u00e1lnu \u00fadr\u017ebu. Prevodovka je navrhnut\u00e1 tak, aby fungovala efekt\u00edvne po\u010das dlh\u00fdch obdob\u00ed bez \u010dastej \u00fadr\u017eby, \u010do zni\u017euje prestoje a prev\u00e1dzkov\u00e9 n\u00e1klady pre po\u013enohospod\u00e1rov. Pravideln\u00e9 kontroly a z\u00e1kladn\u00e1 \u00fadr\u017eba s\u00fa v\u0161etko, \u010do je potrebn\u00e9 na udr\u017eanie jej v \u0161pi\u010dkovom prev\u00e1dzkovom stave, v\u010faka \u010domu je cenovo v\u00fdhodnou vo\u013ebou pre po\u013enohospod\u00e1rske prev\u00e1dzky.<\/li>\n<li><strong>V\u0161estrannos\u0165 a kompatibilita<\/strong><br \/>\nPrevodovka L-25A je vysoko v\u0161estrann\u00e1 a kompatibiln\u00e1 so \u0161irokou \u0161k\u00e1lou modelov rozmetadiel hnoj\u00edv a konfigur\u00e1ci\u00ed traktorov. T\u00e1to flexibilita z nej rob\u00ed ide\u00e1lnu vo\u013ebu pre po\u013enohospod\u00e1rov s r\u00f4znym nastaven\u00edm strojov. \u010ci u\u017e sa pou\u017e\u00edva v malom po\u013enohospod\u00e1rstve alebo vo v\u00e4\u010d\u0161\u00edch po\u013enohospod\u00e1rskych prev\u00e1dzkach, prevodovka L-25A sa dok\u00e1\u017ee \u013eahko prisp\u00f4sobi\u0165 r\u00f4znym po\u017eiadavk\u00e1m, v\u010faka \u010domu je vysoko funk\u010dn\u00fdm a prisp\u00f4sobiv\u00fdm komponentom pre syst\u00e9my rozmetania hnoj\u00edv.<\/li>\n<\/ol>\n<p><img loading=\"lazy\" decoding=\"async\" class=\"alignnone size-full wp-image-2166\" src=\"https:\/\/fmp-components.com\/wp-content\/uploads\/2024\/12\/Agricultural-Gearbox-and-PTO-Drive-Shaft-31.webp\" alt=\"Po\u013enohospod\u00e1rska prevodovka a hnac\u00ed hriade\u013e PTO\" width=\"1200\" height=\"540\" title=\"\" srcset=\"https:\/\/fmp-components.com\/wp-content\/uploads\/2024\/12\/Agricultural-Gearbox-and-PTO-Drive-Shaft-31.webp 1200w, https:\/\/fmp-components.com\/wp-content\/uploads\/2024\/12\/Agricultural-Gearbox-and-PTO-Drive-Shaft-31-980x441.webp 980w, https:\/\/fmp-components.com\/wp-content\/uploads\/2024\/12\/Agricultural-Gearbox-and-PTO-Drive-Shaft-31-480x216.webp 480w\" sizes=\"(min-width: 0px) and (max-width: 480px) 480px, (min-width: 481px) and (max-width: 980px) 980px, (min-width: 981px) 1200px, 100vw\" \/><\/p>\n<h3>Kde sa pou\u017e\u00edvaj\u00fa prevodovky rozmetadiel hnoj\u00edv?<\/h3>\n<ol>\n<li><strong>Po\u013enohospod\u00e1rske polia na hnojenie plod\u00edn<\/strong><br \/>\nPrevodovky rozmetadiel hnoj\u00edv sa be\u017ene pou\u017e\u00edvaj\u00fa v po\u013enohospod\u00e1rstve na rovnomern\u00fa a efekt\u00edvnu aplik\u00e1ciu hnoj\u00edv na ve\u013ek\u00e9 plochy. Tieto prevodovky s\u00fa neoddelite\u013enou s\u00fa\u010das\u0165ou rozmetadiel hnoj\u00edv, ktor\u00e9 po\u013enohospod\u00e1ri pou\u017e\u00edvaj\u00fa na zabezpe\u010denie spr\u00e1vneho mno\u017estva \u017eiv\u00edn pre svoje plodiny. \u010ci u\u017e ide o plodiny ako p\u0161enica, kukurica alebo zelenina, prevodovka pom\u00e1ha kontrolova\u0165 d\u00e1vkovanie hnoj\u00edv a zabezpe\u010duje optim\u00e1lny rast a v\u00fdnos.<\/li>\n<li><strong>Spr\u00e1va tr\u00e1vnikov a tr\u00e1vnikov<\/strong><br \/>\nOkrem ve\u013ekov\u00fdrobn\u00e9ho po\u013enohospod\u00e1rstva sa prevodovky rozmetadiel hnoj\u00edv \u0161iroko pou\u017e\u00edvaj\u00fa aj v krajin\u00e1rstve a pri spr\u00e1ve tr\u00e1vnikov. Golfov\u00e9 ihrisk\u00e1, \u0161portovisk\u00e1 a rozsiahle tr\u00e1vniky sa spoliehaj\u00fa na efekt\u00edvne rozmetadl\u00e1 hnoj\u00edv, ktor\u00e9 udr\u017eiavaj\u00fa zdrav\u00fd tr\u00e1vnik a zlep\u0161uj\u00fa kvalitu p\u00f4dy. Prevodovky v t\u00fdchto rozmetadl\u00e1ch umo\u017e\u0148uj\u00fa rovnomern\u00e9 rozpty\u013eovanie hnoj\u00edv, \u010do vedie k bujn\u00e9mu, zelen\u00e9mu tr\u00e1vniku a zni\u017euje riziko odtoku \u017eiv\u00edn.<\/li>\n<li><strong>Pr\u00edprava \u00farodnej p\u00f4dy na v\u00fdsadbu<\/strong><br \/>\nPred v\u00fdsadbou plod\u00edn je pr\u00edprava p\u00f4dy k\u013e\u00fa\u010dov\u00e1 pre zabezpe\u010denie \u00farodnosti p\u00f4dy. Prevodovky rozmetadiel hnoj\u00edv sa v tejto f\u00e1ze pou\u017e\u00edvaj\u00fa na aplik\u00e1ciu potrebn\u00fdch p\u00f4dnych doplnkov, ako je kompost alebo granulovan\u00e9 hnojiv\u00e1, ktor\u00e9 zlep\u0161uj\u00fa nutri\u010dn\u00fd profil p\u00f4dy. Zabezpe\u010den\u00edm rovnomern\u00e9ho rozlo\u017eenia hnojiva prevodovka zabezpe\u010duje, \u017ee p\u00f4da je optim\u00e1lne pripraven\u00e1 na v\u00fdsadbu, \u010do vedie k zdrav\u0161\u00edm plodin\u00e1m a vy\u0161\u0161ej produktivite.<\/li>\n<li><strong>Sady a vinice<\/strong><br \/>\nPrevodovky rozmetadiel hnoj\u00edv sa pou\u017e\u00edvaj\u00fa aj v sadoch a vinohradoch, kde je presn\u00e9 hnojenie nevyhnutn\u00e9 pre zdravie plod\u00edn. Prevodovky riadia rozmetac\u00ed mechanizmus, aby rovnomerne rozde\u013eovali hnojiv\u00e1 okolo stromov alebo vini\u010da, \u010do je obzvl\u00e1\u0161\u0165 d\u00f4le\u017eit\u00e9 pre sady, ktor\u00e9 maj\u00fa \u0161pecifick\u00e9 po\u017eiadavky na \u017eiviny pre svoje ovocn\u00e9 rastliny. Konzistentn\u00e1 a presn\u00e1 aplik\u00e1cia hnoj\u00edv, ktor\u00fa umo\u017e\u0148uj\u00fa tieto prevodovky, pom\u00e1ha zlep\u0161i\u0165 kvalitu ovocia a v\u00fdnos.<\/li>\n<li><strong>Projekty mestsk\u00fdch a komer\u010dn\u00fdch \u00faprav krajiny<\/strong><br \/>\nRozsiahle projekty mestskej a komer\u010dnej \u00fapravy krajiny, ako s\u00fa parky, rekrea\u010dn\u00e9 oblasti a verejn\u00e9 zelen\u00e9 priestranstv\u00e1, \u010dasto vy\u017eaduj\u00fa pou\u017eitie rozmetadiel hnoj\u00edv vybaven\u00fdch spo\u013eahliv\u00fdmi prevodovkami. Tieto projekty musia udr\u017eiava\u0165 zdravie p\u00f4dy a podporova\u0165 rast rastl\u00edn na rozsiahlych a rozmanit\u00fdch ter\u00e9noch. Prevodovky rozmetadiel hnoj\u00edv umo\u017e\u0148uj\u00fa efekt\u00edvnu aplik\u00e1ciu hnoj\u00edv a in\u00fdch \u017eiv\u00edn, \u010d\u00edm prispievaj\u00fa k estetick\u00fdm a environment\u00e1lnym v\u00fdhod\u00e1m mestskej a komer\u010dnej krajiny.<\/li>\n<\/ol>\n<p><img loading=\"lazy\" decoding=\"async\" class=\"alignnone size-full wp-image-2168\" src=\"https:\/\/fmp-components.com\/wp-content\/uploads\/2024\/12\/Where-Are-Fertilizer-Spreader-Gearboxes-Used.webp\" alt=\"Kde sa pou\u017e\u00edvaj\u00fa prevodovky rozmetadiel hnoj\u00edv\" width=\"970\" height=\"575\" title=\"\" srcset=\"https:\/\/fmp-components.com\/wp-content\/uploads\/2024\/12\/Where-Are-Fertilizer-Spreader-Gearboxes-Used.webp 970w, https:\/\/fmp-components.com\/wp-content\/uploads\/2024\/12\/Where-Are-Fertilizer-Spreader-Gearboxes-Used-480x285.webp 480w\" sizes=\"(min-width: 0px) and (max-width: 480px) 480px, (min-width: 481px) 970px, 100vw\" \/><\/p>\n<h3>Ako pou\u017e\u00edva\u0165 prevodovku rozmetadla hnoj\u00edv?<\/h3>\n<ol>\n<li><strong>Pr\u00edprava a nastavenie<\/strong><br \/>\nPred pou\u017eit\u00edm prevodovky rozmetadla hnoj\u00edv sa uistite, \u017ee je rozmetadlo spr\u00e1vne zmontovan\u00e9 a \u017ee v\u0161etky diely s\u00fa v dobrom prev\u00e1dzkovom stave. Za\u010dnite naplnen\u00edm z\u00e1sobn\u00edka po\u017eadovan\u00fdm hnojivom alebo materi\u00e1lom na zlep\u0161enie p\u00f4dy. Skontrolujte, \u010di je prevodovka bezpe\u010dne pripojen\u00e1 k rozmetadlu a \u010di je v\u00fdvodov\u00fd hriade\u013e spr\u00e1vne pripojen\u00fd k traktoru. Uistite sa, \u017ee nastavenia prevodovky, ako je rozmet\u00e1van\u00e9 mno\u017estvo a prev\u00e1dzkov\u00e1 r\u00fdchlos\u0165, s\u00fa upraven\u00e9 pod\u013ea pou\u017eit\u00e9ho typu hnojiva a po\u017eadovan\u00e9ho aplika\u010dn\u00e9ho mno\u017estva.<\/li>\n<li><strong>Zapnite v\u00fdvodov\u00fd hriade\u013e<\/strong><br \/>\nPo nastaven\u00ed rozmetadla zapnite syst\u00e9m v\u00fdvodov\u00e9ho hriade\u013ea (PTO) traktora, aby ste spustili prev\u00e1dzku. T\u00fdm sa pohne prevodovka rozmetadla hnoj\u00edv, ktor\u00e1 n\u00e1sledne poh\u00e1\u0148a rozde\u013eovac\u00ed mechanizmus rozmetadla. Pred na\u0161tartovan\u00edm motora je d\u00f4le\u017eit\u00e9 zabezpe\u010di\u0165, aby bol v\u00fdvodov\u00fd hriade\u013e spr\u00e1vne zarovnan\u00fd a bezpe\u010dne pripojen\u00fd, aby sa predi\u0161lo po\u0161kodeniu alebo poruche.<\/li>\n<li><strong>Upravte regul\u00e1ciu prietoku<\/strong><br \/>\nKe\u010f je v\u00fdvodov\u00fd hriade\u013e zapnut\u00fd, nastavte p\u00e1ku regul\u00e1cie prietoku alebo ventil na prevodovke, aby ste regulovali r\u00fdchlos\u0165 d\u00e1vkovania hnojiva. Prevodovka umo\u017e\u0148uje presn\u00fa kontrolu nad v\u00fdkonom rozmetadla a zabezpe\u010duje, \u017ee na ur\u010den\u00fa plochu sa aplikuje spr\u00e1vne mno\u017estvo hnojiva. V z\u00e1vislosti od typu hnojiva a ve\u013ekosti po\u013ea m\u00f4\u017ee by\u0165 potrebn\u00e9 vykona\u0165 jemn\u00e9 \u00fapravy, aby ste dosiahli po\u017eadovan\u00fd vzor rozmetania a pokrytie.<\/li>\n<li><strong>Za\u010dnite \u0161\u00edri\u0165<\/strong><br \/>\nS be\u017eiacou prevodovkou a nastavenou regul\u00e1ciou prietoku za\u010dnite pohybova\u0165 rozmetadlom po poli, tr\u00e1vniku alebo cie\u013eovej ploche. Prevodovka bude na\u010falej regulova\u0165 aplika\u010dn\u00e9 mno\u017estvo a z\u00e1rove\u0148 zabezpe\u010d\u00ed rovnomern\u00e9 rozlo\u017eenie hnojiva. Udr\u017eiavajte kon\u0161tantn\u00fa r\u00fdchlos\u0165 a dbajte na to, aby bolo rozmetadlo zarovnan\u00e9 so smerom jazdy, aby ste predi\u0161li nerovnomern\u00e9mu rozmet\u00e1vaniu alebo prekr\u00fdvaniu.<\/li>\n<li><strong>Monitorovanie a \u00fadr\u017eba<\/strong><br \/>\nPo\u010das prev\u00e1dzky je nevyhnutn\u00e9 sledova\u0165 v\u00fdkon prevodovky rozmetadla hnoj\u00edv. Uistite sa, \u017ee sa prevodovka neprehrieva, a skontrolujte, \u010di nevyd\u00e1va nezvy\u010dajn\u00e9 zvuky alebo \u010di nevyskytuj\u00fa probl\u00e9my s v\u00fdvodov\u00fdm hriade\u013eom. Po aplik\u00e1cii hnojiva vypnite v\u00fdvodov\u00fd hriade\u013e, vypnite traktor a vykon\u00e1vajte pravideln\u00fa \u00fadr\u017ebu prevodovky vr\u00e1tane kontroly hladiny oleja, \u010distenia dielov a mazania pohybliv\u00fdch komponentov, aby ste zabezpe\u010dili, \u017ee prevodovka bude na\u010falej efekt\u00edvne fungova\u0165 aj v bud\u00facnosti.<\/li>\n<\/ol>\n<p><img loading=\"lazy\" decoding=\"async\" class=\"alignnone size-full wp-image-2169\" src=\"https:\/\/fmp-components.com\/wp-content\/uploads\/2024\/12\/How-to-Use-a-Fertilizer-Spreader-Gearbox.webp\" alt=\"Ako pou\u017e\u00edva\u0165 prevodovku rozmetadla hnoj\u00edv\" width=\"2400\" height=\"1451\" title=\"\" srcset=\"https:\/\/fmp-components.com\/wp-content\/uploads\/2024\/12\/How-to-Use-a-Fertilizer-Spreader-Gearbox.webp 2400w, https:\/\/fmp-components.com\/wp-content\/uploads\/2024\/12\/How-to-Use-a-Fertilizer-Spreader-Gearbox-1280x774.webp 1280w, https:\/\/fmp-components.com\/wp-content\/uploads\/2024\/12\/How-to-Use-a-Fertilizer-Spreader-Gearbox-980x592.webp 980w, https:\/\/fmp-components.com\/wp-content\/uploads\/2024\/12\/How-to-Use-a-Fertilizer-Spreader-Gearbox-480x290.webp 480w\" sizes=\"(min-width: 0px) and (max-width: 480px) 480px, (min-width: 481px) and (max-width: 980px) 980px, (min-width: 981px) and (max-width: 1280px) 1280px, (min-width: 1281px) 2400px, 100vw\" \/><\/p>\n<h3>O FMP<\/h3>\n<p>Spolo\u010dnos\u0165 FMP so s\u00eddlom v Taliansku je popredn\u00fdm v\u00fdrobcom so silnou reput\u00e1ciou v oblasti navrhovania, v\u00fdvoja a v\u00fdroby vysokov\u00fdkonn\u00fdch prevodoviek, najm\u00e4 pre sektor po\u013enohospod\u00e1rskych strojov. Spolo\u010dnos\u0165 FMP je zn\u00e1ma svojou presnou in\u017einierskou technol\u00f3giou, inov\u00e1ciami a bezkonkuren\u010dnou spo\u013eahlivos\u0165ou a dod\u00e1va pr\u00e9miov\u00e9 produkty, ktor\u00e9 uspokojuj\u00fa neust\u00e1le sa vyv\u00edjaj\u00face potreby po\u013enohospod\u00e1rskeho aj priemyseln\u00e9ho trhu. Na\u0161e rozsiahle produktov\u00e9 portf\u00f3lio zah\u0155\u0148a \u0161pecializovan\u00e9 prevodovky pre kosa\u010dky na tr\u00e1vu, v\u00fdvodov\u00e9 hriadele a \u010fal\u0161ie k\u013e\u00fa\u010dov\u00e9 komponenty, pri\u010dom ka\u017ed\u00fd z nich je prisp\u00f4soben\u00fd tak, aby poskytoval rie\u0161enia na mieru pre \u0161irok\u00fa \u0161k\u00e1lu aplik\u00e1ci\u00ed.<\/p>\n<p>V spolo\u010dnosti FMP ch\u00e1peme, \u017ee ka\u017ed\u00fd klient m\u00e1 jedine\u010dn\u00e9 po\u017eiadavky a v\u00fdzvy. Preto sa \u0161pecializujeme na pon\u00fakanie rie\u0161en\u00ed na mieru, \u010di u\u017e ide o jednotliv\u00e9 komponenty alebo plne integrovan\u00e9 syst\u00e9my. S na\u0161imi klientmi podporujeme \u00fazke partnerstv\u00e1, aby sme zabezpe\u010dili, \u017ee ka\u017ed\u00e9 rie\u0161enie je vysoko efekt\u00edvne a \u00fa\u010dinn\u00e9, maximalizuje v\u00fdkon a hodnotu. Na\u0161e odhodlanie poskytova\u0165 r\u00fdchle a profesion\u00e1lne odpovede v spojen\u00ed s odborn\u00fdm poradenstvom zabezpe\u010duje, \u017ee ka\u017ed\u00e1 po\u017eiadavka je spracovan\u00e1 s presnos\u0165ou a starostlivos\u0165ou.<\/p>\n<p>Uprednost\u0148ujeme jasn\u00fa a nepretr\u017eit\u00fa komunik\u00e1ciu, najm\u00e4 pri v\u00fdvoji nov\u00fdch produktov. N\u00e1\u0161 \u0161pecializovan\u00fd t\u00edm \u00fazko spolupracuje s klientmi, aby plne pochopil ich potreby a poskytol im praktick\u00e9 inform\u00e1cie, ktor\u00e9 ved\u00fa k optim\u00e1lnym rie\u0161eniam. \u010ci u\u017e navrhujeme inovat\u00edvne produkty alebo pln\u00edme prebiehaj\u00face objedn\u00e1vky, sme odhodlan\u00ed poskytova\u0165 vysokokvalitn\u00e9, prec\u00edzne navrhnut\u00e9 rie\u0161enia, ktor\u00e9 sp\u013a\u0148aj\u00fa term\u00edny a prekon\u00e1vaj\u00fa o\u010dak\u00e1vania.<\/p>\n<p>Jadrom \u010dinnosti spolo\u010dnosti FMP je na\u0161e neochvejn\u00e9 zameranie na kvalitu. Dodr\u017eiavame najvy\u0161\u0161ie v\u00fdrobn\u00e9 \u0161tandardy a implementujeme pr\u00edsne opatrenia na kontrolu kvality, aby sme zabezpe\u010dili, \u017ee ka\u017ed\u00fd produkt sp\u013a\u0148a alebo prekra\u010duje po\u017eiadavky odvetvia. N\u00e1\u0161 neochvejn\u00fd z\u00e1v\u00e4zok ku kvalite spolu s na\u0161imi z\u00e1kladn\u00fdmi hodnotami integrity, spolupr\u00e1ce a vytrvalosti n\u00e1m pomohol vybudova\u0165 siln\u00e9 a trval\u00e9 vz\u0165ahy so z\u00e1kazn\u00edkmi vo viac ako 30 krajin\u00e1ch sveta.<\/p>\n<p>Spolo\u010dnos\u0165 FMP je v\u017edy otvoren\u00e1 budovaniu glob\u00e1lnych partnerstiev a je odhodlan\u00e1 pon\u00faka\u0165 odborn\u00e9 poradenstvo a rie\u0161enia na mieru, ktor\u00e9 sp\u013a\u0148aj\u00fa rozmanit\u00e9 potreby na\u0161ich klientov. Ver\u00edme v budovanie dlhodob\u00fdch vz\u0165ahov, ktor\u00e9 s\u00fa hnacou silou \u00faspechu ka\u017ed\u00e9ho projektu. \u010ci u\u017e h\u013ead\u00e1te inovat\u00edvne rie\u0161enia pre nov\u00fa iniciat\u00edvu alebo priebe\u017en\u00fa podporu pre existuj\u00faci syst\u00e9m, FMP je tu, aby rie\u0161ila va\u0161e technick\u00e9 v\u00fdzvy a zabezpe\u010dila v\u00e1\u0161 trval\u00fd \u00faspech.<\/p>\n<p><img loading=\"lazy\" decoding=\"async\" class=\"alignnone size-full wp-image-1861\" src=\"https:\/\/fmp-components.com\/wp-content\/uploads\/2024\/12\/Other-Agricultural-Gearboxes.webp\" sizes=\"(min-width: 0px) and (max-width: 480px) 480px, (min-width: 481px) and (max-width: 980px) 980px, (min-width: 981px) 1200px, 100vw\" srcset=\"https:\/\/fmp-components.com\/wp-content\/uploads\/2024\/12\/Other-Agricultural-Gearboxes.webp 1200w, https:\/\/fmp-components.com\/wp-content\/uploads\/2024\/12\/Other-Agricultural-Gearboxes-980x1143.webp 980w, https:\/\/fmp-components.com\/wp-content\/uploads\/2024\/12\/Other-Agricultural-Gearboxes-480x560.webp 480w\" alt=\"Altri-cambi-agricoli\" width=\"1200\" height=\"1400\" title=\"\"><\/p>\n<p>Autor: CX<\/p>","protected":false},"excerpt":{"rendered":"<p>Fertilizer Spreader Gearbox L-25A\u00a0Specifications Product Description Fertilizer Spreader Gearbox \u2013 Replacement of Comer Gearbox L-25A Product details Contact us for power at a different RPM The gearbox is delivered without oil and must be filled before first use. First, the oil change after 50-70 operating hours, then after 500-700 operating hours or at least once [&hellip;]<\/p>","protected":false},"featured_media":2165,"comment_status":"open","ping_status":"closed","template":"","meta":{"_et_pb_use_builder":"","_et_pb_old_content":"","_et_gb_content_width":""},"product_brand":[],"product_cat":[54],"product_tag":[],"class_list":{"0":"post-2161","1":"product","2":"type-product","3":"status-publish","4":"has-post-thumbnail","6":"product_cat-fertilizer-spreader-gearbox","8":"first","9":"instock","10":"shipping-taxable","11":"product-type-simple"},"_links":{"self":[{"href":"https:\/\/fmp-components.com\/sk\/wp-json\/wp\/v2\/product\/2161","targetHints":{"allow":["GET"]}}],"collection":[{"href":"https:\/\/fmp-components.com\/sk\/wp-json\/wp\/v2\/product"}],"about":[{"href":"https:\/\/fmp-components.com\/sk\/wp-json\/wp\/v2\/types\/product"}],"replies":[{"embeddable":true,"href":"https:\/\/fmp-components.com\/sk\/wp-json\/wp\/v2\/comments?post=2161"}],"wp:featuredmedia":[{"embeddable":true,"href":"https:\/\/fmp-components.com\/sk\/wp-json\/wp\/v2\/media\/2165"}],"wp:attachment":[{"href":"https:\/\/fmp-components.com\/sk\/wp-json\/wp\/v2\/media?parent=2161"}],"wp:term":[{"taxonomy":"product_brand","embeddable":true,"href":"https:\/\/fmp-components.com\/sk\/wp-json\/wp\/v2\/product_brand?post=2161"},{"taxonomy":"product_cat","embeddable":true,"href":"https:\/\/fmp-components.com\/sk\/wp-json\/wp\/v2\/product_cat?post=2161"},{"taxonomy":"product_tag","embeddable":true,"href":"https:\/\/fmp-components.com\/sk\/wp-json\/wp\/v2\/product_tag?post=2161"}],"curies":[{"name":"pracovn\u00fd list","href":"https:\/\/api.w.org\/{rel}","templated":true}]}}