{"id":2158,"date":"2024-12-30T07:35:02","date_gmt":"2024-12-30T07:35:02","guid":{"rendered":"https:\/\/fmp-components.com\/?page_id=8"},"modified":"2024-12-30T08:06:30","modified_gmt":"2024-12-30T08:06:30","slug":"fertilizer-spreader-gearbox-replacement-of-comer-code-l-25j","status":"publish","type":"product","link":"https:\/\/fmp-components.com\/sk\/product\/fertilizer-spreader-gearbox-replacement-of-comer-code-l-25j\/","title":{"rendered":"Prevodovka rozmetadla hnoj\u00edv \u2013 v\u00fdmena k\u00f3du Comer L-25J"},"content":{"rendered":"<p><img loading=\"lazy\" decoding=\"async\" class=\"alignnone size-full wp-image-2159\" src=\"https:\/\/fmp-components.com\/wp-content\/uploads\/2024\/12\/Agricultural-Gearbox-and-PTO-Drive-Shaft-3.webp\" alt=\"Po\u013enohospod\u00e1rska prevodovka a hnac\u00ed hriade\u013e v\u00fdvodov\u00e9ho hriade\u013ea 3\" width=\"1200\" height=\"540\" title=\"\" srcset=\"https:\/\/fmp-components.com\/wp-content\/uploads\/2024\/12\/Agricultural-Gearbox-and-PTO-Drive-Shaft-3.webp 1200w, https:\/\/fmp-components.com\/wp-content\/uploads\/2024\/12\/Agricultural-Gearbox-and-PTO-Drive-Shaft-3-980x441.webp 980w, https:\/\/fmp-components.com\/wp-content\/uploads\/2024\/12\/Agricultural-Gearbox-and-PTO-Drive-Shaft-3-480x216.webp 480w\" sizes=\"(min-width: 0px) and (max-width: 480px) 480px, (min-width: 481px) and (max-width: 980px) 980px, (min-width: 981px) 1200px, 100vw\" \/><\/p>\n<h2>\u0160pecifik\u00e1cie prevodovky rozmetadla hnoj\u00edv L-25J<\/h2>\n<table style=\"width: 103.326%; height: 185px;\" width=\"270\">\n<tbody>\n<tr>\n<td width=\"132\"><img loading=\"lazy\" decoding=\"async\" class=\"alignnone size-full wp-image-2163\" src=\"https:\/\/fmp-components.com\/wp-content\/uploads\/2024\/12\/Fertilizer-Spreader-Gearbox-L-25J-Specifications-1.webp\" alt=\"Prevodovka rozmetadla hnoj\u00edv L-25J - \u0160pecifik\u00e1cie - 1\" width=\"600\" height=\"600\" title=\"\" srcset=\"https:\/\/fmp-components.com\/wp-content\/uploads\/2024\/12\/Fertilizer-Spreader-Gearbox-L-25J-Specifications-1.webp 600w, https:\/\/fmp-components.com\/wp-content\/uploads\/2024\/12\/Fertilizer-Spreader-Gearbox-L-25J-Specifications-1-480x480.webp 480w\" sizes=\"(min-width: 0px) and (max-width: 480px) 480px, (min-width: 481px) 600px, 100vw\" \/><\/td>\n<td width=\"138\"><img loading=\"lazy\" decoding=\"async\" class=\"alignnone size-full wp-image-2164\" src=\"https:\/\/fmp-components.com\/wp-content\/uploads\/2024\/12\/Fertilizer-Spreader-Gearbox-L-25J-Specifications-2.webp\" alt=\"Prevodovka rozmetadla hnoj\u00edv L-25J - \u0160pecifik\u00e1cie - 2\" width=\"600\" height=\"600\" title=\"\" srcset=\"https:\/\/fmp-components.com\/wp-content\/uploads\/2024\/12\/Fertilizer-Spreader-Gearbox-L-25J-Specifications-2.webp 600w, https:\/\/fmp-components.com\/wp-content\/uploads\/2024\/12\/Fertilizer-Spreader-Gearbox-L-25J-Specifications-2-480x480.webp 480w\" sizes=\"(min-width: 0px) and (max-width: 480px) 480px, (min-width: 481px) 600px, 100vw\" \/><\/td>\n<\/tr>\n<\/tbody>\n<\/table>\n<table class=\"kh-1xzm1su\" border=\"1\" cellspacing=\"0\" cellpadding=\"0\" data-intent=\"lists-product-attributes\" data-test-id=\"attributes-list\">\n<tbody class=\"kh-1ago99h\">\n<tr id=\"attLongDescription\" class=\"kh-bwvum6\">\n<th class=\"kh-10oizfy\">Popis<\/th>\n<td class=\"kh-1f5nhat\">\n<div class=\"kh-pkx4zo\">Prevodovka rozmetadla hnoj\u00edv \u2013 v\u00fdmena prevodovky Comer L-25J<\/div>\n<\/td>\n<\/tr>\n<tr id=\"attApplicationRange\" class=\"kh-bwvum6\">\n<th class=\"kh-10oizfy\">Aplik\u00e1cia<\/th>\n<td class=\"kh-1f5nhat\">\n<ul>\n<li class=\"kh-16zd49f\">R\u00f4zne (po\u013enohospod\u00e1rske) aplik\u00e1cie<\/li>\n<li class=\"kh-16zd49f\">Kosa\u010dky<\/li>\n<li class=\"kh-16zd49f\">Rozmetadl\u00e1 chemick\u00fdch hnoj\u00edv<\/li>\n<li class=\"kh-16zd49f\">P\u00e1sov\u00e9 p\u00edly<\/li>\n<\/ul>\n<\/td>\n<\/tr>\n<tr id=\"attConsistsOf\" class=\"kh-bwvum6\">\n<th class=\"kh-10oizfy\">Pozost\u00e1va z<\/th>\n<td class=\"kh-1f5nhat\">\n<ul>\n<li class=\"kh-16zd49f\">Prevodovka<\/li>\n<li class=\"kh-16zd49f\">Bez oleja<\/li>\n<\/ul>\n<\/td>\n<\/tr>\n<tr id=\"attTechnicalInformation\" class=\"kh-bwvum6\">\n<th class=\"kh-10oizfy\">Technick\u00e9 inform\u00e1cie<\/th>\n<td class=\"kh-1f5nhat\">\n<ul>\n<li class=\"kh-16zd49f\">Ak m\u00e1te ak\u00e9ko\u013evek ot\u00e1zky t\u00fdkaj\u00face sa v\u00fdkonu pri r\u00f4znych r\u00fdchlostiach, nev\u00e1hajte n\u00e1s kontaktova\u0165.<\/li>\n<li class=\"kh-16zd49f\">Pri prvom pou\u017eit\u00ed vyme\u0148te olej po 50 prev\u00e1dzkov\u00fdch hodin\u00e1ch.<\/li>\n<\/ul>\n<\/td>\n<\/tr>\n<tr id=\"taMaxOutputTorqueDaNm\" class=\"kh-bwvum6\">\n<th class=\"kh-10oizfy\">Maxim\u00e1lny v\u00fdstupn\u00fd kr\u00fatiaci moment<\/th>\n<td class=\"kh-1f5nhat\">\n<div class=\"kh-pkx4zo\">22,7 daNm<\/div>\n<\/td>\n<\/tr>\n<tr id=\"taContainsOil\" class=\"kh-bwvum6\">\n<th class=\"kh-10oizfy\">Obsahuje olej<\/th>\n<td class=\"kh-1f5nhat\">\n<div class=\"kh-pkx4zo\">Nie<\/div>\n<\/td>\n<\/tr>\n<tr id=\"taMaxOilCapacityL\" class=\"kh-bwvum6\">\n<th class=\"kh-10oizfy\">Maxim\u00e1lny objem oleja<\/th>\n<td class=\"kh-1f5nhat\">\n<div class=\"kh-pkx4zo\">0,35 l<\/div>\n<\/td>\n<\/tr>\n<tr id=\"taMaxOilChangeIntervalH\" class=\"kh-bwvum6\">\n<th class=\"kh-10oizfy\">Maxim\u00e1lny interval v\u00fdmeny oleja<\/th>\n<td class=\"kh-1f5nhat\">\n<div class=\"kh-pkx4zo\">500 hod\u00edn<\/div>\n<\/td>\n<\/tr>\n<tr id=\"taOilSAEViscosityGrade\" class=\"kh-bwvum6\">\n<th class=\"kh-10oizfy\">Stupe\u0148 viskozity oleja SAE<\/th>\n<td class=\"kh-1f5nhat\">\n<div class=\"kh-pkx4zo\">80W-90<\/div>\n<\/td>\n<\/tr>\n<tr id=\"taHousingMaterial_16\" class=\"kh-bwvum6\">\n<th class=\"kh-10oizfy\">Materi\u00e1l krytu<\/th>\n<td class=\"kh-1f5nhat\">\n<div class=\"kh-pkx4zo\">Hlin\u00edk<\/div>\n<\/td>\n<\/tr>\n<tr id=\"taWeightKg_75\" class=\"kh-bwvum6\">\n<th class=\"kh-10oizfy\">Hmotnos\u0165<\/th>\n<td class=\"kh-1f5nhat\">\n<div class=\"kh-pkx4zo\">4,1 kg<\/div>\n<\/td>\n<\/tr>\n<tr id=\"taGearArrangementRed\" class=\"kh-bwvum6\">\n<th class=\"kh-10oizfy\">Usporiadanie prevodovky Redukcia<\/th>\n<td class=\"kh-1f5nhat\">\n<div class=\"kh-pkx4zo\">3 &#8211; 4<\/div>\n<\/td>\n<\/tr>\n<tr id=\"taInputPowerKwHpInc\" class=\"kh-bwvum6\">\n<th class=\"kh-10oizfy\">Vstupn\u00fd v\u00fdkon kW \/ HP Zvy\u0161uj\u00faci sa<\/th>\n<td class=\"kh-1f5nhat\">\n<div class=\"kh-pkx4zo\">11 \/ 15 kW\/k<\/div>\n<\/td>\n<\/tr>\n<tr id=\"taInputShaftIncreasi\" class=\"kh-bwvum6\">\n<th class=\"kh-10oizfy\">Vstupn\u00fd hriade\u013e Zvy\u0161ovanie<\/th>\n<td class=\"kh-1f5nhat\">\n<div class=\"kh-pkx4zo\">X<\/div>\n<\/td>\n<\/tr>\n<tr id=\"taInputShaftReducing\" class=\"kh-bwvum6\">\n<th class=\"kh-10oizfy\">Vstupn\u00fd hriade\u013e Redukcia<\/th>\n<td class=\"kh-1f5nhat\">\n<div class=\"kh-pkx4zo\">Z<\/div>\n<\/td>\n<\/tr>\n<tr id=\"taNSInputpowerKW-HPR\" class=\"kh-bwvum6\">\n<th class=\"kh-10oizfy\">Vstupn\u00fd v\u00fdkon kW \/ HP Redukcia<\/th>\n<td class=\"kh-1f5nhat\">\n<div class=\"kh-pkx4zo\">7 \/ 9,5 kW\/k<\/div>\n<\/td>\n<\/tr>\n<tr id=\"taNSOutputTorqueDaNm_1\" class=\"kh-bwvum6\">\n<th class=\"kh-10oizfy\">Zvy\u0161uj\u00faci sa v\u00fdstupn\u00fd kr\u00fatiaci moment v DaNm<\/th>\n<td class=\"kh-1f5nhat\">\n<div class=\"kh-pkx4zo\">9,9 daNm<\/div>\n<\/td>\n<\/tr>\n<tr id=\"taRatioIncreasing\" class=\"kh-bwvum6\">\n<th class=\"kh-10oizfy\">Zvy\u0161uj\u00faci sa pomer<\/th>\n<td class=\"kh-1f5nhat\">\n<div class=\"kh-pkx4zo\">1: 1,9<\/div>\n<\/td>\n<\/tr>\n<tr id=\"taRatioReducing\" class=\"kh-bwvum6\">\n<th class=\"kh-10oizfy\">Zn\u00ed\u017eenie pomeru<\/th>\n<td class=\"kh-1f5nhat\">\n<div class=\"kh-pkx4zo\">1.9: 1<\/div>\n<\/td>\n<\/tr>\n<tr id=\"taShaftX\" class=\"kh-bwvum6\">\n<th class=\"kh-10oizfy\">Hriade\u013e X<\/th>\n<td class=\"kh-1f5nhat\">\n<div class=\"kh-pkx4zo\">1 3\/8\u2033 (6) (A)<\/div>\n<\/td>\n<\/tr>\n<tr id=\"taShaftZ\" class=\"kh-bwvum6\">\n<th class=\"kh-10oizfy\">Hriade\u013e Z<\/th>\n<td class=\"kh-1f5nhat\">\n<div class=\"kh-pkx4zo\">22 (O)<\/div>\n<\/td>\n<\/tr>\n<\/tbody>\n<\/table>\n<h2>Charakteristika prevodovky rozmetadla hnoj\u00edv L-25J<\/h2>\n<ol>\n<li><strong>Vysok\u00fd v\u00fdkon a \u00fa\u010dinnos\u0165<\/strong>Prevodovka rozmetadla hnoj\u00edv L-25J je navrhnut\u00e1 tak, aby pon\u00fakala optim\u00e1lny v\u00fdkon v \u0161irokej \u0161k\u00e1le aplik\u00e1ci\u00ed rozmetania. Efekt\u00edvne pren\u00e1\u0161a v\u00fdkon z v\u00fdvodov\u00e9ho hriade\u013ea traktora na rozmetadlo hnoj\u00edv, \u010d\u00edm zabezpe\u010duje plynul\u00fd a konzistentn\u00fd chod. Jej vysok\u00e1 \u00fa\u010dinnos\u0165 umo\u017e\u0148uje efekt\u00edvne vyu\u017e\u00edvanie zdrojov, zni\u017euje spotrebu paliva a z\u00e1rove\u0148 zvy\u0161uje produktivitu.<\/li>\n<li><strong>Odoln\u00e1 kon\u0161trukcia<\/strong>Prevodovka L-25J je vyroben\u00e1 z robustn\u00fdch materi\u00e1lov a je navrhnut\u00e1 tak, aby odolala n\u00e1ro\u010dn\u00fdm podmienkam be\u017ene sa vyskytuj\u00facim v po\u013enohospod\u00e1rskom prostred\u00ed. Jej vysokopevnostn\u00fd kryt a vn\u00fatorn\u00e9 komponenty s\u00fa odoln\u00e9 vo\u010di opotrebovaniu a kor\u00f3zii, \u010d\u00edm zais\u0165uj\u00fa dlhotrvaj\u00facu \u017eivotnos\u0165 a zni\u017euj\u00fa frekvenciu \u00fadr\u017eby alebo v\u00fdmeny.<\/li>\n<li><strong>Kompaktn\u00fd a priestorovo \u00fasporn\u00fd dizajn<\/strong>Prevodovka L-25J je kompaktn\u00e1 a \u013eahko sa integruje do syst\u00e9mov rozmetadiel hnoj\u00edv. Jej priestorovo efekt\u00edvna kon\u0161trukcia zais\u0165uje, \u017ee ju mo\u017eno nain\u0161talova\u0165 bez zbyto\u010dn\u00fdch zlo\u017eitost\u00ed, \u010do pon\u00faka jednoduch\u00e9 pou\u017e\u00edvanie aj in\u0161tal\u00e1ciu do r\u00f4znych po\u013enohospod\u00e1rskych strojov.<\/li>\n<li><strong>Plynul\u00fd prenos v\u00fdkonu<\/strong>T\u00e1to prevodovka sa vyzna\u010duje plynul\u00fdm mechanizmom prenosu v\u00fdkonu, ktor\u00fd zais\u0165uje rovnomern\u00e9 rozpty\u013eovanie hnoj\u00edv a pom\u00e1ha dosiahnu\u0165 rovnomern\u00e9 rozlo\u017eenie na ve\u013ek\u00fdch po\u013enohospod\u00e1rskych ploch\u00e1ch. Jej kon\u0161trukcia minimalizuje vibr\u00e1cie, \u010d\u00edm zabezpe\u010duje stabiln\u00fa a kontrolovan\u00fa prev\u00e1dzku, ktor\u00e1 zabra\u0148uje nerovnomern\u00e9mu hnojeniu.<\/li>\n<li><strong>V\u0161estrann\u00e9 pou\u017eitie<\/strong>Prevodovka L-25J je vysoko v\u0161estrann\u00e1 a pou\u017e\u00edva sa v r\u00f4znych typoch rozmetadiel hnoj\u00edv vr\u00e1tane t\u00fdch, ktor\u00e9 sa pou\u017e\u00edvaj\u00fa na granulovan\u00e9 alebo peletovan\u00e9 hnojiv\u00e1. Dok\u00e1\u017ee zvl\u00e1dnu\u0165 r\u00f4zne \u0161\u00edrky rozmetania a nastavite\u013en\u00e9 prietoky, v\u010faka \u010domu je vhodn\u00e1 pre \u0161irok\u00fa \u0161k\u00e1lu po\u013enohospod\u00e1rskych aplik\u00e1ci\u00ed, od mal\u00fdch a\u017e po ve\u013ek\u00e9 po\u013enohospod\u00e1rske prev\u00e1dzky.<\/li>\n<\/ol>\n<p>Prevodovka rozmetadla hnoj\u00edv L-25J pon\u00faka spo\u013eahliv\u00e9 a efekt\u00edvne rie\u0161enie pre \u00falohy rozmetania hnoj\u00edv, vyzna\u010duje sa svojou odolnos\u0165ou, plynul\u00fdm chodom a v\u0161estrannos\u0165ou, v\u010faka \u010domu je nevyhnutnou s\u00fa\u010das\u0165ou optimaliz\u00e1cie po\u013enohospod\u00e1rskych oper\u00e1ci\u00ed.<\/p>\n<p><img loading=\"lazy\" decoding=\"async\" class=\"alignnone size-full wp-image-2172\" src=\"https:\/\/fmp-components.com\/wp-content\/uploads\/2024\/12\/Characteristic-of-Fertilizer-Spreader-Gearbox-L-25J.webp\" alt=\"Charakteristika prevodovky rozmetadla hnoj\u00edv L-25J\" width=\"1200\" height=\"743\" title=\"\" srcset=\"https:\/\/fmp-components.com\/wp-content\/uploads\/2024\/12\/Characteristic-of-Fertilizer-Spreader-Gearbox-L-25J.webp 1200w, https:\/\/fmp-components.com\/wp-content\/uploads\/2024\/12\/Characteristic-of-Fertilizer-Spreader-Gearbox-L-25J-980x607.webp 980w, https:\/\/fmp-components.com\/wp-content\/uploads\/2024\/12\/Characteristic-of-Fertilizer-Spreader-Gearbox-L-25J-480x297.webp 480w\" sizes=\"(min-width: 0px) and (max-width: 480px) 480px, (min-width: 481px) and (max-width: 980px) 980px, (min-width: 981px) 1200px, 100vw\" \/><\/p>\n<h3>K\u013abov\u00e9 hriadele pre prevodovku rozmetadla po\u013enohospod\u00e1rskych hnoj\u00edv<\/h3>\n<ol>\n<li><strong>Spo\u013eahliv\u00fd prenos energie<\/strong><br \/>\nV\u00fdvodov\u00e9 hriadele pre prevodovky rozmetadiel po\u013enohospod\u00e1rskych hnoj\u00edv s\u00fa nevyhnutn\u00e9 pre efekt\u00edvny prenos v\u00fdkonu z traktora do prevodovky. Tieto hriadele s\u00fa skon\u0161truovan\u00e9 tak, aby poskytovali konzistentn\u00fd a spo\u013eahliv\u00fd prenos v\u00fdkonu a zabezpe\u010dovali plynul\u00fd chod rozmetadla hnoj\u00edv. S dobre navrhnut\u00fdm v\u00fdvodov\u00fdm hriade\u013eom m\u00f4\u017ee prevodovka efekt\u00edvne poh\u00e1\u0148a\u0165 rozmetac\u00ed mechanizmus a udr\u017eiava\u0165 spr\u00e1vne d\u00e1vkovanie hnojiva.<\/li>\n<li><strong>\u0164a\u017ek\u00e1 kon\u0161trukcia<\/strong><br \/>\nPo\u013enohospod\u00e1rske kardanov\u00e9 hriadele s\u00fa skon\u0161truovan\u00e9 tak, aby odolali n\u00e1ro\u010dn\u00fdm podmienkam po\u013enohospod\u00e1rskych prev\u00e1dzok. S\u00fa vyroben\u00e9 z vysokopevnostn\u00fdch materi\u00e1lov a s\u00fa navrhnut\u00e9 tak, aby odolali \u0165a\u017ek\u00e9mu za\u0165a\u017eeniu, n\u00e1razom a nam\u00e1haniu po\u010das nepretr\u017eit\u00e9ho pou\u017e\u00edvania. \u010ci u\u017e v suchom, mokrom alebo blatistom prostred\u00ed, tieto kardanov\u00e9 hriadele s\u00fa skon\u0161truovan\u00e9 tak, aby odol\u00e1vali opotrebovaniu a kor\u00f3zii, \u010d\u00edm zabezpe\u010duj\u00fa dlhodob\u00fa \u017eivotnos\u0165 a spo\u013eahliv\u00fd v\u00fdkon aj v n\u00e1ro\u010dn\u00fdch po\u013enohospod\u00e1rskych podmienkach.<\/li>\n<li><strong>Jednoduch\u00e9 pripojenie a odpojenie<\/strong><br \/>\nJednou z vynikaj\u00facich vlastnost\u00ed v\u00fdvodov\u00fdch hriade\u013eov pre rozmetadl\u00e1 hnoj\u00edv je ich jednoduch\u00e9 pripojenie a odpojenie. Tieto hriadele s\u00fa navrhnut\u00e9 pre r\u00fdchle pripojenie k traktoru aj prevodovke a poskytuj\u00fa farm\u00e1rom pohodlie po\u010das prev\u00e1dzky. T\u00e1to funkcia r\u00fdchleho pripojenia minimalizuje prestoje a umo\u017e\u0148uje obsluhe r\u00fdchlo prep\u00edna\u0165 medzi r\u00f4znymi zariadeniami pod\u013ea potreby, \u010d\u00edm sa zvy\u0161uje prev\u00e1dzkov\u00e1 efektivita.<\/li>\n<li><strong>Bezpe\u010dnostn\u00e9 prvky<\/strong><br \/>\nBezpe\u010dnos\u0165 je v po\u013enohospod\u00e1rskych strojoch kritick\u00fdm krit\u00e9riom a v\u00fdvodov\u00e9 hriadele pre rozmetadl\u00e1 hnoj\u00edv s\u00fa vybaven\u00e9 zabudovan\u00fdmi bezpe\u010dnostn\u00fdmi prvkami. Tieto zvy\u010dajne zah\u0155\u0148aj\u00fa ochrann\u00e9 \u0161t\u00edty a bezpe\u010dnostn\u00e9 spojky, ktor\u00e9 zabra\u0148uj\u00fa n\u00e1hodn\u00e9mu odpojeniu a zni\u017euj\u00fa riziko zranenia. \u0160t\u00edty chr\u00e1nia rotuj\u00face \u010dasti, zatia\u013e \u010do bezpe\u010dnostn\u00e9 spojky zabezpe\u010duj\u00fa odpojenie hriade\u013ea v pr\u00edpade poruchy, \u010do poskytuje obsluhe zv\u00fd\u0161en\u00fa bezpe\u010dnos\u0165 po\u010das pou\u017e\u00edvania.<\/li>\n<li><strong>Nastavite\u013en\u00e1 d\u013a\u017eka pre v\u0161estrann\u00e9 pou\u017eitie<\/strong><br \/>\nK\u013abov\u00e9 hriadele s\u00fa dostupn\u00e9 v nastavite\u013en\u00fdch d\u013a\u017ekach, aby vyhovovali r\u00f4znym nastaveniam po\u013enohospod\u00e1rskych strojov. T\u00e1to flexibilita zabezpe\u010duje, \u017ee hriade\u013e je mo\u017en\u00e9 pou\u017ei\u0165 so \u0161irokou \u0161k\u00e1lou rozmetadiel hnoj\u00edv a traktorov bez oh\u013eadu na ve\u013ekos\u0165 alebo konfigur\u00e1ciu. Mo\u017enos\u0165 nastavenia d\u013a\u017eky hriade\u013ea zais\u0165uje optim\u00e1lne zarovnanie a efekt\u00edvny prenos v\u00fdkonu, v\u010faka \u010domu s\u00fa tieto k\u013abov\u00e9 hriadele v\u0161estrann\u00fdm rie\u0161en\u00edm pre r\u00f4zne typy po\u013enohospod\u00e1rskych oper\u00e1ci\u00ed.<\/li>\n<\/ol>\n<table style=\"width: 103.326%; height: 185px;\" width=\"270\">\n<tbody>\n<tr>\n<td style=\"width: 49.6862%;\" width=\"132\"><img loading=\"lazy\" decoding=\"async\" class=\"alignnone size-full wp-image-2170\" src=\"https:\/\/fmp-components.com\/wp-content\/uploads\/2024\/12\/PTO-Shafts-for-Agricultural-Fertilizer-Spreader-Gearbox-2.webp\" alt=\"V\u00fdvodov\u00e9 hriadele pre rozmetadlo po\u013enohospod\u00e1rskych hnoj\u00edv, prevodovka 2\" width=\"1200\" height=\"800\" title=\"\" srcset=\"https:\/\/fmp-components.com\/wp-content\/uploads\/2024\/12\/PTO-Shafts-for-Agricultural-Fertilizer-Spreader-Gearbox-2.webp 1200w, https:\/\/fmp-components.com\/wp-content\/uploads\/2024\/12\/PTO-Shafts-for-Agricultural-Fertilizer-Spreader-Gearbox-2-980x653.webp 980w, https:\/\/fmp-components.com\/wp-content\/uploads\/2024\/12\/PTO-Shafts-for-Agricultural-Fertilizer-Spreader-Gearbox-2-480x320.webp 480w\" sizes=\"(min-width: 0px) and (max-width: 480px) 480px, (min-width: 481px) and (max-width: 980px) 980px, (min-width: 981px) 1200px, 100vw\" \/><\/td>\n<td style=\"width: 49.6862%;\" width=\"138\"><img loading=\"lazy\" decoding=\"async\" class=\"alignnone size-full wp-image-2171\" src=\"https:\/\/fmp-components.com\/wp-content\/uploads\/2024\/12\/PTO-Shafts-for-Agricultural-Fertilizer-Spreader-Gearbox-1.webp\" alt=\"V\u00fdvodov\u00e9 hriadele pre rozmetadlo po\u013enohospod\u00e1rskych hnoj\u00edv, prevodovka 1\" width=\"1200\" height=\"800\" title=\"\" srcset=\"https:\/\/fmp-components.com\/wp-content\/uploads\/2024\/12\/PTO-Shafts-for-Agricultural-Fertilizer-Spreader-Gearbox-1.webp 1200w, https:\/\/fmp-components.com\/wp-content\/uploads\/2024\/12\/PTO-Shafts-for-Agricultural-Fertilizer-Spreader-Gearbox-1-980x653.webp 980w, https:\/\/fmp-components.com\/wp-content\/uploads\/2024\/12\/PTO-Shafts-for-Agricultural-Fertilizer-Spreader-Gearbox-1-480x320.webp 480w\" sizes=\"(min-width: 0px) and (max-width: 480px) 480px, (min-width: 481px) and (max-width: 980px) 980px, (min-width: 981px) 1200px, 100vw\" \/><\/td>\n<\/tr>\n<\/tbody>\n<\/table>\n<h3>O FMP<\/h3>\n<p>Spolo\u010dnos\u0165 FMP so s\u00eddlom v Taliansku stoj\u00ed na \u010dele odvetvia v\u00fdroby prevodoviek a je zn\u00e1ma svojimi odborn\u00fdmi znalos\u0165ami v oblasti n\u00e1vrhu, v\u00fdvoja a v\u00fdroby vysokov\u00fdkonn\u00fdch prevodoviek. Spolo\u010dnos\u0165 FMP sa \u0161pecializuje na po\u013enohospod\u00e1rske stroje a etablovala sa ako d\u00f4veryhodn\u00e9 meno v tomto sektore. S reput\u00e1ciou vybudovanou na presnom in\u017einierstve, inov\u00e1ci\u00e1ch a neochvejnej spo\u013eahlivosti dod\u00e1vame pr\u00e9miov\u00e9 produkty, ktor\u00e9 sp\u013a\u0148aj\u00fa vyv\u00edjaj\u00face sa po\u017eiadavky po\u013enohospod\u00e1rskeho aj priemyseln\u00e9ho trhu. Na\u0161e rozmanit\u00e9 produktov\u00e9 portf\u00f3lio zah\u0155\u0148a \u0161pecializovan\u00e9 prevodovky pre kosa\u010dky na tr\u00e1vu, v\u00fdvodov\u00e9 hriadele a \u010fal\u0161ie kritick\u00e9 komponenty, ktor\u00e9 s\u00fa v\u0161etky navrhnut\u00e9 tak, aby poskytovali rie\u0161enia na mieru v \u0161irokej \u0161k\u00e1le aplik\u00e1ci\u00ed.<\/p>\n<p>Spolo\u010dnos\u0165 FMP sa zaviazala pon\u00faka\u0165 viac ne\u017e len produkty; poskytujeme komplexn\u00e9, prisp\u00f4soben\u00e9 rie\u0161enia, ktor\u00e9 rie\u0161ia jedine\u010dn\u00e9 v\u00fdzvy, ktor\u00fdm \u010delia na\u0161i klienti. \u010ci u\u017e ide o jednotliv\u00e9 komponenty alebo kompletn\u00e9, plne integrovan\u00e9 syst\u00e9my, \u0161pecializujeme sa na tvorbu rie\u0161en\u00ed, ktor\u00e9 optimalizuj\u00fa v\u00fdkon a prid\u00e1vaj\u00fa hodnotu. \u00dazkou spolupr\u00e1cou s na\u0161imi z\u00e1kazn\u00edkmi zabezpe\u010dujeme, aby ka\u017ed\u00e9 rie\u0161enie bolo efekt\u00edvne a \u00fa\u010dinn\u00e9, starostlivo navrhnut\u00e9 tak, aby sp\u013a\u0148alo \u0161pecifick\u00e9 potreby a z\u00e1rove\u0148 maximalizovalo v\u00fdstup. N\u00e1\u0161 z\u00e1v\u00e4zok k r\u00fdchlym a profesion\u00e1lnym reakci\u00e1m v kombin\u00e1cii s odborn\u00fdm poradenstvom zabezpe\u010duje, \u017ee ka\u017ed\u00e1 po\u017eiadavka je vybaven\u00e1 s presnos\u0165ou a starostlivos\u0165ou, \u010do posil\u0148uje na\u0161u reput\u00e1ciu spo\u013eahlivosti.<\/p>\n<p>Otvoren\u00e1 komunik\u00e1cia je k\u013e\u00fa\u010dom k n\u00e1\u0161mu \u00faspechu, najm\u00e4 pokia\u013e ide o v\u00fdvoj nov\u00fdch produktov. N\u00e1\u0161 \u0161pecializovan\u00fd t\u00edm \u00fazko spolupracuje s klientmi, aby plne pochopil ich jedine\u010dn\u00e9 potreby a poskytol im cenn\u00e9 poznatky, ktor\u00e9 ved\u00fa k najefekt\u00edvnej\u0161\u00edm rie\u0161eniam. \u010ci u\u017e navrhujeme \u0161pi\u010dkov\u00e9 produkty alebo pln\u00edme prebiehaj\u00face objedn\u00e1vky, sme odhodlan\u00ed poskytova\u0165 vysokokvalitn\u00e9, prec\u00edzne navrhnut\u00e9 rie\u0161enia s efekt\u00edvnos\u0165ou a konzistentnos\u0165ou. V spolo\u010dnosti FMP pristupujeme ku ka\u017ed\u00e9mu projektu s cie\u013eom zabezpe\u010di\u0165 dlhodob\u00fa spokojnos\u0165 a vynikaj\u00facu funk\u010dnos\u0165.<\/p>\n<p>Kvalita je jadrom v\u0161etk\u00e9ho, \u010do rob\u00edme. Dodr\u017eiavame najvy\u0161\u0161ie v\u00fdrobn\u00e9 \u0161tandardy a integrujeme pr\u00edsne procesy kontroly kvality, aby sme zabezpe\u010dili, \u017ee ka\u017ed\u00fd produkt nielen sp\u013a\u0148a, ale aj prekon\u00e1va o\u010dak\u00e1vania odvetvia. N\u00e1\u0161 z\u00e1v\u00e4zok k neust\u00e1lemu zlep\u0161ovaniu v spojen\u00ed s na\u0161imi z\u00e1kladn\u00fdmi hodnotami, ako s\u00fa integrita, spolupr\u00e1ca a vytrvalos\u0165, n\u00e1m umo\u017enil vybudova\u0165 si trval\u00e9 vz\u0165ahy so z\u00e1kazn\u00edkmi vo viac ako 30 krajin\u00e1ch sveta. Toto odhodlanie k dokonalosti zabezpe\u010duje, \u017ee FMP zost\u00e1va preferovan\u00fdm partnerom pre podniky, ktor\u00e9 h\u013eadaj\u00fa spo\u013eahliv\u00e9 a vysoko v\u00fdkonn\u00e9 komponenty.<\/p>\n<p>Spolo\u010dnos\u0165 FMP je v\u017edy otvoren\u00e1 budovaniu a rozv\u00edjaniu glob\u00e1lnych partnerstiev. Ch\u00e1peme, \u017ee ka\u017ed\u00fd klient m\u00e1 jedine\u010dn\u00e9 potreby, a preto sa venujeme odborn\u00e9mu poradenstvu a rie\u0161eniam na mieru, ktor\u00e9 tieto po\u017eiadavky splnia. N\u00e1\u0161 pr\u00edstup presahuje r\u00e1mec samotn\u00e9ho dod\u00e1vania produktov; sna\u017e\u00edme sa budova\u0165 dlhodob\u00e9 vz\u0165ahy, ktor\u00e9 podporuj\u00fa \u00faspech ka\u017ed\u00e9ho projektu. \u010ci u\u017e potrebujete inovat\u00edvne rie\u0161enia pre nov\u00fa iniciat\u00edvu alebo priebe\u017en\u00fa podporu pre existuj\u00faci syst\u00e9m, spolo\u010dnos\u0165 FMP je tu, aby rie\u0161ila va\u0161e technick\u00e9 v\u00fdzvy a zabezpe\u010dila v\u00e1\u0161 trval\u00fd \u00faspech. S FMP z\u00edskate viac ne\u017e len dod\u00e1vate\u013ea \u2013 z\u00edskate d\u00f4veryhodn\u00e9ho partnera, ktor\u00fd sa venuje rozvoju v\u00e1\u0161ho podnikania.<\/p>\n<p><img loading=\"lazy\" decoding=\"async\" class=\"alignnone size-full wp-image-1861\" src=\"https:\/\/fmp-components.com\/wp-content\/uploads\/2024\/12\/Other-Agricultural-Gearboxes.webp\" sizes=\"(min-width: 0px) and (max-width: 480px) 480px, (min-width: 481px) and (max-width: 980px) 980px, (min-width: 981px) 1200px, 100vw\" srcset=\"https:\/\/fmp-components.com\/wp-content\/uploads\/2024\/12\/Other-Agricultural-Gearboxes.webp 1200w, https:\/\/fmp-components.com\/wp-content\/uploads\/2024\/12\/Other-Agricultural-Gearboxes-980x1143.webp 980w, https:\/\/fmp-components.com\/wp-content\/uploads\/2024\/12\/Other-Agricultural-Gearboxes-480x560.webp 480w\" alt=\"Altri-cambi-agricoli\" width=\"1200\" height=\"1400\" title=\"\"><\/p>\n<p>Autor: CX<\/p>","protected":false},"excerpt":{"rendered":"<p>Specifications of Fertilizer Spreader Gearbox L-25J Description Fertilizer Spreader Gearbox &#8211; Replacement of Comer Gearbox L-25J Application Various (agricultural) applications Mowers Chemical fertilizer spreaders Band saws Consists of Gearbox Without oil Technical information If you have any questions regarding performance at different speeds, please do not hesitate to contact us. When using it for the [&hellip;]<\/p>","protected":false},"featured_media":2160,"comment_status":"open","ping_status":"closed","template":"","meta":{"_et_pb_use_builder":"","_et_pb_old_content":"","_et_gb_content_width":""},"product_brand":[],"product_cat":[53],"product_tag":[],"class_list":{"0":"post-2158","1":"product","2":"type-product","3":"status-publish","4":"has-post-thumbnail","6":"product_cat-rotary-tiller-gearbox","8":"first","9":"instock","10":"shipping-taxable","11":"product-type-simple"},"_links":{"self":[{"href":"https:\/\/fmp-components.com\/sk\/wp-json\/wp\/v2\/product\/2158","targetHints":{"allow":["GET"]}}],"collection":[{"href":"https:\/\/fmp-components.com\/sk\/wp-json\/wp\/v2\/product"}],"about":[{"href":"https:\/\/fmp-components.com\/sk\/wp-json\/wp\/v2\/types\/product"}],"replies":[{"embeddable":true,"href":"https:\/\/fmp-components.com\/sk\/wp-json\/wp\/v2\/comments?post=2158"}],"wp:featuredmedia":[{"embeddable":true,"href":"https:\/\/fmp-components.com\/sk\/wp-json\/wp\/v2\/media\/2160"}],"wp:attachment":[{"href":"https:\/\/fmp-components.com\/sk\/wp-json\/wp\/v2\/media?parent=2158"}],"wp:term":[{"taxonomy":"product_brand","embeddable":true,"href":"https:\/\/fmp-components.com\/sk\/wp-json\/wp\/v2\/product_brand?post=2158"},{"taxonomy":"product_cat","embeddable":true,"href":"https:\/\/fmp-components.com\/sk\/wp-json\/wp\/v2\/product_cat?post=2158"},{"taxonomy":"product_tag","embeddable":true,"href":"https:\/\/fmp-components.com\/sk\/wp-json\/wp\/v2\/product_tag?post=2158"}],"curies":[{"name":"pracovn\u00fd list","href":"https:\/\/api.w.org\/{rel}","templated":true}]}}