{"id":2151,"date":"2024-12-30T06:59:10","date_gmt":"2024-12-30T06:59:10","guid":{"rendered":"https:\/\/fmp-components.com\/?page_id=8"},"modified":"2024-12-30T08:06:25","modified_gmt":"2024-12-30T08:06:25","slug":"fertilizer-spreader-gearbox-replacement-of-comer-code-l-25c","status":"publish","type":"product","link":"https:\/\/fmp-components.com\/sk\/product\/fertilizer-spreader-gearbox-replacement-of-comer-code-l-25c\/","title":{"rendered":"Prevodovka rozmetadla hnoj\u00edv \u2013 v\u00fdmena k\u00f3du Comer L-25C"},"content":{"rendered":"<p><img loading=\"lazy\" decoding=\"async\" class=\"wp-image-2156 aligncenter\" src=\"https:\/\/fmp-components.com\/wp-content\/uploads\/2024\/12\/fertilizer-spreader-gearbox-l25c.webp\" alt=\"prevodovka-rozmetadla-hnoj\u00edv-l25c\" width=\"790\" height=\"790\" title=\"\" srcset=\"https:\/\/fmp-components.com\/wp-content\/uploads\/2024\/12\/fertilizer-spreader-gearbox-l25c.webp 300w, https:\/\/fmp-components.com\/wp-content\/uploads\/2024\/12\/fertilizer-spreader-gearbox-l25c-150x150.webp 150w, https:\/\/fmp-components.com\/wp-content\/uploads\/2024\/12\/fertilizer-spreader-gearbox-l25c-12x12.webp 12w, https:\/\/fmp-components.com\/wp-content\/uploads\/2024\/12\/fertilizer-spreader-gearbox-l25c-100x100.webp 100w\" sizes=\"(max-width: 790px) 100vw, 790px\" \/><\/p>\n<h2>\u0160pecifik\u00e1cie prevodovky rozmetadla hnoj\u00edv L-25C<\/h2>\n<p><img loading=\"lazy\" decoding=\"async\" class=\"alignnone size-full wp-image-2157\" src=\"https:\/\/fmp-components.com\/wp-content\/uploads\/2024\/12\/fertilizer-spreader-gearbox-specifications-l25c.webp\" alt=\"\u0161pecifik\u00e1cie prevodovky rozmetadla hnoj\u00edv L25C\" width=\"974\" height=\"544\" title=\"\" srcset=\"https:\/\/fmp-components.com\/wp-content\/uploads\/2024\/12\/fertilizer-spreader-gearbox-specifications-l25c.webp 974w, https:\/\/fmp-components.com\/wp-content\/uploads\/2024\/12\/fertilizer-spreader-gearbox-specifications-l25c-480x268.webp 480w\" sizes=\"(min-width: 0px) and (max-width: 480px) 480px, (min-width: 481px) 974px, 100vw\" \/><\/p>\n<table style=\"width: 100%;\" border=\"1\" width=\"100%\" cellspacing=\"0\" cellpadding=\"0\">\n<tbody>\n<tr>\n<th style=\"width: 53.1318%;\">Vstupn\u00fd pomer (i)<\/th>\n<td style=\"width: 46.6522%;\">1.35<\/td>\n<\/tr>\n<tr>\n<th style=\"width: 53.1318%;\">Vstupn\u00e1 r\u00fdchlos\u0165 (N1 [ot.\/min.])<\/th>\n<td style=\"width: 46.6522%;\">540<\/td>\n<\/tr>\n<tr>\n<th style=\"width: 53.1318%;\">Vstupn\u00fd v\u00fdkon (P1 [kW])<\/th>\n<td style=\"width: 46.6522%;\">9.9<\/td>\n<\/tr>\n<tr>\n<th style=\"width: 53.1318%;\">V\u00fdstupn\u00fd kr\u00fatiaci moment (M2 [Nm])<\/th>\n<td style=\"width: 46.6522%;\">126<\/td>\n<\/tr>\n<tr>\n<th style=\"width: 53.1318%;\">Typ vstupu<\/th>\n<td style=\"width: 46.6522%;\">Z<\/td>\n<\/tr>\n<tr>\n<th style=\"width: 53.1318%;\">Hmotnos\u0165<\/th>\n<td style=\"width: 46.6522%;\">17 kg<\/td>\n<\/tr>\n<\/tbody>\n<\/table>\n<p><span style=\"color: #333333; font-size: 26px;\">Vlastnosti prevodovky rozmetadla hnoj\u00edv<\/span><\/p>\n<article class=\"w-full scroll-mb-[var(--thread-trailing-height,150px)] text-token-text-primary focus-visible:outline-2 focus-visible:outline-offset-[-4px]\" dir=\"auto\" data-testid=\"conversation-turn-92\" data-scroll-anchor=\"false\">\n<div class=\"m-auto text-base py-[18px] px-3 md:px-4 w-full md:px-5 lg:px-4 xl:px-5\">\n<div class=\"mx-auto flex flex-1 gap-4 text-base md:gap-5 lg:gap-6 md:max-w-3xl lg:max-w-[40rem] xl:max-w-[48rem]\">\n<div class=\"group\/conversation-turn relative flex w-full min-w-0 flex-col\">\n<div class=\"flex-col gap-1 md:gap-3\">\n<div class=\"flex max-w-full flex-col flex-grow\">\n<div class=\"min-h-8 text-message flex w-full flex-col items-end gap-2 whitespace-normal break-words text-start [.text-message+&amp;]:mt-5\" dir=\"auto\" data-message-author-role=\"user\" data-message-id=\"aaa27537-8ed0-4e1f-9cf5-d9a41e7e7f9f\">\n<div class=\"flex w-full flex-col gap-1 empty:hidden items-end rtl:items-start\">\n<div class=\"relative max-w-[var(--user-chat-width,70%)] rounded-3xl bg-token-message-surface px-5 py-2.5\">\n<ol>\n<li><strong>Presn\u00e9 rozlo\u017eenie energie<\/strong><br \/>\nPrevodovka rozmetadla hnoj\u00edv je navrhnut\u00e1 tak, aby poskytovala presn\u00fa kontrolu nad ot\u00e1\u010dan\u00edm a r\u00fdchlos\u0165ou komponentov rozmetadla. To zais\u0165uje rovnomern\u00e9 a presn\u00e9 rozlo\u017eenie hnojiva po poli, \u010d\u00edm sa zabra\u0148uje nadmernej alebo nedostato\u010dnej aplik\u00e1cii, \u010do m\u00f4\u017ee po\u0161kodi\u0165 plodiny a vies\u0165 k plytvaniu zdrojmi. Prevodovka optimalizuje tok v\u00fdkonu z traktora do rozmetadla a zabezpe\u010duje rovnomern\u00e9 pokrytie pri ka\u017edom prejazde.<\/li>\n<li><strong>\u0164a\u017ek\u00e1 kon\u0161trukcia<\/strong><br \/>\nPrevodovka rozmetadla hnoj\u00edv, skon\u0161truovan\u00e1 pre n\u00e1ro\u010dn\u00e9 po\u013enohospod\u00e1rske prostredie, je vyroben\u00e1 z vysoko kvalitn\u00fdch materi\u00e1lov, ktor\u00e9 zais\u0165uj\u00fa odolnos\u0165 a odolnos\u0165 pri intenz\u00edvnom pou\u017e\u00edvan\u00ed. Je navrhnut\u00e1 tak, aby zvl\u00e1dala nam\u00e1hanie a vysok\u00fd kr\u00fatiaci moment generovan\u00fd po\u010das prev\u00e1dzky, \u010d\u00edm sa zabezpe\u010d\u00ed dlhodob\u00e1 spo\u013eahlivos\u0165 a dlh\u0161ia \u017eivotnos\u0165. Prevodovka odol\u00e1 vystaveniu drsn\u00fdm podmienkam, ako je vlhkos\u0165, prach a p\u00f4da, bez toho, aby to ohrozilo jej v\u00fdkon.<\/li>\n<li><strong>Nastavite\u013en\u00e9 v\u00fdstupn\u00e9 r\u00fdchlosti<\/strong><br \/>\nMnoh\u00e9 prevodovky rozmetadiel hnoj\u00edv maj\u00fa nastavite\u013en\u00e9 v\u00fdstupn\u00e9 ot\u00e1\u010dky, ktor\u00e9 umo\u017e\u0148uj\u00fa obsluhe kontrolova\u0165 d\u00e1vkovanie rozmetadla a zabezpe\u010di\u0165, aby sp\u013a\u0148alo \u0161pecifick\u00e9 po\u017eiadavky na hnojenie. T\u00e1to funkcia zvy\u0161uje v\u0161estrannos\u0165 prevodovky, v\u010faka \u010domu je vhodn\u00e1 pre r\u00f4zne \u00falohy, od \u013eahk\u00e9ho rozmetania a\u017e po n\u00e1ro\u010dn\u00e9 aplik\u00e1cie. \u00dapravou ot\u00e1\u010dok m\u00f4\u017eu pou\u017e\u00edvatelia optimalizova\u0165 vyu\u017eitie hnoj\u00edv pre r\u00f4zne plodiny a po\u013en\u00e9 podmienky.<\/li>\n<li><strong>Kompaktn\u00fd a priestorovo \u00fasporn\u00fd dizajn<\/strong><br \/>\nPrevodovky rozmetadiel hnoj\u00edv s\u00fa navrhnut\u00e9 tak, aby boli kompaktn\u00e9 a priestorovo \u00fasporn\u00e9, v\u010faka \u010domu sa daj\u00fa \u013eahko in\u0161talova\u0165 na r\u00f4zne modely rozmetadiel. Ich kompaktn\u00fd dizajn umo\u017e\u0148uje efekt\u00edvnu integr\u00e1ciu s minim\u00e1lnymi \u00fapravami, \u010d\u00edm sa zabezpe\u010d\u00ed, \u017ee nezaberaj\u00fa pr\u00edli\u0161 ve\u013ea miesta ani neprid\u00e1vaj\u00fa zbyto\u010dn\u00fa hmotnos\u0165. To prispieva k celkovej jednoduchosti pou\u017e\u00edvania a man\u00e9vrovate\u013enosti rozmetadla po\u010das prev\u00e1dzky.<\/li>\n<li><strong>N\u00edzka \u00fadr\u017eba a vysok\u00e1 \u00fa\u010dinnos\u0165<\/strong><br \/>\nPrevodovka rozmetadla hnoj\u00edv je navrhnut\u00e1 pre prev\u00e1dzku s n\u00edzkymi n\u00e1rokmi na \u00fadr\u017ebu a je vybaven\u00e1 robustn\u00fdmi tesneniami a samomazac\u00edmi komponentmi, ktor\u00e9 minimalizuj\u00fa potrebu \u010dast\u00e9ho servisu. To pom\u00e1ha skr\u00e1ti\u0165 prestoje a zabezpe\u010duje nepretr\u017eit\u00fa prev\u00e1dzku po\u010das celej sez\u00f3ny v\u00fdsadby a hnojenia. Vysoko\u00fa\u010dinn\u00e1 prevodovka zni\u017euje straty v\u00fdkonu, \u010d\u00edm zlep\u0161uje spotrebu paliva a rob\u00ed z nej n\u00e1kladovo efekt\u00edvne rie\u0161enie pre rozsiahle po\u013enohospod\u00e1rske prev\u00e1dzky. Prevodovka sa navy\u0161e \u013eahko udr\u017eiava, m\u00e1 pr\u00edstupn\u00e9 mazacie miesta a odoln\u00e9 lo\u017eisk\u00e1, \u010do prispieva k jej dlhej \u017eivotnosti.<\/li>\n<\/ol>\n<div class=\"absolute bottom-0 right-full top-0 -mr-3.5 hidden pr-5 pt-1 [.group\\\/conversation-turn:hover_&amp;]:block\"><\/div>\n<\/div>\n<\/div>\n<\/div>\n<\/div>\n<\/div>\n<\/div>\n<\/div>\n<\/div>\n<\/article>\n<article class=\"w-full scroll-mb-[var(--thread-trailing-height,150px)] text-token-text-primary focus-visible:outline-2 focus-visible:outline-offset-[-4px]\" dir=\"auto\" data-testid=\"conversation-turn-93\" data-scroll-anchor=\"true\">\n<h6 class=\"sr-only\"><\/h6>\n<\/article>\n<p>\u00a0<img loading=\"lazy\" decoding=\"async\" class=\"wp-image-2155 aligncenter\" src=\"https:\/\/fmp-components.com\/wp-content\/uploads\/2024\/12\/fertilizer-spreader-gearbox-2.webp\" alt=\"prevodovka-rozmetadla-hnoj\u00edv-2\" width=\"631\" height=\"631\" title=\"\" srcset=\"https:\/\/fmp-components.com\/wp-content\/uploads\/2024\/12\/fertilizer-spreader-gearbox-2.webp 400w, https:\/\/fmp-components.com\/wp-content\/uploads\/2024\/12\/fertilizer-spreader-gearbox-2-300x300.webp 300w, https:\/\/fmp-components.com\/wp-content\/uploads\/2024\/12\/fertilizer-spreader-gearbox-2-150x150.webp 150w, https:\/\/fmp-components.com\/wp-content\/uploads\/2024\/12\/fertilizer-spreader-gearbox-2-12x12.webp 12w, https:\/\/fmp-components.com\/wp-content\/uploads\/2024\/12\/fertilizer-spreader-gearbox-2-100x100.webp 100w\" sizes=\"(max-width: 631px) 100vw, 631px\" \/><\/p>\n<h2>K\u013abov\u00e9 hriadele pre prevodovku rozmetadla po\u013enohospod\u00e1rskych hnoj\u00edv<\/h2>\n<p>V\u00fdvodov\u00e9 hriadele (PTO) pre prevodovky po\u013enohospod\u00e1rskych rozmetadiel hnoj\u00edv s\u00fa z\u00e1kladn\u00fdmi komponentmi, ktor\u00e9 pren\u00e1\u0161aj\u00fa mechanick\u00fa energiu z traktora do prevodovky, \u010do umo\u017e\u0148uje prev\u00e1dzku rozmetadla hnoj\u00edv. Tieto hriadele s\u00fa \u0161peci\u00e1lne navrhnut\u00e9 tak, aby zvl\u00e1dli n\u00e1ro\u010dn\u00e9 po\u017eiadavky po\u013enohospod\u00e1rskych aplik\u00e1ci\u00ed a zabezpe\u010dovali spo\u013eahliv\u00fd a efekt\u00edvny prenos v\u00fdkonu pre konzistentn\u00fd v\u00fdkon v r\u00f4znych po\u013en\u00fdch podmienkach. Spojen\u00edm motora traktora s prevodovkou zohr\u00e1vaj\u00fa v\u00fdvodov\u00e9 hriadele k\u013e\u00fa\u010dov\u00fa \u00falohu pri zabezpe\u010dovan\u00ed funk\u010dnosti a \u00fa\u010dinnosti rozmetadla.<\/p>\n<p><strong>1. Robustn\u00fd prenos v\u00fdkonu:<\/strong> K\u013abov\u00e9 hriadele pre prevodovky rozmetadiel hnoj\u00edv s\u00fa skon\u0161truovan\u00e9 tak, aby odolali vysok\u00e9mu kr\u00fatiacemu momentu a n\u00e1ro\u010dn\u00e9mu pou\u017e\u00edvaniu. Tieto hriadele s\u00fa vyroben\u00e9 z odoln\u00fdch materi\u00e1lov, ako je vysokopevnostn\u00e1 oce\u013e, a zabezpe\u010duj\u00fa optim\u00e1lny prenos v\u00fdkonu bez kompromisov vo v\u00fdkone. T\u00e1to robustn\u00e1 kon\u0161trukcia pom\u00e1ha predch\u00e1dza\u0165 opotrebovaniu po\u010das dlhodob\u00e9ho pou\u017e\u00edvania, v\u010faka \u010domu s\u00fa ide\u00e1lne pre n\u00e1ro\u010dn\u00e9 po\u013enohospod\u00e1rske prostredie, kde je spo\u013eahlivos\u0165 a odolnos\u0165 prvorad\u00e1.<\/p>\n<p><strong>2. Presn\u00e9 in\u017einierstvo:<\/strong> V\u00fdvodov\u00e9 hriadele, navrhnut\u00e9 s prec\u00edznym in\u017einierstvom, s\u00fa optimalizovan\u00e9 pre bezprobl\u00e9mov\u00fa spolupr\u00e1cu s prevodovkou rozmetadla hnoj\u00edv. D\u013a\u017eka, priemer a spojovacie body hriade\u013ea s\u00fa starostlivo navrhnut\u00e9 tak, aby sa zabezpe\u010dil efekt\u00edvny prenos v\u00fdkonu z motora traktora do prevodovky, \u010d\u00edm sa zabezpe\u010d\u00ed potrebn\u00e1 rota\u010dn\u00e1 sila na prev\u00e1dzku rozmetadla. To zais\u0165uje rovnomern\u00e9 a konzistentn\u00e9 rozlo\u017eenie hnojiva rozmetadlom na ve\u013ek\u00fdch po\u013enohospod\u00e1rskych poliach.<\/p>\n<p><strong>3. V\u0161estrannos\u0165 a kompatibilita:<\/strong> K\u013abov\u00e9 hriadele pre prevodovky rozmetadiel hnoj\u00edv s\u00fa dostupn\u00e9 v r\u00f4znych ve\u013ekostiach a konfigur\u00e1ci\u00e1ch, \u010do zabezpe\u010duje kompatibilitu so \u0161irokou \u0161k\u00e1lou po\u013enohospod\u00e1rskych strojov. \u010ci u\u017e je rozmetadlo mal\u00e9 alebo ve\u013ek\u00e9, v\u00fdvodov\u00fd hriade\u013e je mo\u017en\u00e9 vybra\u0165 tak, aby zodpovedal \u0161pecifick\u00fdm po\u017eiadavk\u00e1m zariadenia a v\u00fdkonu v\u00fdvodov\u00e9ho hriade\u013ea traktora. T\u00e1to v\u0161estrannos\u0165 u\u013eah\u010duje po\u013enohospod\u00e1rom udr\u017eiavanie optim\u00e1lneho v\u00fdkonu pri r\u00f4znych typoch strojov a po\u013en\u00fdch podmienkach.<\/p>\n<p><strong>4. Jednoduch\u00e1 \u00fadr\u017eba a dlh\u00e1 \u017eivotnos\u0165:<\/strong> Kon\u0161trukcia kardanov\u00fdch hriade\u013eov zah\u0155\u0148a prvky, ktor\u00e9 u\u013eah\u010duj\u00fa \u00fadr\u017ebu a predl\u017euj\u00fa ich \u017eivotnos\u0165. Komponenty, ako s\u00fa maznice, nastavite\u013en\u00e9 d\u013a\u017eky a ochrann\u00e9 kryty, zjednodu\u0161uj\u00fa be\u017en\u00fa \u00fadr\u017ebu a zabezpe\u010duj\u00fa, \u017ee hriadele bud\u00fa dlhodobo efekt\u00edvne fungova\u0165. Pravideln\u00e1 \u00fadr\u017eba pom\u00e1ha predch\u00e1dza\u0165 po\u0161kodeniu a zni\u017euje pravdepodobnos\u0165 n\u00e1kladn\u00fdch opr\u00e1v, v\u010faka \u010domu s\u00fa tieto kardanov\u00e9 hriadele pre po\u013enohospod\u00e1rov cenovo v\u00fdhodn\u00fdm rie\u0161en\u00edm.<\/p>\n<p><strong>5. Zv\u00fd\u0161en\u00e1 \u00fa\u010dinnos\u0165 pri aplik\u00e1cii hnoj\u00edv:<\/strong> Zabezpe\u010den\u00edm konzistentn\u00e9ho a spo\u013eahliv\u00e9ho dod\u00e1vania v\u00fdkonu do prevodovky rozmetadla hnoj\u00edv prispievaj\u00fa v\u00fdvodov\u00e9 hriadele k zv\u00fd\u0161enej prev\u00e1dzkovej efekt\u00edvnosti. V\u00fdsledkom je rovnomern\u00e9 rozlo\u017eenie hnojiva, zn\u00ed\u017eenie odpadu a optimaliz\u00e1cia v\u00fdnosu plod\u00edn. Presnos\u0165 a odolnos\u0165 v\u00fdvodov\u00fdch hriade\u013eov pom\u00e1haj\u00fa zlep\u0161i\u0165 celkov\u00fa \u00fa\u010dinnos\u0165 aplik\u00e1cie hnoj\u00edv, \u010d\u00edm podporuj\u00fa udr\u017eate\u013en\u00e9 po\u013enohospod\u00e1rske postupy a lep\u0161\u00ed rast plod\u00edn.<\/p>\n<p>Z\u00e1verom mo\u017eno poveda\u0165, \u017ee kardanov\u00e9 hriadele pre prevodovky rozmetadiel po\u013enohospod\u00e1rskych hnoj\u00edv s\u00fa k\u013e\u00fa\u010dov\u00fdmi komponentmi, ktor\u00e9 zabezpe\u010duj\u00fa spo\u013eahliv\u00fd prenos v\u00fdkonu, prev\u00e1dzkov\u00fa \u00fa\u010dinnos\u0165 a dlhotrvaj\u00faci v\u00fdkon v po\u013enohospod\u00e1rskych aplik\u00e1ci\u00e1ch. Tieto hriadele, navrhnut\u00e9 pre odolnos\u0165, presnos\u0165 a jednoduch\u00fa \u00fadr\u017ebu, pom\u00e1haj\u00fa optimalizova\u0165 v\u00fdkon rozmetadiel hnoj\u00edv a prispievaj\u00fa k zlep\u0161eniu po\u013enohospod\u00e1rskej produktivity.<\/p>\n<p><img loading=\"lazy\" decoding=\"async\" class=\"alignnone size-full wp-image-2171\" src=\"https:\/\/fmp-components.com\/wp-content\/uploads\/2024\/12\/PTO-Shafts-for-Agricultural-Fertilizer-Spreader-Gearbox-1.webp\" alt=\"V\u00fdvodov\u00e9 hriadele pre rozmetadlo po\u013enohospod\u00e1rskych hnoj\u00edv, prevodovka 1\" width=\"1200\" height=\"800\" title=\"\" srcset=\"https:\/\/fmp-components.com\/wp-content\/uploads\/2024\/12\/PTO-Shafts-for-Agricultural-Fertilizer-Spreader-Gearbox-1.webp 1200w, https:\/\/fmp-components.com\/wp-content\/uploads\/2024\/12\/PTO-Shafts-for-Agricultural-Fertilizer-Spreader-Gearbox-1-980x653.webp 980w, https:\/\/fmp-components.com\/wp-content\/uploads\/2024\/12\/PTO-Shafts-for-Agricultural-Fertilizer-Spreader-Gearbox-1-480x320.webp 480w\" sizes=\"(min-width: 0px) and (max-width: 480px) 480px, (min-width: 481px) and (max-width: 980px) 980px, (min-width: 981px) 1200px, 100vw\" \/><\/p>\n<h3>O FMP<\/h3>\n<p>Spolo\u010dnos\u0165 FMP so s\u00eddlom v Taliansku je popredn\u00fdm v\u00fdrobcom, ktor\u00fd je celosvetovo uzn\u00e1van\u00fd pre svoje odborn\u00e9 znalosti v oblasti n\u00e1vrhu, v\u00fdvoja a v\u00fdroby vysokov\u00fdkonn\u00fdch prevodoviek, prim\u00e1rne ur\u010den\u00fdch pre sektor po\u013enohospod\u00e1rskych strojov. Spolo\u010dnos\u0165 FMP je zn\u00e1ma svojou oddanos\u0165ou presn\u00e9mu in\u017einierstvu, inov\u00e1ci\u00e1m a bezkonkuren\u010dnej spo\u013eahlivosti a etablovala sa ako d\u00f4veryhodn\u00fd partner v poskytovan\u00ed vynikaj\u00facich produktov, ktor\u00e9 sp\u013a\u0148aj\u00fa vyv\u00edjaj\u00face sa po\u017eiadavky po\u013enohospod\u00e1rskych aj priemyseln\u00fdch trhov. Na\u0161e rozsiahle produktov\u00e9 portf\u00f3lio zah\u0155\u0148a \u0161pecializovan\u00e9 prevodovky pre kosa\u010dky na tr\u00e1vu, v\u00fdvodov\u00e9 hriadele a \u010fal\u0161ie k\u013e\u00fa\u010dov\u00e9 komponenty, pri\u010dom v\u0161etky s\u00fa navrhnut\u00e9 tak, aby pon\u00fakali rie\u0161enia na mieru prisp\u00f4soben\u00e9 \u0161irokej \u0161k\u00e1le aplik\u00e1ci\u00ed.<\/p>\n<p>V spolo\u010dnosti FMP ch\u00e1peme, \u017ee ka\u017ed\u00fd klient m\u00e1 jedine\u010dn\u00e9 v\u00fdzvy a po\u017eiadavky. Preto sa \u0161pecializujeme na pon\u00fakanie rie\u0161en\u00ed na mieru, \u010di u\u017e ide o jednotliv\u00e9 komponenty alebo kompletn\u00e9 integrovan\u00e9 syst\u00e9my. N\u00e1\u0161 kolaborat\u00edvny pr\u00edstup zabezpe\u010duje, \u017ee ka\u017ed\u00e9 rie\u0161enie je efekt\u00edvne a \u00fa\u010dinn\u00e9, zvy\u0161uje v\u00fdkon a optimalizuje hodnotu. So z\u00e1v\u00e4zkom k r\u00fdchlym a profesion\u00e1lnym reakci\u00e1m a odborn\u00e9mu poradenstvu rie\u0161ime ka\u017ed\u00fa po\u017eiadavku s presnos\u0165ou a d\u00f4razom na detail, \u010d\u00edm zabezpe\u010dujeme, aby na\u0161i klienti dostali najvy\u0161\u0161iu \u00farove\u0148 slu\u017eieb a podpory.<\/p>\n<p>Kladieme ve\u013ek\u00fd d\u00f4raz na jasn\u00fa a priebe\u017en\u00fa komunik\u00e1ciu, najm\u00e4 pri v\u00fdvoji nov\u00fdch produktov. N\u00e1\u0161 \u0161pecializovan\u00fd t\u00edm \u00fazko spolupracuje s klientmi, aby pochopil ich \u0161pecifick\u00e9 potreby a pon\u00fakal praktick\u00e9 poznatky, ktor\u00e9 ved\u00fa k najefekt\u00edvnej\u0161\u00edm rie\u0161eniam. \u010ci u\u017e navrhujeme inovat\u00edvne produkty alebo pln\u00edme existuj\u00face objedn\u00e1vky, na\u010falej sa zameriavame na poskytovanie vysokokvalitn\u00fdch, prec\u00edzne navrhnut\u00fdch rie\u0161en\u00ed, ktor\u00e9 s\u00fa dokon\u010den\u00e9 v\u010das a prekon\u00e1vaj\u00fa o\u010dak\u00e1vania.<\/p>\n<p>Jadrom \u010dinnosti spolo\u010dnosti FMP je neochvejn\u00e9 odhodlanie ku kvalite. Dodr\u017eiavame najvy\u0161\u0161ie v\u00fdrobn\u00e9 \u0161tandardy a implementujeme pr\u00edsne postupy kontroly kvality, aby sme zabezpe\u010dili, \u017ee ka\u017ed\u00fd produkt sp\u013a\u0148a alebo prekon\u00e1va priemyseln\u00e9 \u0161tandardy. Na\u0161e ne\u00fanavn\u00e9 zameranie na kvalitu v spojen\u00ed s na\u0161imi z\u00e1kladn\u00fdmi hodnotami integrity, spolupr\u00e1ce a vytrvalosti n\u00e1m pomohlo vybudova\u0165 siln\u00e9 a dlhodob\u00e9 vz\u0165ahy so z\u00e1kazn\u00edkmi vo viac ako 30 krajin\u00e1ch sveta.<\/p>\n<p>Spolo\u010dnos\u0165 FMP je v\u017edy otvoren\u00e1 budovaniu glob\u00e1lnych partnerstiev a zost\u00e1va odhodlan\u00e1 pon\u00faka\u0165 odborn\u00e9 poradenstvo a personalizovan\u00e9 rie\u0161enia, ktor\u00e9 sp\u013a\u0148aj\u00fa rozmanit\u00e9 potreby na\u0161ich klientov. Ideme nad r\u00e1mec jednoduch\u00e9ho dod\u00e1vania produktov \u2013 zameriavame sa na budovanie trval\u00fdch a zmyslupln\u00fdch vz\u0165ahov, ktor\u00e9 s\u00fa hnacou silou \u00faspechu ka\u017ed\u00e9ho projektu. \u010ci u\u017e h\u013ead\u00e1te inovat\u00edvne rie\u0161enia pre nov\u00fa iniciat\u00edvu alebo potrebujete neust\u00e1lu podporu pre existuj\u00faci syst\u00e9m, FMP je tu, aby v\u00e1m pomohla rie\u0161i\u0165 va\u0161e technick\u00e9 v\u00fdzvy a zabezpe\u010di\u0165 v\u00e1\u0161 trval\u00fd \u00faspech.<\/p>\n<p><img loading=\"lazy\" decoding=\"async\" class=\"alignnone size-full wp-image-1861\" src=\"https:\/\/fmp-components.com\/wp-content\/uploads\/2024\/12\/Other-Agricultural-Gearboxes.webp\" sizes=\"(min-width: 0px) and (max-width: 480px) 480px, (min-width: 481px) and (max-width: 980px) 980px, (min-width: 981px) 1200px, 100vw\" srcset=\"https:\/\/fmp-components.com\/wp-content\/uploads\/2024\/12\/Other-Agricultural-Gearboxes.webp 1200w, https:\/\/fmp-components.com\/wp-content\/uploads\/2024\/12\/Other-Agricultural-Gearboxes-980x1143.webp 980w, https:\/\/fmp-components.com\/wp-content\/uploads\/2024\/12\/Other-Agricultural-Gearboxes-480x560.webp 480w\" alt=\"Altri-cambi-agricoli\" width=\"1200\" height=\"1400\" title=\"\"><\/p>\n<p>Autor: CX<\/p>","protected":false},"excerpt":{"rendered":"<p>Specifications of Fertilizer Spreader Gearbox L-25C Input Ratio (i) 1.35 Input Speed (N1 [rpm]) 540 Input Power (P1 [kW]) 9.9 Output Torque (M2 [Nm]) 126 Input Type Z Weight 17 kg Features of Fertilizer Spreader Gearbox Precision Power Distribution The fertilizer spreader gearbox is designed to deliver precise control over the rotation and speed of [&hellip;]<\/p>","protected":false},"featured_media":2156,"comment_status":"open","ping_status":"closed","template":"","meta":{"_et_pb_use_builder":"","_et_pb_old_content":"","_et_gb_content_width":""},"product_brand":[],"product_cat":[54],"product_tag":[],"class_list":{"0":"post-2151","1":"product","2":"type-product","3":"status-publish","4":"has-post-thumbnail","6":"product_cat-fertilizer-spreader-gearbox","8":"first","9":"instock","10":"shipping-taxable","11":"product-type-simple"},"_links":{"self":[{"href":"https:\/\/fmp-components.com\/sk\/wp-json\/wp\/v2\/product\/2151","targetHints":{"allow":["GET"]}}],"collection":[{"href":"https:\/\/fmp-components.com\/sk\/wp-json\/wp\/v2\/product"}],"about":[{"href":"https:\/\/fmp-components.com\/sk\/wp-json\/wp\/v2\/types\/product"}],"replies":[{"embeddable":true,"href":"https:\/\/fmp-components.com\/sk\/wp-json\/wp\/v2\/comments?post=2151"}],"wp:featuredmedia":[{"embeddable":true,"href":"https:\/\/fmp-components.com\/sk\/wp-json\/wp\/v2\/media\/2156"}],"wp:attachment":[{"href":"https:\/\/fmp-components.com\/sk\/wp-json\/wp\/v2\/media?parent=2151"}],"wp:term":[{"taxonomy":"product_brand","embeddable":true,"href":"https:\/\/fmp-components.com\/sk\/wp-json\/wp\/v2\/product_brand?post=2151"},{"taxonomy":"product_cat","embeddable":true,"href":"https:\/\/fmp-components.com\/sk\/wp-json\/wp\/v2\/product_cat?post=2151"},{"taxonomy":"product_tag","embeddable":true,"href":"https:\/\/fmp-components.com\/sk\/wp-json\/wp\/v2\/product_tag?post=2151"}],"curies":[{"name":"pracovn\u00fd list","href":"https:\/\/api.w.org\/{rel}","templated":true}]}}