{"id":2142,"date":"2024-12-30T06:40:20","date_gmt":"2024-12-30T06:40:20","guid":{"rendered":"https:\/\/fmp-components.com\/?page_id=8"},"modified":"2024-12-30T08:07:38","modified_gmt":"2024-12-30T08:07:38","slug":"fertilizer-spreader-gearbox-replacement-of-comer-code-l-150j","status":"publish","type":"product","link":"https:\/\/fmp-components.com\/sk\/product\/fertilizer-spreader-gearbox-replacement-of-comer-code-l-150j\/","title":{"rendered":"Prevodovka rozmetadla hnoj\u00edv \u2013 v\u00fdmena k\u00f3du Comer L-150J"},"content":{"rendered":"<p><img loading=\"lazy\" decoding=\"async\" class=\"size-full wp-image-2146 aligncenter\" src=\"https:\/\/fmp-components.com\/wp-content\/uploads\/2024\/12\/fertilizer-spreader-gearbox-l150j.webp\" alt=\"prevodovka-rozmetadla-hnoj\u00edv-l150j\" width=\"300\" height=\"300\" title=\"\" srcset=\"https:\/\/fmp-components.com\/wp-content\/uploads\/2024\/12\/fertilizer-spreader-gearbox-l150j.webp 300w, https:\/\/fmp-components.com\/wp-content\/uploads\/2024\/12\/fertilizer-spreader-gearbox-l150j-150x150.webp 150w, https:\/\/fmp-components.com\/wp-content\/uploads\/2024\/12\/fertilizer-spreader-gearbox-l150j-12x12.webp 12w, https:\/\/fmp-components.com\/wp-content\/uploads\/2024\/12\/fertilizer-spreader-gearbox-l150j-100x100.webp 100w\" sizes=\"(max-width: 300px) 100vw, 300px\" \/><\/p>\n<table style=\"width: 100%;\" border=\"1\" width=\"100%\" cellspacing=\"0\" cellpadding=\"0\">\n<tbody>\n<tr>\n<th>Technick\u00e9 vlastnosti<\/th>\n<td>Prevodov\u00fd pomer prevodovky FMP-L150J je 1:1,93.<\/td>\n<\/tr>\n<tr>\n<th>Vstupn\u00fd hriade\u013e<\/th>\n<td>okr\u00fahly otvor 1-3\/8\u2033<\/td>\n<\/tr>\n<tr>\n<th>V\u00fdstupn\u00fd hriade\u013e<\/th>\n<td>Ku\u017ee\u013eov\u00e9 dr\u00e1\u017eky, puzdro je potrebn\u00e9 objedna\u0165 samostatne.<\/td>\n<\/tr>\n<tr>\n<th>Hodnotenie prevodovky<\/th>\n<td>60 kon\u00ed pri 540 ot\u00e1\u010dkach za min\u00fatu<\/td>\n<\/tr>\n<tr>\n<th>Rot\u00e1cia<\/th>\n<td>CCW (proti smeru hodinov\u00fdch ru\u010di\u010diek)<\/td>\n<\/tr>\n<tr>\n<th>Kompatibilita<\/th>\n<td>Vhodn\u00e9 pre v\u00fdmenu rota\u010dn\u00fdch fr\u00e9z Comer<\/td>\n<\/tr>\n<tr>\n<th>Mont\u00e1\u017eny vzor<\/th>\n<td>203,2 mm<\/td>\n<\/tr>\n<tr>\n<th>Aplik\u00e1cia<\/th>\n<td>Hnojiv\u00e1<\/td>\n<\/tr>\n<tr>\n<th>Materi\u00e1l tela<\/th>\n<td>Hlin\u00edk<\/td>\n<\/tr>\n<tr>\n<th>Vstupn\u00e1 \u0161achta<\/th>\n<td>PT \u03a635\/Z6 (1 3\/8\u2033 z6)<\/td>\n<\/tr>\n<tr>\n<th>V\u00fdchodov\u00e1 \u0161achta<\/th>\n<td>\u03a625 mm s dvoma zvisl\u00fdmi otvormi. Dr\u00e1\u017eka pre k\u013e\u00fa\u010d nie je k dispoz\u00edcii.<\/td>\n<\/tr>\n<tr>\n<th>Vstupn\u00fd v\u00fdkon pri 540 ot.\/min.<\/th>\n<td>8 kW<\/td>\n<\/tr>\n<tr>\n<th>Mazanie<\/th>\n<td>Mazivo. Nie je s\u00fa\u010das\u0165ou balenia.<\/td>\n<\/tr>\n<\/tbody>\n<\/table>\n<p><img loading=\"lazy\" decoding=\"async\" class=\"alignnone size-full wp-image-2145\" src=\"https:\/\/fmp-components.com\/wp-content\/uploads\/2024\/12\/fertilizer-spreader-gearbox-specifications-l150j.webp\" alt=\"\u0161pecifik\u00e1cie prevodovky rozmetadla hnoj\u00edv L150J\" width=\"971\" height=\"619\" title=\"\" srcset=\"https:\/\/fmp-components.com\/wp-content\/uploads\/2024\/12\/fertilizer-spreader-gearbox-specifications-l150j.webp 971w, https:\/\/fmp-components.com\/wp-content\/uploads\/2024\/12\/fertilizer-spreader-gearbox-specifications-l150j-480x306.webp 480w\" sizes=\"(min-width: 0px) and (max-width: 480px) 480px, (min-width: 481px) 971px, 100vw\" \/><\/p>\n<table style=\"width: 100.459%; height: 116px;\" border=\"1\">\n<tbody>\n<tr>\n<td rowspan=\"2\"><strong>N<sub>1<\/sub>[ot.\/min.]<\/strong><\/td>\n<td rowspan=\"2\"><strong>P<sub>1<\/sub>[kW]<\/strong><\/td>\n<td rowspan=\"2\"><strong>M<sub>2<\/sub>[Nm]<\/strong><\/td>\n<td><strong>Typ hriade\u013ea<\/strong><\/td>\n<td><strong>\u00a0<\/strong><\/td>\n<td rowspan=\"2\"><strong>Vstup<\/strong><\/td>\n<\/tr>\n<tr>\n<td><strong>X<\/strong><\/td>\n<td><strong>Z<\/strong><\/td>\n<\/tr>\n<tr>\n<td>540<\/td>\n<td>8.0<\/td>\n<td>137<\/td>\n<td>\u03a625<\/td>\n<td>1\u201d 3\/8 Z6<\/td>\n<td>Z<\/td>\n<\/tr>\n<tr>\n<td>540<\/td>\n<td>8.0<\/td>\n<td>137<\/td>\n<td>\u03a625<\/td>\n<td>\u03a625<\/td>\n<td>Z<\/td>\n<\/tr>\n<tr>\n<td>540<\/td>\n<td>8.0<\/td>\n<td>137<\/td>\n<td>\u03a63\/4\u201d<\/td>\n<td>\u03a63\/4\u201d<\/td>\n<td>Z<\/td>\n<\/tr>\n<\/tbody>\n<\/table>\n<h3>K\u013abov\u00e9 hriadele pre prevodovku rozmetadla hnoj\u00edv<\/h3>\n<p>K\u013abov\u00e9 hriadele pre prevodovky rozmetadiel hnoj\u00edv zohr\u00e1vaj\u00fa k\u013e\u00fa\u010dov\u00fa \u00falohu pri prenose v\u00fdkonu z traktora do prevodovky, \u010d\u00edm zabezpe\u010duj\u00fa efekt\u00edvnu prev\u00e1dzku rozmetadla. Tieto hriadele s\u00fa navrhnut\u00e9 pre vysokov\u00fdkonn\u00e9 aplik\u00e1cie a s\u00fa skon\u0161truovan\u00e9 tak, aby odolali n\u00e1ro\u010dn\u00fdm po\u017eiadavk\u00e1m na rozmetanie hnoj\u00edv na po\u013enohospod\u00e1rskych poliach. V\u010faka robustnej kon\u0161trukcii a presn\u00e9mu spracovaniu poskytuj\u00fa k\u013abov\u00e9 hriadele spo\u013eahliv\u00fd prenos v\u00fdkonu, \u010do prispieva k plynulej a konzistentnej prev\u00e1dzke rozmetadla hnoj\u00edv.<\/p>\n<p>Kon\u0161trukcia v\u00fdvodov\u00fdch hriade\u013eov pre prevodovky rozmetadiel hnoj\u00edv obsahuje prvky, ktor\u00e9 zvy\u0161uj\u00fa odolnos\u0165 a jednoduchos\u0165 pou\u017e\u00edvania. Tieto hriadele s\u00fa vybaven\u00e9 univerz\u00e1lnymi k\u013abmi, ktor\u00e9 umo\u017e\u0148uj\u00fa flexibilitu a plynul\u00fd rota\u010dn\u00fd pohyb, pri\u010dom sa prisp\u00f4sobuj\u00fa r\u00f4znym uhlom a pohybu medzi traktorom a rozmetadlom. Hriadele s\u00fa tie\u017e navrhnut\u00e9 tak, aby zvl\u00e1dli kr\u00fatiaci moment a nam\u00e1hanie generovan\u00e9 po\u010das n\u00e1ro\u010dnej prev\u00e1dzky, \u010d\u00edm sa zabezpe\u010duje dlhodob\u00e1 spo\u013eahlivos\u0165 aj v n\u00e1ro\u010dn\u00fdch podmienkach.<\/p>\n<p>K\u013abov\u00e9 hriadele FMP pre prevodovky rozmetadiel hnoj\u00edv s\u00fa dostupn\u00e9 v r\u00f4znych konfigur\u00e1ci\u00e1ch, aby vyhovovali r\u00f4znym modelom a po\u017eiadavk\u00e1m strojov. \u010ci u\u017e potrebujete \u0161tandardn\u00e9 hriadele alebo rie\u0161enia na mieru, FMP poskytuje k\u013abov\u00e9 hriadele, ktor\u00e9 s\u00fa kompatibiln\u00e9 so \u0161irokou \u0161k\u00e1lou po\u013enohospod\u00e1rskych strojov. Tieto hriadele s\u00fa skon\u0161truovan\u00e9 pre bezprobl\u00e9mov\u00fa integr\u00e1ciu s prevodovkami rozmetadiel hnoj\u00edv, \u010d\u00edm sa zabezpe\u010duje optim\u00e1lny v\u00fdkon a minimalizuj\u00fa sa prestoje po\u010das po\u013en\u00fdch pr\u00e1c.<\/p>\n<p>Bezpe\u010dnos\u0165 a jednoduch\u00e1 \u00fadr\u017eba s\u00fa tie\u017e k\u013e\u00fa\u010dov\u00fdmi faktormi pri kon\u0161trukcii t\u00fdchto kardanov\u00fdch hriade\u013eov. Ka\u017ed\u00fd hriade\u013e je vyroben\u00fd s prvkami, ktor\u00e9 u\u013eah\u010duj\u00fa jeho in\u0161tal\u00e1ciu, v\u00fdmenu a \u00fadr\u017ebu, \u010d\u00edm sa skracuje \u010das potrebn\u00fd na \u00fadr\u017ebu a opravy. Okrem toho s\u00fa hriadele vybaven\u00e9 bezpe\u010dnostn\u00fdmi prvkami, ako s\u00fa \u0161t\u00edty a ochrann\u00e9 kryty, ktor\u00e9 chr\u00e1nia obsluhu pred potenci\u00e1lnymi nebezpe\u010denstvami po\u010das prev\u00e1dzky.<\/p>\n<p>Stru\u010dne povedan\u00e9, v\u00fdvodov\u00e9 hriadele pre prevodovky rozmetadiel hnoj\u00edv s\u00fa z\u00e1kladn\u00fdmi komponentmi, ktor\u00e9 zabezpe\u010duj\u00fa efekt\u00edvny prenos v\u00fdkonu z traktora na rozmetadlo hnoj\u00edv. V\u00fdvodov\u00e9 hriadele FMP pon\u00fakaj\u00fa v\u00fdnimo\u010dn\u00fd v\u00fdkon, odolnos\u0165 a jednoduch\u00e9 pou\u017e\u00edvanie, \u010do pom\u00e1ha po\u013enohospod\u00e1rskym oper\u00e1torom dosiahnu\u0165 konzistentn\u00e9 a efekt\u00edvne rozmetanie hnoj\u00edv, \u010do je rozhoduj\u00face pre optim\u00e1lny rast plod\u00edn a produktivitu po\u013enohospod\u00e1rskych podnikov.<\/p>\n<p><img loading=\"lazy\" decoding=\"async\" class=\"alignnone size-full wp-image-2170\" src=\"https:\/\/fmp-components.com\/wp-content\/uploads\/2024\/12\/PTO-Shafts-for-Agricultural-Fertilizer-Spreader-Gearbox-2.webp\" alt=\"V\u00fdvodov\u00e9 hriadele pre rozmetadlo po\u013enohospod\u00e1rskych hnoj\u00edv, prevodovka 2\" width=\"1200\" height=\"800\" title=\"\" srcset=\"https:\/\/fmp-components.com\/wp-content\/uploads\/2024\/12\/PTO-Shafts-for-Agricultural-Fertilizer-Spreader-Gearbox-2.webp 1200w, https:\/\/fmp-components.com\/wp-content\/uploads\/2024\/12\/PTO-Shafts-for-Agricultural-Fertilizer-Spreader-Gearbox-2-980x653.webp 980w, https:\/\/fmp-components.com\/wp-content\/uploads\/2024\/12\/PTO-Shafts-for-Agricultural-Fertilizer-Spreader-Gearbox-2-480x320.webp 480w\" sizes=\"(min-width: 0px) and (max-width: 480px) 480px, (min-width: 481px) and (max-width: 980px) 980px, (min-width: 981px) 1200px, 100vw\" \/><\/p>\n<h3>O FMP<\/h3>\n<p>Spolo\u010dnos\u0165 FMP so s\u00eddlom v Taliansku je popredn\u00fdm v\u00fdrobcom zn\u00e1mym svojimi odborn\u00fdmi znalos\u0165ami v oblasti n\u00e1vrhu, v\u00fdvoja a v\u00fdroby vysokov\u00fdkonn\u00fdch prevodoviek so zameran\u00edm na sektor po\u013enohospod\u00e1rskych strojov. V\u010faka reput\u00e1cii v oblasti presn\u00e9ho in\u017einierstva, inovat\u00edvnych rie\u0161en\u00ed a neochvejnej spo\u013eahlivosti sa spolo\u010dnos\u0165 FMP stala d\u00f4veryhodn\u00fdm partnerom pri rie\u0161en\u00ed vyv\u00edjaj\u00facich sa potrieb po\u013enohospod\u00e1rskeho aj priemyseln\u00e9ho sektora. N\u00e1\u0161 rozmanit\u00fd sortiment produktov zah\u0155\u0148a \u0161pecializovan\u00e9 prevodovky pre kosa\u010dky na tr\u00e1vu, v\u00fdvodov\u00e9 hriadele a \u010fal\u0161ie d\u00f4le\u017eit\u00e9 komponenty, pri\u010dom v\u0161etky s\u00fa starostlivo navrhnut\u00e9 tak, aby poskytovali rie\u0161enia na mieru v \u0161irokom spektre aplik\u00e1ci\u00ed.<\/p>\n<p>V spolo\u010dnosti FMP ch\u00e1peme, \u017ee ka\u017ed\u00fd klient m\u00e1 jedine\u010dn\u00e9 po\u017eiadavky a v\u00fdzvy. Preto sa \u0161pecializujeme na pon\u00fakanie rie\u0161en\u00ed na mieru, \u010di u\u017e ide o jednotliv\u00e9 komponenty alebo plne integrovan\u00e9 syst\u00e9my. \u00dazko spolupracujeme s na\u0161imi z\u00e1kazn\u00edkmi, aby sme zabezpe\u010dili, \u017ee ka\u017ed\u00e9 rie\u0161enie je nielen efekt\u00edvne, ale aj \u00fa\u010dinn\u00e9, optimalizuj\u00fac v\u00fdkon aj hodnotu. N\u00e1\u0161 z\u00e1v\u00e4zok poskytova\u0165 r\u00fdchle a profesion\u00e1lne odpovede spolu s odborn\u00fdm poradenstvom zabezpe\u010duje, \u017ee s ka\u017edou po\u017eiadavkou sa zaobch\u00e1dza s maxim\u00e1lnou starostlivos\u0165ou a presnos\u0165ou, \u010do vedie k najlep\u0161\u00edm mo\u017en\u00fdm v\u00fdsledkom.<\/p>\n<p>Uprednost\u0148ujeme otvoren\u00fa a nepretr\u017eit\u00fa komunik\u00e1ciu po\u010das cel\u00e9ho procesu v\u00fdvoja produktu. N\u00e1\u0161 \u0161pecializovan\u00fd t\u00edm spolupracuje priamo s klientmi, aby plne pochopil ich \u0161pecifick\u00e9 potreby a pon\u00faka cenn\u00e9 poznatky a odpor\u00fa\u010dania na zabezpe\u010denie optim\u00e1lnych rie\u0161en\u00ed. \u010ci u\u017e navrhujeme inovat\u00edvne produkty alebo pln\u00edme prebiehaj\u00face objedn\u00e1vky, spolo\u010dnos\u0165 FMP sa zav\u00e4zuje dod\u00e1va\u0165 vysokokvalitn\u00e9, prec\u00edzne navrhnut\u00e9 rie\u0161enia v\u010das a v\u017edy. Na\u0161\u00edm cie\u013eom je poskytova\u0165 klientom tie najlep\u0161ie slu\u017eby a v\u00fdsledky, ktor\u00e9 pri ka\u017edom projekte prekon\u00e1vaj\u00fa o\u010dak\u00e1vania.<\/p>\n<p>Kvalita je z\u00e1kladn\u00fdm kame\u0148om prev\u00e1dzky spolo\u010dnosti FMP. Dodr\u017eiavame najvy\u0161\u0161ie v\u00fdrobn\u00e9 \u0161tandardy a zav\u00e1dzame pr\u00edsne opatrenia na kontrolu kvality, aby sme zabezpe\u010dili, \u017ee ka\u017ed\u00fd produkt nielen sp\u013a\u0148a, ale aj prekon\u00e1va priemyseln\u00e9 \u0161tandardy. Tento neochvejn\u00fd z\u00e1v\u00e4zok ku kvalite v kombin\u00e1cii s na\u0161imi z\u00e1kladn\u00fdmi hodnotami integrity, t\u00edmovej pr\u00e1ce a vytrvalosti n\u00e1m umo\u017enil vybudova\u0165 si dlhodob\u00e9 vz\u0165ahy zalo\u017een\u00e9 na d\u00f4vere s klientmi v takmer 30 krajin\u00e1ch sveta.<\/p>\n<p>Spolo\u010dnos\u0165 FMP je v\u017edy otvoren\u00e1 podpore glob\u00e1lnych partnerstiev a na\u010falej sa venuje poskytovaniu odborn\u00e9ho poradenstva a rie\u0161en\u00ed na mieru, ktor\u00e9 sp\u013a\u0148aj\u00fa rozmanit\u00e9 potreby na\u0161ich klientov. Ideme nad r\u00e1mec len dod\u00e1vania produktov; sna\u017e\u00edme sa budova\u0165 trval\u00e9 vz\u0165ahy, ktor\u00e9 prispievaj\u00fa k \u00faspechu ka\u017ed\u00e9ho projektu. \u010ci u\u017e potrebujete inovat\u00edvne rie\u0161enia pre nov\u00fa iniciat\u00edvu alebo priebe\u017en\u00fa podporu pre existuj\u00faci syst\u00e9m, FMP je tu, aby sa vysporiadala s va\u0161imi technick\u00fdmi v\u00fdzvami a zabezpe\u010dila v\u00e1\u0161 trval\u00fd \u00faspech.<\/p>\n<p><img loading=\"lazy\" decoding=\"async\" class=\"alignnone size-full wp-image-1861\" src=\"https:\/\/fmp-components.com\/wp-content\/uploads\/2024\/12\/Other-Agricultural-Gearboxes.webp\" sizes=\"(min-width: 0px) and (max-width: 480px) 480px, (min-width: 481px) and (max-width: 980px) 980px, (min-width: 981px) 1200px, 100vw\" srcset=\"https:\/\/fmp-components.com\/wp-content\/uploads\/2024\/12\/Other-Agricultural-Gearboxes.webp 1200w, https:\/\/fmp-components.com\/wp-content\/uploads\/2024\/12\/Other-Agricultural-Gearboxes-980x1143.webp 980w, https:\/\/fmp-components.com\/wp-content\/uploads\/2024\/12\/Other-Agricultural-Gearboxes-480x560.webp 480w\" alt=\"Altri-cambi-agricoli\" width=\"1200\" height=\"1400\" title=\"\"><\/p>\n<p>Autor: CX<\/p>","protected":false},"excerpt":{"rendered":"<p>Technical Features The FMP-L150J gearbox ratio is 1:1.93. Input Shaft 1-3\/8&#8243; round bore Output Shaft Tapered splines, bushing must be ordered separately. Gearbox Rating 60 hp at 540 rpm Rotation CCW (Counter-clockwise) Compatibility Fits Replacement of Comer Rotary Cutters Mounting Pattern 203.2 mm Application Fertilizers Body Material Aluminum Entry Shaft \u03a1\u03a4\u039f \u03a635\/\u03966 (1 3\/8&#8243; z6) [&hellip;]<\/p>","protected":false},"featured_media":2147,"comment_status":"open","ping_status":"closed","template":"","meta":{"_et_pb_use_builder":"","_et_pb_old_content":"","_et_gb_content_width":""},"product_brand":[],"product_cat":[54],"product_tag":[],"class_list":{"0":"post-2142","1":"product","2":"type-product","3":"status-publish","4":"has-post-thumbnail","6":"product_cat-fertilizer-spreader-gearbox","8":"first","9":"instock","10":"shipping-taxable","11":"product-type-simple"},"_links":{"self":[{"href":"https:\/\/fmp-components.com\/sk\/wp-json\/wp\/v2\/product\/2142","targetHints":{"allow":["GET"]}}],"collection":[{"href":"https:\/\/fmp-components.com\/sk\/wp-json\/wp\/v2\/product"}],"about":[{"href":"https:\/\/fmp-components.com\/sk\/wp-json\/wp\/v2\/types\/product"}],"replies":[{"embeddable":true,"href":"https:\/\/fmp-components.com\/sk\/wp-json\/wp\/v2\/comments?post=2142"}],"wp:featuredmedia":[{"embeddable":true,"href":"https:\/\/fmp-components.com\/sk\/wp-json\/wp\/v2\/media\/2147"}],"wp:attachment":[{"href":"https:\/\/fmp-components.com\/sk\/wp-json\/wp\/v2\/media?parent=2142"}],"wp:term":[{"taxonomy":"product_brand","embeddable":true,"href":"https:\/\/fmp-components.com\/sk\/wp-json\/wp\/v2\/product_brand?post=2142"},{"taxonomy":"product_cat","embeddable":true,"href":"https:\/\/fmp-components.com\/sk\/wp-json\/wp\/v2\/product_cat?post=2142"},{"taxonomy":"product_tag","embeddable":true,"href":"https:\/\/fmp-components.com\/sk\/wp-json\/wp\/v2\/product_tag?post=2142"}],"curies":[{"name":"pracovn\u00fd list","href":"https:\/\/api.w.org\/{rel}","templated":true}]}}