{"id":2101,"date":"2024-12-30T03:47:55","date_gmt":"2024-12-30T03:47:55","guid":{"rendered":"https:\/\/fmp-components.com\/?page_id=8"},"modified":"2024-12-30T05:08:43","modified_gmt":"2024-12-30T05:08:43","slug":"rotary-tiller-gearboxes-replacement-of-comer-code-tb-278c","status":"publish","type":"product","link":"https:\/\/fmp-components.com\/sk\/product\/rotary-tiller-gearboxes-replacement-of-comer-code-tb-278c\/","title":{"rendered":"Prevodovky rota\u010dn\u00e9ho kultiv\u00e1tora \u2013 v\u00fdmena k\u00f3du Comer TB-278C"},"content":{"rendered":"<table style=\"width: 100%;\" border=\"1\" width=\"100%\" cellspacing=\"0\" cellpadding=\"0\">\n<tbody>\n<tr>\n<td width=\"132\"><img loading=\"lazy\" decoding=\"async\" class=\"alignnone size-full wp-image-2108\" src=\"https:\/\/fmp-components.com\/wp-content\/uploads\/2024\/12\/Rotary-Tiller-Gearbox-Replacement-of-Comer-Code-TB-278C.webp\" alt=\"V\u00fdmena prevodovky rota\u010dn\u00e9ho kultiv\u00e1tora, k\u00f3d Comer TB-278C\" width=\"600\" height=\"600\" title=\"\" srcset=\"https:\/\/fmp-components.com\/wp-content\/uploads\/2024\/12\/Rotary-Tiller-Gearbox-Replacement-of-Comer-Code-TB-278C.webp 600w, https:\/\/fmp-components.com\/wp-content\/uploads\/2024\/12\/Rotary-Tiller-Gearbox-Replacement-of-Comer-Code-TB-278C-480x480.webp 480w\" sizes=\"(min-width: 0px) and (max-width: 480px) 480px, (min-width: 481px) 600px, 100vw\" \/><\/td>\n<td width=\"138\"><img loading=\"lazy\" decoding=\"async\" class=\"alignnone size-full wp-image-2109\" src=\"https:\/\/fmp-components.com\/wp-content\/uploads\/2024\/12\/Rotary-Tiller-Gearboxes-Replacement-of-Comer-Gearbox-TB-278C.webp\" alt=\"V\u00fdmena prevodoviek rota\u010dn\u00e9ho kultiv\u00e1tora Comer TB-278C\" width=\"600\" height=\"600\" title=\"\" srcset=\"https:\/\/fmp-components.com\/wp-content\/uploads\/2024\/12\/Rotary-Tiller-Gearboxes-Replacement-of-Comer-Gearbox-TB-278C.webp 600w, https:\/\/fmp-components.com\/wp-content\/uploads\/2024\/12\/Rotary-Tiller-Gearboxes-Replacement-of-Comer-Gearbox-TB-278C-480x480.webp 480w\" sizes=\"(min-width: 0px) and (max-width: 480px) 480px, (min-width: 481px) 600px, 100vw\" \/><\/td>\n<\/tr>\n<\/tbody>\n<\/table>\n<h2>\u0160pecifik\u00e1cie prevodovky rota\u010dn\u00e9ho kultiv\u00e1tora TB-278C<\/h2>\n<table style=\"width: 100%;\" border=\"1\" width=\"100%\" cellspacing=\"0\" cellpadding=\"0\">\n<tbody>\n<tr style=\"height: 23px;\">\n<td style=\"height: 46px;\" rowspan=\"2\" width=\"132\"><img loading=\"lazy\" decoding=\"async\" class=\"alignnone size-full wp-image-2107\" src=\"https:\/\/fmp-components.com\/wp-content\/uploads\/2024\/12\/Specifications-of-Rotary-Tiller-Gearbox-TB-278C.webp\" alt=\"\u0160pecifik\u00e1cie prevodovky rota\u010dn\u00e9ho kultiv\u00e1tora TB-278C\" width=\"600\" height=\"420\" title=\"\" srcset=\"https:\/\/fmp-components.com\/wp-content\/uploads\/2024\/12\/Specifications-of-Rotary-Tiller-Gearbox-TB-278C.webp 600w, https:\/\/fmp-components.com\/wp-content\/uploads\/2024\/12\/Specifications-of-Rotary-Tiller-Gearbox-TB-278C-480x336.webp 480w\" sizes=\"(min-width: 0px) and (max-width: 480px) 480px, (min-width: 481px) 600px, 100vw\" \/><\/td>\n<td style=\"height: 23px;\" width=\"138\"><img loading=\"lazy\" decoding=\"async\" class=\"alignnone size-full wp-image-2106\" src=\"https:\/\/fmp-components.com\/wp-content\/uploads\/2024\/12\/Specifications-of-Rotary-Tiller-Gearbox-TB-278C-1.webp\" alt=\"\u0160pecifik\u00e1cie prevodovky rota\u010dn\u00e9ho kultiv\u00e1tora TB-278C-1\" width=\"600\" height=\"198\" title=\"\" srcset=\"https:\/\/fmp-components.com\/wp-content\/uploads\/2024\/12\/Specifications-of-Rotary-Tiller-Gearbox-TB-278C-1.webp 600w, https:\/\/fmp-components.com\/wp-content\/uploads\/2024\/12\/Specifications-of-Rotary-Tiller-Gearbox-TB-278C-1-480x158.webp 480w\" sizes=\"(min-width: 0px) and (max-width: 480px) 480px, (min-width: 481px) 600px, 100vw\" \/><\/td>\n<\/tr>\n<tr style=\"height: 23px;\">\n<td style=\"height: 23px;\"><img loading=\"lazy\" decoding=\"async\" class=\"alignnone size-full wp-image-2105\" src=\"https:\/\/fmp-components.com\/wp-content\/uploads\/2024\/12\/Specifications-of-Rotary-Tiller-Gearbox-TB-278C-2.webp\" alt=\"\u0160pecifik\u00e1cie prevodovky rota\u010dn\u00e9ho kultiv\u00e1tora TB-278C-2\" width=\"600\" height=\"298\" title=\"\" srcset=\"https:\/\/fmp-components.com\/wp-content\/uploads\/2024\/12\/Specifications-of-Rotary-Tiller-Gearbox-TB-278C-2.webp 600w, https:\/\/fmp-components.com\/wp-content\/uploads\/2024\/12\/Specifications-of-Rotary-Tiller-Gearbox-TB-278C-2-480x238.webp 480w\" sizes=\"(min-width: 0px) and (max-width: 480px) 480px, (min-width: 481px) 600px, 100vw\" \/><\/td>\n<\/tr>\n<\/tbody>\n<\/table>\n<p>&nbsp;<\/p>\n<table class=\"kh-1xzm1su\" border=\"1\" cellspacing=\"0\" cellpadding=\"0\" data-intent=\"lists-product-attributes\" data-test-id=\"attributes-list\">\n<tbody class=\"kh-1ago99h\">\n<tr id=\"attLongDescription\" class=\"kh-bwvum6\">\n<th class=\"kh-10oizfy\">Popis<\/th>\n<td class=\"kh-1f5nhat\">\n<div class=\"kh-pkx4zo\">Prevodovky rota\u010dn\u00e9ho kultiv\u00e1tora \u2013 v\u00fdmena prevodovky Comer TB-278C<\/div>\n<\/td>\n<\/tr>\n<tr id=\"attApplicationRange\" class=\"kh-bwvum6\">\n<th class=\"kh-10oizfy\">Aplik\u00e1cia<\/th>\n<td class=\"kh-1f5nhat\">\n<ul>\n<li class=\"kh-16zd49f\">R\u00f4zne (po\u013enohospod\u00e1rske) aplik\u00e1cie<\/li>\n<li class=\"kh-16zd49f\">Kosa\u010dky<\/li>\n<li class=\"kh-16zd49f\">Viacriadkov\u00e9 rota\u010dn\u00e9 kultiv\u00e1tory<\/li>\n<\/ul>\n<\/td>\n<\/tr>\n<tr id=\"attConsistsOf\" class=\"kh-bwvum6\">\n<th class=\"kh-10oizfy\">Pozost\u00e1va z<\/th>\n<td class=\"kh-1f5nhat\">\n<ul>\n<li class=\"kh-16zd49f\">Prevodovka<\/li>\n<li class=\"kh-16zd49f\">Bez oleja<\/li>\n<\/ul>\n<\/td>\n<\/tr>\n<tr id=\"attTechnicalInformation\" class=\"kh-bwvum6\">\n<th class=\"kh-10oizfy\">Technick\u00e9 inform\u00e1cie<\/th>\n<td class=\"kh-1f5nhat\">\n<ul>\n<li class=\"kh-16zd49f\">Ak m\u00e1te ak\u00e9ko\u013evek ot\u00e1zky t\u00fdkaj\u00face sa v\u00fdkonu pri r\u00f4znych r\u00fdchlostiach, nev\u00e1hajte n\u00e1s kontaktova\u0165.<\/li>\n<li class=\"kh-16zd49f\">Pri prvom pou\u017eit\u00ed vyme\u0148te olej po 50 prev\u00e1dzkov\u00fdch hodin\u00e1ch.<\/li>\n<\/ul>\n<\/td>\n<\/tr>\n<tr id=\"taMaxOutputTorqueDaNm\" class=\"kh-bwvum6\">\n<th class=\"kh-10oizfy\">Maxim\u00e1lny v\u00fdstupn\u00fd kr\u00fatiaci moment<\/th>\n<td class=\"kh-1f5nhat\">\n<div class=\"kh-pkx4zo\">100,8 daNm<\/div>\n<\/td>\n<\/tr>\n<tr id=\"taContainsOil\" class=\"kh-bwvum6\">\n<th class=\"kh-10oizfy\">Obsahuje olej<\/th>\n<td class=\"kh-1f5nhat\">\n<div class=\"kh-pkx4zo\">Nie<\/div>\n<\/td>\n<\/tr>\n<tr id=\"taMaxOilCapacityL\" class=\"kh-bwvum6\">\n<th class=\"kh-10oizfy\">Maxim\u00e1lny objem oleja<\/th>\n<td class=\"kh-1f5nhat\">\n<div class=\"kh-pkx4zo\">1,6 l<\/div>\n<\/td>\n<\/tr>\n<tr id=\"taMaxOilChangeIntervalH\" class=\"kh-bwvum6\">\n<th class=\"kh-10oizfy\">Maxim\u00e1lny interval v\u00fdmeny oleja<\/th>\n<td class=\"kh-1f5nhat\">\n<div class=\"kh-pkx4zo\">500 hod\u00edn<\/div>\n<\/td>\n<\/tr>\n<tr id=\"taOilSAEViscosityGrade\" class=\"kh-bwvum6\">\n<th class=\"kh-10oizfy\">Stupe\u0148 viskozity oleja SAE<\/th>\n<td class=\"kh-1f5nhat\">\n<div class=\"kh-pkx4zo\">80W-90<\/div>\n<\/td>\n<\/tr>\n<tr id=\"taHousingMaterial_16\" class=\"kh-bwvum6\">\n<th class=\"kh-10oizfy\">Materi\u00e1l krytu<\/th>\n<td class=\"kh-1f5nhat\">\n<div class=\"kh-pkx4zo\">Liatina GG25<\/div>\n<\/td>\n<\/tr>\n<tr id=\"taWeightKg_75\" class=\"kh-bwvum6\">\n<th class=\"kh-10oizfy\">Hmotnos\u0165<\/th>\n<td class=\"kh-1f5nhat\">\n<div class=\"kh-pkx4zo\">24 kg<\/div>\n<\/td>\n<\/tr>\n<tr id=\"taGearArrangementRed\" class=\"kh-bwvum6\">\n<th class=\"kh-10oizfy\">Usporiadanie prevodovky Redukcia<\/th>\n<td class=\"kh-1f5nhat\">\n<div class=\"kh-pkx4zo\">5 &#8211; 6<\/div>\n<\/td>\n<\/tr>\n<tr id=\"taGearRatio\" class=\"kh-bwvum6\">\n<th class=\"kh-10oizfy\">Prevodov\u00fd pomer<\/th>\n<td class=\"kh-1f5nhat\">\n<div class=\"kh-pkx4zo\">1.6:1<\/div>\n<\/td>\n<\/tr>\n<tr id=\"taInputShaftReducing\" class=\"kh-bwvum6\">\n<th class=\"kh-10oizfy\">Vstupn\u00fd hriade\u013e Redukcia<\/th>\n<td class=\"kh-1f5nhat\">\n<div class=\"kh-pkx4zo\">Z<\/div>\n<\/td>\n<\/tr>\n<tr id=\"taNSInputpowerKW-HPR\" class=\"kh-bwvum6\">\n<th class=\"kh-10oizfy\">Vstupn\u00fd v\u00fdkon kW \/ HP Redukcia<\/th>\n<td class=\"kh-1f5nhat\">\n<div class=\"kh-pkx4zo\">36,8 \/ 50 kW\/k<\/div>\n<\/td>\n<\/tr>\n<tr id=\"taRatioIncreasing\" class=\"kh-bwvum6\">\n<th class=\"kh-10oizfy\">Zvy\u0161uj\u00faci sa pomer<\/th>\n<td class=\"kh-1f5nhat\">\n<div class=\"kh-pkx4zo\">1:1,6<\/div>\n<\/td>\n<\/tr>\n<tr id=\"taRatioReducing\" class=\"kh-bwvum6\">\n<th class=\"kh-10oizfy\">Zn\u00ed\u017eenie pomeru<\/th>\n<td class=\"kh-1f5nhat\">\n<div class=\"kh-pkx4zo\">1.6: 1<\/div>\n<\/td>\n<\/tr>\n<tr id=\"taShaftX\" class=\"kh-bwvum6\">\n<th class=\"kh-10oizfy\">Hriade\u013e X<\/th>\n<td class=\"kh-1f5nhat\">\n<div class=\"kh-pkx4zo\">41,45 mm \u0161es\u0165hrann\u00fd (C)<\/div>\n<\/td>\n<\/tr>\n<tr id=\"taShaftZ\" class=\"kh-bwvum6\">\n<th class=\"kh-10oizfy\">Hriade\u013e Z<\/th>\n<td class=\"kh-1f5nhat\">\n<div class=\"kh-pkx4zo\">1 3\/8\u2033 (6) (A)<\/div>\n<\/td>\n<\/tr>\n<\/tbody>\n<\/table>\n<h2>V\u00fdhody prevodovky rota\u010dn\u00e9ho kultiv\u00e1tora TB-278C<\/h2>\n<p>Prevodovka rota\u010dn\u00e9ho kultiv\u00e1tora TB-278C pon\u00faka nieko\u013eko k\u013e\u00fa\u010dov\u00fdch v\u00fdhod pre po\u013enohospod\u00e1rske oper\u00e1cie a poskytuje optim\u00e1lny v\u00fdkon a efektivitu pri obr\u00e1ban\u00ed p\u00f4dy. Tu s\u00fa hlavn\u00e9 v\u00fdhody:<\/p>\n<ol>\n<li>Odolnos\u0165 a spo\u013eahlivos\u0165: Prevodovka TB-278C je skon\u0161truovan\u00e1 tak, aby odolala n\u00e1ro\u010dn\u00fdm podmienkam po\u013enohospod\u00e1rskej pr\u00e1ce. Je vyroben\u00e1 z vysoko kvalitn\u00fdch materi\u00e1lov a je navrhnut\u00e1 pre n\u00e1ro\u010dn\u00e9 pou\u017eitie, \u010do zaru\u010duje dlhodob\u00fa spo\u013eahlivos\u0165 aj v n\u00e1ro\u010dn\u00fdch prev\u00e1dzkov\u00fdch podmienkach. T\u00e1to odolnos\u0165 minimalizuje potrebu opr\u00e1v alebo v\u00fdmen a pon\u00faka n\u00e1kladovo efekt\u00edvny v\u00fdkon v priebehu \u010dasu.<\/li>\n<li>Efekt\u00edvny prenos v\u00fdkonu: Model TB-278C, navrhnut\u00fd na efekt\u00edvny prenos v\u00fdkonu z v\u00fdvodov\u00e9ho hriade\u013ea traktora na rota\u010dn\u00fd kultiv\u00e1tor, zais\u0165uje plynul\u00e9 a efekt\u00edvne obr\u00e1banie p\u00f4dy. Tento efekt\u00edvny prenos v\u00fdkonu optimalizuje v\u00fdkon radl\u00edc kultiv\u00e1tora, \u010do vedie k lep\u0161iemu obr\u00e1baniu p\u00f4dy a zlep\u0161eniu prev\u00e1dzkovej \u00fa\u010dinnosti, \u010di u\u017e pracujete v \u013eahk\u00fdch alebo \u0165a\u017ek\u00fdch p\u00f4dnych podmienkach.<\/li>\n<li>V\u0161estrannos\u0165 a kompatibilita: Prevodovka TB-278C je kompatibiln\u00e1 s r\u00f4znymi modelmi rota\u010dn\u00fdch kultiv\u00e1torov, \u010do poskytuje flexibilitu pre r\u00f4zne typy po\u013enohospod\u00e1rskych strojov. Jej v\u0161estrann\u00e1 kon\u0161trukcia umo\u017e\u0148uje jej pou\u017eitie v r\u00f4znych aplik\u00e1ci\u00e1ch, od mal\u00fdch z\u00e1hradk\u00e1r\u010den\u00ed a\u017e po ve\u013ek\u00e9 po\u013enohospod\u00e1rske prev\u00e1dzky, v\u010faka \u010domu je cenn\u00fdm pr\u00ednosom v r\u00f4znych po\u013enohospod\u00e1rskych prostrediach.<\/li>\n<li>Zn\u00ed\u017een\u00e1 spotreba paliva: Optimaliz\u00e1ciou prenosu v\u00fdkonu a zn\u00ed\u017een\u00edm zbyto\u010dn\u00fdch str\u00e1t energie pom\u00e1ha prevodovka TB-278C zlep\u0161i\u0165 spotrebu paliva. To vedie k ni\u017e\u0161\u00edm prev\u00e1dzkov\u00fdm n\u00e1kladom, preto\u017ee traktor spotrebuje menej paliva na vykonanie rovnak\u00e9ho mno\u017estva pr\u00e1ce. Zv\u00fd\u0161en\u00e1 spotreba paliva tie\u017e prispieva k celkovej environment\u00e1lnej udr\u017eate\u013enosti zn\u00ed\u017een\u00edm emisi\u00ed.<\/li>\n<li>Jednoduch\u00e1 \u00fadr\u017eba a dlh\u00e1 \u017eivotnos\u0165: V\u010faka u\u017e\u00edvate\u013esky pr\u00edvetiv\u00e9mu dizajnu vy\u017eaduje prevodovka TB-278C minim\u00e1lnu \u00fadr\u017ebu, \u010do \u010falej predl\u017euje jej dlh\u00fa \u017eivotnos\u0165. Pravideln\u00e1 \u00fadr\u017eba je jednoduch\u00e1 a prevodovka je navrhnut\u00e1 tak, aby fungovala s minim\u00e1lnym opotreben\u00edm, \u010d\u00edm sa zabezpe\u010d\u00ed, \u017ee po\u010das celej jej \u017eivotnosti bude na\u010falej poskytova\u0165 \u0161pi\u010dkov\u00fd v\u00fdkon. V\u010faka tomu je spo\u013eahlivou vo\u013ebou pre po\u013enohospod\u00e1rov, ktor\u00ed h\u013eadaj\u00fa nen\u00e1ro\u010dn\u00e9 na \u00fadr\u017ebu a vysok\u00fd v\u00fdkon.<\/li>\n<\/ol>\n<p>Celkovo je prevodovka TB-278C v\u0161estrann\u00fdm, spo\u013eahliv\u00fdm a cenovo v\u00fdhodn\u00fdm rie\u0161en\u00edm pre rota\u010dn\u00fa orbu, ktor\u00e9 pon\u00faka cel\u00fd rad v\u00fdhod, ktor\u00e9 zlep\u0161uj\u00fa efektivitu, zni\u017euj\u00fa prev\u00e1dzkov\u00e9 n\u00e1klady a zabezpe\u010duj\u00fa dlhodob\u00fd v\u00fdkon.<\/p>\n<table style=\"width: 100%; height: 463px;\" border=\"1\" width=\"100%\" cellspacing=\"0\" cellpadding=\"0\">\n<tbody>\n<tr style=\"height: 463px;\">\n<td style=\"width: 49.8921%; height: 463px;\" width=\"132\"><img loading=\"lazy\" decoding=\"async\" class=\"alignnone size-full wp-image-2103\" src=\"https:\/\/fmp-components.com\/wp-content\/uploads\/2024\/12\/Where-Are-Rotary-Tiller-Gearboxes-Used-1.webp\" alt=\"Kde sa pou\u017e\u00edvaj\u00fa prevodovky rota\u010dn\u00fdch kultiv\u00e1torov\" width=\"1000\" height=\"1000\" title=\"\" srcset=\"https:\/\/fmp-components.com\/wp-content\/uploads\/2024\/12\/Where-Are-Rotary-Tiller-Gearboxes-Used-1.webp 1000w, https:\/\/fmp-components.com\/wp-content\/uploads\/2024\/12\/Where-Are-Rotary-Tiller-Gearboxes-Used-1-980x980.webp 980w, https:\/\/fmp-components.com\/wp-content\/uploads\/2024\/12\/Where-Are-Rotary-Tiller-Gearboxes-Used-1-480x480.webp 480w\" sizes=\"(min-width: 0px) and (max-width: 480px) 480px, (min-width: 481px) and (max-width: 980px) 980px, (min-width: 981px) 1000px, 100vw\" \/><\/td>\n<td style=\"width: 49.892%; height: 463px;\" width=\"138\"><img loading=\"lazy\" decoding=\"async\" class=\"alignnone size-full wp-image-2104\" src=\"https:\/\/fmp-components.com\/wp-content\/uploads\/2024\/12\/Where-Are-Rotary-Tiller-Gearboxes-Used-2.webp\" alt=\"Kde sa pou\u017e\u00edvaj\u00fa prevodovky rota\u010dn\u00fdch kultiv\u00e1torov\" width=\"1000\" height=\"1000\" title=\"\" srcset=\"https:\/\/fmp-components.com\/wp-content\/uploads\/2024\/12\/Where-Are-Rotary-Tiller-Gearboxes-Used-2.webp 1000w, https:\/\/fmp-components.com\/wp-content\/uploads\/2024\/12\/Where-Are-Rotary-Tiller-Gearboxes-Used-2-980x980.webp 980w, https:\/\/fmp-components.com\/wp-content\/uploads\/2024\/12\/Where-Are-Rotary-Tiller-Gearboxes-Used-2-480x480.webp 480w\" sizes=\"(min-width: 0px) and (max-width: 480px) 480px, (min-width: 481px) and (max-width: 980px) 980px, (min-width: 981px) 1000px, 100vw\" \/><\/td>\n<\/tr>\n<\/tbody>\n<\/table>\n<h2>Kde sa pou\u017e\u00edvaj\u00fa prevodovky rota\u010dn\u00fdch kultiv\u00e1torov?<\/h2>\n<p><strong>Prevodovky rota\u010dn\u00e9ho kultiv\u00e1tora<\/strong> s\u00fa z\u00e1kladn\u00fdmi komponentmi v r\u00f4znych po\u013enohospod\u00e1rskych aplik\u00e1ci\u00e1ch, kde je potrebn\u00e1 pr\u00edprava p\u00f4dy a obr\u00e1banie p\u00f4dy. Tu s\u00fa k\u013e\u00fa\u010dov\u00e9 oblasti, kde sa tieto prevodovky pou\u017e\u00edvaj\u00fa:<\/p>\n<ol>\n<li><strong>Obr\u00e1banie a pr\u00edprava p\u00f4dy<\/strong>Prevodovky rota\u010dn\u00fdch kultiv\u00e1torov sa pou\u017e\u00edvaj\u00fa predov\u0161etk\u00fdm pri obr\u00e1ban\u00ed p\u00f4dy na kyprenie, prevzdu\u0161\u0148ovanie a pr\u00edpravu p\u00f4dy na siatie. Prevodovka pren\u00e1\u0161a v\u00fdkon z v\u00fdvodov\u00e9ho hriade\u013ea traktora na kultiv\u00e1tor, \u010do umo\u017e\u0148uje rotuj\u00facim no\u017eom efekt\u00edvne kypri\u0165 p\u00f4du, \u010d\u00edm sa st\u00e1va kypriacou a obr\u00e1bate\u013enou pre plodiny. To je k\u013e\u00fa\u010dov\u00e9 vo ve\u013ekom po\u013enohospod\u00e1rstve, z\u00e1hradn\u00edctve a ter\u00e9nnych \u00faprav\u00e1ch, preto\u017ee zabezpe\u010duje spr\u00e1vnu pr\u00edpravu p\u00f4dy na siatie semien.<\/li>\n<li><strong>Vy\u010distenie p\u00f4dy a kontrola veget\u00e1cie<\/strong>Tieto prevodovky sa pou\u017e\u00edvaj\u00fa aj pri \u010disten\u00ed p\u00f4dy, kde poh\u00e1\u0148aj\u00fa kultiv\u00e1tory, ktor\u00e9 pom\u00e1haj\u00fa odstra\u0148ova\u0165 ne\u010distoty, burinu a prerasten\u00fa veget\u00e1ciu. Pou\u017eit\u00edm rota\u010dn\u00e9ho kultiv\u00e1tora s prevodovkou m\u00f4\u017eu po\u013enohospod\u00e1ri a z\u00e1hradn\u00edci r\u00fdchlo pripravi\u0165 predt\u00fdm zanedban\u00fa alebo prerasten\u00fa p\u00f4du na po\u013enohospod\u00e1rstvo alebo rozvoj, \u010d\u00edm sa zabezpe\u010d\u00ed lep\u0161ia kontrola nad veget\u00e1ciou a efekt\u00edvnej\u0161ie vyu\u017e\u00edvanie p\u00f4dy.<\/li>\n<li><strong>Striedanie plod\u00edn a prevzdu\u0161\u0148ovanie p\u00f4dy<\/strong>V syst\u00e9moch striedania plod\u00edn pom\u00e1haj\u00fa prevodovky rota\u010dn\u00fdch kultiv\u00e1torov s obr\u00e1ban\u00edm p\u00f4dy medzi r\u00f4znymi sez\u00f3nami v\u00fdsadby, prevzdu\u0161\u0148uj\u00fa p\u00f4du a pom\u00e1haj\u00fa kontrolova\u0165 burinu a \u0161kodcov. Tento proces zlep\u0161uje zdravie p\u00f4dy t\u00fdm, \u017ee zabezpe\u010duje, aby sa vzduch, voda a \u017eiviny mohli \u013eahko dosta\u0165 ku kore\u0148om rastl\u00edn. Pravideln\u00e9 prevzdu\u0161\u0148ovanie p\u00f4dy je nevyhnutn\u00e9 pre maximaliz\u00e1ciu v\u00fdnosov plod\u00edn a udr\u017eanie \u00farodnosti p\u00f4dy v priebehu \u010dasu.<\/li>\n<li><strong>\u00dadr\u017eba vin\u00edc a sadov<\/strong>Prevodovky rota\u010dn\u00fdch kultiv\u00e1torov sa be\u017ene pou\u017e\u00edvaj\u00fa aj vo vinohradoch a sadoch. Pom\u00e1haj\u00fa udr\u017eiava\u0165 p\u00f4du medzi radmi vini\u010da alebo stromov a zabezpe\u010duj\u00fa potrebn\u00e9 orn\u00e9 pohyby, aby p\u00f4da zostala kypr\u00e1 a \u00farodn\u00e1. To zais\u0165uje optim\u00e1lne podmienky pre plodiace rastliny, zvy\u0161uje rast a produktivitu, najm\u00e4 v trval\u00fdch po\u013enohospod\u00e1rskych syst\u00e9moch, ako s\u00fa sady.<\/li>\n<li><strong>Z\u00e1hradn\u00edctvo a z\u00e1hradn\u00edctvo<\/strong>Okrem ve\u013ekov\u00fdroby sa prevodovky rota\u010dn\u00fdch kultiv\u00e1torov \u0161iroko pou\u017e\u00edvaj\u00fa aj v men\u0161\u00edch aplik\u00e1ci\u00e1ch, ako je z\u00e1hradn\u00edctvo a dom\u00e1ce z\u00e1hradk\u00e1r\u010denie. Z\u00e1hradk\u00e1ri, krajin\u00e1ri a \u0161k\u00f4lky sa spoliehaj\u00fa na rota\u010dn\u00e9 kultiv\u00e1tory na pr\u00edpravu z\u00e1honov, vytv\u00e1ranie kvetinov\u00fdch radov a efekt\u00edvne mie\u0161anie p\u00f4dnych hnoj\u00edv, \u010do umo\u017e\u0148uje zdrav\u00fd rast kvetov, zeleniny a in\u00fdch rastl\u00edn.<\/li>\n<\/ol>\n<p>Celkovo zohr\u00e1vaj\u00fa prevodovky rota\u010dn\u00fdch kultiv\u00e1torov d\u00f4le\u017eit\u00fa \u00falohu pri zlep\u0161ovan\u00ed procesov obr\u00e1bania p\u00f4dy vo viacer\u00fdch odvetviach po\u013enohospod\u00e1rstva, krajin\u00e1rstva a z\u00e1hradn\u00edctva, \u010do prispieva k zlep\u0161eniu produktivity, zdravia p\u00f4dy a hospod\u00e1renia s p\u00f4dou.<\/p>\n<p><img loading=\"lazy\" decoding=\"async\" class=\"alignnone size-full wp-image-2102\" src=\"https:\/\/fmp-components.com\/wp-content\/uploads\/2024\/12\/PTO-Shaft-for-Rotary-Tiller-Gearbox.webp\" alt=\"V\u00fdvodov\u00fd hriade\u013e pre prevodovku rota\u010dn\u00e9ho kultiv\u00e1tora\" width=\"1000\" height=\"600\" title=\"\" srcset=\"https:\/\/fmp-components.com\/wp-content\/uploads\/2024\/12\/PTO-Shaft-for-Rotary-Tiller-Gearbox.webp 1000w, https:\/\/fmp-components.com\/wp-content\/uploads\/2024\/12\/PTO-Shaft-for-Rotary-Tiller-Gearbox-980x588.webp 980w, https:\/\/fmp-components.com\/wp-content\/uploads\/2024\/12\/PTO-Shaft-for-Rotary-Tiller-Gearbox-480x288.webp 480w\" sizes=\"(min-width: 0px) and (max-width: 480px) 480px, (min-width: 481px) and (max-width: 980px) 980px, (min-width: 981px) 1000px, 100vw\" \/><\/p>\n<h3>O FMP<\/h3>\n<p>Spolo\u010dnos\u0165 FMP so s\u00eddlom v Taliansku je popredn\u00fdm v\u00fdrobcom zn\u00e1mym svojimi odborn\u00fdmi znalos\u0165ami v oblasti n\u00e1vrhu, v\u00fdvoja a v\u00fdroby vysokov\u00fdkonn\u00fdch prevodoviek, ktor\u00e9 sl\u00fa\u017eia predov\u0161etk\u00fdm odvetviu po\u013enohospod\u00e1rskych strojov. V\u010faka zameraniu na presn\u00e9 in\u017einierstvo, inov\u00e1cie a spo\u013eahlivos\u0165 si spolo\u010dnos\u0165 FMP vybudovala reput\u00e1ciu dod\u00e1vate\u013ea vynikaj\u00facich produktov, ktor\u00e9 sp\u013a\u0148aj\u00fa vyv\u00edjaj\u00face sa potreby po\u013enohospod\u00e1rskeho a priemyseln\u00e9ho sektora. Ich rozsiahly sortiment zah\u0155\u0148a \u0161pecializovan\u00e9 prevodovky pre kosa\u010dky na tr\u00e1vu, v\u00fdvodov\u00e9 hriadele a \u010fal\u0161ie d\u00f4le\u017eit\u00e9 komponenty, pri\u010dom v\u0161etky s\u00fa navrhnut\u00e9 tak, aby pon\u00fakali rie\u0161enia na mieru pre \u0161irok\u00fa \u0161k\u00e1lu aplik\u00e1ci\u00ed.<\/p>\n<p>V spolo\u010dnosti FMP si uvedomujeme, \u017ee ka\u017ed\u00fd z\u00e1kazn\u00edk m\u00e1 jedine\u010dn\u00e9 po\u017eiadavky. Preto sa \u0161pecializujeme na poskytovanie rie\u0161en\u00ed na mieru, \u010di u\u017e ide o jednotliv\u00e9 komponenty alebo plne integrovan\u00e9 syst\u00e9my. \u00dazkou spolupr\u00e1cou so z\u00e1kazn\u00edkmi zabezpe\u010dujeme, aby ka\u017ed\u00e9 rie\u0161enie bolo vysoko efekt\u00edvne a \u00fa\u010dinn\u00e9. N\u00e1\u0161 z\u00e1v\u00e4zok poskytova\u0165 r\u00fdchle a profesion\u00e1lne odpovede a odborn\u00e9 poradenstvo zaru\u010duje, \u017ee ka\u017ed\u00e1 po\u017eiadavka bude spracovan\u00e1 s maxim\u00e1lnou starostlivos\u0165ou a prec\u00edznos\u0165ou.<\/p>\n<p>Kladieme ve\u013ek\u00fd d\u00f4raz na udr\u017eiavanie otvorenej a nepretr\u017eitej komunik\u00e1cie, najm\u00e4 pri v\u00fdvoji produktov. N\u00e1\u0161 \u0161pecializovan\u00fd t\u00edm spolupracuje priamo s klientmi, aby plne pochopil ich potreby a v\u00fdzvy, a pon\u00faka praktick\u00e9 poznatky, ktor\u00e9 ved\u00fa k optim\u00e1lnym rie\u0161eniam. \u010ci u\u017e navrhujeme inovat\u00edvne produkty alebo pln\u00edme existuj\u00face objedn\u00e1vky, spolo\u010dnos\u0165 FMP sa zav\u00e4zuje poskytova\u0165 vysokokvalitn\u00e9, prec\u00edzne navrhnut\u00e9 rie\u0161enia, ktor\u00e9 s\u00fa v\u010dasn\u00e9 a spo\u013eahliv\u00e9.<\/p>\n<p>Jadrom \u010dinnosti spolo\u010dnosti FMP je neochvejn\u00fd z\u00e1v\u00e4zok ku kvalite. Dodr\u017eiavame najvy\u0161\u0161ie v\u00fdrobn\u00e9 \u0161tandardy, \u010d\u00edm zabezpe\u010dujeme, aby ka\u017ed\u00fd produkt sp\u013a\u0148al alebo prekon\u00e1val o\u010dak\u00e1vania odvetvia. V\u010faka pr\u00edsnemu procesu kontroly kvality zabezpe\u010dujeme, aby bol ka\u017ed\u00fd produkt bezchybn\u00fd, \u010do odr\u00e1\u017ea na\u0161e z\u00e1kladn\u00e9 hodnoty integrity, t\u00edmovej pr\u00e1ce a vytrvalosti. Tieto princ\u00edpy n\u00e1m pomohli vybudova\u0165 siln\u00e9 a trval\u00e9 vz\u0165ahy so z\u00e1kazn\u00edkmi v takmer 30 krajin\u00e1ch sveta.<\/p>\n<p>Spolo\u010dnos\u0165 FMP sa venuje podpore dlhodob\u00fdch glob\u00e1lnych partnerstiev a poskytovaniu odborn\u00e9ho poradenstva a rie\u0161en\u00ed na mieru prisp\u00f4soben\u00fdch \u0161pecifick\u00fdm potreb\u00e1m na\u0161ich klientov. Ideme nad r\u00e1mec jednoduchej dod\u00e1vky produktov; zameriavame sa na budovanie trval\u00fdch vz\u0165ahov, ktor\u00e9 prispievaj\u00fa k \u00faspechu ka\u017ed\u00e9ho projektu. \u010ci u\u017e potrebujete nov\u00e9, inovat\u00edvne rie\u0161enia alebo podporu pre existuj\u00faci syst\u00e9m, FMP je tu, aby rie\u0161ila va\u0161e technick\u00e9 v\u00fdzvy a zabezpe\u010dila v\u00e1\u0161 trval\u00fd \u00faspech.<\/p>\n<p><img loading=\"lazy\" decoding=\"async\" class=\"alignnone size-full wp-image-1861\" src=\"https:\/\/fmp-components.com\/wp-content\/uploads\/2024\/12\/Other-Agricultural-Gearboxes.webp\" sizes=\"(min-width: 0px) and (max-width: 480px) 480px, (min-width: 481px) and (max-width: 980px) 980px, (min-width: 981px) 1200px, 100vw\" srcset=\"https:\/\/fmp-components.com\/wp-content\/uploads\/2024\/12\/Other-Agricultural-Gearboxes.webp 1200w, https:\/\/fmp-components.com\/wp-content\/uploads\/2024\/12\/Other-Agricultural-Gearboxes-980x1143.webp 980w, https:\/\/fmp-components.com\/wp-content\/uploads\/2024\/12\/Other-Agricultural-Gearboxes-480x560.webp 480w\" alt=\"Altri-cambi-agricoli\" width=\"1200\" height=\"1400\" title=\"\"><\/p>\n<p>Autor: CX<\/p>","protected":false},"excerpt":{"rendered":"<p>Specifications of Rotary Tiller Gearbox TB-278C &nbsp; Description Rotary Tiller Gearboxes &#8211; Replacement of Comer Gearbox TB-278C Application Various (agricultural) applications Mowers Multi-row rotary tillers Consists of Gearbox Without oil Technical information If you have any questions regarding performance at different speeds, please do not hesitate to contact us. When using it for the first [&hellip;]<\/p>","protected":false},"featured_media":2109,"comment_status":"open","ping_status":"closed","template":"","meta":{"_et_pb_use_builder":"","_et_pb_old_content":"","_et_gb_content_width":""},"product_brand":[],"product_cat":[53],"product_tag":[],"class_list":{"0":"post-2101","1":"product","2":"type-product","3":"status-publish","4":"has-post-thumbnail","6":"product_cat-rotary-tiller-gearbox","8":"first","9":"instock","10":"shipping-taxable","11":"product-type-simple"},"_links":{"self":[{"href":"https:\/\/fmp-components.com\/sk\/wp-json\/wp\/v2\/product\/2101","targetHints":{"allow":["GET"]}}],"collection":[{"href":"https:\/\/fmp-components.com\/sk\/wp-json\/wp\/v2\/product"}],"about":[{"href":"https:\/\/fmp-components.com\/sk\/wp-json\/wp\/v2\/types\/product"}],"replies":[{"embeddable":true,"href":"https:\/\/fmp-components.com\/sk\/wp-json\/wp\/v2\/comments?post=2101"}],"wp:featuredmedia":[{"embeddable":true,"href":"https:\/\/fmp-components.com\/sk\/wp-json\/wp\/v2\/media\/2109"}],"wp:attachment":[{"href":"https:\/\/fmp-components.com\/sk\/wp-json\/wp\/v2\/media?parent=2101"}],"wp:term":[{"taxonomy":"product_brand","embeddable":true,"href":"https:\/\/fmp-components.com\/sk\/wp-json\/wp\/v2\/product_brand?post=2101"},{"taxonomy":"product_cat","embeddable":true,"href":"https:\/\/fmp-components.com\/sk\/wp-json\/wp\/v2\/product_cat?post=2101"},{"taxonomy":"product_tag","embeddable":true,"href":"https:\/\/fmp-components.com\/sk\/wp-json\/wp\/v2\/product_tag?post=2101"}],"curies":[{"name":"pracovn\u00fd list","href":"https:\/\/api.w.org\/{rel}","templated":true}]}}