{"id":2084,"date":"2024-12-30T03:14:12","date_gmt":"2024-12-30T03:14:12","guid":{"rendered":"https:\/\/fmp-components.com\/?page_id=8"},"modified":"2024-12-30T03:19:44","modified_gmt":"2024-12-30T03:19:44","slug":"rotary-tiller-gearboxes-replacement-of-comer-code-tb-19j","status":"publish","type":"product","link":"https:\/\/fmp-components.com\/sk\/product\/rotary-tiller-gearboxes-replacement-of-comer-code-tb-19j\/","title":{"rendered":"Prevodovky rota\u010dn\u00e9ho kultiv\u00e1tora \u2013 v\u00fdmena k\u00f3du Comer TB-19J"},"content":{"rendered":"<p><img loading=\"lazy\" decoding=\"async\" class=\"alignnone size-full wp-image-2089\" src=\"https:\/\/fmp-components.com\/wp-content\/uploads\/2024\/12\/Rotary-Tiller-Gearbox-2.webp\" alt=\"Prevodovka rota\u010dn\u00e9ho kultiv\u00e1tora\" width=\"1280\" height=\"1280\" title=\"\" srcset=\"https:\/\/fmp-components.com\/wp-content\/uploads\/2024\/12\/Rotary-Tiller-Gearbox-2.webp 1280w, https:\/\/fmp-components.com\/wp-content\/uploads\/2024\/12\/Rotary-Tiller-Gearbox-2-980x980.webp 980w, https:\/\/fmp-components.com\/wp-content\/uploads\/2024\/12\/Rotary-Tiller-Gearbox-2-480x480.webp 480w\" sizes=\"(min-width: 0px) and (max-width: 480px) 480px, (min-width: 481px) and (max-width: 980px) 980px, (min-width: 981px) 1280px, 100vw\" \/><\/p>\n<h2>Podrobnosti o prevodovke rota\u010dn\u00e9ho kultiv\u00e1tora TB-19J<\/h2>\n<p><img loading=\"lazy\" decoding=\"async\" class=\"alignnone size-full wp-image-2085\" src=\"https:\/\/fmp-components.com\/wp-content\/uploads\/2024\/12\/rotary-tiller-gearbox-TB-19J.webp\" alt=\"prevodovka rota\u010dn\u00e9ho kultiv\u00e1tora TB-19J\" width=\"948\" height=\"678\" title=\"\" srcset=\"https:\/\/fmp-components.com\/wp-content\/uploads\/2024\/12\/rotary-tiller-gearbox-TB-19J.webp 948w, https:\/\/fmp-components.com\/wp-content\/uploads\/2024\/12\/rotary-tiller-gearbox-TB-19J-480x343.webp 480w\" sizes=\"(min-width: 0px) and (max-width: 480px) 480px, (min-width: 481px) 948px, 100vw\" \/><\/p>\n<table style=\"width: 91.0199%; height: 347px;\" border=\"1\">\n<tbody>\n<tr>\n<td style=\"width: 52.8504%;\"><strong>ja<\/strong><\/td>\n<td style=\"width: 46.4371%;\">1.46<\/td>\n<\/tr>\n<tr>\n<td style=\"width: 52.8504%;\"><strong>N<sub>1<\/sub>[ot.\/min.]<\/strong><\/td>\n<td style=\"width: 46.4371%;\">540<\/td>\n<\/tr>\n<tr>\n<td style=\"width: 52.8504%;\"><strong>P<sub>1<\/sub>[kW]<\/strong><\/td>\n<td style=\"width: 46.4371%;\">16.9<\/td>\n<\/tr>\n<tr>\n<td style=\"width: 52.8504%;\"><strong>M<sub>2<\/sub>[Nm]<\/strong><\/td>\n<td style=\"width: 46.4371%;\">423<\/td>\n<\/tr>\n<tr>\n<td style=\"width: 52.8504%;\"><strong>Hriade\u013e X\u00a0 \u00a0 \u00a0 \u00a0 \u00a0 \u00a0 \u00a0 \u00a0 \u00a0 \u00a0 \u00a0 \u00a0 \u00a0 \u00a0 \u00a0 \u00a0 \u00a0 \u00a0 <img loading=\"lazy\" decoding=\"async\" class=\"alignnone size-full wp-image-2086\" src=\"https:\/\/fmp-components.com\/wp-content\/uploads\/2024\/12\/shaft.webp\" alt=\"hriade\u013e\" width=\"67\" height=\"65\" title=\"\" srcset=\"https:\/\/fmp-components.com\/wp-content\/uploads\/2024\/12\/shaft.webp 67w, https:\/\/fmp-components.com\/wp-content\/uploads\/2024\/12\/shaft-12x12.webp 12w\" sizes=\"(max-width: 67px) 100vw, 67px\" \/><\/strong><\/td>\n<td style=\"width: 46.4371%;\">30<\/td>\n<\/tr>\n<tr>\n<td style=\"width: 52.8504%;\"><strong>Hriade\u013e Z\u00a0 \u00a0 \u00a0 \u00a0 \u00a0 \u00a0 \u00a0 \u00a0 \u00a0 \u00a0 \u00a0 \u00a0 \u00a0 \u00a0 \u00a0 \u00a0 \u00a0 \u00a0<img loading=\"lazy\" decoding=\"async\" class=\"alignnone size-full wp-image-2087\" src=\"https:\/\/fmp-components.com\/wp-content\/uploads\/2024\/12\/shaft-x.webp\" alt=\"hriade\u013e-x\" width=\"81\" height=\"78\" title=\"\" srcset=\"https:\/\/fmp-components.com\/wp-content\/uploads\/2024\/12\/shaft-x.webp 81w, https:\/\/fmp-components.com\/wp-content\/uploads\/2024\/12\/shaft-x-12x12.webp 12w\" sizes=\"(max-width: 81px) 100vw, 81px\" \/><\/strong><\/td>\n<td style=\"width: 46.4371%;\">1\u201d 3\/8 Z6<\/td>\n<\/tr>\n<tr>\n<td style=\"width: 52.8504%;\"><strong>Vstup<\/strong><\/td>\n<td style=\"width: 46.4371%;\">Z<\/td>\n<\/tr>\n<\/tbody>\n<\/table>\n<h2>K\u013abov\u00e9 hriadele pre prevodovky rota\u010dn\u00fdch kultiv\u00e1torov<\/h2>\n<p>V\u00fdvodov\u00fd hriade\u013e (PTO) je k\u013e\u00fa\u010dov\u00fd komponent pou\u017e\u00edvan\u00fd na prenos mechanickej energie z motora traktora do prevodovky rota\u010dn\u00e9ho kultiv\u00e1tora, \u010do umo\u017e\u0148uje efekt\u00edvne fungovanie kultiv\u00e1tora. V\u00fdvodov\u00fd hriade\u013e sl\u00fa\u017ei ako potrubie, ktor\u00e9 sp\u00e1ja v\u00fdvodov\u00fd hriade\u013e traktora s prevodovkou, \u010d\u00edm u\u013eah\u010duje prenos rota\u010dnej energie potrebnej na pohon radl\u00edc kultiv\u00e1tora. Tieto radlice s\u00fa zodpovedn\u00e9 za kyprenie p\u00f4dy, v\u010faka \u010domu je v\u00fdvodov\u00fd hriade\u013e neoddelite\u013enou s\u00fa\u010das\u0165ou pr\u00edpravy a obr\u00e1bania p\u00f4dy.<\/p>\n<h3>Komponenty kardanov\u00e9ho hriade\u013ea<\/h3>\n<p>Typick\u00fd kardanov\u00fd hriade\u013e sa sklad\u00e1 z nieko\u013ek\u00fdch k\u013e\u00fa\u010dov\u00fdch \u010dast\u00ed:<\/p>\n<ul>\n<li>Vstupn\u00e1 vidlica: Prip\u00e1ja sa k v\u00fdstupn\u00e9mu hriade\u013eu v\u00fdvodov\u00e9ho hriade\u013ea traktora a pren\u00e1\u0161a v\u00fdkon z motora traktora na v\u00fdvodov\u00fd hriade\u013e.<\/li>\n<li>Hnac\u00ed hriade\u013e: Centr\u00e1lna s\u00fa\u010das\u0165 v\u00fdvodov\u00e9ho hriade\u013ea, hnac\u00ed hriade\u013e, pren\u00e1\u0161a rota\u010dn\u00fa silu zo vstupnej vidlice na v\u00fdstupn\u00fa vidlicu.<\/li>\n<li>V\u00fdstupn\u00e1 vidlica: V\u00fdstupn\u00e1 vidlica sp\u00e1ja v\u00fdvodov\u00fd hriade\u013e s prevodovkou rota\u010dn\u00e9ho kultiv\u00e1tora a pren\u00e1\u0161a mechanick\u00fa energiu do prevodovky, ktor\u00e1 potom poh\u00e1\u0148a radlice na obr\u00e1banie p\u00f4dy.<\/li>\n<\/ul>\n<h3>Funkcia a v\u00fdznam<\/h3>\n<p>V\u00fdvodov\u00fd hriade\u013e umo\u017e\u0148uje efekt\u00edvne a presn\u00e9 ovl\u00e1danie v\u00fdkonu rota\u010dn\u00e9ho kultiv\u00e1tora, najm\u00e4 r\u00fdchlosti a smeru radl\u00edc. To umo\u017e\u0148uje obsluhe prisp\u00f4sobi\u0165 prev\u00e1dzku kultiv\u00e1tora p\u00f4dnym podmienkam a po\u017eadovanej h\u013abke orby. V\u00fdvodov\u00fd hriade\u013e tie\u017e pom\u00e1ha maximalizova\u0165 spotrebu paliva t\u00fdm, \u017ee zabezpe\u010duje efekt\u00edvny prenos v\u00fdkonu z motora traktora do prevodovky kultiv\u00e1tora, \u010d\u00edm sa zni\u017euje strata energie.<\/p>\n<h3>Jednoduch\u00e9 pripojenie a odpojenie<\/h3>\n<p>Jednou z k\u013e\u00fa\u010dov\u00fdch v\u00fdhod v\u00fdvodov\u00e9ho hriade\u013ea je jeho jednoduch\u00e9 pripojenie a odpojenie. Je navrhnut\u00fd tak, aby sa dal r\u00fdchlo pripoji\u0165 a odpoji\u0165 medzi traktorom a prevodovkou rota\u010dn\u00e9ho kultiv\u00e1tora, \u010do obsluhe u\u013eah\u010duje prep\u00ednanie medzi r\u00f4znymi n\u00e1strojmi alebo vykon\u00e1vanie \u00fadr\u017eb\u00e1rskych \u00faloh.<\/p>\n<h3>\u00dadr\u017eba a bezpe\u010dnos\u0165<\/h3>\n<p>Spr\u00e1vna \u00fadr\u017eba a nastavenie s\u00fa k\u013e\u00fa\u010dov\u00e9 pre zabezpe\u010denie optim\u00e1lneho v\u00fdkonu a bezpe\u010dnosti v\u00fdvodov\u00e9ho hriade\u013ea. Pravideln\u00e9 kontroly by sa mali vykon\u00e1va\u0165 na kontrolu opotrebovania, najm\u00e4 na vidliciach a hnacom hriadeli. Spr\u00e1vne mazanie a zarovnanie s\u00fa nevyhnutn\u00e9, aby sa predi\u0161lo zbyto\u010dn\u00e9mu treniu, prehrievaniu a mo\u017en\u00fdm poruch\u00e1m. Je d\u00f4le\u017eit\u00e9 zabezpe\u010di\u0165, aby bol v\u00fdvodov\u00fd hriade\u013e bezpe\u010dne upevnen\u00fd k traktoru aj k prevodovke, aby sa predi\u0161lo nehod\u00e1m, preto\u017ee nespr\u00e1vna in\u0161tal\u00e1cia m\u00f4\u017ee vies\u0165 k po\u0161kodeniu alebo dokonca k zraneniu.<\/p>\n<p><img loading=\"lazy\" decoding=\"async\" class=\"alignnone size-full wp-image-2088\" src=\"https:\/\/fmp-components.com\/wp-content\/uploads\/2024\/12\/Agricultural-Gearbox-and-PTO-Drive-Shaft1.webp\" alt=\"Po\u013enohospod\u00e1rska prevodovka a hnac\u00ed hriade\u013e PTO\" width=\"1200\" height=\"540\" title=\"\" srcset=\"https:\/\/fmp-components.com\/wp-content\/uploads\/2024\/12\/Agricultural-Gearbox-and-PTO-Drive-Shaft1.webp 1200w, https:\/\/fmp-components.com\/wp-content\/uploads\/2024\/12\/Agricultural-Gearbox-and-PTO-Drive-Shaft1-980x441.webp 980w, https:\/\/fmp-components.com\/wp-content\/uploads\/2024\/12\/Agricultural-Gearbox-and-PTO-Drive-Shaft1-480x216.webp 480w\" sizes=\"(min-width: 0px) and (max-width: 480px) 480px, (min-width: 481px) and (max-width: 980px) 980px, (min-width: 981px) 1200px, 100vw\" \/><\/p>\n<h3>Kardanov\u00e9 hriadele FMP<\/h3>\n<p>V spolo\u010dnosti FMP pon\u00fakame \u0161irok\u00fd sortiment kardanov\u00fdch hriade\u013eov \u0161peci\u00e1lne navrhnut\u00fdch pre prevodovky rota\u010dn\u00fdch kultiv\u00e1torov. Na\u0161e kardanov\u00e9 hriadele s\u00fa navrhnut\u00e9 pre odolnos\u0165, jednoduch\u00e9 pou\u017e\u00edvanie a optim\u00e1lny prenos v\u00fdkonu. \u010ci u\u017e h\u013ead\u00e1te \u0161tandardn\u00fd kardanov\u00fd hriade\u013e alebo rie\u0161enie na mieru prisp\u00f4soben\u00e9 v\u00e1\u0161mu \u0161pecifick\u00e9mu zariadeniu, FMP poskytuje vysoko kvalitn\u00e9 kardanov\u00e9 hriadele, ktor\u00e9 sp\u013a\u0148aj\u00fa po\u017eiadavky po\u013enohospod\u00e1rskych strojov. Na\u0161e produkty s\u00fa navrhnut\u00e9 tak, aby odolali n\u00e1ro\u010dn\u00fdm podmienkam po\u013enohospod\u00e1rskej prev\u00e1dzky a pon\u00fakali spo\u013eahliv\u00fd a dlhotrvaj\u00faci v\u00fdkon.<\/p>\n<p>K\u013abov\u00e9 hriadele FMP s\u00fa kompatibiln\u00e9 s r\u00f4znymi prevodovkami rota\u010dn\u00fdch kultiv\u00e1torov a in\u00fdmi po\u013enohospod\u00e1rskymi zariadeniami, \u010do poskytuje flexibilitu pre \u0161irok\u00fa \u0161k\u00e1lu aplik\u00e1ci\u00ed. Zaviazali sme sa dod\u00e1va\u0165 produkty, ktor\u00e9 nielen sp\u013a\u0148aj\u00fa, ale aj prekra\u010duj\u00fa priemyseln\u00e9 \u0161tandardy, \u010d\u00edm zabezpe\u010d\u00edme, \u017ee va\u0161e zariadenie bude fungova\u0165 \u010do najlep\u0161ie po mnoho rokov.<\/p>\n<p>V\u00fdvodov\u00fd hriade\u013e je z\u00e1kladn\u00fdm komponentom pre efekt\u00edvny prenos v\u00fdkonu medzi traktorom a prevodovkou rota\u010dn\u00e9ho kultiv\u00e1tora. Zabezpe\u010den\u00edm spr\u00e1vneho v\u00fdberu, \u00fadr\u017eby a prev\u00e1dzky v\u00e1\u0161ho v\u00fdvodov\u00e9ho hriade\u013ea m\u00f4\u017eete maximalizova\u0165 v\u00fdkon a \u017eivotnos\u0165 v\u00e1\u0161ho zariadenia. FMP pon\u00faka komplexn\u00fd sortiment vysokokvalitn\u00fdch v\u00fdvodov\u00fdch hriade\u013eov, ktor\u00e9 sp\u013a\u0148aj\u00fa potreby modern\u00e9ho po\u013enohospod\u00e1rstva a pom\u00e1haj\u00fa v\u00e1m dosiahnu\u0165 spo\u013eahliv\u00e9 a presn\u00e9 obr\u00e1banie p\u00f4dy pri ka\u017edom pou\u017eit\u00ed.<\/p>\n<h3>O FMP<\/h3>\n<p>Spolo\u010dnos\u0165 FMP so s\u00eddlom v Taliansku je popredn\u00fdm v\u00fdrobcom zn\u00e1mym svojimi odborn\u00fdmi znalos\u0165ami v oblasti navrhovania, v\u00fdvoja a v\u00fdroby vysokov\u00fdkonn\u00fdch prevodoviek, predov\u0161etk\u00fdm pre sektor po\u013enohospod\u00e1rskych strojov. V\u010faka silnej reput\u00e1cii v oblasti presn\u00e9ho in\u017einierstva, inov\u00e1ci\u00ed a konzistentnej spo\u013eahlivosti sa spolo\u010dnos\u0165 FMP stala d\u00f4veryhodn\u00fdm partnerom pri uspokojovan\u00ed vyv\u00edjaj\u00facich sa po\u017eiadaviek po\u013enohospod\u00e1rskeho aj priemyseln\u00e9ho trhu. Na\u0161e komplexn\u00e9 produktov\u00e9 portf\u00f3lio zah\u0155\u0148a \u0161pecializovan\u00e9 prevodovky pre kosa\u010dky na tr\u00e1vu, v\u00fdvodov\u00e9 hriadele a \u010fal\u0161ie d\u00f4le\u017eit\u00e9 komponenty, ktor\u00e9 s\u00fa prisp\u00f4soben\u00e9 tak, aby poskytovali efekt\u00edvne rie\u0161enia v \u0161irokej \u0161k\u00e1le aplik\u00e1ci\u00ed.<\/p>\n<p>V spolo\u010dnosti FMP si uvedomujeme, \u017ee ka\u017ed\u00fd klient m\u00e1 odli\u0161n\u00e9 potreby a v\u00fdzvy. Preto sa \u0161pecializujeme na poskytovanie rie\u0161en\u00ed na mieru, \u010di u\u017e potrebujete jednotliv\u00e9 komponenty alebo plne integrovan\u00e9 syst\u00e9my. Pou\u017e\u00edvame kolaborat\u00edvny pr\u00edstup a \u00fazko spolupracujeme so z\u00e1kazn\u00edkmi, aby sme zabezpe\u010dili, \u017ee ka\u017ed\u00e9 rie\u0161enie je efekt\u00edvne a \u00fa\u010dinn\u00e9. N\u00e1\u0161 z\u00e1v\u00e4zok k r\u00fdchlym a profesion\u00e1lnym reakci\u00e1m a odborn\u00e9mu poradenstvu zaru\u010duje, \u017ee ka\u017ed\u00e1 ot\u00e1zka bude rie\u0161en\u00e1 s maxim\u00e1lnou starostlivos\u0165ou a presnos\u0165ou.<\/p>\n<p>Uprednost\u0148ujeme otvoren\u00fa a priebe\u017en\u00fa komunik\u00e1ciu, najm\u00e4 pri v\u00fdvoji nov\u00fdch produktov. N\u00e1\u0161 \u0161pecializovan\u00fd t\u00edm \u00fazko spolupracuje s klientmi, aby plne pochopil ich po\u017eiadavky a poskytol im praktick\u00e9 poznatky, ktor\u00e9 ved\u00fa k najefekt\u00edvnej\u0161\u00edm rie\u0161eniam. \u010ci u\u017e navrhujeme inovat\u00edvne produkty alebo pln\u00edme priebe\u017en\u00e9 objedn\u00e1vky, spolo\u010dnos\u0165 FMP sa zav\u00e4zuje poskytova\u0165 vysokokvalitn\u00e9, prec\u00edzne navrhnut\u00e9 rie\u0161enia v\u010das a v\u017edy.<\/p>\n<p>Kvalita je jadrom \u010dinnosti spolo\u010dnosti FMP. Dodr\u017eiavame najvy\u0161\u0161ie v\u00fdrobn\u00e9 \u0161tandardy a implementujeme pr\u00edsne opatrenia na kontrolu kvality, aby sme zabezpe\u010dili, \u017ee ka\u017ed\u00fd produkt sp\u013a\u0148a alebo prekon\u00e1va o\u010dak\u00e1vania odvetvia. N\u00e1\u0161 ne\u00fanavn\u00fd z\u00e1v\u00e4zok ku kvalite v kombin\u00e1cii s na\u0161imi z\u00e1kladn\u00fdmi hodnotami integrity, t\u00edmovej pr\u00e1ce a vytrvalosti n\u00e1m pomohol nadviaza\u0165 dlhodob\u00e9 vz\u0165ahy so z\u00e1kazn\u00edkmi v takmer 30 krajin\u00e1ch.<\/p>\n<p>Spolo\u010dnos\u0165 FMP sa v\u017edy sna\u017e\u00ed budova\u0165 glob\u00e1lne partnerstv\u00e1 a je odhodlan\u00e1 pon\u00faka\u0165 odborn\u00e9 poradenstvo a rie\u0161enia na mieru, ktor\u00e9 sp\u013a\u0148aj\u00fa rozmanit\u00e9 potreby na\u0161ich klientov. N\u00e1\u0161 pr\u00edstup ide nad r\u00e1mec jednoduch\u00e9ho dod\u00e1vania produktov; zameriavame sa na budovanie trval\u00fdch vz\u0165ahov, ktor\u00e9 prispievaj\u00fa k \u00faspechu ka\u017ed\u00e9ho projektu. \u010ci u\u017e potrebujete inovat\u00edvne rie\u0161enia pre nov\u00fd podnik alebo priebe\u017en\u00fa podporu pre existuj\u00faci syst\u00e9m, FMP je tu, aby rie\u0161ila va\u0161e technick\u00e9 v\u00fdzvy a pomohla v\u00e1m zabezpe\u010di\u0165 trval\u00fd \u00faspech.<\/p>\n<p><img loading=\"lazy\" decoding=\"async\" class=\"alignnone size-full wp-image-1861\" src=\"https:\/\/fmp-components.com\/wp-content\/uploads\/2024\/12\/Other-Agricultural-Gearboxes.webp\" sizes=\"(min-width: 0px) and (max-width: 480px) 480px, (min-width: 481px) and (max-width: 980px) 980px, (min-width: 981px) 1200px, 100vw\" srcset=\"https:\/\/fmp-components.com\/wp-content\/uploads\/2024\/12\/Other-Agricultural-Gearboxes.webp 1200w, https:\/\/fmp-components.com\/wp-content\/uploads\/2024\/12\/Other-Agricultural-Gearboxes-980x1143.webp 980w, https:\/\/fmp-components.com\/wp-content\/uploads\/2024\/12\/Other-Agricultural-Gearboxes-480x560.webp 480w\" alt=\"Altri-cambi-agricoli\" width=\"1200\" height=\"1400\" title=\"\"><\/p>\n<p>Autor: CX<\/p>","protected":false},"excerpt":{"rendered":"<p>Rotary Tiller Gearbox TB-19J Details i 1.46 N1[rpm] 540 P1[kW] 16.9 M2[Nm] 423 Shaft X\u00a0 \u00a0 \u00a0 \u00a0 \u00a0 \u00a0 \u00a0 \u00a0 \u00a0 \u00a0 \u00a0 \u00a0 \u00a0 \u00a0 \u00a0 \u00a0 \u00a0 \u00a0 30 Shaft Z\u00a0 \u00a0 \u00a0 \u00a0 \u00a0 \u00a0 \u00a0 \u00a0 \u00a0 \u00a0 \u00a0 \u00a0 \u00a0 \u00a0 \u00a0 \u00a0 \u00a0 \u00a0 1&#8221; 3\/8 Z6 [&hellip;]<\/p>","protected":false},"featured_media":2089,"comment_status":"open","ping_status":"closed","template":"","meta":{"_et_pb_use_builder":"","_et_pb_old_content":"","_et_gb_content_width":""},"product_brand":[],"product_cat":[53],"product_tag":[],"class_list":{"0":"post-2084","1":"product","2":"type-product","3":"status-publish","4":"has-post-thumbnail","6":"product_cat-rotary-tiller-gearbox","8":"first","9":"instock","10":"shipping-taxable","11":"product-type-simple"},"_links":{"self":[{"href":"https:\/\/fmp-components.com\/sk\/wp-json\/wp\/v2\/product\/2084","targetHints":{"allow":["GET"]}}],"collection":[{"href":"https:\/\/fmp-components.com\/sk\/wp-json\/wp\/v2\/product"}],"about":[{"href":"https:\/\/fmp-components.com\/sk\/wp-json\/wp\/v2\/types\/product"}],"replies":[{"embeddable":true,"href":"https:\/\/fmp-components.com\/sk\/wp-json\/wp\/v2\/comments?post=2084"}],"wp:featuredmedia":[{"embeddable":true,"href":"https:\/\/fmp-components.com\/sk\/wp-json\/wp\/v2\/media\/2089"}],"wp:attachment":[{"href":"https:\/\/fmp-components.com\/sk\/wp-json\/wp\/v2\/media?parent=2084"}],"wp:term":[{"taxonomy":"product_brand","embeddable":true,"href":"https:\/\/fmp-components.com\/sk\/wp-json\/wp\/v2\/product_brand?post=2084"},{"taxonomy":"product_cat","embeddable":true,"href":"https:\/\/fmp-components.com\/sk\/wp-json\/wp\/v2\/product_cat?post=2084"},{"taxonomy":"product_tag","embeddable":true,"href":"https:\/\/fmp-components.com\/sk\/wp-json\/wp\/v2\/product_tag?post=2084"}],"curies":[{"name":"pracovn\u00fd list","href":"https:\/\/api.w.org\/{rel}","templated":true}]}}