{"id":2072,"date":"2024-12-30T03:01:06","date_gmt":"2024-12-30T03:01:06","guid":{"rendered":"https:\/\/fmp-components.com\/?page_id=8"},"modified":"2024-12-30T03:09:00","modified_gmt":"2024-12-30T03:09:00","slug":"rotary-tiller-gearboxes-replacement-of-comer-code-t-281j","status":"publish","type":"product","link":"https:\/\/fmp-components.com\/sk\/product\/rotary-tiller-gearboxes-replacement-of-comer-code-t-281j\/","title":{"rendered":"Prevodovky rota\u010dn\u00e9ho kultiv\u00e1tora \u2013 v\u00fdmena k\u00f3du Comer T-281J"},"content":{"rendered":"<h2>Prevodovky rota\u010dn\u00e9ho kultiv\u00e1tora \u2013 v\u00fdmena k\u00f3du Comer T-281J<\/h2>\n<p>Prevodovka pre rota\u010dn\u00e9 kultiv\u00e1tory, ktor\u00e1 nahr\u00e1dza k\u00f3d Comer T-281J, je robustn\u00e1 a vysoko v\u00fdkonn\u00e1 prevodovka navrhnut\u00e1 tak, aby poskytovala efekt\u00edvny prenos v\u00fdkonu a zabezpe\u010dovala plynul\u00fd chod rota\u010dn\u00fdch kultiv\u00e1torov pou\u017e\u00edvan\u00fdch v r\u00f4znych po\u013enohospod\u00e1rskych aplik\u00e1ci\u00e1ch. T\u00e1to prevodovka, navrhnut\u00e1 pre n\u00e1ro\u010dn\u00e9 pou\u017eitie, je ide\u00e1lna na kyprenie p\u00f4dy, pr\u00edpravu pozemku na siatie a \u013eahk\u00e9 zvl\u00e1dnutie n\u00e1ro\u010dn\u00fdch ter\u00e9nnych podmienok. Je priamou n\u00e1hradou za prevodovku Comer T-281J a poskytuje vynikaj\u00face ulo\u017eenie a spo\u013eahliv\u00fd v\u00fdkon.<\/p>\n<p><img loading=\"lazy\" decoding=\"async\" class=\"alignnone size-full wp-image-2082\" src=\"https:\/\/fmp-components.com\/wp-content\/uploads\/2024\/12\/Rotary-Tiller-Gearbox-1.webp\" alt=\"Prevodovka rota\u010dn\u00e9ho kultiv\u00e1tora\" width=\"1280\" height=\"1280\" title=\"\" srcset=\"https:\/\/fmp-components.com\/wp-content\/uploads\/2024\/12\/Rotary-Tiller-Gearbox-1.webp 1280w, https:\/\/fmp-components.com\/wp-content\/uploads\/2024\/12\/Rotary-Tiller-Gearbox-1-980x980.webp 980w, https:\/\/fmp-components.com\/wp-content\/uploads\/2024\/12\/Rotary-Tiller-Gearbox-1-480x480.webp 480w\" sizes=\"(min-width: 0px) and (max-width: 480px) 480px, (min-width: 481px) and (max-width: 980px) 980px, (min-width: 981px) 1280px, 100vw\" \/><\/p>\n<h3>K\u013e\u00fa\u010dov\u00e9 vlastnosti:<\/h3>\n<ol>\n<li>Odoln\u00e1 kon\u0161trukcia: Prevodovka je vyroben\u00e1 z vysoko kvalitn\u00fdch materi\u00e1lov a je navrhnut\u00e1 tak, aby odolala n\u00e1ro\u010dn\u00fdm prev\u00e1dzkov\u00fdm podmienkam v n\u00e1ro\u010dnom po\u013enohospod\u00e1rskom prostred\u00ed, a pon\u00faka tak zv\u00fd\u0161en\u00fa odolnos\u0165 a dlh\u00fa \u017eivotnos\u0165.<\/li>\n<li>Vysok\u00e1 \u00fa\u010dinnos\u0165: Prevodovka zais\u0165uje efekt\u00edvny prenos v\u00fdkonu z v\u00fdvodov\u00e9ho hriade\u013ea traktora na no\u017ee kultiv\u00e1tora, \u010d\u00edm optimalizuje pr\u00edpravu p\u00f4dy s minim\u00e1lnou stratou v\u00fdkonu a zlep\u0161enou spotrebou paliva.<\/li>\n<li>Presn\u00e9 in\u017einierstvo: S d\u00f4razom na presnos\u0165 a spo\u013eahlivos\u0165 je prevodovka vybaven\u00e1 presne rezan\u00fdmi ozuben\u00fdmi kolesami a vysokopevnostn\u00fdmi lo\u017eiskami, ktor\u00e9 zais\u0165uj\u00fa plynul\u00fd chod a zn\u00ed\u017een\u00e9 opotrebenie v priebehu \u010dasu.<\/li>\n<li>Odolnos\u0165 vo\u010di kor\u00f3zii: Prevodovka je o\u0161etren\u00e1 n\u00e1termi odoln\u00fdmi vo\u010di kor\u00f3zii, aby odolala vlhkosti, chemik\u00e1li\u00e1m a in\u00fdm drsn\u00fdm podmienkam prostredia, \u010d\u00edm sa zabezpe\u010d\u00ed dlh\u00e1 \u017eivotnos\u0165 a nepretr\u017eit\u00fd v\u00fdkon v n\u00e1ro\u010dn\u00fdch po\u013enohospod\u00e1rskych podmienkach.<\/li>\n<li>N\u00edzka \u00fadr\u017eba: Prevodovka je navrhnut\u00e1 pre jednoduch\u00fa \u00fadr\u017ebu a vy\u017eaduje minim\u00e1lnu \u00fadr\u017ebu s u\u017e\u00edvate\u013esky pr\u00edvetiv\u00fdm pr\u00edstupom k plniacim a vyp\u00fa\u0161\u0165ac\u00edm z\u00e1tkam oleja, \u010do zjednodu\u0161uje be\u017en\u00e9 mazanie a servis.<\/li>\n<li>V\u0161estrannos\u0165: Prevodovka je kompatibiln\u00e1 s r\u00f4znymi rota\u010dn\u00fdmi kultiv\u00e1tormi a v\u010faka svojej v\u0161estrannej kon\u0161trukcii ju mo\u017eno pou\u017ei\u0165 v \u0161irokej \u0161k\u00e1le po\u013enohospod\u00e1rskych strojov, v\u010faka \u010domu je spo\u013eahliv\u00fdm rie\u0161en\u00edm pre po\u013enohospod\u00e1rov a po\u013enohospod\u00e1rskych profesion\u00e1lov.<\/li>\n<\/ol>\n<h3>V\u00fdhody:<\/h3>\n<ul>\n<li>Zv\u00fd\u0161en\u00fd v\u00fdkon: Poskytuje spo\u013eahliv\u00fd a nepretr\u017eit\u00fd v\u00fdkon, zabezpe\u010duje konzistentn\u00fa h\u013abku obr\u00e1bania a rovnomern\u00fa obnovu p\u00f4dy.<\/li>\n<li>Cenovo v\u00fdhodn\u00e9: Ako priama n\u00e1hrada za Comer T-281J pon\u00faka t\u00e1to prevodovka cenovo dostupn\u00e9 rie\u0161enie na udr\u017eanie v\u00e1\u0161ho rota\u010dn\u00e9ho kultiv\u00e1tora v \u0161pi\u010dkovom v\u00fdkone bez potreby drah\u00e9ho nov\u00e9ho vybavenia.<\/li>\n<li>Zv\u00fd\u0161en\u00e1 spo\u013eahlivos\u0165: V\u010faka zameraniu na odolnos\u0165 a jednoduch\u00fa \u00fadr\u017ebu prevodovka zni\u017euje prestoje a n\u00e1klady na \u00fadr\u017ebu a pon\u00faka spo\u013eahliv\u00fd servis z dlhodob\u00e9ho h\u013eadiska.<\/li>\n<\/ul>\n<p>Prevodovka rota\u010dn\u00e9ho kultiv\u00e1tora \u2013 n\u00e1hrada za Comer, k\u00f3d T-281J, pon\u00faka vysoko kvalitn\u00e9, efekt\u00edvne a odoln\u00e9 rie\u0161enie pre po\u013enohospod\u00e1rske aplik\u00e1cie vy\u017eaduj\u00face robustn\u00e9 zariadenia na obr\u00e1banie p\u00f4dy. Jej presn\u00e9 spracovanie, odolnos\u0165 proti kor\u00f3zii a jednoduch\u00e1 \u00fadr\u017eba z nej robia cenn\u00fd komponent pre t\u00fdch, ktor\u00ed chc\u00fa udr\u017eiava\u0165 svoje rota\u010dn\u00e9 kultiv\u00e1tory s minim\u00e1lnymi probl\u00e9mami a maxim\u00e1lnym v\u00fdkonom.<\/p>\n<table style=\"width: 100%;\" border=\"1\" width=\"100%\" cellspacing=\"0\" cellpadding=\"0\">\n<tbody>\n<tr>\n<th>Popis<\/th>\n<td>Prevodovky rota\u010dn\u00e9ho kultiv\u00e1tora \u2013 v\u00fdmena k\u00f3du Comer T-281J<\/td>\n<\/tr>\n<tr>\n<th>Aplik\u00e1cia<\/th>\n<td>R\u00f4zne (po\u013enohospod\u00e1rske) aplik\u00e1cie,<br \/>\nKosa\u010dky,<br \/>\nViacriadkov\u00e9 rota\u010dn\u00e9 kultiv\u00e1tory,<br \/>\nP\u00e1sov\u00e9 p\u00edly<\/td>\n<\/tr>\n<tr>\n<th>Pozost\u00e1va z<\/th>\n<td>Prevodovka<\/td>\n<\/tr>\n<tr>\n<th>Bez oleja<\/th>\n<td>Technick\u00e9 inform\u00e1cie<\/td>\n<\/tr>\n<tr>\n<th><\/th>\n<td>Ak m\u00e1te ak\u00e9ko\u013evek ot\u00e1zky t\u00fdkaj\u00face sa v\u00fdkonu pri r\u00f4znych r\u00fdchlostiach, nev\u00e1hajte n\u00e1s kontaktova\u0165.<\/td>\n<\/tr>\n<tr>\n<th><\/th>\n<td>Pri prvom pou\u017eit\u00ed vyme\u0148te olej po 50 prev\u00e1dzkov\u00fdch hodin\u00e1ch.<\/td>\n<\/tr>\n<tr>\n<th>Maxim\u00e1lny v\u00fdstupn\u00fd kr\u00fatiaci moment<\/th>\n<td>29,4 daNm<\/td>\n<\/tr>\n<tr>\n<th>Obsahuje olej<\/th>\n<td>Nie<\/td>\n<\/tr>\n<tr>\n<th>Maxim\u00e1lny objem oleja<\/th>\n<td>0,5 l<\/td>\n<\/tr>\n<tr>\n<th>Maxim\u00e1lny interval v\u00fdmeny oleja<\/th>\n<td>500 hod\u00edn<\/td>\n<\/tr>\n<tr>\n<th>Stupe\u0148 viskozity oleja SAE<\/th>\n<td>80W-90<\/td>\n<\/tr>\n<tr>\n<th>Materi\u00e1l puzdra<\/th>\n<td>Hlin\u00edk<\/td>\n<\/tr>\n<tr>\n<th>Hmotnos\u0165<\/th>\n<td>7 kg<\/td>\n<\/tr>\n<tr>\n<th>Zvy\u0161ovanie usporiadania prevodov<\/th>\n<td>23 &#8211; 24<\/td>\n<\/tr>\n<tr>\n<th>Zn\u00ed\u017eenie usporiadania prevodov<\/th>\n<td>3 &#8211; 4<\/td>\n<\/tr>\n<tr>\n<th>Vstupn\u00fd v\u00fdkon kW \/ HP Zvy\u0161uj\u00faci sa<\/th>\n<td>14,7 \/ 20 kW\/k<\/td>\n<\/tr>\n<tr>\n<th>Vstupn\u00fd hriade\u013e Zvy\u0161ovanie<\/th>\n<td>X<\/td>\n<\/tr>\n<tr>\n<th>Redukcia vstupn\u00e9ho hriade\u013ea<\/th>\n<td>Z<\/td>\n<\/tr>\n<tr>\n<th>Vstupn\u00fd v\u00fdkon kW \/ HP Redukcia<\/th>\n<td>11,8 \/ 16 kW\/k<\/td>\n<\/tr>\n<tr>\n<th>Zvy\u0161uj\u00faci sa v\u00fdstupn\u00fd kr\u00fatiaci moment v DaNm<\/th>\n<td>17,2 daNm<\/td>\n<\/tr>\n<tr>\n<th>Zvy\u0161uj\u00faci sa pomer<\/th>\n<td>1 : 1.46<\/td>\n<\/tr>\n<tr>\n<th>Zn\u00ed\u017eenie pomeru<\/th>\n<td>1.46 : 1<\/td>\n<\/tr>\n<tr>\n<th>Hriade\u013e X<\/th>\n<td>1 3\/8&#8243; (6)<\/td>\n<\/tr>\n<tr>\n<th>Hriade\u013e Z<\/th>\n<td>1 3\/8\u2033 (6) (V)<\/td>\n<\/tr>\n<\/tbody>\n<\/table>\n<p><img loading=\"lazy\" decoding=\"async\" class=\"alignnone size-full wp-image-2081\" src=\"https:\/\/fmp-components.com\/wp-content\/uploads\/2024\/12\/Rotary-Tiller-Gearboxes-\u2013-Replacement-of-Comer-Code-T-281J.webp\" alt=\"Prevodovka rota\u010dn\u00e9ho kultiv\u00e1tora\" width=\"955\" height=\"639\" title=\"\" srcset=\"https:\/\/fmp-components.com\/wp-content\/uploads\/2024\/12\/Rotary-Tiller-Gearboxes-\u2013-Replacement-of-Comer-Code-T-281J.webp 955w, https:\/\/fmp-components.com\/wp-content\/uploads\/2024\/12\/Rotary-Tiller-Gearboxes-\u2013-Replacement-of-Comer-Code-T-281J-300x201.webp 300w, https:\/\/fmp-components.com\/wp-content\/uploads\/2024\/12\/Rotary-Tiller-Gearboxes-\u2013-Replacement-of-Comer-Code-T-281J-768x514.webp 768w, https:\/\/fmp-components.com\/wp-content\/uploads\/2024\/12\/Rotary-Tiller-Gearboxes-\u2013-Replacement-of-Comer-Code-T-281J-18x12.webp 18w, https:\/\/fmp-components.com\/wp-content\/uploads\/2024\/12\/Rotary-Tiller-Gearboxes-\u2013-Replacement-of-Comer-Code-T-281J-480x321.webp 480w, https:\/\/fmp-components.com\/wp-content\/uploads\/2024\/12\/Rotary-Tiller-Gearboxes-\u2013-Replacement-of-Comer-Code-T-281J-600x401.webp 600w\" sizes=\"(max-width: 955px) 100vw, 955px\" \/><\/p>\n<p><img loading=\"lazy\" decoding=\"async\" class=\"alignnone size-full wp-image-2080\" src=\"https:\/\/fmp-components.com\/wp-content\/uploads\/2024\/12\/Rotary-Tiller-Gearboxes-\u2013-Replacement-of-Comer-Code-T-281J-1.webp\" alt=\"Prevodovka rota\u010dn\u00e9ho kultiv\u00e1tora\" width=\"945\" height=\"229\" title=\"\" srcset=\"https:\/\/fmp-components.com\/wp-content\/uploads\/2024\/12\/Rotary-Tiller-Gearboxes-\u2013-Replacement-of-Comer-Code-T-281J-1.webp 945w, https:\/\/fmp-components.com\/wp-content\/uploads\/2024\/12\/Rotary-Tiller-Gearboxes-\u2013-Replacement-of-Comer-Code-T-281J-1-300x73.webp 300w, https:\/\/fmp-components.com\/wp-content\/uploads\/2024\/12\/Rotary-Tiller-Gearboxes-\u2013-Replacement-of-Comer-Code-T-281J-1-768x186.webp 768w, https:\/\/fmp-components.com\/wp-content\/uploads\/2024\/12\/Rotary-Tiller-Gearboxes-\u2013-Replacement-of-Comer-Code-T-281J-1-18x4.webp 18w, https:\/\/fmp-components.com\/wp-content\/uploads\/2024\/12\/Rotary-Tiller-Gearboxes-\u2013-Replacement-of-Comer-Code-T-281J-1-480x116.webp 480w, https:\/\/fmp-components.com\/wp-content\/uploads\/2024\/12\/Rotary-Tiller-Gearboxes-\u2013-Replacement-of-Comer-Code-T-281J-1-600x145.webp 600w\" sizes=\"(max-width: 945px) 100vw, 945px\" \/><\/p>\n<h3>O FMP<\/h3>\n<p>Spolo\u010dnos\u0165 FMP so s\u00eddlom v Taliansku je popredn\u00fdm v\u00fdrobcom \u0161pecializuj\u00facim sa na n\u00e1vrh, v\u00fdvoj a v\u00fdrobu vysokov\u00fdkonn\u00fdch prevodoviek pre po\u013enohospod\u00e1rske stroje. Sme zn\u00e1mi pre na\u0161e presn\u00e9 in\u017einierstvo, inovat\u00edvny pr\u00edstup a neochvejn\u00fa spo\u013eahlivos\u0165 a poskytujeme komplexn\u00fd sortiment prevodoviek vr\u00e1tane prevodoviek kosa\u010diek na tr\u00e1vu, ako aj z\u00e1kladn\u00fdch komponentov, ako s\u00fa v\u00fdvodov\u00e9 hriadele. Na\u0161\u00edm poslan\u00edm je pon\u00faka\u0165 rie\u0161enia na mieru, ktor\u00e9 presne sp\u013a\u0148aj\u00fa jedine\u010dn\u00e9 potreby po\u013enohospod\u00e1rskeho a priemyseln\u00e9ho sektora, \u010di u\u017e prostredn\u00edctvom jednotliv\u00fdch produktov alebo plne integrovan\u00fdch syst\u00e9mov.<\/p>\n<p>V spolo\u010dnosti FMP si uvedomujeme, \u017ee ka\u017ed\u00fd z\u00e1kazn\u00edk m\u00e1 jedine\u010dn\u00e9 po\u017eiadavky. Preto vynik\u00e1me v poskytovan\u00ed rie\u0161en\u00ed na mieru, ktor\u00e9 s\u00fa navrhnut\u00e9 tak, aby sp\u013a\u0148ali tieto \u0161pecifick\u00e9 potreby. \u010ci u\u017e h\u013ead\u00e1te \u0161pecializovan\u00fa prevodovku alebo kompletn\u00fd syst\u00e9m, \u00fazko s vami spolupracujeme na v\u00fdvoji najefekt\u00edvnej\u0161ieho a najefekt\u00edvnej\u0161ieho rie\u0161enia. N\u00e1\u0161 z\u00e1v\u00e4zok k r\u00fdchlym a profesion\u00e1lnym reakci\u00e1m a odborn\u00e9mu poradenstvu zaru\u010duje, \u017ee ka\u017ed\u00e1 po\u017eiadavka bude spracovan\u00e1 s maxim\u00e1lnou starostlivos\u0165ou a presnos\u0165ou.<\/p>\n<p>Kladieme ve\u013ek\u00fd d\u00f4raz na podporu otvorenej komunik\u00e1cie a spolupr\u00e1ce s na\u0161imi klientmi, najm\u00e4 po\u010das v\u00fdvoja nov\u00fdch produktov. N\u00e1\u0161 \u0161pecializovan\u00fd t\u00edm spolupracuje so z\u00e1kazn\u00edkmi, aby plne pochopil ich v\u00fdzvy a poskytol im cenn\u00e9 poznatky, ktor\u00e9 ved\u00fa k optim\u00e1lnym rie\u0161eniam. \u010ci u\u017e vytv\u00e1rame nov\u00e9 produkty alebo pln\u00edme prebiehaj\u00face objedn\u00e1vky, sme odhodlan\u00ed dod\u00e1va\u0165 vysokokvalitn\u00e9, prec\u00edzne navrhnut\u00e9 rie\u0161enia v\u017edy v\u010das.<\/p>\n<p>Kvalita je z\u00e1kladn\u00fdm kame\u0148om v\u0161etk\u00e9ho, \u010do v spolo\u010dnosti FMP rob\u00edme. Na\u0161e v\u00fdrobn\u00e9 procesy sp\u013a\u0148aj\u00fa najvy\u0161\u0161ie priemyseln\u00e9 \u0161tandardy, \u010d\u00edm zabezpe\u010duj\u00fa presnos\u0165 a nulov\u00e9 chyby. Zav\u00e1dzame pr\u00edsne postupy kontroly kvality, ktor\u00e9 zaru\u010duj\u00fa, \u017ee ka\u017ed\u00fd produkt sp\u013a\u0148a alebo prekon\u00e1va o\u010dak\u00e1vania z\u00e1kazn\u00edkov. Tento z\u00e1v\u00e4zok k dokonalosti v kombin\u00e1cii s na\u0161imi z\u00e1kladn\u00fdmi hodnotami integrity, t\u00edmovej pr\u00e1ce a vytrvalosti n\u00e1m umo\u017enil vybudova\u0165 si trval\u00e9 vz\u0165ahy so z\u00e1kazn\u00edkmi v takmer 30 krajin\u00e1ch sveta.<\/p>\n<p>Spolo\u010dnos\u0165 FMP je v\u017edy otvoren\u00e1 vytv\u00e1raniu glob\u00e1lnych partnerstiev a pon\u00faka odborn\u00e9 poradenstvo a rie\u0161enia na mieru, ktor\u00e9 sp\u013a\u0148aj\u00fa rozmanit\u00e9 potreby na\u0161ich klientov. N\u00e1\u0161 pr\u00edstup ide nad r\u00e1mec samotn\u00e9ho dod\u00e1vania produktov \u2013 zameriavame sa na budovanie dlhodob\u00fdch vz\u0165ahov, ktor\u00e9 prispievaj\u00fa k vz\u00e1jomn\u00e9mu \u00faspechu. \u010ci u\u017e h\u013ead\u00e1te inovat\u00edvne rie\u0161enia pre nov\u00fd projekt alebo potrebujete podporu pre existuj\u00faci syst\u00e9m, spolo\u010dnos\u0165 FMP sa venuje rie\u0161eniu va\u0161ich technick\u00fdch v\u00fdziev a zabezpe\u010duje v\u00e1\u0161 trval\u00fd \u00faspech.<\/p>\n<p><img loading=\"lazy\" decoding=\"async\" class=\"alignnone size-full wp-image-1861\" src=\"https:\/\/fmp-components.com\/wp-content\/uploads\/2024\/12\/Other-Agricultural-Gearboxes.webp\" sizes=\"(min-width: 0px) and (max-width: 480px) 480px, (min-width: 481px) and (max-width: 980px) 980px, (min-width: 981px) 1200px, 100vw\" srcset=\"https:\/\/fmp-components.com\/wp-content\/uploads\/2024\/12\/Other-Agricultural-Gearboxes.webp 1200w, https:\/\/fmp-components.com\/wp-content\/uploads\/2024\/12\/Other-Agricultural-Gearboxes-980x1143.webp 980w, https:\/\/fmp-components.com\/wp-content\/uploads\/2024\/12\/Other-Agricultural-Gearboxes-480x560.webp 480w\" alt=\"Altri-cambi-agricoli\" width=\"1200\" height=\"1400\" title=\"\"><\/p>\n<p>Autor: CX<\/p>","protected":false},"excerpt":{"rendered":"<p>Rotary Tiller Gearboxes \u2013 Replacement of Comer Code T-281J The Rotary Tiller Gearbox, replacing Comer Code T-281J, is a robust and high-performance gearbox designed to deliver efficient power transfer and ensure the smooth operation of rotary tillers used in various agricultural applications. Engineered for heavy-duty use, this gearbox is ideal for breaking up soil, preparing [&hellip;]<\/p>","protected":false},"featured_media":2082,"comment_status":"open","ping_status":"closed","template":"","meta":{"_et_pb_use_builder":"","_et_pb_old_content":"","_et_gb_content_width":""},"product_brand":[],"product_cat":[53],"product_tag":[],"class_list":{"0":"post-2072","1":"product","2":"type-product","3":"status-publish","4":"has-post-thumbnail","6":"product_cat-rotary-tiller-gearbox","8":"first","9":"instock","10":"shipping-taxable","11":"product-type-simple"},"_links":{"self":[{"href":"https:\/\/fmp-components.com\/sk\/wp-json\/wp\/v2\/product\/2072","targetHints":{"allow":["GET"]}}],"collection":[{"href":"https:\/\/fmp-components.com\/sk\/wp-json\/wp\/v2\/product"}],"about":[{"href":"https:\/\/fmp-components.com\/sk\/wp-json\/wp\/v2\/types\/product"}],"replies":[{"embeddable":true,"href":"https:\/\/fmp-components.com\/sk\/wp-json\/wp\/v2\/comments?post=2072"}],"wp:featuredmedia":[{"embeddable":true,"href":"https:\/\/fmp-components.com\/sk\/wp-json\/wp\/v2\/media\/2082"}],"wp:attachment":[{"href":"https:\/\/fmp-components.com\/sk\/wp-json\/wp\/v2\/media?parent=2072"}],"wp:term":[{"taxonomy":"product_brand","embeddable":true,"href":"https:\/\/fmp-components.com\/sk\/wp-json\/wp\/v2\/product_brand?post=2072"},{"taxonomy":"product_cat","embeddable":true,"href":"https:\/\/fmp-components.com\/sk\/wp-json\/wp\/v2\/product_cat?post=2072"},{"taxonomy":"product_tag","embeddable":true,"href":"https:\/\/fmp-components.com\/sk\/wp-json\/wp\/v2\/product_tag?post=2072"}],"curies":[{"name":"pracovn\u00fd list","href":"https:\/\/api.w.org\/{rel}","templated":true}]}}