{"id":2054,"date":"2024-12-30T01:51:43","date_gmt":"2024-12-30T01:51:43","guid":{"rendered":"https:\/\/fmp-components.com\/?page_id=8"},"modified":"2024-12-30T02:12:06","modified_gmt":"2024-12-30T02:12:06","slug":"pull-behind-mower-gearbox-trailing-mower-gearbox-fmp-gc325-for-lawn-mower","status":"publish","type":"product","link":"https:\/\/fmp-components.com\/sk\/product\/pull-behind-mower-gearbox-trailing-mower-gearbox-fmp-gc325-for-lawn-mower\/","title":{"rendered":"Prevodovka pre \u0165ahan\u00fa kosa\u010dku (prevodovka pre \u0165ahan\u00fa kosa\u010dku) FMP-GC325 pre kosa\u010dku na tr\u00e1vu"},"content":{"rendered":"<p><img loading=\"lazy\" decoding=\"async\" class=\"size-full wp-image-2060 aligncenter\" src=\"https:\/\/fmp-components.com\/wp-content\/uploads\/2024\/12\/Lawn-Mower-Gearbox-12.webp\" alt=\"Prevodovka kosa\u010dky na tr\u00e1vu\" width=\"500\" height=\"500\" title=\"\" srcset=\"https:\/\/fmp-components.com\/wp-content\/uploads\/2024\/12\/Lawn-Mower-Gearbox-12.webp 500w, https:\/\/fmp-components.com\/wp-content\/uploads\/2024\/12\/Lawn-Mower-Gearbox-12-480x480.webp 480w\" sizes=\"(min-width: 0px) and (max-width: 480px) 480px, (min-width: 481px) 500px, 100vw\" \/><\/p>\n<h2>Rozmery prevodovky \u0165ahanej kosa\u010dky FMP-GC325\u00a0<img loading=\"lazy\" decoding=\"async\" class=\"alignnone size-full wp-image-2058\" src=\"https:\/\/fmp-components.com\/wp-content\/uploads\/2024\/12\/Trailing-Mower-Gearbox-FMP-GC325-Dimensions.webp\" alt=\"Rozmery prevodovky \u0165ahanej kosa\u010dky FMP GC325\" width=\"1291\" height=\"812\" title=\"\" srcset=\"https:\/\/fmp-components.com\/wp-content\/uploads\/2024\/12\/Trailing-Mower-Gearbox-FMP-GC325-Dimensions.webp 1291w, https:\/\/fmp-components.com\/wp-content\/uploads\/2024\/12\/Trailing-Mower-Gearbox-FMP-GC325-Dimensions-1280x805.webp 1280w, https:\/\/fmp-components.com\/wp-content\/uploads\/2024\/12\/Trailing-Mower-Gearbox-FMP-GC325-Dimensions-980x616.webp 980w, https:\/\/fmp-components.com\/wp-content\/uploads\/2024\/12\/Trailing-Mower-Gearbox-FMP-GC325-Dimensions-480x302.webp 480w\" sizes=\"(min-width: 0px) and (max-width: 480px) 480px, (min-width: 481px) and (max-width: 980px) 980px, (min-width: 981px) and (max-width: 1280px) 1280px, (min-width: 1281px) 1291px, 100vw\" \/><\/h2>\n<h2>Rozmery hriade\u013ea prevodovky \u0165ahanej kosa\u010dky FMP-GC325<\/h2>\n<p><img loading=\"lazy\" decoding=\"async\" class=\"alignnone size-full wp-image-2057\" src=\"https:\/\/fmp-components.com\/wp-content\/uploads\/2024\/12\/Trailing-Mower-Gearbox-FMP-GC325-Shaft-Dimensions.webp\" alt=\"Rozmery hriade\u013ea prevodovky \u0165ahanej kosa\u010dky FMP GC325\" width=\"1074\" height=\"348\" title=\"\" srcset=\"https:\/\/fmp-components.com\/wp-content\/uploads\/2024\/12\/Trailing-Mower-Gearbox-FMP-GC325-Shaft-Dimensions.webp 1074w, https:\/\/fmp-components.com\/wp-content\/uploads\/2024\/12\/Trailing-Mower-Gearbox-FMP-GC325-Shaft-Dimensions-980x318.webp 980w, https:\/\/fmp-components.com\/wp-content\/uploads\/2024\/12\/Trailing-Mower-Gearbox-FMP-GC325-Shaft-Dimensions-480x156.webp 480w\" sizes=\"(min-width: 0px) and (max-width: 480px) 480px, (min-width: 481px) and (max-width: 980px) 980px, (min-width: 981px) 1074px, 100vw\" \/><\/p>\n<h2>Technick\u00e9 \u00fadaje prevodovky \u0165ahanej kosa\u010dky FMP-GC325<\/h2>\n<table style=\"width: 97.8567%; height: 138px;\" border=\"1\" cellspacing=\"0\" cellpadding=\"0\">\n<tbody>\n<tr>\n<td colspan=\"3\" rowspan=\"2\">ja<\/td>\n<td rowspan=\"2\">Vhodn\u00e9<\/td>\n<td>Vstup ot\u00e1\u010dok<\/td>\n<td>V\u00fdstupn\u00e9 ot\u00e1\u010dky<\/td>\n<td>kW (nomin\u00e1lny)<\/td>\n<td>V\u00fdstupn\u00fd kr\u00fatiaci moment<\/td>\n<td rowspan=\"2\">Prerez\u00e1vanie zubov<\/td>\n<\/tr>\n<tr>\n<td>ot.\/min.<\/td>\n<td>ot.\/min.<\/td>\n<td>hp<\/td>\n<td>Nm<\/td>\n<\/tr>\n<tr>\n<td colspan=\"2\">Zv\u00fd\u0161enie r\u00fdchlosti<\/td>\n<td>1: 1<\/td>\n<td>Kosa\u010dka na tr\u00e1vu at\u010f.<\/td>\n<td>540<\/td>\n<td>540<\/td>\n<td>160<\/td>\n<td>1400<\/td>\n<td>Gleason Helical<br \/>\nZuby<\/td>\n<\/tr>\n<tr>\n<td colspan=\"9\">Pozn\u00e1mka: Ak m\u00e1te nejak\u00e9 \u0161peci\u00e1lne po\u017eiadavky, nev\u00e1hajte mi da\u0165 vedie\u0165, akceptujeme aj z\u00e1kazku.<\/td>\n<\/tr>\n<\/tbody>\n<\/table>\n<h2>Rozmery \u017eacej li\u0161ty \u0165ahanej kosa\u010dky (\u017eacia li\u0161ta \u0165ahanej kosa\u010dky) FMP-GCYB<\/h2>\n<p><img loading=\"lazy\" decoding=\"async\" class=\"alignnone size-full wp-image-2053\" src=\"https:\/\/fmp-components.com\/wp-content\/uploads\/2024\/12\/Pull-behind-Mower-Cutter-Bar-Trailing-Mower-Cutter-Bar.webp\" alt=\"\u0164ahaj\u00faca sa \u017eacia li\u0161ta kosa\u010dky - \u0164ahaj\u00faca sa \u017eacia li\u0161ta kosa\u010dky\" width=\"805\" height=\"1024\" title=\"\" srcset=\"https:\/\/fmp-components.com\/wp-content\/uploads\/2024\/12\/Pull-behind-Mower-Cutter-Bar-Trailing-Mower-Cutter-Bar.webp 805w, https:\/\/fmp-components.com\/wp-content\/uploads\/2024\/12\/Pull-behind-Mower-Cutter-Bar-Trailing-Mower-Cutter-Bar-480x611.webp 480w\" sizes=\"(min-width: 0px) and (max-width: 480px) 480px, (min-width: 481px) 805px, 100vw\" \/><\/p>\n<h2>\u0164ahov\u00e1 kosa\u010dka (vle\u010dn\u00e1 kosa\u010dka) FMP-GCYB Technick\u00e9 \u00fadaje<\/h2>\n<table style=\"width: 101.49%; height: 211px;\" border=\"1\" cellspacing=\"0\" cellpadding=\"0\">\n<tbody>\n<tr>\n<td style=\"width: 45.2514%;\">\u010c\u00edslo modelu<\/td>\n<td style=\"width: 27.1881%;\">FMP-GCYB06<\/td>\n<td style=\"width: 27.1881%;\">FMP-GCYB07<\/td>\n<\/tr>\n<tr>\n<td style=\"width: 45.2514%;\">MOP (kw\/hp)<\/td>\n<td style=\"width: 27.1881%;\">52\/70<\/td>\n<td style=\"width: 27.1881%;\">66\/90<\/td>\n<\/tr>\n<tr>\n<td style=\"width: 45.2514%;\">Pracovn\u00e1 \u0161\u00edrka (m)<\/td>\n<td style=\"width: 27.1881%;\">2.5<\/td>\n<td style=\"width: 27.1881%;\">3.0<\/td>\n<\/tr>\n<tr>\n<td style=\"width: 45.2514%;\">\u010d\u00edslo fr\u00e9zy (n)<\/td>\n<td style=\"width: 27.1881%;\">6<\/td>\n<td style=\"width: 27.1881%;\">7<\/td>\n<\/tr>\n<tr>\n<td style=\"width: 45.2514%;\">Po\u010det lopatiek (n)<\/td>\n<td style=\"width: 27.1881%;\">12<\/td>\n<td style=\"width: 27.1881%;\">14<\/td>\n<\/tr>\n<tr>\n<td style=\"width: 45.2514%;\">Vstupn\u00e9 ot\u00e1\u010dky (ot\/min)<\/td>\n<td style=\"width: 54.3762%;\" colspan=\"2\">3000<\/td>\n<\/tr>\n<tr>\n<td style=\"width: 45.2514%;\">V\u00fdstupn\u00e9 ot\u00e1\u010dky (ot\/min)<\/td>\n<td style=\"width: 54.3762%;\" colspan=\"2\">3000<\/td>\n<\/tr>\n<tr>\n<td style=\"width: 99.6276%;\" colspan=\"3\">Pozn\u00e1mka: Ak m\u00e1te nejak\u00e9 \u0161peci\u00e1lne po\u017eiadavky, nev\u00e1hajte mi da\u0165 vedie\u0165, akceptujeme aj z\u00e1kazku.<\/td>\n<\/tr>\n<\/tbody>\n<\/table>\n<h2>Vlastnosti prevodovky \u0165ahanej kosa\u010dky (prevodovka \u0165ahanej kosa\u010dky)<\/h2>\n<p>Prevodovka \u0165ahanej kosa\u010dky, zn\u00e1ma aj ako prevodovka \u0165ahanej kosa\u010dky, je z\u00e1kladnou s\u00fa\u010das\u0165ou po\u013enohospod\u00e1rskych a z\u00e1hradn\u00fdch strojov. Je navrhnut\u00e1 tak, aby efekt\u00edvne pren\u00e1\u0161ala v\u00fdkon z v\u00fdvodov\u00e9ho hriade\u013ea traktora na rezn\u00fd mechanizmus kosa\u010dky, \u010d\u00edm zabezpe\u010duje optim\u00e1lny v\u00fdkon pri r\u00f4znych aplik\u00e1ci\u00e1ch kosenia a \u00fadr\u017eby pol\u00ed. Ni\u017e\u0161ie s\u00fa uveden\u00e9 k\u013e\u00fa\u010dov\u00e9 vlastnosti prevodovky \u0165ahanej kosa\u010dky:<\/p>\n<ol>\n<li>Odoln\u00e1 kon\u0161trukcia:\n<ul>\n<li>Prevodovky \u0165ahan\u00fdch kosa\u010diek s\u00fa vyroben\u00e9 z robustn\u00fdch, vysoko kvalitn\u00fdch materi\u00e1lov, aby odolali n\u00e1ro\u010dn\u00fdm podmienkam vonkaj\u0161ieho pou\u017e\u00edvania. Ich odoln\u00e1 kon\u0161trukcia zais\u0165uje dlhotrvaj\u00facu \u017eivotnos\u0165, a to aj v n\u00e1ro\u010dnom ter\u00e9ne a n\u00e1ro\u010dn\u00fdch prev\u00e1dzkov\u00fdch podmienkach.<\/li>\n<\/ul>\n<\/li>\n<li>Efekt\u00edvny prenos energie:\n<ul>\n<li>Tieto prevodovky s\u00fa skon\u0161truovan\u00e9 tak, aby efekt\u00edvne pren\u00e1\u0161ali v\u00fdkon z v\u00fdvodov\u00e9ho hriade\u013ea traktora na no\u017ee kosa\u010dky alebo rezn\u00fd mechanizmus. To zais\u0165uje plynul\u00fd chod kosa\u010dky s minim\u00e1lnou stratou v\u00fdkonu a konzistentn\u00fd v\u00fdkon kosenia.<\/li>\n<\/ul>\n<\/li>\n<li>Plynul\u00e1 prev\u00e1dzka:\n<ul>\n<li>Prevodovky kosa\u010diek s \u0165ahan\u00edm s\u00fa navrhnut\u00e9 pre minim\u00e1lne vibr\u00e1cie a plynul\u00fd chod prevodovky a zni\u017euj\u00fa opotrebovanie prevodovky aj kosa\u010dky. V\u00fdsledkom je lep\u0161\u00ed kosiaci v\u00fdkon, zn\u00ed\u017een\u00e9 n\u00e1roky na \u00fadr\u017ebu a pohodlnej\u0161\u00ed pou\u017e\u00edvate\u013esk\u00fd komfort.<\/li>\n<\/ul>\n<\/li>\n<li>V\u0161estrannos\u0165:\n<ul>\n<li>Prevodovky \u0165ahan\u00fdch kosa\u010diek s\u00fa kompatibiln\u00e9 so \u0161irokou \u0161k\u00e1lou \u017eac\u00edch strojov, ako s\u00fa rota\u010dn\u00e9 kosa\u010dky, kosa\u010dky na kroviny a kosa\u010dky na tr\u00e1vu. Ich v\u0161estrannos\u0165 umo\u017e\u0148uje pou\u017e\u00edvate\u013eom prisp\u00f4sobi\u0165 prevodovku r\u00f4znym aplik\u00e1ci\u00e1m, od kosenia pasienkov a\u017e po \u010distenie kr\u00edkov a \u00fadr\u017ebu ve\u013ek\u00fdch pl\u00f4ch.<\/li>\n<\/ul>\n<\/li>\n<li>Jednoduch\u00e1 \u00fadr\u017eba:\n<ul>\n<li>Mnoh\u00e9 prevodovky \u0165ahan\u00fdch kosa\u010diek s\u00fa vybaven\u00e9 praktick\u00fdmi prvkami \u00fadr\u017eby, ako s\u00fa napr\u00edklad plniace a vyp\u00fa\u0161\u0165acie z\u00e1tky oleja, ktor\u00e9 u\u013eah\u010duj\u00fa v\u00fdmenu oleja a mazanie. Pravideln\u00e1 \u00fadr\u017eba je zjednodu\u0161en\u00e1, \u010do zabezpe\u010duje, \u017ee prevodovka zostane v optim\u00e1lnom stave a pred\u013a\u017ei jej prev\u00e1dzkov\u00fa \u017eivotnos\u0165.<\/li>\n<\/ul>\n<\/li>\n<\/ol>\n<p>Stru\u010dne povedan\u00e9, prevodovka \u0165ahanej kosa\u010dky je navrhnut\u00e1 s oh\u013eadom na odolnos\u0165, \u00fa\u010dinnos\u0165 a jednoduch\u00e9 pou\u017e\u00edvanie, v\u010faka \u010domu je nevyhnutnou s\u00fa\u010das\u0165ou \u0161irokej \u0161k\u00e1ly \u00faloh kosenia a \u00fadr\u017eby p\u00f4dy. \u010ci u\u017e ide o po\u013enohospod\u00e1rstvo, ter\u00e9nne \u00fapravy alebo kosenie pri cest\u00e1ch, jej spo\u013eahliv\u00fd v\u00fdkon a u\u017e\u00edvate\u013esky pr\u00edvetiv\u00e9 funkcie z nej robia cenn\u00fd n\u00e1stroj na dosiahnutie efekt\u00edvnych a vysoko kvalitn\u00fdch v\u00fdsledkov.<\/p>\n<p><img loading=\"lazy\" decoding=\"async\" class=\"alignnone size-full wp-image-2062\" src=\"https:\/\/fmp-components.com\/wp-content\/uploads\/2024\/12\/Lawn-Mower-Gearbox-11.webp\" alt=\"Prevodovka kosa\u010dky na tr\u00e1vu\" width=\"1256\" height=\"758\" title=\"\" srcset=\"https:\/\/fmp-components.com\/wp-content\/uploads\/2024\/12\/Lawn-Mower-Gearbox-11.webp 1256w, https:\/\/fmp-components.com\/wp-content\/uploads\/2024\/12\/Lawn-Mower-Gearbox-11-980x591.webp 980w, https:\/\/fmp-components.com\/wp-content\/uploads\/2024\/12\/Lawn-Mower-Gearbox-11-480x290.webp 480w\" sizes=\"(min-width: 0px) and (max-width: 480px) 480px, (min-width: 481px) and (max-width: 980px) 980px, (min-width: 981px) 1256px, 100vw\" \/><\/p>\n<h2>Be\u017en\u00e9 aplik\u00e1cie prevodovky \u0165ahanej kosa\u010dky FMP-GC325<\/h2>\n<p>Prevodovka pre \u0165ahan\u00fa kosa\u010dku FMP-GC325 je navrhnut\u00e1 pre \u0161irok\u00fa \u0161k\u00e1lu po\u013enohospod\u00e1rskych a krajin\u00e1rskych aplik\u00e1ci\u00ed a poskytuje efekt\u00edvny prenos v\u00fdkonu a spo\u013eahliv\u00fd v\u00fdkon. Ni\u017e\u0161ie s\u00fa uveden\u00e9 niektor\u00e9 z najbe\u017enej\u0161\u00edch aplik\u00e1ci\u00ed prevodovky FMP-GC325:<\/p>\n<ol>\n<li>Kosenie pasienkov:\n<ul>\n<li>Prevodovka FMP-GC325 sa be\u017ene pou\u017e\u00edva pri kosen\u00ed pasienkov, kde pom\u00e1ha zvl\u00e1da\u0165 ve\u013ek\u00e9 plochy tr\u00e1vy. Efekt\u00edvne poh\u00e1\u0148a rota\u010dn\u00e9 kosa\u010dky alebo kosa\u010dky na kosenie hustej veget\u00e1cie a udr\u017eiavanie zdrav\u00fdch pasienkov.<\/li>\n<\/ul>\n<\/li>\n<li>\u00dadr\u017eba v ter\u00e9ne:\n<ul>\n<li>T\u00e1to prevodovka je ide\u00e1lna na \u00fadr\u017ebu po\u013enohospod\u00e1rskych pol\u00ed vr\u00e1tane kosenia buriny, tr\u00e1vy a podrastu na poliach, v sadoch a vinohradoch. Jej v\u0161estrannos\u0165 umo\u017e\u0148uje jej kombin\u00e1ciu s r\u00f4znymi rezac\u00edmi n\u00e1strojmi a prisp\u00f4sobenie sa \u0161pecifick\u00fdm potreb\u00e1m r\u00f4znych typov pol\u00ed.<\/li>\n<\/ul>\n<\/li>\n<li>Kosenie tr\u00e1vnika pri ceste:\n<ul>\n<li>Pri \u00fadr\u017ebe vidieckych oblast\u00ed a dia\u013enic poh\u00e1\u0148a prevodovka FMP-GC325 \u0165ahan\u00e9 kosa\u010dky, ktor\u00e9 sa pou\u017e\u00edvaj\u00fa na odstra\u0148ovanie veget\u00e1cie pri cest\u00e1ch, \u010d\u00edm zabezpe\u010duje jasn\u00fa vidite\u013enos\u0165 a bezpe\u010dn\u00e9 jazdn\u00e9 podmienky. Kos\u00ed tr\u00e1vu, kr\u00edky a mal\u00e9 stromy pozd\u013a\u017e ciest, priekop a n\u00e1sypov.<\/li>\n<\/ul>\n<\/li>\n<li>\u010cistenie pozemkov a kosenie krov\u00edn:\n<ul>\n<li>FMP-GC325 je vysoko \u00fa\u010dinn\u00fd pri \u010disten\u00ed p\u00f4dy, najm\u00e4 pri pou\u017eit\u00ed s \u200b\u200b\u200b\u200b\u0165a\u017ek\u00fdmi rota\u010dn\u00fdmi kosa\u010dkami alebo kosa\u010dkami s krovinami. Je ide\u00e1lny na \u010distenie hustej veget\u00e1cie, kr\u00edkov a zarasten\u00fdch pl\u00f4ch, \u010d\u00edm pripravuje p\u00f4du na \u010fal\u0161ie po\u013enohospod\u00e1rske vyu\u017eitie alebo v\u00fdstavbu.<\/li>\n<\/ul>\n<\/li>\n<li>\u00dadr\u017eba rozsiahlych pozemkov a rekrea\u010dn\u00fdch oblast\u00ed:\n<ul>\n<li>Prevodovka FMP-GC325 sa pou\u017e\u00edva aj na \u00fadr\u017ebu ve\u013ek\u00fdch otvoren\u00fdch priestorov, ako s\u00fa parky, golfov\u00e9 ihrisk\u00e1 a \u0161portovisk\u00e1. Dok\u00e1\u017ee poh\u00e1\u0148a\u0165 \u0161irok\u00e9 kosiace zariadenia, \u010d\u00edm zabezpe\u010duje efekt\u00edvne a rovnomern\u00e9 kosenie tr\u00e1vy v rozsiahlych oblastiach.<\/li>\n<\/ul>\n<\/li>\n<\/ol>\n<p>V\u010faka spo\u013eahliv\u00e9mu a v\u0161estrann\u00e9mu v\u00fdkonu podporuje prevodovka \u0165ahanej kosa\u010dky FMP-GC325 r\u00f4zne aplik\u00e1cie, od kosenia pasienkov a \u010distenia p\u00f4dy a\u017e po \u00fadr\u017ebu ve\u013ek\u00fdch pozemkov, v\u010faka \u010domu je nevyhnutnou s\u00fa\u010das\u0165ou po\u013enohospod\u00e1rskych a z\u00e1hradn\u00fdch strojov.<\/p>\n<p><img loading=\"lazy\" decoding=\"async\" class=\"alignnone size-full wp-image-2061\" src=\"https:\/\/fmp-components.com\/wp-content\/uploads\/2024\/12\/Trailing-Mower-Gearbox-EP-GC325-Common-Applications.webp\" alt=\"Prevodovka \u0165ahanej kosa\u010dky FMP GC325 - Be\u017en\u00e9 aplik\u00e1cie\" width=\"980\" height=\"551\" title=\"\" srcset=\"https:\/\/fmp-components.com\/wp-content\/uploads\/2024\/12\/Trailing-Mower-Gearbox-EP-GC325-Common-Applications.webp 980w, https:\/\/fmp-components.com\/wp-content\/uploads\/2024\/12\/Trailing-Mower-Gearbox-EP-GC325-Common-Applications-480x270.webp 480w\" sizes=\"(min-width: 0px) and (max-width: 480px) 480px, (min-width: 481px) 980px, 100vw\" \/><\/p>\n<div class=\"flex max-w-full flex-col flex-grow\">\n<div class=\"min-h-8 text-message flex w-full flex-col items-end gap-2 whitespace-normal break-words text-start [.text-message+&amp;]:mt-5\" dir=\"auto\" data-message-author-role=\"assistant\" data-message-id=\"f0e5c835-c083-47c5-957f-0b86b6a1a5cd\" data-message-model-slug=\"gpt-4o\">\n<div class=\"flex w-full flex-col gap-1 empty:hidden first:pt-[3px]\">\n<div class=\"markdown prose w-full break-words dark:prose-invert light\">\n<h3>O FMP<\/h3>\n<p>Spolo\u010dnos\u0165 FMP so s\u00eddlom v Taliansku je popredn\u00fdm v\u00fdrobcom uzn\u00e1van\u00fdm pre svoje odborn\u00e9 znalosti v oblasti n\u00e1vrhu, v\u00fdvoja a v\u00fdroby vysokov\u00fdkonn\u00fdch prevodoviek, ktor\u00e9 sl\u00fa\u017eia predov\u0161etk\u00fdm sektoru po\u013enohospod\u00e1rskych strojov. Spolo\u010dnos\u0165 FMP je zn\u00e1ma pre svoje presn\u00e9 in\u017einierstvo, inov\u00e1cie a neochvejn\u00fa spo\u013eahlivos\u0165 a vybudovala si siln\u00fa reput\u00e1ciu v\u010faka dod\u00e1vaniu vynikaj\u00facich produktov, ktor\u00e9 sp\u013a\u0148aj\u00fa neust\u00e1le sa vyv\u00edjaj\u00face po\u017eiadavky po\u013enohospod\u00e1rskeho a priemyseln\u00e9ho odvetvia. N\u00e1\u0161 rozmanit\u00fd sortiment produktov zah\u0155\u0148a \u0161pecializovan\u00e9 prevodovky pre kosa\u010dky na tr\u00e1vu, v\u00fdvodov\u00e9 hriadele a \u010fal\u0161ie kritick\u00e9 komponenty, pri\u010dom v\u0161etky s\u00fa navrhnut\u00e9 tak, aby pon\u00fakali rie\u0161enia na mieru v \u0161irokom spektre aplik\u00e1ci\u00ed.<\/p>\n<p>V spolo\u010dnosti FMP ch\u00e1peme, \u017ee ka\u017ed\u00fd klient m\u00e1 jedine\u010dn\u00e9 potreby a v\u00fdzvy. Preto sa \u0161pecializujeme na poskytovanie rie\u0161en\u00ed na mieru \u2013 \u010di u\u017e ide o jednotliv\u00e9 komponenty alebo plne integrovan\u00e9 syst\u00e9my. Pou\u017e\u00edvame spolo\u010dn\u00fd pr\u00edstup a \u00fazko spolupracujeme s na\u0161imi z\u00e1kazn\u00edkmi, aby sme zabezpe\u010dili, \u017ee ka\u017ed\u00e9 rie\u0161enie je vysoko efekt\u00edvne a \u00fa\u010dinn\u00e9. N\u00e1\u0161 z\u00e1v\u00e4zok k r\u00fdchlym a profesion\u00e1lnym reakci\u00e1m a odborn\u00e9mu vedeniu zaru\u010duje, \u017ee ka\u017ed\u00e1 ot\u00e1zka bude rie\u0161en\u00e1 s maxim\u00e1lnou starostlivos\u0165ou a presnos\u0165ou.<\/p>\n<p>Kladieme ve\u013ek\u00fd d\u00f4raz na otvoren\u00fa a priebe\u017en\u00fa komunik\u00e1ciu, najm\u00e4 pri v\u00fdvoji nov\u00fdch produktov. N\u00e1\u0161 \u0161pecializovan\u00fd t\u00edm spolupracuje priamo s klientmi, aby plne pochopil ich po\u017eiadavky a pon\u00fakol im praktick\u00e9 poznatky, ktor\u00e9 ved\u00fa k optim\u00e1lnym rie\u0161eniam. \u010ci u\u017e navrhujeme inovat\u00edvne produkty alebo pln\u00edme existuj\u00face objedn\u00e1vky, sme odhodlan\u00ed dod\u00e1va\u0165 vysokokvalitn\u00e9, prec\u00edzne navrhnut\u00e9 rie\u0161enia r\u00fdchlo a spo\u013eahlivo.<\/p>\n<p>Jadrom \u010dinnosti spolo\u010dnosti FMP je na\u0161e ne\u00fanavn\u00e9 zameranie na kvalitu. Dodr\u017eiavame najvy\u0161\u0161ie v\u00fdrobn\u00e9 \u0161tandardy a zav\u00e1dzame pr\u00edsne opatrenia na kontrolu kvality, aby sme zabezpe\u010dili, \u017ee ka\u017ed\u00fd produkt sp\u013a\u0148a alebo prekon\u00e1va o\u010dak\u00e1vania odvetvia. Na\u0161e odhodlanie pre kvalitu v kombin\u00e1cii s na\u0161imi z\u00e1kladn\u00fdmi hodnotami, ako s\u00fa integrita, t\u00edmov\u00e1 pr\u00e1ca a vytrvalos\u0165, n\u00e1m umo\u017enilo vybudova\u0165 si trval\u00e9 a d\u00f4veryhodn\u00e9 vz\u0165ahy so z\u00e1kazn\u00edkmi v takmer 30 krajin\u00e1ch sveta.<\/p>\n<p>Spolo\u010dnos\u0165 FMP je v\u017edy otvoren\u00e1 podpore glob\u00e1lnych partnerstiev a na\u010falej sa venuje poskytovaniu odborn\u00e9ho poradenstva a rie\u0161en\u00ed na mieru, ktor\u00e9 sp\u013a\u0148aj\u00fa rozmanit\u00e9 potreby na\u0161ich klientov. Ideme nad r\u00e1mec jednoduchej dod\u00e1vky produktov \u2013 sna\u017e\u00edme sa budova\u0165 dlhodob\u00e9 vz\u0165ahy, ktor\u00e9 prispievaj\u00fa k \u00faspechu ka\u017ed\u00e9ho projektu. \u010ci u\u017e potrebujete inovat\u00edvne rie\u0161enia pre nov\u00fa iniciat\u00edvu alebo priebe\u017en\u00fa podporu pre existuj\u00faci syst\u00e9m, FMP je tu, aby rie\u0161ila va\u0161e technick\u00e9 v\u00fdzvy a pomohla v\u00e1m zabezpe\u010di\u0165 v\u00e1\u0161 trval\u00fd \u00faspech.<\/p>\n<p><img loading=\"lazy\" decoding=\"async\" class=\"alignnone size-full wp-image-1861\" src=\"https:\/\/fmp-components.com\/wp-content\/uploads\/2024\/12\/Other-Agricultural-Gearboxes.webp\" sizes=\"(min-width: 0px) and (max-width: 480px) 480px, (min-width: 481px) and (max-width: 980px) 980px, (min-width: 981px) 1200px, 100vw\" srcset=\"https:\/\/fmp-components.com\/wp-content\/uploads\/2024\/12\/Other-Agricultural-Gearboxes.webp 1200w, https:\/\/fmp-components.com\/wp-content\/uploads\/2024\/12\/Other-Agricultural-Gearboxes-980x1143.webp 980w, https:\/\/fmp-components.com\/wp-content\/uploads\/2024\/12\/Other-Agricultural-Gearboxes-480x560.webp 480w\" alt=\"Altri-cambi-agricoli\" width=\"1200\" height=\"1400\" title=\"\"><\/p>\n<p>Autor: CX<\/p>\n<\/div>\n<\/div>\n<\/div>\n<\/div>","protected":false},"excerpt":{"rendered":"<p>Dimensions of Trailing Mower Gearbox FMP-GC325\u00a0 Trailing Mower Gearbox FMP-GC325 Shaft Dimensions Trailing Mower Gearbox FMP-GC325 Technical Data i Suitable Rpm input Rpm output KW(Nom) Output torque Toothing r\/min r\/min hp N.m Speed increase 1: 1 Lawn Mower, etc 540 540 160 1400 Gleason Helical Teeth Remark: If you have any special require feel free [&hellip;]<\/p>","protected":false},"featured_media":2060,"comment_status":"open","ping_status":"closed","template":"","meta":{"_et_pb_use_builder":"","_et_pb_old_content":"","_et_gb_content_width":""},"product_brand":[],"product_cat":[52],"product_tag":[],"class_list":{"0":"post-2054","1":"product","2":"type-product","3":"status-publish","4":"has-post-thumbnail","6":"product_cat-lawn-mower-gearbox","8":"first","9":"instock","10":"shipping-taxable","11":"product-type-simple"},"_links":{"self":[{"href":"https:\/\/fmp-components.com\/sk\/wp-json\/wp\/v2\/product\/2054","targetHints":{"allow":["GET"]}}],"collection":[{"href":"https:\/\/fmp-components.com\/sk\/wp-json\/wp\/v2\/product"}],"about":[{"href":"https:\/\/fmp-components.com\/sk\/wp-json\/wp\/v2\/types\/product"}],"replies":[{"embeddable":true,"href":"https:\/\/fmp-components.com\/sk\/wp-json\/wp\/v2\/comments?post=2054"}],"wp:featuredmedia":[{"embeddable":true,"href":"https:\/\/fmp-components.com\/sk\/wp-json\/wp\/v2\/media\/2060"}],"wp:attachment":[{"href":"https:\/\/fmp-components.com\/sk\/wp-json\/wp\/v2\/media?parent=2054"}],"wp:term":[{"taxonomy":"product_brand","embeddable":true,"href":"https:\/\/fmp-components.com\/sk\/wp-json\/wp\/v2\/product_brand?post=2054"},{"taxonomy":"product_cat","embeddable":true,"href":"https:\/\/fmp-components.com\/sk\/wp-json\/wp\/v2\/product_cat?post=2054"},{"taxonomy":"product_tag","embeddable":true,"href":"https:\/\/fmp-components.com\/sk\/wp-json\/wp\/v2\/product_tag?post=2054"}],"curies":[{"name":"pracovn\u00fd list","href":"https:\/\/api.w.org\/{rel}","templated":true}]}}