{"id":2039,"date":"2024-12-30T01:00:18","date_gmt":"2024-12-30T01:00:18","guid":{"rendered":"https:\/\/fmp-components.com\/?page_id=8"},"modified":"2024-12-30T01:08:49","modified_gmt":"2024-12-30T01:08:49","slug":"agricultural-lawn-mower-gearbox-fmp-140","status":"publish","type":"product","link":"https:\/\/fmp-components.com\/sk\/product\/agricultural-lawn-mower-gearbox-fmp-140\/","title":{"rendered":"Prevodovka pre po\u013enohospod\u00e1rsku kosa\u010dku FMP-140"},"content":{"rendered":"<h2>Prevodovka pre po\u013enohospod\u00e1rsku kosa\u010dku FMP-140 \u2013 Predstavenie produktu<\/h2>\n<p>Prevodovka pre po\u013enohospod\u00e1rsku kosa\u010dku FMP-140 je vysoko v\u00fdkonn\u00e1 a odoln\u00e1 prevodovka navrhnut\u00e1 \u0161peci\u00e1lne pre kosa\u010dky na tr\u00e1vu a in\u00e9 po\u013enohospod\u00e1rske stroje. Prevodovka FMP-140, ktor\u00fa skon\u0161truovala spolo\u010dnos\u0165 FMP, popredn\u00fd v\u00fdrobca presn\u00fdch prevodoviek, kombinuje spo\u013eahlivos\u0165, \u00fa\u010dinnos\u0165 a dlhotrvaj\u00faci v\u00fdkon, aby sp\u013a\u0148ala po\u017eiadavky komer\u010dn\u00fdch aj reziden\u010dn\u00fdch kosa\u010diek.<\/p>\n<p><strong>K\u013e\u00fa\u010dov\u00e9 vlastnosti:<\/strong><\/p>\n<ol>\n<li><strong>Robustn\u00e1 kon\u0161trukcia:<\/strong> Model FMP-140 je vyroben\u00fd z vysoko kvalitn\u00fdch materi\u00e1lov, aby odolal n\u00e1ro\u010dn\u00fdm podmienkam po\u013enohospod\u00e1rskej pr\u00e1ce. Jeho odoln\u00e1 kon\u0161trukcia zaru\u010duje, \u017ee zvl\u00e1dne aj n\u00e1ro\u010dn\u00e9 pou\u017e\u00edvanie a poskytuje dlh\u00fa \u017eivotnos\u0165 aj v n\u00e1ro\u010dn\u00fdch podmienkach.<\/li>\n<li><strong>Vysok\u00e1 \u00fa\u010dinnos\u0165:<\/strong> T\u00e1to prevodovka je navrhnut\u00e1 tak, aby maximalizovala prev\u00e1dzkov\u00fa \u00fa\u010dinnos\u0165 a zabezpe\u010dovala plynul\u00fd prenos v\u00fdkonu s minim\u00e1lnymi stratami energie. Umo\u017e\u0148uje optim\u00e1lny v\u00fdkon kosa\u010diek na tr\u00e1vu a poskytuje konzistentn\u00fd v\u00fdkon \u017eac\u00edch no\u017eov pre \u010dist\u00fd a presn\u00fd rez.<\/li>\n<li><strong>Kompaktn\u00fd a \u013eahk\u00fd:<\/strong> Prevodovka FMP-140 sa vyzna\u010duje kompaktnou a \u013eahkou kon\u0161trukciou, v\u010faka \u010domu sa \u013eahko in\u0161taluje a integruje do r\u00f4znych syst\u00e9mov kosa\u010diek na tr\u00e1vu. Napriek svojej malej ve\u013ekosti neobmedzuje v\u00fdkon ani v\u00fdkon.<\/li>\n<li><strong>V\u0161estrannos\u0165:<\/strong> FMP-140 je vysoko prisp\u00f4sobiv\u00fd a mo\u017eno ho pou\u017ei\u0165 v r\u00f4znych po\u013enohospod\u00e1rskych strojoch vr\u00e1tane rota\u010dn\u00fdch kosa\u010diek, krovinorezov a in\u00fdch podobn\u00fdch zariaden\u00ed. Jeho v\u0161estrannos\u0165 z neho rob\u00ed spo\u013eahliv\u00fa vo\u013ebu pre r\u00f4zne aplik\u00e1cie.<\/li>\n<li><strong>Jednoduch\u00e1 \u00fadr\u017eba:<\/strong> Prevodovka FMP-140 je navrhnut\u00e1 s oh\u013eadom na jednoduch\u00fa \u00fadr\u017ebu. Jej jednoduch\u00e1, no z\u00e1rove\u0148 robustn\u00e1 kon\u0161trukcia zais\u0165uje, \u017ee be\u017en\u00e1 \u00fadr\u017eba je jednoduch\u00e1, minimalizuje prestoje a zabezpe\u010duje plynul\u00fd chod prev\u00e1dzky.<\/li>\n<li><strong>Prisp\u00f4sobite\u013en\u00e9 mo\u017enosti:<\/strong> Spolo\u010dnos\u0165 FMP pon\u00faka mo\u017enosti prisp\u00f4sobenia prevodovky FMP-140, \u010do umo\u017e\u0148uje jej prisp\u00f4sobenie \u0161pecifick\u00fdm potreb\u00e1m z\u00e1kazn\u00edka vr\u00e1tane \u00faprav vstupn\u00fdch\/v\u00fdstupn\u00fdch hriade\u013eov, priemeru lo\u017e\u00edsk a mont\u00e1\u017enych konfigur\u00e1ci\u00ed.<\/li>\n<\/ol>\n<p><strong>Aplik\u00e1cie:<\/strong><\/p>\n<ul>\n<li>Po\u013enohospod\u00e1rske kosa\u010dky na tr\u00e1vu<\/li>\n<li>Rota\u010dn\u00e9 kosa\u010dky<\/li>\n<li>Krovinorezy<\/li>\n<li>Stroje na starostlivos\u0165 o tr\u00e1vnik<\/li>\n<li>Ostatn\u00e9 po\u013enohospod\u00e1rske stroje vy\u017eaduj\u00face \u00fa\u010dinn\u00fd prenos v\u00fdkonu<\/li>\n<\/ul>\n<table style=\"width: 96.2203%; height: 596px;\" border=\"1\" width=\"100%\" cellspacing=\"0\" cellpadding=\"0\">\n<tbody>\n<tr>\n<td width=\"110\"><img loading=\"lazy\" decoding=\"async\" class=\"alignnone size-full wp-image-2040\" src=\"https:\/\/fmp-components.com\/wp-content\/uploads\/2024\/12\/FMP_agricultural-gearbox-HC-140-2.webp\" alt=\"FMP_po\u013enohospod\u00e1rska-prevodovka-HC-140-2\" width=\"413\" height=\"553\" title=\"\" srcset=\"https:\/\/fmp-components.com\/wp-content\/uploads\/2024\/12\/FMP_agricultural-gearbox-HC-140-2.webp 413w, https:\/\/fmp-components.com\/wp-content\/uploads\/2024\/12\/FMP_agricultural-gearbox-HC-140-2-224x300.webp 224w, https:\/\/fmp-components.com\/wp-content\/uploads\/2024\/12\/FMP_agricultural-gearbox-HC-140-2-9x12.webp 9w\" sizes=\"(max-width: 413px) 100vw, 413px\" \/><\/td>\n<td width=\"98\"><img loading=\"lazy\" decoding=\"async\" class=\"alignnone size-full wp-image-2041\" src=\"https:\/\/fmp-components.com\/wp-content\/uploads\/2024\/12\/Lawn-Mower-Gearbox-9.webp\" alt=\"Prevodovka kosa\u010dky na tr\u00e1vu\" width=\"500\" height=\"500\" title=\"\" srcset=\"https:\/\/fmp-components.com\/wp-content\/uploads\/2024\/12\/Lawn-Mower-Gearbox-9.webp 500w, https:\/\/fmp-components.com\/wp-content\/uploads\/2024\/12\/Lawn-Mower-Gearbox-9-480x480.webp 480w\" sizes=\"(min-width: 0px) and (max-width: 480px) 480px, (min-width: 481px) 500px, 100vw\" \/><\/td>\n<\/tr>\n<\/tbody>\n<\/table>\n<table style=\"width: 97.407%; height: 214px;\" border=\"1\">\n<tbody>\n<tr>\n<td style=\"width: 31.0059%;\"><strong>POLO\u017dKA<\/strong><\/td>\n<td style=\"width: 68.284%;\">FMP-140<\/td>\n<\/tr>\n<tr>\n<td style=\"width: 31.0059%;\"><strong>Pomer<\/strong><\/td>\n<td style=\"width: 68.284%;\">1:1.5\/1:1.93<\/td>\n<\/tr>\n<tr>\n<td style=\"width: 31.0059%;\"><strong>Zuby<\/strong><\/td>\n<td style=\"width: 68.284%;\">21\/14 27\/14<\/td>\n<\/tr>\n<tr>\n<td style=\"width: 31.0059%;\"><strong>Modul<\/strong><\/td>\n<td style=\"width: 68.284%;\">\u00a05.7 \/5.64<\/td>\n<\/tr>\n<tr>\n<td style=\"width: 31.0059%;\"><strong>V\u00fdkon (HP)<\/strong><\/td>\n<td style=\"width: 68.284%;\">60<\/td>\n<\/tr>\n<tr>\n<td style=\"width: 31.0059%;\"><strong>Menovit\u00fd vstup<\/strong><\/td>\n<td style=\"width: 68.284%;\">540 ot.\/min.<\/td>\n<\/tr>\n<tr>\n<td style=\"width: 31.0059%;\"><strong>Popis vstupu\/v\u00fdstupu<\/strong><\/td>\n<td style=\"width: 68.284%;\">1-3\/8 Z6 Ku\u017ee\u013eov\u00e1 dr\u00e1\u017eka<\/td>\n<\/tr>\n<tr>\n<td style=\"width: 31.0059%;\"><strong>Hmotnos\u0165 (NW)<\/strong><\/td>\n<td style=\"width: 68.284%;\">30 kg<\/td>\n<\/tr>\n<\/tbody>\n<\/table>\n<article class=\"w-full scroll-mb-[var(--thread-trailing-height,150px)] text-token-text-primary focus-visible:outline-2 focus-visible:outline-offset-[-4px]\" dir=\"auto\" data-testid=\"conversation-turn-11\" data-scroll-anchor=\"true\">\n<div class=\"m-auto text-base py-[18px] px-3 md:px-4 w-full md:px-5 lg:px-4 xl:px-5\">\n<div class=\"mx-auto flex flex-1 gap-4 text-base md:gap-5 lg:gap-6 md:max-w-3xl lg:max-w-[40rem] xl:max-w-[48rem]\">\n<div class=\"group\/conversation-turn relative flex w-full min-w-0 flex-col agent-turn\">\n<div class=\"flex-col gap-1 md:gap-3\">\n<div class=\"flex max-w-full flex-col flex-grow\">\n<div class=\"min-h-8 text-message flex w-full flex-col items-end gap-2 whitespace-normal break-words text-start [.text-message+&amp;]:mt-5\" dir=\"auto\" data-message-author-role=\"assistant\" data-message-id=\"34732349-e34e-4f41-bcf6-f51e6a4c4ca7\" data-message-model-slug=\"gpt-4o\">\n<div class=\"flex w-full flex-col gap-1 empty:hidden first:pt-[3px]\">\n<div class=\"markdown prose w-full break-words dark:prose-invert light\">\n<h2>V\u00fdhody prevodovky po\u013enohospod\u00e1rskej kosa\u010dky na tr\u00e1vu FMP-140<\/h2>\n<p>Prevodovka pre po\u013enohospod\u00e1rsku kosa\u010dku FMP-140 je \u0161peci\u00e1lne navrhnut\u00e1 na zv\u00fd\u0161enie v\u00fdkonu, \u00fa\u010dinnosti a odolnosti kosa\u010diek na tr\u00e1vu a in\u00fdch po\u013enohospod\u00e1rskych strojov. Tu s\u00fa k\u013e\u00fa\u010dov\u00e9 v\u00fdhody v\u00fdberu prevodovky FMP-140:<\/p>\n<ol>\n<li>V\u00fdnimo\u010dn\u00e1 odolnos\u0165 a dlh\u00e1 \u017eivotnos\u0165:\n<ul>\n<li>Prevodovka FMP-140 je vyroben\u00e1 z vysoko kvalitn\u00fdch materi\u00e1lov a s presn\u00fdm spracovan\u00edm, \u010do zais\u0165uje robustn\u00fa a dlhotrvaj\u00facu prevodovku, ktor\u00e1 zvl\u00e1dne aj n\u00e1ro\u010dn\u00e9 pou\u017e\u00edvanie.<\/li>\n<li>Jeho odoln\u00e1 kon\u0161trukcia odol\u00e1va n\u00e1ro\u010dn\u00fdm podmienkam drsn\u00e9ho po\u013enohospod\u00e1rskeho prostredia, \u010d\u00edm zni\u017euje potrebu \u010dast\u00fdch opr\u00e1v alebo v\u00fdmen.<\/li>\n<\/ul>\n<\/li>\n<li>Zv\u00fd\u0161en\u00e1 prev\u00e1dzkov\u00e1 efektivita:\n<ul>\n<li>Prevodovka je skon\u0161truovan\u00e1 pre maxim\u00e1lnu \u00fa\u010dinnos\u0165 prenosu v\u00fdkonu, \u010d\u00edm sa minimalizuj\u00fa straty energie medzi motorom a rezac\u00edmi no\u017emi.<\/li>\n<li>T\u00e1to \u00fa\u010dinnos\u0165 vedie k lep\u0161ej spotrebe paliva, ni\u017e\u0161\u00edm prev\u00e1dzkov\u00fdm n\u00e1kladom a zlep\u0161en\u00e9mu celkov\u00e9mu v\u00fdkonu, v\u010faka \u010domu je cenovo v\u00fdhodnou vo\u013ebou pre komer\u010dn\u00e9 aj reziden\u010dn\u00e9 aplik\u00e1cie.<\/li>\n<\/ul>\n<\/li>\n<li>V\u0161estrannos\u0165 v r\u00f4znych aplik\u00e1ci\u00e1ch:\n<ul>\n<li>Prevodovka FMP-140 je kompatibiln\u00e1 so \u0161irokou \u0161k\u00e1lou po\u013enohospod\u00e1rskych a tr\u00e1vnikov\u00fdch strojov vr\u00e1tane rota\u010dn\u00fdch kosa\u010diek, krovinorezov a zariaden\u00ed na \u00fadr\u017ebu tr\u00e1vnikov.<\/li>\n<li>Jeho v\u0161estrann\u00fd dizajn umo\u017e\u0148uje jeho pou\u017eitie v r\u00f4znych typoch strojov na kosenie tr\u00e1vnikov a \u00fapravu krajiny, \u010d\u00edm poskytuje flexibiln\u00e9 rie\u0161enie pre rozmanit\u00e9 prev\u00e1dzkov\u00e9 potreby.<\/li>\n<\/ul>\n<\/li>\n<li>Kompaktn\u00fd a \u013eahk\u00fd:\n<ul>\n<li>Napriek svojmu robustn\u00e9mu v\u00fdkonu je FMP-140 navrhnut\u00fd tak, aby bol kompaktn\u00fd a \u013eahk\u00fd, \u010do u\u013eah\u010duje jeho in\u0161tal\u00e1ciu a integr\u00e1ciu do r\u00f4znych syst\u00e9mov.<\/li>\n<li>To zni\u017euje celkov\u00fa hmotnos\u0165 stroja, zlep\u0161uje man\u00e9vrovate\u013enos\u0165 a \u013eah\u0161iu manipul\u00e1ciu po\u010das prev\u00e1dzky.<\/li>\n<\/ul>\n<\/li>\n<li>N\u00edzka \u00fadr\u017eba a jednoduch\u00e1 obsluha:\n<ul>\n<li>Prevodovka FMP-140 je navrhnut\u00e1 s oh\u013eadom na u\u017e\u00edvate\u013esky pr\u00edvetiv\u00fa \u00fadr\u017ebu a pon\u00faka \u013eahko pr\u00edstupn\u00e9 komponenty pre be\u017en\u00fd servis a opravy.<\/li>\n<li>Jeho jednoduch\u00fd dizajn minimalizuje potrebu \u0161pecializovan\u00e9ho n\u00e1radia alebo technick\u00fdch znalost\u00ed, \u010do pom\u00e1ha zni\u017eova\u0165 n\u00e1klady na \u00fadr\u017ebu a prestoje.<\/li>\n<\/ul>\n<\/li>\n<\/ol>\n<p>Prevodovka pre po\u013enohospod\u00e1rsku kosa\u010dku FMP-140 pon\u00faka mno\u017estvo v\u00fdhod, v\u010faka \u010domu je ide\u00e1lnou vo\u013ebou pre ka\u017ed\u00e9ho, kto h\u013ead\u00e1 spo\u013eahliv\u00e9, efekt\u00edvne a odoln\u00e9 rie\u0161enie prevodovky pre kosa\u010dky na tr\u00e1vu a po\u013enohospod\u00e1rske stroje. V\u010faka svojej v\u0161estrannosti, jednoduchej \u00fadr\u017ebe a vynikaj\u00facemu v\u00fdkonu v n\u00e1ro\u010dn\u00fdch podmienkach je FMP-140 navrhnut\u00e1 tak, aby poskytovala vynikaj\u00facu hodnotu a dlhodob\u00fa spo\u013eahlivos\u0165 v ter\u00e9ne.<\/p>\n<p><img loading=\"lazy\" decoding=\"async\" class=\"alignnone  wp-image-1961\" src=\"https:\/\/fmp-components.com\/wp-content\/uploads\/2024\/12\/Lawn-Mower-Gearbox-1.webp\" alt=\"Prevodovka kosa\u010dky na tr\u00e1vu\" width=\"928\" height=\"620\" title=\"\" srcset=\"https:\/\/fmp-components.com\/wp-content\/uploads\/2024\/12\/Lawn-Mower-Gearbox-1.webp 928w, https:\/\/fmp-components.com\/wp-content\/uploads\/2024\/12\/Lawn-Mower-Gearbox-1-480x321.webp 480w\" sizes=\"(min-width: 0px) and (max-width: 480px) 480px, (min-width: 481px) 928px, 100vw\" \/><\/p>\n<\/div>\n<\/div>\n<\/div>\n<\/div>\n<\/div>\n<\/div>\n<\/div>\n<\/div>\n<\/article>\n<h3>Pre\u010do si vybra\u0165 prevodovku FMP-140?<\/h3>\n<p>FMP-140 je navrhnut\u00e1 tak, aby poskytovala vysok\u00fd v\u00fdkon, spo\u013eahlivos\u0165 a jednoduch\u00e9 pou\u017e\u00edvanie. V\u010faka z\u00e1v\u00e4zku spolo\u010dnosti FMP k presn\u00e9mu in\u017einierstvu a kvalite zais\u0165uje prevodovka FMP-140, \u017ee va\u0161a kosa\u010dka na tr\u00e1vu bude fungova\u0165 efekt\u00edvne a \u00fa\u010dinne, a to aj v n\u00e1ro\u010dn\u00fdch podmienkach. \u010ci u\u017e udr\u017eiavate rozsiahle pozemky, komer\u010dn\u00e9 nehnute\u013enosti alebo po\u013enohospod\u00e1rske polia, t\u00e1to prevodovka poskytuje spo\u013eahlivos\u0165 a v\u00fdkon potrebn\u00fd na dosiahnutie vynikaj\u00facich v\u00fdsledkov kosenia.<\/p>\n<p>Pre viac inform\u00e1ci\u00ed alebo ak sa chcete informova\u0165 o mo\u017enostiach na mieru, kontaktujte e\u0161te dnes spolo\u010dnos\u0165 FMP. Sme odhodlan\u00ed poskytova\u0165 najlep\u0161ie rie\u0161enia prisp\u00f4soben\u00e9 va\u0161im \u0161pecifick\u00fdm po\u017eiadavk\u00e1m.<\/p>\n<h3>O FMP<\/h3>\n<p>Spolo\u010dnos\u0165 FMP so s\u00eddlom v Taliansku je renomovan\u00fdm l\u00eddrom v oblasti n\u00e1vrhu, v\u00fdvoja a v\u00fdroby vysokov\u00fdkonn\u00fdch prevodoviek s prim\u00e1rnym zameran\u00edm na sektor po\u013enohospod\u00e1rskych strojov. Spolo\u010dnos\u0165 FMP, zn\u00e1ma svojimi odborn\u00fdmi znalos\u0165ami v oblasti presn\u00e9ho in\u017einierstva, inov\u00e1ci\u00ed a spo\u013eahlivosti, si z\u00edskala reput\u00e1ciu dod\u00e1vate\u013ea vysokokvalitn\u00fdch produktov, ktor\u00e9 sp\u013a\u0148aj\u00fa meniace sa po\u017eiadavky po\u013enohospod\u00e1rskeho a priemyseln\u00e9ho odvetvia. N\u00e1\u0161 rozmanit\u00fd sortiment produktov zah\u0155\u0148a \u0161pecializovan\u00e9 prevodovky pre kosa\u010dky na tr\u00e1vu, v\u00fdvodov\u00e9 hriadele a r\u00f4zne z\u00e1kladn\u00e9 komponenty, pri\u010dom v\u0161etky s\u00fa navrhnut\u00e9 tak, aby poskytovali rie\u0161enia na mieru pre \u0161irok\u00e9 spektrum aplik\u00e1ci\u00ed.<\/p>\n<p>V spolo\u010dnosti FMP si uvedomujeme, \u017ee ka\u017ed\u00fd z\u00e1kazn\u00edk m\u00e1 odli\u0161n\u00e9 potreby. Preto sa \u0161pecializujeme na pon\u00fakanie rie\u0161en\u00ed na mieru \u2013 \u010di u\u017e ide o jednotliv\u00e9 komponenty alebo plne integrovan\u00e9 syst\u00e9my. Uplat\u0148ujeme spolo\u010dn\u00fd pr\u00edstup a \u00fazko spolupracujeme s na\u0161imi klientmi, aby sme zabezpe\u010dili, \u017ee ka\u017ed\u00e9 rie\u0161enie je efekt\u00edvne a \u00fa\u010dinn\u00e9. N\u00e1\u0161 z\u00e1v\u00e4zok k r\u00fdchlym a profesion\u00e1lnym reakci\u00e1m a odborn\u00e9mu vedeniu zaru\u010duje, \u017ee ka\u017ed\u00e1 po\u017eiadavka bude vybaven\u00e1 s presnos\u0165ou a starostlivos\u0165ou.<\/p>\n<p>Kladieme ve\u013ek\u00fd d\u00f4raz na otvoren\u00fa a nepretr\u017eit\u00fa komunik\u00e1ciu, najm\u00e4 pokia\u013e ide o v\u00fdvoj produktov. N\u00e1\u0161 t\u00edm spolupracuje priamo s klientmi, aby plne pochopil ich \u0161pecifick\u00e9 v\u00fdzvy a pon\u00fakal praktick\u00e9 poznatky, ktor\u00e9 ved\u00fa k optim\u00e1lnym rie\u0161eniam. \u010ci u\u017e vyv\u00edjame nov\u00e9 produkty alebo pln\u00edme existuj\u00face objedn\u00e1vky, na\u0161e odhodlanie poskytova\u0165 vysokokvalitn\u00e9, prec\u00edzne navrhnut\u00e9 rie\u0161enia zost\u00e1va neochvejn\u00e9.<\/p>\n<p>Kvalita je z\u00e1kladn\u00fdm kame\u0148om v\u0161etk\u00e9ho, \u010do v spolo\u010dnosti FMP rob\u00edme. Dodr\u017eiavame najvy\u0161\u0161ie \u0161tandardy v\u00fdroby a implementujeme pr\u00edsne procesy kontroly kvality, aby sme zabezpe\u010dili, \u017ee ka\u017ed\u00fd produkt sp\u013a\u0148a alebo prekon\u00e1va o\u010dak\u00e1vania odvetvia. N\u00e1\u0161 ne\u00fanavn\u00fd z\u00e1v\u00e4zok ku kvalite v kombin\u00e1cii s na\u0161imi z\u00e1kladn\u00fdmi hodnotami integrity, t\u00edmovej pr\u00e1ce a vytrvalosti n\u00e1m pomohol budova\u0165 dlhodob\u00e9 vz\u0165ahy so z\u00e1kazn\u00edkmi v takmer 30 krajin\u00e1ch sveta.<\/p>\n<p>Spolo\u010dnos\u0165 FMP je v\u017edy otvoren\u00e1 glob\u00e1lnym partnerstv\u00e1m a venuje sa poskytovaniu odborn\u00e9ho poradenstva a rie\u0161en\u00ed na mieru, ktor\u00e9 sp\u013a\u0148aj\u00fa rozmanit\u00e9 potreby na\u0161ich klientov. Ideme nad r\u00e1mec samotn\u00e9ho dod\u00e1vania produktov \u2013 zameriavame sa na budovanie trval\u00fdch vz\u0165ahov a zabezpe\u010denie \u00faspechu ka\u017ed\u00e9ho projektu. \u010ci u\u017e h\u013ead\u00e1te inovat\u00edvne rie\u0161enia pre nov\u00fa iniciat\u00edvu alebo potrebujete podporu pre existuj\u00faci syst\u00e9m, spolo\u010dnos\u0165 FMP sa zaviazala rie\u0161i\u0165 va\u0161e technick\u00e9 v\u00fdzvy a pom\u00e1ha\u0165 v\u00e1m dosiahnu\u0165 trval\u00fd \u00faspech.<\/p>\n<p><img loading=\"lazy\" decoding=\"async\" class=\"alignnone size-full wp-image-1861\" src=\"https:\/\/fmp-components.com\/wp-content\/uploads\/2024\/12\/Other-Agricultural-Gearboxes.webp\" sizes=\"(min-width: 0px) and (max-width: 480px) 480px, (min-width: 481px) and (max-width: 980px) 980px, (min-width: 981px) 1200px, 100vw\" srcset=\"https:\/\/fmp-components.com\/wp-content\/uploads\/2024\/12\/Other-Agricultural-Gearboxes.webp 1200w, https:\/\/fmp-components.com\/wp-content\/uploads\/2024\/12\/Other-Agricultural-Gearboxes-980x1143.webp 980w, https:\/\/fmp-components.com\/wp-content\/uploads\/2024\/12\/Other-Agricultural-Gearboxes-480x560.webp 480w\" alt=\"Altri-cambi-agricoli\" width=\"1200\" height=\"1400\" title=\"\"><\/p>\n<p>Autor: CX<\/p>\n<p>&nbsp;<\/p>","protected":false},"excerpt":{"rendered":"<p>Agricultural Lawn Mower Gearbox FMP-140 \u2013 Product Introduction The FMP-140 Agricultural Lawn Mower Gearbox is a high-performance, durable gearbox designed specifically for lawn mowers and other agricultural machinery. Engineered by FMP, a leading manufacturer of precision gearboxes, the FMP-140 combines reliability, efficiency, and long-lasting performance to meet the demands of both commercial and residential mowing [&hellip;]<\/p>","protected":false},"featured_media":2041,"comment_status":"open","ping_status":"closed","template":"","meta":{"_et_pb_use_builder":"","_et_pb_old_content":"","_et_gb_content_width":""},"product_brand":[],"product_cat":[52],"product_tag":[],"class_list":{"0":"post-2039","1":"product","2":"type-product","3":"status-publish","4":"has-post-thumbnail","6":"product_cat-lawn-mower-gearbox","8":"first","9":"instock","10":"shipping-taxable","11":"product-type-simple"},"_links":{"self":[{"href":"https:\/\/fmp-components.com\/sk\/wp-json\/wp\/v2\/product\/2039","targetHints":{"allow":["GET"]}}],"collection":[{"href":"https:\/\/fmp-components.com\/sk\/wp-json\/wp\/v2\/product"}],"about":[{"href":"https:\/\/fmp-components.com\/sk\/wp-json\/wp\/v2\/types\/product"}],"replies":[{"embeddable":true,"href":"https:\/\/fmp-components.com\/sk\/wp-json\/wp\/v2\/comments?post=2039"}],"wp:featuredmedia":[{"embeddable":true,"href":"https:\/\/fmp-components.com\/sk\/wp-json\/wp\/v2\/media\/2041"}],"wp:attachment":[{"href":"https:\/\/fmp-components.com\/sk\/wp-json\/wp\/v2\/media?parent=2039"}],"wp:term":[{"taxonomy":"product_brand","embeddable":true,"href":"https:\/\/fmp-components.com\/sk\/wp-json\/wp\/v2\/product_brand?post=2039"},{"taxonomy":"product_cat","embeddable":true,"href":"https:\/\/fmp-components.com\/sk\/wp-json\/wp\/v2\/product_cat?post=2039"},{"taxonomy":"product_tag","embeddable":true,"href":"https:\/\/fmp-components.com\/sk\/wp-json\/wp\/v2\/product_tag?post=2039"}],"curies":[{"name":"pracovn\u00fd list","href":"https:\/\/api.w.org\/{rel}","templated":true}]}}