{"id":2031,"date":"2024-12-27T01:51:37","date_gmt":"2024-12-27T01:51:37","guid":{"rendered":"https:\/\/fmp-components.com\/?page_id=8"},"modified":"2024-12-27T01:51:37","modified_gmt":"2024-12-27T01:51:37","slug":"agricultural-lawn-mower-gearbox-fmp-rc81","status":"publish","type":"product","link":"https:\/\/fmp-components.com\/sk\/product\/agricultural-lawn-mower-gearbox-fmp-rc81\/","title":{"rendered":"Prevodovka pre po\u013enohospod\u00e1rsku kosa\u010dku FMP-RC81"},"content":{"rendered":"<h2>\u0160pecifik\u00e1cia prevodovky po\u013enohospod\u00e1rskej kosa\u010dky FMP-RC81<\/h2>\n<table style=\"width: 96.2203%; height: 596px;\" border=\"1\" width=\"100%\" cellspacing=\"0\" cellpadding=\"0\">\n<tbody>\n<tr>\n<td width=\"110\"><img loading=\"lazy\" decoding=\"async\" class=\"alignnone size-full wp-image-2033\" src=\"https:\/\/fmp-components.com\/wp-content\/uploads\/2024\/12\/fmp_agricultural-gearbox-HC-RC81-2.webp\" alt=\"fmp_po\u013enohospod\u00e1rska-prevodovka-HC-RC81-2\" width=\"399\" height=\"518\" title=\"\" srcset=\"https:\/\/fmp-components.com\/wp-content\/uploads\/2024\/12\/fmp_agricultural-gearbox-HC-RC81-2.webp 399w, https:\/\/fmp-components.com\/wp-content\/uploads\/2024\/12\/fmp_agricultural-gearbox-HC-RC81-2-231x300.webp 231w, https:\/\/fmp-components.com\/wp-content\/uploads\/2024\/12\/fmp_agricultural-gearbox-HC-RC81-2-9x12.webp 9w\" sizes=\"(max-width: 399px) 100vw, 399px\" \/><\/td>\n<td width=\"98\"><img loading=\"lazy\" decoding=\"async\" class=\"alignnone size-full wp-image-2034\" src=\"https:\/\/fmp-components.com\/wp-content\/uploads\/2024\/12\/fmp_agricultural-gearbox-HC-RC81.webp\" alt=\"fmp_po\u013enohospod\u00e1rska-prevodovka-HC-RC81-2\" width=\"400\" height=\"400\" title=\"\" srcset=\"https:\/\/fmp-components.com\/wp-content\/uploads\/2024\/12\/fmp_agricultural-gearbox-HC-RC81.webp 400w, https:\/\/fmp-components.com\/wp-content\/uploads\/2024\/12\/fmp_agricultural-gearbox-HC-RC81-300x300.webp 300w, https:\/\/fmp-components.com\/wp-content\/uploads\/2024\/12\/fmp_agricultural-gearbox-HC-RC81-150x150.webp 150w, https:\/\/fmp-components.com\/wp-content\/uploads\/2024\/12\/fmp_agricultural-gearbox-HC-RC81-12x12.webp 12w, https:\/\/fmp-components.com\/wp-content\/uploads\/2024\/12\/fmp_agricultural-gearbox-HC-RC81-100x100.webp 100w\" sizes=\"(max-width: 400px) 100vw, 400px\" \/><\/td>\n<\/tr>\n<\/tbody>\n<\/table>\n<table style=\"width: 95.6387%; height: 235px;\" border=\"1\">\n<tbody>\n<tr>\n<td><strong>POLO\u017dKA<\/strong><\/td>\n<td>FMP-RC81<\/td>\n<\/tr>\n<tr>\n<td><strong>Pomer<\/strong><\/td>\n<td>1:1.93\/1:1.46<\/td>\n<\/tr>\n<tr>\n<td><strong>Zuby<\/strong><\/td>\n<td>27\/14 19\/13<\/td>\n<\/tr>\n<tr>\n<td><strong>Modul<\/strong><\/td>\n<td>5.5 \/ 7.0<\/td>\n<\/tr>\n<tr>\n<td><strong>V\u00fdkon (HP)<\/strong><\/td>\n<td>80<\/td>\n<\/tr>\n<tr>\n<td><strong>Menovit\u00fd vstup<\/strong><\/td>\n<td>600 ot.\/min.<\/td>\n<\/tr>\n<tr>\n<td><strong>Popis vstupu\/v\u00fdstupu<\/strong><\/td>\n<td>1-3\/8 Z6 Ku\u017ee\u013eov\u00e1 dr\u00e1\u017eka<\/td>\n<\/tr>\n<tr>\n<td><strong>Hmotnos\u0165 (NW)<\/strong><\/td>\n<td>28,7 kg<\/td>\n<\/tr>\n<\/tbody>\n<\/table>\n<h3>Vlastnosti prevodovky po\u013enohospod\u00e1rskej kosa\u010dky na tr\u00e1vu FMP-RC81<\/h3>\n<p>Prevodovka pre po\u013enohospod\u00e1rsku kosa\u010dku FMP-RC81 je vysokov\u00fdkonn\u00e1 a odoln\u00e1 prevodovka navrhnut\u00e1 tak, aby poskytovala v\u00fdnimo\u010dn\u00fa spo\u013eahlivos\u0165, \u00fa\u010dinnos\u0165 a odolnos\u0165 pri n\u00e1ro\u010dn\u00fdch aplik\u00e1ci\u00e1ch kosenia tr\u00e1vnika. Je skon\u0161truovan\u00e1 tak, aby zvl\u00e1dla tie naj\u0165a\u017e\u0161ie podmienky a poskytovala dlhotrvaj\u00faci servis. Medzi k\u013e\u00fa\u010dov\u00e9 vlastnosti FMP-RC81 patria:<\/p>\n<ol>\n<li><strong>Odoln\u00e1 kon\u0161trukcia<\/strong><br \/>\nKosa\u010dka FMP-RC81 je vyroben\u00e1 z robustn\u00fdch, vysokopevnostn\u00fdch materi\u00e1lov, ktor\u00e9 odol\u00e1vaj\u00fa vysok\u00e9mu nam\u00e1haniu spojen\u00e9mu s kosen\u00edm po\u013enohospod\u00e1rskych tr\u00e1vnikov. Jej robustn\u00e1 kon\u0161trukcia zais\u0165uje vynikaj\u00faci v\u00fdkon v n\u00e1ro\u010dn\u00fdch prostrediach, od hustej tr\u00e1vy a\u017e po nerovn\u00fd ter\u00e9n.<\/li>\n<li><strong>Vysok\u00fd kr\u00fatiaci moment<\/strong><br \/>\nV\u010faka vynikaj\u00facej schopnosti zvl\u00e1da\u0165 kr\u00fatiaci moment je kosa\u010dka FMP-RC81 ide\u00e1lna pre aplik\u00e1cie s vysok\u00fdm za\u0165a\u017een\u00edm. Zais\u0165uje efekt\u00edvny prenos v\u00fdkonu aj v t\u00fdch najn\u00e1ro\u010dnej\u0161\u00edch podmienkach, \u010do umo\u017e\u0148uje kosa\u010dke dosahova\u0165 najlep\u0161\u00ed v\u00fdkon, a to aj v hustej tr\u00e1ve alebo na svahovitom ter\u00e9ne.<\/li>\n<li><strong>Presne obr\u00e1ban\u00e9 ozuben\u00e9 koles\u00e1<\/strong><br \/>\nV\u010faka prec\u00edzne navrhnut\u00fdm prevodom zais\u0165uje FMP-RC81 plynul\u00fd a efekt\u00edvny prenos v\u00fdkonu s minim\u00e1lnymi vibr\u00e1ciami. T\u00e1to presnos\u0165 zni\u017euje opotrebenie, \u010d\u00edm predl\u017euje \u017eivotnos\u0165 a zni\u017euje n\u00e1klady na \u00fadr\u017ebu.<\/li>\n<li><strong>Optimalizovan\u00e1 energetick\u00e1 \u00fa\u010dinnos\u0165<\/strong><br \/>\nKosa\u010dka FMP-RC81 sa vyzna\u010duje optimalizovanou kon\u0161trukciou prevodovky, ktor\u00e1 minimalizuje straty v\u00fdkonu a zvy\u0161uje celkov\u00fa \u00fa\u010dinnos\u0165 kosa\u010dky. To zni\u017euje za\u0165a\u017eenie motora, zlep\u0161uje spotrebu paliva a zabezpe\u010duje efekt\u00edvne vyu\u017eitie v\u00fdkonu na kosenie.<\/li>\n<li><strong>Kompaktn\u00fd a \u013eahk\u00fd<\/strong><br \/>\nNapriek svojim robustn\u00fdm vlastnostiam je FMP-RC81 navrhnut\u00fd tak, aby bol kompaktn\u00fd a \u013eahk\u00fd. V\u010faka tomu sa \u013eahko integruje do r\u00f4znych syst\u00e9mov kosa\u010diek na tr\u00e1vu bez pridania nadbyto\u010dnej hmotnosti, \u010do prispieva k lep\u0161ej man\u00e9vrovate\u013enosti a zn\u00ed\u017eeniu za\u0165a\u017eenia zariadenia.<\/li>\n<li><strong>N\u00edzko\u00fadr\u017ebov\u00fd dizajn<\/strong><br \/>\nPrevodovka FMP-RC81 je navrhnut\u00e1 tak, aby vy\u017eadovala minim\u00e1lnu \u00fadr\u017ebu, so samomazac\u00edmi komponentmi, ktor\u00e9 zni\u017euj\u00fa potrebu \u010dast\u00e9ho servisu. T\u00e1to kon\u0161trukcia zais\u0165uje nepretr\u017eit\u00fa prev\u00e1dzku so zn\u00ed\u017een\u00fdmi prestojmi a n\u00e1kladmi na \u00fadr\u017ebu.<\/li>\n<li><strong>V\u0161estrann\u00fd a prisp\u00f4sobiv\u00fd<\/strong><br \/>\nFMP-RC81 je vysoko v\u0161estrann\u00e1 a kompatibiln\u00e1 so \u0161irokou \u0161k\u00e1lou kosa\u010diek na tr\u00e1vu pou\u017e\u00edvan\u00fdch v po\u013enohospod\u00e1rstve a krajin\u00e1rstve. D\u00e1 sa prisp\u00f4sobi\u0165 \u0161pecifick\u00fdm po\u017eiadavk\u00e1m, \u010d\u00edm sa zabezpe\u010d\u00ed optim\u00e1lny v\u00fdkon v r\u00f4znych konfigur\u00e1ci\u00e1ch kosa\u010diek.<\/li>\n<\/ol>\n<p>Prevodovka pre po\u013enohospod\u00e1rsku kosa\u010dku FMP-RC81 kombinuje pevnos\u0165, \u00fa\u010dinnos\u0165 a spo\u013eahlivos\u0165, v\u010faka \u010domu je vynikaj\u00facou vo\u013ebou pre po\u013enohospod\u00e1rske a priemyseln\u00e9 kosenie. Je navrhnut\u00e1 tak, aby zvl\u00e1dala \u0165a\u017ek\u00e9 bremen\u00e1, zn\u00ed\u017eila n\u00e1roky na \u00fadr\u017ebu a poskytovala plynul\u00fd prenos v\u00fdkonu, a je skon\u0161truovan\u00e1 tak, aby maximalizovala prev\u00e1dzkov\u00fa efektivitu a minimalizovala prestoje.<\/p>\n<p><img loading=\"lazy\" decoding=\"async\" class=\"alignnone size-full wp-image-1994\" src=\"https:\/\/fmp-components.com\/wp-content\/uploads\/2024\/12\/Lawn-Mower-Gearbox-7.webp\" alt=\"Prevodovka kosa\u010dky na tr\u00e1vu\" width=\"1502\" height=\"805\" title=\"\" srcset=\"https:\/\/fmp-components.com\/wp-content\/uploads\/2024\/12\/Lawn-Mower-Gearbox-7.webp 1502w, https:\/\/fmp-components.com\/wp-content\/uploads\/2024\/12\/Lawn-Mower-Gearbox-7-1280x686.webp 1280w, https:\/\/fmp-components.com\/wp-content\/uploads\/2024\/12\/Lawn-Mower-Gearbox-7-980x525.webp 980w, https:\/\/fmp-components.com\/wp-content\/uploads\/2024\/12\/Lawn-Mower-Gearbox-7-480x257.webp 480w\" sizes=\"(min-width: 0px) and (max-width: 480px) 480px, (min-width: 481px) and (max-width: 980px) 980px, (min-width: 981px) and (max-width: 1280px) 1280px, (min-width: 1281px) 1502px, 100vw\" \/><\/p>\n<h3>O FMP<\/h3>\n<p>Spolo\u010dnos\u0165 FMP so s\u00eddlom v Taliansku je popredn\u00fdm v\u00fdrobcom \u0161pecializuj\u00facim sa na vysokov\u00fdkonn\u00e9 prevodovky pre po\u013enohospod\u00e1rske stroje. Zn\u00e1ma prec\u00edznym in\u017einierstvom, inov\u00e1ciami a spo\u013eahlivos\u0165ou, pon\u00fakame \u0161irok\u00fd sortiment prevodoviek vr\u00e1tane prevodoviek kosa\u010diek na tr\u00e1vu a z\u00e1kladn\u00fdch komponentov, ako s\u00fa v\u00fdvodov\u00e9 hriadele. Na\u0161\u00edm poslan\u00edm je poskytova\u0165 rie\u0161enia na mieru, ktor\u00e9 sp\u013a\u0148aj\u00fa \u0161pecifick\u00e9 potreby po\u013enohospod\u00e1rskeho a priemyseln\u00e9ho sektora, \u010di u\u017e prostredn\u00edctvom jednotliv\u00fdch produktov alebo integrovan\u00fdch syst\u00e9mov.<\/p>\n<p>Ch\u00e1peme, \u017ee ka\u017ed\u00fd z\u00e1kazn\u00edk m\u00e1 jedine\u010dn\u00e9 po\u017eiadavky, a preto vynik\u00e1me v prisp\u00f4sobovan\u00ed na\u0161ich produktov t\u00fdmto potreb\u00e1m. \u010ci u\u017e potrebujete \u0161pecializovan\u00fa prevodovku alebo kompletn\u00fd syst\u00e9m, \u00fazko s vami spolupracujeme, aby sme v\u00e1m poskytli najefekt\u00edvnej\u0161ie a najefekt\u00edvnej\u0161ie rie\u0161enia. Na\u0161e r\u00fdchle a profesion\u00e1lne reakcie v kombin\u00e1cii s odborn\u00fdm poradenstvom zabezpe\u010duj\u00fa, \u017ee ka\u017ed\u00e1 po\u017eiadavka bude vybaven\u00e1 s opatrnos\u0165ou a presnos\u0165ou.<\/p>\n<p>V spolo\u010dnosti FMP uprednost\u0148ujeme otvoren\u00fa komunik\u00e1ciu a spolupr\u00e1cu, najm\u00e4 pri v\u00fdvoji nov\u00fdch produktov. N\u00e1\u0161 t\u00edm spolupracuje so z\u00e1kazn\u00edkmi, aby pochopil ich v\u00fdzvy a poskytol im poznatky, ktor\u00e9 ved\u00fa k optim\u00e1lnym rie\u0161eniam. Zaviazali sme sa dod\u00e1va\u0165 vysokokvalitn\u00e9, prec\u00edzne skon\u0161truovan\u00e9 produkty v\u010das, \u010di u\u017e ide o nov\u00e9 v\u00fdvojov\u00e9 projekty alebo existuj\u00face objedn\u00e1vky.<\/p>\n<p>Kvalita je jadrom \u010dinnosti spolo\u010dnosti FMP. Na\u0161e v\u00fdrobn\u00e9 procesy sp\u013a\u0148aj\u00fa najvy\u0161\u0161ie \u0161tandardy, \u010do zabezpe\u010duje presnos\u0165 a nulov\u00e9 chyby. Pr\u00edsna kontrola kvality zaru\u010duje, \u017ee ka\u017ed\u00fd v\u00fdrobok sp\u013a\u0148a alebo prekra\u010duje priemyseln\u00e9 \u0161tandardy. Tento z\u00e1v\u00e4zok ku kvalite v spojen\u00ed s na\u0161imi z\u00e1kladn\u00fdmi hodnotami integrity, t\u00edmovej pr\u00e1ce a vytrvalosti n\u00e1m umo\u017enil vybudova\u0165 si siln\u00e9 vz\u0165ahy so z\u00e1kazn\u00edkmi v takmer 30 krajin\u00e1ch.<\/p>\n<p>Spolo\u010dnos\u0165 FMP je v\u017edy otvoren\u00e1 glob\u00e1lnym partnerstv\u00e1m a pon\u00faka odborn\u00e9 poradenstvo a rie\u0161enia na mieru. N\u00e1\u0161 pr\u00edstup ide nad r\u00e1mec jednoduch\u00e9ho dod\u00e1vania produktov; na\u0161\u00edm cie\u013eom je budova\u0165 dlhodob\u00e9 vz\u0165ahy, ktor\u00e9 ved\u00fa k vz\u00e1jomn\u00e9mu \u00faspechu. \u010ci u\u017e potrebujete nov\u00e9 rie\u0161enia alebo podporu pre existuj\u00face syst\u00e9my, spolo\u010dnos\u0165 FMP sa venuje rie\u0161eniu va\u0161ich technick\u00fdch v\u00fdziev a zabezpe\u010duje trval\u00fd \u00faspech.<\/p>\n<p><img loading=\"lazy\" decoding=\"async\" class=\"alignnone size-full wp-image-1861\" src=\"https:\/\/fmp-components.com\/wp-content\/uploads\/2024\/12\/Other-Agricultural-Gearboxes.webp\" sizes=\"(min-width: 0px) and (max-width: 480px) 480px, (min-width: 481px) and (max-width: 980px) 980px, (min-width: 981px) 1200px, 100vw\" srcset=\"https:\/\/fmp-components.com\/wp-content\/uploads\/2024\/12\/Other-Agricultural-Gearboxes.webp 1200w, https:\/\/fmp-components.com\/wp-content\/uploads\/2024\/12\/Other-Agricultural-Gearboxes-980x1143.webp 980w, https:\/\/fmp-components.com\/wp-content\/uploads\/2024\/12\/Other-Agricultural-Gearboxes-480x560.webp 480w\" alt=\"Altri-cambi-agricoli\" width=\"1200\" height=\"1400\" title=\"\"><\/p>\n<p>Autor: CX<\/p>","protected":false},"excerpt":{"rendered":"<p>Agricultural Lawn Mower Gearbox FMP-RC81 Specification ITEM FMP-RC81 Ratio 1:1.93\/1:1.46 Teeth 27\/14 19\/13 Module 5.5 \/ 7.0 Power(HP) 80 Rated Input 600rpm Input\/Output Description 1-3\/8 Z6 Taper spline Weight(N.W) 28.7KG Features of Agricultural Lawn Mower Gearbox FMP-RC81 The FMP-RC81 Agricultural Lawn Mower Gearbox is a high-performance, heavy-duty gearbox designed to deliver exceptional reliability, efficiency, and [&hellip;]<\/p>","protected":false},"featured_media":2034,"comment_status":"open","ping_status":"closed","template":"","meta":{"_et_pb_use_builder":"","_et_pb_old_content":"","_et_gb_content_width":""},"product_brand":[],"product_cat":[52],"product_tag":[],"class_list":{"0":"post-2031","1":"product","2":"type-product","3":"status-publish","4":"has-post-thumbnail","6":"product_cat-lawn-mower-gearbox","8":"first","9":"instock","10":"shipping-taxable","11":"product-type-simple"},"_links":{"self":[{"href":"https:\/\/fmp-components.com\/sk\/wp-json\/wp\/v2\/product\/2031","targetHints":{"allow":["GET"]}}],"collection":[{"href":"https:\/\/fmp-components.com\/sk\/wp-json\/wp\/v2\/product"}],"about":[{"href":"https:\/\/fmp-components.com\/sk\/wp-json\/wp\/v2\/types\/product"}],"replies":[{"embeddable":true,"href":"https:\/\/fmp-components.com\/sk\/wp-json\/wp\/v2\/comments?post=2031"}],"wp:featuredmedia":[{"embeddable":true,"href":"https:\/\/fmp-components.com\/sk\/wp-json\/wp\/v2\/media\/2034"}],"wp:attachment":[{"href":"https:\/\/fmp-components.com\/sk\/wp-json\/wp\/v2\/media?parent=2031"}],"wp:term":[{"taxonomy":"product_brand","embeddable":true,"href":"https:\/\/fmp-components.com\/sk\/wp-json\/wp\/v2\/product_brand?post=2031"},{"taxonomy":"product_cat","embeddable":true,"href":"https:\/\/fmp-components.com\/sk\/wp-json\/wp\/v2\/product_cat?post=2031"},{"taxonomy":"product_tag","embeddable":true,"href":"https:\/\/fmp-components.com\/sk\/wp-json\/wp\/v2\/product_tag?post=2031"}],"curies":[{"name":"pracovn\u00fd list","href":"https:\/\/api.w.org\/{rel}","templated":true}]}}