{"id":2028,"date":"2024-12-27T01:47:24","date_gmt":"2024-12-27T01:47:24","guid":{"rendered":"https:\/\/fmp-components.com\/?page_id=8"},"modified":"2024-12-27T01:47:24","modified_gmt":"2024-12-27T01:47:24","slug":"agricultural-lawn-mower-gearbox-fmp-rc61","status":"publish","type":"product","link":"https:\/\/fmp-components.com\/sk\/product\/agricultural-lawn-mower-gearbox-fmp-rc61\/","title":{"rendered":"Prevodovka pre po\u013enohospod\u00e1rsku kosa\u010dku FMP-RC61"},"content":{"rendered":"<h2>\u0160pecifik\u00e1cia prevodovky po\u013enohospod\u00e1rskej kosa\u010dky FMP-RC61<\/h2>\n<table style=\"width: 96.2203%; height: 596px;\" border=\"1\" width=\"100%\" cellspacing=\"0\" cellpadding=\"0\">\n<tbody>\n<tr>\n<td width=\"110\"><img loading=\"lazy\" decoding=\"async\" class=\"alignnone size-full wp-image-2029\" src=\"https:\/\/fmp-components.com\/wp-content\/uploads\/2024\/12\/fmp_agricultural-gearbox-HC-RC61-2.webp\" alt=\"fmp_po\u013enohospod\u00e1rska-prevodovka-HC-RC61-2\" width=\"470\" height=\"564\" title=\"\" srcset=\"https:\/\/fmp-components.com\/wp-content\/uploads\/2024\/12\/fmp_agricultural-gearbox-HC-RC61-2.webp 470w, https:\/\/fmp-components.com\/wp-content\/uploads\/2024\/12\/fmp_agricultural-gearbox-HC-RC61-2-250x300.webp 250w, https:\/\/fmp-components.com\/wp-content\/uploads\/2024\/12\/fmp_agricultural-gearbox-HC-RC61-2-10x12.webp 10w\" sizes=\"(max-width: 470px) 100vw, 470px\" \/><\/td>\n<td width=\"98\"><img loading=\"lazy\" decoding=\"async\" class=\"alignnone size-full wp-image-2030\" src=\"https:\/\/fmp-components.com\/wp-content\/uploads\/2024\/12\/fmp_agricultural-gearbox-HC-RC61.webp\" alt=\"fmp_po\u013enohospod\u00e1rska-prevodovka-HC-RC61-2\" width=\"400\" height=\"400\" title=\"\" srcset=\"https:\/\/fmp-components.com\/wp-content\/uploads\/2024\/12\/fmp_agricultural-gearbox-HC-RC61.webp 400w, https:\/\/fmp-components.com\/wp-content\/uploads\/2024\/12\/fmp_agricultural-gearbox-HC-RC61-300x300.webp 300w, https:\/\/fmp-components.com\/wp-content\/uploads\/2024\/12\/fmp_agricultural-gearbox-HC-RC61-150x150.webp 150w, https:\/\/fmp-components.com\/wp-content\/uploads\/2024\/12\/fmp_agricultural-gearbox-HC-RC61-12x12.webp 12w, https:\/\/fmp-components.com\/wp-content\/uploads\/2024\/12\/fmp_agricultural-gearbox-HC-RC61-100x100.webp 100w\" sizes=\"(max-width: 400px) 100vw, 400px\" \/><\/td>\n<\/tr>\n<\/tbody>\n<\/table>\n<table style=\"width: 96.4817%; height: 184px;\" border=\"1\">\n<tbody>\n<tr style=\"height: 23px;\">\n<td style=\"width: 39.6789%; height: 23px;\"><strong>POLO\u017dKA<\/strong><\/td>\n<td style=\"width: 62.0413%; height: 23px;\">FMP-RC61<\/td>\n<\/tr>\n<tr style=\"height: 23px;\">\n<td style=\"width: 39.6789%; height: 23px;\"><strong>Pomer<\/strong><\/td>\n<td style=\"width: 62.0413%; height: 23px;\">1:1.46\/1:1.93<\/td>\n<\/tr>\n<tr style=\"height: 23px;\">\n<td style=\"width: 39.6789%; height: 23px;\"><strong>Zuby<\/strong><\/td>\n<td style=\"width: 62.0413%; height: 23px;\">19\/13 27\/14<\/td>\n<\/tr>\n<tr style=\"height: 23px;\">\n<td style=\"width: 39.6789%; height: 23px;\"><strong>Modul<\/strong><\/td>\n<td style=\"width: 62.0413%; height: 23px;\">\u00a07.0\u00a0\/5.5<\/td>\n<\/tr>\n<tr style=\"height: 23px;\">\n<td style=\"width: 39.6789%; height: 23px;\"><strong>V\u00fdkon (HP)<\/strong><\/td>\n<td style=\"width: 62.0413%; height: 23px;\">60<\/td>\n<\/tr>\n<tr style=\"height: 23px;\">\n<td style=\"width: 39.6789%; height: 23px;\"><strong>Menovit\u00fd vstup<\/strong><\/td>\n<td style=\"width: 62.0413%; height: 23px;\">540 ot.\/min.<\/td>\n<\/tr>\n<tr style=\"height: 23px;\">\n<td style=\"width: 39.6789%; height: 23px;\"><strong>Popis vstupu\/v\u00fdstupu<\/strong><\/td>\n<td style=\"width: 62.0413%; height: 23px;\">1-3\/8 Z6 Ku\u017ee\u013eov\u00e1 dr\u00e1\u017eka<\/td>\n<\/tr>\n<tr style=\"height: 23px;\">\n<td style=\"width: 39.6789%; height: 23px;\"><strong>Hmotnos\u0165 (NW)<\/strong><\/td>\n<td style=\"width: 62.0413%; height: 23px;\">36,5 kg<\/td>\n<\/tr>\n<\/tbody>\n<\/table>\n<h2>Vlastnosti prevodovky po\u013enohospod\u00e1rskej kosa\u010dky na tr\u00e1vu FMP-RC61<\/h2>\n<p>Prevodovka pre po\u013enohospod\u00e1rsku kosa\u010dku FMP-RC61 je navrhnut\u00e1 tak, aby poskytovala vynikaj\u00faci v\u00fdkon, odolnos\u0165 a spo\u013eahlivos\u0165 v n\u00e1ro\u010dn\u00fdch po\u013enohospod\u00e1rskych prostrediach. Je ur\u010den\u00e1 pre n\u00e1ro\u010dn\u00e9 aplik\u00e1cie a poskytuje vynikaj\u00facu \u00fa\u010dinnos\u0165 a dlh\u00fa \u017eivotnos\u0165. Medzi k\u013e\u00fa\u010dov\u00e9 vlastnosti FMP-RC61 patria:<\/p>\n<ol>\n<li><strong>\u0164a\u017ek\u00e1 kon\u0161trukcia<\/strong><br \/>\nKosa\u010dka FMP-RC61 je vyroben\u00e1 z vysokopevnostn\u00fdch materi\u00e1lov, aby zvl\u00e1dla n\u00e1ro\u010dn\u00e9 po\u017eiadavky kosenia po\u013enohospod\u00e1rskych tr\u00e1vnikov. Jej robustn\u00e1 kon\u0161trukcia zais\u0165uje spo\u013eahlivos\u0165 aj v n\u00e1ro\u010dn\u00fdch pracovn\u00fdch podmienkach.<\/li>\n<li><strong>Vysok\u00fd kr\u00fatiaci moment a nosnos\u0165<\/strong><br \/>\nPrevodovka FMP-RC61 je schopn\u00e1 zvl\u00e1dnu\u0165 vy\u0161\u0161ie kr\u00fatiace momenty a vynik\u00e1 v n\u00e1ro\u010dn\u00fdch aplik\u00e1ci\u00e1ch, pri\u010dom zabezpe\u010duje efekt\u00edvny prenos v\u00fdkonu na no\u017ee kosa\u010dky, a to aj v hustej tr\u00e1ve a n\u00e1ro\u010dnom ter\u00e9ne.<\/li>\n<li><strong>Dizajn presn\u00fdch ozuben\u00fdch kolies<\/strong><br \/>\nV\u010faka prec\u00edzne navrhnut\u00fdm prevodom zais\u0165uje prevodovka FMP-RC61 plynul\u00fd a konzistentn\u00fd prenos v\u00fdkonu. T\u00e1to presnos\u0165 zni\u017euje opotrebenie, minimalizuje vibr\u00e1cie a predl\u017euje \u017eivotnos\u0165 prevodovky.<\/li>\n<li><strong>Zv\u00fd\u0161en\u00e1 energetick\u00e1 \u00fa\u010dinnos\u0165<\/strong><br \/>\nKosa\u010dka FMP-RC61 je navrhnut\u00e1 pre maxim\u00e1lnu \u00fa\u010dinnos\u0165 a minimalizuje straty energie po\u010das prenosu v\u00fdkonu. Efekt\u00edvna kon\u0161trukcia zvy\u0161uje spotrebu paliva, zni\u017euje za\u0165a\u017eenie motora a zais\u0165uje optim\u00e1lny v\u00fdkon kosenia.<\/li>\n<li><strong>Kompaktn\u00fd a priestorovo \u00fasporn\u00fd<\/strong><br \/>\nNapriek svojim odoln\u00fdm vlastnostiam je FMP-RC61 navrhnut\u00fd s kompaktnou, priestorovo \u00faspornou kon\u0161trukciou, ktor\u00e1 umo\u017e\u0148uje jednoduch\u00fa integr\u00e1ciu do r\u00f4znych syst\u00e9mov kosa\u010diek na tr\u00e1vu bez kompromisov vo v\u00fdkone.<\/li>\n<li><strong>N\u00edzke n\u00e1roky na \u00fadr\u017ebu<\/strong><br \/>\nFMP-RC61 je navrhnut\u00fd pre minim\u00e1lnu \u00fadr\u017ebu, je vybaven\u00fd samomazac\u00edmi komponentmi a odoln\u00fdmi tesneniami, ktor\u00e9 zni\u017euj\u00fa potrebu \u010dast\u00e9ho servisu a zabezpe\u010duj\u00fa nepretr\u017eit\u00fa prev\u00e1dzku s minim\u00e1lnymi prestojmi.<\/li>\n<li><strong>V\u0161estrann\u00e1 kompatibilita<\/strong><br \/>\nFMP-RC61 je kompatibiln\u00fd so \u0161irokou \u0161k\u00e1lou po\u013enohospod\u00e1rskych kosa\u010diek na tr\u00e1vu, \u010do pon\u00faka v\u0161estrannos\u0165 pre r\u00f4zne aplik\u00e1cie. D\u00e1 sa prisp\u00f4sobi\u0165 \u0161pecifick\u00fdm konfigur\u00e1ci\u00e1m strojov a potreb\u00e1m z\u00e1kazn\u00edka.<\/li>\n<\/ol>\n<p>Prevodovka pre po\u013enohospod\u00e1rsku kosa\u010dku FMP-RC61 je vysoko v\u00fdkonn\u00e9, spo\u013eahliv\u00e9 a odoln\u00e9 rie\u0161enie, navrhnut\u00e9 tak, aby poskytovalo vynikaj\u00face v\u00fdsledky v n\u00e1ro\u010dn\u00fdch po\u013enohospod\u00e1rskych a priemyseln\u00fdch aplik\u00e1ci\u00e1ch kosenia. Jej inovat\u00edvne funkcie zabezpe\u010duj\u00fa optim\u00e1lnu \u00fa\u010dinnos\u0165, dlh\u00fa \u017eivotnos\u0165 a n\u00edzke prev\u00e1dzkov\u00e9 n\u00e1klady.<\/p>\n<p><img loading=\"lazy\" decoding=\"async\" class=\"alignnone size-full wp-image-1994\" src=\"https:\/\/fmp-components.com\/wp-content\/uploads\/2024\/12\/Lawn-Mower-Gearbox-7.webp\" alt=\"Prevodovka kosa\u010dky na tr\u00e1vu\" width=\"1502\" height=\"805\" title=\"\" srcset=\"https:\/\/fmp-components.com\/wp-content\/uploads\/2024\/12\/Lawn-Mower-Gearbox-7.webp 1502w, https:\/\/fmp-components.com\/wp-content\/uploads\/2024\/12\/Lawn-Mower-Gearbox-7-1280x686.webp 1280w, https:\/\/fmp-components.com\/wp-content\/uploads\/2024\/12\/Lawn-Mower-Gearbox-7-980x525.webp 980w, https:\/\/fmp-components.com\/wp-content\/uploads\/2024\/12\/Lawn-Mower-Gearbox-7-480x257.webp 480w\" sizes=\"(min-width: 0px) and (max-width: 480px) 480px, (min-width: 481px) and (max-width: 980px) 980px, (min-width: 981px) and (max-width: 1280px) 1280px, (min-width: 1281px) 1502px, 100vw\" \/><\/p>\n<h3>O FMP<\/h3>\n<p>Spolo\u010dnos\u0165 FMP so s\u00eddlom v Taliansku je popredn\u00fd v\u00fdrobca zn\u00e1my svojimi vysokov\u00fdkonn\u00fdmi prevodovkami ur\u010den\u00fdmi pre po\u013enohospod\u00e1rske stroje. V\u010faka silnej reput\u00e1cii v oblasti presn\u00e9ho in\u017einierstva, inov\u00e1ci\u00ed a spo\u013eahlivosti poskytujeme komplexn\u00fd sortiment prevodoviek vr\u00e1tane \u0161pecializovan\u00fdch prevodoviek pre kosa\u010dky na tr\u00e1vu a kritick\u00fdch komponentov, ako s\u00fa v\u00fdvodov\u00e9 hriadele. Na\u0161\u00edm cie\u013eom je dod\u00e1va\u0165 rie\u0161enia na mieru, ktor\u00e9 dokonale zodpovedaj\u00fa jedine\u010dn\u00fdm po\u017eiadavk\u00e1m po\u013enohospod\u00e1rskeho a priemyseln\u00e9ho sektora, \u010di u\u017e ako samostatn\u00e9 produkty alebo integrovan\u00e9 syst\u00e9my.<\/p>\n<p>Ch\u00e1peme, \u017ee potreby ka\u017ed\u00e9ho z\u00e1kazn\u00edka s\u00fa jedine\u010dn\u00e9, a preto sa \u0161pecializujeme na prisp\u00f4sobenie na\u0161ich produktov t\u00fdmto \u0161pecifick\u00fdm po\u017eiadavk\u00e1m. \u010ci u\u017e h\u013ead\u00e1te prevodovku na mieru alebo kompletn\u00fd syst\u00e9m, \u00fazko s vami spolupracujeme na v\u00fdvoji efekt\u00edvnych a \u00fa\u010dinn\u00fdch rie\u0161en\u00ed. Na\u0161e r\u00fdchle a profesion\u00e1lne reakcie a odborn\u00e9 poradenstvo zabezpe\u010duj\u00fa, \u017ee ka\u017ed\u00e1 po\u017eiadavka bude spracovan\u00e1 s maxim\u00e1lnou starostlivos\u0165ou a presnos\u0165ou.<\/p>\n<p>V spolo\u010dnosti FMP kladieme ve\u013ek\u00fd d\u00f4raz na transparentn\u00fa komunik\u00e1ciu a spolupr\u00e1cu, najm\u00e4 pri navrhovan\u00ed a v\u00fdvoji nov\u00fdch produktov. Spolupracujeme s na\u0161imi klientmi, aby sme z\u00edskali hlbok\u00e9 pochopenie ich v\u00fdziev a pon\u00fakame im poznatky, ktor\u00e9 ved\u00fa k optim\u00e1lnym a inovat\u00edvnym rie\u0161eniam. N\u00e1\u0161 z\u00e1v\u00e4zok dod\u00e1va\u0165 vysokokvalitn\u00e9, prec\u00edzne skon\u0161truovan\u00e9 produkty v\u010das a v s\u00falade s o\u010dak\u00e1vaniami z\u00e1kazn\u00edkov je \u00fastredn\u00fdm prvkom v\u0161etk\u00e9ho, \u010do rob\u00edme.<\/p>\n<p>Kvalita je z\u00e1kladn\u00fdm kame\u0148om prev\u00e1dzky spolo\u010dnosti FMP. Na\u0161e v\u00fdrobn\u00e9 procesy sa riadia najvy\u0161\u0161\u00edmi \u0161tandardmi, \u010do zabezpe\u010duje bezchybn\u00e9 prevedenie a nulov\u00e9 chyby. Pr\u00edsna kontrola kvality zabezpe\u010duje, \u017ee ka\u017ed\u00fd v\u00fdrobok sp\u013a\u0148a alebo prekon\u00e1va priemyseln\u00e9 \u0161tandardy. Toto neochvejn\u00e9 odhodlanie ku kvalite spolu s na\u0161imi z\u00e1kladn\u00fdmi hodnotami integrity, t\u00edmovej pr\u00e1ce a vytrvalosti n\u00e1m pomohlo vybudova\u0165 si trval\u00e9 vz\u0165ahy s klientmi vo viac ako 30 krajin\u00e1ch.<\/p>\n<p>Spolo\u010dnos\u0165 FMP je v\u017edy otvoren\u00e1 vytv\u00e1raniu glob\u00e1lnych partnerstiev, poskytovaniu odborn\u00fdch konzult\u00e1ci\u00ed a personalizovan\u00fdch rie\u0161en\u00ed. N\u00e1\u0161 pr\u00edstup nie je len o dod\u00e1van\u00ed produktov, ale o budovan\u00ed dlhodob\u00fdch partnerstiev, ktor\u00e9 ved\u00fa k spolo\u010dn\u00e9mu \u00faspechu. \u010ci u\u017e h\u013ead\u00e1te inovat\u00edvne rie\u0161enia alebo priebe\u017en\u00fa podporu pre existuj\u00face syst\u00e9my, spolo\u010dnos\u0165 FMP sa zaviazala rie\u0161i\u0165 va\u0161e technick\u00e9 v\u00fdzvy a zabezpe\u010di\u0165 v\u00e1\u0161 trval\u00fd \u00faspech.<\/p>\n<p><img loading=\"lazy\" decoding=\"async\" class=\"alignnone size-full wp-image-1861\" src=\"https:\/\/fmp-components.com\/wp-content\/uploads\/2024\/12\/Other-Agricultural-Gearboxes.webp\" sizes=\"(min-width: 0px) and (max-width: 480px) 480px, (min-width: 481px) and (max-width: 980px) 980px, (min-width: 981px) 1200px, 100vw\" srcset=\"https:\/\/fmp-components.com\/wp-content\/uploads\/2024\/12\/Other-Agricultural-Gearboxes.webp 1200w, https:\/\/fmp-components.com\/wp-content\/uploads\/2024\/12\/Other-Agricultural-Gearboxes-980x1143.webp 980w, https:\/\/fmp-components.com\/wp-content\/uploads\/2024\/12\/Other-Agricultural-Gearboxes-480x560.webp 480w\" alt=\"Altri-cambi-agricoli\" width=\"1200\" height=\"1400\" title=\"\"><\/p>\n<p>Autor: CX<\/p>","protected":false},"excerpt":{"rendered":"<p>Agricultural Lawn Mower Gearbox FMP-RC61 Specification ITEM FMP-RC61 Ratio 1:1.46\/1:1.93 Teeth 19\/13 27\/14 Module \u00a07.0\u00a0\/5.5 Power(HP) 60 Rated Input 540rpm Input\/Output Description 1-3\/8 Z6 Taper spline Weight(N.W) 36.5KG Features of Agricultural Lawn Mower Gearbox FMP-RC61 The FMP-RC61 Agricultural Lawn Mower Gearbox is engineered to provide outstanding performance, durability, and reliability in demanding agricultural environments. Designed [&hellip;]<\/p>","protected":false},"featured_media":2030,"comment_status":"open","ping_status":"closed","template":"","meta":{"_et_pb_use_builder":"","_et_pb_old_content":"","_et_gb_content_width":""},"product_brand":[],"product_cat":[52],"product_tag":[],"class_list":{"0":"post-2028","1":"product","2":"type-product","3":"status-publish","4":"has-post-thumbnail","6":"product_cat-lawn-mower-gearbox","8":"first","9":"instock","10":"shipping-taxable","11":"product-type-simple"},"_links":{"self":[{"href":"https:\/\/fmp-components.com\/sk\/wp-json\/wp\/v2\/product\/2028","targetHints":{"allow":["GET"]}}],"collection":[{"href":"https:\/\/fmp-components.com\/sk\/wp-json\/wp\/v2\/product"}],"about":[{"href":"https:\/\/fmp-components.com\/sk\/wp-json\/wp\/v2\/types\/product"}],"replies":[{"embeddable":true,"href":"https:\/\/fmp-components.com\/sk\/wp-json\/wp\/v2\/comments?post=2028"}],"wp:featuredmedia":[{"embeddable":true,"href":"https:\/\/fmp-components.com\/sk\/wp-json\/wp\/v2\/media\/2030"}],"wp:attachment":[{"href":"https:\/\/fmp-components.com\/sk\/wp-json\/wp\/v2\/media?parent=2028"}],"wp:term":[{"taxonomy":"product_brand","embeddable":true,"href":"https:\/\/fmp-components.com\/sk\/wp-json\/wp\/v2\/product_brand?post=2028"},{"taxonomy":"product_cat","embeddable":true,"href":"https:\/\/fmp-components.com\/sk\/wp-json\/wp\/v2\/product_cat?post=2028"},{"taxonomy":"product_tag","embeddable":true,"href":"https:\/\/fmp-components.com\/sk\/wp-json\/wp\/v2\/product_tag?post=2028"}],"curies":[{"name":"pracovn\u00fd list","href":"https:\/\/api.w.org\/{rel}","templated":true}]}}