{"id":2021,"date":"2024-12-27T01:29:14","date_gmt":"2024-12-27T01:29:14","guid":{"rendered":"https:\/\/fmp-components.com\/?page_id=8"},"modified":"2024-12-27T01:42:20","modified_gmt":"2024-12-27T01:42:20","slug":"agricultural-lawn-mower-gearbox-fmp-rc51","status":"publish","type":"product","link":"https:\/\/fmp-components.com\/sk\/product\/agricultural-lawn-mower-gearbox-fmp-rc51\/","title":{"rendered":"Prevodovka pre po\u013enohospod\u00e1rsku kosa\u010dku FMP-RC51"},"content":{"rendered":"<h2>\u0160pecifik\u00e1cia<\/h2>\n<table style=\"width: 96.2203%; height: 596px;\" border=\"1\" width=\"100%\" cellspacing=\"0\" cellpadding=\"0\">\n<tbody>\n<tr>\n<td width=\"110\"><img loading=\"lazy\" decoding=\"async\" class=\"alignnone size-full wp-image-2025\" src=\"https:\/\/fmp-components.com\/wp-content\/uploads\/2024\/12\/fmp_agricultural-gearbox-HC-RC51-2.webp\" alt=\"fmp_po\u013enohospod\u00e1rska-prevodovka-HC-RC51-2\" width=\"404\" height=\"547\" title=\"\" srcset=\"https:\/\/fmp-components.com\/wp-content\/uploads\/2024\/12\/fmp_agricultural-gearbox-HC-RC51-2.webp 404w, https:\/\/fmp-components.com\/wp-content\/uploads\/2024\/12\/fmp_agricultural-gearbox-HC-RC51-2-222x300.webp 222w, https:\/\/fmp-components.com\/wp-content\/uploads\/2024\/12\/fmp_agricultural-gearbox-HC-RC51-2-9x12.webp 9w\" sizes=\"(max-width: 404px) 100vw, 404px\" \/><\/td>\n<td width=\"98\"><img loading=\"lazy\" decoding=\"async\" class=\"alignnone size-full wp-image-2026\" src=\"https:\/\/fmp-components.com\/wp-content\/uploads\/2024\/12\/fmp_agricultural-gearbox-HC-RC51.webp\" alt=\"fmp_po\u013enohospod\u00e1rska-prevodovka-HC-RC51-2\" width=\"400\" height=\"400\" title=\"\" srcset=\"https:\/\/fmp-components.com\/wp-content\/uploads\/2024\/12\/fmp_agricultural-gearbox-HC-RC51.webp 400w, https:\/\/fmp-components.com\/wp-content\/uploads\/2024\/12\/fmp_agricultural-gearbox-HC-RC51-300x300.webp 300w, https:\/\/fmp-components.com\/wp-content\/uploads\/2024\/12\/fmp_agricultural-gearbox-HC-RC51-150x150.webp 150w, https:\/\/fmp-components.com\/wp-content\/uploads\/2024\/12\/fmp_agricultural-gearbox-HC-RC51-12x12.webp 12w, https:\/\/fmp-components.com\/wp-content\/uploads\/2024\/12\/fmp_agricultural-gearbox-HC-RC51-100x100.webp 100w\" sizes=\"(max-width: 400px) 100vw, 400px\" \/><\/td>\n<\/tr>\n<\/tbody>\n<\/table>\n<p>&nbsp;<\/p>\n<table style=\"width: 100.19%; height: 241px;\" border=\"1\">\n<tbody>\n<tr>\n<td style=\"width: 36.3538%;\"><strong>POLO\u017dKA<\/strong><\/td>\n<td style=\"width: 62.9989%;\">FMP-rc51<\/td>\n<\/tr>\n<tr>\n<td style=\"width: 36.3538%;\"><strong>Pomer<\/strong><\/td>\n<td style=\"width: 62.9989%;\">1:1.47\/1:1.93<\/td>\n<\/tr>\n<tr>\n<td style=\"width: 36.3538%;\"><strong>Zuby<\/strong><\/td>\n<td style=\"width: 62.9989%;\">22\/15 29\/15<\/td>\n<\/tr>\n<tr>\n<td style=\"width: 36.3538%;\"><strong>Modul<\/strong><\/td>\n<td style=\"width: 62.9989%;\">\u00a05.08 \/4.0<\/td>\n<\/tr>\n<tr>\n<td style=\"width: 36.3538%;\"><strong>V\u00fdkon (HP)<\/strong><\/td>\n<td style=\"width: 62.9989%;\">30<\/td>\n<\/tr>\n<tr>\n<td style=\"width: 36.3538%;\"><strong>Menovit\u00fd vstup<\/strong><\/td>\n<td style=\"width: 62.9989%;\">540 ot.\/min.<\/td>\n<\/tr>\n<tr>\n<td style=\"width: 36.3538%;\"><strong>Popis vstupu\/v\u00fdstupu<\/strong><\/td>\n<td style=\"width: 62.9989%;\">\u00a0Dr\u00e1\u017ekovanie \/ ku\u017ee\u013eov\u00e9 dr\u00e1\u017ekovanie<\/td>\n<\/tr>\n<tr>\n<td style=\"width: 36.3538%;\"><strong>Hmotnos\u0165 (NW)<\/strong><\/td>\n<td style=\"width: 62.9989%;\">29 kg<\/td>\n<\/tr>\n<\/tbody>\n<\/table>\n<h2>Vlastnosti prevodovky po\u013enohospod\u00e1rskej kosa\u010dky na tr\u00e1vu FMP-RC51<\/h2>\n<p>Prevodovka pre po\u013enohospod\u00e1rsku kosa\u010dku FMP-RC51 je navrhnut\u00e1 pre vysok\u00fd v\u00fdkon, spo\u013eahlivos\u0165 a odolnos\u0165, v\u010faka \u010domu je ide\u00e1lnym rie\u0161en\u00edm pre kosenie tr\u00e1vnikov. Medzi k\u013e\u00fa\u010dov\u00e9 vlastnosti FMP-RC51 patria:<\/p>\n<ol>\n<li><strong>Robustn\u00fd dizajn<\/strong><br \/>\nPrevodovka FMP-RC51 je vyroben\u00e1 z vysoko kvalitn\u00fdch materi\u00e1lov a pon\u00faka v\u00fdnimo\u010dn\u00fa pevnos\u0165 a odolnos\u0165, \u010do zaru\u010duje, \u017ee odol\u00e1 aj n\u00e1ro\u010dn\u00fdm po\u017eiadavk\u00e1m po\u013enohospod\u00e1rskeho prostredia.<\/li>\n<li><strong>Presn\u00e9 in\u017einierstvo<\/strong><br \/>\nPrevodovka FMP-RC51 sa vyzna\u010duje presn\u00fdm obr\u00e1ban\u00edm, ktor\u00e9 zais\u0165uje plynul\u00fd chod a optim\u00e1lny prenos v\u00fdkonu. T\u00e1to kon\u0161trukcia minimalizuje opotrebenie, \u010d\u00edm sa zvy\u0161uje \u017eivotnos\u0165 a \u00fa\u010dinnos\u0165 prevodovky.<\/li>\n<li><strong>Vysok\u00fd kr\u00fatiaci moment<\/strong><br \/>\nFMP-RC51, navrhnut\u00fd tak, aby zvl\u00e1dal vysok\u00e9 kr\u00fatiace momenty, poskytuje vynikaj\u00faci v\u00fdkon v n\u00e1ro\u010dn\u00fdch podmienkach kosenia a zais\u0165uje spo\u013eahliv\u00fa prev\u00e1dzku aj v n\u00e1ro\u010dnom ter\u00e9ne.<\/li>\n<li><strong>Efekt\u00edvny prenos v\u00fdkonu<\/strong><br \/>\nV\u010faka vysoko\u00fa\u010dinnej kon\u0161trukcii prevodovky zais\u0165uje FMP-RC51 minim\u00e1lne straty energie a maxim\u00e1lny v\u00fdkon. To umo\u017e\u0148uje plynul\u00fa prev\u00e1dzku, zni\u017euje za\u0165a\u017eenie motora a zvy\u0161uje spotrebu paliva.<\/li>\n<li><strong>Kompaktn\u00fd a \u013eahk\u00fd<\/strong><br \/>\nPrevodovka je navrhnut\u00e1 s kompaktnou a \u013eahkou kon\u0161trukciou, v\u010faka \u010domu sa \u013eahko in\u0161taluje a integruje do r\u00f4znych syst\u00e9mov kosa\u010diek na tr\u00e1vu bez zbyto\u010dn\u00e9ho prid\u00e1vania hmotnosti.<\/li>\n<li><strong>N\u00edzka \u00fadr\u017eba<\/strong><br \/>\nPrevodovka FMP-RC51 je navrhnut\u00e1 pre nen\u00e1ro\u010dn\u00fa \u00fadr\u017ebu a je vybaven\u00e1 samomazac\u00edmi komponentmi, ktor\u00e9 zni\u017euj\u00fa potrebu \u010dast\u00e9ho servisu, zvy\u0161uj\u00fa produktivitu a minimalizuj\u00fa prestoje.<\/li>\n<li><strong>V\u0161estrann\u00e1 kompatibilita<\/strong><br \/>\nFMP-RC51 je kompatibiln\u00e1 so \u0161irokou \u0161k\u00e1lou kosa\u010diek na tr\u00e1vu, v\u010faka \u010domu je v\u0161estrannou vo\u013ebou pre r\u00f4zne aplik\u00e1cie v po\u013enohospod\u00e1rskom sektore. D\u00e1 sa \u013eahko prisp\u00f4sobi\u0165 \u0161pecifick\u00fdm po\u017eiadavk\u00e1m strojov.<\/li>\n<\/ol>\n<p>V\u010faka t\u00fdmto vlastnostiam je prevodovka pre po\u013enohospod\u00e1rsku kosa\u010dku FMP-RC51 spo\u013eahlivou, efekt\u00edvnou a odolnou vo\u013ebou pre po\u013enohospod\u00e1rske stroje, ktor\u00e1 poskytuje v\u00fdnimo\u010dn\u00fd v\u00fdkon a dlh\u00fa \u017eivotnos\u0165 pri kosen\u00ed tr\u00e1vnika.<\/p>\n<div class=\"flex-shrink-0 flex flex-col relative items-end\">\n<div>\n<div class=\"pt-0\">\n<div class=\"gizmo-bot-avatar flex h-8 w-8 items-center justify-center overflow-hidden rounded-full\">\n<div class=\"relative p-1 rounded-sm flex items-center justify-center bg-token-main-surface-primary text-token-text-primary h-8 w-8\"><img loading=\"lazy\" decoding=\"async\" class=\"alignnone size-full wp-image-1994\" src=\"https:\/\/fmp-components.com\/wp-content\/uploads\/2024\/12\/Lawn-Mower-Gearbox-7.webp\" alt=\"Prevodovka kosa\u010dky na tr\u00e1vu\" width=\"1502\" height=\"805\" title=\"\" srcset=\"https:\/\/fmp-components.com\/wp-content\/uploads\/2024\/12\/Lawn-Mower-Gearbox-7.webp 1502w, https:\/\/fmp-components.com\/wp-content\/uploads\/2024\/12\/Lawn-Mower-Gearbox-7-1280x686.webp 1280w, https:\/\/fmp-components.com\/wp-content\/uploads\/2024\/12\/Lawn-Mower-Gearbox-7-980x525.webp 980w, https:\/\/fmp-components.com\/wp-content\/uploads\/2024\/12\/Lawn-Mower-Gearbox-7-480x257.webp 480w\" sizes=\"(min-width: 0px) and (max-width: 480px) 480px, (min-width: 481px) and (max-width: 980px) 980px, (min-width: 981px) and (max-width: 1280px) 1280px, (min-width: 1281px) 1502px, 100vw\" \/><\/div>\n<\/div>\n<\/div>\n<\/div>\n<\/div>\n<div class=\"group\/conversation-turn relative flex w-full min-w-0 flex-col agent-turn\">\n<div class=\"flex-col gap-1 md:gap-3\">\n<div class=\"flex max-w-full flex-col flex-grow\">\n<div class=\"min-h-8 text-message flex w-full flex-col items-end gap-2 whitespace-normal break-words text-start [.text-message+&amp;]:mt-5\" dir=\"auto\" data-message-author-role=\"assistant\" data-message-id=\"f83c79da-cb0c-4da0-823f-20067c852903\" data-message-model-slug=\"gpt-4o\">\n<div class=\"flex w-full flex-col gap-1 empty:hidden first:pt-[3px]\">\n<div class=\"markdown prose w-full break-words dark:prose-invert light\">\n<h3>O FMP<\/h3>\n<p>Spolo\u010dnos\u0165 FMP so s\u00eddlom v Taliansku je popredn\u00fd v\u00fdrobca zn\u00e1my svojimi vysokov\u00fdkonn\u00fdmi prevodovkami ur\u010den\u00fdmi pre po\u013enohospod\u00e1rske stroje. V\u010faka silnej reput\u00e1cii v oblasti presn\u00e9ho in\u017einierstva, inov\u00e1ci\u00ed a spo\u013eahlivosti poskytujeme komplexn\u00fd sortiment prevodoviek vr\u00e1tane \u0161pecializovan\u00fdch prevodoviek pre kosa\u010dky na tr\u00e1vu a kritick\u00fdch komponentov, ako s\u00fa v\u00fdvodov\u00e9 hriadele. Na\u0161\u00edm cie\u013eom je dod\u00e1va\u0165 rie\u0161enia na mieru, ktor\u00e9 dokonale zodpovedaj\u00fa jedine\u010dn\u00fdm po\u017eiadavk\u00e1m po\u013enohospod\u00e1rskeho a priemyseln\u00e9ho sektora, \u010di u\u017e ako samostatn\u00e9 produkty alebo integrovan\u00e9 syst\u00e9my.<\/p>\n<p>Ch\u00e1peme, \u017ee potreby ka\u017ed\u00e9ho z\u00e1kazn\u00edka s\u00fa jedine\u010dn\u00e9, a preto sa \u0161pecializujeme na prisp\u00f4sobenie na\u0161ich produktov t\u00fdmto \u0161pecifick\u00fdm po\u017eiadavk\u00e1m. \u010ci u\u017e h\u013ead\u00e1te prevodovku na mieru alebo kompletn\u00fd syst\u00e9m, \u00fazko s vami spolupracujeme na v\u00fdvoji efekt\u00edvnych a \u00fa\u010dinn\u00fdch rie\u0161en\u00ed. Na\u0161e r\u00fdchle a profesion\u00e1lne reakcie a odborn\u00e9 poradenstvo zabezpe\u010duj\u00fa, \u017ee ka\u017ed\u00e1 po\u017eiadavka bude spracovan\u00e1 s maxim\u00e1lnou starostlivos\u0165ou a presnos\u0165ou.<\/p>\n<p>V spolo\u010dnosti FMP kladieme ve\u013ek\u00fd d\u00f4raz na transparentn\u00fa komunik\u00e1ciu a spolupr\u00e1cu, najm\u00e4 pri navrhovan\u00ed a v\u00fdvoji nov\u00fdch produktov. Spolupracujeme s na\u0161imi klientmi, aby sme z\u00edskali hlbok\u00e9 pochopenie ich v\u00fdziev a pon\u00fakame im poznatky, ktor\u00e9 ved\u00fa k optim\u00e1lnym a inovat\u00edvnym rie\u0161eniam. N\u00e1\u0161 z\u00e1v\u00e4zok dod\u00e1va\u0165 vysokokvalitn\u00e9, prec\u00edzne skon\u0161truovan\u00e9 produkty v\u010das a v s\u00falade s o\u010dak\u00e1vaniami z\u00e1kazn\u00edkov je \u00fastredn\u00fdm prvkom v\u0161etk\u00e9ho, \u010do rob\u00edme.<\/p>\n<p>Kvalita je z\u00e1kladn\u00fdm kame\u0148om prev\u00e1dzky spolo\u010dnosti FMP. Na\u0161e v\u00fdrobn\u00e9 procesy sa riadia najvy\u0161\u0161\u00edmi \u0161tandardmi, \u010do zabezpe\u010duje bezchybn\u00e9 prevedenie a nulov\u00e9 chyby. Pr\u00edsna kontrola kvality zabezpe\u010duje, \u017ee ka\u017ed\u00fd v\u00fdrobok sp\u013a\u0148a alebo prekon\u00e1va priemyseln\u00e9 \u0161tandardy. Toto neochvejn\u00e9 odhodlanie ku kvalite spolu s na\u0161imi z\u00e1kladn\u00fdmi hodnotami integrity, t\u00edmovej pr\u00e1ce a vytrvalosti n\u00e1m pomohlo vybudova\u0165 si trval\u00e9 vz\u0165ahy s klientmi vo viac ako 30 krajin\u00e1ch.<\/p>\n<p>Spolo\u010dnos\u0165 FMP je v\u017edy otvoren\u00e1 vytv\u00e1raniu glob\u00e1lnych partnerstiev, poskytovaniu odborn\u00fdch konzult\u00e1ci\u00ed a personalizovan\u00fdch rie\u0161en\u00ed. N\u00e1\u0161 pr\u00edstup nie je len o dod\u00e1van\u00ed produktov, ale o budovan\u00ed dlhodob\u00fdch partnerstiev, ktor\u00e9 ved\u00fa k spolo\u010dn\u00e9mu \u00faspechu. \u010ci u\u017e h\u013ead\u00e1te inovat\u00edvne rie\u0161enia alebo priebe\u017en\u00fa podporu pre existuj\u00face syst\u00e9my, spolo\u010dnos\u0165 FMP sa zaviazala rie\u0161i\u0165 va\u0161e technick\u00e9 v\u00fdzvy a zabezpe\u010di\u0165 v\u00e1\u0161 trval\u00fd \u00faspech.<\/p>\n<\/div>\n<\/div>\n<\/div>\n<\/div>\n<\/div>\n<\/div>\n<p><img loading=\"lazy\" decoding=\"async\" class=\"alignnone size-full wp-image-1861\" src=\"https:\/\/fmp-components.com\/wp-content\/uploads\/2024\/12\/Other-Agricultural-Gearboxes.webp\" sizes=\"(min-width: 0px) and (max-width: 480px) 480px, (min-width: 481px) and (max-width: 980px) 980px, (min-width: 981px) 1200px, 100vw\" srcset=\"https:\/\/fmp-components.com\/wp-content\/uploads\/2024\/12\/Other-Agricultural-Gearboxes.webp 1200w, https:\/\/fmp-components.com\/wp-content\/uploads\/2024\/12\/Other-Agricultural-Gearboxes-980x1143.webp 980w, https:\/\/fmp-components.com\/wp-content\/uploads\/2024\/12\/Other-Agricultural-Gearboxes-480x560.webp 480w\" alt=\"Altri-cambi-agricoli\" width=\"1200\" height=\"1400\" title=\"\"><\/p>\n<p>Autor: CX<\/p>","protected":false},"excerpt":{"rendered":"<p>Specification &nbsp; ITEM FMP-rc51 Ratio 1:1.47\/1:1.93 Teeth 22\/15 29\/15 Module \u00a05.08 \/4.0 Power(HP) 30 Rated Input 540rpm Input\/Output Description \u00a0Spline \/Taper spline Weight(N.W) 29KG Features of Agricultural Lawn Mower Gearbox FMP-RC51 The FMP-RC51 Agricultural Lawn Mower Gearbox is designed for high performance, reliability, and durability, making it the ideal solution for lawn mowing applications. Key [&hellip;]<\/p>","protected":false},"featured_media":2026,"comment_status":"open","ping_status":"closed","template":"","meta":{"_et_pb_use_builder":"","_et_pb_old_content":"","_et_gb_content_width":""},"product_brand":[],"product_cat":[52],"product_tag":[],"class_list":{"0":"post-2021","1":"product","2":"type-product","3":"status-publish","4":"has-post-thumbnail","6":"product_cat-lawn-mower-gearbox","8":"first","9":"instock","10":"shipping-taxable","11":"product-type-simple"},"_links":{"self":[{"href":"https:\/\/fmp-components.com\/sk\/wp-json\/wp\/v2\/product\/2021","targetHints":{"allow":["GET"]}}],"collection":[{"href":"https:\/\/fmp-components.com\/sk\/wp-json\/wp\/v2\/product"}],"about":[{"href":"https:\/\/fmp-components.com\/sk\/wp-json\/wp\/v2\/types\/product"}],"replies":[{"embeddable":true,"href":"https:\/\/fmp-components.com\/sk\/wp-json\/wp\/v2\/comments?post=2021"}],"wp:featuredmedia":[{"embeddable":true,"href":"https:\/\/fmp-components.com\/sk\/wp-json\/wp\/v2\/media\/2026"}],"wp:attachment":[{"href":"https:\/\/fmp-components.com\/sk\/wp-json\/wp\/v2\/media?parent=2021"}],"wp:term":[{"taxonomy":"product_brand","embeddable":true,"href":"https:\/\/fmp-components.com\/sk\/wp-json\/wp\/v2\/product_brand?post=2021"},{"taxonomy":"product_cat","embeddable":true,"href":"https:\/\/fmp-components.com\/sk\/wp-json\/wp\/v2\/product_cat?post=2021"},{"taxonomy":"product_tag","embeddable":true,"href":"https:\/\/fmp-components.com\/sk\/wp-json\/wp\/v2\/product_tag?post=2021"}],"curies":[{"name":"pracovn\u00fd list","href":"https:\/\/api.w.org\/{rel}","templated":true}]}}